{"id":9476,"date":"2017-12-29T07:26:45","date_gmt":"2017-12-29T07:28:52","guid":{"rendered":"https:\/\/www.simasa.com\/?post_type=product&#038;p=9476"},"modified":"2017-12-29T07:28:52","modified_gmt":"2017-12-29T07:28:52","slug":"producto-prueba-carlos-idento-francais-no-tocar","status":"publish","type":"product","link":"https:\/\/www.simasa.com\/fr\/producto\/producto-prueba-carlos-idento-francais-no-tocar\/","title":{"rendered":"Producto de prueba de Carlos Idento  Fran\u00e7ais (No tocar)"},"content":{"rendered":"<p>Este es el producto en fran\u00e7ais<\/p>\n","protected":false},"excerpt":{"rendered":"<p>Este es el producto en fran\u00e7ais<\/p>\n","protected":false},"featured_media":9383,"comment_status":"open","ping_status":"closed","template":"","meta":{"_acf_changed":false},"product_brand":[],"product_cat":[3687],"product_tag":[],"class_list":{"0":"post-9476","1":"product","2":"type-product","3":"status-publish","4":"has-post-thumbnail","6":"product_cat-pas-de-categorie","8":"first","9":"instock","10":"shipping-taxable","11":"product-type-simple"},"acf":[],"yoast_head":"<!-- This site is optimized with the Yoast SEO plugin v27.2 - https:\/\/yoast.com\/product\/yoast-seo-wordpress\/ -->\n<title>- Producto de prueba de Carlos Idento Fran\u00e7ais (No tocar) | Sima<\/title>\n<meta name=\"description\" content=\"Producto de prueba de Carlos Idento Fran\u00e7ais (No tocar). Este es el producto en fran\u00e7ais\" \/>\n<meta name=\"robots\" content=\"noindex, follow\" \/>\n<meta property=\"og:locale\" content=\"fr_FR\" \/>\n<meta property=\"og:type\" content=\"article\" \/>\n<meta property=\"og:title\" content=\"- Producto de prueba de Carlos Idento Fran\u00e7ais (No tocar) | Sima\" \/>\n<meta property=\"og:description\" content=\"Producto de prueba de Carlos Idento Fran\u00e7ais (No tocar). Este es el producto en fran\u00e7ais\" \/>\n<meta property=\"og:url\" content=\"https:\/\/www.simasa.com\/fr\/producto\/producto-prueba-carlos-idento-francais-no-tocar\/\" \/>\n<meta property=\"og:site_name\" content=\"Sima\" \/>\n<meta property=\"og:image\" content=\"https:\/\/www.simasa.com\/wp-content\/uploads\/2017\/12\/Fachada_1800.jpg\" \/>\n\t<meta property=\"og:image:width\" content=\"800\" \/>\n\t<meta property=\"og:image:height\" content=\"343\" \/>\n\t<meta property=\"og:image:type\" content=\"image\/jpeg\" \/>\n<meta name=\"twitter:card\" content=\"summary_large_image\" \/>\n<script type=\"application\/ld+json\" class=\"yoast-schema-graph\">{\"@context\":\"https:\/\/schema.org\",\"@graph\":[{\"@type\":\"WebPage\",\"@id\":\"https:\/\/www.simasa.com\/fr\/producto\/producto-prueba-carlos-idento-francais-no-tocar\/\",\"url\":\"https:\/\/www.simasa.com\/fr\/producto\/producto-prueba-carlos-idento-francais-no-tocar\/\",\"name\":\"- Producto de prueba de Carlos Idento Fran\u00e7ais (No tocar) | Sima\",\"isPartOf\":{\"@id\":\"https:\/\/www.simasa.com\/fr\/#website\"},\"primaryImageOfPage\":{\"@id\":\"https:\/\/www.simasa.com\/fr\/producto\/producto-prueba-carlos-idento-francais-no-tocar\/#primaryimage\"},\"image\":{\"@id\":\"https:\/\/www.simasa.com\/fr\/producto\/producto-prueba-carlos-idento-francais-no-tocar\/#primaryimage\"},\"thumbnailUrl\":\"https:\/\/www.simasa.com\/wp-content\/uploads\/2017\/12\/Fachada_1800.jpg\",\"datePublished\":\"2017-12-29T07:28:52+00:00\",\"description\":\"Producto de prueba de Carlos Idento Fran\u00e7ais (No tocar). Este es el producto en fran\u00e7ais\",\"breadcrumb\":{\"@id\":\"https:\/\/www.simasa.com\/fr\/producto\/producto-prueba-carlos-idento-francais-no-tocar\/#breadcrumb\"},\"inLanguage\":\"fr-FR\",\"potentialAction\":[{\"@type\":\"ReadAction\",\"target\":[\"https:\/\/www.simasa.com\/fr\/producto\/producto-prueba-carlos-idento-francais-no-tocar\/\"]}]},{\"@type\":\"ImageObject\",\"inLanguage\":\"fr-FR\",\"@id\":\"https:\/\/www.simasa.com\/fr\/producto\/producto-prueba-carlos-idento-francais-no-tocar\/#primaryimage\",\"url\":\"https:\/\/www.simasa.com\/wp-content\/uploads\/2017\/12\/Fachada_1800.jpg\",\"contentUrl\":\"https:\/\/www.simasa.com\/wp-content\/uploads\/2017\/12\/Fachada_1800.jpg\",\"width\":800,\"height\":343},{\"@type\":\"BreadcrumbList\",\"@id\":\"https:\/\/www.simasa.com\/fr\/producto\/producto-prueba-carlos-idento-francais-no-tocar\/#breadcrumb\",\"itemListElement\":[{\"@type\":\"ListItem\",\"position\":1,\"name\":\"Inicio\",\"item\":\"https:\/\/www.simasa.com\/fr\/\"},{\"@type\":\"ListItem\",\"position\":2,\"name\":\"Catalogue\",\"item\":\"https:\/\/www.simasa.com\/cat-sima\/\"},{\"@type\":\"ListItem\",\"position\":3,\"name\":\"Producto de prueba de Carlos Idento Fran\u00e7ais (No tocar)\"}]},{\"@type\":\"WebSite\",\"@id\":\"https:\/\/www.simasa.com\/fr\/#website\",\"url\":\"https:\/\/www.simasa.com\/fr\/\",\"name\":\"Sima\",\"description\":\"Fabricantes de maquinaria para la construcci\u00f3n\",\"publisher\":{\"@id\":\"https:\/\/www.simasa.com\/fr\/#organization\"},\"potentialAction\":[{\"@type\":\"SearchAction\",\"target\":{\"@type\":\"EntryPoint\",\"urlTemplate\":\"https:\/\/www.simasa.com\/fr\/?s={search_term_string}\"},\"query-input\":{\"@type\":\"PropertyValueSpecification\",\"valueRequired\":true,\"valueName\":\"search_term_string\"}}],\"inLanguage\":\"fr-FR\"},{\"@type\":\"Organization\",\"@id\":\"https:\/\/www.simasa.com\/fr\/#organization\",\"name\":\"Sima\",\"url\":\"https:\/\/www.simasa.com\/fr\/\",\"logo\":{\"@type\":\"ImageObject\",\"inLanguage\":\"fr-FR\",\"@id\":\"https:\/\/www.simasa.com\/fr\/#\/schema\/logo\/image\/\",\"url\":\"https:\/\/www.simasa.com\/wp-content\/uploads\/2016\/03\/logo-1.jpg\",\"contentUrl\":\"https:\/\/www.simasa.com\/wp-content\/uploads\/2016\/03\/logo-1.jpg\",\"width\":121,\"height\":54,\"caption\":\"Sima\"},\"image\":{\"@id\":\"https:\/\/www.simasa.com\/fr\/#\/schema\/logo\/image\/\"}}]}<\/script>\n<!-- \/ Yoast SEO plugin. -->","yoast_head_json":{"title":"- Producto de prueba de Carlos Idento Fran\u00e7ais (No tocar) | Sima","description":"Producto de prueba de Carlos Idento Fran\u00e7ais (No tocar). Este es el producto en fran\u00e7ais","robots":{"index":"noindex","follow":"follow"},"og_locale":"fr_FR","og_type":"article","og_title":"- Producto de prueba de Carlos Idento Fran\u00e7ais (No tocar) | Sima","og_description":"Producto de prueba de Carlos Idento Fran\u00e7ais (No tocar). Este es el producto en fran\u00e7ais","og_url":"https:\/\/www.simasa.com\/fr\/producto\/producto-prueba-carlos-idento-francais-no-tocar\/","og_site_name":"Sima","og_image":[{"width":800,"height":343,"url":"https:\/\/www.simasa.com\/wp-content\/uploads\/2017\/12\/Fachada_1800.jpg","type":"image\/jpeg"}],"twitter_card":"summary_large_image","schema":{"@context":"https:\/\/schema.org","@graph":[{"@type":"WebPage","@id":"https:\/\/www.simasa.com\/fr\/producto\/producto-prueba-carlos-idento-francais-no-tocar\/","url":"https:\/\/www.simasa.com\/fr\/producto\/producto-prueba-carlos-idento-francais-no-tocar\/","name":"- Producto de prueba de Carlos Idento Fran\u00e7ais (No tocar) | Sima","isPartOf":{"@id":"https:\/\/www.simasa.com\/fr\/#website"},"primaryImageOfPage":{"@id":"https:\/\/www.simasa.com\/fr\/producto\/producto-prueba-carlos-idento-francais-no-tocar\/#primaryimage"},"image":{"@id":"https:\/\/www.simasa.com\/fr\/producto\/producto-prueba-carlos-idento-francais-no-tocar\/#primaryimage"},"thumbnailUrl":"https:\/\/www.simasa.com\/wp-content\/uploads\/2017\/12\/Fachada_1800.jpg","datePublished":"2017-12-29T07:28:52+00:00","description":"Producto de prueba de Carlos Idento Fran\u00e7ais (No tocar). Este es el producto en fran\u00e7ais","breadcrumb":{"@id":"https:\/\/www.simasa.com\/fr\/producto\/producto-prueba-carlos-idento-francais-no-tocar\/#breadcrumb"},"inLanguage":"fr-FR","potentialAction":[{"@type":"ReadAction","target":["https:\/\/www.simasa.com\/fr\/producto\/producto-prueba-carlos-idento-francais-no-tocar\/"]}]},{"@type":"ImageObject","inLanguage":"fr-FR","@id":"https:\/\/www.simasa.com\/fr\/producto\/producto-prueba-carlos-idento-francais-no-tocar\/#primaryimage","url":"https:\/\/www.simasa.com\/wp-content\/uploads\/2017\/12\/Fachada_1800.jpg","contentUrl":"https:\/\/www.simasa.com\/wp-content\/uploads\/2017\/12\/Fachada_1800.jpg","width":800,"height":343},{"@type":"BreadcrumbList","@id":"https:\/\/www.simasa.com\/fr\/producto\/producto-prueba-carlos-idento-francais-no-tocar\/#breadcrumb","itemListElement":[{"@type":"ListItem","position":1,"name":"Inicio","item":"https:\/\/www.simasa.com\/fr\/"},{"@type":"ListItem","position":2,"name":"Catalogue","item":"https:\/\/www.simasa.com\/cat-sima\/"},{"@type":"ListItem","position":3,"name":"Producto de prueba de Carlos Idento Fran\u00e7ais (No tocar)"}]},{"@type":"WebSite","@id":"https:\/\/www.simasa.com\/fr\/#website","url":"https:\/\/www.simasa.com\/fr\/","name":"Sima","description":"Fabricantes de maquinaria para la construcci\u00f3n","publisher":{"@id":"https:\/\/www.simasa.com\/fr\/#organization"},"potentialAction":[{"@type":"SearchAction","target":{"@type":"EntryPoint","urlTemplate":"https:\/\/www.simasa.com\/fr\/?s={search_term_string}"},"query-input":{"@type":"PropertyValueSpecification","valueRequired":true,"valueName":"search_term_string"}}],"inLanguage":"fr-FR"},{"@type":"Organization","@id":"https:\/\/www.simasa.com\/fr\/#organization","name":"Sima","url":"https:\/\/www.simasa.com\/fr\/","logo":{"@type":"ImageObject","inLanguage":"fr-FR","@id":"https:\/\/www.simasa.com\/fr\/#\/schema\/logo\/image\/","url":"https:\/\/www.simasa.com\/wp-content\/uploads\/2016\/03\/logo-1.jpg","contentUrl":"https:\/\/www.simasa.com\/wp-content\/uploads\/2016\/03\/logo-1.jpg","width":121,"height":54,"caption":"Sima"},"image":{"@id":"https:\/\/www.simasa.com\/fr\/#\/schema\/logo\/image\/"}}]}},"_links":{"self":[{"href":"https:\/\/www.simasa.com\/fr\/wp-json\/wp\/v2\/product\/9476","targetHints":{"allow":["GET"]}}],"collection":[{"href":"https:\/\/www.simasa.com\/fr\/wp-json\/wp\/v2\/product"}],"about":[{"href":"https:\/\/www.simasa.com\/fr\/wp-json\/wp\/v2\/types\/product"}],"replies":[{"embeddable":true,"href":"https:\/\/www.simasa.com\/fr\/wp-json\/wp\/v2\/comments?post=9476"}],"wp:featuredmedia":[{"embeddable":true,"href":"https:\/\/www.simasa.com\/fr\/wp-json\/wp\/v2\/media\/9383"}],"wp:attachment":[{"href":"https:\/\/www.simasa.com\/fr\/wp-json\/wp\/v2\/media?parent=9476"}],"wp:term":[{"taxonomy":"product_brand","embeddable":true,"href":"https:\/\/www.simasa.com\/fr\/wp-json\/wp\/v2\/product_brand?post=9476"},{"taxonomy":"product_cat","embeddable":true,"href":"https:\/\/www.simasa.com\/fr\/wp-json\/wp\/v2\/product_cat?post=9476"},{"taxonomy":"product_tag","embeddable":true,"href":"https:\/\/www.simasa.com\/fr\/wp-json\/wp\/v2\/product_tag?post=9476"}],"curies":[{"name":"wp","href":"https:\/\/api.w.org\/{rel}","templated":true}]}}