{"id":8330,"date":"2017-11-22T17:51:17","date_gmt":"2017-12-23T19:56:24","guid":{"rendered":"https:\/\/www.simasa.com\/?post_type=product&#038;p=8330"},"modified":"2017-12-26T11:47:28","modified_gmt":"2017-12-26T11:47:28","slug":"c50-ib","status":"publish","type":"product","link":"https:\/\/www.simasa.com\/fr\/producto\/c50-ib\/","title":{"rendered":"C50 IB"},"content":{"rendered":"<p>&nbsp;<\/p>\n<p>Dans le secteur du b\u00e2timent, ils ont de <strong>multiples applications<\/strong>. Compl\u00e9mentaires aux rabots \u00e0 b\u00e9ton, haveuses, d\u00e9coupeuses meuleuses, perforeuses, pon\u00e7euses, scies circulaires \u00e0 bois,etc.<\/p>\n<p>La r\u00e9glementation en vigueur sur l&rsquo; environnement, la pollution et la s\u00e9curit\u00e9 de l&rsquo; op\u00e9rateur rend <strong>indispensable l&rsquo; utilisation<\/strong> d&rsquo; aspirateurs \u00e0 poussi\u00e8re et liquide en tout lieu de travail.<\/p>\n<p>Accessoires fournis. R\u00e9servoir en acier inoxydable.<\/p>\n<p>Syst\u00e8me by-pass. Pas de liquide dans le moteur et vidange automatique du r\u00e9servoir en cas de surcharge.<\/p>\n<p>Trois moteurs ind\u00e9pendants de 1000 W. L&rsquo; op\u00e9rateur choisit la puissance n\u00e9cessaire.<\/p>\n<p><img loading=\"lazy\" decoding=\"async\" class=\"wp-image-8326 size-full aligncenter\" src=\"https:\/\/www.simasa.com\/wp-content\/uploads\/2017\/12\/c50-ib-fr.jpg\" alt=\"\" width=\"570\" height=\"600\" srcset=\"https:\/\/www.simasa.com\/wp-content\/uploads\/2017\/12\/c50-ib-fr.jpg 570w, https:\/\/www.simasa.com\/wp-content\/uploads\/2017\/12\/c50-ib-fr-416x438.jpg 416w\" sizes=\"auto, (max-width: 570px) 100vw, 570px\" \/><\/p>\n<p>&nbsp;<\/p>\n<p><iframe loading=\"lazy\" src=\"https:\/\/www.youtube.com\/embed\/Fn7O2W43Hrg\" width=\"945\" height=\"540\" frameborder=\"0\" allowfullscreen=\"allowfullscreen\" data-mce-fragment=\"1\"><span style=\"display: inline-block; width: 0px; overflow: hidden; line-height: 0;\" data-mce-type=\"bookmark\" class=\"mce_SELRES_start\">\ufeff<\/span><\/iframe><\/p>\n","protected":false},"excerpt":{"rendered":"<p>Dans le secteur du b\u00e2timent, ils ont de multiples applications. Compl\u00e9mentaires aux rabots \u00e0 b\u00e9ton, haveuses, d\u00e9coupeuses meuleuses, perforeuses, pon\u00e7euses, scies circulaires \u00e0 bois,etc.<\/p>\n","protected":false},"featured_media":6871,"comment_status":"open","ping_status":"closed","template":"","meta":{"_acf_changed":false},"product_brand":[],"product_cat":[1812],"product_tag":[],"class_list":{"0":"post-8330","1":"product","2":"type-product","3":"status-publish","4":"has-post-thumbnail","6":"product_cat-aspirateur-a-poussiere-et-liquide","7":"pa_power-electriques","9":"first","10":"instock","11":"shipping-taxable","12":"product-type-simple"},"acf":[],"yoast_head":"<!-- This site is optimized with the Yoast SEO plugin v27.2 - https:\/\/yoast.com\/product\/yoast-seo-wordpress\/ -->\n<title>- C50 IB | Sima<\/title>\n<meta name=\"description\" content=\"C50 IB. Dans le secteur du b\u00e2timent, ils ont de multiples applications. Compl\u00e9mentaires aux rabots \u00e0 b\u00e9ton, haveuses, d\u00e9coupeuses meuleuses, perforeuses, pon\u00e7euses, scies circulaires \u00e0 bois,etc.\" \/>\n<meta name=\"robots\" content=\"noindex, follow\" \/>\n<meta property=\"og:locale\" content=\"fr_FR\" \/>\n<meta property=\"og:type\" content=\"article\" \/>\n<meta property=\"og:title\" content=\"- C50 IB | Sima\" \/>\n<meta property=\"og:description\" content=\"C50 IB. Dans le secteur du b\u00e2timent, ils ont de multiples applications. Compl\u00e9mentaires aux rabots \u00e0 b\u00e9ton, haveuses, d\u00e9coupeuses meuleuses, perforeuses, pon\u00e7euses, scies circulaires \u00e0 bois,etc.\" \/>\n<meta property=\"og:url\" content=\"https:\/\/www.simasa.com\/fr\/producto\/c50-ib\/\" \/>\n<meta property=\"og:site_name\" content=\"Sima\" \/>\n<meta property=\"article:modified_time\" content=\"2017-12-26T11:47:28+00:00\" \/>\n<meta property=\"og:image\" content=\"https:\/\/www.simasa.com\/wp-content\/uploads\/2016\/04\/aspirador.jpg\" \/>\n\t<meta property=\"og:image:width\" content=\"800\" \/>\n\t<meta property=\"og:image:height\" content=\"800\" \/>\n\t<meta property=\"og:image:type\" content=\"image\/jpeg\" \/>\n<meta name=\"twitter:card\" content=\"summary_large_image\" \/>\n<meta name=\"twitter:label1\" content=\"Dur\u00e9e de lecture estim\u00e9e\" \/>\n\t<meta name=\"twitter:data1\" content=\"1 minute\" \/>\n<script type=\"application\/ld+json\" class=\"yoast-schema-graph\">{\"@context\":\"https:\/\/schema.org\",\"@graph\":[{\"@type\":\"WebPage\",\"@id\":\"https:\/\/www.simasa.com\/fr\/producto\/c50-ib\/\",\"url\":\"https:\/\/www.simasa.com\/fr\/producto\/c50-ib\/\",\"name\":\"- C50 IB | Sima\",\"isPartOf\":{\"@id\":\"https:\/\/www.simasa.com\/fr\/#website\"},\"primaryImageOfPage\":{\"@id\":\"https:\/\/www.simasa.com\/fr\/producto\/c50-ib\/#primaryimage\"},\"image\":{\"@id\":\"https:\/\/www.simasa.com\/fr\/producto\/c50-ib\/#primaryimage\"},\"thumbnailUrl\":\"https:\/\/www.simasa.com\/wp-content\/uploads\/2016\/04\/aspirador.jpg\",\"datePublished\":\"2017-12-23T19:56:24+00:00\",\"dateModified\":\"2017-12-26T11:47:28+00:00\",\"description\":\"C50 IB. Dans le secteur du b\u00e2timent, ils ont de multiples applications. Compl\u00e9mentaires aux rabots \u00e0 b\u00e9ton, haveuses, d\u00e9coupeuses meuleuses, perforeuses, pon\u00e7euses, scies circulaires \u00e0 bois,etc.\",\"breadcrumb\":{\"@id\":\"https:\/\/www.simasa.com\/fr\/producto\/c50-ib\/#breadcrumb\"},\"inLanguage\":\"fr-FR\",\"potentialAction\":[{\"@type\":\"ReadAction\",\"target\":[\"https:\/\/www.simasa.com\/fr\/producto\/c50-ib\/\"]}]},{\"@type\":\"ImageObject\",\"inLanguage\":\"fr-FR\",\"@id\":\"https:\/\/www.simasa.com\/fr\/producto\/c50-ib\/#primaryimage\",\"url\":\"https:\/\/www.simasa.com\/wp-content\/uploads\/2016\/04\/aspirador.jpg\",\"contentUrl\":\"https:\/\/www.simasa.com\/wp-content\/uploads\/2016\/04\/aspirador.jpg\",\"width\":800,\"height\":800},{\"@type\":\"BreadcrumbList\",\"@id\":\"https:\/\/www.simasa.com\/fr\/producto\/c50-ib\/#breadcrumb\",\"itemListElement\":[{\"@type\":\"ListItem\",\"position\":1,\"name\":\"Inicio\",\"item\":\"https:\/\/www.simasa.com\/fr\/\"},{\"@type\":\"ListItem\",\"position\":2,\"name\":\"Catalogue\",\"item\":\"https:\/\/www.simasa.com\/cat-sima\/\"},{\"@type\":\"ListItem\",\"position\":3,\"name\":\"C50 IB\"}]},{\"@type\":\"WebSite\",\"@id\":\"https:\/\/www.simasa.com\/fr\/#website\",\"url\":\"https:\/\/www.simasa.com\/fr\/\",\"name\":\"Sima\",\"description\":\"Fabricantes de maquinaria para la construcci\u00f3n\",\"publisher\":{\"@id\":\"https:\/\/www.simasa.com\/fr\/#organization\"},\"potentialAction\":[{\"@type\":\"SearchAction\",\"target\":{\"@type\":\"EntryPoint\",\"urlTemplate\":\"https:\/\/www.simasa.com\/fr\/?s={search_term_string}\"},\"query-input\":{\"@type\":\"PropertyValueSpecification\",\"valueRequired\":true,\"valueName\":\"search_term_string\"}}],\"inLanguage\":\"fr-FR\"},{\"@type\":\"Organization\",\"@id\":\"https:\/\/www.simasa.com\/fr\/#organization\",\"name\":\"Sima\",\"url\":\"https:\/\/www.simasa.com\/fr\/\",\"logo\":{\"@type\":\"ImageObject\",\"inLanguage\":\"fr-FR\",\"@id\":\"https:\/\/www.simasa.com\/fr\/#\/schema\/logo\/image\/\",\"url\":\"https:\/\/www.simasa.com\/wp-content\/uploads\/2016\/03\/logo-1.jpg\",\"contentUrl\":\"https:\/\/www.simasa.com\/wp-content\/uploads\/2016\/03\/logo-1.jpg\",\"width\":121,\"height\":54,\"caption\":\"Sima\"},\"image\":{\"@id\":\"https:\/\/www.simasa.com\/fr\/#\/schema\/logo\/image\/\"}}]}<\/script>\n<!-- \/ Yoast SEO plugin. -->","yoast_head_json":{"title":"- C50 IB | Sima","description":"C50 IB. Dans le secteur du b\u00e2timent, ils ont de multiples applications. Compl\u00e9mentaires aux rabots \u00e0 b\u00e9ton, haveuses, d\u00e9coupeuses meuleuses, perforeuses, pon\u00e7euses, scies circulaires \u00e0 bois,etc.","robots":{"index":"noindex","follow":"follow"},"og_locale":"fr_FR","og_type":"article","og_title":"- C50 IB | Sima","og_description":"C50 IB. Dans le secteur du b\u00e2timent, ils ont de multiples applications. Compl\u00e9mentaires aux rabots \u00e0 b\u00e9ton, haveuses, d\u00e9coupeuses meuleuses, perforeuses, pon\u00e7euses, scies circulaires \u00e0 bois,etc.","og_url":"https:\/\/www.simasa.com\/fr\/producto\/c50-ib\/","og_site_name":"Sima","article_modified_time":"2017-12-26T11:47:28+00:00","og_image":[{"width":800,"height":800,"url":"https:\/\/www.simasa.com\/wp-content\/uploads\/2016\/04\/aspirador.jpg","type":"image\/jpeg"}],"twitter_card":"summary_large_image","twitter_misc":{"Dur\u00e9e de lecture estim\u00e9e":"1 minute"},"schema":{"@context":"https:\/\/schema.org","@graph":[{"@type":"WebPage","@id":"https:\/\/www.simasa.com\/fr\/producto\/c50-ib\/","url":"https:\/\/www.simasa.com\/fr\/producto\/c50-ib\/","name":"- C50 IB | Sima","isPartOf":{"@id":"https:\/\/www.simasa.com\/fr\/#website"},"primaryImageOfPage":{"@id":"https:\/\/www.simasa.com\/fr\/producto\/c50-ib\/#primaryimage"},"image":{"@id":"https:\/\/www.simasa.com\/fr\/producto\/c50-ib\/#primaryimage"},"thumbnailUrl":"https:\/\/www.simasa.com\/wp-content\/uploads\/2016\/04\/aspirador.jpg","datePublished":"2017-12-23T19:56:24+00:00","dateModified":"2017-12-26T11:47:28+00:00","description":"C50 IB. Dans le secteur du b\u00e2timent, ils ont de multiples applications. Compl\u00e9mentaires aux rabots \u00e0 b\u00e9ton, haveuses, d\u00e9coupeuses meuleuses, perforeuses, pon\u00e7euses, scies circulaires \u00e0 bois,etc.","breadcrumb":{"@id":"https:\/\/www.simasa.com\/fr\/producto\/c50-ib\/#breadcrumb"},"inLanguage":"fr-FR","potentialAction":[{"@type":"ReadAction","target":["https:\/\/www.simasa.com\/fr\/producto\/c50-ib\/"]}]},{"@type":"ImageObject","inLanguage":"fr-FR","@id":"https:\/\/www.simasa.com\/fr\/producto\/c50-ib\/#primaryimage","url":"https:\/\/www.simasa.com\/wp-content\/uploads\/2016\/04\/aspirador.jpg","contentUrl":"https:\/\/www.simasa.com\/wp-content\/uploads\/2016\/04\/aspirador.jpg","width":800,"height":800},{"@type":"BreadcrumbList","@id":"https:\/\/www.simasa.com\/fr\/producto\/c50-ib\/#breadcrumb","itemListElement":[{"@type":"ListItem","position":1,"name":"Inicio","item":"https:\/\/www.simasa.com\/fr\/"},{"@type":"ListItem","position":2,"name":"Catalogue","item":"https:\/\/www.simasa.com\/cat-sima\/"},{"@type":"ListItem","position":3,"name":"C50 IB"}]},{"@type":"WebSite","@id":"https:\/\/www.simasa.com\/fr\/#website","url":"https:\/\/www.simasa.com\/fr\/","name":"Sima","description":"Fabricantes de maquinaria para la construcci\u00f3n","publisher":{"@id":"https:\/\/www.simasa.com\/fr\/#organization"},"potentialAction":[{"@type":"SearchAction","target":{"@type":"EntryPoint","urlTemplate":"https:\/\/www.simasa.com\/fr\/?s={search_term_string}"},"query-input":{"@type":"PropertyValueSpecification","valueRequired":true,"valueName":"search_term_string"}}],"inLanguage":"fr-FR"},{"@type":"Organization","@id":"https:\/\/www.simasa.com\/fr\/#organization","name":"Sima","url":"https:\/\/www.simasa.com\/fr\/","logo":{"@type":"ImageObject","inLanguage":"fr-FR","@id":"https:\/\/www.simasa.com\/fr\/#\/schema\/logo\/image\/","url":"https:\/\/www.simasa.com\/wp-content\/uploads\/2016\/03\/logo-1.jpg","contentUrl":"https:\/\/www.simasa.com\/wp-content\/uploads\/2016\/03\/logo-1.jpg","width":121,"height":54,"caption":"Sima"},"image":{"@id":"https:\/\/www.simasa.com\/fr\/#\/schema\/logo\/image\/"}}]}},"_links":{"self":[{"href":"https:\/\/www.simasa.com\/fr\/wp-json\/wp\/v2\/product\/8330","targetHints":{"allow":["GET"]}}],"collection":[{"href":"https:\/\/www.simasa.com\/fr\/wp-json\/wp\/v2\/product"}],"about":[{"href":"https:\/\/www.simasa.com\/fr\/wp-json\/wp\/v2\/types\/product"}],"replies":[{"embeddable":true,"href":"https:\/\/www.simasa.com\/fr\/wp-json\/wp\/v2\/comments?post=8330"}],"wp:featuredmedia":[{"embeddable":true,"href":"https:\/\/www.simasa.com\/fr\/wp-json\/wp\/v2\/media\/6871"}],"wp:attachment":[{"href":"https:\/\/www.simasa.com\/fr\/wp-json\/wp\/v2\/media?parent=8330"}],"wp:term":[{"taxonomy":"product_brand","embeddable":true,"href":"https:\/\/www.simasa.com\/fr\/wp-json\/wp\/v2\/product_brand?post=8330"},{"taxonomy":"product_cat","embeddable":true,"href":"https:\/\/www.simasa.com\/fr\/wp-json\/wp\/v2\/product_cat?post=8330"},{"taxonomy":"product_tag","embeddable":true,"href":"https:\/\/www.simasa.com\/fr\/wp-json\/wp\/v2\/product_tag?post=8330"}],"curies":[{"name":"wp","href":"https:\/\/api.w.org\/{rel}","templated":true}]}}