{"id":8286,"date":"2017-11-17T16:33:18","date_gmt":"2017-12-23T19:20:22","guid":{"rendered":"https:\/\/www.simasa.com\/?post_type=product&#038;p=8286"},"modified":"2017-12-26T10:04:58","modified_gmt":"2017-12-26T10:04:58","slug":"cobra-60","status":"publish","type":"product","link":"https:\/\/www.simasa.com\/fr\/producto\/cobra-60\/","title":{"rendered":"COBRA 60"},"content":{"rendered":"<p>Des machines polyvalentes avec une grande capacit\u00e9 de travail. <strong>COBRA 60<\/strong> est pourvus d&rsquo; un r\u00e9servoir en polypropyl\u00e8ne de 60 L.<\/p>\n<p>Robustes et ergonomiques, elles sont <strong>faciles \u00e0 manier et offrent de grandes prestations sur de grandes superficies<\/strong> telles que les routes, autoroutes, hangars industriels, a\u00e9roports,etc.<\/p>\n<p><strong>Grande capacit\u00e9 de travail et polyvalence:<\/strong><\/p>\n<ul>\n<li>Indicateur de profondeur.<\/li>\n<li>Refroidissement du disque par deux voies: r\u00e9servoir et r\u00e9seau.<\/li>\n<li>Avance par volant (COBRA 60).<\/li>\n<li>R\u00e9glage de la coupe par manivelle auto- bloquante.<\/li>\n<li>Contr\u00f4le de la profondeur de coupe par volant et tige filet\u00e9e trap\u00e9zoidale mont\u00e9e sur un roulement en fonte.<\/li>\n<li>Pr\u00e9conis\u00e9e pour des travaux intenses et continus en location.<\/li>\n<li>Acc\u00e9s facile au disque.<\/li>\n<\/ul>\n<p>&nbsp;<\/p>\n<p><img loading=\"lazy\" decoding=\"async\" class=\"alignnone wp-image-8250 size-full\" src=\"https:\/\/www.simasa.com\/wp-content\/uploads\/2017\/12\/avantages-cobra-60.jpg\" alt=\"\" width=\"1121\" height=\"507\" srcset=\"https:\/\/www.simasa.com\/wp-content\/uploads\/2017\/12\/avantages-cobra-60.jpg 1121w, https:\/\/www.simasa.com\/wp-content\/uploads\/2017\/12\/avantages-cobra-60-416x188.jpg 416w\" sizes=\"auto, (max-width: 1121px) 100vw, 1121px\" \/><\/p>\n<p>&nbsp;<\/p>\n<p><img loading=\"lazy\" decoding=\"async\" class=\"alignnone wp-image-8254 size-full\" src=\"https:\/\/www.simasa.com\/wp-content\/uploads\/2017\/12\/etapes-cobra-60.jpg\" alt=\"\" width=\"1125\" height=\"863\" srcset=\"https:\/\/www.simasa.com\/wp-content\/uploads\/2017\/12\/etapes-cobra-60.jpg 1125w, https:\/\/www.simasa.com\/wp-content\/uploads\/2017\/12\/etapes-cobra-60-416x319.jpg 416w\" sizes=\"auto, (max-width: 1125px) 100vw, 1125px\" \/><\/p>\n<p>&nbsp;<\/p>\n<p><img loading=\"lazy\" decoding=\"async\" class=\"alignnone wp-image-8274 size-full\" src=\"https:\/\/www.simasa.com\/wp-content\/uploads\/2017\/12\/tabla-cobra-60-fr.jpg\" alt=\"\" width=\"1121\" height=\"306\" srcset=\"https:\/\/www.simasa.com\/wp-content\/uploads\/2017\/12\/tabla-cobra-60-fr.jpg 1121w, https:\/\/www.simasa.com\/wp-content\/uploads\/2017\/12\/tabla-cobra-60-fr-416x114.jpg 416w\" sizes=\"auto, (max-width: 1121px) 100vw, 1121px\" \/><\/p>\n<p>&nbsp;<\/p>\n<p>&nbsp;<\/p>\n<p>&nbsp;<\/p>\n<p>&nbsp;<\/p>\n<p><iframe loading=\"lazy\" src=\"https:\/\/www.youtube.com\/embed\/s4Y-FSX14F8\" width=\"945\" height=\"540\" frameborder=\"0\" allowfullscreen=\"allowfullscreen\" data-mce-fragment=\"1\"><\/iframe><\/p>\n","protected":false},"excerpt":{"rendered":"<p>La gamme <strong>COBRA<\/strong> propose des machines polyvalentes avec une grande capacit\u00e9 de travail. Le mod\u00e8le <strong>COBRA 60<\/strong> est pourvus d&rsquo; un r\u00e9servoir en polypropyl\u00e8ne de 60 L.<\/p>\n","protected":false},"featured_media":4684,"comment_status":"open","ping_status":"closed","template":"","meta":{"_acf_changed":false},"product_brand":[],"product_cat":[1813],"product_tag":[],"class_list":{"0":"post-8286","1":"product","2":"type-product","3":"status-publish","4":"has-post-thumbnail","6":"product_cat-scies-a-sol","7":"pa_max-blade-diameter-mm-3762","8":"pa_max-cutting-depth-mm-3873","9":"pa_power-diesel-fr","10":"pa_power-essence","12":"first","13":"instock","14":"shipping-taxable","15":"product-type-simple"},"acf":[],"yoast_head":"<!-- This site is optimized with the Yoast SEO plugin v27.2 - https:\/\/yoast.com\/product\/yoast-seo-wordpress\/ -->\n<title>- COBRA 60 | Sima<\/title>\n<meta name=\"description\" content=\"COBRA 60. La gamme COBRA propose des machines polyvalentes avec une grande capacit\u00e9 de travail. Le mod\u00e8le COBRA 60 est pourvus d&#039; un r\u00e9servoir en polypropyl\u00e8ne de 60 L.\" \/>\n<meta name=\"robots\" content=\"noindex, follow\" \/>\n<meta property=\"og:locale\" content=\"fr_FR\" \/>\n<meta property=\"og:type\" content=\"article\" \/>\n<meta property=\"og:title\" content=\"- COBRA 60 | Sima\" \/>\n<meta property=\"og:description\" content=\"COBRA 60. La gamme COBRA propose des machines polyvalentes avec une grande capacit\u00e9 de travail. Le mod\u00e8le COBRA 60 est pourvus d&#039; un r\u00e9servoir en polypropyl\u00e8ne de 60 L.\" \/>\n<meta property=\"og:url\" content=\"https:\/\/www.simasa.com\/fr\/producto\/cobra-60\/\" \/>\n<meta property=\"og:site_name\" content=\"Sima\" \/>\n<meta property=\"article:modified_time\" content=\"2017-12-26T10:04:58+00:00\" \/>\n<meta property=\"og:image\" content=\"https:\/\/www.simasa.com\/wp-content\/uploads\/2016\/04\/2509-cobra.jpg\" \/>\n\t<meta property=\"og:image:width\" content=\"800\" \/>\n\t<meta property=\"og:image:height\" content=\"800\" \/>\n\t<meta property=\"og:image:type\" content=\"image\/jpeg\" \/>\n<meta name=\"twitter:card\" content=\"summary_large_image\" \/>\n<meta name=\"twitter:label1\" content=\"Dur\u00e9e de lecture estim\u00e9e\" \/>\n\t<meta name=\"twitter:data1\" content=\"1 minute\" \/>\n<script type=\"application\/ld+json\" class=\"yoast-schema-graph\">{\"@context\":\"https:\/\/schema.org\",\"@graph\":[{\"@type\":\"WebPage\",\"@id\":\"https:\/\/www.simasa.com\/fr\/producto\/cobra-60\/\",\"url\":\"https:\/\/www.simasa.com\/fr\/producto\/cobra-60\/\",\"name\":\"- COBRA 60 | Sima\",\"isPartOf\":{\"@id\":\"https:\/\/www.simasa.com\/fr\/#website\"},\"primaryImageOfPage\":{\"@id\":\"https:\/\/www.simasa.com\/fr\/producto\/cobra-60\/#primaryimage\"},\"image\":{\"@id\":\"https:\/\/www.simasa.com\/fr\/producto\/cobra-60\/#primaryimage\"},\"thumbnailUrl\":\"https:\/\/www.simasa.com\/wp-content\/uploads\/2016\/04\/2509-cobra.jpg\",\"datePublished\":\"2017-12-23T19:20:22+00:00\",\"dateModified\":\"2017-12-26T10:04:58+00:00\",\"description\":\"COBRA 60. La gamme COBRA propose des machines polyvalentes avec une grande capacit\u00e9 de travail. Le mod\u00e8le COBRA 60 est pourvus d' un r\u00e9servoir en polypropyl\u00e8ne de 60 L.\",\"breadcrumb\":{\"@id\":\"https:\/\/www.simasa.com\/fr\/producto\/cobra-60\/#breadcrumb\"},\"inLanguage\":\"fr-FR\",\"potentialAction\":[{\"@type\":\"ReadAction\",\"target\":[\"https:\/\/www.simasa.com\/fr\/producto\/cobra-60\/\"]}]},{\"@type\":\"ImageObject\",\"inLanguage\":\"fr-FR\",\"@id\":\"https:\/\/www.simasa.com\/fr\/producto\/cobra-60\/#primaryimage\",\"url\":\"https:\/\/www.simasa.com\/wp-content\/uploads\/2016\/04\/2509-cobra.jpg\",\"contentUrl\":\"https:\/\/www.simasa.com\/wp-content\/uploads\/2016\/04\/2509-cobra.jpg\",\"width\":800,\"height\":800},{\"@type\":\"BreadcrumbList\",\"@id\":\"https:\/\/www.simasa.com\/fr\/producto\/cobra-60\/#breadcrumb\",\"itemListElement\":[{\"@type\":\"ListItem\",\"position\":1,\"name\":\"Inicio\",\"item\":\"https:\/\/www.simasa.com\/fr\/\"},{\"@type\":\"ListItem\",\"position\":2,\"name\":\"Catalogue\",\"item\":\"https:\/\/www.simasa.com\/cat-sima\/\"},{\"@type\":\"ListItem\",\"position\":3,\"name\":\"COBRA 60\"}]},{\"@type\":\"WebSite\",\"@id\":\"https:\/\/www.simasa.com\/fr\/#website\",\"url\":\"https:\/\/www.simasa.com\/fr\/\",\"name\":\"Sima\",\"description\":\"Fabricantes de maquinaria para la construcci\u00f3n\",\"publisher\":{\"@id\":\"https:\/\/www.simasa.com\/fr\/#organization\"},\"potentialAction\":[{\"@type\":\"SearchAction\",\"target\":{\"@type\":\"EntryPoint\",\"urlTemplate\":\"https:\/\/www.simasa.com\/fr\/?s={search_term_string}\"},\"query-input\":{\"@type\":\"PropertyValueSpecification\",\"valueRequired\":true,\"valueName\":\"search_term_string\"}}],\"inLanguage\":\"fr-FR\"},{\"@type\":\"Organization\",\"@id\":\"https:\/\/www.simasa.com\/fr\/#organization\",\"name\":\"Sima\",\"url\":\"https:\/\/www.simasa.com\/fr\/\",\"logo\":{\"@type\":\"ImageObject\",\"inLanguage\":\"fr-FR\",\"@id\":\"https:\/\/www.simasa.com\/fr\/#\/schema\/logo\/image\/\",\"url\":\"https:\/\/www.simasa.com\/wp-content\/uploads\/2016\/03\/logo-1.jpg\",\"contentUrl\":\"https:\/\/www.simasa.com\/wp-content\/uploads\/2016\/03\/logo-1.jpg\",\"width\":121,\"height\":54,\"caption\":\"Sima\"},\"image\":{\"@id\":\"https:\/\/www.simasa.com\/fr\/#\/schema\/logo\/image\/\"}}]}<\/script>\n<!-- \/ Yoast SEO plugin. -->","yoast_head_json":{"title":"- COBRA 60 | Sima","description":"COBRA 60. La gamme COBRA propose des machines polyvalentes avec une grande capacit\u00e9 de travail. Le mod\u00e8le COBRA 60 est pourvus d' un r\u00e9servoir en polypropyl\u00e8ne de 60 L.","robots":{"index":"noindex","follow":"follow"},"og_locale":"fr_FR","og_type":"article","og_title":"- COBRA 60 | Sima","og_description":"COBRA 60. La gamme COBRA propose des machines polyvalentes avec une grande capacit\u00e9 de travail. Le mod\u00e8le COBRA 60 est pourvus d' un r\u00e9servoir en polypropyl\u00e8ne de 60 L.","og_url":"https:\/\/www.simasa.com\/fr\/producto\/cobra-60\/","og_site_name":"Sima","article_modified_time":"2017-12-26T10:04:58+00:00","og_image":[{"width":800,"height":800,"url":"https:\/\/www.simasa.com\/wp-content\/uploads\/2016\/04\/2509-cobra.jpg","type":"image\/jpeg"}],"twitter_card":"summary_large_image","twitter_misc":{"Dur\u00e9e de lecture estim\u00e9e":"1 minute"},"schema":{"@context":"https:\/\/schema.org","@graph":[{"@type":"WebPage","@id":"https:\/\/www.simasa.com\/fr\/producto\/cobra-60\/","url":"https:\/\/www.simasa.com\/fr\/producto\/cobra-60\/","name":"- COBRA 60 | Sima","isPartOf":{"@id":"https:\/\/www.simasa.com\/fr\/#website"},"primaryImageOfPage":{"@id":"https:\/\/www.simasa.com\/fr\/producto\/cobra-60\/#primaryimage"},"image":{"@id":"https:\/\/www.simasa.com\/fr\/producto\/cobra-60\/#primaryimage"},"thumbnailUrl":"https:\/\/www.simasa.com\/wp-content\/uploads\/2016\/04\/2509-cobra.jpg","datePublished":"2017-12-23T19:20:22+00:00","dateModified":"2017-12-26T10:04:58+00:00","description":"COBRA 60. La gamme COBRA propose des machines polyvalentes avec une grande capacit\u00e9 de travail. Le mod\u00e8le COBRA 60 est pourvus d' un r\u00e9servoir en polypropyl\u00e8ne de 60 L.","breadcrumb":{"@id":"https:\/\/www.simasa.com\/fr\/producto\/cobra-60\/#breadcrumb"},"inLanguage":"fr-FR","potentialAction":[{"@type":"ReadAction","target":["https:\/\/www.simasa.com\/fr\/producto\/cobra-60\/"]}]},{"@type":"ImageObject","inLanguage":"fr-FR","@id":"https:\/\/www.simasa.com\/fr\/producto\/cobra-60\/#primaryimage","url":"https:\/\/www.simasa.com\/wp-content\/uploads\/2016\/04\/2509-cobra.jpg","contentUrl":"https:\/\/www.simasa.com\/wp-content\/uploads\/2016\/04\/2509-cobra.jpg","width":800,"height":800},{"@type":"BreadcrumbList","@id":"https:\/\/www.simasa.com\/fr\/producto\/cobra-60\/#breadcrumb","itemListElement":[{"@type":"ListItem","position":1,"name":"Inicio","item":"https:\/\/www.simasa.com\/fr\/"},{"@type":"ListItem","position":2,"name":"Catalogue","item":"https:\/\/www.simasa.com\/cat-sima\/"},{"@type":"ListItem","position":3,"name":"COBRA 60"}]},{"@type":"WebSite","@id":"https:\/\/www.simasa.com\/fr\/#website","url":"https:\/\/www.simasa.com\/fr\/","name":"Sima","description":"Fabricantes de maquinaria para la construcci\u00f3n","publisher":{"@id":"https:\/\/www.simasa.com\/fr\/#organization"},"potentialAction":[{"@type":"SearchAction","target":{"@type":"EntryPoint","urlTemplate":"https:\/\/www.simasa.com\/fr\/?s={search_term_string}"},"query-input":{"@type":"PropertyValueSpecification","valueRequired":true,"valueName":"search_term_string"}}],"inLanguage":"fr-FR"},{"@type":"Organization","@id":"https:\/\/www.simasa.com\/fr\/#organization","name":"Sima","url":"https:\/\/www.simasa.com\/fr\/","logo":{"@type":"ImageObject","inLanguage":"fr-FR","@id":"https:\/\/www.simasa.com\/fr\/#\/schema\/logo\/image\/","url":"https:\/\/www.simasa.com\/wp-content\/uploads\/2016\/03\/logo-1.jpg","contentUrl":"https:\/\/www.simasa.com\/wp-content\/uploads\/2016\/03\/logo-1.jpg","width":121,"height":54,"caption":"Sima"},"image":{"@id":"https:\/\/www.simasa.com\/fr\/#\/schema\/logo\/image\/"}}]}},"_links":{"self":[{"href":"https:\/\/www.simasa.com\/fr\/wp-json\/wp\/v2\/product\/8286","targetHints":{"allow":["GET"]}}],"collection":[{"href":"https:\/\/www.simasa.com\/fr\/wp-json\/wp\/v2\/product"}],"about":[{"href":"https:\/\/www.simasa.com\/fr\/wp-json\/wp\/v2\/types\/product"}],"replies":[{"embeddable":true,"href":"https:\/\/www.simasa.com\/fr\/wp-json\/wp\/v2\/comments?post=8286"}],"wp:featuredmedia":[{"embeddable":true,"href":"https:\/\/www.simasa.com\/fr\/wp-json\/wp\/v2\/media\/4684"}],"wp:attachment":[{"href":"https:\/\/www.simasa.com\/fr\/wp-json\/wp\/v2\/media?parent=8286"}],"wp:term":[{"taxonomy":"product_brand","embeddable":true,"href":"https:\/\/www.simasa.com\/fr\/wp-json\/wp\/v2\/product_brand?post=8286"},{"taxonomy":"product_cat","embeddable":true,"href":"https:\/\/www.simasa.com\/fr\/wp-json\/wp\/v2\/product_cat?post=8286"},{"taxonomy":"product_tag","embeddable":true,"href":"https:\/\/www.simasa.com\/fr\/wp-json\/wp\/v2\/product_tag?post=8286"}],"curies":[{"name":"wp","href":"https:\/\/api.w.org\/{rel}","templated":true}]}}