{"id":7966,"date":"2017-06-06T17:03:23","date_gmt":"2017-12-22T12:52:15","guid":{"rendered":"https:\/\/www.simasa.com\/?post_type=product&#038;p=7966"},"modified":"2022-06-10T13:40:44","modified_gmt":"2022-06-10T11:40:44","slug":"star-16","status":"publish","type":"product","link":"https:\/\/www.simasa.com\/fr\/producto\/star-16\/","title":{"rendered":"STAR &#8211; 16"},"content":{"rendered":"<p>&nbsp;<\/p>\n<p>Rebar stirrups are the most common and repeating shapes used for rebar structures in construction, so the labour and time invested for its production is higher than any other rebar work.<\/p>\n<p>Avec <strong>peu d&rsquo; investissement<\/strong>, la production peut aller de <strong>700 \u00e0 1000 \u00e9triers\/heures<\/strong> sans effort pour l&rsquo; op\u00e9rateur. C&rsquo; est une machine id\u00e9ale pour une production intensive en ateliers et polyvalente sur chantier puisqu&rsquo; elle r\u00e9alise des \u00e9triers de diverses formes et tailles.<\/p>\n<p>Machine <strong>id\u00e9ale<\/strong> pour les quincailleries et d\u00e9p\u00f4ts de mat\u00e9riaux de construction qui distribuent du fer.<\/p>\n<p>Les cintreuses \u00e0 \u00e9triers SIMA font des <strong>\u00e9triers de 16 mm (5\/8\u201d) et 20 mm (3\/4\u201d)<\/strong>. Le plateau de cintrage est l&rsquo; \u00e9l\u00e9ment essentiel de la machine. Les angles de cintrage sont choisis en utilisant les goujons (pins).<\/p>\n<p>Les mod\u00e8les <strong>STAR 16 et STAR 20 existent en motorisation monophas\u00e9e \u00e0 230 V<\/strong> pour travailler en tout lieu.<\/p>\n<p>La nouvelle STAR 20 tourne \u00e0 360\u00ba et incorpore deux supports m\u00e9talliques pour placer des barres d&rsquo;armature et les transformer en \u00e9triers. Ce qui implique un travail ais\u00e9 pour l&rsquo; op\u00e9rateur et un rendement optimal.<\/p>\n<p><strong>Vitesse et polyvalence.<br \/>\n<\/strong><\/p>\n<ul>\n<li>Avec la <strong>STAR 16<\/strong> ou la <strong>STAR 20<\/strong> vous pouvez faire toutes sortes de formes utilis\u00e9es dans la confection d&rsquo; armatures, telles que les crochets, les \u00e9pingles, les renforts, les anclages,les amarres, les s\u00e9parateurs, les coudes, etc.<\/li>\n<li>Elles peuvent faire des <strong>\u00e9triers avec plusieurs barres \u00e0 la fois<\/strong> selon le diam\u00e8tre et la r\u00e9sistance.<\/li>\n<li><strong>Simple \u00e0 utiliser<\/strong>. Pas besoin de personnel hautement qualifi\u00e9.<\/li>\n<li>Mandrins et boulons trait\u00e9s thermiquement fournis. Pi\u00e8ces n\u00e9cessaires pour le fa\u00e7onnage d&rsquo; \u00e9triers en base \u00e0 la r\u00e8glementation sur les rayons.<\/li>\n<li><strong>SIMA<\/strong> fabrique sur commande des mandrins sp\u00e9ciaux pour satisfaire les demandes de rayons sp\u00e9cifiques.<\/li>\n<li>Tableau \u00e9lectrique aux normes CE.<\/li>\n<\/ul>\n<p><img loading=\"lazy\" decoding=\"async\" class=\"alignnone wp-image-7926 size-full\" src=\"https:\/\/www.simasa.com\/wp-content\/uploads\/2017\/12\/avantages-atouts.jpg\" alt=\"\" width=\"1120\" height=\"497\" srcset=\"https:\/\/www.simasa.com\/wp-content\/uploads\/2017\/12\/avantages-atouts.jpg 1120w, https:\/\/www.simasa.com\/wp-content\/uploads\/2017\/12\/avantages-atouts-416x185.jpg 416w\" sizes=\"auto, (max-width: 1120px) 100vw, 1120px\" \/><\/p>\n<p><img loading=\"lazy\" decoding=\"async\" class=\"alignnone wp-image-7946 size-full\" src=\"https:\/\/www.simasa.com\/wp-content\/uploads\/2017\/12\/possibilites-cintrage.jpg\" alt=\"\" width=\"1119\" height=\"341\" srcset=\"https:\/\/www.simasa.com\/wp-content\/uploads\/2017\/12\/possibilites-cintrage.jpg 1119w, https:\/\/www.simasa.com\/wp-content\/uploads\/2017\/12\/possibilites-cintrage-416x127.jpg 416w\" sizes=\"auto, (max-width: 1119px) 100vw, 1119px\" \/><\/p>\n<p>&nbsp;<\/p>\n<p><img loading=\"lazy\" decoding=\"async\" class=\"alignnone wp-image-7934 size-full\" src=\"https:\/\/www.simasa.com\/wp-content\/uploads\/2017\/12\/de-serie.jpg\" alt=\"\" width=\"1119\" height=\"174\" srcset=\"https:\/\/www.simasa.com\/wp-content\/uploads\/2017\/12\/de-serie.jpg 1119w, https:\/\/www.simasa.com\/wp-content\/uploads\/2017\/12\/de-serie-416x65.jpg 416w\" sizes=\"auto, (max-width: 1119px) 100vw, 1119px\" \/><\/p>\n<p><img loading=\"lazy\" decoding=\"async\" class=\"alignnone wp-image-7958 size-full\" src=\"https:\/\/www.simasa.com\/wp-content\/uploads\/2017\/12\/tabla-fr-1.jpg\" alt=\"\" width=\"1120\" height=\"301\" srcset=\"https:\/\/www.simasa.com\/wp-content\/uploads\/2017\/12\/tabla-fr-1.jpg 1120w, https:\/\/www.simasa.com\/wp-content\/uploads\/2017\/12\/tabla-fr-1-416x112.jpg 416w\" sizes=\"auto, (max-width: 1120px) 100vw, 1120px\" \/><\/p>\n<p><iframe loading=\"lazy\" src=\"https:\/\/www.youtube.com\/embed\/EeXmfoXIqHI\" width=\"945\" height=\"540\" frameborder=\"0\" allowfullscreen=\"allowfullscreen\" data-mce-fragment=\"1\"><\/iframe><\/p>\n","protected":false},"excerpt":{"rendered":"<p>&nbsp;<\/p>\n<p>Le <strong>haut rendement<\/strong> des cintreuses \u00e0 \u00e9triers mod\u00e8le <strong>STAR 16<\/strong> r\u00e9side sur un design pratique et confortable qui permet la r\u00e9alisation de 700 \u00e9triers\/heure sans efforts (en fonction de la forme de l&rsquo; \u00e9trier, de l&rsquo;\u00e9paisseur de la barre et de la comp\u00e9tence de l&rsquo;utilisateur).<\/p>\n","protected":false},"featured_media":10784,"comment_status":"open","ping_status":"closed","template":"","meta":{"_acf_changed":false},"product_brand":[],"product_cat":[1807],"product_tag":[],"class_list":{"0":"post-7966","1":"product","2":"type-product","3":"status-publish","4":"has-post-thumbnail","6":"product_cat-cintreuses-a-etriers","7":"pa_max-bending-3819","8":"pa_power-electriques","10":"first","11":"instock","12":"shipping-taxable","13":"product-type-simple"},"acf":[],"yoast_head":"<!-- This site is optimized with the Yoast SEO plugin v27.2 - https:\/\/yoast.com\/product\/yoast-seo-wordpress\/ -->\n<title>- STAR - 16 | Sima<\/title>\n<meta name=\"description\" content=\"STAR - 16. &nbsp;  Le haut rendement des cintreuses \u00e0 \u00e9triers mod\u00e8le STAR 16 r\u00e9side sur un design pratique et confortable qui permet la r\u00e9alisation de 700 \u00e9triers\/heure sans efforts (en fonction de la forme de l&#039; \u00e9trier, de l&#039;\u00e9paisseur de la barre et de la comp\u00e9tence de l&#039;utilisateur).\" \/>\n<meta name=\"robots\" content=\"noindex, follow\" \/>\n<meta property=\"og:locale\" content=\"fr_FR\" \/>\n<meta property=\"og:type\" content=\"article\" \/>\n<meta property=\"og:title\" content=\"- STAR - 16 | Sima\" \/>\n<meta property=\"og:description\" content=\"STAR - 16. &nbsp;  Le haut rendement des cintreuses \u00e0 \u00e9triers mod\u00e8le STAR 16 r\u00e9side sur un design pratique et confortable qui permet la r\u00e9alisation de 700 \u00e9triers\/heure sans efforts (en fonction de la forme de l&#039; \u00e9trier, de l&#039;\u00e9paisseur de la barre et de la comp\u00e9tence de l&#039;utilisateur).\" \/>\n<meta property=\"og:url\" content=\"https:\/\/www.simasa.com\/fr\/producto\/star-16\/\" \/>\n<meta property=\"og:site_name\" content=\"Sima\" \/>\n<meta property=\"article:modified_time\" content=\"2022-06-10T11:40:44+00:00\" \/>\n<meta property=\"og:image\" content=\"https:\/\/www.simasa.com\/wp-content\/uploads\/2017\/06\/STAR-16-GO-SILUETEADA-OK-e1654861215883.png\" \/>\n\t<meta property=\"og:image:width\" content=\"1000\" \/>\n\t<meta property=\"og:image:height\" content=\"1771\" \/>\n\t<meta property=\"og:image:type\" content=\"image\/png\" \/>\n<meta name=\"twitter:card\" content=\"summary_large_image\" \/>\n<meta name=\"twitter:label1\" content=\"Dur\u00e9e de lecture estim\u00e9e\" \/>\n\t<meta name=\"twitter:data1\" content=\"1 minute\" \/>\n<script type=\"application\/ld+json\" class=\"yoast-schema-graph\">{\"@context\":\"https:\/\/schema.org\",\"@graph\":[{\"@type\":\"WebPage\",\"@id\":\"https:\/\/www.simasa.com\/fr\/producto\/star-16\/\",\"url\":\"https:\/\/www.simasa.com\/fr\/producto\/star-16\/\",\"name\":\"- STAR - 16 | Sima\",\"isPartOf\":{\"@id\":\"https:\/\/www.simasa.com\/fr\/#website\"},\"primaryImageOfPage\":{\"@id\":\"https:\/\/www.simasa.com\/fr\/producto\/star-16\/#primaryimage\"},\"image\":{\"@id\":\"https:\/\/www.simasa.com\/fr\/producto\/star-16\/#primaryimage\"},\"thumbnailUrl\":\"https:\/\/www.simasa.com\/wp-content\/uploads\/2017\/06\/STAR-16-GO-SILUETEADA-OK-e1654861215883.png\",\"datePublished\":\"2017-12-22T12:52:15+00:00\",\"dateModified\":\"2022-06-10T11:40:44+00:00\",\"description\":\"STAR - 16. &nbsp; Le haut rendement des cintreuses \u00e0 \u00e9triers mod\u00e8le STAR 16 r\u00e9side sur un design pratique et confortable qui permet la r\u00e9alisation de 700 \u00e9triers\/heure sans efforts (en fonction de la forme de l' \u00e9trier, de l'\u00e9paisseur de la barre et de la comp\u00e9tence de l'utilisateur).\",\"breadcrumb\":{\"@id\":\"https:\/\/www.simasa.com\/fr\/producto\/star-16\/#breadcrumb\"},\"inLanguage\":\"fr-FR\",\"potentialAction\":[{\"@type\":\"ReadAction\",\"target\":[\"https:\/\/www.simasa.com\/fr\/producto\/star-16\/\"]}]},{\"@type\":\"ImageObject\",\"inLanguage\":\"fr-FR\",\"@id\":\"https:\/\/www.simasa.com\/fr\/producto\/star-16\/#primaryimage\",\"url\":\"https:\/\/www.simasa.com\/wp-content\/uploads\/2017\/06\/STAR-16-GO-SILUETEADA-OK-e1654861215883.png\",\"contentUrl\":\"https:\/\/www.simasa.com\/wp-content\/uploads\/2017\/06\/STAR-16-GO-SILUETEADA-OK-e1654861215883.png\",\"width\":1000,\"height\":1771},{\"@type\":\"BreadcrumbList\",\"@id\":\"https:\/\/www.simasa.com\/fr\/producto\/star-16\/#breadcrumb\",\"itemListElement\":[{\"@type\":\"ListItem\",\"position\":1,\"name\":\"Inicio\",\"item\":\"https:\/\/www.simasa.com\/fr\/\"},{\"@type\":\"ListItem\",\"position\":2,\"name\":\"Catalogue\",\"item\":\"https:\/\/www.simasa.com\/cat-sima\/\"},{\"@type\":\"ListItem\",\"position\":3,\"name\":\"STAR &#8211; 16\"}]},{\"@type\":\"WebSite\",\"@id\":\"https:\/\/www.simasa.com\/fr\/#website\",\"url\":\"https:\/\/www.simasa.com\/fr\/\",\"name\":\"Sima\",\"description\":\"Fabricantes de maquinaria para la construcci\u00f3n\",\"publisher\":{\"@id\":\"https:\/\/www.simasa.com\/fr\/#organization\"},\"potentialAction\":[{\"@type\":\"SearchAction\",\"target\":{\"@type\":\"EntryPoint\",\"urlTemplate\":\"https:\/\/www.simasa.com\/fr\/?s={search_term_string}\"},\"query-input\":{\"@type\":\"PropertyValueSpecification\",\"valueRequired\":true,\"valueName\":\"search_term_string\"}}],\"inLanguage\":\"fr-FR\"},{\"@type\":\"Organization\",\"@id\":\"https:\/\/www.simasa.com\/fr\/#organization\",\"name\":\"Sima\",\"url\":\"https:\/\/www.simasa.com\/fr\/\",\"logo\":{\"@type\":\"ImageObject\",\"inLanguage\":\"fr-FR\",\"@id\":\"https:\/\/www.simasa.com\/fr\/#\/schema\/logo\/image\/\",\"url\":\"https:\/\/www.simasa.com\/wp-content\/uploads\/2016\/03\/logo-1.jpg\",\"contentUrl\":\"https:\/\/www.simasa.com\/wp-content\/uploads\/2016\/03\/logo-1.jpg\",\"width\":121,\"height\":54,\"caption\":\"Sima\"},\"image\":{\"@id\":\"https:\/\/www.simasa.com\/fr\/#\/schema\/logo\/image\/\"}}]}<\/script>\n<!-- \/ Yoast SEO plugin. -->","yoast_head_json":{"title":"- STAR - 16 | Sima","description":"STAR - 16. &nbsp;  Le haut rendement des cintreuses \u00e0 \u00e9triers mod\u00e8le STAR 16 r\u00e9side sur un design pratique et confortable qui permet la r\u00e9alisation de 700 \u00e9triers\/heure sans efforts (en fonction de la forme de l' \u00e9trier, de l'\u00e9paisseur de la barre et de la comp\u00e9tence de l'utilisateur).","robots":{"index":"noindex","follow":"follow"},"og_locale":"fr_FR","og_type":"article","og_title":"- STAR - 16 | Sima","og_description":"STAR - 16. &nbsp;  Le haut rendement des cintreuses \u00e0 \u00e9triers mod\u00e8le STAR 16 r\u00e9side sur un design pratique et confortable qui permet la r\u00e9alisation de 700 \u00e9triers\/heure sans efforts (en fonction de la forme de l' \u00e9trier, de l'\u00e9paisseur de la barre et de la comp\u00e9tence de l'utilisateur).","og_url":"https:\/\/www.simasa.com\/fr\/producto\/star-16\/","og_site_name":"Sima","article_modified_time":"2022-06-10T11:40:44+00:00","og_image":[{"width":1000,"height":1771,"url":"https:\/\/www.simasa.com\/wp-content\/uploads\/2017\/06\/STAR-16-GO-SILUETEADA-OK-e1654861215883.png","type":"image\/png"}],"twitter_card":"summary_large_image","twitter_misc":{"Dur\u00e9e de lecture estim\u00e9e":"1 minute"},"schema":{"@context":"https:\/\/schema.org","@graph":[{"@type":"WebPage","@id":"https:\/\/www.simasa.com\/fr\/producto\/star-16\/","url":"https:\/\/www.simasa.com\/fr\/producto\/star-16\/","name":"- STAR - 16 | Sima","isPartOf":{"@id":"https:\/\/www.simasa.com\/fr\/#website"},"primaryImageOfPage":{"@id":"https:\/\/www.simasa.com\/fr\/producto\/star-16\/#primaryimage"},"image":{"@id":"https:\/\/www.simasa.com\/fr\/producto\/star-16\/#primaryimage"},"thumbnailUrl":"https:\/\/www.simasa.com\/wp-content\/uploads\/2017\/06\/STAR-16-GO-SILUETEADA-OK-e1654861215883.png","datePublished":"2017-12-22T12:52:15+00:00","dateModified":"2022-06-10T11:40:44+00:00","description":"STAR - 16. &nbsp; Le haut rendement des cintreuses \u00e0 \u00e9triers mod\u00e8le STAR 16 r\u00e9side sur un design pratique et confortable qui permet la r\u00e9alisation de 700 \u00e9triers\/heure sans efforts (en fonction de la forme de l' \u00e9trier, de l'\u00e9paisseur de la barre et de la comp\u00e9tence de l'utilisateur).","breadcrumb":{"@id":"https:\/\/www.simasa.com\/fr\/producto\/star-16\/#breadcrumb"},"inLanguage":"fr-FR","potentialAction":[{"@type":"ReadAction","target":["https:\/\/www.simasa.com\/fr\/producto\/star-16\/"]}]},{"@type":"ImageObject","inLanguage":"fr-FR","@id":"https:\/\/www.simasa.com\/fr\/producto\/star-16\/#primaryimage","url":"https:\/\/www.simasa.com\/wp-content\/uploads\/2017\/06\/STAR-16-GO-SILUETEADA-OK-e1654861215883.png","contentUrl":"https:\/\/www.simasa.com\/wp-content\/uploads\/2017\/06\/STAR-16-GO-SILUETEADA-OK-e1654861215883.png","width":1000,"height":1771},{"@type":"BreadcrumbList","@id":"https:\/\/www.simasa.com\/fr\/producto\/star-16\/#breadcrumb","itemListElement":[{"@type":"ListItem","position":1,"name":"Inicio","item":"https:\/\/www.simasa.com\/fr\/"},{"@type":"ListItem","position":2,"name":"Catalogue","item":"https:\/\/www.simasa.com\/cat-sima\/"},{"@type":"ListItem","position":3,"name":"STAR &#8211; 16"}]},{"@type":"WebSite","@id":"https:\/\/www.simasa.com\/fr\/#website","url":"https:\/\/www.simasa.com\/fr\/","name":"Sima","description":"Fabricantes de maquinaria para la construcci\u00f3n","publisher":{"@id":"https:\/\/www.simasa.com\/fr\/#organization"},"potentialAction":[{"@type":"SearchAction","target":{"@type":"EntryPoint","urlTemplate":"https:\/\/www.simasa.com\/fr\/?s={search_term_string}"},"query-input":{"@type":"PropertyValueSpecification","valueRequired":true,"valueName":"search_term_string"}}],"inLanguage":"fr-FR"},{"@type":"Organization","@id":"https:\/\/www.simasa.com\/fr\/#organization","name":"Sima","url":"https:\/\/www.simasa.com\/fr\/","logo":{"@type":"ImageObject","inLanguage":"fr-FR","@id":"https:\/\/www.simasa.com\/fr\/#\/schema\/logo\/image\/","url":"https:\/\/www.simasa.com\/wp-content\/uploads\/2016\/03\/logo-1.jpg","contentUrl":"https:\/\/www.simasa.com\/wp-content\/uploads\/2016\/03\/logo-1.jpg","width":121,"height":54,"caption":"Sima"},"image":{"@id":"https:\/\/www.simasa.com\/fr\/#\/schema\/logo\/image\/"}}]}},"_links":{"self":[{"href":"https:\/\/www.simasa.com\/fr\/wp-json\/wp\/v2\/product\/7966","targetHints":{"allow":["GET"]}}],"collection":[{"href":"https:\/\/www.simasa.com\/fr\/wp-json\/wp\/v2\/product"}],"about":[{"href":"https:\/\/www.simasa.com\/fr\/wp-json\/wp\/v2\/types\/product"}],"replies":[{"embeddable":true,"href":"https:\/\/www.simasa.com\/fr\/wp-json\/wp\/v2\/comments?post=7966"}],"wp:featuredmedia":[{"embeddable":true,"href":"https:\/\/www.simasa.com\/fr\/wp-json\/wp\/v2\/media\/10784"}],"wp:attachment":[{"href":"https:\/\/www.simasa.com\/fr\/wp-json\/wp\/v2\/media?parent=7966"}],"wp:term":[{"taxonomy":"product_brand","embeddable":true,"href":"https:\/\/www.simasa.com\/fr\/wp-json\/wp\/v2\/product_brand?post=7966"},{"taxonomy":"product_cat","embeddable":true,"href":"https:\/\/www.simasa.com\/fr\/wp-json\/wp\/v2\/product_cat?post=7966"},{"taxonomy":"product_tag","embeddable":true,"href":"https:\/\/www.simasa.com\/fr\/wp-json\/wp\/v2\/product_tag?post=7966"}],"curies":[{"name":"wp","href":"https:\/\/api.w.org\/{rel}","templated":true}]}}