{"id":7915,"date":"2017-06-02T15:56:17","date_gmt":"2017-12-22T12:15:18","guid":{"rendered":"https:\/\/www.simasa.com\/?post_type=product&#038;p=7915"},"modified":"2017-12-28T18:49:49","modified_gmt":"2017-12-28T18:49:49","slug":"combi-30-36","status":"publish","type":"product","link":"https:\/\/www.simasa.com\/fr\/producto\/combi-30-36\/","title":{"rendered":"COMBI 30 &#8211; 36"},"content":{"rendered":"<p>Particuli\u00e8rement adapt\u00e9es pour la <strong>confection de structures de fer \u00e0 b\u00e9ton avec des barres d&rsquo;armature<\/strong> jusqu&rsquo;\u00e0 36 mm (pour la coupe) et 52 mm (pour le cintrage). Machine polyvalente qui permet de faire aussi des \u00e9triers et des <strong>spirales<\/strong> en utilisant les accessoires n\u00e9cessaires.<\/p>\n<p>La gamme <strong>COMBI<\/strong> repr\u00e9sente une solution id\u00e9ale pour le professionnel du fer \u00e0 b\u00e9ton. Labeur <strong>ind\u00e9pendante du professionnel \u00e0 faible co\u00fbt<\/strong> (un seul investissement dans une seule machine ).<\/p>\n<p>En outre, elle permet avec une seule machine, plusieurs op\u00e9rations sur le fer \u00e0 b\u00e9ton tout en obtenant une production moyenne.<\/p>\n<p>La plus compl\u00e8te.<\/p>\n<ul>\n<li>Les <strong>COMBI<\/strong> offrent la m\u00eame production et la <strong>capacit\u00e9 de cintrage que les DEL<\/strong>.<\/li>\n<li>Elles <strong>sont \u00e9quip\u00e9es des m\u00eames dispositifs de s\u00e9curit\u00e9 m\u00e9canique et \u00e9lectrique que les DEL<\/strong>. Les composants \u00e9lectriques sont de Mod\u00e8le Schneider &#8211; Telemecanique.<\/li>\n<li>Elles sont \u00e9quip\u00e9es d&rsquo; un carter de <strong>protection des lames avec capteur<\/strong>. Cela emp\u00eache le fonctionnement de la p\u00e9dale si celui-ci n&rsquo; est pas en place.<\/li>\n<li><strong>Entretien simple et \u00e9conomique<\/strong> par l&rsquo; utilisateur une fois par semaine. Nettoyage de la machine et zone de travail pendant 15 minutes maximum.<\/li>\n<li>La version <strong>COMBI monophas\u00e9e \u00e0 220 V<\/strong> est capable de r\u00e9aliser les quatre fonctions de base pour l&rsquo; \u00e9laboration de fer \u00e0 b\u00e9ton sans avoir recours au courant triphas\u00e9 ou groupe \u00e9lectrog\u00e8ne. Le syst\u00e8me inverter permet de stabiliser l&rsquo; \u00e9lectricit\u00e9 tout en prolongeant la dur\u00e9e de vie du moteur.Les mod\u00e8les <strong>COMBI 25\/32 et COMBI 30\/36<\/strong> existent aussi en motorisation \u00e0 2 vitesses: normale et rapide.<\/li>\n<\/ul>\n<p>&nbsp;<\/p>\n<p><img loading=\"lazy\" decoding=\"async\" class=\"alignnone wp-image-7858 size-full\" src=\"https:\/\/www.simasa.com\/wp-content\/uploads\/2017\/12\/quatre-en-une.jpg\" alt=\"\" width=\"1174\" height=\"670\" srcset=\"https:\/\/www.simasa.com\/wp-content\/uploads\/2017\/12\/quatre-en-une.jpg 1174w, https:\/\/www.simasa.com\/wp-content\/uploads\/2017\/12\/quatre-en-une-416x237.jpg 416w\" sizes=\"auto, (max-width: 1174px) 100vw, 1174px\" \/><\/p>\n<p>&nbsp;<\/p>\n<p><img loading=\"lazy\" decoding=\"async\" class=\"alignnone wp-image-7838 size-full\" src=\"https:\/\/www.simasa.com\/wp-content\/uploads\/2017\/12\/avantages-combi.jpg\" alt=\"\" width=\"1120\" height=\"497\" srcset=\"https:\/\/www.simasa.com\/wp-content\/uploads\/2017\/12\/avantages-combi.jpg 1120w, https:\/\/www.simasa.com\/wp-content\/uploads\/2017\/12\/avantages-combi-416x185.jpg 416w\" sizes=\"auto, (max-width: 1120px) 100vw, 1120px\" \/><\/p>\n<p>&nbsp;<\/p>\n<p><img loading=\"lazy\" decoding=\"async\" class=\"alignnone wp-image-7882 size-full\" src=\"https:\/\/www.simasa.com\/wp-content\/uploads\/2017\/12\/tabla-fr.jpg\" alt=\"\" width=\"1123\" height=\"572\" srcset=\"https:\/\/www.simasa.com\/wp-content\/uploads\/2017\/12\/tabla-fr.jpg 1123w, https:\/\/www.simasa.com\/wp-content\/uploads\/2017\/12\/tabla-fr-416x212.jpg 416w\" sizes=\"auto, (max-width: 1123px) 100vw, 1123px\" \/><\/p>\n<p><img loading=\"lazy\" decoding=\"async\" class=\"alignnone wp-image-7894 size-full\" src=\"https:\/\/www.simasa.com\/wp-content\/uploads\/2017\/12\/tabla2-fr.jpg\" alt=\"\" width=\"1128\" height=\"318\" srcset=\"https:\/\/www.simasa.com\/wp-content\/uploads\/2017\/12\/tabla2-fr.jpg 1128w, https:\/\/www.simasa.com\/wp-content\/uploads\/2017\/12\/tabla2-fr-416x117.jpg 416w\" sizes=\"auto, (max-width: 1128px) 100vw, 1128px\" \/><\/p>\n<p>&nbsp;<\/p>\n<p><iframe loading=\"lazy\" src=\"https:\/\/www.youtube.com\/embed\/Bs1Dgoxypvk\" width=\"945\" height=\"540\" frameborder=\"0\" allowfullscreen=\"allowfullscreen\" data-mce-fragment=\"1\"><\/iframe><\/p>\n","protected":false},"excerpt":{"rendered":"<p>Les <strong>COMBI 30-36<\/strong> sont particuli\u00e8rement adapt\u00e9es <strong>pour la confection de structures de fer \u00e0 b\u00e9ton avec des barres d&rsquo;armature<\/strong> jusqu&rsquo;\u00e0 36 mm (pour la coupe) et 52 mm (pour le cintrage). Machine polyvalente qui permet de faire aussi des <strong>\u00e9triers et des spirales<\/strong> en utilisant les accessoires n\u00e9cessaires.<\/p>\n","protected":false},"featured_media":6203,"comment_status":"open","ping_status":"closed","template":"","meta":{"_acf_changed":false},"product_brand":[],"product_cat":[1808],"product_tag":[],"class_list":{"0":"post-7915","1":"product","2":"type-product","3":"status-publish","4":"has-post-thumbnail","6":"product_cat-cintreuses-et-cisailles","7":"pa_max-bending-3828","8":"pa_max-cutting-3846","9":"pa_power-electriques","11":"first","12":"instock","13":"shipping-taxable","14":"product-type-simple"},"acf":[],"yoast_head":"<!-- This site is optimized with the Yoast SEO plugin v27.4 - https:\/\/yoast.com\/product\/yoast-seo-wordpress\/ -->\n<title>- COMBI 30 - 36 | Sima<\/title>\n<meta name=\"description\" content=\"COMBI 30 - 36. Les COMBI 30-36 sont particuli\u00e8rement adapt\u00e9es pour la confection de structures de fer \u00e0 b\u00e9ton avec des barres d&#039;armature jusqu&#039;\u00e0 36 mm (pour la coupe) et 52 mm (pour le cintrage). Machine polyvalente qui permet de faire aussi des \u00e9triers et des spirales en utilisant les accessoires n\u00e9cessaires.\" \/>\n<meta name=\"robots\" content=\"noindex, follow\" \/>\n<meta property=\"og:locale\" content=\"fr_FR\" \/>\n<meta property=\"og:type\" content=\"article\" \/>\n<meta property=\"og:title\" content=\"- COMBI 30 - 36 | Sima\" \/>\n<meta property=\"og:description\" content=\"COMBI 30 - 36. Les COMBI 30-36 sont particuli\u00e8rement adapt\u00e9es pour la confection de structures de fer \u00e0 b\u00e9ton avec des barres d&#039;armature jusqu&#039;\u00e0 36 mm (pour la coupe) et 52 mm (pour le cintrage). Machine polyvalente qui permet de faire aussi des \u00e9triers et des spirales en utilisant les accessoires n\u00e9cessaires.\" \/>\n<meta property=\"og:url\" content=\"https:\/\/www.simasa.com\/fr\/producto\/combi-30-36\/\" \/>\n<meta property=\"og:site_name\" content=\"Sima\" \/>\n<meta property=\"article:modified_time\" content=\"2017-12-28T18:49:49+00:00\" \/>\n<meta property=\"og:image\" content=\"https:\/\/www.simasa.com\/wp-content\/uploads\/2017\/06\/SIMA-COMBI-30-36-2.jpg\" \/>\n\t<meta property=\"og:image:width\" content=\"977\" \/>\n\t<meta property=\"og:image:height\" content=\"977\" \/>\n\t<meta property=\"og:image:type\" content=\"image\/jpeg\" \/>\n<meta name=\"twitter:card\" content=\"summary_large_image\" \/>\n<meta name=\"twitter:label1\" content=\"Dur\u00e9e de lecture estim\u00e9e\" \/>\n\t<meta name=\"twitter:data1\" content=\"1 minute\" \/>\n<script type=\"application\/ld+json\" class=\"yoast-schema-graph\">{\"@context\":\"https:\\\/\\\/schema.org\",\"@graph\":[{\"@type\":\"WebPage\",\"@id\":\"https:\\\/\\\/www.simasa.com\\\/fr\\\/producto\\\/combi-30-36\\\/\",\"url\":\"https:\\\/\\\/www.simasa.com\\\/fr\\\/producto\\\/combi-30-36\\\/\",\"name\":\"- COMBI 30 - 36 | Sima\",\"isPartOf\":{\"@id\":\"https:\\\/\\\/www.simasa.com\\\/fr\\\/#website\"},\"primaryImageOfPage\":{\"@id\":\"https:\\\/\\\/www.simasa.com\\\/fr\\\/producto\\\/combi-30-36\\\/#primaryimage\"},\"image\":{\"@id\":\"https:\\\/\\\/www.simasa.com\\\/fr\\\/producto\\\/combi-30-36\\\/#primaryimage\"},\"thumbnailUrl\":\"https:\\\/\\\/www.simasa.com\\\/wp-content\\\/uploads\\\/2017\\\/06\\\/SIMA-COMBI-30-36-2.jpg\",\"datePublished\":\"2017-12-22T12:15:18+00:00\",\"dateModified\":\"2017-12-28T18:49:49+00:00\",\"description\":\"COMBI 30 - 36. Les COMBI 30-36 sont particuli\u00e8rement adapt\u00e9es pour la confection de structures de fer \u00e0 b\u00e9ton avec des barres d'armature jusqu'\u00e0 36 mm (pour la coupe) et 52 mm (pour le cintrage). Machine polyvalente qui permet de faire aussi des \u00e9triers et des spirales en utilisant les accessoires n\u00e9cessaires.\",\"breadcrumb\":{\"@id\":\"https:\\\/\\\/www.simasa.com\\\/fr\\\/producto\\\/combi-30-36\\\/#breadcrumb\"},\"inLanguage\":\"fr-FR\",\"potentialAction\":[{\"@type\":\"ReadAction\",\"target\":[\"https:\\\/\\\/www.simasa.com\\\/fr\\\/producto\\\/combi-30-36\\\/\"]}]},{\"@type\":\"ImageObject\",\"inLanguage\":\"fr-FR\",\"@id\":\"https:\\\/\\\/www.simasa.com\\\/fr\\\/producto\\\/combi-30-36\\\/#primaryimage\",\"url\":\"https:\\\/\\\/www.simasa.com\\\/wp-content\\\/uploads\\\/2017\\\/06\\\/SIMA-COMBI-30-36-2.jpg\",\"contentUrl\":\"https:\\\/\\\/www.simasa.com\\\/wp-content\\\/uploads\\\/2017\\\/06\\\/SIMA-COMBI-30-36-2.jpg\",\"width\":977,\"height\":977},{\"@type\":\"BreadcrumbList\",\"@id\":\"https:\\\/\\\/www.simasa.com\\\/fr\\\/producto\\\/combi-30-36\\\/#breadcrumb\",\"itemListElement\":[{\"@type\":\"ListItem\",\"position\":1,\"name\":\"Inicio\",\"item\":\"https:\\\/\\\/www.simasa.com\\\/fr\\\/\"},{\"@type\":\"ListItem\",\"position\":2,\"name\":\"Catalogue\",\"item\":\"https:\\\/\\\/www.simasa.com\\\/cat-sima\\\/\"},{\"@type\":\"ListItem\",\"position\":3,\"name\":\"COMBI 30 &#8211; 36\"}]},{\"@type\":\"WebSite\",\"@id\":\"https:\\\/\\\/www.simasa.com\\\/fr\\\/#website\",\"url\":\"https:\\\/\\\/www.simasa.com\\\/fr\\\/\",\"name\":\"Sima\",\"description\":\"Fabricantes de maquinaria para la construcci\u00f3n\",\"publisher\":{\"@id\":\"https:\\\/\\\/www.simasa.com\\\/fr\\\/#organization\"},\"potentialAction\":[{\"@type\":\"SearchAction\",\"target\":{\"@type\":\"EntryPoint\",\"urlTemplate\":\"https:\\\/\\\/www.simasa.com\\\/fr\\\/?s={search_term_string}\"},\"query-input\":{\"@type\":\"PropertyValueSpecification\",\"valueRequired\":true,\"valueName\":\"search_term_string\"}}],\"inLanguage\":\"fr-FR\"},{\"@type\":\"Organization\",\"@id\":\"https:\\\/\\\/www.simasa.com\\\/fr\\\/#organization\",\"name\":\"Sima\",\"url\":\"https:\\\/\\\/www.simasa.com\\\/fr\\\/\",\"logo\":{\"@type\":\"ImageObject\",\"inLanguage\":\"fr-FR\",\"@id\":\"https:\\\/\\\/www.simasa.com\\\/fr\\\/#\\\/schema\\\/logo\\\/image\\\/\",\"url\":\"https:\\\/\\\/www.simasa.com\\\/wp-content\\\/uploads\\\/2016\\\/03\\\/logo-1.jpg\",\"contentUrl\":\"https:\\\/\\\/www.simasa.com\\\/wp-content\\\/uploads\\\/2016\\\/03\\\/logo-1.jpg\",\"width\":121,\"height\":54,\"caption\":\"Sima\"},\"image\":{\"@id\":\"https:\\\/\\\/www.simasa.com\\\/fr\\\/#\\\/schema\\\/logo\\\/image\\\/\"}}]}<\/script>\n<!-- \/ Yoast SEO plugin. -->","yoast_head_json":{"title":"- COMBI 30 - 36 | Sima","description":"COMBI 30 - 36. Les COMBI 30-36 sont particuli\u00e8rement adapt\u00e9es pour la confection de structures de fer \u00e0 b\u00e9ton avec des barres d'armature jusqu'\u00e0 36 mm (pour la coupe) et 52 mm (pour le cintrage). Machine polyvalente qui permet de faire aussi des \u00e9triers et des spirales en utilisant les accessoires n\u00e9cessaires.","robots":{"index":"noindex","follow":"follow"},"og_locale":"fr_FR","og_type":"article","og_title":"- COMBI 30 - 36 | Sima","og_description":"COMBI 30 - 36. Les COMBI 30-36 sont particuli\u00e8rement adapt\u00e9es pour la confection de structures de fer \u00e0 b\u00e9ton avec des barres d'armature jusqu'\u00e0 36 mm (pour la coupe) et 52 mm (pour le cintrage). Machine polyvalente qui permet de faire aussi des \u00e9triers et des spirales en utilisant les accessoires n\u00e9cessaires.","og_url":"https:\/\/www.simasa.com\/fr\/producto\/combi-30-36\/","og_site_name":"Sima","article_modified_time":"2017-12-28T18:49:49+00:00","og_image":[{"width":977,"height":977,"url":"https:\/\/www.simasa.com\/wp-content\/uploads\/2017\/06\/SIMA-COMBI-30-36-2.jpg","type":"image\/jpeg"}],"twitter_card":"summary_large_image","twitter_misc":{"Dur\u00e9e de lecture estim\u00e9e":"1 minute"},"schema":{"@context":"https:\/\/schema.org","@graph":[{"@type":"WebPage","@id":"https:\/\/www.simasa.com\/fr\/producto\/combi-30-36\/","url":"https:\/\/www.simasa.com\/fr\/producto\/combi-30-36\/","name":"- COMBI 30 - 36 | Sima","isPartOf":{"@id":"https:\/\/www.simasa.com\/fr\/#website"},"primaryImageOfPage":{"@id":"https:\/\/www.simasa.com\/fr\/producto\/combi-30-36\/#primaryimage"},"image":{"@id":"https:\/\/www.simasa.com\/fr\/producto\/combi-30-36\/#primaryimage"},"thumbnailUrl":"https:\/\/www.simasa.com\/wp-content\/uploads\/2017\/06\/SIMA-COMBI-30-36-2.jpg","datePublished":"2017-12-22T12:15:18+00:00","dateModified":"2017-12-28T18:49:49+00:00","description":"COMBI 30 - 36. Les COMBI 30-36 sont particuli\u00e8rement adapt\u00e9es pour la confection de structures de fer \u00e0 b\u00e9ton avec des barres d'armature jusqu'\u00e0 36 mm (pour la coupe) et 52 mm (pour le cintrage). Machine polyvalente qui permet de faire aussi des \u00e9triers et des spirales en utilisant les accessoires n\u00e9cessaires.","breadcrumb":{"@id":"https:\/\/www.simasa.com\/fr\/producto\/combi-30-36\/#breadcrumb"},"inLanguage":"fr-FR","potentialAction":[{"@type":"ReadAction","target":["https:\/\/www.simasa.com\/fr\/producto\/combi-30-36\/"]}]},{"@type":"ImageObject","inLanguage":"fr-FR","@id":"https:\/\/www.simasa.com\/fr\/producto\/combi-30-36\/#primaryimage","url":"https:\/\/www.simasa.com\/wp-content\/uploads\/2017\/06\/SIMA-COMBI-30-36-2.jpg","contentUrl":"https:\/\/www.simasa.com\/wp-content\/uploads\/2017\/06\/SIMA-COMBI-30-36-2.jpg","width":977,"height":977},{"@type":"BreadcrumbList","@id":"https:\/\/www.simasa.com\/fr\/producto\/combi-30-36\/#breadcrumb","itemListElement":[{"@type":"ListItem","position":1,"name":"Inicio","item":"https:\/\/www.simasa.com\/fr\/"},{"@type":"ListItem","position":2,"name":"Catalogue","item":"https:\/\/www.simasa.com\/cat-sima\/"},{"@type":"ListItem","position":3,"name":"COMBI 30 &#8211; 36"}]},{"@type":"WebSite","@id":"https:\/\/www.simasa.com\/fr\/#website","url":"https:\/\/www.simasa.com\/fr\/","name":"Sima","description":"Fabricantes de maquinaria para la construcci\u00f3n","publisher":{"@id":"https:\/\/www.simasa.com\/fr\/#organization"},"potentialAction":[{"@type":"SearchAction","target":{"@type":"EntryPoint","urlTemplate":"https:\/\/www.simasa.com\/fr\/?s={search_term_string}"},"query-input":{"@type":"PropertyValueSpecification","valueRequired":true,"valueName":"search_term_string"}}],"inLanguage":"fr-FR"},{"@type":"Organization","@id":"https:\/\/www.simasa.com\/fr\/#organization","name":"Sima","url":"https:\/\/www.simasa.com\/fr\/","logo":{"@type":"ImageObject","inLanguage":"fr-FR","@id":"https:\/\/www.simasa.com\/fr\/#\/schema\/logo\/image\/","url":"https:\/\/www.simasa.com\/wp-content\/uploads\/2016\/03\/logo-1.jpg","contentUrl":"https:\/\/www.simasa.com\/wp-content\/uploads\/2016\/03\/logo-1.jpg","width":121,"height":54,"caption":"Sima"},"image":{"@id":"https:\/\/www.simasa.com\/fr\/#\/schema\/logo\/image\/"}}]}},"_links":{"self":[{"href":"https:\/\/www.simasa.com\/fr\/wp-json\/wp\/v2\/product\/7915","targetHints":{"allow":["GET"]}}],"collection":[{"href":"https:\/\/www.simasa.com\/fr\/wp-json\/wp\/v2\/product"}],"about":[{"href":"https:\/\/www.simasa.com\/fr\/wp-json\/wp\/v2\/types\/product"}],"replies":[{"embeddable":true,"href":"https:\/\/www.simasa.com\/fr\/wp-json\/wp\/v2\/comments?post=7915"}],"wp:featuredmedia":[{"embeddable":true,"href":"https:\/\/www.simasa.com\/fr\/wp-json\/wp\/v2\/media\/6203"}],"wp:attachment":[{"href":"https:\/\/www.simasa.com\/fr\/wp-json\/wp\/v2\/media?parent=7915"}],"wp:term":[{"taxonomy":"product_brand","embeddable":true,"href":"https:\/\/www.simasa.com\/fr\/wp-json\/wp\/v2\/product_brand?post=7915"},{"taxonomy":"product_cat","embeddable":true,"href":"https:\/\/www.simasa.com\/fr\/wp-json\/wp\/v2\/product_cat?post=7915"},{"taxonomy":"product_tag","embeddable":true,"href":"https:\/\/www.simasa.com\/fr\/wp-json\/wp\/v2\/product_tag?post=7915"}],"curies":[{"name":"wp","href":"https:\/\/api.w.org\/{rel}","templated":true}]}}