{"id":7800,"date":"2017-06-02T08:39:28","date_gmt":"2017-06-02T08:39:28","guid":{"rendered":"https:\/\/www.simasa.com\/?post_type=product&#038;p=7800"},"modified":"2026-03-19T15:50:34","modified_gmt":"2026-03-19T14:50:34","slug":"del-36-2v","status":"publish","type":"product","link":"https:\/\/www.simasa.com\/fr\/producto\/del-36-2v\/","title":{"rendered":"DEL &#8211; 36 2V"},"content":{"rendered":"<p>&nbsp;<\/p>\n<p>Quatre mod\u00e8les de cintreuses pour donner r\u00e9ponse aux diff\u00e9rents besoins de cintrage en atelier comme sur chantier.<\/p>\n<p>Dot\u00e9es de mandrins et boulons de diff\u00e9rents diam\u00e8tres pour adapter au rayon de cintrage appropri\u00e9 \u00e0 chaque barre d&rsquo; acier torsad\u00e9 et pour assurer que les caract\u00e9ristiques g\u00e9om\u00e9triques ou m\u00e9caniques ne soient pas alt\u00e9r\u00e9es (micro-fissures ou rupture).<\/p>\n<p>Toutes les cintreuses <strong>DEL<\/strong> permettent la r\u00e9alisation d&rsquo;\u00e9triers polygonaux, de spirales ou piliers circulaires et arcs en utilisant des dispositifs sp\u00e9ciaux (en option).<\/p>\n<p>Entretien simple et peu on\u00e9reux, facilement r\u00e9alisable par l&rsquo;utilisateur. Pas de contrats d&rsquo; entretien.<\/p>\n<p>Comme nouveaut\u00e9, la version <strong>DEL 32<\/strong> monophas\u00e9e \u00e0 230 V qui, avec un inverseur, permet de cintrer partout sans besoin d&rsquo; \u00e9lectricit\u00e9 triphas\u00e9 ou de louer un g\u00e9n\u00e9rateur. Elle est le compl\u00e9ment parfait \u00e0 la cisaille <strong>CEL 36<\/strong> monophas\u00e9, pour des travaux de moyenne envergure.<\/p>\n<p>Tous les mod\u00e8les <strong>DEL<\/strong> int\u00e8grent des syst\u00e8mes de s\u00e9curit\u00e9 exig\u00e9s par les normatives de protection et de s\u00e9curit\u00e9 internationales:<\/p>\n<ul>\n<li><strong>S\u00e9curit\u00e9 m\u00e9canique<\/strong> avec carter de protection d&rsquo; acc\u00e9s aux parties internes et interrupteur de s\u00e9curit\u00e9 qui arr\u00eate la machine si la porte reste ouverte ou le carter\/\u00e9cran en polycarbonate transparent n&rsquo; est pas correctement plac\u00e9. Dans ce cas l\u00e0 la p\u00e9dale ne marche pas.<\/li>\n<li><strong>S\u00e9curit\u00e9 \u00e9lectrique<\/strong>: dot\u00e9e d&rsquo; un tableau de commandes complet, \u00e9tanche, s\u00e9lecteur de rotation gauche-droite, \u00e9cran digital avec indicateur de voltage et amp\u00e9rim\u00e8tre. Dot\u00e9e d&rsquo; un disjoncteur magn\u00e9tothermique pour prot\u00e9ger le moteur en cas d&rsquo; instabilit\u00e9 de l&rsquo;alimentation \u00e9lectrique, et d&rsquo; un compteur d&rsquo; heures d&rsquo;exploitation d\u00e8s le d\u00e9marrage initial.<\/li>\n<li><strong>R\u00e9glage pr\u00e9cis<\/strong> et s\u00fbr de l&rsquo; angle de cintrage gr\u00e2ce aux goujons qui activent un capteur inductif au lieu des fins de course traditionnels.<\/li>\n<li><strong>R\u00e9gles lat\u00e9rales courtes<\/strong> pour l&rsquo; alignement des boulons d&rsquo; appui et \u00e9querre de cintrage avec le boulon d&rsquo; entra\u00eenement sur les mod\u00e8les DEL 32 et DEL 36. Les r\u00e8gles permettent le r\u00e9glage millim\u00e9trique de l&rsquo; angle de cintrage.<\/li>\n<li>Mod\u00e8les <strong>DEL 45<\/strong> et <strong>DEL 52<\/strong> r\u00e9versibles. Dot\u00e9es de longues r\u00e8gles qui rendent le travail ais\u00e9 de n&rsquo; importe quel angle. Cela permet aussi le cintrage de gauche \u00e0 droite en zigzag ou cul de bouteille.<\/li>\n<li>En option les mod\u00e8les <strong>DEL 32, DEL 36 et DEL 45<\/strong> peuvent avoir une motorisation \u00e0 deux vitesses: normale et rapide.<\/li>\n<\/ul>\n<p>&nbsp;<\/p>\n<p><img loading=\"lazy\" decoding=\"async\" class=\"alignnone wp-image-7719 size-full\" src=\"https:\/\/www.simasa.com\/wp-content\/uploads\/2016\/04\/avantages-atouts-gamme-del.jpg\" alt=\"\" width=\"1115\" height=\"493\" srcset=\"https:\/\/www.simasa.com\/wp-content\/uploads\/2016\/04\/avantages-atouts-gamme-del.jpg 1115w, https:\/\/www.simasa.com\/wp-content\/uploads\/2016\/04\/avantages-atouts-gamme-del-416x184.jpg 416w\" sizes=\"auto, (max-width: 1115px) 100vw, 1115px\" \/><\/p>\n<p>&nbsp;<\/p>\n<p><img loading=\"lazy\" decoding=\"async\" class=\"alignnone wp-image-7731 size-full\" src=\"https:\/\/www.simasa.com\/wp-content\/uploads\/2016\/04\/capacite-serie.jpg\" alt=\"\" width=\"1122\" height=\"528\" srcset=\"https:\/\/www.simasa.com\/wp-content\/uploads\/2016\/04\/capacite-serie.jpg 1122w, https:\/\/www.simasa.com\/wp-content\/uploads\/2016\/04\/capacite-serie-416x196.jpg 416w\" sizes=\"auto, (max-width: 1122px) 100vw, 1122px\" \/><\/p>\n<p>&nbsp;<\/p>\n<p><img loading=\"lazy\" decoding=\"async\" class=\"alignnone wp-image-7747 size-full\" src=\"https:\/\/www.simasa.com\/wp-content\/uploads\/2016\/04\/table-fr.jpg\" alt=\"\" width=\"1122\" height=\"332\" srcset=\"https:\/\/www.simasa.com\/wp-content\/uploads\/2016\/04\/table-fr.jpg 1122w, https:\/\/www.simasa.com\/wp-content\/uploads\/2016\/04\/table-fr-416x123.jpg 416w\" sizes=\"auto, (max-width: 1122px) 100vw, 1122px\" \/><\/p>\n<p>&nbsp;<\/p>\n<p>&nbsp;<\/p>\n<p><iframe loading=\"lazy\" src=\"https:\/\/www.youtube.com\/embed\/Bs1Dgoxypvk\" width=\"945\" height=\"540\" frameborder=\"0\" allowfullscreen=\"allowfullscreen\" data-mce-fragment=\"1\"><\/iframe><\/p>\n","protected":false},"excerpt":{"rendered":"<p>Les <strong>cintreuses SIMA DEL 36 2V<\/strong> permettent la r\u00e9alisation d&rsquo;\u00e9triers polygonaux, de spirales ou piliers circulaires et arcs en utilisant des dispositifs sp\u00e9ciaux (en option). Tous les mod\u00e8les <strong>DEL<\/strong> int\u00e8grent des syst\u00e8mes de s\u00e9curit\u00e9 exig\u00e9s par les normatives de protection et de s\u00e9curit\u00e9 internationales.<\/p>\n<p>&nbsp;<\/p>\n","protected":false},"featured_media":6113,"comment_status":"open","ping_status":"closed","template":"","meta":{"_acf_changed":false},"product_brand":[],"product_cat":[1806],"product_tag":[3714],"class_list":{"0":"post-7800","1":"product","2":"type-product","3":"status-publish","4":"has-post-thumbnail","6":"product_cat-cintreuses-automatiques","7":"product_tag-dobladoras-de-ferralla-fr","8":"pa_max-bending-3828","9":"pa_power-electriques","11":"first","12":"instock","13":"shipping-taxable","14":"product-type-simple"},"acf":[],"yoast_head":"<!-- This site is optimized with the Yoast SEO plugin v27.4 - https:\/\/yoast.com\/product\/yoast-seo-wordpress\/ -->\n<title>Dobladoras de Ferralla - DEL - 36 2V | Sima<\/title>\n<meta name=\"description\" content=\"DEL - 36 2V. Les cintreuses SIMA DEL 36 2V permettent la r\u00e9alisation d&#039;\u00e9triers polygonaux, de spirales ou piliers circulaires et arcs en utilisant des dispositifs sp\u00e9ciaux (en option). Tous les mod\u00e8les DEL int\u00e8grent des syst\u00e8mes de s\u00e9curit\u00e9 exig\u00e9s par les normatives de protection et de s\u00e9curit\u00e9 internationales.  &nbsp;\" \/>\n<meta name=\"robots\" content=\"noindex, follow\" \/>\n<meta property=\"og:locale\" content=\"fr_FR\" \/>\n<meta property=\"og:type\" content=\"article\" \/>\n<meta property=\"og:title\" content=\"Dobladoras de Ferralla - DEL - 36 2V | Sima\" \/>\n<meta property=\"og:description\" content=\"DEL - 36 2V. Les cintreuses SIMA DEL 36 2V permettent la r\u00e9alisation d&#039;\u00e9triers polygonaux, de spirales ou piliers circulaires et arcs en utilisant des dispositifs sp\u00e9ciaux (en option). Tous les mod\u00e8les DEL int\u00e8grent des syst\u00e8mes de s\u00e9curit\u00e9 exig\u00e9s par les normatives de protection et de s\u00e9curit\u00e9 internationales.  &nbsp;\" \/>\n<meta property=\"og:url\" content=\"https:\/\/www.simasa.com\/fr\/producto\/del-36-2v\/\" \/>\n<meta property=\"og:site_name\" content=\"Sima\" \/>\n<meta property=\"article:modified_time\" content=\"2026-03-19T14:50:34+00:00\" \/>\n<meta property=\"og:image\" content=\"https:\/\/www.simasa.com\/wp-content\/uploads\/2017\/06\/SIMA-DEL-36.jpg\" \/>\n\t<meta property=\"og:image:width\" content=\"1416\" \/>\n\t<meta property=\"og:image:height\" content=\"1416\" \/>\n\t<meta property=\"og:image:type\" content=\"image\/jpeg\" \/>\n<meta name=\"twitter:card\" content=\"summary_large_image\" \/>\n<meta name=\"twitter:label1\" content=\"Dur\u00e9e de lecture estim\u00e9e\" \/>\n\t<meta name=\"twitter:data1\" content=\"3 minutes\" \/>\n<script type=\"application\/ld+json\" class=\"yoast-schema-graph\">{\"@context\":\"https:\\\/\\\/schema.org\",\"@graph\":[{\"@type\":\"WebPage\",\"@id\":\"https:\\\/\\\/www.simasa.com\\\/fr\\\/producto\\\/del-36-2v\\\/\",\"url\":\"https:\\\/\\\/www.simasa.com\\\/fr\\\/producto\\\/del-36-2v\\\/\",\"name\":\"Dobladoras de Ferralla - DEL - 36 2V | Sima\",\"isPartOf\":{\"@id\":\"https:\\\/\\\/www.simasa.com\\\/fr\\\/#website\"},\"primaryImageOfPage\":{\"@id\":\"https:\\\/\\\/www.simasa.com\\\/fr\\\/producto\\\/del-36-2v\\\/#primaryimage\"},\"image\":{\"@id\":\"https:\\\/\\\/www.simasa.com\\\/fr\\\/producto\\\/del-36-2v\\\/#primaryimage\"},\"thumbnailUrl\":\"https:\\\/\\\/www.simasa.com\\\/wp-content\\\/uploads\\\/2017\\\/06\\\/SIMA-DEL-36.jpg\",\"datePublished\":\"2017-06-02T08:39:28+00:00\",\"dateModified\":\"2026-03-19T14:50:34+00:00\",\"description\":\"DEL - 36 2V. Les cintreuses SIMA DEL 36 2V permettent la r\u00e9alisation d'\u00e9triers polygonaux, de spirales ou piliers circulaires et arcs en utilisant des dispositifs sp\u00e9ciaux (en option). Tous les mod\u00e8les DEL int\u00e8grent des syst\u00e8mes de s\u00e9curit\u00e9 exig\u00e9s par les normatives de protection et de s\u00e9curit\u00e9 internationales. &nbsp;\",\"breadcrumb\":{\"@id\":\"https:\\\/\\\/www.simasa.com\\\/fr\\\/producto\\\/del-36-2v\\\/#breadcrumb\"},\"inLanguage\":\"fr-FR\",\"potentialAction\":[{\"@type\":\"ReadAction\",\"target\":[\"https:\\\/\\\/www.simasa.com\\\/fr\\\/producto\\\/del-36-2v\\\/\"]}]},{\"@type\":\"ImageObject\",\"inLanguage\":\"fr-FR\",\"@id\":\"https:\\\/\\\/www.simasa.com\\\/fr\\\/producto\\\/del-36-2v\\\/#primaryimage\",\"url\":\"https:\\\/\\\/www.simasa.com\\\/wp-content\\\/uploads\\\/2017\\\/06\\\/SIMA-DEL-36.jpg\",\"contentUrl\":\"https:\\\/\\\/www.simasa.com\\\/wp-content\\\/uploads\\\/2017\\\/06\\\/SIMA-DEL-36.jpg\",\"width\":1416,\"height\":1416},{\"@type\":\"BreadcrumbList\",\"@id\":\"https:\\\/\\\/www.simasa.com\\\/fr\\\/producto\\\/del-36-2v\\\/#breadcrumb\",\"itemListElement\":[{\"@type\":\"ListItem\",\"position\":1,\"name\":\"Inicio\",\"item\":\"https:\\\/\\\/www.simasa.com\\\/fr\\\/\"},{\"@type\":\"ListItem\",\"position\":2,\"name\":\"Catalogue\",\"item\":\"https:\\\/\\\/www.simasa.com\\\/cat-sima\\\/\"},{\"@type\":\"ListItem\",\"position\":3,\"name\":\"DEL &#8211; 36 2V\"}]},{\"@type\":\"WebSite\",\"@id\":\"https:\\\/\\\/www.simasa.com\\\/fr\\\/#website\",\"url\":\"https:\\\/\\\/www.simasa.com\\\/fr\\\/\",\"name\":\"Sima\",\"description\":\"Fabricantes de maquinaria para la construcci\u00f3n\",\"publisher\":{\"@id\":\"https:\\\/\\\/www.simasa.com\\\/fr\\\/#organization\"},\"potentialAction\":[{\"@type\":\"SearchAction\",\"target\":{\"@type\":\"EntryPoint\",\"urlTemplate\":\"https:\\\/\\\/www.simasa.com\\\/fr\\\/?s={search_term_string}\"},\"query-input\":{\"@type\":\"PropertyValueSpecification\",\"valueRequired\":true,\"valueName\":\"search_term_string\"}}],\"inLanguage\":\"fr-FR\"},{\"@type\":\"Organization\",\"@id\":\"https:\\\/\\\/www.simasa.com\\\/fr\\\/#organization\",\"name\":\"Sima\",\"url\":\"https:\\\/\\\/www.simasa.com\\\/fr\\\/\",\"logo\":{\"@type\":\"ImageObject\",\"inLanguage\":\"fr-FR\",\"@id\":\"https:\\\/\\\/www.simasa.com\\\/fr\\\/#\\\/schema\\\/logo\\\/image\\\/\",\"url\":\"https:\\\/\\\/www.simasa.com\\\/wp-content\\\/uploads\\\/2016\\\/03\\\/logo-1.jpg\",\"contentUrl\":\"https:\\\/\\\/www.simasa.com\\\/wp-content\\\/uploads\\\/2016\\\/03\\\/logo-1.jpg\",\"width\":121,\"height\":54,\"caption\":\"Sima\"},\"image\":{\"@id\":\"https:\\\/\\\/www.simasa.com\\\/fr\\\/#\\\/schema\\\/logo\\\/image\\\/\"}}]}<\/script>\n<!-- \/ Yoast SEO plugin. -->","yoast_head_json":{"title":"Dobladoras de Ferralla - DEL - 36 2V | Sima","description":"DEL - 36 2V. Les cintreuses SIMA DEL 36 2V permettent la r\u00e9alisation d'\u00e9triers polygonaux, de spirales ou piliers circulaires et arcs en utilisant des dispositifs sp\u00e9ciaux (en option). Tous les mod\u00e8les DEL int\u00e8grent des syst\u00e8mes de s\u00e9curit\u00e9 exig\u00e9s par les normatives de protection et de s\u00e9curit\u00e9 internationales.  &nbsp;","robots":{"index":"noindex","follow":"follow"},"og_locale":"fr_FR","og_type":"article","og_title":"Dobladoras de Ferralla - DEL - 36 2V | Sima","og_description":"DEL - 36 2V. Les cintreuses SIMA DEL 36 2V permettent la r\u00e9alisation d'\u00e9triers polygonaux, de spirales ou piliers circulaires et arcs en utilisant des dispositifs sp\u00e9ciaux (en option). Tous les mod\u00e8les DEL int\u00e8grent des syst\u00e8mes de s\u00e9curit\u00e9 exig\u00e9s par les normatives de protection et de s\u00e9curit\u00e9 internationales.  &nbsp;","og_url":"https:\/\/www.simasa.com\/fr\/producto\/del-36-2v\/","og_site_name":"Sima","article_modified_time":"2026-03-19T14:50:34+00:00","og_image":[{"width":1416,"height":1416,"url":"https:\/\/www.simasa.com\/wp-content\/uploads\/2017\/06\/SIMA-DEL-36.jpg","type":"image\/jpeg"}],"twitter_card":"summary_large_image","twitter_misc":{"Dur\u00e9e de lecture estim\u00e9e":"3 minutes"},"schema":{"@context":"https:\/\/schema.org","@graph":[{"@type":"WebPage","@id":"https:\/\/www.simasa.com\/fr\/producto\/del-36-2v\/","url":"https:\/\/www.simasa.com\/fr\/producto\/del-36-2v\/","name":"Dobladoras de Ferralla - DEL - 36 2V | Sima","isPartOf":{"@id":"https:\/\/www.simasa.com\/fr\/#website"},"primaryImageOfPage":{"@id":"https:\/\/www.simasa.com\/fr\/producto\/del-36-2v\/#primaryimage"},"image":{"@id":"https:\/\/www.simasa.com\/fr\/producto\/del-36-2v\/#primaryimage"},"thumbnailUrl":"https:\/\/www.simasa.com\/wp-content\/uploads\/2017\/06\/SIMA-DEL-36.jpg","datePublished":"2017-06-02T08:39:28+00:00","dateModified":"2026-03-19T14:50:34+00:00","description":"DEL - 36 2V. Les cintreuses SIMA DEL 36 2V permettent la r\u00e9alisation d'\u00e9triers polygonaux, de spirales ou piliers circulaires et arcs en utilisant des dispositifs sp\u00e9ciaux (en option). Tous les mod\u00e8les DEL int\u00e8grent des syst\u00e8mes de s\u00e9curit\u00e9 exig\u00e9s par les normatives de protection et de s\u00e9curit\u00e9 internationales. &nbsp;","breadcrumb":{"@id":"https:\/\/www.simasa.com\/fr\/producto\/del-36-2v\/#breadcrumb"},"inLanguage":"fr-FR","potentialAction":[{"@type":"ReadAction","target":["https:\/\/www.simasa.com\/fr\/producto\/del-36-2v\/"]}]},{"@type":"ImageObject","inLanguage":"fr-FR","@id":"https:\/\/www.simasa.com\/fr\/producto\/del-36-2v\/#primaryimage","url":"https:\/\/www.simasa.com\/wp-content\/uploads\/2017\/06\/SIMA-DEL-36.jpg","contentUrl":"https:\/\/www.simasa.com\/wp-content\/uploads\/2017\/06\/SIMA-DEL-36.jpg","width":1416,"height":1416},{"@type":"BreadcrumbList","@id":"https:\/\/www.simasa.com\/fr\/producto\/del-36-2v\/#breadcrumb","itemListElement":[{"@type":"ListItem","position":1,"name":"Inicio","item":"https:\/\/www.simasa.com\/fr\/"},{"@type":"ListItem","position":2,"name":"Catalogue","item":"https:\/\/www.simasa.com\/cat-sima\/"},{"@type":"ListItem","position":3,"name":"DEL &#8211; 36 2V"}]},{"@type":"WebSite","@id":"https:\/\/www.simasa.com\/fr\/#website","url":"https:\/\/www.simasa.com\/fr\/","name":"Sima","description":"Fabricantes de maquinaria para la construcci\u00f3n","publisher":{"@id":"https:\/\/www.simasa.com\/fr\/#organization"},"potentialAction":[{"@type":"SearchAction","target":{"@type":"EntryPoint","urlTemplate":"https:\/\/www.simasa.com\/fr\/?s={search_term_string}"},"query-input":{"@type":"PropertyValueSpecification","valueRequired":true,"valueName":"search_term_string"}}],"inLanguage":"fr-FR"},{"@type":"Organization","@id":"https:\/\/www.simasa.com\/fr\/#organization","name":"Sima","url":"https:\/\/www.simasa.com\/fr\/","logo":{"@type":"ImageObject","inLanguage":"fr-FR","@id":"https:\/\/www.simasa.com\/fr\/#\/schema\/logo\/image\/","url":"https:\/\/www.simasa.com\/wp-content\/uploads\/2016\/03\/logo-1.jpg","contentUrl":"https:\/\/www.simasa.com\/wp-content\/uploads\/2016\/03\/logo-1.jpg","width":121,"height":54,"caption":"Sima"},"image":{"@id":"https:\/\/www.simasa.com\/fr\/#\/schema\/logo\/image\/"}}]}},"_links":{"self":[{"href":"https:\/\/www.simasa.com\/fr\/wp-json\/wp\/v2\/product\/7800","targetHints":{"allow":["GET"]}}],"collection":[{"href":"https:\/\/www.simasa.com\/fr\/wp-json\/wp\/v2\/product"}],"about":[{"href":"https:\/\/www.simasa.com\/fr\/wp-json\/wp\/v2\/types\/product"}],"replies":[{"embeddable":true,"href":"https:\/\/www.simasa.com\/fr\/wp-json\/wp\/v2\/comments?post=7800"}],"wp:featuredmedia":[{"embeddable":true,"href":"https:\/\/www.simasa.com\/fr\/wp-json\/wp\/v2\/media\/6113"}],"wp:attachment":[{"href":"https:\/\/www.simasa.com\/fr\/wp-json\/wp\/v2\/media?parent=7800"}],"wp:term":[{"taxonomy":"product_brand","embeddable":true,"href":"https:\/\/www.simasa.com\/fr\/wp-json\/wp\/v2\/product_brand?post=7800"},{"taxonomy":"product_cat","embeddable":true,"href":"https:\/\/www.simasa.com\/fr\/wp-json\/wp\/v2\/product_cat?post=7800"},{"taxonomy":"product_tag","embeddable":true,"href":"https:\/\/www.simasa.com\/fr\/wp-json\/wp\/v2\/product_tag?post=7800"}],"curies":[{"name":"wp","href":"https:\/\/api.w.org\/{rel}","templated":true}]}}