{"id":7683,"date":"2017-11-28T18:33:36","date_gmt":"2017-12-19T13:40:45","guid":{"rendered":"https:\/\/www.simasa.com\/?post_type=product&#038;p=7683"},"modified":"2017-12-19T13:40:45","modified_gmt":"2017-12-19T13:40:45","slug":"couronne-diamantees","status":"publish","type":"product","link":"https:\/\/www.simasa.com\/fr\/producto\/couronne-diamantees\/","title":{"rendered":"Couronne diamant\u00e9es"},"content":{"rendered":"<p>&nbsp;<\/p>\n<p>Une <strong>couronne diamant\u00e9e<\/strong> se compose principalment de deux \u00e9lements: le tube en acier avec sa bague de fixation et les segments diamant\u00e9s (m\u00e9lange de diamants et liant).<\/p>\n<p>Elles peuvent avoir une soudure en argent, soudure par d\u00e9pression, ou un apport de fil d&rsquo;argent \u00e0 la soudure qui unit les deux parties, en restant solidement unis. Ou bien encore, une soudure laser, la plus s\u00fbre des soudures en plus d&rsquo;\u00eatre la plus pr\u00e9cise. Celle-ci est r\u00e9alis\u00e9e avec la technologie la plus avanc\u00e9e, qui requiert une grande qualit\u00e9 des mat\u00e9riaux autant pour le segment que pour la planche.<\/p>\n<p>La perforation avec diamant permet de r\u00e9aliser des carrotages de dimensions tr\u00e8s precises et sans \u00e9clats. Cette perforation peut \u00eatre faite de mani\u00e8re verticale, horizontale et inclin\u00e9e et aussi de permettre de r\u00e9duire le temps de carrotage.<\/p>\n<p>La perforation avec diamant \u00e0 sec ou \u00e0 eau d\u00e9pend du type de mat\u00e9riau et de la profondeur et de celui-ci. Dans des mat\u00e9riaux comme le b\u00e9ton (arm\u00e9 ou non), on utilise de l&rsquo;eau, et sur les mat\u00e9riaux tendres comme la brique ou les blocs on obtient un bon r\u00e9sultat.<\/p>\n<p>Pour de petits carrotages, il est possible de perforer \u00e0 sec. A l&rsquo;inverse, pour des carrotages plus importants, il convient de les r\u00e9aliser \u00e0 l&rsquo;eau. Les travaux sans eau risque d&rsquo;ab\u00eemer le segment tr\u00e8s rapidement. \u00c0 l&rsquo;inverse, l&rsquo;exc\u00e8s d&rsquo;eau peut diminuer la vitesse de perforation.<\/p>\n<p>&nbsp;<\/p>\n<h4><strong>Applications.<\/strong><\/h4>\n<ul>\n<li>Carrotage intensif du b\u00e9ton vieux ou arm\u00e9 m\u00eame \u00e0 forte abrasivit\u00e9.<\/li>\n<li>Passage des tuyauteries (eau, gaz, \u00e9lectricit\u00e9), tout type d&rsquo;ouverture circulaire comme la climatisation, la mise en place de cadres \u00e9lectriques, l&rsquo; ouverture de portes et fen\u00eatres, l&rsquo; extraction de t\u00e9moins (b\u00e9ton, asphalte), l&rsquo;extraction de gaz ou de prise d&rsquo;air.<\/li>\n<li>Bon rendement pour carrotage sur asphalte.<\/li>\n<\/ul>\n<p>&nbsp;<\/p>\n<p><img loading=\"lazy\" decoding=\"async\" class=\"alignnone wp-image-7684 size-full\" src=\"https:\/\/www.simasa.com\/wp-content\/uploads\/2017\/12\/avantages-et-atouts.jpg\" alt=\"\" width=\"1112\" height=\"261\" srcset=\"https:\/\/www.simasa.com\/wp-content\/uploads\/2017\/12\/avantages-et-atouts.jpg 1112w, https:\/\/www.simasa.com\/wp-content\/uploads\/2017\/12\/avantages-et-atouts-416x98.jpg 416w\" sizes=\"auto, (max-width: 1112px) 100vw, 1112px\" \/><\/p>\n<p>&nbsp;<\/p>\n<p>&nbsp;<\/p>\n<p><img loading=\"lazy\" decoding=\"async\" class=\"alignnone wp-image-7688 size-full\" src=\"https:\/\/www.simasa.com\/wp-content\/uploads\/2017\/12\/avantages-du-carrotage.jpg\" alt=\"\" width=\"1168\" height=\"693\" srcset=\"https:\/\/www.simasa.com\/wp-content\/uploads\/2017\/12\/avantages-du-carrotage.jpg 1168w, https:\/\/www.simasa.com\/wp-content\/uploads\/2017\/12\/avantages-du-carrotage-416x247.jpg 416w\" sizes=\"auto, (max-width: 1168px) 100vw, 1168px\" \/><\/p>\n<p><img loading=\"lazy\" decoding=\"async\" class=\"alignnone wp-image-7692 size-full\" src=\"https:\/\/www.simasa.com\/wp-content\/uploads\/2017\/12\/cuoronees-diamantees.jpg\" alt=\"\" width=\"1112\" height=\"369\" srcset=\"https:\/\/www.simasa.com\/wp-content\/uploads\/2017\/12\/cuoronees-diamantees.jpg 1112w, https:\/\/www.simasa.com\/wp-content\/uploads\/2017\/12\/cuoronees-diamantees-416x138.jpg 416w\" sizes=\"auto, (max-width: 1112px) 100vw, 1112px\" \/><\/p>\n","protected":false},"excerpt":{"rendered":"<p>Une <strong>couronne diamant\u00e9e<\/strong> se compose principalment de deux \u00e9lements: le tube en acier avec sa bague de fixation et les segments diamant\u00e9s (m\u00e9lange de diamants et liant).<\/p>\n","protected":false},"featured_media":7126,"comment_status":"open","ping_status":"closed","template":"","meta":{"_acf_changed":false},"product_brand":[],"product_cat":[1797],"product_tag":[],"class_list":{"0":"post-7683","1":"product","2":"type-product","3":"status-publish","4":"has-post-thumbnail","6":"product_cat-couronnes-diamantees","8":"first","9":"instock","10":"shipping-taxable","11":"product-type-simple"},"acf":[],"yoast_head":"<!-- This site is optimized with the Yoast SEO plugin v27.2 - https:\/\/yoast.com\/product\/yoast-seo-wordpress\/ -->\n<title>- Couronne diamant\u00e9es | Sima<\/title>\n<meta name=\"description\" content=\"Couronne diamant\u00e9es. Une couronne diamant\u00e9e se compose principalment de deux \u00e9lements: le tube en acier avec sa bague de fixation et les segments diamant\u00e9s (m\u00e9lange de diamants et liant).\" \/>\n<meta name=\"robots\" content=\"noindex, follow\" \/>\n<meta property=\"og:locale\" content=\"fr_FR\" \/>\n<meta property=\"og:type\" content=\"article\" \/>\n<meta property=\"og:title\" content=\"- Couronne diamant\u00e9es | Sima\" \/>\n<meta property=\"og:description\" content=\"Couronne diamant\u00e9es. Une couronne diamant\u00e9e se compose principalment de deux \u00e9lements: le tube en acier avec sa bague de fixation et les segments diamant\u00e9s (m\u00e9lange de diamants et liant).\" \/>\n<meta property=\"og:url\" content=\"https:\/\/www.simasa.com\/fr\/producto\/couronne-diamantees\/\" \/>\n<meta property=\"og:site_name\" content=\"Sima\" \/>\n<meta property=\"og:image\" content=\"https:\/\/www.simasa.com\/wp-content\/uploads\/2017\/11\/Corona.jpg\" \/>\n\t<meta property=\"og:image:width\" content=\"563\" \/>\n\t<meta property=\"og:image:height\" content=\"405\" \/>\n\t<meta property=\"og:image:type\" content=\"image\/jpeg\" \/>\n<meta name=\"twitter:card\" content=\"summary_large_image\" \/>\n<meta name=\"twitter:label1\" content=\"Dur\u00e9e de lecture estim\u00e9e\" \/>\n\t<meta name=\"twitter:data1\" content=\"2 minutes\" \/>\n<script type=\"application\/ld+json\" class=\"yoast-schema-graph\">{\"@context\":\"https:\/\/schema.org\",\"@graph\":[{\"@type\":\"WebPage\",\"@id\":\"https:\/\/www.simasa.com\/fr\/producto\/couronne-diamantees\/\",\"url\":\"https:\/\/www.simasa.com\/fr\/producto\/couronne-diamantees\/\",\"name\":\"- Couronne diamant\u00e9es | Sima\",\"isPartOf\":{\"@id\":\"https:\/\/www.simasa.com\/fr\/#website\"},\"primaryImageOfPage\":{\"@id\":\"https:\/\/www.simasa.com\/fr\/producto\/couronne-diamantees\/#primaryimage\"},\"image\":{\"@id\":\"https:\/\/www.simasa.com\/fr\/producto\/couronne-diamantees\/#primaryimage\"},\"thumbnailUrl\":\"https:\/\/www.simasa.com\/wp-content\/uploads\/2017\/11\/Corona.jpg\",\"datePublished\":\"2017-12-19T13:40:45+00:00\",\"description\":\"Couronne diamant\u00e9es. Une couronne diamant\u00e9e se compose principalment de deux \u00e9lements: le tube en acier avec sa bague de fixation et les segments diamant\u00e9s (m\u00e9lange de diamants et liant).\",\"breadcrumb\":{\"@id\":\"https:\/\/www.simasa.com\/fr\/producto\/couronne-diamantees\/#breadcrumb\"},\"inLanguage\":\"fr-FR\",\"potentialAction\":[{\"@type\":\"ReadAction\",\"target\":[\"https:\/\/www.simasa.com\/fr\/producto\/couronne-diamantees\/\"]}]},{\"@type\":\"ImageObject\",\"inLanguage\":\"fr-FR\",\"@id\":\"https:\/\/www.simasa.com\/fr\/producto\/couronne-diamantees\/#primaryimage\",\"url\":\"https:\/\/www.simasa.com\/wp-content\/uploads\/2017\/11\/Corona.jpg\",\"contentUrl\":\"https:\/\/www.simasa.com\/wp-content\/uploads\/2017\/11\/Corona.jpg\",\"width\":563,\"height\":405},{\"@type\":\"BreadcrumbList\",\"@id\":\"https:\/\/www.simasa.com\/fr\/producto\/couronne-diamantees\/#breadcrumb\",\"itemListElement\":[{\"@type\":\"ListItem\",\"position\":1,\"name\":\"Inicio\",\"item\":\"https:\/\/www.simasa.com\/fr\/\"},{\"@type\":\"ListItem\",\"position\":2,\"name\":\"Catalogue\",\"item\":\"https:\/\/www.simasa.com\/cat-sima\/\"},{\"@type\":\"ListItem\",\"position\":3,\"name\":\"Couronne diamant\u00e9es\"}]},{\"@type\":\"WebSite\",\"@id\":\"https:\/\/www.simasa.com\/fr\/#website\",\"url\":\"https:\/\/www.simasa.com\/fr\/\",\"name\":\"Sima\",\"description\":\"Fabricantes de maquinaria para la construcci\u00f3n\",\"publisher\":{\"@id\":\"https:\/\/www.simasa.com\/fr\/#organization\"},\"potentialAction\":[{\"@type\":\"SearchAction\",\"target\":{\"@type\":\"EntryPoint\",\"urlTemplate\":\"https:\/\/www.simasa.com\/fr\/?s={search_term_string}\"},\"query-input\":{\"@type\":\"PropertyValueSpecification\",\"valueRequired\":true,\"valueName\":\"search_term_string\"}}],\"inLanguage\":\"fr-FR\"},{\"@type\":\"Organization\",\"@id\":\"https:\/\/www.simasa.com\/fr\/#organization\",\"name\":\"Sima\",\"url\":\"https:\/\/www.simasa.com\/fr\/\",\"logo\":{\"@type\":\"ImageObject\",\"inLanguage\":\"fr-FR\",\"@id\":\"https:\/\/www.simasa.com\/fr\/#\/schema\/logo\/image\/\",\"url\":\"https:\/\/www.simasa.com\/wp-content\/uploads\/2016\/03\/logo-1.jpg\",\"contentUrl\":\"https:\/\/www.simasa.com\/wp-content\/uploads\/2016\/03\/logo-1.jpg\",\"width\":121,\"height\":54,\"caption\":\"Sima\"},\"image\":{\"@id\":\"https:\/\/www.simasa.com\/fr\/#\/schema\/logo\/image\/\"}}]}<\/script>\n<!-- \/ Yoast SEO plugin. -->","yoast_head_json":{"title":"- Couronne diamant\u00e9es | Sima","description":"Couronne diamant\u00e9es. Une couronne diamant\u00e9e se compose principalment de deux \u00e9lements: le tube en acier avec sa bague de fixation et les segments diamant\u00e9s (m\u00e9lange de diamants et liant).","robots":{"index":"noindex","follow":"follow"},"og_locale":"fr_FR","og_type":"article","og_title":"- Couronne diamant\u00e9es | Sima","og_description":"Couronne diamant\u00e9es. Une couronne diamant\u00e9e se compose principalment de deux \u00e9lements: le tube en acier avec sa bague de fixation et les segments diamant\u00e9s (m\u00e9lange de diamants et liant).","og_url":"https:\/\/www.simasa.com\/fr\/producto\/couronne-diamantees\/","og_site_name":"Sima","og_image":[{"width":563,"height":405,"url":"https:\/\/www.simasa.com\/wp-content\/uploads\/2017\/11\/Corona.jpg","type":"image\/jpeg"}],"twitter_card":"summary_large_image","twitter_misc":{"Dur\u00e9e de lecture estim\u00e9e":"2 minutes"},"schema":{"@context":"https:\/\/schema.org","@graph":[{"@type":"WebPage","@id":"https:\/\/www.simasa.com\/fr\/producto\/couronne-diamantees\/","url":"https:\/\/www.simasa.com\/fr\/producto\/couronne-diamantees\/","name":"- Couronne diamant\u00e9es | Sima","isPartOf":{"@id":"https:\/\/www.simasa.com\/fr\/#website"},"primaryImageOfPage":{"@id":"https:\/\/www.simasa.com\/fr\/producto\/couronne-diamantees\/#primaryimage"},"image":{"@id":"https:\/\/www.simasa.com\/fr\/producto\/couronne-diamantees\/#primaryimage"},"thumbnailUrl":"https:\/\/www.simasa.com\/wp-content\/uploads\/2017\/11\/Corona.jpg","datePublished":"2017-12-19T13:40:45+00:00","description":"Couronne diamant\u00e9es. Une couronne diamant\u00e9e se compose principalment de deux \u00e9lements: le tube en acier avec sa bague de fixation et les segments diamant\u00e9s (m\u00e9lange de diamants et liant).","breadcrumb":{"@id":"https:\/\/www.simasa.com\/fr\/producto\/couronne-diamantees\/#breadcrumb"},"inLanguage":"fr-FR","potentialAction":[{"@type":"ReadAction","target":["https:\/\/www.simasa.com\/fr\/producto\/couronne-diamantees\/"]}]},{"@type":"ImageObject","inLanguage":"fr-FR","@id":"https:\/\/www.simasa.com\/fr\/producto\/couronne-diamantees\/#primaryimage","url":"https:\/\/www.simasa.com\/wp-content\/uploads\/2017\/11\/Corona.jpg","contentUrl":"https:\/\/www.simasa.com\/wp-content\/uploads\/2017\/11\/Corona.jpg","width":563,"height":405},{"@type":"BreadcrumbList","@id":"https:\/\/www.simasa.com\/fr\/producto\/couronne-diamantees\/#breadcrumb","itemListElement":[{"@type":"ListItem","position":1,"name":"Inicio","item":"https:\/\/www.simasa.com\/fr\/"},{"@type":"ListItem","position":2,"name":"Catalogue","item":"https:\/\/www.simasa.com\/cat-sima\/"},{"@type":"ListItem","position":3,"name":"Couronne diamant\u00e9es"}]},{"@type":"WebSite","@id":"https:\/\/www.simasa.com\/fr\/#website","url":"https:\/\/www.simasa.com\/fr\/","name":"Sima","description":"Fabricantes de maquinaria para la construcci\u00f3n","publisher":{"@id":"https:\/\/www.simasa.com\/fr\/#organization"},"potentialAction":[{"@type":"SearchAction","target":{"@type":"EntryPoint","urlTemplate":"https:\/\/www.simasa.com\/fr\/?s={search_term_string}"},"query-input":{"@type":"PropertyValueSpecification","valueRequired":true,"valueName":"search_term_string"}}],"inLanguage":"fr-FR"},{"@type":"Organization","@id":"https:\/\/www.simasa.com\/fr\/#organization","name":"Sima","url":"https:\/\/www.simasa.com\/fr\/","logo":{"@type":"ImageObject","inLanguage":"fr-FR","@id":"https:\/\/www.simasa.com\/fr\/#\/schema\/logo\/image\/","url":"https:\/\/www.simasa.com\/wp-content\/uploads\/2016\/03\/logo-1.jpg","contentUrl":"https:\/\/www.simasa.com\/wp-content\/uploads\/2016\/03\/logo-1.jpg","width":121,"height":54,"caption":"Sima"},"image":{"@id":"https:\/\/www.simasa.com\/fr\/#\/schema\/logo\/image\/"}}]}},"_links":{"self":[{"href":"https:\/\/www.simasa.com\/fr\/wp-json\/wp\/v2\/product\/7683","targetHints":{"allow":["GET"]}}],"collection":[{"href":"https:\/\/www.simasa.com\/fr\/wp-json\/wp\/v2\/product"}],"about":[{"href":"https:\/\/www.simasa.com\/fr\/wp-json\/wp\/v2\/types\/product"}],"replies":[{"embeddable":true,"href":"https:\/\/www.simasa.com\/fr\/wp-json\/wp\/v2\/comments?post=7683"}],"wp:featuredmedia":[{"embeddable":true,"href":"https:\/\/www.simasa.com\/fr\/wp-json\/wp\/v2\/media\/7126"}],"wp:attachment":[{"href":"https:\/\/www.simasa.com\/fr\/wp-json\/wp\/v2\/media?parent=7683"}],"wp:term":[{"taxonomy":"product_brand","embeddable":true,"href":"https:\/\/www.simasa.com\/fr\/wp-json\/wp\/v2\/product_brand?post=7683"},{"taxonomy":"product_cat","embeddable":true,"href":"https:\/\/www.simasa.com\/fr\/wp-json\/wp\/v2\/product_cat?post=7683"},{"taxonomy":"product_tag","embeddable":true,"href":"https:\/\/www.simasa.com\/fr\/wp-json\/wp\/v2\/product_tag?post=7683"}],"curies":[{"name":"wp","href":"https:\/\/api.w.org\/{rel}","templated":true}]}}