{"id":7661,"date":"2017-11-24T16:28:57","date_gmt":"2017-12-18T18:59:41","guid":{"rendered":"https:\/\/www.simasa.com\/?post_type=product&#038;p=7661"},"modified":"2017-12-29T10:40:14","modified_gmt":"2017-12-29T10:40:14","slug":"beton-frais","status":"publish","type":"product","link":"https:\/\/www.simasa.com\/fr\/producto\/beton-frais\/","title":{"rendered":"Beton frais"},"content":{"rendered":"<p>&nbsp;<\/p>\n<p>D\u00e9coupe de b\u00e9ton et d&rsquo;autres mat\u00e9riaux abrasifs et de construction: mat\u00e9riau r\u00e9fractaire, b\u00e9ton pr\u00e9fabriqu\u00e9, blocs, etc.<\/p>\n<p>Sp\u00e9cialement con\u00e7u pour les joints de dilatation sur b\u00e9ton frais, silice ou calcaire, sols abrasifs en g\u00e9n\u00e9ral, etc.<\/p>\n<p>&nbsp;<\/p>\n<p><img loading=\"lazy\" decoding=\"async\" class=\"alignnone wp-image-7538 size-full\" src=\"https:\/\/www.simasa.com\/wp-content\/uploads\/2017\/12\/beton-frais-plus.jpg\" alt=\"\" width=\"1113\" height=\"155\" srcset=\"https:\/\/www.simasa.com\/wp-content\/uploads\/2017\/12\/beton-frais-plus.jpg 1113w, https:\/\/www.simasa.com\/wp-content\/uploads\/2017\/12\/beton-frais-plus-416x58.jpg 416w\" sizes=\"auto, (max-width: 1113px) 100vw, 1113px\" \/><\/p>\n","protected":false},"excerpt":{"rendered":"<p>D\u00e9coupe de b\u00e9ton et d&rsquo;autres mat\u00e9riaux abrasifs et de construction: mat\u00e9riau r\u00e9fractaire, b\u00e9ton pr\u00e9fabriqu\u00e9, blocs, etc. Sp\u00e9cialement con\u00e7u pour les joints de dilatation sur b\u00e9ton frais, silice ou calcaire, sols abrasifs en g\u00e9n\u00e9ral, etc.<\/p>\n","protected":false},"featured_media":7015,"comment_status":"open","ping_status":"closed","template":"","meta":{"_acf_changed":false},"product_brand":[],"product_cat":[1798],"product_tag":[],"class_list":{"0":"post-7661","1":"product","2":"type-product","3":"status-publish","4":"has-post-thumbnail","6":"product_cat-gamme-plus","7":"pa_aplication-beton-frais","8":"pa_blade-diameter-mm-3786","9":"pa_blade-diameter-mm-3789","10":"pa_blade-diameter-mm-3792","11":"pa_blade-diameter-mm-3810","12":"pa_blade-diameter-mm-3795","13":"pa_blade-diameter-mm-3813","15":"first","16":"instock","17":"shipping-taxable","18":"product-type-simple"},"acf":[],"yoast_head":"<!-- This site is optimized with the Yoast SEO plugin v27.2 - https:\/\/yoast.com\/product\/yoast-seo-wordpress\/ -->\n<title>- Beton frais | Sima<\/title>\n<meta name=\"description\" content=\"Beton frais. D\u00e9coupe de b\u00e9ton et d&#039;autres mat\u00e9riaux abrasifs et de construction: mat\u00e9riau r\u00e9fractaire, b\u00e9ton pr\u00e9fabriqu\u00e9, blocs, etc. Sp\u00e9cialement con\u00e7u pour les joints de dilatation sur b\u00e9ton frais, silice ou calcaire, sols abrasifs en g\u00e9n\u00e9ral, etc.\" \/>\n<meta name=\"robots\" content=\"noindex, follow\" \/>\n<meta property=\"og:locale\" content=\"fr_FR\" \/>\n<meta property=\"og:type\" content=\"article\" \/>\n<meta property=\"og:title\" content=\"- Beton frais | Sima\" \/>\n<meta property=\"og:description\" content=\"Beton frais. D\u00e9coupe de b\u00e9ton et d&#039;autres mat\u00e9riaux abrasifs et de construction: mat\u00e9riau r\u00e9fractaire, b\u00e9ton pr\u00e9fabriqu\u00e9, blocs, etc. Sp\u00e9cialement con\u00e7u pour les joints de dilatation sur b\u00e9ton frais, silice ou calcaire, sols abrasifs en g\u00e9n\u00e9ral, etc.\" \/>\n<meta property=\"og:url\" content=\"https:\/\/www.simasa.com\/fr\/producto\/beton-frais\/\" \/>\n<meta property=\"og:site_name\" content=\"Sima\" \/>\n<meta property=\"article:modified_time\" content=\"2017-12-29T10:40:14+00:00\" \/>\n<meta property=\"og:image\" content=\"https:\/\/www.simasa.com\/wp-content\/uploads\/2017\/11\/Hormigon-Curado-1-1.jpg\" \/>\n\t<meta property=\"og:image:width\" content=\"427\" \/>\n\t<meta property=\"og:image:height\" content=\"200\" \/>\n\t<meta property=\"og:image:type\" content=\"image\/jpeg\" \/>\n<meta name=\"twitter:card\" content=\"summary_large_image\" \/>\n<script type=\"application\/ld+json\" class=\"yoast-schema-graph\">{\"@context\":\"https:\/\/schema.org\",\"@graph\":[{\"@type\":\"WebPage\",\"@id\":\"https:\/\/www.simasa.com\/fr\/producto\/beton-frais\/\",\"url\":\"https:\/\/www.simasa.com\/fr\/producto\/beton-frais\/\",\"name\":\"- Beton frais | Sima\",\"isPartOf\":{\"@id\":\"https:\/\/www.simasa.com\/fr\/#website\"},\"primaryImageOfPage\":{\"@id\":\"https:\/\/www.simasa.com\/fr\/producto\/beton-frais\/#primaryimage\"},\"image\":{\"@id\":\"https:\/\/www.simasa.com\/fr\/producto\/beton-frais\/#primaryimage\"},\"thumbnailUrl\":\"https:\/\/www.simasa.com\/wp-content\/uploads\/2017\/11\/Hormigon-Curado-1-1.jpg\",\"datePublished\":\"2017-12-18T18:59:41+00:00\",\"dateModified\":\"2017-12-29T10:40:14+00:00\",\"description\":\"Beton frais. D\u00e9coupe de b\u00e9ton et d'autres mat\u00e9riaux abrasifs et de construction: mat\u00e9riau r\u00e9fractaire, b\u00e9ton pr\u00e9fabriqu\u00e9, blocs, etc. Sp\u00e9cialement con\u00e7u pour les joints de dilatation sur b\u00e9ton frais, silice ou calcaire, sols abrasifs en g\u00e9n\u00e9ral, etc.\",\"breadcrumb\":{\"@id\":\"https:\/\/www.simasa.com\/fr\/producto\/beton-frais\/#breadcrumb\"},\"inLanguage\":\"fr-FR\",\"potentialAction\":[{\"@type\":\"ReadAction\",\"target\":[\"https:\/\/www.simasa.com\/fr\/producto\/beton-frais\/\"]}]},{\"@type\":\"ImageObject\",\"inLanguage\":\"fr-FR\",\"@id\":\"https:\/\/www.simasa.com\/fr\/producto\/beton-frais\/#primaryimage\",\"url\":\"https:\/\/www.simasa.com\/wp-content\/uploads\/2017\/11\/Hormigon-Curado-1-1.jpg\",\"contentUrl\":\"https:\/\/www.simasa.com\/wp-content\/uploads\/2017\/11\/Hormigon-Curado-1-1.jpg\",\"width\":427,\"height\":200},{\"@type\":\"BreadcrumbList\",\"@id\":\"https:\/\/www.simasa.com\/fr\/producto\/beton-frais\/#breadcrumb\",\"itemListElement\":[{\"@type\":\"ListItem\",\"position\":1,\"name\":\"Inicio\",\"item\":\"https:\/\/www.simasa.com\/fr\/\"},{\"@type\":\"ListItem\",\"position\":2,\"name\":\"Catalogue\",\"item\":\"https:\/\/www.simasa.com\/cat-sima\/\"},{\"@type\":\"ListItem\",\"position\":3,\"name\":\"Beton frais\"}]},{\"@type\":\"WebSite\",\"@id\":\"https:\/\/www.simasa.com\/fr\/#website\",\"url\":\"https:\/\/www.simasa.com\/fr\/\",\"name\":\"Sima\",\"description\":\"Fabricantes de maquinaria para la construcci\u00f3n\",\"publisher\":{\"@id\":\"https:\/\/www.simasa.com\/fr\/#organization\"},\"potentialAction\":[{\"@type\":\"SearchAction\",\"target\":{\"@type\":\"EntryPoint\",\"urlTemplate\":\"https:\/\/www.simasa.com\/fr\/?s={search_term_string}\"},\"query-input\":{\"@type\":\"PropertyValueSpecification\",\"valueRequired\":true,\"valueName\":\"search_term_string\"}}],\"inLanguage\":\"fr-FR\"},{\"@type\":\"Organization\",\"@id\":\"https:\/\/www.simasa.com\/fr\/#organization\",\"name\":\"Sima\",\"url\":\"https:\/\/www.simasa.com\/fr\/\",\"logo\":{\"@type\":\"ImageObject\",\"inLanguage\":\"fr-FR\",\"@id\":\"https:\/\/www.simasa.com\/fr\/#\/schema\/logo\/image\/\",\"url\":\"https:\/\/www.simasa.com\/wp-content\/uploads\/2016\/03\/logo-1.jpg\",\"contentUrl\":\"https:\/\/www.simasa.com\/wp-content\/uploads\/2016\/03\/logo-1.jpg\",\"width\":121,\"height\":54,\"caption\":\"Sima\"},\"image\":{\"@id\":\"https:\/\/www.simasa.com\/fr\/#\/schema\/logo\/image\/\"}}]}<\/script>\n<!-- \/ Yoast SEO plugin. -->","yoast_head_json":{"title":"- Beton frais | Sima","description":"Beton frais. D\u00e9coupe de b\u00e9ton et d'autres mat\u00e9riaux abrasifs et de construction: mat\u00e9riau r\u00e9fractaire, b\u00e9ton pr\u00e9fabriqu\u00e9, blocs, etc. Sp\u00e9cialement con\u00e7u pour les joints de dilatation sur b\u00e9ton frais, silice ou calcaire, sols abrasifs en g\u00e9n\u00e9ral, etc.","robots":{"index":"noindex","follow":"follow"},"og_locale":"fr_FR","og_type":"article","og_title":"- Beton frais | Sima","og_description":"Beton frais. D\u00e9coupe de b\u00e9ton et d'autres mat\u00e9riaux abrasifs et de construction: mat\u00e9riau r\u00e9fractaire, b\u00e9ton pr\u00e9fabriqu\u00e9, blocs, etc. Sp\u00e9cialement con\u00e7u pour les joints de dilatation sur b\u00e9ton frais, silice ou calcaire, sols abrasifs en g\u00e9n\u00e9ral, etc.","og_url":"https:\/\/www.simasa.com\/fr\/producto\/beton-frais\/","og_site_name":"Sima","article_modified_time":"2017-12-29T10:40:14+00:00","og_image":[{"width":427,"height":200,"url":"https:\/\/www.simasa.com\/wp-content\/uploads\/2017\/11\/Hormigon-Curado-1-1.jpg","type":"image\/jpeg"}],"twitter_card":"summary_large_image","schema":{"@context":"https:\/\/schema.org","@graph":[{"@type":"WebPage","@id":"https:\/\/www.simasa.com\/fr\/producto\/beton-frais\/","url":"https:\/\/www.simasa.com\/fr\/producto\/beton-frais\/","name":"- Beton frais | Sima","isPartOf":{"@id":"https:\/\/www.simasa.com\/fr\/#website"},"primaryImageOfPage":{"@id":"https:\/\/www.simasa.com\/fr\/producto\/beton-frais\/#primaryimage"},"image":{"@id":"https:\/\/www.simasa.com\/fr\/producto\/beton-frais\/#primaryimage"},"thumbnailUrl":"https:\/\/www.simasa.com\/wp-content\/uploads\/2017\/11\/Hormigon-Curado-1-1.jpg","datePublished":"2017-12-18T18:59:41+00:00","dateModified":"2017-12-29T10:40:14+00:00","description":"Beton frais. D\u00e9coupe de b\u00e9ton et d'autres mat\u00e9riaux abrasifs et de construction: mat\u00e9riau r\u00e9fractaire, b\u00e9ton pr\u00e9fabriqu\u00e9, blocs, etc. Sp\u00e9cialement con\u00e7u pour les joints de dilatation sur b\u00e9ton frais, silice ou calcaire, sols abrasifs en g\u00e9n\u00e9ral, etc.","breadcrumb":{"@id":"https:\/\/www.simasa.com\/fr\/producto\/beton-frais\/#breadcrumb"},"inLanguage":"fr-FR","potentialAction":[{"@type":"ReadAction","target":["https:\/\/www.simasa.com\/fr\/producto\/beton-frais\/"]}]},{"@type":"ImageObject","inLanguage":"fr-FR","@id":"https:\/\/www.simasa.com\/fr\/producto\/beton-frais\/#primaryimage","url":"https:\/\/www.simasa.com\/wp-content\/uploads\/2017\/11\/Hormigon-Curado-1-1.jpg","contentUrl":"https:\/\/www.simasa.com\/wp-content\/uploads\/2017\/11\/Hormigon-Curado-1-1.jpg","width":427,"height":200},{"@type":"BreadcrumbList","@id":"https:\/\/www.simasa.com\/fr\/producto\/beton-frais\/#breadcrumb","itemListElement":[{"@type":"ListItem","position":1,"name":"Inicio","item":"https:\/\/www.simasa.com\/fr\/"},{"@type":"ListItem","position":2,"name":"Catalogue","item":"https:\/\/www.simasa.com\/cat-sima\/"},{"@type":"ListItem","position":3,"name":"Beton frais"}]},{"@type":"WebSite","@id":"https:\/\/www.simasa.com\/fr\/#website","url":"https:\/\/www.simasa.com\/fr\/","name":"Sima","description":"Fabricantes de maquinaria para la construcci\u00f3n","publisher":{"@id":"https:\/\/www.simasa.com\/fr\/#organization"},"potentialAction":[{"@type":"SearchAction","target":{"@type":"EntryPoint","urlTemplate":"https:\/\/www.simasa.com\/fr\/?s={search_term_string}"},"query-input":{"@type":"PropertyValueSpecification","valueRequired":true,"valueName":"search_term_string"}}],"inLanguage":"fr-FR"},{"@type":"Organization","@id":"https:\/\/www.simasa.com\/fr\/#organization","name":"Sima","url":"https:\/\/www.simasa.com\/fr\/","logo":{"@type":"ImageObject","inLanguage":"fr-FR","@id":"https:\/\/www.simasa.com\/fr\/#\/schema\/logo\/image\/","url":"https:\/\/www.simasa.com\/wp-content\/uploads\/2016\/03\/logo-1.jpg","contentUrl":"https:\/\/www.simasa.com\/wp-content\/uploads\/2016\/03\/logo-1.jpg","width":121,"height":54,"caption":"Sima"},"image":{"@id":"https:\/\/www.simasa.com\/fr\/#\/schema\/logo\/image\/"}}]}},"_links":{"self":[{"href":"https:\/\/www.simasa.com\/fr\/wp-json\/wp\/v2\/product\/7661","targetHints":{"allow":["GET"]}}],"collection":[{"href":"https:\/\/www.simasa.com\/fr\/wp-json\/wp\/v2\/product"}],"about":[{"href":"https:\/\/www.simasa.com\/fr\/wp-json\/wp\/v2\/types\/product"}],"replies":[{"embeddable":true,"href":"https:\/\/www.simasa.com\/fr\/wp-json\/wp\/v2\/comments?post=7661"}],"wp:featuredmedia":[{"embeddable":true,"href":"https:\/\/www.simasa.com\/fr\/wp-json\/wp\/v2\/media\/7015"}],"wp:attachment":[{"href":"https:\/\/www.simasa.com\/fr\/wp-json\/wp\/v2\/media?parent=7661"}],"wp:term":[{"taxonomy":"product_brand","embeddable":true,"href":"https:\/\/www.simasa.com\/fr\/wp-json\/wp\/v2\/product_brand?post=7661"},{"taxonomy":"product_cat","embeddable":true,"href":"https:\/\/www.simasa.com\/fr\/wp-json\/wp\/v2\/product_cat?post=7661"},{"taxonomy":"product_tag","embeddable":true,"href":"https:\/\/www.simasa.com\/fr\/wp-json\/wp\/v2\/product_tag?post=7661"}],"curies":[{"name":"wp","href":"https:\/\/api.w.org\/{rel}","templated":true}]}}