{"id":7639,"date":"2017-11-24T15:19:11","date_gmt":"2017-12-18T18:12:37","guid":{"rendered":"https:\/\/www.simasa.com\/?post_type=product&#038;p=7639"},"modified":"2017-12-29T10:31:22","modified_gmt":"2017-12-29T10:31:22","slug":"universel-silencieux","status":"publish","type":"product","link":"https:\/\/www.simasa.com\/fr\/producto\/universel-silencieux\/","title":{"rendered":"Universel &#8211; Silencieux"},"content":{"rendered":"<p>&nbsp;<\/p>\n<p>D\u00e9coupe tout type des mat\u00e9riaux, Sa planche ventil\u00e9e am\u00e9liore le refroidissement et r\u00e9duit les vibrations ainsi que le bruit de la d\u00e9coupe.<\/p>\n<p><img loading=\"lazy\" decoding=\"async\" class=\"alignnone wp-image-7626 size-full\" src=\"https:\/\/www.simasa.com\/wp-content\/uploads\/2017\/12\/universel-general-construction-1.jpg\" alt=\"\" width=\"1112\" height=\"379\" srcset=\"https:\/\/www.simasa.com\/wp-content\/uploads\/2017\/12\/universel-general-construction-1.jpg 1112w, https:\/\/www.simasa.com\/wp-content\/uploads\/2017\/12\/universel-general-construction-1-416x142.jpg 416w\" sizes=\"auto, (max-width: 1112px) 100vw, 1112px\" \/><\/p>\n<p>&nbsp;<\/p>\n<p>&nbsp;<\/p>\n<p>&nbsp;<\/p>\n","protected":false},"excerpt":{"rendered":"<p>D\u00e9coupe tout type des mat\u00e9riaux, Sa planche ventil\u00e9e am\u00e9liore le refroidissement et r\u00e9duit les vibrations ainsi que le bruit de la d\u00e9coupe.<\/p>\n","protected":false},"featured_media":6936,"comment_status":"open","ping_status":"closed","template":"","meta":{"_acf_changed":false},"product_brand":[],"product_cat":[1798],"product_tag":[],"class_list":{"0":"post-7639","1":"product","2":"type-product","3":"status-publish","4":"has-post-thumbnail","6":"product_cat-gamme-plus","7":"pa_aplication-universel-silencieux","8":"pa_blade-diameter-mm-3783","10":"first","11":"instock","12":"shipping-taxable","13":"product-type-simple"},"acf":[],"yoast_head":"<!-- This site is optimized with the Yoast SEO plugin v27.2 - https:\/\/yoast.com\/product\/yoast-seo-wordpress\/ -->\n<title>- Universel - Silencieux | Sima<\/title>\n<meta name=\"description\" content=\"Universel - Silencieux. D\u00e9coupe tout type des mat\u00e9riaux, Sa planche ventil\u00e9e am\u00e9liore le refroidissement et r\u00e9duit les vibrations ainsi que le bruit de la d\u00e9coupe.\" \/>\n<meta name=\"robots\" content=\"noindex, follow\" \/>\n<meta property=\"og:locale\" content=\"fr_FR\" \/>\n<meta property=\"og:type\" content=\"article\" \/>\n<meta property=\"og:title\" content=\"- Universel - Silencieux | Sima\" \/>\n<meta property=\"og:description\" content=\"Universel - Silencieux. D\u00e9coupe tout type des mat\u00e9riaux, Sa planche ventil\u00e9e am\u00e9liore le refroidissement et r\u00e9duit les vibrations ainsi que le bruit de la d\u00e9coupe.\" \/>\n<meta property=\"og:url\" content=\"https:\/\/www.simasa.com\/fr\/producto\/universel-silencieux\/\" \/>\n<meta property=\"og:site_name\" content=\"Sima\" \/>\n<meta property=\"article:modified_time\" content=\"2017-12-29T10:31:22+00:00\" \/>\n<meta property=\"og:image\" content=\"https:\/\/www.simasa.com\/wp-content\/uploads\/2017\/11\/Plus-UnivSilent-2.jpg\" \/>\n\t<meta property=\"og:image:width\" content=\"541\" \/>\n\t<meta property=\"og:image:height\" content=\"310\" \/>\n\t<meta property=\"og:image:type\" content=\"image\/jpeg\" \/>\n<meta name=\"twitter:card\" content=\"summary_large_image\" \/>\n<script type=\"application\/ld+json\" class=\"yoast-schema-graph\">{\"@context\":\"https:\/\/schema.org\",\"@graph\":[{\"@type\":\"WebPage\",\"@id\":\"https:\/\/www.simasa.com\/fr\/producto\/universel-silencieux\/\",\"url\":\"https:\/\/www.simasa.com\/fr\/producto\/universel-silencieux\/\",\"name\":\"- Universel - Silencieux | Sima\",\"isPartOf\":{\"@id\":\"https:\/\/www.simasa.com\/fr\/#website\"},\"primaryImageOfPage\":{\"@id\":\"https:\/\/www.simasa.com\/fr\/producto\/universel-silencieux\/#primaryimage\"},\"image\":{\"@id\":\"https:\/\/www.simasa.com\/fr\/producto\/universel-silencieux\/#primaryimage\"},\"thumbnailUrl\":\"https:\/\/www.simasa.com\/wp-content\/uploads\/2017\/11\/Plus-UnivSilent-2.jpg\",\"datePublished\":\"2017-12-18T18:12:37+00:00\",\"dateModified\":\"2017-12-29T10:31:22+00:00\",\"description\":\"Universel - Silencieux. D\u00e9coupe tout type des mat\u00e9riaux, Sa planche ventil\u00e9e am\u00e9liore le refroidissement et r\u00e9duit les vibrations ainsi que le bruit de la d\u00e9coupe.\",\"breadcrumb\":{\"@id\":\"https:\/\/www.simasa.com\/fr\/producto\/universel-silencieux\/#breadcrumb\"},\"inLanguage\":\"fr-FR\",\"potentialAction\":[{\"@type\":\"ReadAction\",\"target\":[\"https:\/\/www.simasa.com\/fr\/producto\/universel-silencieux\/\"]}]},{\"@type\":\"ImageObject\",\"inLanguage\":\"fr-FR\",\"@id\":\"https:\/\/www.simasa.com\/fr\/producto\/universel-silencieux\/#primaryimage\",\"url\":\"https:\/\/www.simasa.com\/wp-content\/uploads\/2017\/11\/Plus-UnivSilent-2.jpg\",\"contentUrl\":\"https:\/\/www.simasa.com\/wp-content\/uploads\/2017\/11\/Plus-UnivSilent-2.jpg\",\"width\":541,\"height\":310},{\"@type\":\"BreadcrumbList\",\"@id\":\"https:\/\/www.simasa.com\/fr\/producto\/universel-silencieux\/#breadcrumb\",\"itemListElement\":[{\"@type\":\"ListItem\",\"position\":1,\"name\":\"Inicio\",\"item\":\"https:\/\/www.simasa.com\/fr\/\"},{\"@type\":\"ListItem\",\"position\":2,\"name\":\"Catalogue\",\"item\":\"https:\/\/www.simasa.com\/cat-sima\/\"},{\"@type\":\"ListItem\",\"position\":3,\"name\":\"Universel &#8211; Silencieux\"}]},{\"@type\":\"WebSite\",\"@id\":\"https:\/\/www.simasa.com\/fr\/#website\",\"url\":\"https:\/\/www.simasa.com\/fr\/\",\"name\":\"Sima\",\"description\":\"Fabricantes de maquinaria para la construcci\u00f3n\",\"publisher\":{\"@id\":\"https:\/\/www.simasa.com\/fr\/#organization\"},\"potentialAction\":[{\"@type\":\"SearchAction\",\"target\":{\"@type\":\"EntryPoint\",\"urlTemplate\":\"https:\/\/www.simasa.com\/fr\/?s={search_term_string}\"},\"query-input\":{\"@type\":\"PropertyValueSpecification\",\"valueRequired\":true,\"valueName\":\"search_term_string\"}}],\"inLanguage\":\"fr-FR\"},{\"@type\":\"Organization\",\"@id\":\"https:\/\/www.simasa.com\/fr\/#organization\",\"name\":\"Sima\",\"url\":\"https:\/\/www.simasa.com\/fr\/\",\"logo\":{\"@type\":\"ImageObject\",\"inLanguage\":\"fr-FR\",\"@id\":\"https:\/\/www.simasa.com\/fr\/#\/schema\/logo\/image\/\",\"url\":\"https:\/\/www.simasa.com\/wp-content\/uploads\/2016\/03\/logo-1.jpg\",\"contentUrl\":\"https:\/\/www.simasa.com\/wp-content\/uploads\/2016\/03\/logo-1.jpg\",\"width\":121,\"height\":54,\"caption\":\"Sima\"},\"image\":{\"@id\":\"https:\/\/www.simasa.com\/fr\/#\/schema\/logo\/image\/\"}}]}<\/script>\n<!-- \/ Yoast SEO plugin. -->","yoast_head_json":{"title":"- Universel - Silencieux | Sima","description":"Universel - Silencieux. D\u00e9coupe tout type des mat\u00e9riaux, Sa planche ventil\u00e9e am\u00e9liore le refroidissement et r\u00e9duit les vibrations ainsi que le bruit de la d\u00e9coupe.","robots":{"index":"noindex","follow":"follow"},"og_locale":"fr_FR","og_type":"article","og_title":"- Universel - Silencieux | Sima","og_description":"Universel - Silencieux. D\u00e9coupe tout type des mat\u00e9riaux, Sa planche ventil\u00e9e am\u00e9liore le refroidissement et r\u00e9duit les vibrations ainsi que le bruit de la d\u00e9coupe.","og_url":"https:\/\/www.simasa.com\/fr\/producto\/universel-silencieux\/","og_site_name":"Sima","article_modified_time":"2017-12-29T10:31:22+00:00","og_image":[{"width":541,"height":310,"url":"https:\/\/www.simasa.com\/wp-content\/uploads\/2017\/11\/Plus-UnivSilent-2.jpg","type":"image\/jpeg"}],"twitter_card":"summary_large_image","schema":{"@context":"https:\/\/schema.org","@graph":[{"@type":"WebPage","@id":"https:\/\/www.simasa.com\/fr\/producto\/universel-silencieux\/","url":"https:\/\/www.simasa.com\/fr\/producto\/universel-silencieux\/","name":"- Universel - Silencieux | Sima","isPartOf":{"@id":"https:\/\/www.simasa.com\/fr\/#website"},"primaryImageOfPage":{"@id":"https:\/\/www.simasa.com\/fr\/producto\/universel-silencieux\/#primaryimage"},"image":{"@id":"https:\/\/www.simasa.com\/fr\/producto\/universel-silencieux\/#primaryimage"},"thumbnailUrl":"https:\/\/www.simasa.com\/wp-content\/uploads\/2017\/11\/Plus-UnivSilent-2.jpg","datePublished":"2017-12-18T18:12:37+00:00","dateModified":"2017-12-29T10:31:22+00:00","description":"Universel - Silencieux. D\u00e9coupe tout type des mat\u00e9riaux, Sa planche ventil\u00e9e am\u00e9liore le refroidissement et r\u00e9duit les vibrations ainsi que le bruit de la d\u00e9coupe.","breadcrumb":{"@id":"https:\/\/www.simasa.com\/fr\/producto\/universel-silencieux\/#breadcrumb"},"inLanguage":"fr-FR","potentialAction":[{"@type":"ReadAction","target":["https:\/\/www.simasa.com\/fr\/producto\/universel-silencieux\/"]}]},{"@type":"ImageObject","inLanguage":"fr-FR","@id":"https:\/\/www.simasa.com\/fr\/producto\/universel-silencieux\/#primaryimage","url":"https:\/\/www.simasa.com\/wp-content\/uploads\/2017\/11\/Plus-UnivSilent-2.jpg","contentUrl":"https:\/\/www.simasa.com\/wp-content\/uploads\/2017\/11\/Plus-UnivSilent-2.jpg","width":541,"height":310},{"@type":"BreadcrumbList","@id":"https:\/\/www.simasa.com\/fr\/producto\/universel-silencieux\/#breadcrumb","itemListElement":[{"@type":"ListItem","position":1,"name":"Inicio","item":"https:\/\/www.simasa.com\/fr\/"},{"@type":"ListItem","position":2,"name":"Catalogue","item":"https:\/\/www.simasa.com\/cat-sima\/"},{"@type":"ListItem","position":3,"name":"Universel &#8211; Silencieux"}]},{"@type":"WebSite","@id":"https:\/\/www.simasa.com\/fr\/#website","url":"https:\/\/www.simasa.com\/fr\/","name":"Sima","description":"Fabricantes de maquinaria para la construcci\u00f3n","publisher":{"@id":"https:\/\/www.simasa.com\/fr\/#organization"},"potentialAction":[{"@type":"SearchAction","target":{"@type":"EntryPoint","urlTemplate":"https:\/\/www.simasa.com\/fr\/?s={search_term_string}"},"query-input":{"@type":"PropertyValueSpecification","valueRequired":true,"valueName":"search_term_string"}}],"inLanguage":"fr-FR"},{"@type":"Organization","@id":"https:\/\/www.simasa.com\/fr\/#organization","name":"Sima","url":"https:\/\/www.simasa.com\/fr\/","logo":{"@type":"ImageObject","inLanguage":"fr-FR","@id":"https:\/\/www.simasa.com\/fr\/#\/schema\/logo\/image\/","url":"https:\/\/www.simasa.com\/wp-content\/uploads\/2016\/03\/logo-1.jpg","contentUrl":"https:\/\/www.simasa.com\/wp-content\/uploads\/2016\/03\/logo-1.jpg","width":121,"height":54,"caption":"Sima"},"image":{"@id":"https:\/\/www.simasa.com\/fr\/#\/schema\/logo\/image\/"}}]}},"_links":{"self":[{"href":"https:\/\/www.simasa.com\/fr\/wp-json\/wp\/v2\/product\/7639","targetHints":{"allow":["GET"]}}],"collection":[{"href":"https:\/\/www.simasa.com\/fr\/wp-json\/wp\/v2\/product"}],"about":[{"href":"https:\/\/www.simasa.com\/fr\/wp-json\/wp\/v2\/types\/product"}],"replies":[{"embeddable":true,"href":"https:\/\/www.simasa.com\/fr\/wp-json\/wp\/v2\/comments?post=7639"}],"wp:featuredmedia":[{"embeddable":true,"href":"https:\/\/www.simasa.com\/fr\/wp-json\/wp\/v2\/media\/6936"}],"wp:attachment":[{"href":"https:\/\/www.simasa.com\/fr\/wp-json\/wp\/v2\/media?parent=7639"}],"wp:term":[{"taxonomy":"product_brand","embeddable":true,"href":"https:\/\/www.simasa.com\/fr\/wp-json\/wp\/v2\/product_brand?post=7639"},{"taxonomy":"product_cat","embeddable":true,"href":"https:\/\/www.simasa.com\/fr\/wp-json\/wp\/v2\/product_cat?post=7639"},{"taxonomy":"product_tag","embeddable":true,"href":"https:\/\/www.simasa.com\/fr\/wp-json\/wp\/v2\/product_tag?post=7639"}],"curies":[{"name":"wp","href":"https:\/\/api.w.org\/{rel}","templated":true}]}}