{"id":7520,"date":"2017-11-28T12:20:53","date_gmt":"2017-12-18T13:21:39","guid":{"rendered":"https:\/\/www.simasa.com\/?post_type=product&#038;p=7520"},"modified":"2017-12-29T10:19:26","modified_gmt":"2017-12-29T10:19:26","slug":"ceramique-extra-fin","status":"publish","type":"product","link":"https:\/\/www.simasa.com\/fr\/producto\/ceramique-extra-fin\/","title":{"rendered":"Ceramique extra fin"},"content":{"rendered":"<p>&nbsp;<\/p>\n<p>D\u00e9coupe fine dans tout type de c\u00e9ramique \u00e0 sec.<\/p>\n<p>Id\u00e9al pour la r\u00e9novation et l&rsquo;installation de fa\u00e7ades auto-ventil\u00e9es pour un d\u00e9coupe fine et sans \u00e9clats.<\/p>\n<p>&nbsp;<\/p>\n<p><img loading=\"lazy\" decoding=\"async\" class=\"alignnone wp-image-7258 size-full\" src=\"https:\/\/www.simasa.com\/wp-content\/uploads\/2017\/12\/ceramique-extra-fin.jpg\" alt=\"\" width=\"1113\" height=\"156\" srcset=\"https:\/\/www.simasa.com\/wp-content\/uploads\/2017\/12\/ceramique-extra-fin.jpg 1113w, https:\/\/www.simasa.com\/wp-content\/uploads\/2017\/12\/ceramique-extra-fin-416x58.jpg 416w\" sizes=\"auto, (max-width: 1113px) 100vw, 1113px\" \/><\/p>\n","protected":false},"excerpt":{"rendered":"<p>D\u00e9coupe fine dans tout type de c\u00e9ramique \u00e0 sec. Id\u00e9al pour la r\u00e9novation et l&rsquo;installation de fa\u00e7ades auto-ventil\u00e9es pour un d\u00e9coupe fine et sans \u00e9clats.<\/p>\n","protected":false},"featured_media":7078,"comment_status":"open","ping_status":"closed","template":"","meta":{"_acf_changed":false},"product_brand":[],"product_cat":[1799],"product_tag":[],"class_list":{"0":"post-7520","1":"product","2":"type-product","3":"status-publish","4":"has-post-thumbnail","6":"product_cat-gamme-premium","7":"pa_aplication-ceramique-extra-fin","8":"pa_blade-diameter-mm-3774","9":"pa_blade-diameter-mm-3777","11":"first","12":"instock","13":"shipping-taxable","14":"product-type-simple"},"acf":[],"yoast_head":"<!-- This site is optimized with the Yoast SEO plugin v27.4 - https:\/\/yoast.com\/product\/yoast-seo-wordpress\/ -->\n<title>- Ceramique extra fin | Sima<\/title>\n<meta name=\"description\" content=\"Ceramique extra fin. D\u00e9coupe fine dans tout type de c\u00e9ramique \u00e0 sec. Id\u00e9al pour la r\u00e9novation et l&#039;installation de fa\u00e7ades auto-ventil\u00e9es pour un d\u00e9coupe fine et sans \u00e9clats.\" \/>\n<meta name=\"robots\" content=\"noindex, follow\" \/>\n<meta property=\"og:locale\" content=\"fr_FR\" \/>\n<meta property=\"og:type\" content=\"article\" \/>\n<meta property=\"og:title\" content=\"- Ceramique extra fin | Sima\" \/>\n<meta property=\"og:description\" content=\"Ceramique extra fin. D\u00e9coupe fine dans tout type de c\u00e9ramique \u00e0 sec. Id\u00e9al pour la r\u00e9novation et l&#039;installation de fa\u00e7ades auto-ventil\u00e9es pour un d\u00e9coupe fine et sans \u00e9clats.\" \/>\n<meta property=\"og:url\" content=\"https:\/\/www.simasa.com\/fr\/producto\/ceramique-extra-fin\/\" \/>\n<meta property=\"og:site_name\" content=\"Sima\" \/>\n<meta property=\"article:modified_time\" content=\"2017-12-29T10:19:26+00:00\" \/>\n<meta property=\"og:image\" content=\"https:\/\/www.simasa.com\/wp-content\/uploads\/2017\/11\/Porcel-Extra.jpg\" \/>\n\t<meta property=\"og:image:width\" content=\"437\" \/>\n\t<meta property=\"og:image:height\" content=\"274\" \/>\n\t<meta property=\"og:image:type\" content=\"image\/jpeg\" \/>\n<meta name=\"twitter:card\" content=\"summary_large_image\" \/>\n<script type=\"application\/ld+json\" class=\"yoast-schema-graph\">{\"@context\":\"https:\\\/\\\/schema.org\",\"@graph\":[{\"@type\":\"WebPage\",\"@id\":\"https:\\\/\\\/www.simasa.com\\\/fr\\\/producto\\\/ceramique-extra-fin\\\/\",\"url\":\"https:\\\/\\\/www.simasa.com\\\/fr\\\/producto\\\/ceramique-extra-fin\\\/\",\"name\":\"- Ceramique extra fin | Sima\",\"isPartOf\":{\"@id\":\"https:\\\/\\\/www.simasa.com\\\/fr\\\/#website\"},\"primaryImageOfPage\":{\"@id\":\"https:\\\/\\\/www.simasa.com\\\/fr\\\/producto\\\/ceramique-extra-fin\\\/#primaryimage\"},\"image\":{\"@id\":\"https:\\\/\\\/www.simasa.com\\\/fr\\\/producto\\\/ceramique-extra-fin\\\/#primaryimage\"},\"thumbnailUrl\":\"https:\\\/\\\/www.simasa.com\\\/wp-content\\\/uploads\\\/2017\\\/11\\\/Porcel-Extra.jpg\",\"datePublished\":\"2017-12-18T13:21:39+00:00\",\"dateModified\":\"2017-12-29T10:19:26+00:00\",\"description\":\"Ceramique extra fin. D\u00e9coupe fine dans tout type de c\u00e9ramique \u00e0 sec. Id\u00e9al pour la r\u00e9novation et l'installation de fa\u00e7ades auto-ventil\u00e9es pour un d\u00e9coupe fine et sans \u00e9clats.\",\"breadcrumb\":{\"@id\":\"https:\\\/\\\/www.simasa.com\\\/fr\\\/producto\\\/ceramique-extra-fin\\\/#breadcrumb\"},\"inLanguage\":\"fr-FR\",\"potentialAction\":[{\"@type\":\"ReadAction\",\"target\":[\"https:\\\/\\\/www.simasa.com\\\/fr\\\/producto\\\/ceramique-extra-fin\\\/\"]}]},{\"@type\":\"ImageObject\",\"inLanguage\":\"fr-FR\",\"@id\":\"https:\\\/\\\/www.simasa.com\\\/fr\\\/producto\\\/ceramique-extra-fin\\\/#primaryimage\",\"url\":\"https:\\\/\\\/www.simasa.com\\\/wp-content\\\/uploads\\\/2017\\\/11\\\/Porcel-Extra.jpg\",\"contentUrl\":\"https:\\\/\\\/www.simasa.com\\\/wp-content\\\/uploads\\\/2017\\\/11\\\/Porcel-Extra.jpg\",\"width\":437,\"height\":274},{\"@type\":\"BreadcrumbList\",\"@id\":\"https:\\\/\\\/www.simasa.com\\\/fr\\\/producto\\\/ceramique-extra-fin\\\/#breadcrumb\",\"itemListElement\":[{\"@type\":\"ListItem\",\"position\":1,\"name\":\"Inicio\",\"item\":\"https:\\\/\\\/www.simasa.com\\\/fr\\\/\"},{\"@type\":\"ListItem\",\"position\":2,\"name\":\"Catalogue\",\"item\":\"https:\\\/\\\/www.simasa.com\\\/cat-sima\\\/\"},{\"@type\":\"ListItem\",\"position\":3,\"name\":\"Ceramique extra fin\"}]},{\"@type\":\"WebSite\",\"@id\":\"https:\\\/\\\/www.simasa.com\\\/fr\\\/#website\",\"url\":\"https:\\\/\\\/www.simasa.com\\\/fr\\\/\",\"name\":\"Sima\",\"description\":\"Fabricantes de maquinaria para la construcci\u00f3n\",\"publisher\":{\"@id\":\"https:\\\/\\\/www.simasa.com\\\/fr\\\/#organization\"},\"potentialAction\":[{\"@type\":\"SearchAction\",\"target\":{\"@type\":\"EntryPoint\",\"urlTemplate\":\"https:\\\/\\\/www.simasa.com\\\/fr\\\/?s={search_term_string}\"},\"query-input\":{\"@type\":\"PropertyValueSpecification\",\"valueRequired\":true,\"valueName\":\"search_term_string\"}}],\"inLanguage\":\"fr-FR\"},{\"@type\":\"Organization\",\"@id\":\"https:\\\/\\\/www.simasa.com\\\/fr\\\/#organization\",\"name\":\"Sima\",\"url\":\"https:\\\/\\\/www.simasa.com\\\/fr\\\/\",\"logo\":{\"@type\":\"ImageObject\",\"inLanguage\":\"fr-FR\",\"@id\":\"https:\\\/\\\/www.simasa.com\\\/fr\\\/#\\\/schema\\\/logo\\\/image\\\/\",\"url\":\"https:\\\/\\\/www.simasa.com\\\/wp-content\\\/uploads\\\/2016\\\/03\\\/logo-1.jpg\",\"contentUrl\":\"https:\\\/\\\/www.simasa.com\\\/wp-content\\\/uploads\\\/2016\\\/03\\\/logo-1.jpg\",\"width\":121,\"height\":54,\"caption\":\"Sima\"},\"image\":{\"@id\":\"https:\\\/\\\/www.simasa.com\\\/fr\\\/#\\\/schema\\\/logo\\\/image\\\/\"}}]}<\/script>\n<!-- \/ Yoast SEO plugin. -->","yoast_head_json":{"title":"- Ceramique extra fin | Sima","description":"Ceramique extra fin. D\u00e9coupe fine dans tout type de c\u00e9ramique \u00e0 sec. Id\u00e9al pour la r\u00e9novation et l'installation de fa\u00e7ades auto-ventil\u00e9es pour un d\u00e9coupe fine et sans \u00e9clats.","robots":{"index":"noindex","follow":"follow"},"og_locale":"fr_FR","og_type":"article","og_title":"- Ceramique extra fin | Sima","og_description":"Ceramique extra fin. D\u00e9coupe fine dans tout type de c\u00e9ramique \u00e0 sec. Id\u00e9al pour la r\u00e9novation et l'installation de fa\u00e7ades auto-ventil\u00e9es pour un d\u00e9coupe fine et sans \u00e9clats.","og_url":"https:\/\/www.simasa.com\/fr\/producto\/ceramique-extra-fin\/","og_site_name":"Sima","article_modified_time":"2017-12-29T10:19:26+00:00","og_image":[{"width":437,"height":274,"url":"https:\/\/www.simasa.com\/wp-content\/uploads\/2017\/11\/Porcel-Extra.jpg","type":"image\/jpeg"}],"twitter_card":"summary_large_image","schema":{"@context":"https:\/\/schema.org","@graph":[{"@type":"WebPage","@id":"https:\/\/www.simasa.com\/fr\/producto\/ceramique-extra-fin\/","url":"https:\/\/www.simasa.com\/fr\/producto\/ceramique-extra-fin\/","name":"- Ceramique extra fin | Sima","isPartOf":{"@id":"https:\/\/www.simasa.com\/fr\/#website"},"primaryImageOfPage":{"@id":"https:\/\/www.simasa.com\/fr\/producto\/ceramique-extra-fin\/#primaryimage"},"image":{"@id":"https:\/\/www.simasa.com\/fr\/producto\/ceramique-extra-fin\/#primaryimage"},"thumbnailUrl":"https:\/\/www.simasa.com\/wp-content\/uploads\/2017\/11\/Porcel-Extra.jpg","datePublished":"2017-12-18T13:21:39+00:00","dateModified":"2017-12-29T10:19:26+00:00","description":"Ceramique extra fin. D\u00e9coupe fine dans tout type de c\u00e9ramique \u00e0 sec. Id\u00e9al pour la r\u00e9novation et l'installation de fa\u00e7ades auto-ventil\u00e9es pour un d\u00e9coupe fine et sans \u00e9clats.","breadcrumb":{"@id":"https:\/\/www.simasa.com\/fr\/producto\/ceramique-extra-fin\/#breadcrumb"},"inLanguage":"fr-FR","potentialAction":[{"@type":"ReadAction","target":["https:\/\/www.simasa.com\/fr\/producto\/ceramique-extra-fin\/"]}]},{"@type":"ImageObject","inLanguage":"fr-FR","@id":"https:\/\/www.simasa.com\/fr\/producto\/ceramique-extra-fin\/#primaryimage","url":"https:\/\/www.simasa.com\/wp-content\/uploads\/2017\/11\/Porcel-Extra.jpg","contentUrl":"https:\/\/www.simasa.com\/wp-content\/uploads\/2017\/11\/Porcel-Extra.jpg","width":437,"height":274},{"@type":"BreadcrumbList","@id":"https:\/\/www.simasa.com\/fr\/producto\/ceramique-extra-fin\/#breadcrumb","itemListElement":[{"@type":"ListItem","position":1,"name":"Inicio","item":"https:\/\/www.simasa.com\/fr\/"},{"@type":"ListItem","position":2,"name":"Catalogue","item":"https:\/\/www.simasa.com\/cat-sima\/"},{"@type":"ListItem","position":3,"name":"Ceramique extra fin"}]},{"@type":"WebSite","@id":"https:\/\/www.simasa.com\/fr\/#website","url":"https:\/\/www.simasa.com\/fr\/","name":"Sima","description":"Fabricantes de maquinaria para la construcci\u00f3n","publisher":{"@id":"https:\/\/www.simasa.com\/fr\/#organization"},"potentialAction":[{"@type":"SearchAction","target":{"@type":"EntryPoint","urlTemplate":"https:\/\/www.simasa.com\/fr\/?s={search_term_string}"},"query-input":{"@type":"PropertyValueSpecification","valueRequired":true,"valueName":"search_term_string"}}],"inLanguage":"fr-FR"},{"@type":"Organization","@id":"https:\/\/www.simasa.com\/fr\/#organization","name":"Sima","url":"https:\/\/www.simasa.com\/fr\/","logo":{"@type":"ImageObject","inLanguage":"fr-FR","@id":"https:\/\/www.simasa.com\/fr\/#\/schema\/logo\/image\/","url":"https:\/\/www.simasa.com\/wp-content\/uploads\/2016\/03\/logo-1.jpg","contentUrl":"https:\/\/www.simasa.com\/wp-content\/uploads\/2016\/03\/logo-1.jpg","width":121,"height":54,"caption":"Sima"},"image":{"@id":"https:\/\/www.simasa.com\/fr\/#\/schema\/logo\/image\/"}}]}},"_links":{"self":[{"href":"https:\/\/www.simasa.com\/fr\/wp-json\/wp\/v2\/product\/7520","targetHints":{"allow":["GET"]}}],"collection":[{"href":"https:\/\/www.simasa.com\/fr\/wp-json\/wp\/v2\/product"}],"about":[{"href":"https:\/\/www.simasa.com\/fr\/wp-json\/wp\/v2\/types\/product"}],"replies":[{"embeddable":true,"href":"https:\/\/www.simasa.com\/fr\/wp-json\/wp\/v2\/comments?post=7520"}],"wp:featuredmedia":[{"embeddable":true,"href":"https:\/\/www.simasa.com\/fr\/wp-json\/wp\/v2\/media\/7078"}],"wp:attachment":[{"href":"https:\/\/www.simasa.com\/fr\/wp-json\/wp\/v2\/media?parent=7520"}],"wp:term":[{"taxonomy":"product_brand","embeddable":true,"href":"https:\/\/www.simasa.com\/fr\/wp-json\/wp\/v2\/product_brand?post=7520"},{"taxonomy":"product_cat","embeddable":true,"href":"https:\/\/www.simasa.com\/fr\/wp-json\/wp\/v2\/product_cat?post=7520"},{"taxonomy":"product_tag","embeddable":true,"href":"https:\/\/www.simasa.com\/fr\/wp-json\/wp\/v2\/product_tag?post=7520"}],"curies":[{"name":"wp","href":"https:\/\/api.w.org\/{rel}","templated":true}]}}