{"id":6325,"date":"2017-06-12T15:53:31","date_gmt":"2017-06-12T15:53:35","guid":{"rendered":"https:\/\/www.simasa.com\/?post_type=product&#038;p=6325\/"},"modified":"2017-12-25T19:59:17","modified_gmt":"2017-12-25T19:59:17","slug":"cobra-30-pro","status":"publish","type":"product","link":"https:\/\/www.simasa.com\/fr\/producto\/cobra-30-pro\/","title":{"rendered":"COBRA 30 PRO"},"content":{"rendered":"<p>&nbsp;<\/p>\n<p>La <strong>COBRA 30 PRO<\/strong> est une scie \u00e0 sol <strong>rapide, l\u00e9g\u00e8re et\u00a0facilement maniabl<\/strong>e. Elle tol\u00e8re des disques de:<\/p>\n<ul>\n<li><em>300 mm<\/em><\/li>\n<li><em>350\u00a0mm<\/em><\/li>\n<li><em>400 mm<\/em><\/li>\n<\/ul>\n<p>Son design innovant permet de <strong>prolonger les p\u00e9riodes d&rsquo;entretien avec un gain de temps de pr\u00e9s de 80%<\/strong> (acc\u00e9s rapide\u00a0aux courroies, tendeur sans besoin d&rsquo; \u00e9querrage). Le nouveau\u00a0syst\u00e8me de rouleau permet une tension des courroies en moins de<strong>\u00a05 minutes face aux 32 minutes<\/strong> sur une machine traditionnelle.\u00a0Tout cela contribue \u00e0 <strong>une r\u00e9duction consid\u00e9rable des co\u00fbts d&rsquo; entretien<\/strong>\u00a0de la machine.<\/p>\n<p>D\u00e9coupe majeure, durabilit\u00e9 et efficacit\u00e9: la <strong>COBRA 30\/35\u00a0PRO<\/strong> d\u00e9coupe \u00e0 plus de profondeur que n&rsquo;importe quelle\u00a0machine du march\u00e9 avec le m\u00eame diam\u00e8tre de disque.<\/p>\n<p><strong>La coupe plus profonde:<\/strong><\/p>\n<ul>\n<li>Machine l\u00e9g\u00e8re et portative, Transport ais\u00e9\u00a0dans de petits v\u00e9hicules.<\/li>\n<li>Brancard repliable: gain de place assur\u00e9.<\/li>\n<li>Robuste et simple: <strong>pr\u00e9conis\u00e9e chez les\u00a0loueurs<\/strong>.<\/li>\n<li>Levage par amortisseur \u00e0 gaz avec autoblocage\u00a0en extension et compression situ\u00e9\u00a0sur le brancard. Pas d&rsquo; entretien.<\/li>\n<li>Axe arri\u00e8re r\u00e9glable \u00e0 g\u00e9om\u00e9trie variable.<\/li>\n<li>Permet de r\u00e9aliser des d\u00e9coupes \u00e0 proximit\u00e9\u00a0des murs, trottoirs, colonnes et piliers.<\/li>\n<li>Roulements prot\u00e9g\u00e9s par des enjoliveurs\u00a0des deux c\u00f4t\u00e9s contre l&rsquo; eau \u00e0 pression. Les\u00a0enjoliveurs prolongent la dur\u00e9e de vie des\u00a0roulements.<\/li>\n<li>R\u00e9servoir portatif en polycarbonate (r\u00e9servoir\u00a0escamotable)<\/li>\n<li>Roues increvables<\/li>\n<\/ul>\n<p><img loading=\"lazy\" decoding=\"async\" class=\"alignnone wp-image-9120 size-full\" src=\"https:\/\/www.simasa.com\/wp-content\/uploads\/2017\/06\/avantages-cobra-pro.jpg\" alt=\"\" width=\"1120\" height=\"493\" srcset=\"https:\/\/www.simasa.com\/wp-content\/uploads\/2017\/06\/avantages-cobra-pro.jpg 1120w, https:\/\/www.simasa.com\/wp-content\/uploads\/2017\/06\/avantages-cobra-pro-416x183.jpg 416w\" sizes=\"auto, (max-width: 1120px) 100vw, 1120px\" \/><\/p>\n<p><img loading=\"lazy\" decoding=\"async\" class=\"alignnone wp-image-9132 size-full\" src=\"https:\/\/www.simasa.com\/wp-content\/uploads\/2017\/06\/profondeur-cobra-pro.jpg\" alt=\"\" width=\"1114\" height=\"526\" srcset=\"https:\/\/www.simasa.com\/wp-content\/uploads\/2017\/06\/profondeur-cobra-pro.jpg 1114w, https:\/\/www.simasa.com\/wp-content\/uploads\/2017\/06\/profondeur-cobra-pro-416x196.jpg 416w\" sizes=\"auto, (max-width: 1114px) 100vw, 1114px\" \/><\/p>\n<p><img loading=\"lazy\" decoding=\"async\" class=\"alignnone wp-image-9148 size-full\" src=\"https:\/\/www.simasa.com\/wp-content\/uploads\/2017\/06\/tabla-cobra-pro-fr.jpg\" alt=\"\" width=\"1116\" height=\"287\" srcset=\"https:\/\/www.simasa.com\/wp-content\/uploads\/2017\/06\/tabla-cobra-pro-fr.jpg 1116w, https:\/\/www.simasa.com\/wp-content\/uploads\/2017\/06\/tabla-cobra-pro-fr-416x107.jpg 416w\" sizes=\"auto, (max-width: 1116px) 100vw, 1116px\" \/><\/p>\n<p><iframe loading=\"lazy\" src=\"https:\/\/www.youtube.com\/embed\/kp-Ga6mQa0Y\" width=\"700\" height=\"394\" frameborder=\"0\" allowfullscreen=\"allowfullscreen\"><\/iframe><\/p>\n","protected":false},"excerpt":{"rendered":"<p>La <strong>COBRA 30 PRO<\/strong> est une scie \u00e0 sol <em>rapide, l\u00e9g\u00e8re et\u00a0facilement maniable<\/em>.<\/p>\n<p>&nbsp;<\/p>\n","protected":false},"featured_media":6320,"comment_status":"open","ping_status":"closed","template":"","meta":{"_acf_changed":false},"product_brand":[],"product_cat":[1813],"product_tag":[],"class_list":{"0":"post-6325","1":"product","2":"type-product","3":"status-publish","4":"has-post-thumbnail","6":"product_cat-scies-a-sol","7":"pa_max-blade-diameter-mm-3745","8":"pa_max-cutting-depth-mm-3894","9":"pa_power-essence","11":"first","12":"instock","13":"shipping-taxable","14":"product-type-simple"},"acf":[],"yoast_head":"<!-- This site is optimized with the Yoast SEO plugin v27.4 - https:\/\/yoast.com\/product\/yoast-seo-wordpress\/ -->\n<title>- COBRA 30 PRO | Sima<\/title>\n<meta name=\"description\" content=\"COBRA 30 PRO. La COBRA 30 PRO est une scie \u00e0 sol rapide, l\u00e9g\u00e8re et\u00a0facilement maniable.  &nbsp;\" \/>\n<meta name=\"robots\" content=\"noindex, follow\" \/>\n<meta property=\"og:locale\" content=\"fr_FR\" \/>\n<meta property=\"og:type\" content=\"article\" \/>\n<meta property=\"og:title\" content=\"- COBRA 30 PRO | Sima\" \/>\n<meta property=\"og:description\" content=\"COBRA 30 PRO. La COBRA 30 PRO est une scie \u00e0 sol rapide, l\u00e9g\u00e8re et\u00a0facilement maniable.  &nbsp;\" \/>\n<meta property=\"og:url\" content=\"https:\/\/www.simasa.com\/fr\/producto\/cobra-30-pro\/\" \/>\n<meta property=\"og:site_name\" content=\"Sima\" \/>\n<meta property=\"article:modified_time\" content=\"2017-12-25T19:59:17+00:00\" \/>\n<meta property=\"og:image\" content=\"https:\/\/www.simasa.com\/wp-content\/uploads\/2016\/04\/SIMA-Cobra-35-PRO-1.jpg\" \/>\n\t<meta property=\"og:image:width\" content=\"1772\" \/>\n\t<meta property=\"og:image:height\" content=\"1772\" \/>\n\t<meta property=\"og:image:type\" content=\"image\/jpeg\" \/>\n<meta name=\"twitter:card\" content=\"summary_large_image\" \/>\n<meta name=\"twitter:label1\" content=\"Dur\u00e9e de lecture estim\u00e9e\" \/>\n\t<meta name=\"twitter:data1\" content=\"1 minute\" \/>\n<script type=\"application\/ld+json\" class=\"yoast-schema-graph\">{\"@context\":\"https:\\\/\\\/schema.org\",\"@graph\":[{\"@type\":\"WebPage\",\"@id\":\"https:\\\/\\\/www.simasa.com\\\/fr\\\/producto\\\/cobra-30-pro\\\/\",\"url\":\"https:\\\/\\\/www.simasa.com\\\/fr\\\/producto\\\/cobra-30-pro\\\/\",\"name\":\"- COBRA 30 PRO | Sima\",\"isPartOf\":{\"@id\":\"https:\\\/\\\/www.simasa.com\\\/fr\\\/#website\"},\"primaryImageOfPage\":{\"@id\":\"https:\\\/\\\/www.simasa.com\\\/fr\\\/producto\\\/cobra-30-pro\\\/#primaryimage\"},\"image\":{\"@id\":\"https:\\\/\\\/www.simasa.com\\\/fr\\\/producto\\\/cobra-30-pro\\\/#primaryimage\"},\"thumbnailUrl\":\"https:\\\/\\\/www.simasa.com\\\/wp-content\\\/uploads\\\/2016\\\/04\\\/SIMA-Cobra-35-PRO-1.jpg\",\"datePublished\":\"2017-06-12T15:53:35+00:00\",\"dateModified\":\"2017-12-25T19:59:17+00:00\",\"description\":\"COBRA 30 PRO. La COBRA 30 PRO est une scie \u00e0 sol rapide, l\u00e9g\u00e8re et\u00a0facilement maniable. &nbsp;\",\"breadcrumb\":{\"@id\":\"https:\\\/\\\/www.simasa.com\\\/fr\\\/producto\\\/cobra-30-pro\\\/#breadcrumb\"},\"inLanguage\":\"fr-FR\",\"potentialAction\":[{\"@type\":\"ReadAction\",\"target\":[\"https:\\\/\\\/www.simasa.com\\\/fr\\\/producto\\\/cobra-30-pro\\\/\"]}]},{\"@type\":\"ImageObject\",\"inLanguage\":\"fr-FR\",\"@id\":\"https:\\\/\\\/www.simasa.com\\\/fr\\\/producto\\\/cobra-30-pro\\\/#primaryimage\",\"url\":\"https:\\\/\\\/www.simasa.com\\\/wp-content\\\/uploads\\\/2016\\\/04\\\/SIMA-Cobra-35-PRO-1.jpg\",\"contentUrl\":\"https:\\\/\\\/www.simasa.com\\\/wp-content\\\/uploads\\\/2016\\\/04\\\/SIMA-Cobra-35-PRO-1.jpg\",\"width\":1772,\"height\":1772},{\"@type\":\"BreadcrumbList\",\"@id\":\"https:\\\/\\\/www.simasa.com\\\/fr\\\/producto\\\/cobra-30-pro\\\/#breadcrumb\",\"itemListElement\":[{\"@type\":\"ListItem\",\"position\":1,\"name\":\"Inicio\",\"item\":\"https:\\\/\\\/www.simasa.com\\\/fr\\\/\"},{\"@type\":\"ListItem\",\"position\":2,\"name\":\"Catalogue\",\"item\":\"https:\\\/\\\/www.simasa.com\\\/cat-sima\\\/\"},{\"@type\":\"ListItem\",\"position\":3,\"name\":\"COBRA 30 PRO\"}]},{\"@type\":\"WebSite\",\"@id\":\"https:\\\/\\\/www.simasa.com\\\/fr\\\/#website\",\"url\":\"https:\\\/\\\/www.simasa.com\\\/fr\\\/\",\"name\":\"Sima\",\"description\":\"Fabricantes de maquinaria para la construcci\u00f3n\",\"publisher\":{\"@id\":\"https:\\\/\\\/www.simasa.com\\\/fr\\\/#organization\"},\"potentialAction\":[{\"@type\":\"SearchAction\",\"target\":{\"@type\":\"EntryPoint\",\"urlTemplate\":\"https:\\\/\\\/www.simasa.com\\\/fr\\\/?s={search_term_string}\"},\"query-input\":{\"@type\":\"PropertyValueSpecification\",\"valueRequired\":true,\"valueName\":\"search_term_string\"}}],\"inLanguage\":\"fr-FR\"},{\"@type\":\"Organization\",\"@id\":\"https:\\\/\\\/www.simasa.com\\\/fr\\\/#organization\",\"name\":\"Sima\",\"url\":\"https:\\\/\\\/www.simasa.com\\\/fr\\\/\",\"logo\":{\"@type\":\"ImageObject\",\"inLanguage\":\"fr-FR\",\"@id\":\"https:\\\/\\\/www.simasa.com\\\/fr\\\/#\\\/schema\\\/logo\\\/image\\\/\",\"url\":\"https:\\\/\\\/www.simasa.com\\\/wp-content\\\/uploads\\\/2016\\\/03\\\/logo-1.jpg\",\"contentUrl\":\"https:\\\/\\\/www.simasa.com\\\/wp-content\\\/uploads\\\/2016\\\/03\\\/logo-1.jpg\",\"width\":121,\"height\":54,\"caption\":\"Sima\"},\"image\":{\"@id\":\"https:\\\/\\\/www.simasa.com\\\/fr\\\/#\\\/schema\\\/logo\\\/image\\\/\"}}]}<\/script>\n<!-- \/ Yoast SEO plugin. -->","yoast_head_json":{"title":"- COBRA 30 PRO | Sima","description":"COBRA 30 PRO. La COBRA 30 PRO est une scie \u00e0 sol rapide, l\u00e9g\u00e8re et\u00a0facilement maniable.  &nbsp;","robots":{"index":"noindex","follow":"follow"},"og_locale":"fr_FR","og_type":"article","og_title":"- COBRA 30 PRO | Sima","og_description":"COBRA 30 PRO. La COBRA 30 PRO est une scie \u00e0 sol rapide, l\u00e9g\u00e8re et\u00a0facilement maniable.  &nbsp;","og_url":"https:\/\/www.simasa.com\/fr\/producto\/cobra-30-pro\/","og_site_name":"Sima","article_modified_time":"2017-12-25T19:59:17+00:00","og_image":[{"width":1772,"height":1772,"url":"https:\/\/www.simasa.com\/wp-content\/uploads\/2016\/04\/SIMA-Cobra-35-PRO-1.jpg","type":"image\/jpeg"}],"twitter_card":"summary_large_image","twitter_misc":{"Dur\u00e9e de lecture estim\u00e9e":"1 minute"},"schema":{"@context":"https:\/\/schema.org","@graph":[{"@type":"WebPage","@id":"https:\/\/www.simasa.com\/fr\/producto\/cobra-30-pro\/","url":"https:\/\/www.simasa.com\/fr\/producto\/cobra-30-pro\/","name":"- COBRA 30 PRO | Sima","isPartOf":{"@id":"https:\/\/www.simasa.com\/fr\/#website"},"primaryImageOfPage":{"@id":"https:\/\/www.simasa.com\/fr\/producto\/cobra-30-pro\/#primaryimage"},"image":{"@id":"https:\/\/www.simasa.com\/fr\/producto\/cobra-30-pro\/#primaryimage"},"thumbnailUrl":"https:\/\/www.simasa.com\/wp-content\/uploads\/2016\/04\/SIMA-Cobra-35-PRO-1.jpg","datePublished":"2017-06-12T15:53:35+00:00","dateModified":"2017-12-25T19:59:17+00:00","description":"COBRA 30 PRO. La COBRA 30 PRO est une scie \u00e0 sol rapide, l\u00e9g\u00e8re et\u00a0facilement maniable. &nbsp;","breadcrumb":{"@id":"https:\/\/www.simasa.com\/fr\/producto\/cobra-30-pro\/#breadcrumb"},"inLanguage":"fr-FR","potentialAction":[{"@type":"ReadAction","target":["https:\/\/www.simasa.com\/fr\/producto\/cobra-30-pro\/"]}]},{"@type":"ImageObject","inLanguage":"fr-FR","@id":"https:\/\/www.simasa.com\/fr\/producto\/cobra-30-pro\/#primaryimage","url":"https:\/\/www.simasa.com\/wp-content\/uploads\/2016\/04\/SIMA-Cobra-35-PRO-1.jpg","contentUrl":"https:\/\/www.simasa.com\/wp-content\/uploads\/2016\/04\/SIMA-Cobra-35-PRO-1.jpg","width":1772,"height":1772},{"@type":"BreadcrumbList","@id":"https:\/\/www.simasa.com\/fr\/producto\/cobra-30-pro\/#breadcrumb","itemListElement":[{"@type":"ListItem","position":1,"name":"Inicio","item":"https:\/\/www.simasa.com\/fr\/"},{"@type":"ListItem","position":2,"name":"Catalogue","item":"https:\/\/www.simasa.com\/cat-sima\/"},{"@type":"ListItem","position":3,"name":"COBRA 30 PRO"}]},{"@type":"WebSite","@id":"https:\/\/www.simasa.com\/fr\/#website","url":"https:\/\/www.simasa.com\/fr\/","name":"Sima","description":"Fabricantes de maquinaria para la construcci\u00f3n","publisher":{"@id":"https:\/\/www.simasa.com\/fr\/#organization"},"potentialAction":[{"@type":"SearchAction","target":{"@type":"EntryPoint","urlTemplate":"https:\/\/www.simasa.com\/fr\/?s={search_term_string}"},"query-input":{"@type":"PropertyValueSpecification","valueRequired":true,"valueName":"search_term_string"}}],"inLanguage":"fr-FR"},{"@type":"Organization","@id":"https:\/\/www.simasa.com\/fr\/#organization","name":"Sima","url":"https:\/\/www.simasa.com\/fr\/","logo":{"@type":"ImageObject","inLanguage":"fr-FR","@id":"https:\/\/www.simasa.com\/fr\/#\/schema\/logo\/image\/","url":"https:\/\/www.simasa.com\/wp-content\/uploads\/2016\/03\/logo-1.jpg","contentUrl":"https:\/\/www.simasa.com\/wp-content\/uploads\/2016\/03\/logo-1.jpg","width":121,"height":54,"caption":"Sima"},"image":{"@id":"https:\/\/www.simasa.com\/fr\/#\/schema\/logo\/image\/"}}]}},"_links":{"self":[{"href":"https:\/\/www.simasa.com\/fr\/wp-json\/wp\/v2\/product\/6325","targetHints":{"allow":["GET"]}}],"collection":[{"href":"https:\/\/www.simasa.com\/fr\/wp-json\/wp\/v2\/product"}],"about":[{"href":"https:\/\/www.simasa.com\/fr\/wp-json\/wp\/v2\/types\/product"}],"replies":[{"embeddable":true,"href":"https:\/\/www.simasa.com\/fr\/wp-json\/wp\/v2\/comments?post=6325"}],"wp:featuredmedia":[{"embeddable":true,"href":"https:\/\/www.simasa.com\/fr\/wp-json\/wp\/v2\/media\/6320"}],"wp:attachment":[{"href":"https:\/\/www.simasa.com\/fr\/wp-json\/wp\/v2\/media?parent=6325"}],"wp:term":[{"taxonomy":"product_brand","embeddable":true,"href":"https:\/\/www.simasa.com\/fr\/wp-json\/wp\/v2\/product_brand?post=6325"},{"taxonomy":"product_cat","embeddable":true,"href":"https:\/\/www.simasa.com\/fr\/wp-json\/wp\/v2\/product_cat?post=6325"},{"taxonomy":"product_tag","embeddable":true,"href":"https:\/\/www.simasa.com\/fr\/wp-json\/wp\/v2\/product_tag?post=6325"}],"curies":[{"name":"wp","href":"https:\/\/api.w.org\/{rel}","templated":true}]}}