{"id":5907,"date":"2017-05-30T16:48:46","date_gmt":"2017-05-30T16:48:48","guid":{"rendered":"https:\/\/www.simasa.com\/?post_type=product&#038;p=5907\/"},"modified":"2017-12-25T11:53:19","modified_gmt":"2017-12-25T11:53:19","slug":"cx20","status":"publish","type":"product","link":"https:\/\/www.simasa.com\/fr\/producto\/cx20\/","title":{"rendered":"CX 20"},"content":{"rendered":"<p>Pistons \u00e0 haut rendement pour couper:<\/p>\n<ul>\n<li>fer sur du maillage \u00e0 acc\u00e9s difficile.<\/li>\n<li>fer sur petits chantiers.<\/li>\n<li>capacit\u00e9 de coupe de\u00a0<strong>16, 20 y 25 mm<\/strong><\/li>\n<\/ul>\n<p>Avec le <strong>b\u00e2ti renforc\u00e9 et lames avec quatre ar\u00eates vis de r\u00e9glage<\/strong> des\u00a0barres de fer.\u00a0Double isolement et <strong>soupape de pour l&rsquo;\u00e9vacuation de la pression<\/strong> et retour du piston.<\/p>\n<p><img loading=\"lazy\" decoding=\"async\" class=\"alignnone wp-image-8541 size-full\" src=\"https:\/\/www.simasa.com\/wp-content\/uploads\/2016\/05\/cx-fr.jpg\" alt=\"\" width=\"1114\" height=\"242\" srcset=\"https:\/\/www.simasa.com\/wp-content\/uploads\/2016\/05\/cx-fr.jpg 1114w, https:\/\/www.simasa.com\/wp-content\/uploads\/2016\/05\/cx-fr-416x90.jpg 416w\" sizes=\"auto, (max-width: 1114px) 100vw, 1114px\" \/><\/p>\n<p>&nbsp;<\/p>\n<p><iframe loading=\"lazy\" src=\"https:\/\/www.youtube.com\/embed\/S5ww7sOawYE\" width=\"700\" height=\"394\" frameborder=\"0\" allowfullscreen=\"allowfullscreen\"><\/iframe><\/p>\n","protected":false},"excerpt":{"rendered":"<p><strong>\u00a0<\/strong><\/p>\n<p>Les cisailles<strong> SIMA CX 20<\/strong> ont a t\u00eate en acier forg\u00e9.<\/p>\n<p><strong>\u00a0<\/strong><\/p>\n","protected":false},"featured_media":5910,"comment_status":"open","ping_status":"closed","template":"","meta":{"_acf_changed":false},"product_brand":[],"product_cat":[1803],"product_tag":[],"class_list":{"0":"post-5907","1":"product","2":"type-product","3":"status-publish","4":"has-post-thumbnail","6":"product_cat-cisailles-electriques","7":"pa_max-cutting-3858","8":"pa_power-electro-hydrauliques","10":"first","11":"instock","12":"shipping-taxable","13":"product-type-simple"},"acf":[],"yoast_head":"<!-- This site is optimized with the Yoast SEO plugin v27.2 - https:\/\/yoast.com\/product\/yoast-seo-wordpress\/ -->\n<title>- CX 20 | Sima<\/title>\n<meta name=\"description\" content=\"CX 20. \u00a0  Les cisailles SIMA CX 20 ont a t\u00eate en acier forg\u00e9.  \u00a0\" \/>\n<meta name=\"robots\" content=\"noindex, follow\" \/>\n<meta property=\"og:locale\" content=\"fr_FR\" \/>\n<meta property=\"og:type\" content=\"article\" \/>\n<meta property=\"og:title\" content=\"- CX 20 | Sima\" \/>\n<meta property=\"og:description\" content=\"CX 20. \u00a0  Les cisailles SIMA CX 20 ont a t\u00eate en acier forg\u00e9.  \u00a0\" \/>\n<meta property=\"og:url\" content=\"https:\/\/www.simasa.com\/fr\/producto\/cx20\/\" \/>\n<meta property=\"og:site_name\" content=\"Sima\" \/>\n<meta property=\"article:modified_time\" content=\"2017-12-25T11:53:19+00:00\" \/>\n<meta property=\"og:image\" content=\"https:\/\/www.simasa.com\/wp-content\/uploads\/2017\/05\/CX20-CAL-verde.jpg\" \/>\n\t<meta property=\"og:image:width\" content=\"605\" \/>\n\t<meta property=\"og:image:height\" content=\"605\" \/>\n\t<meta property=\"og:image:type\" content=\"image\/jpeg\" \/>\n<meta name=\"twitter:card\" content=\"summary_large_image\" \/>\n<script type=\"application\/ld+json\" class=\"yoast-schema-graph\">{\"@context\":\"https:\/\/schema.org\",\"@graph\":[{\"@type\":\"WebPage\",\"@id\":\"https:\/\/www.simasa.com\/fr\/producto\/cx20\/\",\"url\":\"https:\/\/www.simasa.com\/fr\/producto\/cx20\/\",\"name\":\"- CX 20 | Sima\",\"isPartOf\":{\"@id\":\"https:\/\/www.simasa.com\/fr\/#website\"},\"primaryImageOfPage\":{\"@id\":\"https:\/\/www.simasa.com\/fr\/producto\/cx20\/#primaryimage\"},\"image\":{\"@id\":\"https:\/\/www.simasa.com\/fr\/producto\/cx20\/#primaryimage\"},\"thumbnailUrl\":\"https:\/\/www.simasa.com\/wp-content\/uploads\/2017\/05\/CX20-CAL-verde.jpg\",\"datePublished\":\"2017-05-30T16:48:48+00:00\",\"dateModified\":\"2017-12-25T11:53:19+00:00\",\"description\":\"CX 20. \u00a0 Les cisailles SIMA CX 20 ont a t\u00eate en acier forg\u00e9. \u00a0\",\"breadcrumb\":{\"@id\":\"https:\/\/www.simasa.com\/fr\/producto\/cx20\/#breadcrumb\"},\"inLanguage\":\"fr-FR\",\"potentialAction\":[{\"@type\":\"ReadAction\",\"target\":[\"https:\/\/www.simasa.com\/fr\/producto\/cx20\/\"]}]},{\"@type\":\"ImageObject\",\"inLanguage\":\"fr-FR\",\"@id\":\"https:\/\/www.simasa.com\/fr\/producto\/cx20\/#primaryimage\",\"url\":\"https:\/\/www.simasa.com\/wp-content\/uploads\/2017\/05\/CX20-CAL-verde.jpg\",\"contentUrl\":\"https:\/\/www.simasa.com\/wp-content\/uploads\/2017\/05\/CX20-CAL-verde.jpg\",\"width\":605,\"height\":605},{\"@type\":\"BreadcrumbList\",\"@id\":\"https:\/\/www.simasa.com\/fr\/producto\/cx20\/#breadcrumb\",\"itemListElement\":[{\"@type\":\"ListItem\",\"position\":1,\"name\":\"Inicio\",\"item\":\"https:\/\/www.simasa.com\/fr\/\"},{\"@type\":\"ListItem\",\"position\":2,\"name\":\"Catalogue\",\"item\":\"https:\/\/www.simasa.com\/cat-sima\/\"},{\"@type\":\"ListItem\",\"position\":3,\"name\":\"CX 20\"}]},{\"@type\":\"WebSite\",\"@id\":\"https:\/\/www.simasa.com\/fr\/#website\",\"url\":\"https:\/\/www.simasa.com\/fr\/\",\"name\":\"Sima\",\"description\":\"Fabricantes de maquinaria para la construcci\u00f3n\",\"publisher\":{\"@id\":\"https:\/\/www.simasa.com\/fr\/#organization\"},\"potentialAction\":[{\"@type\":\"SearchAction\",\"target\":{\"@type\":\"EntryPoint\",\"urlTemplate\":\"https:\/\/www.simasa.com\/fr\/?s={search_term_string}\"},\"query-input\":{\"@type\":\"PropertyValueSpecification\",\"valueRequired\":true,\"valueName\":\"search_term_string\"}}],\"inLanguage\":\"fr-FR\"},{\"@type\":\"Organization\",\"@id\":\"https:\/\/www.simasa.com\/fr\/#organization\",\"name\":\"Sima\",\"url\":\"https:\/\/www.simasa.com\/fr\/\",\"logo\":{\"@type\":\"ImageObject\",\"inLanguage\":\"fr-FR\",\"@id\":\"https:\/\/www.simasa.com\/fr\/#\/schema\/logo\/image\/\",\"url\":\"https:\/\/www.simasa.com\/wp-content\/uploads\/2016\/03\/logo-1.jpg\",\"contentUrl\":\"https:\/\/www.simasa.com\/wp-content\/uploads\/2016\/03\/logo-1.jpg\",\"width\":121,\"height\":54,\"caption\":\"Sima\"},\"image\":{\"@id\":\"https:\/\/www.simasa.com\/fr\/#\/schema\/logo\/image\/\"}}]}<\/script>\n<!-- \/ Yoast SEO plugin. -->","yoast_head_json":{"title":"- CX 20 | Sima","description":"CX 20. \u00a0  Les cisailles SIMA CX 20 ont a t\u00eate en acier forg\u00e9.  \u00a0","robots":{"index":"noindex","follow":"follow"},"og_locale":"fr_FR","og_type":"article","og_title":"- CX 20 | Sima","og_description":"CX 20. \u00a0  Les cisailles SIMA CX 20 ont a t\u00eate en acier forg\u00e9.  \u00a0","og_url":"https:\/\/www.simasa.com\/fr\/producto\/cx20\/","og_site_name":"Sima","article_modified_time":"2017-12-25T11:53:19+00:00","og_image":[{"width":605,"height":605,"url":"https:\/\/www.simasa.com\/wp-content\/uploads\/2017\/05\/CX20-CAL-verde.jpg","type":"image\/jpeg"}],"twitter_card":"summary_large_image","schema":{"@context":"https:\/\/schema.org","@graph":[{"@type":"WebPage","@id":"https:\/\/www.simasa.com\/fr\/producto\/cx20\/","url":"https:\/\/www.simasa.com\/fr\/producto\/cx20\/","name":"- CX 20 | Sima","isPartOf":{"@id":"https:\/\/www.simasa.com\/fr\/#website"},"primaryImageOfPage":{"@id":"https:\/\/www.simasa.com\/fr\/producto\/cx20\/#primaryimage"},"image":{"@id":"https:\/\/www.simasa.com\/fr\/producto\/cx20\/#primaryimage"},"thumbnailUrl":"https:\/\/www.simasa.com\/wp-content\/uploads\/2017\/05\/CX20-CAL-verde.jpg","datePublished":"2017-05-30T16:48:48+00:00","dateModified":"2017-12-25T11:53:19+00:00","description":"CX 20. \u00a0 Les cisailles SIMA CX 20 ont a t\u00eate en acier forg\u00e9. \u00a0","breadcrumb":{"@id":"https:\/\/www.simasa.com\/fr\/producto\/cx20\/#breadcrumb"},"inLanguage":"fr-FR","potentialAction":[{"@type":"ReadAction","target":["https:\/\/www.simasa.com\/fr\/producto\/cx20\/"]}]},{"@type":"ImageObject","inLanguage":"fr-FR","@id":"https:\/\/www.simasa.com\/fr\/producto\/cx20\/#primaryimage","url":"https:\/\/www.simasa.com\/wp-content\/uploads\/2017\/05\/CX20-CAL-verde.jpg","contentUrl":"https:\/\/www.simasa.com\/wp-content\/uploads\/2017\/05\/CX20-CAL-verde.jpg","width":605,"height":605},{"@type":"BreadcrumbList","@id":"https:\/\/www.simasa.com\/fr\/producto\/cx20\/#breadcrumb","itemListElement":[{"@type":"ListItem","position":1,"name":"Inicio","item":"https:\/\/www.simasa.com\/fr\/"},{"@type":"ListItem","position":2,"name":"Catalogue","item":"https:\/\/www.simasa.com\/cat-sima\/"},{"@type":"ListItem","position":3,"name":"CX 20"}]},{"@type":"WebSite","@id":"https:\/\/www.simasa.com\/fr\/#website","url":"https:\/\/www.simasa.com\/fr\/","name":"Sima","description":"Fabricantes de maquinaria para la construcci\u00f3n","publisher":{"@id":"https:\/\/www.simasa.com\/fr\/#organization"},"potentialAction":[{"@type":"SearchAction","target":{"@type":"EntryPoint","urlTemplate":"https:\/\/www.simasa.com\/fr\/?s={search_term_string}"},"query-input":{"@type":"PropertyValueSpecification","valueRequired":true,"valueName":"search_term_string"}}],"inLanguage":"fr-FR"},{"@type":"Organization","@id":"https:\/\/www.simasa.com\/fr\/#organization","name":"Sima","url":"https:\/\/www.simasa.com\/fr\/","logo":{"@type":"ImageObject","inLanguage":"fr-FR","@id":"https:\/\/www.simasa.com\/fr\/#\/schema\/logo\/image\/","url":"https:\/\/www.simasa.com\/wp-content\/uploads\/2016\/03\/logo-1.jpg","contentUrl":"https:\/\/www.simasa.com\/wp-content\/uploads\/2016\/03\/logo-1.jpg","width":121,"height":54,"caption":"Sima"},"image":{"@id":"https:\/\/www.simasa.com\/fr\/#\/schema\/logo\/image\/"}}]}},"_links":{"self":[{"href":"https:\/\/www.simasa.com\/fr\/wp-json\/wp\/v2\/product\/5907","targetHints":{"allow":["GET"]}}],"collection":[{"href":"https:\/\/www.simasa.com\/fr\/wp-json\/wp\/v2\/product"}],"about":[{"href":"https:\/\/www.simasa.com\/fr\/wp-json\/wp\/v2\/types\/product"}],"replies":[{"embeddable":true,"href":"https:\/\/www.simasa.com\/fr\/wp-json\/wp\/v2\/comments?post=5907"}],"wp:featuredmedia":[{"embeddable":true,"href":"https:\/\/www.simasa.com\/fr\/wp-json\/wp\/v2\/media\/5910"}],"wp:attachment":[{"href":"https:\/\/www.simasa.com\/fr\/wp-json\/wp\/v2\/media?parent=5907"}],"wp:term":[{"taxonomy":"product_brand","embeddable":true,"href":"https:\/\/www.simasa.com\/fr\/wp-json\/wp\/v2\/product_brand?post=5907"},{"taxonomy":"product_cat","embeddable":true,"href":"https:\/\/www.simasa.com\/fr\/wp-json\/wp\/v2\/product_cat?post=5907"},{"taxonomy":"product_tag","embeddable":true,"href":"https:\/\/www.simasa.com\/fr\/wp-json\/wp\/v2\/product_tag?post=5907"}],"curies":[{"name":"wp","href":"https:\/\/api.w.org\/{rel}","templated":true}]}}