{"id":5769,"date":"2017-05-26T16:10:16","date_gmt":"2017-05-26T16:10:16","guid":{"rendered":"https:\/\/www.simasa.com\/catalogo-sima\/sin%20categorizar\/venus-125-polypanel\/"},"modified":"2024-09-19T14:23:01","modified_gmt":"2024-09-19T12:23:01","slug":"venus-125-polypanel","status":"publish","type":"product","link":"https:\/\/www.simasa.com\/fr\/producto\/venus-125-polypanel\/","title":{"rendered":"VENUS 125 Polypanel"},"content":{"rendered":"<p>&nbsp;<\/p>\n<p>Les panneaux compos\u00e9s par des mat\u00e9riaux complexes, tels que le polystyr\u00e8ne, le polyur\u00e9thane ou panneaux en laine de roche, sont de plus en plus utilis\u00e9s dans le domaine de la construction. Ils offrent une excellente finition, et un pr\u00e9sentation tr\u00e8s attrayante, doubl\u00e9es de propri\u00e9t\u00e9s isolantes et ignifuges.<\/p>\n<p>N\u00e9anmoins, la d\u00e9coupe de panneaux est tr\u00e8s encombrante: les pi\u00e8ces \u00e0 d\u00e9couper sont de talle consid\u00e9rable et r\u00e9alis\u00e9es par des machines \u00e9lectro-portatives.<\/p>\n<p>SIMA pr\u00e9sente une table de coupe sp\u00e9cialement con\u00e7ue pour la manipulation de ce type de mat\u00e9riaux.<\/p>\n<p>La <strong>Venus Polypanel<\/strong> permet une d\u00e9coupe parfaite de panneaux les plus courants sur le march\u00e9.<\/p>\n<p><strong>L\u2019unique machine sur le march\u00e9 con\u00e7ue pour la manipulation de ce type de mat\u00e9riaux<\/strong>: Paneaux de Polyurethane, Polyestyr\u00e8ne, laine de roche, etc.<\/p>\n<p>&nbsp;<\/p>\n<p>&nbsp;<\/p>\n<p><img loading=\"lazy\" decoding=\"async\" class=\"alignnone wp-image-9430 size-large\" src=\"https:\/\/www.simasa.com\/wp-content\/uploads\/2017\/05\/tabla-venus-polypanel-fr-1024x449.jpg\" alt=\"\" width=\"980\" height=\"430\" \/><\/p>\n<p>&nbsp;<\/p>\n<p><iframe loading=\"lazy\" src=\"https:\/\/www.youtube.com\/embed\/-loebaXRYYw\" width=\"945\" height=\"540\" frameborder=\"0\" allowfullscreen=\"allowfullscreen\"><\/iframe><\/p>\n","protected":false},"excerpt":{"rendered":"<p>La<strong> VENUS 125 Polypanel<\/strong> est une table de coupe que permet une d\u00e9coupe parfaite de panneaux les plus courants sur le march\u00e9.<\/p>\n","protected":false},"featured_media":12177,"comment_status":"open","ping_status":"closed","template":"","meta":{"_acf_changed":false},"product_brand":[],"product_cat":[2803],"product_tag":[2791,2806],"class_list":{"0":"post-5769","1":"product","2":"type-product","3":"status-publish","4":"has-post-thumbnail","6":"product_cat-panneaux-de-construction-isolants","7":"product_tag-cortadora-de-materiales-fr","8":"product_tag-cortadora-de-paneles-fr","9":"pa_45-cutting-oui-45-cutting-fr","10":"pa_max-blade-diameter-mm-3745","11":"pa_max-cutting-depth-mm-3881","12":"pa_max-cutting-length-mm-3928","14":"first","15":"instock","16":"shipping-taxable","17":"product-type-simple"},"acf":[],"yoast_head":"<!-- This site is optimized with the Yoast SEO plugin v27.4 - https:\/\/yoast.com\/product\/yoast-seo-wordpress\/ -->\n<title>Cortadora de Materiales, Cortadora de Paneles - VENUS 125 Polypanel | Sima<\/title>\n<meta name=\"description\" content=\"VENUS 125 Polypanel. La VENUS 125 Polypanel est une table de coupe que permet une d\u00e9coupe parfaite de panneaux les plus courants sur le march\u00e9.\" \/>\n<meta name=\"robots\" content=\"noindex, follow\" \/>\n<meta property=\"og:locale\" content=\"fr_FR\" \/>\n<meta property=\"og:type\" content=\"article\" \/>\n<meta property=\"og:title\" content=\"Cortadora de Materiales, Cortadora de Paneles - VENUS 125 Polypanel | Sima\" \/>\n<meta property=\"og:description\" content=\"VENUS 125 Polypanel. La VENUS 125 Polypanel est une table de coupe que permet une d\u00e9coupe parfaite de panneaux les plus courants sur le march\u00e9.\" \/>\n<meta property=\"og:url\" content=\"https:\/\/www.simasa.com\/fr\/producto\/venus-125-polypanel\/\" \/>\n<meta property=\"og:site_name\" content=\"Sima\" \/>\n<meta property=\"article:modified_time\" content=\"2024-09-19T12:23:01+00:00\" \/>\n<meta property=\"og:image\" content=\"https:\/\/www.simasa.com\/wp-content\/uploads\/2024\/09\/Polypanel-V2024-scaled.jpg\" \/>\n\t<meta property=\"og:image:width\" content=\"2560\" \/>\n\t<meta property=\"og:image:height\" content=\"2560\" \/>\n\t<meta property=\"og:image:type\" content=\"image\/jpeg\" \/>\n<meta name=\"twitter:card\" content=\"summary_large_image\" \/>\n<meta name=\"twitter:label1\" content=\"Dur\u00e9e de lecture estim\u00e9e\" \/>\n\t<meta name=\"twitter:data1\" content=\"1 minute\" \/>\n<script type=\"application\/ld+json\" class=\"yoast-schema-graph\">{\"@context\":\"https:\\\/\\\/schema.org\",\"@graph\":[{\"@type\":\"WebPage\",\"@id\":\"https:\\\/\\\/www.simasa.com\\\/fr\\\/producto\\\/venus-125-polypanel\\\/\",\"url\":\"https:\\\/\\\/www.simasa.com\\\/fr\\\/producto\\\/venus-125-polypanel\\\/\",\"name\":\"Cortadora de Materiales, Cortadora de Paneles - VENUS 125 Polypanel | Sima\",\"isPartOf\":{\"@id\":\"https:\\\/\\\/www.simasa.com\\\/fr\\\/#website\"},\"primaryImageOfPage\":{\"@id\":\"https:\\\/\\\/www.simasa.com\\\/fr\\\/producto\\\/venus-125-polypanel\\\/#primaryimage\"},\"image\":{\"@id\":\"https:\\\/\\\/www.simasa.com\\\/fr\\\/producto\\\/venus-125-polypanel\\\/#primaryimage\"},\"thumbnailUrl\":\"https:\\\/\\\/www.simasa.com\\\/wp-content\\\/uploads\\\/2024\\\/09\\\/Polypanel-V2024-scaled.jpg\",\"datePublished\":\"2017-05-26T16:10:16+00:00\",\"dateModified\":\"2024-09-19T12:23:01+00:00\",\"description\":\"VENUS 125 Polypanel. La VENUS 125 Polypanel est une table de coupe que permet une d\u00e9coupe parfaite de panneaux les plus courants sur le march\u00e9.\",\"breadcrumb\":{\"@id\":\"https:\\\/\\\/www.simasa.com\\\/fr\\\/producto\\\/venus-125-polypanel\\\/#breadcrumb\"},\"inLanguage\":\"fr-FR\",\"potentialAction\":[{\"@type\":\"ReadAction\",\"target\":[\"https:\\\/\\\/www.simasa.com\\\/fr\\\/producto\\\/venus-125-polypanel\\\/\"]}]},{\"@type\":\"ImageObject\",\"inLanguage\":\"fr-FR\",\"@id\":\"https:\\\/\\\/www.simasa.com\\\/fr\\\/producto\\\/venus-125-polypanel\\\/#primaryimage\",\"url\":\"https:\\\/\\\/www.simasa.com\\\/wp-content\\\/uploads\\\/2024\\\/09\\\/Polypanel-V2024-scaled.jpg\",\"contentUrl\":\"https:\\\/\\\/www.simasa.com\\\/wp-content\\\/uploads\\\/2024\\\/09\\\/Polypanel-V2024-scaled.jpg\",\"width\":2560,\"height\":2560},{\"@type\":\"BreadcrumbList\",\"@id\":\"https:\\\/\\\/www.simasa.com\\\/fr\\\/producto\\\/venus-125-polypanel\\\/#breadcrumb\",\"itemListElement\":[{\"@type\":\"ListItem\",\"position\":1,\"name\":\"Inicio\",\"item\":\"https:\\\/\\\/www.simasa.com\\\/fr\\\/\"},{\"@type\":\"ListItem\",\"position\":2,\"name\":\"Catalogue\",\"item\":\"https:\\\/\\\/www.simasa.com\\\/cat-sima\\\/\"},{\"@type\":\"ListItem\",\"position\":3,\"name\":\"VENUS 125 Polypanel\"}]},{\"@type\":\"WebSite\",\"@id\":\"https:\\\/\\\/www.simasa.com\\\/fr\\\/#website\",\"url\":\"https:\\\/\\\/www.simasa.com\\\/fr\\\/\",\"name\":\"Sima\",\"description\":\"Fabricantes de maquinaria para la construcci\u00f3n\",\"publisher\":{\"@id\":\"https:\\\/\\\/www.simasa.com\\\/fr\\\/#organization\"},\"potentialAction\":[{\"@type\":\"SearchAction\",\"target\":{\"@type\":\"EntryPoint\",\"urlTemplate\":\"https:\\\/\\\/www.simasa.com\\\/fr\\\/?s={search_term_string}\"},\"query-input\":{\"@type\":\"PropertyValueSpecification\",\"valueRequired\":true,\"valueName\":\"search_term_string\"}}],\"inLanguage\":\"fr-FR\"},{\"@type\":\"Organization\",\"@id\":\"https:\\\/\\\/www.simasa.com\\\/fr\\\/#organization\",\"name\":\"Sima\",\"url\":\"https:\\\/\\\/www.simasa.com\\\/fr\\\/\",\"logo\":{\"@type\":\"ImageObject\",\"inLanguage\":\"fr-FR\",\"@id\":\"https:\\\/\\\/www.simasa.com\\\/fr\\\/#\\\/schema\\\/logo\\\/image\\\/\",\"url\":\"https:\\\/\\\/www.simasa.com\\\/wp-content\\\/uploads\\\/2016\\\/03\\\/logo-1.jpg\",\"contentUrl\":\"https:\\\/\\\/www.simasa.com\\\/wp-content\\\/uploads\\\/2016\\\/03\\\/logo-1.jpg\",\"width\":121,\"height\":54,\"caption\":\"Sima\"},\"image\":{\"@id\":\"https:\\\/\\\/www.simasa.com\\\/fr\\\/#\\\/schema\\\/logo\\\/image\\\/\"}}]}<\/script>\n<!-- \/ Yoast SEO plugin. -->","yoast_head_json":{"title":"Cortadora de Materiales, Cortadora de Paneles - VENUS 125 Polypanel | Sima","description":"VENUS 125 Polypanel. La VENUS 125 Polypanel est une table de coupe que permet une d\u00e9coupe parfaite de panneaux les plus courants sur le march\u00e9.","robots":{"index":"noindex","follow":"follow"},"og_locale":"fr_FR","og_type":"article","og_title":"Cortadora de Materiales, Cortadora de Paneles - VENUS 125 Polypanel | Sima","og_description":"VENUS 125 Polypanel. La VENUS 125 Polypanel est une table de coupe que permet une d\u00e9coupe parfaite de panneaux les plus courants sur le march\u00e9.","og_url":"https:\/\/www.simasa.com\/fr\/producto\/venus-125-polypanel\/","og_site_name":"Sima","article_modified_time":"2024-09-19T12:23:01+00:00","og_image":[{"width":2560,"height":2560,"url":"https:\/\/www.simasa.com\/wp-content\/uploads\/2024\/09\/Polypanel-V2024-scaled.jpg","type":"image\/jpeg"}],"twitter_card":"summary_large_image","twitter_misc":{"Dur\u00e9e de lecture estim\u00e9e":"1 minute"},"schema":{"@context":"https:\/\/schema.org","@graph":[{"@type":"WebPage","@id":"https:\/\/www.simasa.com\/fr\/producto\/venus-125-polypanel\/","url":"https:\/\/www.simasa.com\/fr\/producto\/venus-125-polypanel\/","name":"Cortadora de Materiales, Cortadora de Paneles - VENUS 125 Polypanel | Sima","isPartOf":{"@id":"https:\/\/www.simasa.com\/fr\/#website"},"primaryImageOfPage":{"@id":"https:\/\/www.simasa.com\/fr\/producto\/venus-125-polypanel\/#primaryimage"},"image":{"@id":"https:\/\/www.simasa.com\/fr\/producto\/venus-125-polypanel\/#primaryimage"},"thumbnailUrl":"https:\/\/www.simasa.com\/wp-content\/uploads\/2024\/09\/Polypanel-V2024-scaled.jpg","datePublished":"2017-05-26T16:10:16+00:00","dateModified":"2024-09-19T12:23:01+00:00","description":"VENUS 125 Polypanel. La VENUS 125 Polypanel est une table de coupe que permet une d\u00e9coupe parfaite de panneaux les plus courants sur le march\u00e9.","breadcrumb":{"@id":"https:\/\/www.simasa.com\/fr\/producto\/venus-125-polypanel\/#breadcrumb"},"inLanguage":"fr-FR","potentialAction":[{"@type":"ReadAction","target":["https:\/\/www.simasa.com\/fr\/producto\/venus-125-polypanel\/"]}]},{"@type":"ImageObject","inLanguage":"fr-FR","@id":"https:\/\/www.simasa.com\/fr\/producto\/venus-125-polypanel\/#primaryimage","url":"https:\/\/www.simasa.com\/wp-content\/uploads\/2024\/09\/Polypanel-V2024-scaled.jpg","contentUrl":"https:\/\/www.simasa.com\/wp-content\/uploads\/2024\/09\/Polypanel-V2024-scaled.jpg","width":2560,"height":2560},{"@type":"BreadcrumbList","@id":"https:\/\/www.simasa.com\/fr\/producto\/venus-125-polypanel\/#breadcrumb","itemListElement":[{"@type":"ListItem","position":1,"name":"Inicio","item":"https:\/\/www.simasa.com\/fr\/"},{"@type":"ListItem","position":2,"name":"Catalogue","item":"https:\/\/www.simasa.com\/cat-sima\/"},{"@type":"ListItem","position":3,"name":"VENUS 125 Polypanel"}]},{"@type":"WebSite","@id":"https:\/\/www.simasa.com\/fr\/#website","url":"https:\/\/www.simasa.com\/fr\/","name":"Sima","description":"Fabricantes de maquinaria para la construcci\u00f3n","publisher":{"@id":"https:\/\/www.simasa.com\/fr\/#organization"},"potentialAction":[{"@type":"SearchAction","target":{"@type":"EntryPoint","urlTemplate":"https:\/\/www.simasa.com\/fr\/?s={search_term_string}"},"query-input":{"@type":"PropertyValueSpecification","valueRequired":true,"valueName":"search_term_string"}}],"inLanguage":"fr-FR"},{"@type":"Organization","@id":"https:\/\/www.simasa.com\/fr\/#organization","name":"Sima","url":"https:\/\/www.simasa.com\/fr\/","logo":{"@type":"ImageObject","inLanguage":"fr-FR","@id":"https:\/\/www.simasa.com\/fr\/#\/schema\/logo\/image\/","url":"https:\/\/www.simasa.com\/wp-content\/uploads\/2016\/03\/logo-1.jpg","contentUrl":"https:\/\/www.simasa.com\/wp-content\/uploads\/2016\/03\/logo-1.jpg","width":121,"height":54,"caption":"Sima"},"image":{"@id":"https:\/\/www.simasa.com\/fr\/#\/schema\/logo\/image\/"}}]}},"_links":{"self":[{"href":"https:\/\/www.simasa.com\/fr\/wp-json\/wp\/v2\/product\/5769","targetHints":{"allow":["GET"]}}],"collection":[{"href":"https:\/\/www.simasa.com\/fr\/wp-json\/wp\/v2\/product"}],"about":[{"href":"https:\/\/www.simasa.com\/fr\/wp-json\/wp\/v2\/types\/product"}],"replies":[{"embeddable":true,"href":"https:\/\/www.simasa.com\/fr\/wp-json\/wp\/v2\/comments?post=5769"}],"wp:featuredmedia":[{"embeddable":true,"href":"https:\/\/www.simasa.com\/fr\/wp-json\/wp\/v2\/media\/12177"}],"wp:attachment":[{"href":"https:\/\/www.simasa.com\/fr\/wp-json\/wp\/v2\/media?parent=5769"}],"wp:term":[{"taxonomy":"product_brand","embeddable":true,"href":"https:\/\/www.simasa.com\/fr\/wp-json\/wp\/v2\/product_brand?post=5769"},{"taxonomy":"product_cat","embeddable":true,"href":"https:\/\/www.simasa.com\/fr\/wp-json\/wp\/v2\/product_cat?post=5769"},{"taxonomy":"product_tag","embeddable":true,"href":"https:\/\/www.simasa.com\/fr\/wp-json\/wp\/v2\/product_tag?post=5769"}],"curies":[{"name":"wp","href":"https:\/\/api.w.org\/{rel}","templated":true}]}}