{"id":5731,"date":"2017-05-26T15:19:54","date_gmt":"2017-05-26T15:19:57","guid":{"rendered":"https:\/\/www.simasa.com\/?post_type=product&#038;p=5731\/"},"modified":"2017-12-25T19:05:54","modified_gmt":"2017-12-25T19:05:54","slug":"perlanato-250-1000","status":"publish","type":"product","link":"https:\/\/www.simasa.com\/fr\/producto\/perlanato-250-1000\/","title":{"rendered":"PERLANATO 250 1000"},"content":{"rendered":"<p>La nouvelle PERLANATO est une <strong>machine sp\u00e9cialement con\u00e7ue pour\u00a0couper des carreaux en c\u00e9ramique et porcelaine<\/strong>.\u00a0Les diff\u00e9rents mod\u00e8les vous permettent de choisir la machine la plus\u00a0appropri\u00e9e \u00e0 partir de 700 mm longueur de coupe jusqu&rsquo;\u00e0 1 m\u00e8tre.\u00a0La profondeur de coupe est diff\u00e9rente si vous utilisez un disque\u00a0diamant de 200 mm ou de 230 ou 250 mm (il s&rsquo; agit simplement d&rsquo;un syst\u00e8me de modification de la hauteur de la t\u00eate de coupe).<\/p>\n<p><strong>Robuste et l\u00e9g\u00e8re<\/strong> gr\u00e2ce aux profil\u00e9s en aluminium dont elle\u00a0a \u00e9t\u00e9 \u00e9quip\u00e9s. Plus r\u00e9sistante dans sa conception et dans le\u00a0choix des mat\u00e9riaux trait\u00e9s pour pr\u00e9venir la rouille et offrir\u00a0une <strong>pr\u00e9cision totale de coupe.\u00a0<\/strong><\/p>\n<p>La gamme propose des <strong>scies\u00a0polyvalentes, pratiques, durables et\u00a0performantes<\/strong>.\u00a0Elles sont surtout pr\u00e9conis\u00e9es pour\u00a0la d\u00e9coupe du <strong>gr\u00e8s de grand format\u00a0et duret\u00e9<\/strong>.\u00a0Dot\u00e9es de pieds repliables pour un\u00a0transport ais\u00e9. En option un kit de\u00a0roues est propos\u00e9.\u00a0En option, le kit support fixation\u00a0pour la bonne mise en place des\u00a0pi\u00e8ces est propos\u00e9 pour une coupe\u00a0plus pr\u00e9cise.<\/p>\n<p><strong>Des solutions rapides:<\/strong><\/p>\n<ul>\n<li>Elles offres des solutions<strong> rapides, fiables et efficaces au carreleur:<\/strong> <strong>la\u00a0coupe droite et \u00e0 45\u00ba<\/strong>.<\/li>\n<li>La puissance du moteur (jusqu&rsquo;\u00e0 1,5 HP) et le diam\u00e8tre du disque\u00a0(jusqu&rsquo;\u00e0 250 mm) permettent de couper tous types de mat\u00e9riaux\u00a0jusqu&rsquo;\u00e0 63 mm de haut (carrelage, granito, brique rustique, marbre,\u00a0tuile, gr\u00e8s,etc.).<\/li>\n<li>Tous les mod\u00e8les PERLANATO sont livr\u00e9s avec un disque diamant\u00a0(pour la c\u00e9ramique) inclus.<\/li>\n<li>La PERLANATO dispose d&rsquo;un syst\u00e8me qui emp\u00eache les c\u00e2bles et le\u00a0tuyau d&rsquo;alimentation de refroidissement du disque d&rsquo; entrer dans le\u00a0champ de coupe.<\/li>\n<li>Comme sur toutes les tables de coupe SIMA, les \u00e9crous du carter\u00a0sont reli\u00e9s avec un collier de serrage en plastique pour \u00e9viter leur\u00a0perte.<\/li>\n<\/ul>\n<p><img loading=\"lazy\" decoding=\"async\" class=\"alignnone wp-image-9032 size-full\" src=\"https:\/\/www.simasa.com\/wp-content\/uploads\/2017\/05\/avantages-perlanato.jpg\" alt=\"\" width=\"1114\" height=\"492\" srcset=\"https:\/\/www.simasa.com\/wp-content\/uploads\/2017\/05\/avantages-perlanato.jpg 1114w, https:\/\/www.simasa.com\/wp-content\/uploads\/2017\/05\/avantages-perlanato-416x184.jpg 416w\" sizes=\"auto, (max-width: 1114px) 100vw, 1114px\" \/><\/p>\n<p><img loading=\"lazy\" decoding=\"async\" class=\"alignnone wp-image-9072 size-full\" src=\"https:\/\/www.simasa.com\/wp-content\/uploads\/2017\/05\/tabla2-perlanato-fr.jpg\" alt=\"\" width=\"1112\" height=\"331\" srcset=\"https:\/\/www.simasa.com\/wp-content\/uploads\/2017\/05\/tabla2-perlanato-fr.jpg 1112w, https:\/\/www.simasa.com\/wp-content\/uploads\/2017\/05\/tabla2-perlanato-fr-416x124.jpg 416w\" sizes=\"auto, (max-width: 1112px) 100vw, 1112px\" \/><\/p>\n<p><iframe loading=\"lazy\" src=\"https:\/\/www.youtube.com\/embed\/7BGO1DJNgmU\" width=\"700\" height=\"394\" frameborder=\"0\" allowfullscreen=\"allowfullscreen\"><\/iframe><\/p>\n","protected":false},"excerpt":{"rendered":"<p>La nouvelle <strong>PERLANATO 250 1000<\/strong> est une machine sp\u00e9cialement con\u00e7ue pour couper des carreaux en c\u00e9ramique et porcelaine.<\/p>\n","protected":false},"featured_media":5721,"comment_status":"open","ping_status":"closed","template":"","meta":{"_acf_changed":false},"product_brand":[],"product_cat":[1792],"product_tag":[2791],"class_list":{"0":"post-5731","1":"product","2":"type-product","3":"status-publish","4":"has-post-thumbnail","6":"product_cat-scies-de-carrelage-portables","7":"product_tag-cortadora-de-materiales-fr","8":"pa_45-cutting-oui-45-cutting-fr","9":"pa_max-blade-diameter-mm-3743","10":"pa_max-cutting-depth-mm-3888","11":"pa_max-cutting-length-mm-3934","13":"first","14":"instock","15":"shipping-taxable","16":"product-type-simple"},"acf":[],"yoast_head":"<!-- This site is optimized with the Yoast SEO plugin v27.2 - https:\/\/yoast.com\/product\/yoast-seo-wordpress\/ -->\n<title>Cortadora de Materiales - PERLANATO 250 1000 | Sima<\/title>\n<meta name=\"description\" content=\"PERLANATO 250 1000. La nouvelle PERLANATO 250 1000 est une machine sp\u00e9cialement con\u00e7ue pour couper des carreaux en c\u00e9ramique et porcelaine.\" \/>\n<meta name=\"robots\" content=\"noindex, follow\" \/>\n<meta property=\"og:locale\" content=\"fr_FR\" \/>\n<meta property=\"og:type\" content=\"article\" \/>\n<meta property=\"og:title\" content=\"Cortadora de Materiales - PERLANATO 250 1000 | Sima\" \/>\n<meta property=\"og:description\" content=\"PERLANATO 250 1000. La nouvelle PERLANATO 250 1000 est une machine sp\u00e9cialement con\u00e7ue pour couper des carreaux en c\u00e9ramique et porcelaine.\" \/>\n<meta property=\"og:url\" content=\"https:\/\/www.simasa.com\/fr\/producto\/perlanato-250-1000\/\" \/>\n<meta property=\"og:site_name\" content=\"Sima\" \/>\n<meta property=\"article:modified_time\" content=\"2017-12-25T19:05:54+00:00\" \/>\n<meta property=\"og:image\" content=\"https:\/\/www.simasa.com\/wp-content\/uploads\/2017\/05\/PERLANATO-250-1000.jpg\" \/>\n\t<meta property=\"og:image:width\" content=\"800\" \/>\n\t<meta property=\"og:image:height\" content=\"800\" \/>\n\t<meta property=\"og:image:type\" content=\"image\/jpeg\" \/>\n<meta name=\"twitter:card\" content=\"summary_large_image\" \/>\n<meta name=\"twitter:label1\" content=\"Dur\u00e9e de lecture estim\u00e9e\" \/>\n\t<meta name=\"twitter:data1\" content=\"2 minutes\" \/>\n<script type=\"application\/ld+json\" class=\"yoast-schema-graph\">{\"@context\":\"https:\/\/schema.org\",\"@graph\":[{\"@type\":\"WebPage\",\"@id\":\"https:\/\/www.simasa.com\/fr\/producto\/perlanato-250-1000\/\",\"url\":\"https:\/\/www.simasa.com\/fr\/producto\/perlanato-250-1000\/\",\"name\":\"Cortadora de Materiales - PERLANATO 250 1000 | Sima\",\"isPartOf\":{\"@id\":\"https:\/\/www.simasa.com\/fr\/#website\"},\"primaryImageOfPage\":{\"@id\":\"https:\/\/www.simasa.com\/fr\/producto\/perlanato-250-1000\/#primaryimage\"},\"image\":{\"@id\":\"https:\/\/www.simasa.com\/fr\/producto\/perlanato-250-1000\/#primaryimage\"},\"thumbnailUrl\":\"https:\/\/www.simasa.com\/wp-content\/uploads\/2017\/05\/PERLANATO-250-1000.jpg\",\"datePublished\":\"2017-05-26T15:19:57+00:00\",\"dateModified\":\"2017-12-25T19:05:54+00:00\",\"description\":\"PERLANATO 250 1000. La nouvelle PERLANATO 250 1000 est une machine sp\u00e9cialement con\u00e7ue pour couper des carreaux en c\u00e9ramique et porcelaine.\",\"breadcrumb\":{\"@id\":\"https:\/\/www.simasa.com\/fr\/producto\/perlanato-250-1000\/#breadcrumb\"},\"inLanguage\":\"fr-FR\",\"potentialAction\":[{\"@type\":\"ReadAction\",\"target\":[\"https:\/\/www.simasa.com\/fr\/producto\/perlanato-250-1000\/\"]}]},{\"@type\":\"ImageObject\",\"inLanguage\":\"fr-FR\",\"@id\":\"https:\/\/www.simasa.com\/fr\/producto\/perlanato-250-1000\/#primaryimage\",\"url\":\"https:\/\/www.simasa.com\/wp-content\/uploads\/2017\/05\/PERLANATO-250-1000.jpg\",\"contentUrl\":\"https:\/\/www.simasa.com\/wp-content\/uploads\/2017\/05\/PERLANATO-250-1000.jpg\",\"width\":800,\"height\":800},{\"@type\":\"BreadcrumbList\",\"@id\":\"https:\/\/www.simasa.com\/fr\/producto\/perlanato-250-1000\/#breadcrumb\",\"itemListElement\":[{\"@type\":\"ListItem\",\"position\":1,\"name\":\"Inicio\",\"item\":\"https:\/\/www.simasa.com\/fr\/\"},{\"@type\":\"ListItem\",\"position\":2,\"name\":\"Catalogue\",\"item\":\"https:\/\/www.simasa.com\/cat-sima\/\"},{\"@type\":\"ListItem\",\"position\":3,\"name\":\"PERLANATO 250 1000\"}]},{\"@type\":\"WebSite\",\"@id\":\"https:\/\/www.simasa.com\/fr\/#website\",\"url\":\"https:\/\/www.simasa.com\/fr\/\",\"name\":\"Sima\",\"description\":\"Fabricantes de maquinaria para la construcci\u00f3n\",\"publisher\":{\"@id\":\"https:\/\/www.simasa.com\/fr\/#organization\"},\"potentialAction\":[{\"@type\":\"SearchAction\",\"target\":{\"@type\":\"EntryPoint\",\"urlTemplate\":\"https:\/\/www.simasa.com\/fr\/?s={search_term_string}\"},\"query-input\":{\"@type\":\"PropertyValueSpecification\",\"valueRequired\":true,\"valueName\":\"search_term_string\"}}],\"inLanguage\":\"fr-FR\"},{\"@type\":\"Organization\",\"@id\":\"https:\/\/www.simasa.com\/fr\/#organization\",\"name\":\"Sima\",\"url\":\"https:\/\/www.simasa.com\/fr\/\",\"logo\":{\"@type\":\"ImageObject\",\"inLanguage\":\"fr-FR\",\"@id\":\"https:\/\/www.simasa.com\/fr\/#\/schema\/logo\/image\/\",\"url\":\"https:\/\/www.simasa.com\/wp-content\/uploads\/2016\/03\/logo-1.jpg\",\"contentUrl\":\"https:\/\/www.simasa.com\/wp-content\/uploads\/2016\/03\/logo-1.jpg\",\"width\":121,\"height\":54,\"caption\":\"Sima\"},\"image\":{\"@id\":\"https:\/\/www.simasa.com\/fr\/#\/schema\/logo\/image\/\"}}]}<\/script>\n<!-- \/ Yoast SEO plugin. -->","yoast_head_json":{"title":"Cortadora de Materiales - PERLANATO 250 1000 | Sima","description":"PERLANATO 250 1000. La nouvelle PERLANATO 250 1000 est une machine sp\u00e9cialement con\u00e7ue pour couper des carreaux en c\u00e9ramique et porcelaine.","robots":{"index":"noindex","follow":"follow"},"og_locale":"fr_FR","og_type":"article","og_title":"Cortadora de Materiales - PERLANATO 250 1000 | Sima","og_description":"PERLANATO 250 1000. La nouvelle PERLANATO 250 1000 est une machine sp\u00e9cialement con\u00e7ue pour couper des carreaux en c\u00e9ramique et porcelaine.","og_url":"https:\/\/www.simasa.com\/fr\/producto\/perlanato-250-1000\/","og_site_name":"Sima","article_modified_time":"2017-12-25T19:05:54+00:00","og_image":[{"width":800,"height":800,"url":"https:\/\/www.simasa.com\/wp-content\/uploads\/2017\/05\/PERLANATO-250-1000.jpg","type":"image\/jpeg"}],"twitter_card":"summary_large_image","twitter_misc":{"Dur\u00e9e de lecture estim\u00e9e":"2 minutes"},"schema":{"@context":"https:\/\/schema.org","@graph":[{"@type":"WebPage","@id":"https:\/\/www.simasa.com\/fr\/producto\/perlanato-250-1000\/","url":"https:\/\/www.simasa.com\/fr\/producto\/perlanato-250-1000\/","name":"Cortadora de Materiales - PERLANATO 250 1000 | Sima","isPartOf":{"@id":"https:\/\/www.simasa.com\/fr\/#website"},"primaryImageOfPage":{"@id":"https:\/\/www.simasa.com\/fr\/producto\/perlanato-250-1000\/#primaryimage"},"image":{"@id":"https:\/\/www.simasa.com\/fr\/producto\/perlanato-250-1000\/#primaryimage"},"thumbnailUrl":"https:\/\/www.simasa.com\/wp-content\/uploads\/2017\/05\/PERLANATO-250-1000.jpg","datePublished":"2017-05-26T15:19:57+00:00","dateModified":"2017-12-25T19:05:54+00:00","description":"PERLANATO 250 1000. La nouvelle PERLANATO 250 1000 est une machine sp\u00e9cialement con\u00e7ue pour couper des carreaux en c\u00e9ramique et porcelaine.","breadcrumb":{"@id":"https:\/\/www.simasa.com\/fr\/producto\/perlanato-250-1000\/#breadcrumb"},"inLanguage":"fr-FR","potentialAction":[{"@type":"ReadAction","target":["https:\/\/www.simasa.com\/fr\/producto\/perlanato-250-1000\/"]}]},{"@type":"ImageObject","inLanguage":"fr-FR","@id":"https:\/\/www.simasa.com\/fr\/producto\/perlanato-250-1000\/#primaryimage","url":"https:\/\/www.simasa.com\/wp-content\/uploads\/2017\/05\/PERLANATO-250-1000.jpg","contentUrl":"https:\/\/www.simasa.com\/wp-content\/uploads\/2017\/05\/PERLANATO-250-1000.jpg","width":800,"height":800},{"@type":"BreadcrumbList","@id":"https:\/\/www.simasa.com\/fr\/producto\/perlanato-250-1000\/#breadcrumb","itemListElement":[{"@type":"ListItem","position":1,"name":"Inicio","item":"https:\/\/www.simasa.com\/fr\/"},{"@type":"ListItem","position":2,"name":"Catalogue","item":"https:\/\/www.simasa.com\/cat-sima\/"},{"@type":"ListItem","position":3,"name":"PERLANATO 250 1000"}]},{"@type":"WebSite","@id":"https:\/\/www.simasa.com\/fr\/#website","url":"https:\/\/www.simasa.com\/fr\/","name":"Sima","description":"Fabricantes de maquinaria para la construcci\u00f3n","publisher":{"@id":"https:\/\/www.simasa.com\/fr\/#organization"},"potentialAction":[{"@type":"SearchAction","target":{"@type":"EntryPoint","urlTemplate":"https:\/\/www.simasa.com\/fr\/?s={search_term_string}"},"query-input":{"@type":"PropertyValueSpecification","valueRequired":true,"valueName":"search_term_string"}}],"inLanguage":"fr-FR"},{"@type":"Organization","@id":"https:\/\/www.simasa.com\/fr\/#organization","name":"Sima","url":"https:\/\/www.simasa.com\/fr\/","logo":{"@type":"ImageObject","inLanguage":"fr-FR","@id":"https:\/\/www.simasa.com\/fr\/#\/schema\/logo\/image\/","url":"https:\/\/www.simasa.com\/wp-content\/uploads\/2016\/03\/logo-1.jpg","contentUrl":"https:\/\/www.simasa.com\/wp-content\/uploads\/2016\/03\/logo-1.jpg","width":121,"height":54,"caption":"Sima"},"image":{"@id":"https:\/\/www.simasa.com\/fr\/#\/schema\/logo\/image\/"}}]}},"_links":{"self":[{"href":"https:\/\/www.simasa.com\/fr\/wp-json\/wp\/v2\/product\/5731","targetHints":{"allow":["GET"]}}],"collection":[{"href":"https:\/\/www.simasa.com\/fr\/wp-json\/wp\/v2\/product"}],"about":[{"href":"https:\/\/www.simasa.com\/fr\/wp-json\/wp\/v2\/types\/product"}],"replies":[{"embeddable":true,"href":"https:\/\/www.simasa.com\/fr\/wp-json\/wp\/v2\/comments?post=5731"}],"wp:featuredmedia":[{"embeddable":true,"href":"https:\/\/www.simasa.com\/fr\/wp-json\/wp\/v2\/media\/5721"}],"wp:attachment":[{"href":"https:\/\/www.simasa.com\/fr\/wp-json\/wp\/v2\/media?parent=5731"}],"wp:term":[{"taxonomy":"product_brand","embeddable":true,"href":"https:\/\/www.simasa.com\/fr\/wp-json\/wp\/v2\/product_brand?post=5731"},{"taxonomy":"product_cat","embeddable":true,"href":"https:\/\/www.simasa.com\/fr\/wp-json\/wp\/v2\/product_cat?post=5731"},{"taxonomy":"product_tag","embeddable":true,"href":"https:\/\/www.simasa.com\/fr\/wp-json\/wp\/v2\/product_tag?post=5731"}],"curies":[{"name":"wp","href":"https:\/\/api.w.org\/{rel}","templated":true}]}}