{"id":5639,"date":"2017-05-26T11:20:15","date_gmt":"2017-05-26T11:20:15","guid":{"rendered":"https:\/\/www.simasa.com\/?post_type=product&#038;p=5639\/"},"modified":"2026-03-19T16:53:10","modified_gmt":"2026-03-19T15:53:10","slug":"venus-125-mekano","status":"publish","type":"product","link":"https:\/\/www.simasa.com\/fr\/producto\/venus-125-mekano\/","title":{"rendered":"VENUS 125 MEKANO"},"content":{"rendered":"<p>&nbsp;<\/p>\n<p>La gamme VENUS est con\u00e7ue pour <strong>couper \u00e0 90\u00ba et 45\u00ba<\/strong> tous types de\u00a0mat\u00e9riaux de contruction de grande envergure avec <strong>rapidit\u00e9, pr\u00e9cision\u00a0et qualit\u00e9<\/strong>.\u00a0Les VENUS (mod\u00e8les 125, 150 et 200) sont pourvues d&rsquo;avanc\u00e9e de coupe avec courroie de transmission dent\u00e9e par\u00a0volant.<\/p>\n<p>Dot\u00e9es d&rsquo; un syst\u00e8me auto-nettoyant des chemins\u00a0de roulement \u00e0 l&rsquo; aide de feutres. Carter amovible sur tous les\u00a0mod\u00e8les.\u00a0Fabriqu\u00e9e comme toute la gamme Mekano avec <strong>90% de mat\u00e9riaux\u00a0inoxydables<\/strong>.<\/p>\n<p>Elles ont un syst\u00e8me unique de d\u00e9placement de la t\u00eate de\u00a0coupe fabriqu\u00e9 en fonte d&rsquo;aluminium avec des roulements\u00a0plac\u00e9s \u00e0 30 et 90 degr\u00e9s. <strong>Coupe droite et rectiligne assur\u00e9e<\/strong>.<\/p>\n<p>Pr\u00e9conis\u00e9e pour la coupe de mat\u00e9riaux en porcelaine.\u00a0Le rail sup\u00e9rieur en alu anodis\u00e9 et extrud\u00e9 avec\u00a0un design innovant et un facile r\u00e9glage de la t\u00eate\u00a0de d\u00e9coupe permet l&rsquo;utilisation de deux disques\u00a0diff\u00e9rents:<\/p>\n<ul>\n<li>300<\/li>\n<li>350 mm<\/li>\n<\/ul>\n<p>Utilisation id\u00e9ale sur chantier ou en ateliers pour la\u00a0d\u00e9coupe du marbre, granit, etc.<strong>\u00a0<\/strong><\/p>\n<p>Il existe un <strong>mod\u00e8le sp\u00e9cial dans la gamme VENUS<\/strong> pour\u00a0la d\u00e9coupe de <strong>panneaux sandwich<\/strong>. Ce mod\u00e8le\u00a0est dot\u00e9 d&rsquo; une lame carbure type WIDIA et\u00a0de toutes les protections n\u00e9cessaires pour\u00a0garantir une coupe facile, rapide et s\u00e9curis\u00e9e.<\/p>\n<p><img loading=\"lazy\" decoding=\"async\" class=\"alignnone wp-image-8948 size-full\" src=\"https:\/\/www.simasa.com\/wp-content\/uploads\/2016\/04\/avantages-venus.jpg\" alt=\"\" width=\"1117\" height=\"496\" srcset=\"https:\/\/www.simasa.com\/wp-content\/uploads\/2016\/04\/avantages-venus.jpg 1117w, https:\/\/www.simasa.com\/wp-content\/uploads\/2016\/04\/avantages-venus-416x185.jpg 416w\" sizes=\"auto, (max-width: 1117px) 100vw, 1117px\" \/><\/p>\n<p><img loading=\"lazy\" decoding=\"async\" class=\"alignnone wp-image-8988 size-full\" src=\"https:\/\/www.simasa.com\/wp-content\/uploads\/2016\/04\/tabla-venus125-fr.jpg\" alt=\"\" width=\"911\" height=\"332\" srcset=\"https:\/\/www.simasa.com\/wp-content\/uploads\/2016\/04\/tabla-venus125-fr.jpg 911w, https:\/\/www.simasa.com\/wp-content\/uploads\/2016\/04\/tabla-venus125-fr-416x152.jpg 416w\" sizes=\"auto, (max-width: 911px) 100vw, 911px\" \/><\/p>\n<p><iframe loading=\"lazy\" src=\"https:\/\/www.youtube.com\/embed\/-iqrdk7PGNM\" width=\"700\" height=\"394\" frameborder=\"0\" allowfullscreen=\"allowfullscreen\"><\/iframe><\/p>\n","protected":false},"excerpt":{"rendered":"<p>La gamme<strong> VENUS 125 MEKANO<\/strong> est con\u00e7ue pour couper \u00e0 90\u00ba et 45\u00ba <strong>tous types de\u00a0<\/strong><strong>mat\u00e9riaux de contruction<\/strong> de grande envergure avec rapidit\u00e9, pr\u00e9cision\u00a0et qualit\u00e9.<\/p>\n<p>&nbsp;<\/p>\n","protected":false},"featured_media":12566,"comment_status":"open","ping_status":"closed","template":"","meta":{"_acf_changed":false},"product_brand":[],"product_cat":[1791],"product_tag":[2791],"class_list":{"0":"post-5639","1":"product","2":"type-product","3":"status-publish","4":"has-post-thumbnail","6":"product_cat-scies-a-materiaux-b","7":"product_tag-cortadora-de-materiales-fr","8":"pa_45-cutting-oui-45-cutting-fr","9":"pa_max-blade-diameter-mm-3745","10":"pa_max-cutting-depth-mm-3881","11":"pa_max-cutting-length-mm-3928","13":"first","14":"instock","15":"shipping-taxable","16":"product-type-simple"},"acf":[],"yoast_head":"<!-- This site is optimized with the Yoast SEO plugin v27.2 - https:\/\/yoast.com\/product\/yoast-seo-wordpress\/ -->\n<title>Cortadora de Materiales - VENUS 125 MEKANO | Sima<\/title>\n<meta name=\"description\" content=\"VENUS 125 MEKANO. La gamme VENUS 125 MEKANO est con\u00e7ue pour couper \u00e0 90\u00ba et 45\u00ba tous types de\u00a0mat\u00e9riaux de contruction de grande envergure avec rapidit\u00e9, pr\u00e9cision\u00a0et qualit\u00e9.  &nbsp;\" \/>\n<meta name=\"robots\" content=\"noindex, follow\" \/>\n<meta property=\"og:locale\" content=\"fr_FR\" \/>\n<meta property=\"og:type\" content=\"article\" \/>\n<meta property=\"og:title\" content=\"Cortadora de Materiales - VENUS 125 MEKANO | Sima\" \/>\n<meta property=\"og:description\" content=\"VENUS 125 MEKANO. La gamme VENUS 125 MEKANO est con\u00e7ue pour couper \u00e0 90\u00ba et 45\u00ba tous types de\u00a0mat\u00e9riaux de contruction de grande envergure avec rapidit\u00e9, pr\u00e9cision\u00a0et qualit\u00e9.  &nbsp;\" \/>\n<meta property=\"og:url\" content=\"https:\/\/www.simasa.com\/fr\/producto\/venus-125-mekano\/\" \/>\n<meta property=\"og:site_name\" content=\"Sima\" \/>\n<meta property=\"article:modified_time\" content=\"2026-03-19T15:53:10+00:00\" \/>\n<meta property=\"og:image\" content=\"https:\/\/www.simasa.com\/wp-content\/uploads\/2025\/12\/Venus-125-mkno-01-copia.jpg\" \/>\n\t<meta property=\"og:image:width\" content=\"2455\" \/>\n\t<meta property=\"og:image:height\" content=\"2296\" \/>\n\t<meta property=\"og:image:type\" content=\"image\/jpeg\" \/>\n<meta name=\"twitter:card\" content=\"summary_large_image\" \/>\n<meta name=\"twitter:label1\" content=\"Dur\u00e9e de lecture estim\u00e9e\" \/>\n\t<meta name=\"twitter:data1\" content=\"2 minutes\" \/>\n<script type=\"application\/ld+json\" class=\"yoast-schema-graph\">{\"@context\":\"https:\/\/schema.org\",\"@graph\":[{\"@type\":\"WebPage\",\"@id\":\"https:\/\/www.simasa.com\/fr\/producto\/venus-125-mekano\/\",\"url\":\"https:\/\/www.simasa.com\/fr\/producto\/venus-125-mekano\/\",\"name\":\"Cortadora de Materiales - VENUS 125 MEKANO | Sima\",\"isPartOf\":{\"@id\":\"https:\/\/www.simasa.com\/fr\/#website\"},\"primaryImageOfPage\":{\"@id\":\"https:\/\/www.simasa.com\/fr\/producto\/venus-125-mekano\/#primaryimage\"},\"image\":{\"@id\":\"https:\/\/www.simasa.com\/fr\/producto\/venus-125-mekano\/#primaryimage\"},\"thumbnailUrl\":\"https:\/\/www.simasa.com\/wp-content\/uploads\/2025\/12\/Venus-125-mkno-01-copia.jpg\",\"datePublished\":\"2017-05-26T11:20:15+00:00\",\"dateModified\":\"2026-03-19T15:53:10+00:00\",\"description\":\"VENUS 125 MEKANO. La gamme VENUS 125 MEKANO est con\u00e7ue pour couper \u00e0 90\u00ba et 45\u00ba tous types de\u00a0mat\u00e9riaux de contruction de grande envergure avec rapidit\u00e9, pr\u00e9cision\u00a0et qualit\u00e9. &nbsp;\",\"breadcrumb\":{\"@id\":\"https:\/\/www.simasa.com\/fr\/producto\/venus-125-mekano\/#breadcrumb\"},\"inLanguage\":\"fr-FR\",\"potentialAction\":[{\"@type\":\"ReadAction\",\"target\":[\"https:\/\/www.simasa.com\/fr\/producto\/venus-125-mekano\/\"]}]},{\"@type\":\"ImageObject\",\"inLanguage\":\"fr-FR\",\"@id\":\"https:\/\/www.simasa.com\/fr\/producto\/venus-125-mekano\/#primaryimage\",\"url\":\"https:\/\/www.simasa.com\/wp-content\/uploads\/2025\/12\/Venus-125-mkno-01-copia.jpg\",\"contentUrl\":\"https:\/\/www.simasa.com\/wp-content\/uploads\/2025\/12\/Venus-125-mkno-01-copia.jpg\",\"width\":2455,\"height\":2296},{\"@type\":\"BreadcrumbList\",\"@id\":\"https:\/\/www.simasa.com\/fr\/producto\/venus-125-mekano\/#breadcrumb\",\"itemListElement\":[{\"@type\":\"ListItem\",\"position\":1,\"name\":\"Inicio\",\"item\":\"https:\/\/www.simasa.com\/fr\/\"},{\"@type\":\"ListItem\",\"position\":2,\"name\":\"Catalogue\",\"item\":\"https:\/\/www.simasa.com\/cat-sima\/\"},{\"@type\":\"ListItem\",\"position\":3,\"name\":\"VENUS 125 MEKANO\"}]},{\"@type\":\"WebSite\",\"@id\":\"https:\/\/www.simasa.com\/fr\/#website\",\"url\":\"https:\/\/www.simasa.com\/fr\/\",\"name\":\"Sima\",\"description\":\"Fabricantes de maquinaria para la construcci\u00f3n\",\"publisher\":{\"@id\":\"https:\/\/www.simasa.com\/fr\/#organization\"},\"potentialAction\":[{\"@type\":\"SearchAction\",\"target\":{\"@type\":\"EntryPoint\",\"urlTemplate\":\"https:\/\/www.simasa.com\/fr\/?s={search_term_string}\"},\"query-input\":{\"@type\":\"PropertyValueSpecification\",\"valueRequired\":true,\"valueName\":\"search_term_string\"}}],\"inLanguage\":\"fr-FR\"},{\"@type\":\"Organization\",\"@id\":\"https:\/\/www.simasa.com\/fr\/#organization\",\"name\":\"Sima\",\"url\":\"https:\/\/www.simasa.com\/fr\/\",\"logo\":{\"@type\":\"ImageObject\",\"inLanguage\":\"fr-FR\",\"@id\":\"https:\/\/www.simasa.com\/fr\/#\/schema\/logo\/image\/\",\"url\":\"https:\/\/www.simasa.com\/wp-content\/uploads\/2016\/03\/logo-1.jpg\",\"contentUrl\":\"https:\/\/www.simasa.com\/wp-content\/uploads\/2016\/03\/logo-1.jpg\",\"width\":121,\"height\":54,\"caption\":\"Sima\"},\"image\":{\"@id\":\"https:\/\/www.simasa.com\/fr\/#\/schema\/logo\/image\/\"}}]}<\/script>\n<!-- \/ Yoast SEO plugin. -->","yoast_head_json":{"title":"Cortadora de Materiales - VENUS 125 MEKANO | Sima","description":"VENUS 125 MEKANO. La gamme VENUS 125 MEKANO est con\u00e7ue pour couper \u00e0 90\u00ba et 45\u00ba tous types de\u00a0mat\u00e9riaux de contruction de grande envergure avec rapidit\u00e9, pr\u00e9cision\u00a0et qualit\u00e9.  &nbsp;","robots":{"index":"noindex","follow":"follow"},"og_locale":"fr_FR","og_type":"article","og_title":"Cortadora de Materiales - VENUS 125 MEKANO | Sima","og_description":"VENUS 125 MEKANO. La gamme VENUS 125 MEKANO est con\u00e7ue pour couper \u00e0 90\u00ba et 45\u00ba tous types de\u00a0mat\u00e9riaux de contruction de grande envergure avec rapidit\u00e9, pr\u00e9cision\u00a0et qualit\u00e9.  &nbsp;","og_url":"https:\/\/www.simasa.com\/fr\/producto\/venus-125-mekano\/","og_site_name":"Sima","article_modified_time":"2026-03-19T15:53:10+00:00","og_image":[{"width":2455,"height":2296,"url":"https:\/\/www.simasa.com\/wp-content\/uploads\/2025\/12\/Venus-125-mkno-01-copia.jpg","type":"image\/jpeg"}],"twitter_card":"summary_large_image","twitter_misc":{"Dur\u00e9e de lecture estim\u00e9e":"2 minutes"},"schema":{"@context":"https:\/\/schema.org","@graph":[{"@type":"WebPage","@id":"https:\/\/www.simasa.com\/fr\/producto\/venus-125-mekano\/","url":"https:\/\/www.simasa.com\/fr\/producto\/venus-125-mekano\/","name":"Cortadora de Materiales - VENUS 125 MEKANO | Sima","isPartOf":{"@id":"https:\/\/www.simasa.com\/fr\/#website"},"primaryImageOfPage":{"@id":"https:\/\/www.simasa.com\/fr\/producto\/venus-125-mekano\/#primaryimage"},"image":{"@id":"https:\/\/www.simasa.com\/fr\/producto\/venus-125-mekano\/#primaryimage"},"thumbnailUrl":"https:\/\/www.simasa.com\/wp-content\/uploads\/2025\/12\/Venus-125-mkno-01-copia.jpg","datePublished":"2017-05-26T11:20:15+00:00","dateModified":"2026-03-19T15:53:10+00:00","description":"VENUS 125 MEKANO. La gamme VENUS 125 MEKANO est con\u00e7ue pour couper \u00e0 90\u00ba et 45\u00ba tous types de\u00a0mat\u00e9riaux de contruction de grande envergure avec rapidit\u00e9, pr\u00e9cision\u00a0et qualit\u00e9. &nbsp;","breadcrumb":{"@id":"https:\/\/www.simasa.com\/fr\/producto\/venus-125-mekano\/#breadcrumb"},"inLanguage":"fr-FR","potentialAction":[{"@type":"ReadAction","target":["https:\/\/www.simasa.com\/fr\/producto\/venus-125-mekano\/"]}]},{"@type":"ImageObject","inLanguage":"fr-FR","@id":"https:\/\/www.simasa.com\/fr\/producto\/venus-125-mekano\/#primaryimage","url":"https:\/\/www.simasa.com\/wp-content\/uploads\/2025\/12\/Venus-125-mkno-01-copia.jpg","contentUrl":"https:\/\/www.simasa.com\/wp-content\/uploads\/2025\/12\/Venus-125-mkno-01-copia.jpg","width":2455,"height":2296},{"@type":"BreadcrumbList","@id":"https:\/\/www.simasa.com\/fr\/producto\/venus-125-mekano\/#breadcrumb","itemListElement":[{"@type":"ListItem","position":1,"name":"Inicio","item":"https:\/\/www.simasa.com\/fr\/"},{"@type":"ListItem","position":2,"name":"Catalogue","item":"https:\/\/www.simasa.com\/cat-sima\/"},{"@type":"ListItem","position":3,"name":"VENUS 125 MEKANO"}]},{"@type":"WebSite","@id":"https:\/\/www.simasa.com\/fr\/#website","url":"https:\/\/www.simasa.com\/fr\/","name":"Sima","description":"Fabricantes de maquinaria para la construcci\u00f3n","publisher":{"@id":"https:\/\/www.simasa.com\/fr\/#organization"},"potentialAction":[{"@type":"SearchAction","target":{"@type":"EntryPoint","urlTemplate":"https:\/\/www.simasa.com\/fr\/?s={search_term_string}"},"query-input":{"@type":"PropertyValueSpecification","valueRequired":true,"valueName":"search_term_string"}}],"inLanguage":"fr-FR"},{"@type":"Organization","@id":"https:\/\/www.simasa.com\/fr\/#organization","name":"Sima","url":"https:\/\/www.simasa.com\/fr\/","logo":{"@type":"ImageObject","inLanguage":"fr-FR","@id":"https:\/\/www.simasa.com\/fr\/#\/schema\/logo\/image\/","url":"https:\/\/www.simasa.com\/wp-content\/uploads\/2016\/03\/logo-1.jpg","contentUrl":"https:\/\/www.simasa.com\/wp-content\/uploads\/2016\/03\/logo-1.jpg","width":121,"height":54,"caption":"Sima"},"image":{"@id":"https:\/\/www.simasa.com\/fr\/#\/schema\/logo\/image\/"}}]}},"_links":{"self":[{"href":"https:\/\/www.simasa.com\/fr\/wp-json\/wp\/v2\/product\/5639","targetHints":{"allow":["GET"]}}],"collection":[{"href":"https:\/\/www.simasa.com\/fr\/wp-json\/wp\/v2\/product"}],"about":[{"href":"https:\/\/www.simasa.com\/fr\/wp-json\/wp\/v2\/types\/product"}],"replies":[{"embeddable":true,"href":"https:\/\/www.simasa.com\/fr\/wp-json\/wp\/v2\/comments?post=5639"}],"wp:featuredmedia":[{"embeddable":true,"href":"https:\/\/www.simasa.com\/fr\/wp-json\/wp\/v2\/media\/12566"}],"wp:attachment":[{"href":"https:\/\/www.simasa.com\/fr\/wp-json\/wp\/v2\/media?parent=5639"}],"wp:term":[{"taxonomy":"product_brand","embeddable":true,"href":"https:\/\/www.simasa.com\/fr\/wp-json\/wp\/v2\/product_brand?post=5639"},{"taxonomy":"product_cat","embeddable":true,"href":"https:\/\/www.simasa.com\/fr\/wp-json\/wp\/v2\/product_cat?post=5639"},{"taxonomy":"product_tag","embeddable":true,"href":"https:\/\/www.simasa.com\/fr\/wp-json\/wp\/v2\/product_tag?post=5639"}],"curies":[{"name":"wp","href":"https:\/\/api.w.org\/{rel}","templated":true}]}}