{"id":5581,"date":"2017-05-25T17:50:15","date_gmt":"2017-05-25T17:50:15","guid":{"rendered":"https:\/\/www.simasa.com\/catalogo-sima\/sin%20categorizar\/handy-350\/"},"modified":"2017-12-28T17:03:13","modified_gmt":"2017-12-28T17:03:13","slug":"handy-350","status":"publish","type":"product","link":"https:\/\/www.simasa.com\/fr\/producto\/handy-350\/","title":{"rendered":"HANDY 350"},"content":{"rendered":"<p><span id=\"result_box\" class=\"\" lang=\"fr\"><span class=\"\">Un syst\u00e8me de d\u00e9poussi\u00e9rage efficace, assist\u00e9 par un aspirateur, absorbe jusqu&rsquo;\u00e0 90% de la poussi\u00e8re produite dans la coupe.<\/span> <span class=\"\">Cette caract\u00e9ristique en fait la machine la plus appropri\u00e9e pour les travaux de d\u00e9coupe int\u00e9rieure, les restaurations, etc.<\/span><\/span><\/p>\n<p><span id=\"result_box\" class=\"\" lang=\"fr\"><br \/>\n<span class=\"\">Il est \u00e9quip\u00e9 d&rsquo;un syst\u00e8me de circulation d&rsquo;eau pour \u00eatre utilis\u00e9 \u00e9galement dans la coupe humide.<\/span><\/span><\/p>\n<p>&nbsp;<\/p>\n<p><img loading=\"lazy\" decoding=\"async\" class=\"alignnone wp-image-9459 size-large\" src=\"https:\/\/www.simasa.com\/wp-content\/uploads\/2017\/05\/tabla-handy-350-fr-1024x317.jpg\" alt=\"\" width=\"980\" height=\"303\" \/><\/p>\n<p>&nbsp;<\/p>\n<p><iframe loading=\"lazy\" width=\"980\" height=\"551\" src=\"https:\/\/www.youtube.com\/embed\/P-F0lCH8x-4?feature=oembed\" frameborder=\"0\" gesture=\"media\" allow=\"encrypted-media\" allowfullscreen><\/iframe><\/p>\n","protected":false},"excerpt":{"rendered":"<p>La nouveau <strong>SIMA HANDY<\/strong> est robuste et l\u00e9g\u00e8re. Coupe \u00e0 sec et \u00e0 eau.<\/p>\n<p>&nbsp;<\/p>\n","protected":false},"featured_media":5577,"comment_status":"open","ping_status":"closed","template":"","meta":{"_acf_changed":false},"product_brand":[],"product_cat":[1791],"product_tag":[2791],"class_list":{"0":"post-5581","1":"product","2":"type-product","3":"status-publish","4":"has-post-thumbnail","6":"product_cat-scies-a-materiaux-b","7":"product_tag-cortadora-de-materiales-fr","8":"pa_45-cutting-non-45-cutting-fr","9":"pa_max-blade-diameter-mm-3745","10":"pa_max-cutting-depth-mm-3881","11":"pa_max-cutting-length-mm-3940","13":"first","14":"instock","15":"shipping-taxable","16":"product-type-simple"},"acf":[],"yoast_head":"<!-- This site is optimized with the Yoast SEO plugin v27.2 - https:\/\/yoast.com\/product\/yoast-seo-wordpress\/ -->\n<title>Cortadora de Materiales - HANDY 350 | Sima<\/title>\n<meta name=\"description\" content=\"HANDY 350. La nouveau SIMA HANDY est robuste et l\u00e9g\u00e8re. Coupe \u00e0 sec et \u00e0 eau.  &nbsp;\" \/>\n<meta name=\"robots\" content=\"noindex, follow\" \/>\n<meta property=\"og:locale\" content=\"fr_FR\" \/>\n<meta property=\"og:type\" content=\"article\" \/>\n<meta property=\"og:title\" content=\"Cortadora de Materiales - HANDY 350 | Sima\" \/>\n<meta property=\"og:description\" content=\"HANDY 350. La nouveau SIMA HANDY est robuste et l\u00e9g\u00e8re. Coupe \u00e0 sec et \u00e0 eau.  &nbsp;\" \/>\n<meta property=\"og:url\" content=\"https:\/\/www.simasa.com\/fr\/producto\/handy-350\/\" \/>\n<meta property=\"og:site_name\" content=\"Sima\" \/>\n<meta property=\"article:modified_time\" content=\"2017-12-28T17:03:13+00:00\" \/>\n<meta property=\"og:image\" content=\"https:\/\/www.simasa.com\/wp-content\/uploads\/2017\/05\/SIMA-HANDY-1-1-1-scaled.jpg\" \/>\n\t<meta property=\"og:image:width\" content=\"2560\" \/>\n\t<meta property=\"og:image:height\" content=\"2560\" \/>\n\t<meta property=\"og:image:type\" content=\"image\/jpeg\" \/>\n<meta name=\"twitter:card\" content=\"summary_large_image\" \/>\n<script type=\"application\/ld+json\" class=\"yoast-schema-graph\">{\"@context\":\"https:\/\/schema.org\",\"@graph\":[{\"@type\":\"WebPage\",\"@id\":\"https:\/\/www.simasa.com\/fr\/producto\/handy-350\/\",\"url\":\"https:\/\/www.simasa.com\/fr\/producto\/handy-350\/\",\"name\":\"Cortadora de Materiales - HANDY 350 | Sima\",\"isPartOf\":{\"@id\":\"https:\/\/www.simasa.com\/fr\/#website\"},\"primaryImageOfPage\":{\"@id\":\"https:\/\/www.simasa.com\/fr\/producto\/handy-350\/#primaryimage\"},\"image\":{\"@id\":\"https:\/\/www.simasa.com\/fr\/producto\/handy-350\/#primaryimage\"},\"thumbnailUrl\":\"https:\/\/www.simasa.com\/wp-content\/uploads\/2017\/05\/SIMA-HANDY-1-1-1-scaled.jpg\",\"datePublished\":\"2017-05-25T17:50:15+00:00\",\"dateModified\":\"2017-12-28T17:03:13+00:00\",\"description\":\"HANDY 350. La nouveau SIMA HANDY est robuste et l\u00e9g\u00e8re. Coupe \u00e0 sec et \u00e0 eau. &nbsp;\",\"breadcrumb\":{\"@id\":\"https:\/\/www.simasa.com\/fr\/producto\/handy-350\/#breadcrumb\"},\"inLanguage\":\"fr-FR\",\"potentialAction\":[{\"@type\":\"ReadAction\",\"target\":[\"https:\/\/www.simasa.com\/fr\/producto\/handy-350\/\"]}]},{\"@type\":\"ImageObject\",\"inLanguage\":\"fr-FR\",\"@id\":\"https:\/\/www.simasa.com\/fr\/producto\/handy-350\/#primaryimage\",\"url\":\"https:\/\/www.simasa.com\/wp-content\/uploads\/2017\/05\/SIMA-HANDY-1-1-1-scaled.jpg\",\"contentUrl\":\"https:\/\/www.simasa.com\/wp-content\/uploads\/2017\/05\/SIMA-HANDY-1-1-1-scaled.jpg\",\"width\":2560,\"height\":2560},{\"@type\":\"BreadcrumbList\",\"@id\":\"https:\/\/www.simasa.com\/fr\/producto\/handy-350\/#breadcrumb\",\"itemListElement\":[{\"@type\":\"ListItem\",\"position\":1,\"name\":\"Inicio\",\"item\":\"https:\/\/www.simasa.com\/fr\/\"},{\"@type\":\"ListItem\",\"position\":2,\"name\":\"Catalogue\",\"item\":\"https:\/\/www.simasa.com\/cat-sima\/\"},{\"@type\":\"ListItem\",\"position\":3,\"name\":\"HANDY 350\"}]},{\"@type\":\"WebSite\",\"@id\":\"https:\/\/www.simasa.com\/fr\/#website\",\"url\":\"https:\/\/www.simasa.com\/fr\/\",\"name\":\"Sima\",\"description\":\"Fabricantes de maquinaria para la construcci\u00f3n\",\"publisher\":{\"@id\":\"https:\/\/www.simasa.com\/fr\/#organization\"},\"potentialAction\":[{\"@type\":\"SearchAction\",\"target\":{\"@type\":\"EntryPoint\",\"urlTemplate\":\"https:\/\/www.simasa.com\/fr\/?s={search_term_string}\"},\"query-input\":{\"@type\":\"PropertyValueSpecification\",\"valueRequired\":true,\"valueName\":\"search_term_string\"}}],\"inLanguage\":\"fr-FR\"},{\"@type\":\"Organization\",\"@id\":\"https:\/\/www.simasa.com\/fr\/#organization\",\"name\":\"Sima\",\"url\":\"https:\/\/www.simasa.com\/fr\/\",\"logo\":{\"@type\":\"ImageObject\",\"inLanguage\":\"fr-FR\",\"@id\":\"https:\/\/www.simasa.com\/fr\/#\/schema\/logo\/image\/\",\"url\":\"https:\/\/www.simasa.com\/wp-content\/uploads\/2016\/03\/logo-1.jpg\",\"contentUrl\":\"https:\/\/www.simasa.com\/wp-content\/uploads\/2016\/03\/logo-1.jpg\",\"width\":121,\"height\":54,\"caption\":\"Sima\"},\"image\":{\"@id\":\"https:\/\/www.simasa.com\/fr\/#\/schema\/logo\/image\/\"}}]}<\/script>\n<!-- \/ Yoast SEO plugin. -->","yoast_head_json":{"title":"Cortadora de Materiales - HANDY 350 | Sima","description":"HANDY 350. La nouveau SIMA HANDY est robuste et l\u00e9g\u00e8re. Coupe \u00e0 sec et \u00e0 eau.  &nbsp;","robots":{"index":"noindex","follow":"follow"},"og_locale":"fr_FR","og_type":"article","og_title":"Cortadora de Materiales - HANDY 350 | Sima","og_description":"HANDY 350. La nouveau SIMA HANDY est robuste et l\u00e9g\u00e8re. Coupe \u00e0 sec et \u00e0 eau.  &nbsp;","og_url":"https:\/\/www.simasa.com\/fr\/producto\/handy-350\/","og_site_name":"Sima","article_modified_time":"2017-12-28T17:03:13+00:00","og_image":[{"width":2560,"height":2560,"url":"https:\/\/www.simasa.com\/wp-content\/uploads\/2017\/05\/SIMA-HANDY-1-1-1-scaled.jpg","type":"image\/jpeg"}],"twitter_card":"summary_large_image","schema":{"@context":"https:\/\/schema.org","@graph":[{"@type":"WebPage","@id":"https:\/\/www.simasa.com\/fr\/producto\/handy-350\/","url":"https:\/\/www.simasa.com\/fr\/producto\/handy-350\/","name":"Cortadora de Materiales - HANDY 350 | Sima","isPartOf":{"@id":"https:\/\/www.simasa.com\/fr\/#website"},"primaryImageOfPage":{"@id":"https:\/\/www.simasa.com\/fr\/producto\/handy-350\/#primaryimage"},"image":{"@id":"https:\/\/www.simasa.com\/fr\/producto\/handy-350\/#primaryimage"},"thumbnailUrl":"https:\/\/www.simasa.com\/wp-content\/uploads\/2017\/05\/SIMA-HANDY-1-1-1-scaled.jpg","datePublished":"2017-05-25T17:50:15+00:00","dateModified":"2017-12-28T17:03:13+00:00","description":"HANDY 350. La nouveau SIMA HANDY est robuste et l\u00e9g\u00e8re. Coupe \u00e0 sec et \u00e0 eau. &nbsp;","breadcrumb":{"@id":"https:\/\/www.simasa.com\/fr\/producto\/handy-350\/#breadcrumb"},"inLanguage":"fr-FR","potentialAction":[{"@type":"ReadAction","target":["https:\/\/www.simasa.com\/fr\/producto\/handy-350\/"]}]},{"@type":"ImageObject","inLanguage":"fr-FR","@id":"https:\/\/www.simasa.com\/fr\/producto\/handy-350\/#primaryimage","url":"https:\/\/www.simasa.com\/wp-content\/uploads\/2017\/05\/SIMA-HANDY-1-1-1-scaled.jpg","contentUrl":"https:\/\/www.simasa.com\/wp-content\/uploads\/2017\/05\/SIMA-HANDY-1-1-1-scaled.jpg","width":2560,"height":2560},{"@type":"BreadcrumbList","@id":"https:\/\/www.simasa.com\/fr\/producto\/handy-350\/#breadcrumb","itemListElement":[{"@type":"ListItem","position":1,"name":"Inicio","item":"https:\/\/www.simasa.com\/fr\/"},{"@type":"ListItem","position":2,"name":"Catalogue","item":"https:\/\/www.simasa.com\/cat-sima\/"},{"@type":"ListItem","position":3,"name":"HANDY 350"}]},{"@type":"WebSite","@id":"https:\/\/www.simasa.com\/fr\/#website","url":"https:\/\/www.simasa.com\/fr\/","name":"Sima","description":"Fabricantes de maquinaria para la construcci\u00f3n","publisher":{"@id":"https:\/\/www.simasa.com\/fr\/#organization"},"potentialAction":[{"@type":"SearchAction","target":{"@type":"EntryPoint","urlTemplate":"https:\/\/www.simasa.com\/fr\/?s={search_term_string}"},"query-input":{"@type":"PropertyValueSpecification","valueRequired":true,"valueName":"search_term_string"}}],"inLanguage":"fr-FR"},{"@type":"Organization","@id":"https:\/\/www.simasa.com\/fr\/#organization","name":"Sima","url":"https:\/\/www.simasa.com\/fr\/","logo":{"@type":"ImageObject","inLanguage":"fr-FR","@id":"https:\/\/www.simasa.com\/fr\/#\/schema\/logo\/image\/","url":"https:\/\/www.simasa.com\/wp-content\/uploads\/2016\/03\/logo-1.jpg","contentUrl":"https:\/\/www.simasa.com\/wp-content\/uploads\/2016\/03\/logo-1.jpg","width":121,"height":54,"caption":"Sima"},"image":{"@id":"https:\/\/www.simasa.com\/fr\/#\/schema\/logo\/image\/"}}]}},"_links":{"self":[{"href":"https:\/\/www.simasa.com\/fr\/wp-json\/wp\/v2\/product\/5581","targetHints":{"allow":["GET"]}}],"collection":[{"href":"https:\/\/www.simasa.com\/fr\/wp-json\/wp\/v2\/product"}],"about":[{"href":"https:\/\/www.simasa.com\/fr\/wp-json\/wp\/v2\/types\/product"}],"replies":[{"embeddable":true,"href":"https:\/\/www.simasa.com\/fr\/wp-json\/wp\/v2\/comments?post=5581"}],"wp:featuredmedia":[{"embeddable":true,"href":"https:\/\/www.simasa.com\/fr\/wp-json\/wp\/v2\/media\/5577"}],"wp:attachment":[{"href":"https:\/\/www.simasa.com\/fr\/wp-json\/wp\/v2\/media?parent=5581"}],"wp:term":[{"taxonomy":"product_brand","embeddable":true,"href":"https:\/\/www.simasa.com\/fr\/wp-json\/wp\/v2\/product_brand?post=5581"},{"taxonomy":"product_cat","embeddable":true,"href":"https:\/\/www.simasa.com\/fr\/wp-json\/wp\/v2\/product_cat?post=5581"},{"taxonomy":"product_tag","embeddable":true,"href":"https:\/\/www.simasa.com\/fr\/wp-json\/wp\/v2\/product_tag?post=5581"}],"curies":[{"name":"wp","href":"https:\/\/api.w.org\/{rel}","templated":true}]}}