{"id":5510,"date":"2017-05-25T16:26:30","date_gmt":"2017-05-25T16:26:35","guid":{"rendered":"https:\/\/www.simasa.com\/?post_type=product&#038;p=5510\/"},"modified":"2017-12-25T17:23:43","modified_gmt":"2017-12-25T17:23:43","slug":"dakar-400-mekano","status":"publish","type":"product","link":"https:\/\/www.simasa.com\/fr\/producto\/dakar-400-mekano\/","title":{"rendered":"DAKAR 400 MEKANO"},"content":{"rendered":"<p>Tr\u00e8s performante sur chantier: elle<strong> coupe des pi\u00e8ces de 650 mm de long.<\/strong><\/p>\n<p><strong>DAKAR MEKANO<\/strong> repr\u00e9sente le compromis parfait qualit\u00e9-prix dans ce\u00a0cr\u00e9neau de machines. Elle d\u00e9coupe tous type de mat\u00e9riaux tels que:<\/p>\n<ul>\n<li>la\u00a0brique<\/li>\n<li>le granito<\/li>\n<li>les pav\u00e9s<\/li>\n<li>les bordures de trottoir<\/li>\n<li>les dalles etc.<\/li>\n<\/ul>\n<p>Les mod\u00e8les <strong>DAKAR MEKANO<\/strong> et <strong>DAKAR MEKANO 400<\/strong> sont dot\u00e9s de\u00a0pieds fixes. En option, des pieds repliables et roues sont adaptables.<\/p>\n<p>Les mod\u00e8les <strong>DAKAR Mekano et DAKAR Mekano 400<\/strong> sont dot\u00e9s de\u00a0pieds fixes. En option, des pieds repliables et roues sont adaptables.\u00a0Con\u00e7ue \u00e0 90% \u00e0 base de mat\u00e9riaux inoxydables.<\/p>\n<p>Les 10% restants sont trait\u00e9s avec de la peinture epoxy\u00a0polyester durable et efficace contre la corrosion.<br \/>\nLes pieds et la t\u00eate de coupe sont d\u00e9montables pour\u00a0un transport et stockage ais\u00e9s.<\/p>\n<p>La version <strong>DAKAR Mekano 45<\/strong> offre capacit\u00e9 et\u00a0pr\u00e9cision de coupe comme toute la gamme DAKAR<br \/>\nmais en plus elle permet la coupe \u00e0 45\u00ba et la t\u00eate de\u00a0coupe est basculante.\u00a0Polyvalente sur la l<strong>ongueur de coupe \u00e9galement: celle-ci\u00a0peut \u00eatre modifi\u00e9e en d\u00e9pla\u00e7ant le montant et s&rsquo; adapter\u00a0\u00e0 la taille du mat\u00e9riau \u00e0 d\u00e9couper<\/strong>. Utilisation facile\u00a0assur\u00e9e, confort de l&rsquo;op\u00e9rateur et r\u00e9duction du temps\u00a0de travail.<\/p>\n<p><strong>Coupe \u00e0 90\u00ba et 45\u00ba de pi\u00e8ces de grande taille:<\/strong><\/p>\n<ul>\n<li>Excellent compromis qualit\u00e9-prix.<\/li>\n<li>Motorisation monophas\u00e9e (3CV) et triphas\u00e9ee (4CV) selon les\u00a0besoins du client.<\/li>\n<li>R\u00e9glage de la hauteur de coupe (mod\u00e8le DAKAR MK 45) pour\u00a0couper des mat\u00e9riaux de diff\u00e9rentes \u00e9paisseurs.<\/li>\n<li>Hauteur de coupe de 7,5 cm pour disque de 300 mm et 10 cm pour<br \/>\ndisque de 350 mm.<\/li>\n<li>Tous les mod\u00e8les DAKAR sont livr\u00e9s avec le disque inclus.<\/li>\n<\/ul>\n<p><img loading=\"lazy\" decoding=\"async\" class=\"alignnone wp-image-8853 size-full\" src=\"https:\/\/www.simasa.com\/wp-content\/uploads\/2016\/04\/avantages-dakar.jpg\" alt=\"\" width=\"1114\" height=\"489\" srcset=\"https:\/\/www.simasa.com\/wp-content\/uploads\/2016\/04\/avantages-dakar.jpg 1114w, https:\/\/www.simasa.com\/wp-content\/uploads\/2016\/04\/avantages-dakar-416x183.jpg 416w\" sizes=\"auto, (max-width: 1114px) 100vw, 1114px\" \/><\/p>\n<p><img loading=\"lazy\" decoding=\"async\" class=\"alignnone wp-image-8869 size-full\" src=\"https:\/\/www.simasa.com\/wp-content\/uploads\/2016\/04\/tabla-dakar-400-fr.jpg\" alt=\"\" width=\"1114\" height=\"326\" srcset=\"https:\/\/www.simasa.com\/wp-content\/uploads\/2016\/04\/tabla-dakar-400-fr.jpg 1114w, https:\/\/www.simasa.com\/wp-content\/uploads\/2016\/04\/tabla-dakar-400-fr-416x122.jpg 416w\" sizes=\"auto, (max-width: 1114px) 100vw, 1114px\" \/><\/p>\n<p><iframe loading=\"lazy\" src=\"https:\/\/www.youtube.com\/embed\/JXE218U91-g\" width=\"700\" height=\"394\" frameborder=\"0\" allowfullscreen=\"allowfullscreen\"><\/iframe><\/p>\n","protected":false},"excerpt":{"rendered":"<p>La <strong>DAKAR Mekano 400<\/strong> est une machine robuste, simple et optimis\u00e9e pour \u00eatre performante \u00e0 un prix comp\u00e9titif.<\/p>\n<p>&nbsp;<\/p>\n","protected":false},"featured_media":5521,"comment_status":"open","ping_status":"closed","template":"","meta":{"_acf_changed":false},"product_brand":[],"product_cat":[1791],"product_tag":[2791],"class_list":{"0":"post-5510","1":"product","2":"type-product","3":"status-publish","4":"has-post-thumbnail","6":"product_cat-scies-a-materiaux-b","7":"product_tag-cortadora-de-materiales-fr","8":"pa_45-cutting-non-45-cutting-fr","9":"pa_max-blade-diameter-mm-3748","10":"pa_max-cutting-depth-mm-3885","11":"pa_max-cutting-length-mm-3926","13":"first","14":"instock","15":"shipping-taxable","16":"product-type-simple"},"acf":[],"yoast_head":"<!-- This site is optimized with the Yoast SEO plugin v27.2 - https:\/\/yoast.com\/product\/yoast-seo-wordpress\/ -->\n<title>Cortadora de Materiales - DAKAR 400 MEKANO | Sima<\/title>\n<meta name=\"description\" content=\"DAKAR 400 MEKANO. La DAKAR Mekano 400 est une machine robuste, simple et optimis\u00e9e pour \u00eatre performante \u00e0 un prix comp\u00e9titif.  &nbsp;\" \/>\n<meta name=\"robots\" content=\"noindex, follow\" \/>\n<meta property=\"og:locale\" content=\"fr_FR\" \/>\n<meta property=\"og:type\" content=\"article\" \/>\n<meta property=\"og:title\" content=\"Cortadora de Materiales - DAKAR 400 MEKANO | Sima\" \/>\n<meta property=\"og:description\" content=\"DAKAR 400 MEKANO. La DAKAR Mekano 400 est une machine robuste, simple et optimis\u00e9e pour \u00eatre performante \u00e0 un prix comp\u00e9titif.  &nbsp;\" \/>\n<meta property=\"og:url\" content=\"https:\/\/www.simasa.com\/fr\/producto\/dakar-400-mekano\/\" \/>\n<meta property=\"og:site_name\" content=\"Sima\" \/>\n<meta property=\"article:modified_time\" content=\"2017-12-25T17:23:43+00:00\" \/>\n<meta property=\"og:image\" content=\"https:\/\/www.simasa.com\/wp-content\/uploads\/2017\/05\/Dakar-400.jpg\" \/>\n\t<meta property=\"og:image:width\" content=\"850\" \/>\n\t<meta property=\"og:image:height\" content=\"850\" \/>\n\t<meta property=\"og:image:type\" content=\"image\/jpeg\" \/>\n<meta name=\"twitter:card\" content=\"summary_large_image\" \/>\n<meta name=\"twitter:label1\" content=\"Dur\u00e9e de lecture estim\u00e9e\" \/>\n\t<meta name=\"twitter:data1\" content=\"1 minute\" \/>\n<script type=\"application\/ld+json\" class=\"yoast-schema-graph\">{\"@context\":\"https:\/\/schema.org\",\"@graph\":[{\"@type\":\"WebPage\",\"@id\":\"https:\/\/www.simasa.com\/fr\/producto\/dakar-400-mekano\/\",\"url\":\"https:\/\/www.simasa.com\/fr\/producto\/dakar-400-mekano\/\",\"name\":\"Cortadora de Materiales - DAKAR 400 MEKANO | Sima\",\"isPartOf\":{\"@id\":\"https:\/\/www.simasa.com\/fr\/#website\"},\"primaryImageOfPage\":{\"@id\":\"https:\/\/www.simasa.com\/fr\/producto\/dakar-400-mekano\/#primaryimage\"},\"image\":{\"@id\":\"https:\/\/www.simasa.com\/fr\/producto\/dakar-400-mekano\/#primaryimage\"},\"thumbnailUrl\":\"https:\/\/www.simasa.com\/wp-content\/uploads\/2017\/05\/Dakar-400.jpg\",\"datePublished\":\"2017-05-25T16:26:35+00:00\",\"dateModified\":\"2017-12-25T17:23:43+00:00\",\"description\":\"DAKAR 400 MEKANO. La DAKAR Mekano 400 est une machine robuste, simple et optimis\u00e9e pour \u00eatre performante \u00e0 un prix comp\u00e9titif. &nbsp;\",\"breadcrumb\":{\"@id\":\"https:\/\/www.simasa.com\/fr\/producto\/dakar-400-mekano\/#breadcrumb\"},\"inLanguage\":\"fr-FR\",\"potentialAction\":[{\"@type\":\"ReadAction\",\"target\":[\"https:\/\/www.simasa.com\/fr\/producto\/dakar-400-mekano\/\"]}]},{\"@type\":\"ImageObject\",\"inLanguage\":\"fr-FR\",\"@id\":\"https:\/\/www.simasa.com\/fr\/producto\/dakar-400-mekano\/#primaryimage\",\"url\":\"https:\/\/www.simasa.com\/wp-content\/uploads\/2017\/05\/Dakar-400.jpg\",\"contentUrl\":\"https:\/\/www.simasa.com\/wp-content\/uploads\/2017\/05\/Dakar-400.jpg\",\"width\":850,\"height\":850},{\"@type\":\"BreadcrumbList\",\"@id\":\"https:\/\/www.simasa.com\/fr\/producto\/dakar-400-mekano\/#breadcrumb\",\"itemListElement\":[{\"@type\":\"ListItem\",\"position\":1,\"name\":\"Inicio\",\"item\":\"https:\/\/www.simasa.com\/fr\/\"},{\"@type\":\"ListItem\",\"position\":2,\"name\":\"Catalogue\",\"item\":\"https:\/\/www.simasa.com\/cat-sima\/\"},{\"@type\":\"ListItem\",\"position\":3,\"name\":\"DAKAR 400 MEKANO\"}]},{\"@type\":\"WebSite\",\"@id\":\"https:\/\/www.simasa.com\/fr\/#website\",\"url\":\"https:\/\/www.simasa.com\/fr\/\",\"name\":\"Sima\",\"description\":\"Fabricantes de maquinaria para la construcci\u00f3n\",\"publisher\":{\"@id\":\"https:\/\/www.simasa.com\/fr\/#organization\"},\"potentialAction\":[{\"@type\":\"SearchAction\",\"target\":{\"@type\":\"EntryPoint\",\"urlTemplate\":\"https:\/\/www.simasa.com\/fr\/?s={search_term_string}\"},\"query-input\":{\"@type\":\"PropertyValueSpecification\",\"valueRequired\":true,\"valueName\":\"search_term_string\"}}],\"inLanguage\":\"fr-FR\"},{\"@type\":\"Organization\",\"@id\":\"https:\/\/www.simasa.com\/fr\/#organization\",\"name\":\"Sima\",\"url\":\"https:\/\/www.simasa.com\/fr\/\",\"logo\":{\"@type\":\"ImageObject\",\"inLanguage\":\"fr-FR\",\"@id\":\"https:\/\/www.simasa.com\/fr\/#\/schema\/logo\/image\/\",\"url\":\"https:\/\/www.simasa.com\/wp-content\/uploads\/2016\/03\/logo-1.jpg\",\"contentUrl\":\"https:\/\/www.simasa.com\/wp-content\/uploads\/2016\/03\/logo-1.jpg\",\"width\":121,\"height\":54,\"caption\":\"Sima\"},\"image\":{\"@id\":\"https:\/\/www.simasa.com\/fr\/#\/schema\/logo\/image\/\"}}]}<\/script>\n<!-- \/ Yoast SEO plugin. -->","yoast_head_json":{"title":"Cortadora de Materiales - DAKAR 400 MEKANO | Sima","description":"DAKAR 400 MEKANO. La DAKAR Mekano 400 est une machine robuste, simple et optimis\u00e9e pour \u00eatre performante \u00e0 un prix comp\u00e9titif.  &nbsp;","robots":{"index":"noindex","follow":"follow"},"og_locale":"fr_FR","og_type":"article","og_title":"Cortadora de Materiales - DAKAR 400 MEKANO | Sima","og_description":"DAKAR 400 MEKANO. La DAKAR Mekano 400 est une machine robuste, simple et optimis\u00e9e pour \u00eatre performante \u00e0 un prix comp\u00e9titif.  &nbsp;","og_url":"https:\/\/www.simasa.com\/fr\/producto\/dakar-400-mekano\/","og_site_name":"Sima","article_modified_time":"2017-12-25T17:23:43+00:00","og_image":[{"width":850,"height":850,"url":"https:\/\/www.simasa.com\/wp-content\/uploads\/2017\/05\/Dakar-400.jpg","type":"image\/jpeg"}],"twitter_card":"summary_large_image","twitter_misc":{"Dur\u00e9e de lecture estim\u00e9e":"1 minute"},"schema":{"@context":"https:\/\/schema.org","@graph":[{"@type":"WebPage","@id":"https:\/\/www.simasa.com\/fr\/producto\/dakar-400-mekano\/","url":"https:\/\/www.simasa.com\/fr\/producto\/dakar-400-mekano\/","name":"Cortadora de Materiales - DAKAR 400 MEKANO | Sima","isPartOf":{"@id":"https:\/\/www.simasa.com\/fr\/#website"},"primaryImageOfPage":{"@id":"https:\/\/www.simasa.com\/fr\/producto\/dakar-400-mekano\/#primaryimage"},"image":{"@id":"https:\/\/www.simasa.com\/fr\/producto\/dakar-400-mekano\/#primaryimage"},"thumbnailUrl":"https:\/\/www.simasa.com\/wp-content\/uploads\/2017\/05\/Dakar-400.jpg","datePublished":"2017-05-25T16:26:35+00:00","dateModified":"2017-12-25T17:23:43+00:00","description":"DAKAR 400 MEKANO. La DAKAR Mekano 400 est une machine robuste, simple et optimis\u00e9e pour \u00eatre performante \u00e0 un prix comp\u00e9titif. &nbsp;","breadcrumb":{"@id":"https:\/\/www.simasa.com\/fr\/producto\/dakar-400-mekano\/#breadcrumb"},"inLanguage":"fr-FR","potentialAction":[{"@type":"ReadAction","target":["https:\/\/www.simasa.com\/fr\/producto\/dakar-400-mekano\/"]}]},{"@type":"ImageObject","inLanguage":"fr-FR","@id":"https:\/\/www.simasa.com\/fr\/producto\/dakar-400-mekano\/#primaryimage","url":"https:\/\/www.simasa.com\/wp-content\/uploads\/2017\/05\/Dakar-400.jpg","contentUrl":"https:\/\/www.simasa.com\/wp-content\/uploads\/2017\/05\/Dakar-400.jpg","width":850,"height":850},{"@type":"BreadcrumbList","@id":"https:\/\/www.simasa.com\/fr\/producto\/dakar-400-mekano\/#breadcrumb","itemListElement":[{"@type":"ListItem","position":1,"name":"Inicio","item":"https:\/\/www.simasa.com\/fr\/"},{"@type":"ListItem","position":2,"name":"Catalogue","item":"https:\/\/www.simasa.com\/cat-sima\/"},{"@type":"ListItem","position":3,"name":"DAKAR 400 MEKANO"}]},{"@type":"WebSite","@id":"https:\/\/www.simasa.com\/fr\/#website","url":"https:\/\/www.simasa.com\/fr\/","name":"Sima","description":"Fabricantes de maquinaria para la construcci\u00f3n","publisher":{"@id":"https:\/\/www.simasa.com\/fr\/#organization"},"potentialAction":[{"@type":"SearchAction","target":{"@type":"EntryPoint","urlTemplate":"https:\/\/www.simasa.com\/fr\/?s={search_term_string}"},"query-input":{"@type":"PropertyValueSpecification","valueRequired":true,"valueName":"search_term_string"}}],"inLanguage":"fr-FR"},{"@type":"Organization","@id":"https:\/\/www.simasa.com\/fr\/#organization","name":"Sima","url":"https:\/\/www.simasa.com\/fr\/","logo":{"@type":"ImageObject","inLanguage":"fr-FR","@id":"https:\/\/www.simasa.com\/fr\/#\/schema\/logo\/image\/","url":"https:\/\/www.simasa.com\/wp-content\/uploads\/2016\/03\/logo-1.jpg","contentUrl":"https:\/\/www.simasa.com\/wp-content\/uploads\/2016\/03\/logo-1.jpg","width":121,"height":54,"caption":"Sima"},"image":{"@id":"https:\/\/www.simasa.com\/fr\/#\/schema\/logo\/image\/"}}]}},"_links":{"self":[{"href":"https:\/\/www.simasa.com\/fr\/wp-json\/wp\/v2\/product\/5510","targetHints":{"allow":["GET"]}}],"collection":[{"href":"https:\/\/www.simasa.com\/fr\/wp-json\/wp\/v2\/product"}],"about":[{"href":"https:\/\/www.simasa.com\/fr\/wp-json\/wp\/v2\/types\/product"}],"replies":[{"embeddable":true,"href":"https:\/\/www.simasa.com\/fr\/wp-json\/wp\/v2\/comments?post=5510"}],"wp:featuredmedia":[{"embeddable":true,"href":"https:\/\/www.simasa.com\/fr\/wp-json\/wp\/v2\/media\/5521"}],"wp:attachment":[{"href":"https:\/\/www.simasa.com\/fr\/wp-json\/wp\/v2\/media?parent=5510"}],"wp:term":[{"taxonomy":"product_brand","embeddable":true,"href":"https:\/\/www.simasa.com\/fr\/wp-json\/wp\/v2\/product_brand?post=5510"},{"taxonomy":"product_cat","embeddable":true,"href":"https:\/\/www.simasa.com\/fr\/wp-json\/wp\/v2\/product_cat?post=5510"},{"taxonomy":"product_tag","embeddable":true,"href":"https:\/\/www.simasa.com\/fr\/wp-json\/wp\/v2\/product_tag?post=5510"}],"curies":[{"name":"wp","href":"https:\/\/api.w.org\/{rel}","templated":true}]}}