{"id":5418,"date":"2017-05-10T16:49:41","date_gmt":"2017-05-10T16:49:45","guid":{"rendered":"https:\/\/www.simasa.com\/?post_type=product&#038;p=5418\/"},"modified":"2017-12-25T16:05:24","modified_gmt":"2017-12-25T16:05:24","slug":"magnum-700","status":"publish","type":"product","link":"https:\/\/www.simasa.com\/fr\/producto\/magnum-700\/","title":{"rendered":"Magnum 700"},"content":{"rendered":"<p>La scie \u00e0 blocs <strong>MAGNUM 700<\/strong> est <strong>robuste et capable de\u00a0<\/strong><strong>couper des pi\u00e8ces de grande dimension<\/strong> telles\u00a0que la brique, le b\u00e9ton et autres mat\u00e9riaux de\u00a0construction:<\/p>\n<ul>\n<li>adroise<\/li>\n<li>granit<\/li>\n<li>ytong<\/li>\n<li>thermo-argile<\/li>\n<li>gr\u00e8s<\/li>\n<li>bordures<\/li>\n<li>marbre.<\/li>\n<\/ul>\n<p>Il existe deux versions avec une puissance de\u00a05,5 Kw et 7 kw pour des disques de 700 et\u00a01000 mm.<\/p>\n<p>La MAGNUM incorpore des am\u00e9liorations\u00a0telles que:<\/p>\n<p>1. Un nouveau d\u00e9marreur \u00e9toile-triangle,\u00a0dont le but est de minimiser l&rsquo;augmentation de\u00a0l&rsquo;amp\u00e9rage au d\u00e9marrage.<\/p>\n<ul>\n<li>En appuyant sur le bouton de mise\u00a0en marche le moteur d\u00e9marre et les\u00a0enroulements sont coupl\u00e9s en triangle.\u00a0Le moteur marche \u00e0 80% seulement de sa\u00a0capacit\u00e9 totale.<\/li>\n<li>Au bout de 10 secondes le\u00a0contacteur raccorde le moteur\u00a0en mode \u00e9toile avec d\u00e9s lors\u00a0100% de rendement garanti.<\/li>\n<li>Le bouton rouge permet si n\u00e9cessaire\u00a0d&rsquo; arr\u00eater la machine.<\/li>\n<\/ul>\n<p>2. Une pompe \u00e0 haut d\u00e9bit (jusqu&rsquo;\u00e0 40 litres \/minute).<\/p>\n<p>3. Renfort de la partie inf\u00e9rieure du chariot pour plus de\u00a0robustesse.<\/p>\n<p>&nbsp;<\/p>\n<p><strong>Grande capacit\u00e9 de coupe:<\/strong><\/p>\n<ul>\n<li>Avance manuelle par volant. D\u00e9placement\u00a0doux sans effort vers la t\u00eate de coupe.<\/li>\n<li>Syst\u00e8me simple pour le r\u00e9glage de la hauteur\u00a0de coupe avec verrouillage efficace de la t\u00eate.<\/li>\n<li>Durabilit\u00e9. Con\u00e7ue sur un robuste\u00a0b\u00e2ti monobloc mont\u00e9 sur quatre\u00a0roues, pour un d\u00e9placement ais\u00e9.<\/li>\n<li>Souple et silencieuse gr\u00e2ce \u00e0 la transmission\u00a0par courroie. D\u00e9coupe de haute pr\u00e9cision.<\/li>\n<li>Refroidissement du disque par la pompe\u00a0depuis le bac ou directement depuis le r\u00e9seau.<\/li>\n<li>Dot\u00e9e de roues de d\u00e9placement avant\u00a0avec syst\u00e8me auto-bloquant.<\/li>\n<li>Pourvue d&rsquo; un bac \u00e0 eau de grande\u00a0capacit\u00e9 en acier galvanis\u00e9 (87 litres)\u00a0amovible pour le nettoyage.<\/li>\n<li>Roulements con\u00e7us pour fonctionner\u00a0dans des conditions d&rsquo;\u00e9tanch\u00e9it\u00e9 totale\u00a0et prolonger la vie des composants.<\/li>\n<li>Tous les composants \u00e9lectriques sont\u00a0conformes aux exigeances des diff\u00e9rentes\u00a0r\u00e9glementations Europ\u00e9ennes applicables.<\/li>\n<li>Longueur de coupe maxi de 844 mm et\u00a0profondeur de coupe maxi de 420 mm.<\/li>\n<\/ul>\n<p><img loading=\"lazy\" decoding=\"async\" class=\"alignnone wp-image-8566 size-full\" src=\"https:\/\/www.simasa.com\/wp-content\/uploads\/2017\/05\/avantages-magnum-fr.jpg\" alt=\"\" width=\"1117\" height=\"493\" srcset=\"https:\/\/www.simasa.com\/wp-content\/uploads\/2017\/05\/avantages-magnum-fr.jpg 1117w, https:\/\/www.simasa.com\/wp-content\/uploads\/2017\/05\/avantages-magnum-fr-416x184.jpg 416w\" sizes=\"auto, (max-width: 1117px) 100vw, 1117px\" \/><\/p>\n<p>&nbsp;<\/p>\n<p><img loading=\"lazy\" decoding=\"async\" class=\"alignnone wp-image-8582 size-full\" src=\"https:\/\/www.simasa.com\/wp-content\/uploads\/2017\/05\/tabla-magnum-fr.jpg\" alt=\"\" width=\"1112\" height=\"526\" srcset=\"https:\/\/www.simasa.com\/wp-content\/uploads\/2017\/05\/tabla-magnum-fr.jpg 1112w, https:\/\/www.simasa.com\/wp-content\/uploads\/2017\/05\/tabla-magnum-fr-416x197.jpg 416w\" sizes=\"auto, (max-width: 1112px) 100vw, 1112px\" \/><\/p>\n<p><iframe loading=\"lazy\" src=\"https:\/\/www.youtube.com\/embed\/xmVMLlYGP28\" width=\"700\" height=\"394\" frameborder=\"0\" allowfullscreen=\"allowfullscreen\"><\/iframe><\/p>\n","protected":false},"excerpt":{"rendered":"<p>La\u00a0MAGNUM 700 est <strong>robuste et capable de\u00a0<\/strong><strong>couper des pi\u00e8ces de grande dimension<\/strong> telles\u00a0que la brique, le b\u00e9ton et autres mat\u00e9riaux de\u00a0construction.<\/p>\n","protected":false},"featured_media":5301,"comment_status":"open","ping_status":"closed","template":"","meta":{"_acf_changed":false},"product_brand":[],"product_cat":[1793],"product_tag":[],"class_list":{"0":"post-5418","1":"product","2":"type-product","3":"status-publish","4":"has-post-thumbnail","6":"product_cat-scies-a-blocs-grand-format","7":"pa_45-cutting-non-45-cutting-fr","8":"pa_blade-included-no-fr","9":"pa_max-blade-diameter-mm-3754","10":"pa_max-cutting-depth-mm-3913","11":"pa_max-cutting-length-mm-3945","13":"first","14":"instock","15":"shipping-taxable","16":"product-type-simple"},"acf":[],"yoast_head":"<!-- This site is optimized with the Yoast SEO plugin v27.2 - https:\/\/yoast.com\/product\/yoast-seo-wordpress\/ -->\n<title>- Magnum 700 | Sima<\/title>\n<meta name=\"description\" content=\"Magnum 700. La\u00a0MAGNUM 700 est robuste et capable de\u00a0couper des pi\u00e8ces de grande dimension telles\u00a0que la brique, le b\u00e9ton et autres mat\u00e9riaux de\u00a0construction.\" \/>\n<meta name=\"robots\" content=\"noindex, follow\" \/>\n<meta property=\"og:locale\" content=\"fr_FR\" \/>\n<meta property=\"og:type\" content=\"article\" \/>\n<meta property=\"og:title\" content=\"- Magnum 700 | Sima\" \/>\n<meta property=\"og:description\" content=\"Magnum 700. La\u00a0MAGNUM 700 est robuste et capable de\u00a0couper des pi\u00e8ces de grande dimension telles\u00a0que la brique, le b\u00e9ton et autres mat\u00e9riaux de\u00a0construction.\" \/>\n<meta property=\"og:url\" content=\"https:\/\/www.simasa.com\/fr\/producto\/magnum-700\/\" \/>\n<meta property=\"og:site_name\" content=\"Sima\" \/>\n<meta property=\"article:modified_time\" content=\"2017-12-25T16:05:24+00:00\" \/>\n<meta property=\"og:image\" content=\"https:\/\/www.simasa.com\/wp-content\/uploads\/2016\/03\/mesa-de-corte-humedo-sima-magnum-700.jpg\" \/>\n\t<meta property=\"og:image:width\" content=\"800\" \/>\n\t<meta property=\"og:image:height\" content=\"800\" \/>\n\t<meta property=\"og:image:type\" content=\"image\/jpeg\" \/>\n<meta name=\"twitter:card\" content=\"summary_large_image\" \/>\n<meta name=\"twitter:label1\" content=\"Dur\u00e9e de lecture estim\u00e9e\" \/>\n\t<meta name=\"twitter:data1\" content=\"2 minutes\" \/>\n<script type=\"application\/ld+json\" class=\"yoast-schema-graph\">{\"@context\":\"https:\/\/schema.org\",\"@graph\":[{\"@type\":\"WebPage\",\"@id\":\"https:\/\/www.simasa.com\/fr\/producto\/magnum-700\/\",\"url\":\"https:\/\/www.simasa.com\/fr\/producto\/magnum-700\/\",\"name\":\"- Magnum 700 | Sima\",\"isPartOf\":{\"@id\":\"https:\/\/www.simasa.com\/fr\/#website\"},\"primaryImageOfPage\":{\"@id\":\"https:\/\/www.simasa.com\/fr\/producto\/magnum-700\/#primaryimage\"},\"image\":{\"@id\":\"https:\/\/www.simasa.com\/fr\/producto\/magnum-700\/#primaryimage\"},\"thumbnailUrl\":\"https:\/\/www.simasa.com\/wp-content\/uploads\/2016\/03\/mesa-de-corte-humedo-sima-magnum-700.jpg\",\"datePublished\":\"2017-05-10T16:49:45+00:00\",\"dateModified\":\"2017-12-25T16:05:24+00:00\",\"description\":\"Magnum 700. La\u00a0MAGNUM 700 est robuste et capable de\u00a0couper des pi\u00e8ces de grande dimension telles\u00a0que la brique, le b\u00e9ton et autres mat\u00e9riaux de\u00a0construction.\",\"breadcrumb\":{\"@id\":\"https:\/\/www.simasa.com\/fr\/producto\/magnum-700\/#breadcrumb\"},\"inLanguage\":\"fr-FR\",\"potentialAction\":[{\"@type\":\"ReadAction\",\"target\":[\"https:\/\/www.simasa.com\/fr\/producto\/magnum-700\/\"]}]},{\"@type\":\"ImageObject\",\"inLanguage\":\"fr-FR\",\"@id\":\"https:\/\/www.simasa.com\/fr\/producto\/magnum-700\/#primaryimage\",\"url\":\"https:\/\/www.simasa.com\/wp-content\/uploads\/2016\/03\/mesa-de-corte-humedo-sima-magnum-700.jpg\",\"contentUrl\":\"https:\/\/www.simasa.com\/wp-content\/uploads\/2016\/03\/mesa-de-corte-humedo-sima-magnum-700.jpg\",\"width\":800,\"height\":800},{\"@type\":\"BreadcrumbList\",\"@id\":\"https:\/\/www.simasa.com\/fr\/producto\/magnum-700\/#breadcrumb\",\"itemListElement\":[{\"@type\":\"ListItem\",\"position\":1,\"name\":\"Inicio\",\"item\":\"https:\/\/www.simasa.com\/fr\/\"},{\"@type\":\"ListItem\",\"position\":2,\"name\":\"Catalogue\",\"item\":\"https:\/\/www.simasa.com\/cat-sima\/\"},{\"@type\":\"ListItem\",\"position\":3,\"name\":\"Magnum 700\"}]},{\"@type\":\"WebSite\",\"@id\":\"https:\/\/www.simasa.com\/fr\/#website\",\"url\":\"https:\/\/www.simasa.com\/fr\/\",\"name\":\"Sima\",\"description\":\"Fabricantes de maquinaria para la construcci\u00f3n\",\"publisher\":{\"@id\":\"https:\/\/www.simasa.com\/fr\/#organization\"},\"potentialAction\":[{\"@type\":\"SearchAction\",\"target\":{\"@type\":\"EntryPoint\",\"urlTemplate\":\"https:\/\/www.simasa.com\/fr\/?s={search_term_string}\"},\"query-input\":{\"@type\":\"PropertyValueSpecification\",\"valueRequired\":true,\"valueName\":\"search_term_string\"}}],\"inLanguage\":\"fr-FR\"},{\"@type\":\"Organization\",\"@id\":\"https:\/\/www.simasa.com\/fr\/#organization\",\"name\":\"Sima\",\"url\":\"https:\/\/www.simasa.com\/fr\/\",\"logo\":{\"@type\":\"ImageObject\",\"inLanguage\":\"fr-FR\",\"@id\":\"https:\/\/www.simasa.com\/fr\/#\/schema\/logo\/image\/\",\"url\":\"https:\/\/www.simasa.com\/wp-content\/uploads\/2016\/03\/logo-1.jpg\",\"contentUrl\":\"https:\/\/www.simasa.com\/wp-content\/uploads\/2016\/03\/logo-1.jpg\",\"width\":121,\"height\":54,\"caption\":\"Sima\"},\"image\":{\"@id\":\"https:\/\/www.simasa.com\/fr\/#\/schema\/logo\/image\/\"}}]}<\/script>\n<!-- \/ Yoast SEO plugin. -->","yoast_head_json":{"title":"- Magnum 700 | Sima","description":"Magnum 700. La\u00a0MAGNUM 700 est robuste et capable de\u00a0couper des pi\u00e8ces de grande dimension telles\u00a0que la brique, le b\u00e9ton et autres mat\u00e9riaux de\u00a0construction.","robots":{"index":"noindex","follow":"follow"},"og_locale":"fr_FR","og_type":"article","og_title":"- Magnum 700 | Sima","og_description":"Magnum 700. La\u00a0MAGNUM 700 est robuste et capable de\u00a0couper des pi\u00e8ces de grande dimension telles\u00a0que la brique, le b\u00e9ton et autres mat\u00e9riaux de\u00a0construction.","og_url":"https:\/\/www.simasa.com\/fr\/producto\/magnum-700\/","og_site_name":"Sima","article_modified_time":"2017-12-25T16:05:24+00:00","og_image":[{"width":800,"height":800,"url":"https:\/\/www.simasa.com\/wp-content\/uploads\/2016\/03\/mesa-de-corte-humedo-sima-magnum-700.jpg","type":"image\/jpeg"}],"twitter_card":"summary_large_image","twitter_misc":{"Dur\u00e9e de lecture estim\u00e9e":"2 minutes"},"schema":{"@context":"https:\/\/schema.org","@graph":[{"@type":"WebPage","@id":"https:\/\/www.simasa.com\/fr\/producto\/magnum-700\/","url":"https:\/\/www.simasa.com\/fr\/producto\/magnum-700\/","name":"- Magnum 700 | Sima","isPartOf":{"@id":"https:\/\/www.simasa.com\/fr\/#website"},"primaryImageOfPage":{"@id":"https:\/\/www.simasa.com\/fr\/producto\/magnum-700\/#primaryimage"},"image":{"@id":"https:\/\/www.simasa.com\/fr\/producto\/magnum-700\/#primaryimage"},"thumbnailUrl":"https:\/\/www.simasa.com\/wp-content\/uploads\/2016\/03\/mesa-de-corte-humedo-sima-magnum-700.jpg","datePublished":"2017-05-10T16:49:45+00:00","dateModified":"2017-12-25T16:05:24+00:00","description":"Magnum 700. La\u00a0MAGNUM 700 est robuste et capable de\u00a0couper des pi\u00e8ces de grande dimension telles\u00a0que la brique, le b\u00e9ton et autres mat\u00e9riaux de\u00a0construction.","breadcrumb":{"@id":"https:\/\/www.simasa.com\/fr\/producto\/magnum-700\/#breadcrumb"},"inLanguage":"fr-FR","potentialAction":[{"@type":"ReadAction","target":["https:\/\/www.simasa.com\/fr\/producto\/magnum-700\/"]}]},{"@type":"ImageObject","inLanguage":"fr-FR","@id":"https:\/\/www.simasa.com\/fr\/producto\/magnum-700\/#primaryimage","url":"https:\/\/www.simasa.com\/wp-content\/uploads\/2016\/03\/mesa-de-corte-humedo-sima-magnum-700.jpg","contentUrl":"https:\/\/www.simasa.com\/wp-content\/uploads\/2016\/03\/mesa-de-corte-humedo-sima-magnum-700.jpg","width":800,"height":800},{"@type":"BreadcrumbList","@id":"https:\/\/www.simasa.com\/fr\/producto\/magnum-700\/#breadcrumb","itemListElement":[{"@type":"ListItem","position":1,"name":"Inicio","item":"https:\/\/www.simasa.com\/fr\/"},{"@type":"ListItem","position":2,"name":"Catalogue","item":"https:\/\/www.simasa.com\/cat-sima\/"},{"@type":"ListItem","position":3,"name":"Magnum 700"}]},{"@type":"WebSite","@id":"https:\/\/www.simasa.com\/fr\/#website","url":"https:\/\/www.simasa.com\/fr\/","name":"Sima","description":"Fabricantes de maquinaria para la construcci\u00f3n","publisher":{"@id":"https:\/\/www.simasa.com\/fr\/#organization"},"potentialAction":[{"@type":"SearchAction","target":{"@type":"EntryPoint","urlTemplate":"https:\/\/www.simasa.com\/fr\/?s={search_term_string}"},"query-input":{"@type":"PropertyValueSpecification","valueRequired":true,"valueName":"search_term_string"}}],"inLanguage":"fr-FR"},{"@type":"Organization","@id":"https:\/\/www.simasa.com\/fr\/#organization","name":"Sima","url":"https:\/\/www.simasa.com\/fr\/","logo":{"@type":"ImageObject","inLanguage":"fr-FR","@id":"https:\/\/www.simasa.com\/fr\/#\/schema\/logo\/image\/","url":"https:\/\/www.simasa.com\/wp-content\/uploads\/2016\/03\/logo-1.jpg","contentUrl":"https:\/\/www.simasa.com\/wp-content\/uploads\/2016\/03\/logo-1.jpg","width":121,"height":54,"caption":"Sima"},"image":{"@id":"https:\/\/www.simasa.com\/fr\/#\/schema\/logo\/image\/"}}]}},"_links":{"self":[{"href":"https:\/\/www.simasa.com\/fr\/wp-json\/wp\/v2\/product\/5418","targetHints":{"allow":["GET"]}}],"collection":[{"href":"https:\/\/www.simasa.com\/fr\/wp-json\/wp\/v2\/product"}],"about":[{"href":"https:\/\/www.simasa.com\/fr\/wp-json\/wp\/v2\/types\/product"}],"replies":[{"embeddable":true,"href":"https:\/\/www.simasa.com\/fr\/wp-json\/wp\/v2\/comments?post=5418"}],"wp:featuredmedia":[{"embeddable":true,"href":"https:\/\/www.simasa.com\/fr\/wp-json\/wp\/v2\/media\/5301"}],"wp:attachment":[{"href":"https:\/\/www.simasa.com\/fr\/wp-json\/wp\/v2\/media?parent=5418"}],"wp:term":[{"taxonomy":"product_brand","embeddable":true,"href":"https:\/\/www.simasa.com\/fr\/wp-json\/wp\/v2\/product_brand?post=5418"},{"taxonomy":"product_cat","embeddable":true,"href":"https:\/\/www.simasa.com\/fr\/wp-json\/wp\/v2\/product_cat?post=5418"},{"taxonomy":"product_tag","embeddable":true,"href":"https:\/\/www.simasa.com\/fr\/wp-json\/wp\/v2\/product_tag?post=5418"}],"curies":[{"name":"wp","href":"https:\/\/api.w.org\/{rel}","templated":true}]}}