{"id":2884,"date":"2016-04-28T08:11:01","date_gmt":"2016-04-28T08:11:01","guid":{"rendered":"https:\/\/www.simasa.com\/fr\/product\/cat-202-400v-50-60hz-t\/"},"modified":"2025-10-30T16:56:12","modified_gmt":"2025-10-30T15:56:12","slug":"cat-202","status":"publish","type":"product","link":"https:\/\/www.simasa.com\/fr\/producto\/cat-202\/","title":{"rendered":"CAT 202"},"content":{"rendered":"<p><em>Machine professionnelle, l\u00e9g\u00e8re et facile \u00e0 manier<\/em>. (pr\u00e9conis\u00e9e pour la location).<\/p>\n<p>Id\u00e9ale pour:<\/p>\n<ul>\n<li>raboter<\/li>\n<li>grapiller<\/li>\n<li>d\u00e9cortiquer<\/li>\n<li>strier<\/li>\n<li>exfolier des petites et moyennes surfaces en <strong>b\u00e9ton ou en asphalte ainsi que toute autre surface d\u00b4une grande duret\u00e9<\/strong>.<\/li>\n<\/ul>\n<p><strong>Profondeur de rabotage r\u00e9glable<\/strong> par volant. Dispositif rapide de levage du tambour <strong>pour \u00e9viter les accidents<\/strong> et permettre le d\u00e9placement de la machine en marche.<\/p>\n<p>Molettes r\u00e9sistantes, carbure six pointes en acier sp\u00e9cial de\u00a0duret\u00e9 <em>58\/60 HRC<\/em>.<\/p>\n<p>Il est conseill\u00e9 d\u2019utiliser un aspirateur \u00e0 poussi\u00e8re (buse\u00a0d\u2019aspiration incluse sur rabot).<\/p>\n<p><img loading=\"lazy\" decoding=\"async\" class=\"alignnone size-full wp-image-12475\" src=\"https:\/\/www.simasa.com\/wp-content\/uploads\/2025\/10\/CAT-202-Catact.-FR.jpg\" alt=\"\" width=\"862\" height=\"662\" \/><\/p>\n<p><iframe loading=\"lazy\" src=\"https:\/\/www.youtube.com\/embed\/UNQ3uGr15Ns\" width=\"862\" height=\"662\" frameborder=\"0\" allowfullscreen=\"allowfullscreen\"><\/iframe><\/p>\n<p>&nbsp;<\/p>\n","protected":false},"excerpt":{"rendered":"<p>La machine professionnelle <strong>CAT 202<\/strong> est l\u00e9g\u00e8re et facile \u00e0 manier. (pr\u00e9conis\u00e9e pour la location).<\/p>\n","protected":false},"featured_media":6891,"comment_status":"open","ping_status":"closed","template":"","meta":{"_acf_changed":false},"product_brand":[],"product_cat":[1815],"product_tag":[],"class_list":{"0":"post-2884","1":"product","2":"type-product","3":"status-publish","4":"has-post-thumbnail","6":"product_cat-rabot_beton","7":"pa_power-electriques","8":"pa_power-essence","10":"first","11":"instock","12":"shipping-taxable","13":"product-type-simple"},"acf":[],"yoast_head":"<!-- This site is optimized with the Yoast SEO plugin v27.2 - https:\/\/yoast.com\/product\/yoast-seo-wordpress\/ -->\n<title>- CAT 202 | Sima<\/title>\n<meta name=\"description\" content=\"CAT 202. La machine professionnelle CAT 202 est l\u00e9g\u00e8re et facile \u00e0 manier. (pr\u00e9conis\u00e9e pour la location).\" \/>\n<meta name=\"robots\" content=\"noindex, follow\" \/>\n<meta property=\"og:locale\" content=\"fr_FR\" \/>\n<meta property=\"og:type\" content=\"article\" \/>\n<meta property=\"og:title\" content=\"- CAT 202 | Sima\" \/>\n<meta property=\"og:description\" content=\"CAT 202. La machine professionnelle CAT 202 est l\u00e9g\u00e8re et facile \u00e0 manier. (pr\u00e9conis\u00e9e pour la location).\" \/>\n<meta property=\"og:url\" content=\"https:\/\/www.simasa.com\/fr\/producto\/cat-202\/\" \/>\n<meta property=\"og:site_name\" content=\"Sima\" \/>\n<meta property=\"article:modified_time\" content=\"2025-10-30T15:56:12+00:00\" \/>\n<meta property=\"og:image\" content=\"https:\/\/www.simasa.com\/wp-content\/uploads\/2016\/04\/cat202.jpg\" \/>\n\t<meta property=\"og:image:width\" content=\"800\" \/>\n\t<meta property=\"og:image:height\" content=\"800\" \/>\n\t<meta property=\"og:image:type\" content=\"image\/jpeg\" \/>\n<meta name=\"twitter:card\" content=\"summary_large_image\" \/>\n<meta name=\"twitter:label1\" content=\"Dur\u00e9e de lecture estim\u00e9e\" \/>\n\t<meta name=\"twitter:data1\" content=\"1 minute\" \/>\n<script type=\"application\/ld+json\" class=\"yoast-schema-graph\">{\"@context\":\"https:\/\/schema.org\",\"@graph\":[{\"@type\":\"WebPage\",\"@id\":\"https:\/\/www.simasa.com\/fr\/producto\/cat-202\/\",\"url\":\"https:\/\/www.simasa.com\/fr\/producto\/cat-202\/\",\"name\":\"- CAT 202 | Sima\",\"isPartOf\":{\"@id\":\"https:\/\/www.simasa.com\/fr\/#website\"},\"primaryImageOfPage\":{\"@id\":\"https:\/\/www.simasa.com\/fr\/producto\/cat-202\/#primaryimage\"},\"image\":{\"@id\":\"https:\/\/www.simasa.com\/fr\/producto\/cat-202\/#primaryimage\"},\"thumbnailUrl\":\"https:\/\/www.simasa.com\/wp-content\/uploads\/2016\/04\/cat202.jpg\",\"datePublished\":\"2016-04-28T08:11:01+00:00\",\"dateModified\":\"2025-10-30T15:56:12+00:00\",\"description\":\"CAT 202. La machine professionnelle CAT 202 est l\u00e9g\u00e8re et facile \u00e0 manier. (pr\u00e9conis\u00e9e pour la location).\",\"breadcrumb\":{\"@id\":\"https:\/\/www.simasa.com\/fr\/producto\/cat-202\/#breadcrumb\"},\"inLanguage\":\"fr-FR\",\"potentialAction\":[{\"@type\":\"ReadAction\",\"target\":[\"https:\/\/www.simasa.com\/fr\/producto\/cat-202\/\"]}]},{\"@type\":\"ImageObject\",\"inLanguage\":\"fr-FR\",\"@id\":\"https:\/\/www.simasa.com\/fr\/producto\/cat-202\/#primaryimage\",\"url\":\"https:\/\/www.simasa.com\/wp-content\/uploads\/2016\/04\/cat202.jpg\",\"contentUrl\":\"https:\/\/www.simasa.com\/wp-content\/uploads\/2016\/04\/cat202.jpg\",\"width\":800,\"height\":800},{\"@type\":\"BreadcrumbList\",\"@id\":\"https:\/\/www.simasa.com\/fr\/producto\/cat-202\/#breadcrumb\",\"itemListElement\":[{\"@type\":\"ListItem\",\"position\":1,\"name\":\"Inicio\",\"item\":\"https:\/\/www.simasa.com\/fr\/\"},{\"@type\":\"ListItem\",\"position\":2,\"name\":\"Catalogue\",\"item\":\"https:\/\/www.simasa.com\/cat-sima\/\"},{\"@type\":\"ListItem\",\"position\":3,\"name\":\"CAT 202\"}]},{\"@type\":\"WebSite\",\"@id\":\"https:\/\/www.simasa.com\/fr\/#website\",\"url\":\"https:\/\/www.simasa.com\/fr\/\",\"name\":\"Sima\",\"description\":\"Fabricantes de maquinaria para la construcci\u00f3n\",\"publisher\":{\"@id\":\"https:\/\/www.simasa.com\/fr\/#organization\"},\"potentialAction\":[{\"@type\":\"SearchAction\",\"target\":{\"@type\":\"EntryPoint\",\"urlTemplate\":\"https:\/\/www.simasa.com\/fr\/?s={search_term_string}\"},\"query-input\":{\"@type\":\"PropertyValueSpecification\",\"valueRequired\":true,\"valueName\":\"search_term_string\"}}],\"inLanguage\":\"fr-FR\"},{\"@type\":\"Organization\",\"@id\":\"https:\/\/www.simasa.com\/fr\/#organization\",\"name\":\"Sima\",\"url\":\"https:\/\/www.simasa.com\/fr\/\",\"logo\":{\"@type\":\"ImageObject\",\"inLanguage\":\"fr-FR\",\"@id\":\"https:\/\/www.simasa.com\/fr\/#\/schema\/logo\/image\/\",\"url\":\"https:\/\/www.simasa.com\/wp-content\/uploads\/2016\/03\/logo-1.jpg\",\"contentUrl\":\"https:\/\/www.simasa.com\/wp-content\/uploads\/2016\/03\/logo-1.jpg\",\"width\":121,\"height\":54,\"caption\":\"Sima\"},\"image\":{\"@id\":\"https:\/\/www.simasa.com\/fr\/#\/schema\/logo\/image\/\"}}]}<\/script>\n<!-- \/ Yoast SEO plugin. -->","yoast_head_json":{"title":"- CAT 202 | Sima","description":"CAT 202. La machine professionnelle CAT 202 est l\u00e9g\u00e8re et facile \u00e0 manier. (pr\u00e9conis\u00e9e pour la location).","robots":{"index":"noindex","follow":"follow"},"og_locale":"fr_FR","og_type":"article","og_title":"- CAT 202 | Sima","og_description":"CAT 202. La machine professionnelle CAT 202 est l\u00e9g\u00e8re et facile \u00e0 manier. (pr\u00e9conis\u00e9e pour la location).","og_url":"https:\/\/www.simasa.com\/fr\/producto\/cat-202\/","og_site_name":"Sima","article_modified_time":"2025-10-30T15:56:12+00:00","og_image":[{"width":800,"height":800,"url":"https:\/\/www.simasa.com\/wp-content\/uploads\/2016\/04\/cat202.jpg","type":"image\/jpeg"}],"twitter_card":"summary_large_image","twitter_misc":{"Dur\u00e9e de lecture estim\u00e9e":"1 minute"},"schema":{"@context":"https:\/\/schema.org","@graph":[{"@type":"WebPage","@id":"https:\/\/www.simasa.com\/fr\/producto\/cat-202\/","url":"https:\/\/www.simasa.com\/fr\/producto\/cat-202\/","name":"- CAT 202 | Sima","isPartOf":{"@id":"https:\/\/www.simasa.com\/fr\/#website"},"primaryImageOfPage":{"@id":"https:\/\/www.simasa.com\/fr\/producto\/cat-202\/#primaryimage"},"image":{"@id":"https:\/\/www.simasa.com\/fr\/producto\/cat-202\/#primaryimage"},"thumbnailUrl":"https:\/\/www.simasa.com\/wp-content\/uploads\/2016\/04\/cat202.jpg","datePublished":"2016-04-28T08:11:01+00:00","dateModified":"2025-10-30T15:56:12+00:00","description":"CAT 202. La machine professionnelle CAT 202 est l\u00e9g\u00e8re et facile \u00e0 manier. (pr\u00e9conis\u00e9e pour la location).","breadcrumb":{"@id":"https:\/\/www.simasa.com\/fr\/producto\/cat-202\/#breadcrumb"},"inLanguage":"fr-FR","potentialAction":[{"@type":"ReadAction","target":["https:\/\/www.simasa.com\/fr\/producto\/cat-202\/"]}]},{"@type":"ImageObject","inLanguage":"fr-FR","@id":"https:\/\/www.simasa.com\/fr\/producto\/cat-202\/#primaryimage","url":"https:\/\/www.simasa.com\/wp-content\/uploads\/2016\/04\/cat202.jpg","contentUrl":"https:\/\/www.simasa.com\/wp-content\/uploads\/2016\/04\/cat202.jpg","width":800,"height":800},{"@type":"BreadcrumbList","@id":"https:\/\/www.simasa.com\/fr\/producto\/cat-202\/#breadcrumb","itemListElement":[{"@type":"ListItem","position":1,"name":"Inicio","item":"https:\/\/www.simasa.com\/fr\/"},{"@type":"ListItem","position":2,"name":"Catalogue","item":"https:\/\/www.simasa.com\/cat-sima\/"},{"@type":"ListItem","position":3,"name":"CAT 202"}]},{"@type":"WebSite","@id":"https:\/\/www.simasa.com\/fr\/#website","url":"https:\/\/www.simasa.com\/fr\/","name":"Sima","description":"Fabricantes de maquinaria para la construcci\u00f3n","publisher":{"@id":"https:\/\/www.simasa.com\/fr\/#organization"},"potentialAction":[{"@type":"SearchAction","target":{"@type":"EntryPoint","urlTemplate":"https:\/\/www.simasa.com\/fr\/?s={search_term_string}"},"query-input":{"@type":"PropertyValueSpecification","valueRequired":true,"valueName":"search_term_string"}}],"inLanguage":"fr-FR"},{"@type":"Organization","@id":"https:\/\/www.simasa.com\/fr\/#organization","name":"Sima","url":"https:\/\/www.simasa.com\/fr\/","logo":{"@type":"ImageObject","inLanguage":"fr-FR","@id":"https:\/\/www.simasa.com\/fr\/#\/schema\/logo\/image\/","url":"https:\/\/www.simasa.com\/wp-content\/uploads\/2016\/03\/logo-1.jpg","contentUrl":"https:\/\/www.simasa.com\/wp-content\/uploads\/2016\/03\/logo-1.jpg","width":121,"height":54,"caption":"Sima"},"image":{"@id":"https:\/\/www.simasa.com\/fr\/#\/schema\/logo\/image\/"}}]}},"_links":{"self":[{"href":"https:\/\/www.simasa.com\/fr\/wp-json\/wp\/v2\/product\/2884","targetHints":{"allow":["GET"]}}],"collection":[{"href":"https:\/\/www.simasa.com\/fr\/wp-json\/wp\/v2\/product"}],"about":[{"href":"https:\/\/www.simasa.com\/fr\/wp-json\/wp\/v2\/types\/product"}],"replies":[{"embeddable":true,"href":"https:\/\/www.simasa.com\/fr\/wp-json\/wp\/v2\/comments?post=2884"}],"wp:featuredmedia":[{"embeddable":true,"href":"https:\/\/www.simasa.com\/fr\/wp-json\/wp\/v2\/media\/6891"}],"wp:attachment":[{"href":"https:\/\/www.simasa.com\/fr\/wp-json\/wp\/v2\/media?parent=2884"}],"wp:term":[{"taxonomy":"product_brand","embeddable":true,"href":"https:\/\/www.simasa.com\/fr\/wp-json\/wp\/v2\/product_brand?post=2884"},{"taxonomy":"product_cat","embeddable":true,"href":"https:\/\/www.simasa.com\/fr\/wp-json\/wp\/v2\/product_cat?post=2884"},{"taxonomy":"product_tag","embeddable":true,"href":"https:\/\/www.simasa.com\/fr\/wp-json\/wp\/v2\/product_tag?post=2884"}],"curies":[{"name":"wp","href":"https:\/\/api.w.org\/{rel}","templated":true}]}}