{"id":2862,"date":"2016-04-28T07:12:25","date_gmt":"2016-04-28T07:12:25","guid":{"rendered":"https:\/\/www.simasa.com\/fr\/product\/columnas-rig-3\/"},"modified":"2017-12-26T11:39:46","modified_gmt":"2017-12-26T11:39:46","slug":"rig-3","status":"publish","type":"product","link":"https:\/\/www.simasa.com\/fr\/producto\/rig-3\/","title":{"rendered":"RIG 3"},"content":{"rendered":"<p>Nous proposons deux types de colonnes, <strong>en aluminium anodis\u00e9,\u00a0robustes et avec base tubulaire<\/strong>.<\/p>\n<ul>\n<li>40 x 40 x 3 mm pour la RIG 3<\/li>\n<li>50 x 50 x 3 mm pour la RIG 5.<\/li>\n<li>Dot\u00e9e de roues prismatiques anti-jeu.<\/li>\n<li>Centreur de couronne de carottage.<\/li>\n<li>Syst\u00e8me anti-renversement sur la base et les roues de transport.<\/li>\n<li>Colonne pr\u00e9par\u00e9e pour la mise en place d&rsquo; une pompe \u00e0 vide.<\/li>\n<\/ul>\n<p><img loading=\"lazy\" decoding=\"async\" class=\"alignnone wp-image-8308 size-full\" src=\"https:\/\/www.simasa.com\/wp-content\/uploads\/2017\/12\/tabla-rig-fr.jpg\" alt=\"\" width=\"1121\" height=\"135\" srcset=\"https:\/\/www.simasa.com\/wp-content\/uploads\/2017\/12\/tabla-rig-fr.jpg 1121w, https:\/\/www.simasa.com\/wp-content\/uploads\/2017\/12\/tabla-rig-fr-416x50.jpg 416w\" sizes=\"auto, (max-width: 1121px) 100vw, 1121px\" \/><\/p>\n<p>&nbsp;<\/p>\n<p><img loading=\"lazy\" decoding=\"async\" class=\"alignnone wp-image-8292 size-full\" src=\"https:\/\/www.simasa.com\/wp-content\/uploads\/2017\/12\/avantages-rig.jpg\" alt=\"\" width=\"1121\" height=\"273\" srcset=\"https:\/\/www.simasa.com\/wp-content\/uploads\/2017\/12\/avantages-rig.jpg 1121w, https:\/\/www.simasa.com\/wp-content\/uploads\/2017\/12\/avantages-rig-416x101.jpg 416w\" sizes=\"auto, (max-width: 1121px) 100vw, 1121px\" \/><\/p>\n","protected":false},"excerpt":{"rendered":"<p><strong>RIG 3 <\/strong>et <strong>RIG 5<\/strong>\u00a0 deux types de colonnes, en aluminium anodis\u00e9, robustes et avec base tubulaire.<\/p>\n<p>&nbsp;<\/p>\n","protected":false},"featured_media":6847,"comment_status":"open","ping_status":"closed","template":"","meta":{"_acf_changed":false},"product_brand":[],"product_cat":[1816],"product_tag":[],"class_list":{"0":"post-2862","1":"product","2":"type-product","3":"status-publish","4":"has-post-thumbnail","6":"product_cat-carotteuse","7":"pa_max-drilling-diameter-3953","9":"first","10":"instock","11":"shipping-taxable","12":"product-type-simple"},"acf":[],"yoast_head":"<!-- This site is optimized with the Yoast SEO plugin v27.2 - https:\/\/yoast.com\/product\/yoast-seo-wordpress\/ -->\n<title>- RIG 3 | Sima<\/title>\n<meta name=\"description\" content=\"RIG 3. RIG 3 et RIG 5\u00a0 deux types de colonnes, en aluminium anodis\u00e9, robustes et avec base tubulaire.  &nbsp;\" \/>\n<meta name=\"robots\" content=\"noindex, follow\" \/>\n<meta property=\"og:locale\" content=\"fr_FR\" \/>\n<meta property=\"og:type\" content=\"article\" \/>\n<meta property=\"og:title\" content=\"- RIG 3 | Sima\" \/>\n<meta property=\"og:description\" content=\"RIG 3. RIG 3 et RIG 5\u00a0 deux types de colonnes, en aluminium anodis\u00e9, robustes et avec base tubulaire.  &nbsp;\" \/>\n<meta property=\"og:url\" content=\"https:\/\/www.simasa.com\/fr\/producto\/rig-3\/\" \/>\n<meta property=\"og:site_name\" content=\"Sima\" \/>\n<meta property=\"article:modified_time\" content=\"2017-12-26T11:39:46+00:00\" \/>\n<meta property=\"og:image\" content=\"https:\/\/www.simasa.com\/wp-content\/uploads\/2016\/04\/COLUMNA-RIG.jpg\" \/>\n\t<meta property=\"og:image:width\" content=\"800\" \/>\n\t<meta property=\"og:image:height\" content=\"799\" \/>\n\t<meta property=\"og:image:type\" content=\"image\/jpeg\" \/>\n<meta name=\"twitter:card\" content=\"summary_large_image\" \/>\n<script type=\"application\/ld+json\" class=\"yoast-schema-graph\">{\"@context\":\"https:\/\/schema.org\",\"@graph\":[{\"@type\":\"WebPage\",\"@id\":\"https:\/\/www.simasa.com\/fr\/producto\/rig-3\/\",\"url\":\"https:\/\/www.simasa.com\/fr\/producto\/rig-3\/\",\"name\":\"- RIG 3 | Sima\",\"isPartOf\":{\"@id\":\"https:\/\/www.simasa.com\/fr\/#website\"},\"primaryImageOfPage\":{\"@id\":\"https:\/\/www.simasa.com\/fr\/producto\/rig-3\/#primaryimage\"},\"image\":{\"@id\":\"https:\/\/www.simasa.com\/fr\/producto\/rig-3\/#primaryimage\"},\"thumbnailUrl\":\"https:\/\/www.simasa.com\/wp-content\/uploads\/2016\/04\/COLUMNA-RIG.jpg\",\"datePublished\":\"2016-04-28T07:12:25+00:00\",\"dateModified\":\"2017-12-26T11:39:46+00:00\",\"description\":\"RIG 3. RIG 3 et RIG 5\u00a0 deux types de colonnes, en aluminium anodis\u00e9, robustes et avec base tubulaire. &nbsp;\",\"breadcrumb\":{\"@id\":\"https:\/\/www.simasa.com\/fr\/producto\/rig-3\/#breadcrumb\"},\"inLanguage\":\"fr-FR\",\"potentialAction\":[{\"@type\":\"ReadAction\",\"target\":[\"https:\/\/www.simasa.com\/fr\/producto\/rig-3\/\"]}]},{\"@type\":\"ImageObject\",\"inLanguage\":\"fr-FR\",\"@id\":\"https:\/\/www.simasa.com\/fr\/producto\/rig-3\/#primaryimage\",\"url\":\"https:\/\/www.simasa.com\/wp-content\/uploads\/2016\/04\/COLUMNA-RIG.jpg\",\"contentUrl\":\"https:\/\/www.simasa.com\/wp-content\/uploads\/2016\/04\/COLUMNA-RIG.jpg\",\"width\":800,\"height\":799},{\"@type\":\"BreadcrumbList\",\"@id\":\"https:\/\/www.simasa.com\/fr\/producto\/rig-3\/#breadcrumb\",\"itemListElement\":[{\"@type\":\"ListItem\",\"position\":1,\"name\":\"Inicio\",\"item\":\"https:\/\/www.simasa.com\/fr\/\"},{\"@type\":\"ListItem\",\"position\":2,\"name\":\"Catalogue\",\"item\":\"https:\/\/www.simasa.com\/cat-sima\/\"},{\"@type\":\"ListItem\",\"position\":3,\"name\":\"RIG 3\"}]},{\"@type\":\"WebSite\",\"@id\":\"https:\/\/www.simasa.com\/fr\/#website\",\"url\":\"https:\/\/www.simasa.com\/fr\/\",\"name\":\"Sima\",\"description\":\"Fabricantes de maquinaria para la construcci\u00f3n\",\"publisher\":{\"@id\":\"https:\/\/www.simasa.com\/fr\/#organization\"},\"potentialAction\":[{\"@type\":\"SearchAction\",\"target\":{\"@type\":\"EntryPoint\",\"urlTemplate\":\"https:\/\/www.simasa.com\/fr\/?s={search_term_string}\"},\"query-input\":{\"@type\":\"PropertyValueSpecification\",\"valueRequired\":true,\"valueName\":\"search_term_string\"}}],\"inLanguage\":\"fr-FR\"},{\"@type\":\"Organization\",\"@id\":\"https:\/\/www.simasa.com\/fr\/#organization\",\"name\":\"Sima\",\"url\":\"https:\/\/www.simasa.com\/fr\/\",\"logo\":{\"@type\":\"ImageObject\",\"inLanguage\":\"fr-FR\",\"@id\":\"https:\/\/www.simasa.com\/fr\/#\/schema\/logo\/image\/\",\"url\":\"https:\/\/www.simasa.com\/wp-content\/uploads\/2016\/03\/logo-1.jpg\",\"contentUrl\":\"https:\/\/www.simasa.com\/wp-content\/uploads\/2016\/03\/logo-1.jpg\",\"width\":121,\"height\":54,\"caption\":\"Sima\"},\"image\":{\"@id\":\"https:\/\/www.simasa.com\/fr\/#\/schema\/logo\/image\/\"}}]}<\/script>\n<!-- \/ Yoast SEO plugin. -->","yoast_head_json":{"title":"- RIG 3 | Sima","description":"RIG 3. RIG 3 et RIG 5\u00a0 deux types de colonnes, en aluminium anodis\u00e9, robustes et avec base tubulaire.  &nbsp;","robots":{"index":"noindex","follow":"follow"},"og_locale":"fr_FR","og_type":"article","og_title":"- RIG 3 | Sima","og_description":"RIG 3. RIG 3 et RIG 5\u00a0 deux types de colonnes, en aluminium anodis\u00e9, robustes et avec base tubulaire.  &nbsp;","og_url":"https:\/\/www.simasa.com\/fr\/producto\/rig-3\/","og_site_name":"Sima","article_modified_time":"2017-12-26T11:39:46+00:00","og_image":[{"width":800,"height":799,"url":"https:\/\/www.simasa.com\/wp-content\/uploads\/2016\/04\/COLUMNA-RIG.jpg","type":"image\/jpeg"}],"twitter_card":"summary_large_image","schema":{"@context":"https:\/\/schema.org","@graph":[{"@type":"WebPage","@id":"https:\/\/www.simasa.com\/fr\/producto\/rig-3\/","url":"https:\/\/www.simasa.com\/fr\/producto\/rig-3\/","name":"- RIG 3 | Sima","isPartOf":{"@id":"https:\/\/www.simasa.com\/fr\/#website"},"primaryImageOfPage":{"@id":"https:\/\/www.simasa.com\/fr\/producto\/rig-3\/#primaryimage"},"image":{"@id":"https:\/\/www.simasa.com\/fr\/producto\/rig-3\/#primaryimage"},"thumbnailUrl":"https:\/\/www.simasa.com\/wp-content\/uploads\/2016\/04\/COLUMNA-RIG.jpg","datePublished":"2016-04-28T07:12:25+00:00","dateModified":"2017-12-26T11:39:46+00:00","description":"RIG 3. RIG 3 et RIG 5\u00a0 deux types de colonnes, en aluminium anodis\u00e9, robustes et avec base tubulaire. &nbsp;","breadcrumb":{"@id":"https:\/\/www.simasa.com\/fr\/producto\/rig-3\/#breadcrumb"},"inLanguage":"fr-FR","potentialAction":[{"@type":"ReadAction","target":["https:\/\/www.simasa.com\/fr\/producto\/rig-3\/"]}]},{"@type":"ImageObject","inLanguage":"fr-FR","@id":"https:\/\/www.simasa.com\/fr\/producto\/rig-3\/#primaryimage","url":"https:\/\/www.simasa.com\/wp-content\/uploads\/2016\/04\/COLUMNA-RIG.jpg","contentUrl":"https:\/\/www.simasa.com\/wp-content\/uploads\/2016\/04\/COLUMNA-RIG.jpg","width":800,"height":799},{"@type":"BreadcrumbList","@id":"https:\/\/www.simasa.com\/fr\/producto\/rig-3\/#breadcrumb","itemListElement":[{"@type":"ListItem","position":1,"name":"Inicio","item":"https:\/\/www.simasa.com\/fr\/"},{"@type":"ListItem","position":2,"name":"Catalogue","item":"https:\/\/www.simasa.com\/cat-sima\/"},{"@type":"ListItem","position":3,"name":"RIG 3"}]},{"@type":"WebSite","@id":"https:\/\/www.simasa.com\/fr\/#website","url":"https:\/\/www.simasa.com\/fr\/","name":"Sima","description":"Fabricantes de maquinaria para la construcci\u00f3n","publisher":{"@id":"https:\/\/www.simasa.com\/fr\/#organization"},"potentialAction":[{"@type":"SearchAction","target":{"@type":"EntryPoint","urlTemplate":"https:\/\/www.simasa.com\/fr\/?s={search_term_string}"},"query-input":{"@type":"PropertyValueSpecification","valueRequired":true,"valueName":"search_term_string"}}],"inLanguage":"fr-FR"},{"@type":"Organization","@id":"https:\/\/www.simasa.com\/fr\/#organization","name":"Sima","url":"https:\/\/www.simasa.com\/fr\/","logo":{"@type":"ImageObject","inLanguage":"fr-FR","@id":"https:\/\/www.simasa.com\/fr\/#\/schema\/logo\/image\/","url":"https:\/\/www.simasa.com\/wp-content\/uploads\/2016\/03\/logo-1.jpg","contentUrl":"https:\/\/www.simasa.com\/wp-content\/uploads\/2016\/03\/logo-1.jpg","width":121,"height":54,"caption":"Sima"},"image":{"@id":"https:\/\/www.simasa.com\/fr\/#\/schema\/logo\/image\/"}}]}},"_links":{"self":[{"href":"https:\/\/www.simasa.com\/fr\/wp-json\/wp\/v2\/product\/2862","targetHints":{"allow":["GET"]}}],"collection":[{"href":"https:\/\/www.simasa.com\/fr\/wp-json\/wp\/v2\/product"}],"about":[{"href":"https:\/\/www.simasa.com\/fr\/wp-json\/wp\/v2\/types\/product"}],"replies":[{"embeddable":true,"href":"https:\/\/www.simasa.com\/fr\/wp-json\/wp\/v2\/comments?post=2862"}],"wp:featuredmedia":[{"embeddable":true,"href":"https:\/\/www.simasa.com\/fr\/wp-json\/wp\/v2\/media\/6847"}],"wp:attachment":[{"href":"https:\/\/www.simasa.com\/fr\/wp-json\/wp\/v2\/media?parent=2862"}],"wp:term":[{"taxonomy":"product_brand","embeddable":true,"href":"https:\/\/www.simasa.com\/fr\/wp-json\/wp\/v2\/product_brand?post=2862"},{"taxonomy":"product_cat","embeddable":true,"href":"https:\/\/www.simasa.com\/fr\/wp-json\/wp\/v2\/product_cat?post=2862"},{"taxonomy":"product_tag","embeddable":true,"href":"https:\/\/www.simasa.com\/fr\/wp-json\/wp\/v2\/product_tag?post=2862"}],"curies":[{"name":"wp","href":"https:\/\/api.w.org\/{rel}","templated":true}]}}