{"id":2859,"date":"2016-04-28T06:33:21","date_gmt":"2016-04-28T06:33:21","guid":{"rendered":"https:\/\/www.simasa.com\/fr\/product\/perforadora-drill-9\/"},"modified":"2017-12-26T11:31:24","modified_gmt":"2017-12-26T11:31:24","slug":"perforadora-drill-9","status":"publish","type":"product","link":"https:\/\/www.simasa.com\/fr\/producto\/perforadora-drill-9\/","title":{"rendered":"DRILL-9"},"content":{"rendered":"<p>Avec s\u00e9lecteur de vitesse m\u00e9canique <strong>\u00e0 trois vitesses<\/strong> et syst\u00e8me de pr\u00e9vention de chocs \u00e9lectriques \u00e0 l&rsquo;op\u00e9rateur (c\u00e2ble d&rsquo;\u00a0alimentation de s\u00e9curit\u00e9 PRCD fourni).<\/p>\n<p>Le embrayage est m\u00e9canique et avec disque de friction<strong> pour d\u00e9bloquer le\u00a0moteur en cas de couronne coinc\u00e9e<\/strong>\u00a0et les engrennages trait\u00e9s thermiquement pour <strong>plus de r\u00e9sistance.\u00a0<\/strong><\/p>\n<p>B\u00e2ti en aluminium et prise d&rsquo;eau pouces 11\/4 pouces.<\/p>\n<p><img loading=\"lazy\" decoding=\"async\" class=\"alignnone wp-image-9336 size-full\" src=\"https:\/\/www.simasa.com\/wp-content\/uploads\/2016\/04\/tabla-drill-fr.jpg\" alt=\"\" width=\"1119\" height=\"218\" srcset=\"https:\/\/www.simasa.com\/wp-content\/uploads\/2016\/04\/tabla-drill-fr.jpg 1119w, https:\/\/www.simasa.com\/wp-content\/uploads\/2016\/04\/tabla-drill-fr-416x81.jpg 416w\" sizes=\"auto, (max-width: 1119px) 100vw, 1119px\" \/><\/p>\n<p>&nbsp;<\/p>\n<p><iframe loading=\"lazy\" src=\"https:\/\/www.youtube.com\/embed\/B7e5FQLkizE\" width=\"700\" height=\"394\" frameborder=\"0\" allowfullscreen=\"allowfullscreen\"><\/iframe><\/p>\n","protected":false},"excerpt":{"rendered":"<p><strong>Carotteuse DRILL 9<\/strong>: Avec s\u00e9lecteur de vitesse m\u00e9canique <strong>\u00e0 trois vitesses<\/strong> et syst\u00e8me de pr\u00e9vention de chocs \u00e9lectriques \u00e0 l&rsquo;op\u00e9rateur (c\u00e2ble d&rsquo;\u00a0alimentation de s\u00e9curit\u00e9 PRCD fourni).<\/p>\n<p>&nbsp;<\/p>\n","protected":false},"featured_media":6834,"comment_status":"open","ping_status":"closed","template":"","meta":{"_acf_changed":false},"product_brand":[],"product_cat":[1816],"product_tag":[],"class_list":{"0":"post-2859","1":"product","2":"type-product","3":"status-publish","4":"has-post-thumbnail","6":"product_cat-carotteuse","7":"pa_max-drilling-diameter-3950","8":"pa_power-electriques","10":"first","11":"instock","12":"shipping-taxable","13":"product-type-simple"},"acf":[],"yoast_head":"<!-- This site is optimized with the Yoast SEO plugin v27.2 - https:\/\/yoast.com\/product\/yoast-seo-wordpress\/ -->\n<title>- DRILL-9 | Sima<\/title>\n<meta name=\"description\" content=\"DRILL-9. Carotteuse DRILL 9: Avec s\u00e9lecteur de vitesse m\u00e9canique \u00e0 trois vitesses et syst\u00e8me de pr\u00e9vention de chocs \u00e9lectriques \u00e0 l&#039;op\u00e9rateur (c\u00e2ble d&#039;\u00a0alimentation de s\u00e9curit\u00e9 PRCD fourni).  &nbsp;\" \/>\n<meta name=\"robots\" content=\"noindex, follow\" \/>\n<meta property=\"og:locale\" content=\"fr_FR\" \/>\n<meta property=\"og:type\" content=\"article\" \/>\n<meta property=\"og:title\" content=\"- DRILL-9 | Sima\" \/>\n<meta property=\"og:description\" content=\"DRILL-9. Carotteuse DRILL 9: Avec s\u00e9lecteur de vitesse m\u00e9canique \u00e0 trois vitesses et syst\u00e8me de pr\u00e9vention de chocs \u00e9lectriques \u00e0 l&#039;op\u00e9rateur (c\u00e2ble d&#039;\u00a0alimentation de s\u00e9curit\u00e9 PRCD fourni).  &nbsp;\" \/>\n<meta property=\"og:url\" content=\"https:\/\/www.simasa.com\/fr\/producto\/perforadora-drill-9\/\" \/>\n<meta property=\"og:site_name\" content=\"Sima\" \/>\n<meta property=\"article:modified_time\" content=\"2017-12-26T11:31:24+00:00\" \/>\n<meta property=\"og:image\" content=\"https:\/\/www.simasa.com\/wp-content\/uploads\/2016\/04\/DRILL9.jpg\" \/>\n\t<meta property=\"og:image:width\" content=\"800\" \/>\n\t<meta property=\"og:image:height\" content=\"800\" \/>\n\t<meta property=\"og:image:type\" content=\"image\/jpeg\" \/>\n<meta name=\"twitter:card\" content=\"summary_large_image\" \/>\n<script type=\"application\/ld+json\" class=\"yoast-schema-graph\">{\"@context\":\"https:\/\/schema.org\",\"@graph\":[{\"@type\":\"WebPage\",\"@id\":\"https:\/\/www.simasa.com\/fr\/producto\/perforadora-drill-9\/\",\"url\":\"https:\/\/www.simasa.com\/fr\/producto\/perforadora-drill-9\/\",\"name\":\"- DRILL-9 | Sima\",\"isPartOf\":{\"@id\":\"https:\/\/www.simasa.com\/fr\/#website\"},\"primaryImageOfPage\":{\"@id\":\"https:\/\/www.simasa.com\/fr\/producto\/perforadora-drill-9\/#primaryimage\"},\"image\":{\"@id\":\"https:\/\/www.simasa.com\/fr\/producto\/perforadora-drill-9\/#primaryimage\"},\"thumbnailUrl\":\"https:\/\/www.simasa.com\/wp-content\/uploads\/2016\/04\/DRILL9.jpg\",\"datePublished\":\"2016-04-28T06:33:21+00:00\",\"dateModified\":\"2017-12-26T11:31:24+00:00\",\"description\":\"DRILL-9. Carotteuse DRILL 9: Avec s\u00e9lecteur de vitesse m\u00e9canique \u00e0 trois vitesses et syst\u00e8me de pr\u00e9vention de chocs \u00e9lectriques \u00e0 l'op\u00e9rateur (c\u00e2ble d'\u00a0alimentation de s\u00e9curit\u00e9 PRCD fourni). &nbsp;\",\"breadcrumb\":{\"@id\":\"https:\/\/www.simasa.com\/fr\/producto\/perforadora-drill-9\/#breadcrumb\"},\"inLanguage\":\"fr-FR\",\"potentialAction\":[{\"@type\":\"ReadAction\",\"target\":[\"https:\/\/www.simasa.com\/fr\/producto\/perforadora-drill-9\/\"]}]},{\"@type\":\"ImageObject\",\"inLanguage\":\"fr-FR\",\"@id\":\"https:\/\/www.simasa.com\/fr\/producto\/perforadora-drill-9\/#primaryimage\",\"url\":\"https:\/\/www.simasa.com\/wp-content\/uploads\/2016\/04\/DRILL9.jpg\",\"contentUrl\":\"https:\/\/www.simasa.com\/wp-content\/uploads\/2016\/04\/DRILL9.jpg\",\"width\":800,\"height\":800},{\"@type\":\"BreadcrumbList\",\"@id\":\"https:\/\/www.simasa.com\/fr\/producto\/perforadora-drill-9\/#breadcrumb\",\"itemListElement\":[{\"@type\":\"ListItem\",\"position\":1,\"name\":\"Inicio\",\"item\":\"https:\/\/www.simasa.com\/fr\/\"},{\"@type\":\"ListItem\",\"position\":2,\"name\":\"Catalogue\",\"item\":\"https:\/\/www.simasa.com\/cat-sima\/\"},{\"@type\":\"ListItem\",\"position\":3,\"name\":\"DRILL-9\"}]},{\"@type\":\"WebSite\",\"@id\":\"https:\/\/www.simasa.com\/fr\/#website\",\"url\":\"https:\/\/www.simasa.com\/fr\/\",\"name\":\"Sima\",\"description\":\"Fabricantes de maquinaria para la construcci\u00f3n\",\"publisher\":{\"@id\":\"https:\/\/www.simasa.com\/fr\/#organization\"},\"potentialAction\":[{\"@type\":\"SearchAction\",\"target\":{\"@type\":\"EntryPoint\",\"urlTemplate\":\"https:\/\/www.simasa.com\/fr\/?s={search_term_string}\"},\"query-input\":{\"@type\":\"PropertyValueSpecification\",\"valueRequired\":true,\"valueName\":\"search_term_string\"}}],\"inLanguage\":\"fr-FR\"},{\"@type\":\"Organization\",\"@id\":\"https:\/\/www.simasa.com\/fr\/#organization\",\"name\":\"Sima\",\"url\":\"https:\/\/www.simasa.com\/fr\/\",\"logo\":{\"@type\":\"ImageObject\",\"inLanguage\":\"fr-FR\",\"@id\":\"https:\/\/www.simasa.com\/fr\/#\/schema\/logo\/image\/\",\"url\":\"https:\/\/www.simasa.com\/wp-content\/uploads\/2016\/03\/logo-1.jpg\",\"contentUrl\":\"https:\/\/www.simasa.com\/wp-content\/uploads\/2016\/03\/logo-1.jpg\",\"width\":121,\"height\":54,\"caption\":\"Sima\"},\"image\":{\"@id\":\"https:\/\/www.simasa.com\/fr\/#\/schema\/logo\/image\/\"}}]}<\/script>\n<!-- \/ Yoast SEO plugin. -->","yoast_head_json":{"title":"- DRILL-9 | Sima","description":"DRILL-9. Carotteuse DRILL 9: Avec s\u00e9lecteur de vitesse m\u00e9canique \u00e0 trois vitesses et syst\u00e8me de pr\u00e9vention de chocs \u00e9lectriques \u00e0 l'op\u00e9rateur (c\u00e2ble d'\u00a0alimentation de s\u00e9curit\u00e9 PRCD fourni).  &nbsp;","robots":{"index":"noindex","follow":"follow"},"og_locale":"fr_FR","og_type":"article","og_title":"- DRILL-9 | Sima","og_description":"DRILL-9. Carotteuse DRILL 9: Avec s\u00e9lecteur de vitesse m\u00e9canique \u00e0 trois vitesses et syst\u00e8me de pr\u00e9vention de chocs \u00e9lectriques \u00e0 l'op\u00e9rateur (c\u00e2ble d'\u00a0alimentation de s\u00e9curit\u00e9 PRCD fourni).  &nbsp;","og_url":"https:\/\/www.simasa.com\/fr\/producto\/perforadora-drill-9\/","og_site_name":"Sima","article_modified_time":"2017-12-26T11:31:24+00:00","og_image":[{"width":800,"height":800,"url":"https:\/\/www.simasa.com\/wp-content\/uploads\/2016\/04\/DRILL9.jpg","type":"image\/jpeg"}],"twitter_card":"summary_large_image","schema":{"@context":"https:\/\/schema.org","@graph":[{"@type":"WebPage","@id":"https:\/\/www.simasa.com\/fr\/producto\/perforadora-drill-9\/","url":"https:\/\/www.simasa.com\/fr\/producto\/perforadora-drill-9\/","name":"- DRILL-9 | Sima","isPartOf":{"@id":"https:\/\/www.simasa.com\/fr\/#website"},"primaryImageOfPage":{"@id":"https:\/\/www.simasa.com\/fr\/producto\/perforadora-drill-9\/#primaryimage"},"image":{"@id":"https:\/\/www.simasa.com\/fr\/producto\/perforadora-drill-9\/#primaryimage"},"thumbnailUrl":"https:\/\/www.simasa.com\/wp-content\/uploads\/2016\/04\/DRILL9.jpg","datePublished":"2016-04-28T06:33:21+00:00","dateModified":"2017-12-26T11:31:24+00:00","description":"DRILL-9. Carotteuse DRILL 9: Avec s\u00e9lecteur de vitesse m\u00e9canique \u00e0 trois vitesses et syst\u00e8me de pr\u00e9vention de chocs \u00e9lectriques \u00e0 l'op\u00e9rateur (c\u00e2ble d'\u00a0alimentation de s\u00e9curit\u00e9 PRCD fourni). &nbsp;","breadcrumb":{"@id":"https:\/\/www.simasa.com\/fr\/producto\/perforadora-drill-9\/#breadcrumb"},"inLanguage":"fr-FR","potentialAction":[{"@type":"ReadAction","target":["https:\/\/www.simasa.com\/fr\/producto\/perforadora-drill-9\/"]}]},{"@type":"ImageObject","inLanguage":"fr-FR","@id":"https:\/\/www.simasa.com\/fr\/producto\/perforadora-drill-9\/#primaryimage","url":"https:\/\/www.simasa.com\/wp-content\/uploads\/2016\/04\/DRILL9.jpg","contentUrl":"https:\/\/www.simasa.com\/wp-content\/uploads\/2016\/04\/DRILL9.jpg","width":800,"height":800},{"@type":"BreadcrumbList","@id":"https:\/\/www.simasa.com\/fr\/producto\/perforadora-drill-9\/#breadcrumb","itemListElement":[{"@type":"ListItem","position":1,"name":"Inicio","item":"https:\/\/www.simasa.com\/fr\/"},{"@type":"ListItem","position":2,"name":"Catalogue","item":"https:\/\/www.simasa.com\/cat-sima\/"},{"@type":"ListItem","position":3,"name":"DRILL-9"}]},{"@type":"WebSite","@id":"https:\/\/www.simasa.com\/fr\/#website","url":"https:\/\/www.simasa.com\/fr\/","name":"Sima","description":"Fabricantes de maquinaria para la construcci\u00f3n","publisher":{"@id":"https:\/\/www.simasa.com\/fr\/#organization"},"potentialAction":[{"@type":"SearchAction","target":{"@type":"EntryPoint","urlTemplate":"https:\/\/www.simasa.com\/fr\/?s={search_term_string}"},"query-input":{"@type":"PropertyValueSpecification","valueRequired":true,"valueName":"search_term_string"}}],"inLanguage":"fr-FR"},{"@type":"Organization","@id":"https:\/\/www.simasa.com\/fr\/#organization","name":"Sima","url":"https:\/\/www.simasa.com\/fr\/","logo":{"@type":"ImageObject","inLanguage":"fr-FR","@id":"https:\/\/www.simasa.com\/fr\/#\/schema\/logo\/image\/","url":"https:\/\/www.simasa.com\/wp-content\/uploads\/2016\/03\/logo-1.jpg","contentUrl":"https:\/\/www.simasa.com\/wp-content\/uploads\/2016\/03\/logo-1.jpg","width":121,"height":54,"caption":"Sima"},"image":{"@id":"https:\/\/www.simasa.com\/fr\/#\/schema\/logo\/image\/"}}]}},"_links":{"self":[{"href":"https:\/\/www.simasa.com\/fr\/wp-json\/wp\/v2\/product\/2859","targetHints":{"allow":["GET"]}}],"collection":[{"href":"https:\/\/www.simasa.com\/fr\/wp-json\/wp\/v2\/product"}],"about":[{"href":"https:\/\/www.simasa.com\/fr\/wp-json\/wp\/v2\/types\/product"}],"replies":[{"embeddable":true,"href":"https:\/\/www.simasa.com\/fr\/wp-json\/wp\/v2\/comments?post=2859"}],"wp:featuredmedia":[{"embeddable":true,"href":"https:\/\/www.simasa.com\/fr\/wp-json\/wp\/v2\/media\/6834"}],"wp:attachment":[{"href":"https:\/\/www.simasa.com\/fr\/wp-json\/wp\/v2\/media?parent=2859"}],"wp:term":[{"taxonomy":"product_brand","embeddable":true,"href":"https:\/\/www.simasa.com\/fr\/wp-json\/wp\/v2\/product_brand?post=2859"},{"taxonomy":"product_cat","embeddable":true,"href":"https:\/\/www.simasa.com\/fr\/wp-json\/wp\/v2\/product_cat?post=2859"},{"taxonomy":"product_tag","embeddable":true,"href":"https:\/\/www.simasa.com\/fr\/wp-json\/wp\/v2\/product_tag?post=2859"}],"curies":[{"name":"wp","href":"https:\/\/api.w.org\/{rel}","templated":true}]}}