{"id":2854,"date":"2016-04-27T11:12:55","date_gmt":"2016-04-27T11:12:55","guid":{"rendered":"https:\/\/www.simasa.com\/fr\/product\/halcon-duplo\/"},"modified":"2017-12-26T11:19:13","modified_gmt":"2017-12-26T11:19:13","slug":"halcon-duplo","status":"publish","type":"product","link":"https:\/\/www.simasa.com\/fr\/producto\/halcon-duplo\/","title":{"rendered":"HALCON DUPLO"},"content":{"rendered":"<p><strong>Le mod\u00e8le HALCON DUPLO<\/strong> est une\u00a0<strong>talocheuse double auto-propuls\u00e9e<\/strong> \u00e0 transmission\u00a0m\u00e9canique avec des rotateurs de 90 cm de diam\u00e8tre\u00a0qui tournent vers l&rsquo; int\u00e9rieur. Rendement optimal\u00a0pour lisser et araser sur les surfaces en b\u00e9ton.\u00a0Pas de chevauchement des p\u00e2les ce qui permet\u00a0de travailler simultan\u00e9ment avec les p\u00e2les\u00a0\u00e9bauche (accessoire en option) et les plateaux<br \/>\nde surfa\u00e7age.<\/p>\n<p><em>Caract\u00e9ristiques de la DUPLO<\/em>:<\/p>\n<ul>\n<li>Projection d&rsquo; eau par pompe<\/li>\n<li>Poign\u00e9es d&rsquo; arr\u00eat de s\u00e9curit\u00e9<\/li>\n<li>Trois projecteurs<\/li>\n<li>Motorisation Honda 23HP avec d\u00e9marrage\u00a0\u00e9lectrique et batterie<\/li>\n<li>Si\u00e8ge r\u00e9glable.<\/li>\n<\/ul>\n<p><img loading=\"lazy\" decoding=\"async\" class=\"alignnone wp-image-9269 size-full\" src=\"https:\/\/www.simasa.com\/wp-content\/uploads\/2016\/04\/avantages-halcon.jpg\" alt=\"\" width=\"1118\" height=\"495\" srcset=\"https:\/\/www.simasa.com\/wp-content\/uploads\/2016\/04\/avantages-halcon.jpg 1118w, https:\/\/www.simasa.com\/wp-content\/uploads\/2016\/04\/avantages-halcon-416x184.jpg 416w\" sizes=\"auto, (max-width: 1118px) 100vw, 1118px\" \/><\/p>\n<p><img loading=\"lazy\" decoding=\"async\" class=\"alignnone wp-image-9309 size-full\" src=\"https:\/\/www.simasa.com\/wp-content\/uploads\/2016\/04\/tabla-halcon125-fr.jpg\" alt=\"\" width=\"1111\" height=\"263\" srcset=\"https:\/\/www.simasa.com\/wp-content\/uploads\/2016\/04\/tabla-halcon125-fr.jpg 1111w, https:\/\/www.simasa.com\/wp-content\/uploads\/2016\/04\/tabla-halcon125-fr-416x98.jpg 416w\" sizes=\"auto, (max-width: 1111px) 100vw, 1111px\" \/><\/p>\n<p><iframe loading=\"lazy\" src=\"https:\/\/www.youtube.com\/embed\/Qw1SZTyuAjM\" width=\"700\" height=\"394\" frameborder=\"0\" allowfullscreen=\"allowfullscreen\"><\/iframe><\/p>\n","protected":false},"excerpt":{"rendered":"<p><strong>L<\/strong>e mod\u00e8le <strong>HALCON DUPLO<\/strong> est une talocheuse double auto-propuls\u00e9e \u00e0 transmission m\u00e9canique avec des rotateurs de 90 cm de diam\u00e8tre qui tournent vers l&rsquo; int\u00e9rieur.<\/p>\n","protected":false},"featured_media":4950,"comment_status":"open","ping_status":"closed","template":"","meta":{"_acf_changed":false},"product_brand":[],"product_cat":[1814],"product_tag":[],"class_list":{"0":"post-2854","1":"product","2":"type-product","3":"status-publish","4":"has-post-thumbnail","6":"product_cat-talocheuses","7":"pa_max-blade-diameter-mm-3765","8":"pa_power-essence","10":"first","11":"instock","12":"shipping-taxable","13":"product-type-simple"},"acf":[],"yoast_head":"<!-- This site is optimized with the Yoast SEO plugin v27.2 - https:\/\/yoast.com\/product\/yoast-seo-wordpress\/ -->\n<title>- HALCON DUPLO | Sima<\/title>\n<meta name=\"description\" content=\"HALCON DUPLO. Le mod\u00e8le HALCON DUPLO est une talocheuse double auto-propuls\u00e9e \u00e0 transmission m\u00e9canique avec des rotateurs de 90 cm de diam\u00e8tre qui tournent vers l&#039; int\u00e9rieur.\" \/>\n<meta name=\"robots\" content=\"noindex, follow\" \/>\n<meta property=\"og:locale\" content=\"fr_FR\" \/>\n<meta property=\"og:type\" content=\"article\" \/>\n<meta property=\"og:title\" content=\"- HALCON DUPLO | Sima\" \/>\n<meta property=\"og:description\" content=\"HALCON DUPLO. Le mod\u00e8le HALCON DUPLO est une talocheuse double auto-propuls\u00e9e \u00e0 transmission m\u00e9canique avec des rotateurs de 90 cm de diam\u00e8tre qui tournent vers l&#039; int\u00e9rieur.\" \/>\n<meta property=\"og:url\" content=\"https:\/\/www.simasa.com\/fr\/producto\/halcon-duplo\/\" \/>\n<meta property=\"og:site_name\" content=\"Sima\" \/>\n<meta property=\"article:modified_time\" content=\"2017-12-26T11:19:13+00:00\" \/>\n<meta property=\"og:image\" content=\"https:\/\/www.simasa.com\/wp-content\/uploads\/2016\/04\/02030400000FWCAL.jpg\" \/>\n\t<meta property=\"og:image:width\" content=\"800\" \/>\n\t<meta property=\"og:image:height\" content=\"800\" \/>\n\t<meta property=\"og:image:type\" content=\"image\/jpeg\" \/>\n<meta name=\"twitter:card\" content=\"summary_large_image\" \/>\n<meta name=\"twitter:label1\" content=\"Dur\u00e9e de lecture estim\u00e9e\" \/>\n\t<meta name=\"twitter:data1\" content=\"1 minute\" \/>\n<script type=\"application\/ld+json\" class=\"yoast-schema-graph\">{\"@context\":\"https:\/\/schema.org\",\"@graph\":[{\"@type\":\"WebPage\",\"@id\":\"https:\/\/www.simasa.com\/fr\/producto\/halcon-duplo\/\",\"url\":\"https:\/\/www.simasa.com\/fr\/producto\/halcon-duplo\/\",\"name\":\"- HALCON DUPLO | Sima\",\"isPartOf\":{\"@id\":\"https:\/\/www.simasa.com\/fr\/#website\"},\"primaryImageOfPage\":{\"@id\":\"https:\/\/www.simasa.com\/fr\/producto\/halcon-duplo\/#primaryimage\"},\"image\":{\"@id\":\"https:\/\/www.simasa.com\/fr\/producto\/halcon-duplo\/#primaryimage\"},\"thumbnailUrl\":\"https:\/\/www.simasa.com\/wp-content\/uploads\/2016\/04\/02030400000FWCAL.jpg\",\"datePublished\":\"2016-04-27T11:12:55+00:00\",\"dateModified\":\"2017-12-26T11:19:13+00:00\",\"description\":\"HALCON DUPLO. Le mod\u00e8le HALCON DUPLO est une talocheuse double auto-propuls\u00e9e \u00e0 transmission m\u00e9canique avec des rotateurs de 90 cm de diam\u00e8tre qui tournent vers l' int\u00e9rieur.\",\"breadcrumb\":{\"@id\":\"https:\/\/www.simasa.com\/fr\/producto\/halcon-duplo\/#breadcrumb\"},\"inLanguage\":\"fr-FR\",\"potentialAction\":[{\"@type\":\"ReadAction\",\"target\":[\"https:\/\/www.simasa.com\/fr\/producto\/halcon-duplo\/\"]}]},{\"@type\":\"ImageObject\",\"inLanguage\":\"fr-FR\",\"@id\":\"https:\/\/www.simasa.com\/fr\/producto\/halcon-duplo\/#primaryimage\",\"url\":\"https:\/\/www.simasa.com\/wp-content\/uploads\/2016\/04\/02030400000FWCAL.jpg\",\"contentUrl\":\"https:\/\/www.simasa.com\/wp-content\/uploads\/2016\/04\/02030400000FWCAL.jpg\",\"width\":800,\"height\":800},{\"@type\":\"BreadcrumbList\",\"@id\":\"https:\/\/www.simasa.com\/fr\/producto\/halcon-duplo\/#breadcrumb\",\"itemListElement\":[{\"@type\":\"ListItem\",\"position\":1,\"name\":\"Inicio\",\"item\":\"https:\/\/www.simasa.com\/fr\/\"},{\"@type\":\"ListItem\",\"position\":2,\"name\":\"Catalogue\",\"item\":\"https:\/\/www.simasa.com\/cat-sima\/\"},{\"@type\":\"ListItem\",\"position\":3,\"name\":\"HALCON DUPLO\"}]},{\"@type\":\"WebSite\",\"@id\":\"https:\/\/www.simasa.com\/fr\/#website\",\"url\":\"https:\/\/www.simasa.com\/fr\/\",\"name\":\"Sima\",\"description\":\"Fabricantes de maquinaria para la construcci\u00f3n\",\"publisher\":{\"@id\":\"https:\/\/www.simasa.com\/fr\/#organization\"},\"potentialAction\":[{\"@type\":\"SearchAction\",\"target\":{\"@type\":\"EntryPoint\",\"urlTemplate\":\"https:\/\/www.simasa.com\/fr\/?s={search_term_string}\"},\"query-input\":{\"@type\":\"PropertyValueSpecification\",\"valueRequired\":true,\"valueName\":\"search_term_string\"}}],\"inLanguage\":\"fr-FR\"},{\"@type\":\"Organization\",\"@id\":\"https:\/\/www.simasa.com\/fr\/#organization\",\"name\":\"Sima\",\"url\":\"https:\/\/www.simasa.com\/fr\/\",\"logo\":{\"@type\":\"ImageObject\",\"inLanguage\":\"fr-FR\",\"@id\":\"https:\/\/www.simasa.com\/fr\/#\/schema\/logo\/image\/\",\"url\":\"https:\/\/www.simasa.com\/wp-content\/uploads\/2016\/03\/logo-1.jpg\",\"contentUrl\":\"https:\/\/www.simasa.com\/wp-content\/uploads\/2016\/03\/logo-1.jpg\",\"width\":121,\"height\":54,\"caption\":\"Sima\"},\"image\":{\"@id\":\"https:\/\/www.simasa.com\/fr\/#\/schema\/logo\/image\/\"}}]}<\/script>\n<!-- \/ Yoast SEO plugin. -->","yoast_head_json":{"title":"- HALCON DUPLO | Sima","description":"HALCON DUPLO. Le mod\u00e8le HALCON DUPLO est une talocheuse double auto-propuls\u00e9e \u00e0 transmission m\u00e9canique avec des rotateurs de 90 cm de diam\u00e8tre qui tournent vers l' int\u00e9rieur.","robots":{"index":"noindex","follow":"follow"},"og_locale":"fr_FR","og_type":"article","og_title":"- HALCON DUPLO | Sima","og_description":"HALCON DUPLO. Le mod\u00e8le HALCON DUPLO est une talocheuse double auto-propuls\u00e9e \u00e0 transmission m\u00e9canique avec des rotateurs de 90 cm de diam\u00e8tre qui tournent vers l' int\u00e9rieur.","og_url":"https:\/\/www.simasa.com\/fr\/producto\/halcon-duplo\/","og_site_name":"Sima","article_modified_time":"2017-12-26T11:19:13+00:00","og_image":[{"width":800,"height":800,"url":"https:\/\/www.simasa.com\/wp-content\/uploads\/2016\/04\/02030400000FWCAL.jpg","type":"image\/jpeg"}],"twitter_card":"summary_large_image","twitter_misc":{"Dur\u00e9e de lecture estim\u00e9e":"1 minute"},"schema":{"@context":"https:\/\/schema.org","@graph":[{"@type":"WebPage","@id":"https:\/\/www.simasa.com\/fr\/producto\/halcon-duplo\/","url":"https:\/\/www.simasa.com\/fr\/producto\/halcon-duplo\/","name":"- HALCON DUPLO | Sima","isPartOf":{"@id":"https:\/\/www.simasa.com\/fr\/#website"},"primaryImageOfPage":{"@id":"https:\/\/www.simasa.com\/fr\/producto\/halcon-duplo\/#primaryimage"},"image":{"@id":"https:\/\/www.simasa.com\/fr\/producto\/halcon-duplo\/#primaryimage"},"thumbnailUrl":"https:\/\/www.simasa.com\/wp-content\/uploads\/2016\/04\/02030400000FWCAL.jpg","datePublished":"2016-04-27T11:12:55+00:00","dateModified":"2017-12-26T11:19:13+00:00","description":"HALCON DUPLO. Le mod\u00e8le HALCON DUPLO est une talocheuse double auto-propuls\u00e9e \u00e0 transmission m\u00e9canique avec des rotateurs de 90 cm de diam\u00e8tre qui tournent vers l' int\u00e9rieur.","breadcrumb":{"@id":"https:\/\/www.simasa.com\/fr\/producto\/halcon-duplo\/#breadcrumb"},"inLanguage":"fr-FR","potentialAction":[{"@type":"ReadAction","target":["https:\/\/www.simasa.com\/fr\/producto\/halcon-duplo\/"]}]},{"@type":"ImageObject","inLanguage":"fr-FR","@id":"https:\/\/www.simasa.com\/fr\/producto\/halcon-duplo\/#primaryimage","url":"https:\/\/www.simasa.com\/wp-content\/uploads\/2016\/04\/02030400000FWCAL.jpg","contentUrl":"https:\/\/www.simasa.com\/wp-content\/uploads\/2016\/04\/02030400000FWCAL.jpg","width":800,"height":800},{"@type":"BreadcrumbList","@id":"https:\/\/www.simasa.com\/fr\/producto\/halcon-duplo\/#breadcrumb","itemListElement":[{"@type":"ListItem","position":1,"name":"Inicio","item":"https:\/\/www.simasa.com\/fr\/"},{"@type":"ListItem","position":2,"name":"Catalogue","item":"https:\/\/www.simasa.com\/cat-sima\/"},{"@type":"ListItem","position":3,"name":"HALCON DUPLO"}]},{"@type":"WebSite","@id":"https:\/\/www.simasa.com\/fr\/#website","url":"https:\/\/www.simasa.com\/fr\/","name":"Sima","description":"Fabricantes de maquinaria para la construcci\u00f3n","publisher":{"@id":"https:\/\/www.simasa.com\/fr\/#organization"},"potentialAction":[{"@type":"SearchAction","target":{"@type":"EntryPoint","urlTemplate":"https:\/\/www.simasa.com\/fr\/?s={search_term_string}"},"query-input":{"@type":"PropertyValueSpecification","valueRequired":true,"valueName":"search_term_string"}}],"inLanguage":"fr-FR"},{"@type":"Organization","@id":"https:\/\/www.simasa.com\/fr\/#organization","name":"Sima","url":"https:\/\/www.simasa.com\/fr\/","logo":{"@type":"ImageObject","inLanguage":"fr-FR","@id":"https:\/\/www.simasa.com\/fr\/#\/schema\/logo\/image\/","url":"https:\/\/www.simasa.com\/wp-content\/uploads\/2016\/03\/logo-1.jpg","contentUrl":"https:\/\/www.simasa.com\/wp-content\/uploads\/2016\/03\/logo-1.jpg","width":121,"height":54,"caption":"Sima"},"image":{"@id":"https:\/\/www.simasa.com\/fr\/#\/schema\/logo\/image\/"}}]}},"_links":{"self":[{"href":"https:\/\/www.simasa.com\/fr\/wp-json\/wp\/v2\/product\/2854","targetHints":{"allow":["GET"]}}],"collection":[{"href":"https:\/\/www.simasa.com\/fr\/wp-json\/wp\/v2\/product"}],"about":[{"href":"https:\/\/www.simasa.com\/fr\/wp-json\/wp\/v2\/types\/product"}],"replies":[{"embeddable":true,"href":"https:\/\/www.simasa.com\/fr\/wp-json\/wp\/v2\/comments?post=2854"}],"wp:featuredmedia":[{"embeddable":true,"href":"https:\/\/www.simasa.com\/fr\/wp-json\/wp\/v2\/media\/4950"}],"wp:attachment":[{"href":"https:\/\/www.simasa.com\/fr\/wp-json\/wp\/v2\/media?parent=2854"}],"wp:term":[{"taxonomy":"product_brand","embeddable":true,"href":"https:\/\/www.simasa.com\/fr\/wp-json\/wp\/v2\/product_brand?post=2854"},{"taxonomy":"product_cat","embeddable":true,"href":"https:\/\/www.simasa.com\/fr\/wp-json\/wp\/v2\/product_cat?post=2854"},{"taxonomy":"product_tag","embeddable":true,"href":"https:\/\/www.simasa.com\/fr\/wp-json\/wp\/v2\/product_tag?post=2854"}],"curies":[{"name":"wp","href":"https:\/\/api.w.org\/{rel}","templated":true}]}}