{"id":2838,"date":"2016-04-27T10:10:29","date_gmt":"2016-04-27T10:10:29","guid":{"rendered":"https:\/\/www.simasa.com\/fr\/product\/halcon-95-honda-gx160\/"},"modified":"2017-12-26T11:14:45","modified_gmt":"2017-12-26T11:14:45","slug":"halcon-95","status":"publish","type":"product","link":"https:\/\/www.simasa.com\/fr\/producto\/halcon-95\/","title":{"rendered":"HALCON 95"},"content":{"rendered":"<p>La talocheuse <strong>HALCON 95<\/strong> s&rsquo; utilise pour lisser le b\u00e9ton de <strong>mani\u00e8re\u00a0rapide sur des surfaces de toute dimension<\/strong>.\u00a0Son arc de protection est totalement chrom\u00e9 pour un nettoyage et\u00a0d\u00e9tachement du b\u00e9ton ais\u00e9s. Mont\u00e9e sur des silent blocks.\u00a0Dot\u00e9e d&rsquo; un syst\u00e8me d&rsquo; inclinaison des p\u00e2les.<\/p>\n<p><strong>Unique machine sur le march\u00e9<\/strong> pourvue d&rsquo;\u00a0un r\u00e9servoir d&rsquo; eau inclus sur le poste de l&rsquo;\u00a0op\u00e9rateur sur les mod\u00e8les <strong>HALCON 95 et\u00a0HALCON 125<\/strong>.<\/p>\n<p>Embrayage centrifuge chrom\u00e9 qui assure une\u00a0performance optimale \u00e0 hautes, moyennes et\u00a0faibles r\u00e9volutions.\u00a0Arr\u00eat d&rsquo; urgence selon normative europ\u00e9enne\u00a0pour une s\u00e9curit\u00e9 totale.<\/p>\n<p>Acc\u00e9s facile pour le r\u00e9glage des p\u00e2les.<\/p>\n<p><img loading=\"lazy\" decoding=\"async\" class=\"alignnone wp-image-9269 size-full\" src=\"https:\/\/www.simasa.com\/wp-content\/uploads\/2016\/04\/avantages-halcon.jpg\" alt=\"\" width=\"1118\" height=\"495\" srcset=\"https:\/\/www.simasa.com\/wp-content\/uploads\/2016\/04\/avantages-halcon.jpg 1118w, https:\/\/www.simasa.com\/wp-content\/uploads\/2016\/04\/avantages-halcon-416x184.jpg 416w\" sizes=\"auto, (max-width: 1118px) 100vw, 1118px\" \/><\/p>\n<p><img loading=\"lazy\" decoding=\"async\" class=\"alignnone wp-image-9297 size-full\" src=\"https:\/\/www.simasa.com\/wp-content\/uploads\/2016\/04\/tabla-halcon95-fr.jpg\" alt=\"\" width=\"1112\" height=\"303\" srcset=\"https:\/\/www.simasa.com\/wp-content\/uploads\/2016\/04\/tabla-halcon95-fr.jpg 1112w, https:\/\/www.simasa.com\/wp-content\/uploads\/2016\/04\/tabla-halcon95-fr-416x113.jpg 416w\" sizes=\"auto, (max-width: 1112px) 100vw, 1112px\" \/><\/p>\n<p><iframe loading=\"lazy\" src=\"https:\/\/www.youtube.com\/embed\/5DIPLXVlwxY\" width=\"700\" height=\"394\" frameborder=\"0\" allowfullscreen=\"allowfullscreen\"><\/iframe><\/p>\n","protected":false},"excerpt":{"rendered":"<p><strong>La talocheuse HALCON 95<\/strong> s&rsquo; utilise pour lisser le b\u00e9ton de mani\u00e8re\u00a0rapide sur des <em>surfaces de toute dimension.\u00a0<\/em><\/p>\n<p>&nbsp;<\/p>\n","protected":false},"featured_media":6548,"comment_status":"open","ping_status":"closed","template":"","meta":{"_acf_changed":false},"product_brand":[],"product_cat":[1814],"product_tag":[],"class_list":{"0":"post-2838","1":"product","2":"type-product","3":"status-publish","4":"has-post-thumbnail","6":"product_cat-talocheuses","7":"pa_max-blade-diameter-mm-3765","8":"pa_power-electriques","9":"pa_power-essence","11":"first","12":"instock","13":"shipping-taxable","14":"product-type-simple"},"acf":[],"yoast_head":"<!-- This site is optimized with the Yoast SEO plugin v27.2 - https:\/\/yoast.com\/product\/yoast-seo-wordpress\/ -->\n<title>- HALCON 95 | Sima<\/title>\n<meta name=\"description\" content=\"HALCON 95. La talocheuse HALCON 95 s&#039; utilise pour lisser le b\u00e9ton de mani\u00e8re\u00a0rapide sur des surfaces de toute dimension.\u00a0  &nbsp;\" \/>\n<meta name=\"robots\" content=\"noindex, follow\" \/>\n<meta property=\"og:locale\" content=\"fr_FR\" \/>\n<meta property=\"og:type\" content=\"article\" \/>\n<meta property=\"og:title\" content=\"- HALCON 95 | Sima\" \/>\n<meta property=\"og:description\" content=\"HALCON 95. La talocheuse HALCON 95 s&#039; utilise pour lisser le b\u00e9ton de mani\u00e8re\u00a0rapide sur des surfaces de toute dimension.\u00a0  &nbsp;\" \/>\n<meta property=\"og:url\" content=\"https:\/\/www.simasa.com\/fr\/producto\/halcon-95\/\" \/>\n<meta property=\"og:site_name\" content=\"Sima\" \/>\n<meta property=\"article:modified_time\" content=\"2017-12-26T11:14:45+00:00\" \/>\n<meta property=\"og:image\" content=\"https:\/\/www.simasa.com\/wp-content\/uploads\/2016\/04\/HALCON-95-MCM-deposito-CAL.jpg\" \/>\n\t<meta property=\"og:image:width\" content=\"800\" \/>\n\t<meta property=\"og:image:height\" content=\"800\" \/>\n\t<meta property=\"og:image:type\" content=\"image\/jpeg\" \/>\n<meta name=\"twitter:card\" content=\"summary_large_image\" \/>\n<meta name=\"twitter:label1\" content=\"Dur\u00e9e de lecture estim\u00e9e\" \/>\n\t<meta name=\"twitter:data1\" content=\"1 minute\" \/>\n<script type=\"application\/ld+json\" class=\"yoast-schema-graph\">{\"@context\":\"https:\/\/schema.org\",\"@graph\":[{\"@type\":\"WebPage\",\"@id\":\"https:\/\/www.simasa.com\/fr\/producto\/halcon-95\/\",\"url\":\"https:\/\/www.simasa.com\/fr\/producto\/halcon-95\/\",\"name\":\"- HALCON 95 | Sima\",\"isPartOf\":{\"@id\":\"https:\/\/www.simasa.com\/fr\/#website\"},\"primaryImageOfPage\":{\"@id\":\"https:\/\/www.simasa.com\/fr\/producto\/halcon-95\/#primaryimage\"},\"image\":{\"@id\":\"https:\/\/www.simasa.com\/fr\/producto\/halcon-95\/#primaryimage\"},\"thumbnailUrl\":\"https:\/\/www.simasa.com\/wp-content\/uploads\/2016\/04\/HALCON-95-MCM-deposito-CAL.jpg\",\"datePublished\":\"2016-04-27T10:10:29+00:00\",\"dateModified\":\"2017-12-26T11:14:45+00:00\",\"description\":\"HALCON 95. La talocheuse HALCON 95 s' utilise pour lisser le b\u00e9ton de mani\u00e8re\u00a0rapide sur des surfaces de toute dimension.\u00a0 &nbsp;\",\"breadcrumb\":{\"@id\":\"https:\/\/www.simasa.com\/fr\/producto\/halcon-95\/#breadcrumb\"},\"inLanguage\":\"fr-FR\",\"potentialAction\":[{\"@type\":\"ReadAction\",\"target\":[\"https:\/\/www.simasa.com\/fr\/producto\/halcon-95\/\"]}]},{\"@type\":\"ImageObject\",\"inLanguage\":\"fr-FR\",\"@id\":\"https:\/\/www.simasa.com\/fr\/producto\/halcon-95\/#primaryimage\",\"url\":\"https:\/\/www.simasa.com\/wp-content\/uploads\/2016\/04\/HALCON-95-MCM-deposito-CAL.jpg\",\"contentUrl\":\"https:\/\/www.simasa.com\/wp-content\/uploads\/2016\/04\/HALCON-95-MCM-deposito-CAL.jpg\",\"width\":800,\"height\":800},{\"@type\":\"BreadcrumbList\",\"@id\":\"https:\/\/www.simasa.com\/fr\/producto\/halcon-95\/#breadcrumb\",\"itemListElement\":[{\"@type\":\"ListItem\",\"position\":1,\"name\":\"Inicio\",\"item\":\"https:\/\/www.simasa.com\/fr\/\"},{\"@type\":\"ListItem\",\"position\":2,\"name\":\"Catalogue\",\"item\":\"https:\/\/www.simasa.com\/cat-sima\/\"},{\"@type\":\"ListItem\",\"position\":3,\"name\":\"HALCON 95\"}]},{\"@type\":\"WebSite\",\"@id\":\"https:\/\/www.simasa.com\/fr\/#website\",\"url\":\"https:\/\/www.simasa.com\/fr\/\",\"name\":\"Sima\",\"description\":\"Fabricantes de maquinaria para la construcci\u00f3n\",\"publisher\":{\"@id\":\"https:\/\/www.simasa.com\/fr\/#organization\"},\"potentialAction\":[{\"@type\":\"SearchAction\",\"target\":{\"@type\":\"EntryPoint\",\"urlTemplate\":\"https:\/\/www.simasa.com\/fr\/?s={search_term_string}\"},\"query-input\":{\"@type\":\"PropertyValueSpecification\",\"valueRequired\":true,\"valueName\":\"search_term_string\"}}],\"inLanguage\":\"fr-FR\"},{\"@type\":\"Organization\",\"@id\":\"https:\/\/www.simasa.com\/fr\/#organization\",\"name\":\"Sima\",\"url\":\"https:\/\/www.simasa.com\/fr\/\",\"logo\":{\"@type\":\"ImageObject\",\"inLanguage\":\"fr-FR\",\"@id\":\"https:\/\/www.simasa.com\/fr\/#\/schema\/logo\/image\/\",\"url\":\"https:\/\/www.simasa.com\/wp-content\/uploads\/2016\/03\/logo-1.jpg\",\"contentUrl\":\"https:\/\/www.simasa.com\/wp-content\/uploads\/2016\/03\/logo-1.jpg\",\"width\":121,\"height\":54,\"caption\":\"Sima\"},\"image\":{\"@id\":\"https:\/\/www.simasa.com\/fr\/#\/schema\/logo\/image\/\"}}]}<\/script>\n<!-- \/ Yoast SEO plugin. -->","yoast_head_json":{"title":"- HALCON 95 | Sima","description":"HALCON 95. La talocheuse HALCON 95 s' utilise pour lisser le b\u00e9ton de mani\u00e8re\u00a0rapide sur des surfaces de toute dimension.\u00a0  &nbsp;","robots":{"index":"noindex","follow":"follow"},"og_locale":"fr_FR","og_type":"article","og_title":"- HALCON 95 | Sima","og_description":"HALCON 95. La talocheuse HALCON 95 s' utilise pour lisser le b\u00e9ton de mani\u00e8re\u00a0rapide sur des surfaces de toute dimension.\u00a0  &nbsp;","og_url":"https:\/\/www.simasa.com\/fr\/producto\/halcon-95\/","og_site_name":"Sima","article_modified_time":"2017-12-26T11:14:45+00:00","og_image":[{"width":800,"height":800,"url":"https:\/\/www.simasa.com\/wp-content\/uploads\/2016\/04\/HALCON-95-MCM-deposito-CAL.jpg","type":"image\/jpeg"}],"twitter_card":"summary_large_image","twitter_misc":{"Dur\u00e9e de lecture estim\u00e9e":"1 minute"},"schema":{"@context":"https:\/\/schema.org","@graph":[{"@type":"WebPage","@id":"https:\/\/www.simasa.com\/fr\/producto\/halcon-95\/","url":"https:\/\/www.simasa.com\/fr\/producto\/halcon-95\/","name":"- HALCON 95 | Sima","isPartOf":{"@id":"https:\/\/www.simasa.com\/fr\/#website"},"primaryImageOfPage":{"@id":"https:\/\/www.simasa.com\/fr\/producto\/halcon-95\/#primaryimage"},"image":{"@id":"https:\/\/www.simasa.com\/fr\/producto\/halcon-95\/#primaryimage"},"thumbnailUrl":"https:\/\/www.simasa.com\/wp-content\/uploads\/2016\/04\/HALCON-95-MCM-deposito-CAL.jpg","datePublished":"2016-04-27T10:10:29+00:00","dateModified":"2017-12-26T11:14:45+00:00","description":"HALCON 95. La talocheuse HALCON 95 s' utilise pour lisser le b\u00e9ton de mani\u00e8re\u00a0rapide sur des surfaces de toute dimension.\u00a0 &nbsp;","breadcrumb":{"@id":"https:\/\/www.simasa.com\/fr\/producto\/halcon-95\/#breadcrumb"},"inLanguage":"fr-FR","potentialAction":[{"@type":"ReadAction","target":["https:\/\/www.simasa.com\/fr\/producto\/halcon-95\/"]}]},{"@type":"ImageObject","inLanguage":"fr-FR","@id":"https:\/\/www.simasa.com\/fr\/producto\/halcon-95\/#primaryimage","url":"https:\/\/www.simasa.com\/wp-content\/uploads\/2016\/04\/HALCON-95-MCM-deposito-CAL.jpg","contentUrl":"https:\/\/www.simasa.com\/wp-content\/uploads\/2016\/04\/HALCON-95-MCM-deposito-CAL.jpg","width":800,"height":800},{"@type":"BreadcrumbList","@id":"https:\/\/www.simasa.com\/fr\/producto\/halcon-95\/#breadcrumb","itemListElement":[{"@type":"ListItem","position":1,"name":"Inicio","item":"https:\/\/www.simasa.com\/fr\/"},{"@type":"ListItem","position":2,"name":"Catalogue","item":"https:\/\/www.simasa.com\/cat-sima\/"},{"@type":"ListItem","position":3,"name":"HALCON 95"}]},{"@type":"WebSite","@id":"https:\/\/www.simasa.com\/fr\/#website","url":"https:\/\/www.simasa.com\/fr\/","name":"Sima","description":"Fabricantes de maquinaria para la construcci\u00f3n","publisher":{"@id":"https:\/\/www.simasa.com\/fr\/#organization"},"potentialAction":[{"@type":"SearchAction","target":{"@type":"EntryPoint","urlTemplate":"https:\/\/www.simasa.com\/fr\/?s={search_term_string}"},"query-input":{"@type":"PropertyValueSpecification","valueRequired":true,"valueName":"search_term_string"}}],"inLanguage":"fr-FR"},{"@type":"Organization","@id":"https:\/\/www.simasa.com\/fr\/#organization","name":"Sima","url":"https:\/\/www.simasa.com\/fr\/","logo":{"@type":"ImageObject","inLanguage":"fr-FR","@id":"https:\/\/www.simasa.com\/fr\/#\/schema\/logo\/image\/","url":"https:\/\/www.simasa.com\/wp-content\/uploads\/2016\/03\/logo-1.jpg","contentUrl":"https:\/\/www.simasa.com\/wp-content\/uploads\/2016\/03\/logo-1.jpg","width":121,"height":54,"caption":"Sima"},"image":{"@id":"https:\/\/www.simasa.com\/fr\/#\/schema\/logo\/image\/"}}]}},"_links":{"self":[{"href":"https:\/\/www.simasa.com\/fr\/wp-json\/wp\/v2\/product\/2838","targetHints":{"allow":["GET"]}}],"collection":[{"href":"https:\/\/www.simasa.com\/fr\/wp-json\/wp\/v2\/product"}],"about":[{"href":"https:\/\/www.simasa.com\/fr\/wp-json\/wp\/v2\/types\/product"}],"replies":[{"embeddable":true,"href":"https:\/\/www.simasa.com\/fr\/wp-json\/wp\/v2\/comments?post=2838"}],"wp:featuredmedia":[{"embeddable":true,"href":"https:\/\/www.simasa.com\/fr\/wp-json\/wp\/v2\/media\/6548"}],"wp:attachment":[{"href":"https:\/\/www.simasa.com\/fr\/wp-json\/wp\/v2\/media?parent=2838"}],"wp:term":[{"taxonomy":"product_brand","embeddable":true,"href":"https:\/\/www.simasa.com\/fr\/wp-json\/wp\/v2\/product_brand?post=2838"},{"taxonomy":"product_cat","embeddable":true,"href":"https:\/\/www.simasa.com\/fr\/wp-json\/wp\/v2\/product_cat?post=2838"},{"taxonomy":"product_tag","embeddable":true,"href":"https:\/\/www.simasa.com\/fr\/wp-json\/wp\/v2\/product_tag?post=2838"}],"curies":[{"name":"wp","href":"https:\/\/api.w.org\/{rel}","templated":true}]}}