{"id":2816,"date":"2016-04-27T08:36:33","date_gmt":"2016-04-27T08:36:33","guid":{"rendered":"https:\/\/www.simasa.com\/fr\/product\/trencher-6070-lombardini-25-ld\/"},"modified":"2017-12-26T10:35:20","modified_gmt":"2017-12-26T10:35:20","slug":"trencher-6070","status":"publish","type":"product","link":"https:\/\/www.simasa.com\/fr\/producto\/trencher-6070\/","title":{"rendered":"TRENCHER 60\/70"},"content":{"rendered":"<p>La TRENCHER est une <strong>scie sol\u00a0\u00e0 double lame ou lame unique<\/strong>\u00a0capable de recevoir des\u00a0disques de:<\/p>\n<ul>\n<li>350<\/li>\n<li>400<\/li>\n<li>450<\/li>\n<li>500 mm avec un r\u00e9glage de la largeur de\u00a0coupe entre 60, 65 et 70 cm.<\/li>\n<\/ul>\n<p>Utilisation principale du produit:\u00a0<strong>r\u00e9alisation de coupes parall\u00e8les en\u00a0une seule passe<\/strong> pour le creusement de\u00a0tranch\u00e9es sur voiries. Cette machine peut\u00a0<strong>aussi \u00eatre utilis\u00e9e comme une scie \u00e0 sol\u00a0<\/strong><strong>conventionnelle<\/strong> en pla\u00e7ant le disque \u00e0 droite\u00a0ou \u00e0 gauche de la machine.<\/p>\n<p>Machine <strong>robuste et polyvalente<\/strong> pour des <em>travaux\u00a0intenses<\/em>.<\/p>\n<p>De plus, la TRENCHER est adaptable: on utilise\u00a0des s\u00e9parateurs pour tracer des lignes de coupe\u00a0parall\u00e8les entre elles plus ou moins proches : 5, 8 ou 10\u00a0cm de s\u00e9paration.<\/p>\n<p><strong>Coupe parall\u00e8le en une seule passe:<\/strong><\/p>\n<p>Double carter du disque.<br \/>\n\u2022 Double r\u00e9servoir d&rsquo; eau.<br \/>\n\u2022 Coupe \u00e0 gauche\/ \u00e0 droite\/ des deux c\u00f4t\u00e9s.<br \/>\n\u2022 Blocage de la hauteur de coupe.<br \/>\n\u2022 Motorisation Honda avec filtre cyclonique.<br \/>\n\u2022 Jauge de niveau d&rsquo; huile et tuyau de vidange.<br \/>\n\u2022 Frein de stationnement.<br \/>\n\u2022 Carter de protection avant et arri\u00e8re.<br \/>\n\u2022 Roulements des roues avec protection.<br \/>\n\u2022 Carter pour disque de 500 mm disponible en option.<br \/>\n(seulement pour motorisations Honda 23CV, Kohler<br \/>\n18 CVet Lombardini 16 CV).<\/p>\n<p><img loading=\"lazy\" decoding=\"async\" class=\"alignnone wp-image-9199 size-full\" src=\"https:\/\/www.simasa.com\/wp-content\/uploads\/2016\/04\/avantages-trencher.jpg\" alt=\"\" width=\"1120\" height=\"492\" srcset=\"https:\/\/www.simasa.com\/wp-content\/uploads\/2016\/04\/avantages-trencher.jpg 1120w, https:\/\/www.simasa.com\/wp-content\/uploads\/2016\/04\/avantages-trencher-416x183.jpg 416w\" sizes=\"auto, (max-width: 1120px) 100vw, 1120px\" \/><\/p>\n<p><img loading=\"lazy\" decoding=\"async\" class=\"alignnone wp-image-9231 size-full\" src=\"https:\/\/www.simasa.com\/wp-content\/uploads\/2016\/04\/tabla-trencher-fr.jpg\" alt=\"\" width=\"1116\" height=\"286\" srcset=\"https:\/\/www.simasa.com\/wp-content\/uploads\/2016\/04\/tabla-trencher-fr.jpg 1116w, https:\/\/www.simasa.com\/wp-content\/uploads\/2016\/04\/tabla-trencher-fr-416x107.jpg 416w\" sizes=\"auto, (max-width: 1116px) 100vw, 1116px\" \/><\/p>\n<p><img loading=\"lazy\" decoding=\"async\" class=\"alignnone wp-image-9215 size-full\" src=\"https:\/\/www.simasa.com\/wp-content\/uploads\/2016\/04\/gain-temps-trencher.jpg\" alt=\"\" width=\"1104\" height=\"334\" srcset=\"https:\/\/www.simasa.com\/wp-content\/uploads\/2016\/04\/gain-temps-trencher.jpg 1104w, https:\/\/www.simasa.com\/wp-content\/uploads\/2016\/04\/gain-temps-trencher-416x126.jpg 416w\" sizes=\"auto, (max-width: 1104px) 100vw, 1104px\" \/><\/p>\n<p><img loading=\"lazy\" decoding=\"async\" class=\"alignnone wp-image-9207 size-full\" src=\"https:\/\/www.simasa.com\/wp-content\/uploads\/2016\/04\/etude-trencher.jpg\" alt=\"\" width=\"1117\" height=\"352\" srcset=\"https:\/\/www.simasa.com\/wp-content\/uploads\/2016\/04\/etude-trencher.jpg 1117w, https:\/\/www.simasa.com\/wp-content\/uploads\/2016\/04\/etude-trencher-416x131.jpg 416w\" sizes=\"auto, (max-width: 1117px) 100vw, 1117px\" \/><\/p>\n<p><iframe loading=\"lazy\" src=\"https:\/\/www.youtube.com\/embed\/mvChaHbpVJs\" width=\"700\" height=\"394\" frameborder=\"0\" allowfullscreen=\"allowfullscreen\"><\/iframe><\/p>\n","protected":false},"excerpt":{"rendered":"<p>La TRENCHER est une <strong>scie sol\u00a0\u00e0 double lame ou lame unique.<\/strong><\/p>\n<p>&nbsp;<\/p>\n","protected":false},"featured_media":6775,"comment_status":"open","ping_status":"closed","template":"","meta":{"_acf_changed":false},"product_brand":[],"product_cat":[1813],"product_tag":[3706],"class_list":{"0":"post-2816","1":"product","2":"type-product","3":"status-publish","4":"has-post-thumbnail","6":"product_cat-scies-a-sol","7":"product_tag-cortadoras-de-pavimento-fr","8":"pa_blade-included-no-fr","9":"pa_max-blade-diameter-mm-3748","10":"pa_max-cutting-depth-mm-3908","11":"pa_power-diesel-fr","12":"pa_power-essence","14":"first","15":"instock","16":"shipping-taxable","17":"product-type-simple"},"acf":[],"yoast_head":"<!-- This site is optimized with the Yoast SEO plugin v27.2 - https:\/\/yoast.com\/product\/yoast-seo-wordpress\/ -->\n<title>Cortadoras de Pavimento - TRENCHER 60\/70 | Sima<\/title>\n<meta name=\"description\" content=\"TRENCHER 60\/70. La TRENCHER est une scie sol\u00a0\u00e0 double lame ou lame unique.  &nbsp;\" \/>\n<meta name=\"robots\" content=\"noindex, follow\" \/>\n<meta property=\"og:locale\" content=\"fr_FR\" \/>\n<meta property=\"og:type\" content=\"article\" \/>\n<meta property=\"og:title\" content=\"Cortadoras de Pavimento - TRENCHER 60\/70 | Sima\" \/>\n<meta property=\"og:description\" content=\"TRENCHER 60\/70. La TRENCHER est une scie sol\u00a0\u00e0 double lame ou lame unique.  &nbsp;\" \/>\n<meta property=\"og:url\" content=\"https:\/\/www.simasa.com\/fr\/producto\/trencher-6070\/\" \/>\n<meta property=\"og:site_name\" content=\"Sima\" \/>\n<meta property=\"article:modified_time\" content=\"2017-12-26T10:35:20+00:00\" \/>\n<meta property=\"og:image\" content=\"https:\/\/www.simasa.com\/wp-content\/uploads\/2016\/04\/Trencher-3.jpg\" \/>\n\t<meta property=\"og:image:width\" content=\"1189\" \/>\n\t<meta property=\"og:image:height\" content=\"1024\" \/>\n\t<meta property=\"og:image:type\" content=\"image\/jpeg\" \/>\n<meta name=\"twitter:card\" content=\"summary_large_image\" \/>\n<meta name=\"twitter:label1\" content=\"Dur\u00e9e de lecture estim\u00e9e\" \/>\n\t<meta name=\"twitter:data1\" content=\"1 minute\" \/>\n<script type=\"application\/ld+json\" class=\"yoast-schema-graph\">{\"@context\":\"https:\/\/schema.org\",\"@graph\":[{\"@type\":\"WebPage\",\"@id\":\"https:\/\/www.simasa.com\/fr\/producto\/trencher-6070\/\",\"url\":\"https:\/\/www.simasa.com\/fr\/producto\/trencher-6070\/\",\"name\":\"Cortadoras de Pavimento - TRENCHER 60\/70 | Sima\",\"isPartOf\":{\"@id\":\"https:\/\/www.simasa.com\/fr\/#website\"},\"primaryImageOfPage\":{\"@id\":\"https:\/\/www.simasa.com\/fr\/producto\/trencher-6070\/#primaryimage\"},\"image\":{\"@id\":\"https:\/\/www.simasa.com\/fr\/producto\/trencher-6070\/#primaryimage\"},\"thumbnailUrl\":\"https:\/\/www.simasa.com\/wp-content\/uploads\/2016\/04\/Trencher-3.jpg\",\"datePublished\":\"2016-04-27T08:36:33+00:00\",\"dateModified\":\"2017-12-26T10:35:20+00:00\",\"description\":\"TRENCHER 60\/70. La TRENCHER est une scie sol\u00a0\u00e0 double lame ou lame unique. &nbsp;\",\"breadcrumb\":{\"@id\":\"https:\/\/www.simasa.com\/fr\/producto\/trencher-6070\/#breadcrumb\"},\"inLanguage\":\"fr-FR\",\"potentialAction\":[{\"@type\":\"ReadAction\",\"target\":[\"https:\/\/www.simasa.com\/fr\/producto\/trencher-6070\/\"]}]},{\"@type\":\"ImageObject\",\"inLanguage\":\"fr-FR\",\"@id\":\"https:\/\/www.simasa.com\/fr\/producto\/trencher-6070\/#primaryimage\",\"url\":\"https:\/\/www.simasa.com\/wp-content\/uploads\/2016\/04\/Trencher-3.jpg\",\"contentUrl\":\"https:\/\/www.simasa.com\/wp-content\/uploads\/2016\/04\/Trencher-3.jpg\",\"width\":1189,\"height\":1024},{\"@type\":\"BreadcrumbList\",\"@id\":\"https:\/\/www.simasa.com\/fr\/producto\/trencher-6070\/#breadcrumb\",\"itemListElement\":[{\"@type\":\"ListItem\",\"position\":1,\"name\":\"Inicio\",\"item\":\"https:\/\/www.simasa.com\/fr\/\"},{\"@type\":\"ListItem\",\"position\":2,\"name\":\"Catalogue\",\"item\":\"https:\/\/www.simasa.com\/cat-sima\/\"},{\"@type\":\"ListItem\",\"position\":3,\"name\":\"TRENCHER 60\/70\"}]},{\"@type\":\"WebSite\",\"@id\":\"https:\/\/www.simasa.com\/fr\/#website\",\"url\":\"https:\/\/www.simasa.com\/fr\/\",\"name\":\"Sima\",\"description\":\"Fabricantes de maquinaria para la construcci\u00f3n\",\"publisher\":{\"@id\":\"https:\/\/www.simasa.com\/fr\/#organization\"},\"potentialAction\":[{\"@type\":\"SearchAction\",\"target\":{\"@type\":\"EntryPoint\",\"urlTemplate\":\"https:\/\/www.simasa.com\/fr\/?s={search_term_string}\"},\"query-input\":{\"@type\":\"PropertyValueSpecification\",\"valueRequired\":true,\"valueName\":\"search_term_string\"}}],\"inLanguage\":\"fr-FR\"},{\"@type\":\"Organization\",\"@id\":\"https:\/\/www.simasa.com\/fr\/#organization\",\"name\":\"Sima\",\"url\":\"https:\/\/www.simasa.com\/fr\/\",\"logo\":{\"@type\":\"ImageObject\",\"inLanguage\":\"fr-FR\",\"@id\":\"https:\/\/www.simasa.com\/fr\/#\/schema\/logo\/image\/\",\"url\":\"https:\/\/www.simasa.com\/wp-content\/uploads\/2016\/03\/logo-1.jpg\",\"contentUrl\":\"https:\/\/www.simasa.com\/wp-content\/uploads\/2016\/03\/logo-1.jpg\",\"width\":121,\"height\":54,\"caption\":\"Sima\"},\"image\":{\"@id\":\"https:\/\/www.simasa.com\/fr\/#\/schema\/logo\/image\/\"}}]}<\/script>\n<!-- \/ Yoast SEO plugin. -->","yoast_head_json":{"title":"Cortadoras de Pavimento - TRENCHER 60\/70 | Sima","description":"TRENCHER 60\/70. La TRENCHER est une scie sol\u00a0\u00e0 double lame ou lame unique.  &nbsp;","robots":{"index":"noindex","follow":"follow"},"og_locale":"fr_FR","og_type":"article","og_title":"Cortadoras de Pavimento - TRENCHER 60\/70 | Sima","og_description":"TRENCHER 60\/70. La TRENCHER est une scie sol\u00a0\u00e0 double lame ou lame unique.  &nbsp;","og_url":"https:\/\/www.simasa.com\/fr\/producto\/trencher-6070\/","og_site_name":"Sima","article_modified_time":"2017-12-26T10:35:20+00:00","og_image":[{"width":1189,"height":1024,"url":"https:\/\/www.simasa.com\/wp-content\/uploads\/2016\/04\/Trencher-3.jpg","type":"image\/jpeg"}],"twitter_card":"summary_large_image","twitter_misc":{"Dur\u00e9e de lecture estim\u00e9e":"1 minute"},"schema":{"@context":"https:\/\/schema.org","@graph":[{"@type":"WebPage","@id":"https:\/\/www.simasa.com\/fr\/producto\/trencher-6070\/","url":"https:\/\/www.simasa.com\/fr\/producto\/trencher-6070\/","name":"Cortadoras de Pavimento - TRENCHER 60\/70 | Sima","isPartOf":{"@id":"https:\/\/www.simasa.com\/fr\/#website"},"primaryImageOfPage":{"@id":"https:\/\/www.simasa.com\/fr\/producto\/trencher-6070\/#primaryimage"},"image":{"@id":"https:\/\/www.simasa.com\/fr\/producto\/trencher-6070\/#primaryimage"},"thumbnailUrl":"https:\/\/www.simasa.com\/wp-content\/uploads\/2016\/04\/Trencher-3.jpg","datePublished":"2016-04-27T08:36:33+00:00","dateModified":"2017-12-26T10:35:20+00:00","description":"TRENCHER 60\/70. La TRENCHER est une scie sol\u00a0\u00e0 double lame ou lame unique. &nbsp;","breadcrumb":{"@id":"https:\/\/www.simasa.com\/fr\/producto\/trencher-6070\/#breadcrumb"},"inLanguage":"fr-FR","potentialAction":[{"@type":"ReadAction","target":["https:\/\/www.simasa.com\/fr\/producto\/trencher-6070\/"]}]},{"@type":"ImageObject","inLanguage":"fr-FR","@id":"https:\/\/www.simasa.com\/fr\/producto\/trencher-6070\/#primaryimage","url":"https:\/\/www.simasa.com\/wp-content\/uploads\/2016\/04\/Trencher-3.jpg","contentUrl":"https:\/\/www.simasa.com\/wp-content\/uploads\/2016\/04\/Trencher-3.jpg","width":1189,"height":1024},{"@type":"BreadcrumbList","@id":"https:\/\/www.simasa.com\/fr\/producto\/trencher-6070\/#breadcrumb","itemListElement":[{"@type":"ListItem","position":1,"name":"Inicio","item":"https:\/\/www.simasa.com\/fr\/"},{"@type":"ListItem","position":2,"name":"Catalogue","item":"https:\/\/www.simasa.com\/cat-sima\/"},{"@type":"ListItem","position":3,"name":"TRENCHER 60\/70"}]},{"@type":"WebSite","@id":"https:\/\/www.simasa.com\/fr\/#website","url":"https:\/\/www.simasa.com\/fr\/","name":"Sima","description":"Fabricantes de maquinaria para la construcci\u00f3n","publisher":{"@id":"https:\/\/www.simasa.com\/fr\/#organization"},"potentialAction":[{"@type":"SearchAction","target":{"@type":"EntryPoint","urlTemplate":"https:\/\/www.simasa.com\/fr\/?s={search_term_string}"},"query-input":{"@type":"PropertyValueSpecification","valueRequired":true,"valueName":"search_term_string"}}],"inLanguage":"fr-FR"},{"@type":"Organization","@id":"https:\/\/www.simasa.com\/fr\/#organization","name":"Sima","url":"https:\/\/www.simasa.com\/fr\/","logo":{"@type":"ImageObject","inLanguage":"fr-FR","@id":"https:\/\/www.simasa.com\/fr\/#\/schema\/logo\/image\/","url":"https:\/\/www.simasa.com\/wp-content\/uploads\/2016\/03\/logo-1.jpg","contentUrl":"https:\/\/www.simasa.com\/wp-content\/uploads\/2016\/03\/logo-1.jpg","width":121,"height":54,"caption":"Sima"},"image":{"@id":"https:\/\/www.simasa.com\/fr\/#\/schema\/logo\/image\/"}}]}},"_links":{"self":[{"href":"https:\/\/www.simasa.com\/fr\/wp-json\/wp\/v2\/product\/2816","targetHints":{"allow":["GET"]}}],"collection":[{"href":"https:\/\/www.simasa.com\/fr\/wp-json\/wp\/v2\/product"}],"about":[{"href":"https:\/\/www.simasa.com\/fr\/wp-json\/wp\/v2\/types\/product"}],"replies":[{"embeddable":true,"href":"https:\/\/www.simasa.com\/fr\/wp-json\/wp\/v2\/comments?post=2816"}],"wp:featuredmedia":[{"embeddable":true,"href":"https:\/\/www.simasa.com\/fr\/wp-json\/wp\/v2\/media\/6775"}],"wp:attachment":[{"href":"https:\/\/www.simasa.com\/fr\/wp-json\/wp\/v2\/media?parent=2816"}],"wp:term":[{"taxonomy":"product_brand","embeddable":true,"href":"https:\/\/www.simasa.com\/fr\/wp-json\/wp\/v2\/product_brand?post=2816"},{"taxonomy":"product_cat","embeddable":true,"href":"https:\/\/www.simasa.com\/fr\/wp-json\/wp\/v2\/product_cat?post=2816"},{"taxonomy":"product_tag","embeddable":true,"href":"https:\/\/www.simasa.com\/fr\/wp-json\/wp\/v2\/product_tag?post=2816"}],"curies":[{"name":"wp","href":"https:\/\/api.w.org\/{rel}","templated":true}]}}