{"id":2769,"date":"2016-04-26T09:13:19","date_gmt":"2016-04-26T09:13:19","guid":{"rendered":"https:\/\/www.simasa.com\/fr\/product\/cobra-40-mekano-honda-gx390-cyc\/"},"modified":"2017-12-25T20:14:38","modified_gmt":"2017-12-25T20:14:38","slug":"cobra-40-mekano","status":"publish","type":"product","link":"https:\/\/www.simasa.com\/fr\/producto\/cobra-40-mekano\/","title":{"rendered":"COBRA 40 MEKANO"},"content":{"rendered":"<p>Le concept <strong>Mekano<\/strong> est innovant chez <strong>SIMA<\/strong>. Les machines de la <strong>gamme Mekano<\/strong> ont l&rsquo;avantage que la plupart de leurs composants sont compatibles entre eux.<\/p>\n<p>La <strong>COBRA Mekano<\/strong> est une scie \u00e0 sol rapide, l\u00e9g\u00e8re et facile \u00e0 manier. Elle tol\u00e8re des disques de 350 \u00e0 500 mm. Son design tr\u00e8s innovant r\u00e9duit les p\u00e9riodes d&rsquo;entretien jusqu&rsquo;\u00e0 80%. Machine beaucoup plus rentable.<\/p>\n<p>La mont\u00e9e et descente de la coupe se fait de forme identique que sur les <strong>COBRA 30\/35 PRO<\/strong> par amortisseur \u00e0 gaz avec blocage en extension et compression situ\u00e9 sur le brancard de la machine.<\/p>\n<p>Un entretien minime et un gain de temps de pr\u00e8s de 80%, font de la <strong>COBRA Mekano<\/strong> une machine \u00e9conomique. Machines pr\u00e9conis\u00e9es chez les loueurs.<\/p>\n<p>SIMA a une fois de plus fait preuve d&rsquo; innovation dans le secteur. La courroie Poly-V a besoin d&rsquo; une tension beaucoup plus faible que la courroie conventionnelle de type A.<\/p>\n<p>&nbsp;<\/p>\n<p><strong>Rapide et l\u00e9g\u00e8re:<\/strong><\/p>\n<ul>\n<li>Les mod\u00e8les 40 et 50 offrent une profondeur\u00a0de coupe majeure. Con\u00e7ues pour des disques\u00a0de grand diam\u00e8tre.<\/li>\n<li>La COBRA 40 Mekano (capacit\u00e9s de disque\u00a0350 et 400 mm) a une profondeur de coupe\u00a0maximale de 132 mm alors que la COBRA\u00a0Mekano 50 (capacit\u00e9s de disque 400 et 500\u00a0mm) de 182 mm.<\/li>\n<li>Durabilit\u00e9, rendement du moteur optimis\u00e9 et\u00a0fonctionnement en souplesse.\u00a0Les deux mod\u00e8les sont propos\u00e9s avec\u00a0diff\u00e9rentes motorisations jusqu&rsquo; \u00e0 14 HP de\u00a0puissance. Possibilit\u00e9 de moteur avec filtre\u00a0cyclonique.<\/li>\n<\/ul>\n<p><img loading=\"lazy\" decoding=\"async\" class=\"alignnone wp-image-8198 size-full\" src=\"https:\/\/www.simasa.com\/wp-content\/uploads\/2017\/12\/avantages-cobra.jpg\" alt=\"\" width=\"1113\" height=\"491\" srcset=\"https:\/\/www.simasa.com\/wp-content\/uploads\/2017\/12\/avantages-cobra.jpg 1113w, https:\/\/www.simasa.com\/wp-content\/uploads\/2017\/12\/avantages-cobra-416x184.jpg 416w\" sizes=\"auto, (max-width: 1113px) 100vw, 1113px\" \/><\/p>\n<p>&nbsp;<\/p>\n<p><img loading=\"lazy\" decoding=\"async\" class=\"alignnone wp-image-8210 size-full\" src=\"https:\/\/www.simasa.com\/wp-content\/uploads\/2017\/12\/profondeur-coupe-cobra.jpg\" alt=\"\" width=\"1120\" height=\"207\" srcset=\"https:\/\/www.simasa.com\/wp-content\/uploads\/2017\/12\/profondeur-coupe-cobra.jpg 1120w, https:\/\/www.simasa.com\/wp-content\/uploads\/2017\/12\/profondeur-coupe-cobra-416x77.jpg 416w\" sizes=\"auto, (max-width: 1120px) 100vw, 1120px\" \/><\/p>\n<p>&nbsp;<\/p>\n<p><img loading=\"lazy\" decoding=\"async\" class=\"alignnone wp-image-8222 size-full\" src=\"https:\/\/www.simasa.com\/wp-content\/uploads\/2017\/12\/tabla-cobra-40-fr.jpg\" alt=\"\" width=\"1120\" height=\"321\" srcset=\"https:\/\/www.simasa.com\/wp-content\/uploads\/2017\/12\/tabla-cobra-40-fr.jpg 1120w, https:\/\/www.simasa.com\/wp-content\/uploads\/2017\/12\/tabla-cobra-40-fr-416x119.jpg 416w\" sizes=\"auto, (max-width: 1120px) 100vw, 1120px\" \/><\/p>\n<p><iframe loading=\"lazy\" src=\"https:\/\/www.youtube.com\/embed\/eUlPoj-2foA\" width=\"700\" height=\"394\" frameborder=\"0\" allowfullscreen=\"allowfullscreen\"><\/iframe><\/p>\n","protected":false},"excerpt":{"rendered":"<p>La <strong>COBRA 40 Mekano<\/strong> est une scie \u00e0 sol <strong>rapide, l\u00e9g\u00e8re et facile \u00e0 manier<\/strong>.<\/p>\n<p>&nbsp;<\/p>\n","protected":false},"featured_media":6364,"comment_status":"open","ping_status":"closed","template":"","meta":{"_acf_changed":false},"product_brand":[],"product_cat":[1813],"product_tag":[3706],"class_list":{"0":"post-2769","1":"product","2":"type-product","3":"status-publish","4":"has-post-thumbnail","6":"product_cat-scies-a-sol","7":"product_tag-cortadoras-de-pavimento-fr","8":"pa_blade-included-no-fr","9":"pa_max-blade-diameter-mm-3748","10":"pa_max-cutting-depth-mm-3899","11":"pa_power-essence","13":"first","14":"instock","15":"shipping-taxable","16":"product-type-simple"},"acf":[],"yoast_head":"<!-- This site is optimized with the Yoast SEO plugin v27.2 - https:\/\/yoast.com\/product\/yoast-seo-wordpress\/ -->\n<title>Cortadoras de Pavimento - COBRA 40 MEKANO | Sima<\/title>\n<meta name=\"description\" content=\"COBRA 40 MEKANO. La COBRA 40 Mekano est une scie \u00e0 sol rapide, l\u00e9g\u00e8re et facile \u00e0 manier.  &nbsp;\" \/>\n<meta name=\"robots\" content=\"noindex, follow\" \/>\n<meta property=\"og:locale\" content=\"fr_FR\" \/>\n<meta property=\"og:type\" content=\"article\" \/>\n<meta property=\"og:title\" content=\"Cortadoras de Pavimento - COBRA 40 MEKANO | Sima\" \/>\n<meta property=\"og:description\" content=\"COBRA 40 MEKANO. La COBRA 40 Mekano est une scie \u00e0 sol rapide, l\u00e9g\u00e8re et facile \u00e0 manier.  &nbsp;\" \/>\n<meta property=\"og:url\" content=\"https:\/\/www.simasa.com\/fr\/producto\/cobra-40-mekano\/\" \/>\n<meta property=\"og:site_name\" content=\"Sima\" \/>\n<meta property=\"article:modified_time\" content=\"2017-12-25T20:14:38+00:00\" \/>\n<meta property=\"og:image\" content=\"https:\/\/www.simasa.com\/wp-content\/uploads\/2016\/04\/SIMA-Cobra-40-Mekano-1.jpg\" \/>\n\t<meta property=\"og:image:width\" content=\"1211\" \/>\n\t<meta property=\"og:image:height\" content=\"1211\" \/>\n\t<meta property=\"og:image:type\" content=\"image\/jpeg\" \/>\n<meta name=\"twitter:card\" content=\"summary_large_image\" \/>\n<meta name=\"twitter:label1\" content=\"Dur\u00e9e de lecture estim\u00e9e\" \/>\n\t<meta name=\"twitter:data1\" content=\"1 minute\" \/>\n<script type=\"application\/ld+json\" class=\"yoast-schema-graph\">{\"@context\":\"https:\/\/schema.org\",\"@graph\":[{\"@type\":\"WebPage\",\"@id\":\"https:\/\/www.simasa.com\/fr\/producto\/cobra-40-mekano\/\",\"url\":\"https:\/\/www.simasa.com\/fr\/producto\/cobra-40-mekano\/\",\"name\":\"Cortadoras de Pavimento - COBRA 40 MEKANO | Sima\",\"isPartOf\":{\"@id\":\"https:\/\/www.simasa.com\/fr\/#website\"},\"primaryImageOfPage\":{\"@id\":\"https:\/\/www.simasa.com\/fr\/producto\/cobra-40-mekano\/#primaryimage\"},\"image\":{\"@id\":\"https:\/\/www.simasa.com\/fr\/producto\/cobra-40-mekano\/#primaryimage\"},\"thumbnailUrl\":\"https:\/\/www.simasa.com\/wp-content\/uploads\/2016\/04\/SIMA-Cobra-40-Mekano-1.jpg\",\"datePublished\":\"2016-04-26T09:13:19+00:00\",\"dateModified\":\"2017-12-25T20:14:38+00:00\",\"description\":\"COBRA 40 MEKANO. La COBRA 40 Mekano est une scie \u00e0 sol rapide, l\u00e9g\u00e8re et facile \u00e0 manier. &nbsp;\",\"breadcrumb\":{\"@id\":\"https:\/\/www.simasa.com\/fr\/producto\/cobra-40-mekano\/#breadcrumb\"},\"inLanguage\":\"fr-FR\",\"potentialAction\":[{\"@type\":\"ReadAction\",\"target\":[\"https:\/\/www.simasa.com\/fr\/producto\/cobra-40-mekano\/\"]}]},{\"@type\":\"ImageObject\",\"inLanguage\":\"fr-FR\",\"@id\":\"https:\/\/www.simasa.com\/fr\/producto\/cobra-40-mekano\/#primaryimage\",\"url\":\"https:\/\/www.simasa.com\/wp-content\/uploads\/2016\/04\/SIMA-Cobra-40-Mekano-1.jpg\",\"contentUrl\":\"https:\/\/www.simasa.com\/wp-content\/uploads\/2016\/04\/SIMA-Cobra-40-Mekano-1.jpg\",\"width\":1211,\"height\":1211},{\"@type\":\"BreadcrumbList\",\"@id\":\"https:\/\/www.simasa.com\/fr\/producto\/cobra-40-mekano\/#breadcrumb\",\"itemListElement\":[{\"@type\":\"ListItem\",\"position\":1,\"name\":\"Inicio\",\"item\":\"https:\/\/www.simasa.com\/fr\/\"},{\"@type\":\"ListItem\",\"position\":2,\"name\":\"Catalogue\",\"item\":\"https:\/\/www.simasa.com\/cat-sima\/\"},{\"@type\":\"ListItem\",\"position\":3,\"name\":\"COBRA 40 MEKANO\"}]},{\"@type\":\"WebSite\",\"@id\":\"https:\/\/www.simasa.com\/fr\/#website\",\"url\":\"https:\/\/www.simasa.com\/fr\/\",\"name\":\"Sima\",\"description\":\"Fabricantes de maquinaria para la construcci\u00f3n\",\"publisher\":{\"@id\":\"https:\/\/www.simasa.com\/fr\/#organization\"},\"potentialAction\":[{\"@type\":\"SearchAction\",\"target\":{\"@type\":\"EntryPoint\",\"urlTemplate\":\"https:\/\/www.simasa.com\/fr\/?s={search_term_string}\"},\"query-input\":{\"@type\":\"PropertyValueSpecification\",\"valueRequired\":true,\"valueName\":\"search_term_string\"}}],\"inLanguage\":\"fr-FR\"},{\"@type\":\"Organization\",\"@id\":\"https:\/\/www.simasa.com\/fr\/#organization\",\"name\":\"Sima\",\"url\":\"https:\/\/www.simasa.com\/fr\/\",\"logo\":{\"@type\":\"ImageObject\",\"inLanguage\":\"fr-FR\",\"@id\":\"https:\/\/www.simasa.com\/fr\/#\/schema\/logo\/image\/\",\"url\":\"https:\/\/www.simasa.com\/wp-content\/uploads\/2016\/03\/logo-1.jpg\",\"contentUrl\":\"https:\/\/www.simasa.com\/wp-content\/uploads\/2016\/03\/logo-1.jpg\",\"width\":121,\"height\":54,\"caption\":\"Sima\"},\"image\":{\"@id\":\"https:\/\/www.simasa.com\/fr\/#\/schema\/logo\/image\/\"}}]}<\/script>\n<!-- \/ Yoast SEO plugin. -->","yoast_head_json":{"title":"Cortadoras de Pavimento - COBRA 40 MEKANO | Sima","description":"COBRA 40 MEKANO. La COBRA 40 Mekano est une scie \u00e0 sol rapide, l\u00e9g\u00e8re et facile \u00e0 manier.  &nbsp;","robots":{"index":"noindex","follow":"follow"},"og_locale":"fr_FR","og_type":"article","og_title":"Cortadoras de Pavimento - COBRA 40 MEKANO | Sima","og_description":"COBRA 40 MEKANO. La COBRA 40 Mekano est une scie \u00e0 sol rapide, l\u00e9g\u00e8re et facile \u00e0 manier.  &nbsp;","og_url":"https:\/\/www.simasa.com\/fr\/producto\/cobra-40-mekano\/","og_site_name":"Sima","article_modified_time":"2017-12-25T20:14:38+00:00","og_image":[{"width":1211,"height":1211,"url":"https:\/\/www.simasa.com\/wp-content\/uploads\/2016\/04\/SIMA-Cobra-40-Mekano-1.jpg","type":"image\/jpeg"}],"twitter_card":"summary_large_image","twitter_misc":{"Dur\u00e9e de lecture estim\u00e9e":"1 minute"},"schema":{"@context":"https:\/\/schema.org","@graph":[{"@type":"WebPage","@id":"https:\/\/www.simasa.com\/fr\/producto\/cobra-40-mekano\/","url":"https:\/\/www.simasa.com\/fr\/producto\/cobra-40-mekano\/","name":"Cortadoras de Pavimento - COBRA 40 MEKANO | Sima","isPartOf":{"@id":"https:\/\/www.simasa.com\/fr\/#website"},"primaryImageOfPage":{"@id":"https:\/\/www.simasa.com\/fr\/producto\/cobra-40-mekano\/#primaryimage"},"image":{"@id":"https:\/\/www.simasa.com\/fr\/producto\/cobra-40-mekano\/#primaryimage"},"thumbnailUrl":"https:\/\/www.simasa.com\/wp-content\/uploads\/2016\/04\/SIMA-Cobra-40-Mekano-1.jpg","datePublished":"2016-04-26T09:13:19+00:00","dateModified":"2017-12-25T20:14:38+00:00","description":"COBRA 40 MEKANO. La COBRA 40 Mekano est une scie \u00e0 sol rapide, l\u00e9g\u00e8re et facile \u00e0 manier. &nbsp;","breadcrumb":{"@id":"https:\/\/www.simasa.com\/fr\/producto\/cobra-40-mekano\/#breadcrumb"},"inLanguage":"fr-FR","potentialAction":[{"@type":"ReadAction","target":["https:\/\/www.simasa.com\/fr\/producto\/cobra-40-mekano\/"]}]},{"@type":"ImageObject","inLanguage":"fr-FR","@id":"https:\/\/www.simasa.com\/fr\/producto\/cobra-40-mekano\/#primaryimage","url":"https:\/\/www.simasa.com\/wp-content\/uploads\/2016\/04\/SIMA-Cobra-40-Mekano-1.jpg","contentUrl":"https:\/\/www.simasa.com\/wp-content\/uploads\/2016\/04\/SIMA-Cobra-40-Mekano-1.jpg","width":1211,"height":1211},{"@type":"BreadcrumbList","@id":"https:\/\/www.simasa.com\/fr\/producto\/cobra-40-mekano\/#breadcrumb","itemListElement":[{"@type":"ListItem","position":1,"name":"Inicio","item":"https:\/\/www.simasa.com\/fr\/"},{"@type":"ListItem","position":2,"name":"Catalogue","item":"https:\/\/www.simasa.com\/cat-sima\/"},{"@type":"ListItem","position":3,"name":"COBRA 40 MEKANO"}]},{"@type":"WebSite","@id":"https:\/\/www.simasa.com\/fr\/#website","url":"https:\/\/www.simasa.com\/fr\/","name":"Sima","description":"Fabricantes de maquinaria para la construcci\u00f3n","publisher":{"@id":"https:\/\/www.simasa.com\/fr\/#organization"},"potentialAction":[{"@type":"SearchAction","target":{"@type":"EntryPoint","urlTemplate":"https:\/\/www.simasa.com\/fr\/?s={search_term_string}"},"query-input":{"@type":"PropertyValueSpecification","valueRequired":true,"valueName":"search_term_string"}}],"inLanguage":"fr-FR"},{"@type":"Organization","@id":"https:\/\/www.simasa.com\/fr\/#organization","name":"Sima","url":"https:\/\/www.simasa.com\/fr\/","logo":{"@type":"ImageObject","inLanguage":"fr-FR","@id":"https:\/\/www.simasa.com\/fr\/#\/schema\/logo\/image\/","url":"https:\/\/www.simasa.com\/wp-content\/uploads\/2016\/03\/logo-1.jpg","contentUrl":"https:\/\/www.simasa.com\/wp-content\/uploads\/2016\/03\/logo-1.jpg","width":121,"height":54,"caption":"Sima"},"image":{"@id":"https:\/\/www.simasa.com\/fr\/#\/schema\/logo\/image\/"}}]}},"_links":{"self":[{"href":"https:\/\/www.simasa.com\/fr\/wp-json\/wp\/v2\/product\/2769","targetHints":{"allow":["GET"]}}],"collection":[{"href":"https:\/\/www.simasa.com\/fr\/wp-json\/wp\/v2\/product"}],"about":[{"href":"https:\/\/www.simasa.com\/fr\/wp-json\/wp\/v2\/types\/product"}],"replies":[{"embeddable":true,"href":"https:\/\/www.simasa.com\/fr\/wp-json\/wp\/v2\/comments?post=2769"}],"wp:featuredmedia":[{"embeddable":true,"href":"https:\/\/www.simasa.com\/fr\/wp-json\/wp\/v2\/media\/6364"}],"wp:attachment":[{"href":"https:\/\/www.simasa.com\/fr\/wp-json\/wp\/v2\/media?parent=2769"}],"wp:term":[{"taxonomy":"product_brand","embeddable":true,"href":"https:\/\/www.simasa.com\/fr\/wp-json\/wp\/v2\/product_brand?post=2769"},{"taxonomy":"product_cat","embeddable":true,"href":"https:\/\/www.simasa.com\/fr\/wp-json\/wp\/v2\/product_cat?post=2769"},{"taxonomy":"product_tag","embeddable":true,"href":"https:\/\/www.simasa.com\/fr\/wp-json\/wp\/v2\/product_tag?post=2769"}],"curies":[{"name":"wp","href":"https:\/\/api.w.org\/{rel}","templated":true}]}}