{"id":2715,"date":"2016-04-25T14:14:35","date_gmt":"2016-04-25T14:14:35","guid":{"rendered":"https:\/\/www.simasa.com\/fr\/product\/ambar-200-110v60hz\/"},"modified":"2017-12-25T19:42:34","modified_gmt":"2017-12-25T19:42:34","slug":"ambar-200","status":"publish","type":"product","link":"https:\/\/www.simasa.com\/fr\/producto\/ambar-200\/","title":{"rendered":"AMBAR 200"},"content":{"rendered":"<p>&nbsp;<\/p>\n<p>Machine polyvalente, pratique, professionnelle. Facile \u00e0 utiliser.\u00a0Entretien simple.<\/p>\n<p>Offre des solutions rapides, fiables et efficaces. R\u00e9alisent les deux<br \/>\nfonctions de base du carreleur:<\/p>\n<ul>\n<li>coupe droite<\/li>\n<li>coupe en biseau (45\u00ba)<\/li>\n<\/ul>\n<p>La puissance du moteur (1,5 CV) et le diam\u00e8tre du disque (200 mm)\u00a0permettent de <strong>couper tout type de mat\u00e9riaux<\/strong> jusqu&rsquo;\u00e0 35 mm de haut\u00a0(carrelage, granito, brique rustique, marbre,granit, tuile, gres, etc).<\/p>\n<p>Bac \u00e0 eau d\u00e9montable pour un nettoyage ais\u00e9.\u00a0Pieds d\u00e9montables inclus pour un transport ais\u00e9.<\/p>\n<p><img loading=\"lazy\" decoding=\"async\" class=\"alignnone wp-image-9114 size-full\" src=\"https:\/\/www.simasa.com\/wp-content\/uploads\/2016\/04\/tabla-ambar-fr.jpg\" alt=\"\" width=\"1113\" height=\"306\" srcset=\"https:\/\/www.simasa.com\/wp-content\/uploads\/2016\/04\/tabla-ambar-fr.jpg 1113w, https:\/\/www.simasa.com\/wp-content\/uploads\/2016\/04\/tabla-ambar-fr-416x114.jpg 416w\" sizes=\"auto, (max-width: 1113px) 100vw, 1113px\" \/><\/p>\n<p><iframe loading=\"lazy\" src=\"https:\/\/www.youtube.com\/embed\/OCnfWj-bkAs\" width=\"700\" height=\"394\" frameborder=\"0\" allowfullscreen=\"allowfullscreen\"><\/iframe><\/p>\n","protected":false},"excerpt":{"rendered":"<p><strong>AMBAR 200<\/strong> offre des solutions <strong>rapides, fiables et efficaces<\/strong>. R\u00e9alisent les deux\u00a0fonctions de base du \u00a0carreleur.<\/p>\n","protected":false},"featured_media":4952,"comment_status":"open","ping_status":"closed","template":"","meta":{"_acf_changed":false},"product_brand":[],"product_cat":[1792],"product_tag":[2791],"class_list":{"0":"post-2715","1":"product","2":"type-product","3":"status-publish","4":"has-post-thumbnail","6":"product_cat-scies-de-carrelage-portables","7":"product_tag-cortadora-de-materiales-fr","8":"pa_45-cutting-oui-45-cutting-fr","9":"pa_max-blade-diameter-mm-3739","10":"pa_max-cutting-depth-mm-3870","11":"pa_max-cutting-length-mm-3937","13":"first","14":"instock","15":"shipping-taxable","16":"product-type-simple"},"acf":[],"yoast_head":"<!-- This site is optimized with the Yoast SEO plugin v27.2 - https:\/\/yoast.com\/product\/yoast-seo-wordpress\/ -->\n<title>Cortadora de Materiales - AMBAR 200 | Sima<\/title>\n<meta name=\"description\" content=\"AMBAR 200. AMBAR 200 offre des solutions rapides, fiables et efficaces. R\u00e9alisent les deux\u00a0fonctions de base du \u00a0carreleur.\" \/>\n<meta name=\"robots\" content=\"noindex, follow\" \/>\n<meta property=\"og:locale\" content=\"fr_FR\" \/>\n<meta property=\"og:type\" content=\"article\" \/>\n<meta property=\"og:title\" content=\"Cortadora de Materiales - AMBAR 200 | Sima\" \/>\n<meta property=\"og:description\" content=\"AMBAR 200. AMBAR 200 offre des solutions rapides, fiables et efficaces. R\u00e9alisent les deux\u00a0fonctions de base du \u00a0carreleur.\" \/>\n<meta property=\"og:url\" content=\"https:\/\/www.simasa.com\/fr\/producto\/ambar-200\/\" \/>\n<meta property=\"og:site_name\" content=\"Sima\" \/>\n<meta property=\"article:modified_time\" content=\"2017-12-25T19:42:34+00:00\" \/>\n<meta property=\"og:image\" content=\"https:\/\/www.simasa.com\/wp-content\/uploads\/2016\/04\/ambar.jpg\" \/>\n\t<meta property=\"og:image:width\" content=\"800\" \/>\n\t<meta property=\"og:image:height\" content=\"800\" \/>\n\t<meta property=\"og:image:type\" content=\"image\/jpeg\" \/>\n<meta name=\"twitter:card\" content=\"summary_large_image\" \/>\n<script type=\"application\/ld+json\" class=\"yoast-schema-graph\">{\"@context\":\"https:\/\/schema.org\",\"@graph\":[{\"@type\":\"WebPage\",\"@id\":\"https:\/\/www.simasa.com\/fr\/producto\/ambar-200\/\",\"url\":\"https:\/\/www.simasa.com\/fr\/producto\/ambar-200\/\",\"name\":\"Cortadora de Materiales - AMBAR 200 | Sima\",\"isPartOf\":{\"@id\":\"https:\/\/www.simasa.com\/fr\/#website\"},\"primaryImageOfPage\":{\"@id\":\"https:\/\/www.simasa.com\/fr\/producto\/ambar-200\/#primaryimage\"},\"image\":{\"@id\":\"https:\/\/www.simasa.com\/fr\/producto\/ambar-200\/#primaryimage\"},\"thumbnailUrl\":\"https:\/\/www.simasa.com\/wp-content\/uploads\/2016\/04\/ambar.jpg\",\"datePublished\":\"2016-04-25T14:14:35+00:00\",\"dateModified\":\"2017-12-25T19:42:34+00:00\",\"description\":\"AMBAR 200. AMBAR 200 offre des solutions rapides, fiables et efficaces. R\u00e9alisent les deux\u00a0fonctions de base du \u00a0carreleur.\",\"breadcrumb\":{\"@id\":\"https:\/\/www.simasa.com\/fr\/producto\/ambar-200\/#breadcrumb\"},\"inLanguage\":\"fr-FR\",\"potentialAction\":[{\"@type\":\"ReadAction\",\"target\":[\"https:\/\/www.simasa.com\/fr\/producto\/ambar-200\/\"]}]},{\"@type\":\"ImageObject\",\"inLanguage\":\"fr-FR\",\"@id\":\"https:\/\/www.simasa.com\/fr\/producto\/ambar-200\/#primaryimage\",\"url\":\"https:\/\/www.simasa.com\/wp-content\/uploads\/2016\/04\/ambar.jpg\",\"contentUrl\":\"https:\/\/www.simasa.com\/wp-content\/uploads\/2016\/04\/ambar.jpg\",\"width\":800,\"height\":800},{\"@type\":\"BreadcrumbList\",\"@id\":\"https:\/\/www.simasa.com\/fr\/producto\/ambar-200\/#breadcrumb\",\"itemListElement\":[{\"@type\":\"ListItem\",\"position\":1,\"name\":\"Inicio\",\"item\":\"https:\/\/www.simasa.com\/fr\/\"},{\"@type\":\"ListItem\",\"position\":2,\"name\":\"Catalogue\",\"item\":\"https:\/\/www.simasa.com\/cat-sima\/\"},{\"@type\":\"ListItem\",\"position\":3,\"name\":\"AMBAR 200\"}]},{\"@type\":\"WebSite\",\"@id\":\"https:\/\/www.simasa.com\/fr\/#website\",\"url\":\"https:\/\/www.simasa.com\/fr\/\",\"name\":\"Sima\",\"description\":\"Fabricantes de maquinaria para la construcci\u00f3n\",\"publisher\":{\"@id\":\"https:\/\/www.simasa.com\/fr\/#organization\"},\"potentialAction\":[{\"@type\":\"SearchAction\",\"target\":{\"@type\":\"EntryPoint\",\"urlTemplate\":\"https:\/\/www.simasa.com\/fr\/?s={search_term_string}\"},\"query-input\":{\"@type\":\"PropertyValueSpecification\",\"valueRequired\":true,\"valueName\":\"search_term_string\"}}],\"inLanguage\":\"fr-FR\"},{\"@type\":\"Organization\",\"@id\":\"https:\/\/www.simasa.com\/fr\/#organization\",\"name\":\"Sima\",\"url\":\"https:\/\/www.simasa.com\/fr\/\",\"logo\":{\"@type\":\"ImageObject\",\"inLanguage\":\"fr-FR\",\"@id\":\"https:\/\/www.simasa.com\/fr\/#\/schema\/logo\/image\/\",\"url\":\"https:\/\/www.simasa.com\/wp-content\/uploads\/2016\/03\/logo-1.jpg\",\"contentUrl\":\"https:\/\/www.simasa.com\/wp-content\/uploads\/2016\/03\/logo-1.jpg\",\"width\":121,\"height\":54,\"caption\":\"Sima\"},\"image\":{\"@id\":\"https:\/\/www.simasa.com\/fr\/#\/schema\/logo\/image\/\"}}]}<\/script>\n<!-- \/ Yoast SEO plugin. -->","yoast_head_json":{"title":"Cortadora de Materiales - AMBAR 200 | Sima","description":"AMBAR 200. AMBAR 200 offre des solutions rapides, fiables et efficaces. R\u00e9alisent les deux\u00a0fonctions de base du \u00a0carreleur.","robots":{"index":"noindex","follow":"follow"},"og_locale":"fr_FR","og_type":"article","og_title":"Cortadora de Materiales - AMBAR 200 | Sima","og_description":"AMBAR 200. AMBAR 200 offre des solutions rapides, fiables et efficaces. R\u00e9alisent les deux\u00a0fonctions de base du \u00a0carreleur.","og_url":"https:\/\/www.simasa.com\/fr\/producto\/ambar-200\/","og_site_name":"Sima","article_modified_time":"2017-12-25T19:42:34+00:00","og_image":[{"width":800,"height":800,"url":"https:\/\/www.simasa.com\/wp-content\/uploads\/2016\/04\/ambar.jpg","type":"image\/jpeg"}],"twitter_card":"summary_large_image","schema":{"@context":"https:\/\/schema.org","@graph":[{"@type":"WebPage","@id":"https:\/\/www.simasa.com\/fr\/producto\/ambar-200\/","url":"https:\/\/www.simasa.com\/fr\/producto\/ambar-200\/","name":"Cortadora de Materiales - AMBAR 200 | Sima","isPartOf":{"@id":"https:\/\/www.simasa.com\/fr\/#website"},"primaryImageOfPage":{"@id":"https:\/\/www.simasa.com\/fr\/producto\/ambar-200\/#primaryimage"},"image":{"@id":"https:\/\/www.simasa.com\/fr\/producto\/ambar-200\/#primaryimage"},"thumbnailUrl":"https:\/\/www.simasa.com\/wp-content\/uploads\/2016\/04\/ambar.jpg","datePublished":"2016-04-25T14:14:35+00:00","dateModified":"2017-12-25T19:42:34+00:00","description":"AMBAR 200. AMBAR 200 offre des solutions rapides, fiables et efficaces. R\u00e9alisent les deux\u00a0fonctions de base du \u00a0carreleur.","breadcrumb":{"@id":"https:\/\/www.simasa.com\/fr\/producto\/ambar-200\/#breadcrumb"},"inLanguage":"fr-FR","potentialAction":[{"@type":"ReadAction","target":["https:\/\/www.simasa.com\/fr\/producto\/ambar-200\/"]}]},{"@type":"ImageObject","inLanguage":"fr-FR","@id":"https:\/\/www.simasa.com\/fr\/producto\/ambar-200\/#primaryimage","url":"https:\/\/www.simasa.com\/wp-content\/uploads\/2016\/04\/ambar.jpg","contentUrl":"https:\/\/www.simasa.com\/wp-content\/uploads\/2016\/04\/ambar.jpg","width":800,"height":800},{"@type":"BreadcrumbList","@id":"https:\/\/www.simasa.com\/fr\/producto\/ambar-200\/#breadcrumb","itemListElement":[{"@type":"ListItem","position":1,"name":"Inicio","item":"https:\/\/www.simasa.com\/fr\/"},{"@type":"ListItem","position":2,"name":"Catalogue","item":"https:\/\/www.simasa.com\/cat-sima\/"},{"@type":"ListItem","position":3,"name":"AMBAR 200"}]},{"@type":"WebSite","@id":"https:\/\/www.simasa.com\/fr\/#website","url":"https:\/\/www.simasa.com\/fr\/","name":"Sima","description":"Fabricantes de maquinaria para la construcci\u00f3n","publisher":{"@id":"https:\/\/www.simasa.com\/fr\/#organization"},"potentialAction":[{"@type":"SearchAction","target":{"@type":"EntryPoint","urlTemplate":"https:\/\/www.simasa.com\/fr\/?s={search_term_string}"},"query-input":{"@type":"PropertyValueSpecification","valueRequired":true,"valueName":"search_term_string"}}],"inLanguage":"fr-FR"},{"@type":"Organization","@id":"https:\/\/www.simasa.com\/fr\/#organization","name":"Sima","url":"https:\/\/www.simasa.com\/fr\/","logo":{"@type":"ImageObject","inLanguage":"fr-FR","@id":"https:\/\/www.simasa.com\/fr\/#\/schema\/logo\/image\/","url":"https:\/\/www.simasa.com\/wp-content\/uploads\/2016\/03\/logo-1.jpg","contentUrl":"https:\/\/www.simasa.com\/wp-content\/uploads\/2016\/03\/logo-1.jpg","width":121,"height":54,"caption":"Sima"},"image":{"@id":"https:\/\/www.simasa.com\/fr\/#\/schema\/logo\/image\/"}}]}},"_links":{"self":[{"href":"https:\/\/www.simasa.com\/fr\/wp-json\/wp\/v2\/product\/2715","targetHints":{"allow":["GET"]}}],"collection":[{"href":"https:\/\/www.simasa.com\/fr\/wp-json\/wp\/v2\/product"}],"about":[{"href":"https:\/\/www.simasa.com\/fr\/wp-json\/wp\/v2\/types\/product"}],"replies":[{"embeddable":true,"href":"https:\/\/www.simasa.com\/fr\/wp-json\/wp\/v2\/comments?post=2715"}],"wp:featuredmedia":[{"embeddable":true,"href":"https:\/\/www.simasa.com\/fr\/wp-json\/wp\/v2\/media\/4952"}],"wp:attachment":[{"href":"https:\/\/www.simasa.com\/fr\/wp-json\/wp\/v2\/media?parent=2715"}],"wp:term":[{"taxonomy":"product_brand","embeddable":true,"href":"https:\/\/www.simasa.com\/fr\/wp-json\/wp\/v2\/product_brand?post=2715"},{"taxonomy":"product_cat","embeddable":true,"href":"https:\/\/www.simasa.com\/fr\/wp-json\/wp\/v2\/product_cat?post=2715"},{"taxonomy":"product_tag","embeddable":true,"href":"https:\/\/www.simasa.com\/fr\/wp-json\/wp\/v2\/product_tag?post=2715"}],"curies":[{"name":"wp","href":"https:\/\/api.w.org\/{rel}","templated":true}]}}