{"id":2516,"date":"2016-04-25T06:55:06","date_gmt":"2016-04-25T06:55:06","guid":{"rendered":"https:\/\/www.simasa.com\/fr\/product\/bali-700-mk-230v-60hz-t\/"},"modified":"2017-12-25T16:46:01","modified_gmt":"2017-12-25T16:46:01","slug":"bali-700","status":"publish","type":"product","link":"https:\/\/www.simasa.com\/fr\/producto\/bali-700\/","title":{"rendered":"BALI 700 Mekano"},"content":{"rendered":"<p>Le concept innovant appliqu\u00e9 \u00e0 la gamme <strong>BALI<\/strong> permet d&rsquo; avoir une grande vari\u00e9t\u00e9 de scies \u00e0 blocs interchangeables \u00e0 100% en fonction des besoins sp\u00e9cifiques de chaque client.<\/p>\n<p>Con\u00e7ue pour la <strong>d\u00e9coupe de blocs b\u00e9ton, briques, etc.<\/strong>,\u00a0ou autres mat\u00e9riaux de construction comme:<\/p>\n<ul>\n<li><strong> la tuile<\/strong><\/li>\n<li><strong>le\u00a0granite<\/strong><\/li>\n<li><strong>le b\u00e9ton<\/strong><\/li>\n<li><strong>les pav\u00e9s.<\/strong><\/li>\n<\/ul>\n<p>Construite pour durer: b\u00e2ti en aluminium et bac \u00e0 eau en\u00a0acier galvanis\u00e9: <strong>r\u00e9sistance maximale \u00e0 la corrosion.\u00a0<\/strong><\/p>\n<p><strong>La gamme BALI 700<\/strong> permet l&rsquo;utilisation de disques\u00a0diamant de:<\/p>\n<ul>\n<li><em> \u00d8600<\/em><\/li>\n<li><em>\u00d8650<\/em><\/li>\n<li><em>\u00d8700 mm<\/em> assurant une\u00a0hauteur de coupe maximale de 540 mm en une seule\u00a0passe.<\/li>\n<\/ul>\n<p>Le mod\u00e8le <strong>BALI 700<\/strong> est plus <strong>l\u00e9ger et portatif<\/strong> pour la\u00a0d\u00e9coupe de blocs de grande taille. Il existe en version\u00a0triphas\u00e9e ou monophas\u00e9e, ce qui permet son raccordement au\u00a0r\u00e9seau normal d&rsquo; \u00e9lectricit\u00e9.<\/p>\n<p><strong>La coupe blocs robuste et polyvalente:<\/strong><\/p>\n<ul>\n<li>Dimensions r\u00e9duites. Facile \u00e0 ranger.<\/li>\n<li>B\u00e2ti en aluminium extrud\u00e9 et anodis\u00e9 pour une plus grande\u00a0durabilit\u00e9 et faible poids.<\/li>\n<li>Transport et travail ais\u00e9s sur chantier.<\/li>\n<li>Pas de traces de rouille sur le bac en acier galvanis\u00e9.<\/li>\n<li>D\u00e9placement du chariot sur des guides en aluminium anodis\u00e9es\u00a0qui am\u00e9liorent la qualit\u00e9 et la pr\u00e9cision de la coupe et \u00e9vitent toute\u00a0corrosion en contact avec de l&rsquo; eau.<\/li>\n<li>Consid\u00e9rable hauteur de coupe de 20 cm pour la BALI 500 et de 35\u00a0cm pour la BALI 700.<\/li>\n<li>Mont\u00e9e et descente de la t\u00eate de coupe \u00e0 diff\u00e9rents niveaux de\u00a0mani\u00e8re simple et rapide.<\/li>\n<li>D&rsquo; une grande robustesse. Pas de vibrations pendant la coupe.<\/li>\n<li>Rendement optimal des disques diamant.<\/li>\n<li>Pr\u00e9conis\u00e9e pour couper des morceaux de granit de 2, 4,6, 8 et 10 cm\u00a0de hauteur.<\/li>\n<\/ul>\n<p><img loading=\"lazy\" decoding=\"async\" class=\"alignnone wp-image-8595 size-full\" src=\"https:\/\/www.simasa.com\/wp-content\/uploads\/2017\/05\/avantages-bali.jpg\" alt=\"\" width=\"1115\" height=\"492\" srcset=\"https:\/\/www.simasa.com\/wp-content\/uploads\/2017\/05\/avantages-bali.jpg 1115w, https:\/\/www.simasa.com\/wp-content\/uploads\/2017\/05\/avantages-bali-416x184.jpg 416w\" sizes=\"auto, (max-width: 1115px) 100vw, 1115px\" \/><\/p>\n<p><img loading=\"lazy\" decoding=\"async\" class=\"alignnone wp-image-8647 size-full\" src=\"https:\/\/www.simasa.com\/wp-content\/uploads\/2017\/05\/materiaux-bali.jpg\" alt=\"\" width=\"1117\" height=\"146\" srcset=\"https:\/\/www.simasa.com\/wp-content\/uploads\/2017\/05\/materiaux-bali.jpg 1117w, https:\/\/www.simasa.com\/wp-content\/uploads\/2017\/05\/materiaux-bali-416x54.jpg 416w\" sizes=\"auto, (max-width: 1117px) 100vw, 1117px\" \/><\/p>\n<p><img loading=\"lazy\" decoding=\"async\" class=\"alignnone wp-image-8671 size-full\" src=\"https:\/\/www.simasa.com\/wp-content\/uploads\/2017\/05\/tabla-bali700-fr.jpg\" alt=\"\" width=\"1109\" height=\"350\" srcset=\"https:\/\/www.simasa.com\/wp-content\/uploads\/2017\/05\/tabla-bali700-fr.jpg 1109w, https:\/\/www.simasa.com\/wp-content\/uploads\/2017\/05\/tabla-bali700-fr-416x131.jpg 416w\" sizes=\"auto, (max-width: 1109px) 100vw, 1109px\" \/><\/p>\n<p><iframe loading=\"lazy\" src=\"https:\/\/www.youtube.com\/embed\/8051EJE3eRQ\" width=\"700\" height=\"394\" frameborder=\"0\" allowfullscreen=\"allowfullscreen\"><\/iframe><\/p>\n","protected":false},"excerpt":{"rendered":"<p>La gamme<strong> BALI 700<\/strong> permet l&rsquo;utilisation de disques diamant de \u00d8600, \u00d8650 et \u00d8700 mm assurant une hauteur de coupe maximale de 270 mm en une seule passe.<\/p>\n<p>&nbsp;<\/p>\n","protected":false},"featured_media":5454,"comment_status":"open","ping_status":"closed","template":"","meta":{"_acf_changed":false},"product_brand":[],"product_cat":[1793],"product_tag":[2791],"class_list":{"0":"post-2516","1":"product","2":"type-product","3":"status-publish","4":"has-post-thumbnail","6":"product_cat-scies-a-blocs-grand-format","7":"product_tag-cortadora-de-materiales-fr","8":"pa_45-cutting-non-45-cutting-fr","9":"pa_blade-included-no-fr","10":"pa_max-blade-diameter-mm-3754","11":"pa_max-cutting-depth-mm-3876","12":"pa_max-cutting-length-mm-3919","14":"first","15":"instock","16":"shipping-taxable","17":"product-type-simple"},"acf":[],"yoast_head":"<!-- This site is optimized with the Yoast SEO plugin v27.2 - https:\/\/yoast.com\/product\/yoast-seo-wordpress\/ -->\n<title>Cortadora de Materiales - BALI 700 Mekano | Sima<\/title>\n<meta name=\"description\" content=\"BALI 700 Mekano. La gamme BALI 700 permet l&#039;utilisation de disques diamant de \u00d8600, \u00d8650 et \u00d8700 mm assurant une hauteur de coupe maximale de 270 mm en une seule passe.  &nbsp;\" \/>\n<meta name=\"robots\" content=\"noindex, follow\" \/>\n<meta property=\"og:locale\" content=\"fr_FR\" \/>\n<meta property=\"og:type\" content=\"article\" \/>\n<meta property=\"og:title\" content=\"Cortadora de Materiales - BALI 700 Mekano | Sima\" \/>\n<meta property=\"og:description\" content=\"BALI 700 Mekano. La gamme BALI 700 permet l&#039;utilisation de disques diamant de \u00d8600, \u00d8650 et \u00d8700 mm assurant une hauteur de coupe maximale de 270 mm en une seule passe.  &nbsp;\" \/>\n<meta property=\"og:url\" content=\"https:\/\/www.simasa.com\/fr\/producto\/bali-700\/\" \/>\n<meta property=\"og:site_name\" content=\"Sima\" \/>\n<meta property=\"article:modified_time\" content=\"2017-12-25T16:46:01+00:00\" \/>\n<meta property=\"og:image\" content=\"https:\/\/www.simasa.com\/wp-content\/uploads\/2016\/04\/SIMA-BALI-700.png\" \/>\n\t<meta property=\"og:image:width\" content=\"980\" \/>\n\t<meta property=\"og:image:height\" content=\"980\" \/>\n\t<meta property=\"og:image:type\" content=\"image\/png\" \/>\n<meta name=\"twitter:card\" content=\"summary_large_image\" \/>\n<meta name=\"twitter:label1\" content=\"Dur\u00e9e de lecture estim\u00e9e\" \/>\n\t<meta name=\"twitter:data1\" content=\"1 minute\" \/>\n<script type=\"application\/ld+json\" class=\"yoast-schema-graph\">{\"@context\":\"https:\/\/schema.org\",\"@graph\":[{\"@type\":\"WebPage\",\"@id\":\"https:\/\/www.simasa.com\/fr\/producto\/bali-700\/\",\"url\":\"https:\/\/www.simasa.com\/fr\/producto\/bali-700\/\",\"name\":\"Cortadora de Materiales - BALI 700 Mekano | Sima\",\"isPartOf\":{\"@id\":\"https:\/\/www.simasa.com\/fr\/#website\"},\"primaryImageOfPage\":{\"@id\":\"https:\/\/www.simasa.com\/fr\/producto\/bali-700\/#primaryimage\"},\"image\":{\"@id\":\"https:\/\/www.simasa.com\/fr\/producto\/bali-700\/#primaryimage\"},\"thumbnailUrl\":\"https:\/\/www.simasa.com\/wp-content\/uploads\/2016\/04\/SIMA-BALI-700.png\",\"datePublished\":\"2016-04-25T06:55:06+00:00\",\"dateModified\":\"2017-12-25T16:46:01+00:00\",\"description\":\"BALI 700 Mekano. La gamme BALI 700 permet l'utilisation de disques diamant de \u00d8600, \u00d8650 et \u00d8700 mm assurant une hauteur de coupe maximale de 270 mm en une seule passe. &nbsp;\",\"breadcrumb\":{\"@id\":\"https:\/\/www.simasa.com\/fr\/producto\/bali-700\/#breadcrumb\"},\"inLanguage\":\"fr-FR\",\"potentialAction\":[{\"@type\":\"ReadAction\",\"target\":[\"https:\/\/www.simasa.com\/fr\/producto\/bali-700\/\"]}]},{\"@type\":\"ImageObject\",\"inLanguage\":\"fr-FR\",\"@id\":\"https:\/\/www.simasa.com\/fr\/producto\/bali-700\/#primaryimage\",\"url\":\"https:\/\/www.simasa.com\/wp-content\/uploads\/2016\/04\/SIMA-BALI-700.png\",\"contentUrl\":\"https:\/\/www.simasa.com\/wp-content\/uploads\/2016\/04\/SIMA-BALI-700.png\",\"width\":2466,\"height\":2466},{\"@type\":\"BreadcrumbList\",\"@id\":\"https:\/\/www.simasa.com\/fr\/producto\/bali-700\/#breadcrumb\",\"itemListElement\":[{\"@type\":\"ListItem\",\"position\":1,\"name\":\"Inicio\",\"item\":\"https:\/\/www.simasa.com\/fr\/\"},{\"@type\":\"ListItem\",\"position\":2,\"name\":\"Catalogue\",\"item\":\"https:\/\/www.simasa.com\/cat-sima\/\"},{\"@type\":\"ListItem\",\"position\":3,\"name\":\"BALI 700 Mekano\"}]},{\"@type\":\"WebSite\",\"@id\":\"https:\/\/www.simasa.com\/fr\/#website\",\"url\":\"https:\/\/www.simasa.com\/fr\/\",\"name\":\"Sima\",\"description\":\"Fabricantes de maquinaria para la construcci\u00f3n\",\"publisher\":{\"@id\":\"https:\/\/www.simasa.com\/fr\/#organization\"},\"potentialAction\":[{\"@type\":\"SearchAction\",\"target\":{\"@type\":\"EntryPoint\",\"urlTemplate\":\"https:\/\/www.simasa.com\/fr\/?s={search_term_string}\"},\"query-input\":{\"@type\":\"PropertyValueSpecification\",\"valueRequired\":true,\"valueName\":\"search_term_string\"}}],\"inLanguage\":\"fr-FR\"},{\"@type\":\"Organization\",\"@id\":\"https:\/\/www.simasa.com\/fr\/#organization\",\"name\":\"Sima\",\"url\":\"https:\/\/www.simasa.com\/fr\/\",\"logo\":{\"@type\":\"ImageObject\",\"inLanguage\":\"fr-FR\",\"@id\":\"https:\/\/www.simasa.com\/fr\/#\/schema\/logo\/image\/\",\"url\":\"https:\/\/www.simasa.com\/wp-content\/uploads\/2016\/03\/logo-1.jpg\",\"contentUrl\":\"https:\/\/www.simasa.com\/wp-content\/uploads\/2016\/03\/logo-1.jpg\",\"width\":121,\"height\":54,\"caption\":\"Sima\"},\"image\":{\"@id\":\"https:\/\/www.simasa.com\/fr\/#\/schema\/logo\/image\/\"}}]}<\/script>\n<!-- \/ Yoast SEO plugin. -->","yoast_head_json":{"title":"Cortadora de Materiales - BALI 700 Mekano | Sima","description":"BALI 700 Mekano. La gamme BALI 700 permet l'utilisation de disques diamant de \u00d8600, \u00d8650 et \u00d8700 mm assurant une hauteur de coupe maximale de 270 mm en une seule passe.  &nbsp;","robots":{"index":"noindex","follow":"follow"},"og_locale":"fr_FR","og_type":"article","og_title":"Cortadora de Materiales - BALI 700 Mekano | Sima","og_description":"BALI 700 Mekano. La gamme BALI 700 permet l'utilisation de disques diamant de \u00d8600, \u00d8650 et \u00d8700 mm assurant une hauteur de coupe maximale de 270 mm en une seule passe.  &nbsp;","og_url":"https:\/\/www.simasa.com\/fr\/producto\/bali-700\/","og_site_name":"Sima","article_modified_time":"2017-12-25T16:46:01+00:00","og_image":[{"url":"https:\/\/www.simasa.com\/wp-content\/uploads\/2016\/04\/SIMA-BALI-700.png","width":980,"height":980,"type":"image\/png"}],"twitter_card":"summary_large_image","twitter_misc":{"Dur\u00e9e de lecture estim\u00e9e":"1 minute"},"schema":{"@context":"https:\/\/schema.org","@graph":[{"@type":"WebPage","@id":"https:\/\/www.simasa.com\/fr\/producto\/bali-700\/","url":"https:\/\/www.simasa.com\/fr\/producto\/bali-700\/","name":"Cortadora de Materiales - BALI 700 Mekano | Sima","isPartOf":{"@id":"https:\/\/www.simasa.com\/fr\/#website"},"primaryImageOfPage":{"@id":"https:\/\/www.simasa.com\/fr\/producto\/bali-700\/#primaryimage"},"image":{"@id":"https:\/\/www.simasa.com\/fr\/producto\/bali-700\/#primaryimage"},"thumbnailUrl":"https:\/\/www.simasa.com\/wp-content\/uploads\/2016\/04\/SIMA-BALI-700.png","datePublished":"2016-04-25T06:55:06+00:00","dateModified":"2017-12-25T16:46:01+00:00","description":"BALI 700 Mekano. La gamme BALI 700 permet l'utilisation de disques diamant de \u00d8600, \u00d8650 et \u00d8700 mm assurant une hauteur de coupe maximale de 270 mm en une seule passe. &nbsp;","breadcrumb":{"@id":"https:\/\/www.simasa.com\/fr\/producto\/bali-700\/#breadcrumb"},"inLanguage":"fr-FR","potentialAction":[{"@type":"ReadAction","target":["https:\/\/www.simasa.com\/fr\/producto\/bali-700\/"]}]},{"@type":"ImageObject","inLanguage":"fr-FR","@id":"https:\/\/www.simasa.com\/fr\/producto\/bali-700\/#primaryimage","url":"https:\/\/www.simasa.com\/wp-content\/uploads\/2016\/04\/SIMA-BALI-700.png","contentUrl":"https:\/\/www.simasa.com\/wp-content\/uploads\/2016\/04\/SIMA-BALI-700.png","width":2466,"height":2466},{"@type":"BreadcrumbList","@id":"https:\/\/www.simasa.com\/fr\/producto\/bali-700\/#breadcrumb","itemListElement":[{"@type":"ListItem","position":1,"name":"Inicio","item":"https:\/\/www.simasa.com\/fr\/"},{"@type":"ListItem","position":2,"name":"Catalogue","item":"https:\/\/www.simasa.com\/cat-sima\/"},{"@type":"ListItem","position":3,"name":"BALI 700 Mekano"}]},{"@type":"WebSite","@id":"https:\/\/www.simasa.com\/fr\/#website","url":"https:\/\/www.simasa.com\/fr\/","name":"Sima","description":"Fabricantes de maquinaria para la construcci\u00f3n","publisher":{"@id":"https:\/\/www.simasa.com\/fr\/#organization"},"potentialAction":[{"@type":"SearchAction","target":{"@type":"EntryPoint","urlTemplate":"https:\/\/www.simasa.com\/fr\/?s={search_term_string}"},"query-input":{"@type":"PropertyValueSpecification","valueRequired":true,"valueName":"search_term_string"}}],"inLanguage":"fr-FR"},{"@type":"Organization","@id":"https:\/\/www.simasa.com\/fr\/#organization","name":"Sima","url":"https:\/\/www.simasa.com\/fr\/","logo":{"@type":"ImageObject","inLanguage":"fr-FR","@id":"https:\/\/www.simasa.com\/fr\/#\/schema\/logo\/image\/","url":"https:\/\/www.simasa.com\/wp-content\/uploads\/2016\/03\/logo-1.jpg","contentUrl":"https:\/\/www.simasa.com\/wp-content\/uploads\/2016\/03\/logo-1.jpg","width":121,"height":54,"caption":"Sima"},"image":{"@id":"https:\/\/www.simasa.com\/fr\/#\/schema\/logo\/image\/"}}]}},"_links":{"self":[{"href":"https:\/\/www.simasa.com\/fr\/wp-json\/wp\/v2\/product\/2516","targetHints":{"allow":["GET"]}}],"collection":[{"href":"https:\/\/www.simasa.com\/fr\/wp-json\/wp\/v2\/product"}],"about":[{"href":"https:\/\/www.simasa.com\/fr\/wp-json\/wp\/v2\/types\/product"}],"replies":[{"embeddable":true,"href":"https:\/\/www.simasa.com\/fr\/wp-json\/wp\/v2\/comments?post=2516"}],"wp:featuredmedia":[{"embeddable":true,"href":"https:\/\/www.simasa.com\/fr\/wp-json\/wp\/v2\/media\/5454"}],"wp:attachment":[{"href":"https:\/\/www.simasa.com\/fr\/wp-json\/wp\/v2\/media?parent=2516"}],"wp:term":[{"taxonomy":"product_brand","embeddable":true,"href":"https:\/\/www.simasa.com\/fr\/wp-json\/wp\/v2\/product_brand?post=2516"},{"taxonomy":"product_cat","embeddable":true,"href":"https:\/\/www.simasa.com\/fr\/wp-json\/wp\/v2\/product_cat?post=2516"},{"taxonomy":"product_tag","embeddable":true,"href":"https:\/\/www.simasa.com\/fr\/wp-json\/wp\/v2\/product_tag?post=2516"}],"curies":[{"name":"wp","href":"https:\/\/api.w.org\/{rel}","templated":true}]}}