{"id":2452,"date":"2016-05-25T15:48:10","date_gmt":"2016-05-25T15:48:10","guid":{"rendered":"https:\/\/www.simasa.com\/fr\/product\/ata-400\/"},"modified":"2018-05-08T10:20:02","modified_gmt":"2018-05-08T10:20:02","slug":"ata-450","status":"publish","type":"product","link":"https:\/\/www.simasa.com\/fr\/producto\/ata-450\/","title":{"rendered":"ATA 450 Li"},"content":{"rendered":"<p>Lieuse pour:<\/p>\n<ul>\n<li><strong>piliers<\/strong><\/li>\n<li><strong>treillis m\u00e9talliques<\/strong><\/li>\n<li><strong>structures r\u00e9ticulaires.<\/strong><\/li>\n<\/ul>\n<p><strong>L\u00e9gere et compacte<\/strong>. Prise en main avec une main. <em>Vitesse d&rsquo;exploitation jusqu&rsquo;\u00e0 cinq fois plus rapide que la ligature\u00a0manuelle (moins d&rsquo;une nde par ligature).\u00a0<\/em><\/p>\n<p>S\u00e9lecteur de ligatures pour 2 ou 3 torsions de fil de fer.\u00a0Couple de serrage optimal par rapport \u00e0 d&rsquo;autres mod\u00e8les de la\u00a0concurrence. Moins de tirs requis (minimum 33%).\u00a05 niveaux de forces de ligatures.\u00a0Batterie de lithium rechargeable (3 Ah) avec environ <strong>2200 ligatures\u00a0par charge<\/strong>.<\/p>\n<p>Con\u00e7ue avec des <strong>mat\u00e9riaux de qualit\u00e9<\/strong> en injection plastique ABS\u00a0de derni\u00e8re g\u00e9n\u00e9ration et <strong>poign\u00e9e ergonomique<\/strong> en caoutchouc.\u00a0<strong>Syst\u00e8me \u00e9lectronique high-tech<\/strong>, avec des voyants de diagnostic\u00a0pour d\u00e9tecter les pannes et\u00a0<strong>verrouillage de s\u00e9curit\u00e9 pour \u00e9viter les accidents.<\/strong><\/p>\n<p>&nbsp;<\/p>\n<p><img loading=\"lazy\" decoding=\"async\" class=\"size-full wp-image-9722 aligncenter\" src=\"https:\/\/www.simasa.com\/wp-content\/uploads\/2016\/05\/ATA-3-1.jpg\" alt=\"\" width=\"644\" height=\"351\" srcset=\"https:\/\/www.simasa.com\/wp-content\/uploads\/2016\/05\/ATA-3-1.jpg 644w, https:\/\/www.simasa.com\/wp-content\/uploads\/2016\/05\/ATA-3-1-416x227.jpg 416w, https:\/\/www.simasa.com\/wp-content\/uploads\/2016\/05\/ATA-3-1-300x164.jpg 300w\" sizes=\"auto, (max-width: 644px) 100vw, 644px\" \/><\/p>\n<p>&nbsp;<\/p>\n<p><iframe loading=\"lazy\" src=\"https:\/\/www.youtube.com\/embed\/SnKs33LyimQ\" width=\"945\" height=\"540\" frameborder=\"0\" allowfullscreen=\"allowfullscreen\"><\/iframe><\/p>\n","protected":false},"excerpt":{"rendered":"<p><strong>\u00a0<\/strong><\/p>\n<p>La lieuse de barres <strong>SIMA ATA 400 Li<\/strong>: ligadure rapide et robuste.<\/p>\n","protected":false},"featured_media":6634,"comment_status":"open","ping_status":"closed","template":"","meta":{"_acf_changed":false},"product_brand":[],"product_cat":[1801],"product_tag":[],"class_list":{"0":"post-2452","1":"product","2":"type-product","3":"status-publish","4":"has-post-thumbnail","6":"product_cat-lieuse-de-barre-d-armature","7":"pa_power-electro-hydrauliques-a-batterie","9":"first","10":"instock","11":"shipping-taxable","12":"product-type-simple"},"acf":[],"yoast_head":"<!-- This site is optimized with the Yoast SEO plugin v27.2 - https:\/\/yoast.com\/product\/yoast-seo-wordpress\/ -->\n<title>- ATA 450 Li | Sima<\/title>\n<meta name=\"description\" content=\"ATA 450 Li. \u00a0  La lieuse de barres SIMA ATA 400 Li: ligadure rapide et robuste.\" \/>\n<meta name=\"robots\" content=\"noindex, follow\" \/>\n<meta property=\"og:locale\" content=\"fr_FR\" \/>\n<meta property=\"og:type\" content=\"article\" \/>\n<meta property=\"og:title\" content=\"- ATA 450 Li | Sima\" \/>\n<meta property=\"og:description\" content=\"ATA 450 Li. \u00a0  La lieuse de barres SIMA ATA 400 Li: ligadure rapide et robuste.\" \/>\n<meta property=\"og:url\" content=\"https:\/\/www.simasa.com\/fr\/producto\/ata-450\/\" \/>\n<meta property=\"og:site_name\" content=\"Sima\" \/>\n<meta property=\"article:modified_time\" content=\"2018-05-08T10:20:02+00:00\" \/>\n<meta property=\"og:image\" content=\"https:\/\/www.simasa.com\/wp-content\/uploads\/2016\/05\/Ata-verde-2017-02.jpg\" \/>\n\t<meta property=\"og:image:width\" content=\"2126\" \/>\n\t<meta property=\"og:image:height\" content=\"2126\" \/>\n\t<meta property=\"og:image:type\" content=\"image\/jpeg\" \/>\n<meta name=\"twitter:card\" content=\"summary_large_image\" \/>\n<meta name=\"twitter:label1\" content=\"Dur\u00e9e de lecture estim\u00e9e\" \/>\n\t<meta name=\"twitter:data1\" content=\"1 minute\" \/>\n<script type=\"application\/ld+json\" class=\"yoast-schema-graph\">{\"@context\":\"https:\/\/schema.org\",\"@graph\":[{\"@type\":\"WebPage\",\"@id\":\"https:\/\/www.simasa.com\/fr\/producto\/ata-450\/\",\"url\":\"https:\/\/www.simasa.com\/fr\/producto\/ata-450\/\",\"name\":\"- ATA 450 Li | Sima\",\"isPartOf\":{\"@id\":\"https:\/\/www.simasa.com\/fr\/#website\"},\"primaryImageOfPage\":{\"@id\":\"https:\/\/www.simasa.com\/fr\/producto\/ata-450\/#primaryimage\"},\"image\":{\"@id\":\"https:\/\/www.simasa.com\/fr\/producto\/ata-450\/#primaryimage\"},\"thumbnailUrl\":\"https:\/\/www.simasa.com\/wp-content\/uploads\/2016\/05\/Ata-verde-2017-02.jpg\",\"datePublished\":\"2016-05-25T15:48:10+00:00\",\"dateModified\":\"2018-05-08T10:20:02+00:00\",\"description\":\"ATA 450 Li. \u00a0 La lieuse de barres SIMA ATA 400 Li: ligadure rapide et robuste.\",\"breadcrumb\":{\"@id\":\"https:\/\/www.simasa.com\/fr\/producto\/ata-450\/#breadcrumb\"},\"inLanguage\":\"fr-FR\",\"potentialAction\":[{\"@type\":\"ReadAction\",\"target\":[\"https:\/\/www.simasa.com\/fr\/producto\/ata-450\/\"]}]},{\"@type\":\"ImageObject\",\"inLanguage\":\"fr-FR\",\"@id\":\"https:\/\/www.simasa.com\/fr\/producto\/ata-450\/#primaryimage\",\"url\":\"https:\/\/www.simasa.com\/wp-content\/uploads\/2016\/05\/Ata-verde-2017-02.jpg\",\"contentUrl\":\"https:\/\/www.simasa.com\/wp-content\/uploads\/2016\/05\/Ata-verde-2017-02.jpg\",\"width\":2126,\"height\":2126},{\"@type\":\"BreadcrumbList\",\"@id\":\"https:\/\/www.simasa.com\/fr\/producto\/ata-450\/#breadcrumb\",\"itemListElement\":[{\"@type\":\"ListItem\",\"position\":1,\"name\":\"Inicio\",\"item\":\"https:\/\/www.simasa.com\/fr\/\"},{\"@type\":\"ListItem\",\"position\":2,\"name\":\"Catalogue\",\"item\":\"https:\/\/www.simasa.com\/cat-sima\/\"},{\"@type\":\"ListItem\",\"position\":3,\"name\":\"ATA 450 Li\"}]},{\"@type\":\"WebSite\",\"@id\":\"https:\/\/www.simasa.com\/fr\/#website\",\"url\":\"https:\/\/www.simasa.com\/fr\/\",\"name\":\"Sima\",\"description\":\"Fabricantes de maquinaria para la construcci\u00f3n\",\"publisher\":{\"@id\":\"https:\/\/www.simasa.com\/fr\/#organization\"},\"potentialAction\":[{\"@type\":\"SearchAction\",\"target\":{\"@type\":\"EntryPoint\",\"urlTemplate\":\"https:\/\/www.simasa.com\/fr\/?s={search_term_string}\"},\"query-input\":{\"@type\":\"PropertyValueSpecification\",\"valueRequired\":true,\"valueName\":\"search_term_string\"}}],\"inLanguage\":\"fr-FR\"},{\"@type\":\"Organization\",\"@id\":\"https:\/\/www.simasa.com\/fr\/#organization\",\"name\":\"Sima\",\"url\":\"https:\/\/www.simasa.com\/fr\/\",\"logo\":{\"@type\":\"ImageObject\",\"inLanguage\":\"fr-FR\",\"@id\":\"https:\/\/www.simasa.com\/fr\/#\/schema\/logo\/image\/\",\"url\":\"https:\/\/www.simasa.com\/wp-content\/uploads\/2016\/03\/logo-1.jpg\",\"contentUrl\":\"https:\/\/www.simasa.com\/wp-content\/uploads\/2016\/03\/logo-1.jpg\",\"width\":121,\"height\":54,\"caption\":\"Sima\"},\"image\":{\"@id\":\"https:\/\/www.simasa.com\/fr\/#\/schema\/logo\/image\/\"}}]}<\/script>\n<!-- \/ Yoast SEO plugin. -->","yoast_head_json":{"title":"- ATA 450 Li | Sima","description":"ATA 450 Li. \u00a0  La lieuse de barres SIMA ATA 400 Li: ligadure rapide et robuste.","robots":{"index":"noindex","follow":"follow"},"og_locale":"fr_FR","og_type":"article","og_title":"- ATA 450 Li | Sima","og_description":"ATA 450 Li. \u00a0  La lieuse de barres SIMA ATA 400 Li: ligadure rapide et robuste.","og_url":"https:\/\/www.simasa.com\/fr\/producto\/ata-450\/","og_site_name":"Sima","article_modified_time":"2018-05-08T10:20:02+00:00","og_image":[{"width":2126,"height":2126,"url":"https:\/\/www.simasa.com\/wp-content\/uploads\/2016\/05\/Ata-verde-2017-02.jpg","type":"image\/jpeg"}],"twitter_card":"summary_large_image","twitter_misc":{"Dur\u00e9e de lecture estim\u00e9e":"1 minute"},"schema":{"@context":"https:\/\/schema.org","@graph":[{"@type":"WebPage","@id":"https:\/\/www.simasa.com\/fr\/producto\/ata-450\/","url":"https:\/\/www.simasa.com\/fr\/producto\/ata-450\/","name":"- ATA 450 Li | Sima","isPartOf":{"@id":"https:\/\/www.simasa.com\/fr\/#website"},"primaryImageOfPage":{"@id":"https:\/\/www.simasa.com\/fr\/producto\/ata-450\/#primaryimage"},"image":{"@id":"https:\/\/www.simasa.com\/fr\/producto\/ata-450\/#primaryimage"},"thumbnailUrl":"https:\/\/www.simasa.com\/wp-content\/uploads\/2016\/05\/Ata-verde-2017-02.jpg","datePublished":"2016-05-25T15:48:10+00:00","dateModified":"2018-05-08T10:20:02+00:00","description":"ATA 450 Li. \u00a0 La lieuse de barres SIMA ATA 400 Li: ligadure rapide et robuste.","breadcrumb":{"@id":"https:\/\/www.simasa.com\/fr\/producto\/ata-450\/#breadcrumb"},"inLanguage":"fr-FR","potentialAction":[{"@type":"ReadAction","target":["https:\/\/www.simasa.com\/fr\/producto\/ata-450\/"]}]},{"@type":"ImageObject","inLanguage":"fr-FR","@id":"https:\/\/www.simasa.com\/fr\/producto\/ata-450\/#primaryimage","url":"https:\/\/www.simasa.com\/wp-content\/uploads\/2016\/05\/Ata-verde-2017-02.jpg","contentUrl":"https:\/\/www.simasa.com\/wp-content\/uploads\/2016\/05\/Ata-verde-2017-02.jpg","width":2126,"height":2126},{"@type":"BreadcrumbList","@id":"https:\/\/www.simasa.com\/fr\/producto\/ata-450\/#breadcrumb","itemListElement":[{"@type":"ListItem","position":1,"name":"Inicio","item":"https:\/\/www.simasa.com\/fr\/"},{"@type":"ListItem","position":2,"name":"Catalogue","item":"https:\/\/www.simasa.com\/cat-sima\/"},{"@type":"ListItem","position":3,"name":"ATA 450 Li"}]},{"@type":"WebSite","@id":"https:\/\/www.simasa.com\/fr\/#website","url":"https:\/\/www.simasa.com\/fr\/","name":"Sima","description":"Fabricantes de maquinaria para la construcci\u00f3n","publisher":{"@id":"https:\/\/www.simasa.com\/fr\/#organization"},"potentialAction":[{"@type":"SearchAction","target":{"@type":"EntryPoint","urlTemplate":"https:\/\/www.simasa.com\/fr\/?s={search_term_string}"},"query-input":{"@type":"PropertyValueSpecification","valueRequired":true,"valueName":"search_term_string"}}],"inLanguage":"fr-FR"},{"@type":"Organization","@id":"https:\/\/www.simasa.com\/fr\/#organization","name":"Sima","url":"https:\/\/www.simasa.com\/fr\/","logo":{"@type":"ImageObject","inLanguage":"fr-FR","@id":"https:\/\/www.simasa.com\/fr\/#\/schema\/logo\/image\/","url":"https:\/\/www.simasa.com\/wp-content\/uploads\/2016\/03\/logo-1.jpg","contentUrl":"https:\/\/www.simasa.com\/wp-content\/uploads\/2016\/03\/logo-1.jpg","width":121,"height":54,"caption":"Sima"},"image":{"@id":"https:\/\/www.simasa.com\/fr\/#\/schema\/logo\/image\/"}}]}},"_links":{"self":[{"href":"https:\/\/www.simasa.com\/fr\/wp-json\/wp\/v2\/product\/2452","targetHints":{"allow":["GET"]}}],"collection":[{"href":"https:\/\/www.simasa.com\/fr\/wp-json\/wp\/v2\/product"}],"about":[{"href":"https:\/\/www.simasa.com\/fr\/wp-json\/wp\/v2\/types\/product"}],"replies":[{"embeddable":true,"href":"https:\/\/www.simasa.com\/fr\/wp-json\/wp\/v2\/comments?post=2452"}],"wp:featuredmedia":[{"embeddable":true,"href":"https:\/\/www.simasa.com\/fr\/wp-json\/wp\/v2\/media\/6634"}],"wp:attachment":[{"href":"https:\/\/www.simasa.com\/fr\/wp-json\/wp\/v2\/media?parent=2452"}],"wp:term":[{"taxonomy":"product_brand","embeddable":true,"href":"https:\/\/www.simasa.com\/fr\/wp-json\/wp\/v2\/product_brand?post=2452"},{"taxonomy":"product_cat","embeddable":true,"href":"https:\/\/www.simasa.com\/fr\/wp-json\/wp\/v2\/product_cat?post=2452"},{"taxonomy":"product_tag","embeddable":true,"href":"https:\/\/www.simasa.com\/fr\/wp-json\/wp\/v2\/product_tag?post=2452"}],"curies":[{"name":"wp","href":"https:\/\/api.w.org\/{rel}","templated":true}]}}