{"id":2432,"date":"2016-05-25T13:51:16","date_gmt":"2016-05-25T13:51:16","guid":{"rendered":"https:\/\/www.simasa.com\/fr\/product\/tx-16\/"},"modified":"2017-12-24T17:40:01","modified_gmt":"2017-12-24T17:40:01","slug":"tx-16","status":"publish","type":"product","link":"https:\/\/www.simasa.com\/fr\/producto\/tx-16\/","title":{"rendered":"TX 16"},"content":{"rendered":"<p>&nbsp;<\/p>\n<p>Coupe l&rsquo; acier de 2 \u00e0 16 mm <strong>sans effort<\/strong>. Grande ouverture des\u00a0m\u00e2choires.<\/p>\n<p>Bras ind\u00e9formables en acier sp\u00e9cial \u00e0 <strong>haute r\u00e9sistance<\/strong>, 3mm d&rsquo;\u00e9paisseur.<\/p>\n<p>Lames tr\u00e8s r\u00e9sistantes <strong>avec trois ar\u00eates de coupe<\/strong>, fabriqu\u00e9es en\u00a0acier sp\u00e9cial d&rsquo; une duret\u00e9 58\/60 HRC.<\/p>\n<p>Design sp\u00e9cial. Acc\u00e8s aux cha\u00eenages m\u00e9talliques, cages d&rsquo;escaliers, corniches,etc. Capable de couper des barres d&rsquo; acier au\u00a0ras du sol.<\/p>\n<p>&nbsp;<\/p>\n<p><img loading=\"lazy\" decoding=\"async\" class=\"aligncenter wp-image-8473 size-full\" src=\"https:\/\/www.simasa.com\/wp-content\/uploads\/2016\/05\/tx-16-fr.jpg\" alt=\"\" width=\"543\" height=\"132\" srcset=\"https:\/\/www.simasa.com\/wp-content\/uploads\/2016\/05\/tx-16-fr.jpg 543w, https:\/\/www.simasa.com\/wp-content\/uploads\/2016\/05\/tx-16-fr-416x101.jpg 416w\" sizes=\"auto, (max-width: 543px) 100vw, 543px\" \/><\/p>\n<p>&nbsp;<\/p>\n<p><iframe loading=\"lazy\" src=\"https:\/\/www.youtube.com\/embed\/O5h5QPIW8xw\" width=\"700\" height=\"394\" frameborder=\"0\" allowfullscreen=\"allowfullscreen\"><\/iframe><\/p>\n","protected":false},"excerpt":{"rendered":"<p>&nbsp;<\/p>\n<p>Les coupe-boulons <strong>SIMA TX 16<\/strong> ont a\u00a0design sp\u00e9cial. Acc\u00e8s aux cha\u00eenages m\u00e9talliques, cages d&rsquo; escaliers, corniches,etc. Capable de couper des barres d&rsquo; acier au ras du sol.<\/p>\n","protected":false},"featured_media":5229,"comment_status":"open","ping_status":"closed","template":"","meta":{"_acf_changed":false},"product_brand":[],"product_cat":[1810],"product_tag":[],"class_list":{"0":"post-2432","1":"product","2":"type-product","3":"status-publish","4":"has-post-thumbnail","6":"product_cat-coupe-boulons","7":"pa_max-cutting-3843","8":"pa_power-manuelle","10":"first","11":"instock","12":"shipping-taxable","13":"product-type-simple"},"acf":[],"yoast_head":"<!-- This site is optimized with the Yoast SEO plugin v27.2 - https:\/\/yoast.com\/product\/yoast-seo-wordpress\/ -->\n<title>- TX 16 | Sima<\/title>\n<meta name=\"description\" content=\"TX 16. &nbsp;  Les coupe-boulons SIMA TX 16 ont a\u00a0design sp\u00e9cial. Acc\u00e8s aux cha\u00eenages m\u00e9talliques, cages d&#039; escaliers, corniches,etc. Capable de couper des barres d&#039; acier au ras du sol.\" \/>\n<meta name=\"robots\" content=\"noindex, follow\" \/>\n<meta property=\"og:locale\" content=\"fr_FR\" \/>\n<meta property=\"og:type\" content=\"article\" \/>\n<meta property=\"og:title\" content=\"- TX 16 | Sima\" \/>\n<meta property=\"og:description\" content=\"TX 16. &nbsp;  Les coupe-boulons SIMA TX 16 ont a\u00a0design sp\u00e9cial. Acc\u00e8s aux cha\u00eenages m\u00e9talliques, cages d&#039; escaliers, corniches,etc. Capable de couper des barres d&#039; acier au ras du sol.\" \/>\n<meta property=\"og:url\" content=\"https:\/\/www.simasa.com\/fr\/producto\/tx-16\/\" \/>\n<meta property=\"og:site_name\" content=\"Sima\" \/>\n<meta property=\"article:modified_time\" content=\"2017-12-24T17:40:01+00:00\" \/>\n<meta property=\"og:image\" content=\"https:\/\/www.simasa.com\/wp-content\/uploads\/2016\/05\/tx-8541.jpg\" \/>\n\t<meta property=\"og:image:width\" content=\"800\" \/>\n\t<meta property=\"og:image:height\" content=\"800\" \/>\n\t<meta property=\"og:image:type\" content=\"image\/jpeg\" \/>\n<meta name=\"twitter:card\" content=\"summary_large_image\" \/>\n<script type=\"application\/ld+json\" class=\"yoast-schema-graph\">{\"@context\":\"https:\/\/schema.org\",\"@graph\":[{\"@type\":\"WebPage\",\"@id\":\"https:\/\/www.simasa.com\/fr\/producto\/tx-16\/\",\"url\":\"https:\/\/www.simasa.com\/fr\/producto\/tx-16\/\",\"name\":\"- TX 16 | Sima\",\"isPartOf\":{\"@id\":\"https:\/\/www.simasa.com\/fr\/#website\"},\"primaryImageOfPage\":{\"@id\":\"https:\/\/www.simasa.com\/fr\/producto\/tx-16\/#primaryimage\"},\"image\":{\"@id\":\"https:\/\/www.simasa.com\/fr\/producto\/tx-16\/#primaryimage\"},\"thumbnailUrl\":\"https:\/\/www.simasa.com\/wp-content\/uploads\/2016\/05\/tx-8541.jpg\",\"datePublished\":\"2016-05-25T13:51:16+00:00\",\"dateModified\":\"2017-12-24T17:40:01+00:00\",\"description\":\"TX 16. &nbsp; Les coupe-boulons SIMA TX 16 ont a\u00a0design sp\u00e9cial. Acc\u00e8s aux cha\u00eenages m\u00e9talliques, cages d' escaliers, corniches,etc. Capable de couper des barres d' acier au ras du sol.\",\"breadcrumb\":{\"@id\":\"https:\/\/www.simasa.com\/fr\/producto\/tx-16\/#breadcrumb\"},\"inLanguage\":\"fr-FR\",\"potentialAction\":[{\"@type\":\"ReadAction\",\"target\":[\"https:\/\/www.simasa.com\/fr\/producto\/tx-16\/\"]}]},{\"@type\":\"ImageObject\",\"inLanguage\":\"fr-FR\",\"@id\":\"https:\/\/www.simasa.com\/fr\/producto\/tx-16\/#primaryimage\",\"url\":\"https:\/\/www.simasa.com\/wp-content\/uploads\/2016\/05\/tx-8541.jpg\",\"contentUrl\":\"https:\/\/www.simasa.com\/wp-content\/uploads\/2016\/05\/tx-8541.jpg\",\"width\":800,\"height\":800},{\"@type\":\"BreadcrumbList\",\"@id\":\"https:\/\/www.simasa.com\/fr\/producto\/tx-16\/#breadcrumb\",\"itemListElement\":[{\"@type\":\"ListItem\",\"position\":1,\"name\":\"Inicio\",\"item\":\"https:\/\/www.simasa.com\/fr\/\"},{\"@type\":\"ListItem\",\"position\":2,\"name\":\"Catalogue\",\"item\":\"https:\/\/www.simasa.com\/cat-sima\/\"},{\"@type\":\"ListItem\",\"position\":3,\"name\":\"TX 16\"}]},{\"@type\":\"WebSite\",\"@id\":\"https:\/\/www.simasa.com\/fr\/#website\",\"url\":\"https:\/\/www.simasa.com\/fr\/\",\"name\":\"Sima\",\"description\":\"Fabricantes de maquinaria para la construcci\u00f3n\",\"publisher\":{\"@id\":\"https:\/\/www.simasa.com\/fr\/#organization\"},\"potentialAction\":[{\"@type\":\"SearchAction\",\"target\":{\"@type\":\"EntryPoint\",\"urlTemplate\":\"https:\/\/www.simasa.com\/fr\/?s={search_term_string}\"},\"query-input\":{\"@type\":\"PropertyValueSpecification\",\"valueRequired\":true,\"valueName\":\"search_term_string\"}}],\"inLanguage\":\"fr-FR\"},{\"@type\":\"Organization\",\"@id\":\"https:\/\/www.simasa.com\/fr\/#organization\",\"name\":\"Sima\",\"url\":\"https:\/\/www.simasa.com\/fr\/\",\"logo\":{\"@type\":\"ImageObject\",\"inLanguage\":\"fr-FR\",\"@id\":\"https:\/\/www.simasa.com\/fr\/#\/schema\/logo\/image\/\",\"url\":\"https:\/\/www.simasa.com\/wp-content\/uploads\/2016\/03\/logo-1.jpg\",\"contentUrl\":\"https:\/\/www.simasa.com\/wp-content\/uploads\/2016\/03\/logo-1.jpg\",\"width\":121,\"height\":54,\"caption\":\"Sima\"},\"image\":{\"@id\":\"https:\/\/www.simasa.com\/fr\/#\/schema\/logo\/image\/\"}}]}<\/script>\n<!-- \/ Yoast SEO plugin. -->","yoast_head_json":{"title":"- TX 16 | Sima","description":"TX 16. &nbsp;  Les coupe-boulons SIMA TX 16 ont a\u00a0design sp\u00e9cial. Acc\u00e8s aux cha\u00eenages m\u00e9talliques, cages d' escaliers, corniches,etc. Capable de couper des barres d' acier au ras du sol.","robots":{"index":"noindex","follow":"follow"},"og_locale":"fr_FR","og_type":"article","og_title":"- TX 16 | Sima","og_description":"TX 16. &nbsp;  Les coupe-boulons SIMA TX 16 ont a\u00a0design sp\u00e9cial. Acc\u00e8s aux cha\u00eenages m\u00e9talliques, cages d' escaliers, corniches,etc. Capable de couper des barres d' acier au ras du sol.","og_url":"https:\/\/www.simasa.com\/fr\/producto\/tx-16\/","og_site_name":"Sima","article_modified_time":"2017-12-24T17:40:01+00:00","og_image":[{"width":800,"height":800,"url":"https:\/\/www.simasa.com\/wp-content\/uploads\/2016\/05\/tx-8541.jpg","type":"image\/jpeg"}],"twitter_card":"summary_large_image","schema":{"@context":"https:\/\/schema.org","@graph":[{"@type":"WebPage","@id":"https:\/\/www.simasa.com\/fr\/producto\/tx-16\/","url":"https:\/\/www.simasa.com\/fr\/producto\/tx-16\/","name":"- TX 16 | Sima","isPartOf":{"@id":"https:\/\/www.simasa.com\/fr\/#website"},"primaryImageOfPage":{"@id":"https:\/\/www.simasa.com\/fr\/producto\/tx-16\/#primaryimage"},"image":{"@id":"https:\/\/www.simasa.com\/fr\/producto\/tx-16\/#primaryimage"},"thumbnailUrl":"https:\/\/www.simasa.com\/wp-content\/uploads\/2016\/05\/tx-8541.jpg","datePublished":"2016-05-25T13:51:16+00:00","dateModified":"2017-12-24T17:40:01+00:00","description":"TX 16. &nbsp; Les coupe-boulons SIMA TX 16 ont a\u00a0design sp\u00e9cial. Acc\u00e8s aux cha\u00eenages m\u00e9talliques, cages d' escaliers, corniches,etc. Capable de couper des barres d' acier au ras du sol.","breadcrumb":{"@id":"https:\/\/www.simasa.com\/fr\/producto\/tx-16\/#breadcrumb"},"inLanguage":"fr-FR","potentialAction":[{"@type":"ReadAction","target":["https:\/\/www.simasa.com\/fr\/producto\/tx-16\/"]}]},{"@type":"ImageObject","inLanguage":"fr-FR","@id":"https:\/\/www.simasa.com\/fr\/producto\/tx-16\/#primaryimage","url":"https:\/\/www.simasa.com\/wp-content\/uploads\/2016\/05\/tx-8541.jpg","contentUrl":"https:\/\/www.simasa.com\/wp-content\/uploads\/2016\/05\/tx-8541.jpg","width":800,"height":800},{"@type":"BreadcrumbList","@id":"https:\/\/www.simasa.com\/fr\/producto\/tx-16\/#breadcrumb","itemListElement":[{"@type":"ListItem","position":1,"name":"Inicio","item":"https:\/\/www.simasa.com\/fr\/"},{"@type":"ListItem","position":2,"name":"Catalogue","item":"https:\/\/www.simasa.com\/cat-sima\/"},{"@type":"ListItem","position":3,"name":"TX 16"}]},{"@type":"WebSite","@id":"https:\/\/www.simasa.com\/fr\/#website","url":"https:\/\/www.simasa.com\/fr\/","name":"Sima","description":"Fabricantes de maquinaria para la construcci\u00f3n","publisher":{"@id":"https:\/\/www.simasa.com\/fr\/#organization"},"potentialAction":[{"@type":"SearchAction","target":{"@type":"EntryPoint","urlTemplate":"https:\/\/www.simasa.com\/fr\/?s={search_term_string}"},"query-input":{"@type":"PropertyValueSpecification","valueRequired":true,"valueName":"search_term_string"}}],"inLanguage":"fr-FR"},{"@type":"Organization","@id":"https:\/\/www.simasa.com\/fr\/#organization","name":"Sima","url":"https:\/\/www.simasa.com\/fr\/","logo":{"@type":"ImageObject","inLanguage":"fr-FR","@id":"https:\/\/www.simasa.com\/fr\/#\/schema\/logo\/image\/","url":"https:\/\/www.simasa.com\/wp-content\/uploads\/2016\/03\/logo-1.jpg","contentUrl":"https:\/\/www.simasa.com\/wp-content\/uploads\/2016\/03\/logo-1.jpg","width":121,"height":54,"caption":"Sima"},"image":{"@id":"https:\/\/www.simasa.com\/fr\/#\/schema\/logo\/image\/"}}]}},"_links":{"self":[{"href":"https:\/\/www.simasa.com\/fr\/wp-json\/wp\/v2\/product\/2432","targetHints":{"allow":["GET"]}}],"collection":[{"href":"https:\/\/www.simasa.com\/fr\/wp-json\/wp\/v2\/product"}],"about":[{"href":"https:\/\/www.simasa.com\/fr\/wp-json\/wp\/v2\/types\/product"}],"replies":[{"embeddable":true,"href":"https:\/\/www.simasa.com\/fr\/wp-json\/wp\/v2\/comments?post=2432"}],"wp:featuredmedia":[{"embeddable":true,"href":"https:\/\/www.simasa.com\/fr\/wp-json\/wp\/v2\/media\/5229"}],"wp:attachment":[{"href":"https:\/\/www.simasa.com\/fr\/wp-json\/wp\/v2\/media?parent=2432"}],"wp:term":[{"taxonomy":"product_brand","embeddable":true,"href":"https:\/\/www.simasa.com\/fr\/wp-json\/wp\/v2\/product_brand?post=2432"},{"taxonomy":"product_cat","embeddable":true,"href":"https:\/\/www.simasa.com\/fr\/wp-json\/wp\/v2\/product_cat?post=2432"},{"taxonomy":"product_tag","embeddable":true,"href":"https:\/\/www.simasa.com\/fr\/wp-json\/wp\/v2\/product_tag?post=2432"}],"curies":[{"name":"wp","href":"https:\/\/api.w.org\/{rel}","templated":true}]}}