{"id":2423,"date":"2016-05-03T09:07:50","date_gmt":"2016-05-03T09:07:50","guid":{"rendered":"https:\/\/www.simasa.com\/fr\/product\/spiral-26-230-400v-60hz-t\/"},"modified":"2017-12-28T18:54:36","modified_gmt":"2017-12-28T18:54:36","slug":"spiral-26-230-400v-60hz-t","status":"publish","type":"product","link":"https:\/\/www.simasa.com\/fr\/producto\/spiral-26-230-400v-60hz-t\/","title":{"rendered":"SPIRAL &#8211; 26"},"content":{"rendered":"<p>Les mod\u00e8les <strong>SPIRAL 26 et SPIRAL 36<\/strong>\u00a0sont des machines con\u00e7ues pour le\u00a0fa\u00e7onnage de n&rsquo; importe quelle armature\u00a0de fer \u00e0 b\u00e9ton en spirales ou arcs:<\/p>\n<ul>\n<li><em>pour les fondations et canalisations<\/em><\/li>\n<li><em>pour la construction de r\u00e9servoirs et de bassins<\/em><\/li>\n<li><em>pour la construction de vo\u00fbtes, d&rsquo;arcs et de tunnels<\/em><\/li>\n<li><em>pour le fa\u00e7onnage de piliers circulaires\u00a0<\/em><\/li>\n<\/ul>\n<p>Elles font des spirales ou des arcs en acier jusqu&rsquo;\u00a0\u00e0 26 mm (<strong>SPIRAL 26<\/strong>) ou 36 mm (<strong>SPIRAL 36<\/strong>) en\u00a0fonction de la r\u00e9sistance de l&rsquo; acier.<\/p>\n<p><b class=\"b4\">Le<\/b><b class=\"b5\">s caract\u00e9ristiques d<\/b><b class=\"b4\">e l<\/b><b class=\"b5\">a Spiraleuse:\u00a0<\/b><\/p>\n<ol>\n<li>Mise en route avec p\u00e9dale de s\u00e9curit\u00e9.<\/li>\n<li>Fonctionnement manuel ou automatique.<\/li>\n<li>Deux vitesses de cintrage, sept et quatorze\u00a0m\u00e8tres\/min.<\/li>\n<li>Rotation de cintrage \u00e0 gauche et \u00e0 droite<\/li>\n<li>Pourvue de deux rouleaux dent\u00e9s de traction\u00a0thermiquement trait\u00e9s.<\/li>\n<li>Dot\u00e9e de rouleau d&rsquo; entra\u00eenement avec tige filet\u00e9e pour\u00a0r\u00e9guler le diam\u00e8tre de courbure \u00e0 faire.<\/li>\n<li>Tableau de commande complet avec inverseur de rotation, arr\u00eat\u00a0d&rsquo; urgence, contacteur, voyant de mise sous tension et bouton de\u00a0mise en marche manuelle \/automatique.<\/li>\n<\/ol>\n<p><img loading=\"lazy\" decoding=\"async\" class=\"alignnone wp-image-7977 size-full\" src=\"https:\/\/www.simasa.com\/wp-content\/uploads\/2017\/12\/applications-spiral-fr.jpg\" alt=\"\" width=\"1174\" height=\"696\" srcset=\"https:\/\/www.simasa.com\/wp-content\/uploads\/2017\/12\/applications-spiral-fr.jpg 1174w, https:\/\/www.simasa.com\/wp-content\/uploads\/2017\/12\/applications-spiral-fr-416x247.jpg 416w\" sizes=\"auto, (max-width: 1174px) 100vw, 1174px\" \/><\/p>\n<p><img loading=\"lazy\" decoding=\"async\" class=\"alignnone wp-image-7989 size-full\" src=\"https:\/\/www.simasa.com\/wp-content\/uploads\/2017\/12\/avantages-spiral.jpg\" alt=\"\" width=\"1121\" height=\"497\" srcset=\"https:\/\/www.simasa.com\/wp-content\/uploads\/2017\/12\/avantages-spiral.jpg 1121w, https:\/\/www.simasa.com\/wp-content\/uploads\/2017\/12\/avantages-spiral-416x184.jpg 416w\" sizes=\"auto, (max-width: 1121px) 100vw, 1121px\" \/><\/p>\n<p><img loading=\"lazy\" decoding=\"async\" class=\"alignnone wp-image-8001 size-full\" src=\"https:\/\/www.simasa.com\/wp-content\/uploads\/2017\/12\/cintrage-spiral.jpg\" alt=\"\" width=\"1128\" height=\"282\" srcset=\"https:\/\/www.simasa.com\/wp-content\/uploads\/2017\/12\/cintrage-spiral.jpg 1128w, https:\/\/www.simasa.com\/wp-content\/uploads\/2017\/12\/cintrage-spiral-416x104.jpg 416w\" sizes=\"auto, (max-width: 1128px) 100vw, 1128px\" \/><\/p>\n<p>&nbsp;<\/p>\n<p><img loading=\"lazy\" decoding=\"async\" class=\"alignnone wp-image-8005 size-full\" src=\"https:\/\/www.simasa.com\/wp-content\/uploads\/2017\/12\/de-serie-spiral-fr.jpg\" alt=\"\" width=\"1128\" height=\"151\" srcset=\"https:\/\/www.simasa.com\/wp-content\/uploads\/2017\/12\/de-serie-spiral-fr.jpg 1128w, https:\/\/www.simasa.com\/wp-content\/uploads\/2017\/12\/de-serie-spiral-fr-416x56.jpg 416w\" sizes=\"auto, (max-width: 1128px) 100vw, 1128px\" \/><\/p>\n<p><img loading=\"lazy\" decoding=\"async\" class=\"alignnone wp-image-8021 size-full\" src=\"https:\/\/www.simasa.com\/wp-content\/uploads\/2017\/12\/tabla-spiral-fr.jpg\" alt=\"\" width=\"1127\" height=\"261\" srcset=\"https:\/\/www.simasa.com\/wp-content\/uploads\/2017\/12\/tabla-spiral-fr.jpg 1127w, https:\/\/www.simasa.com\/wp-content\/uploads\/2017\/12\/tabla-spiral-fr-416x96.jpg 416w\" sizes=\"auto, (max-width: 1127px) 100vw, 1127px\" \/><\/p>\n<p>&nbsp;<\/p>\n<p><iframe loading=\"lazy\" src=\"https:\/\/www.youtube.com\/embed\/8pNTZIwb7AA\" width=\"700\" height=\"394\" frameborder=\"0\" allowfullscreen=\"allowfullscreen\"><\/iframe><\/p>\n","protected":false},"excerpt":{"rendered":"<p>Les mod\u00e8les <strong>SPIRAL 26 et SPIRAL 36<\/strong>\u00a0sont des machines con\u00e7ues pour le\u00a0fa\u00e7onnage de n&rsquo; importe quelle armature\u00a0de fer \u00e0 b\u00e9ton en spirales ou arcs.<\/p>\n<p>&nbsp;<\/p>\n","protected":false},"featured_media":5270,"comment_status":"open","ping_status":"closed","template":"","meta":{"_acf_changed":false},"product_brand":[],"product_cat":[1805],"product_tag":[],"class_list":{"0":"post-2423","1":"product","2":"type-product","3":"status-publish","4":"has-post-thumbnail","6":"product_cat-spilareuses-eletriques","7":"pa_max-bending-3837","8":"pa_power-electriques","10":"first","11":"instock","12":"shipping-taxable","13":"product-type-simple"},"acf":[],"yoast_head":"<!-- This site is optimized with the Yoast SEO plugin v27.2 - https:\/\/yoast.com\/product\/yoast-seo-wordpress\/ -->\n<title>- SPIRAL - 26 | Sima<\/title>\n<meta name=\"description\" content=\"SPIRAL - 26. Les mod\u00e8les SPIRAL 26 et SPIRAL 36\u00a0sont des machines con\u00e7ues pour le\u00a0fa\u00e7onnage de n&#039; importe quelle armature\u00a0de fer \u00e0 b\u00e9ton en spirales ou arcs.  &nbsp;\" \/>\n<meta name=\"robots\" content=\"noindex, follow\" \/>\n<meta property=\"og:locale\" content=\"fr_FR\" \/>\n<meta property=\"og:type\" content=\"article\" \/>\n<meta property=\"og:title\" content=\"- SPIRAL - 26 | Sima\" \/>\n<meta property=\"og:description\" content=\"SPIRAL - 26. Les mod\u00e8les SPIRAL 26 et SPIRAL 36\u00a0sont des machines con\u00e7ues pour le\u00a0fa\u00e7onnage de n&#039; importe quelle armature\u00a0de fer \u00e0 b\u00e9ton en spirales ou arcs.  &nbsp;\" \/>\n<meta property=\"og:url\" content=\"https:\/\/www.simasa.com\/fr\/producto\/spiral-26-230-400v-60hz-t\/\" \/>\n<meta property=\"og:site_name\" content=\"Sima\" \/>\n<meta property=\"article:modified_time\" content=\"2017-12-28T18:54:36+00:00\" \/>\n<meta property=\"og:image\" content=\"https:\/\/www.simasa.com\/wp-content\/uploads\/2016\/05\/spiral26.jpg\" \/>\n\t<meta property=\"og:image:width\" content=\"800\" \/>\n\t<meta property=\"og:image:height\" content=\"800\" \/>\n\t<meta property=\"og:image:type\" content=\"image\/jpeg\" \/>\n<meta name=\"twitter:card\" content=\"summary_large_image\" \/>\n<meta name=\"twitter:label1\" content=\"Dur\u00e9e de lecture estim\u00e9e\" \/>\n\t<meta name=\"twitter:data1\" content=\"1 minute\" \/>\n<script type=\"application\/ld+json\" class=\"yoast-schema-graph\">{\"@context\":\"https:\/\/schema.org\",\"@graph\":[{\"@type\":\"WebPage\",\"@id\":\"https:\/\/www.simasa.com\/fr\/producto\/spiral-26-230-400v-60hz-t\/\",\"url\":\"https:\/\/www.simasa.com\/fr\/producto\/spiral-26-230-400v-60hz-t\/\",\"name\":\"- SPIRAL - 26 | Sima\",\"isPartOf\":{\"@id\":\"https:\/\/www.simasa.com\/fr\/#website\"},\"primaryImageOfPage\":{\"@id\":\"https:\/\/www.simasa.com\/fr\/producto\/spiral-26-230-400v-60hz-t\/#primaryimage\"},\"image\":{\"@id\":\"https:\/\/www.simasa.com\/fr\/producto\/spiral-26-230-400v-60hz-t\/#primaryimage\"},\"thumbnailUrl\":\"https:\/\/www.simasa.com\/wp-content\/uploads\/2016\/05\/spiral26.jpg\",\"datePublished\":\"2016-05-03T09:07:50+00:00\",\"dateModified\":\"2017-12-28T18:54:36+00:00\",\"description\":\"SPIRAL - 26. Les mod\u00e8les SPIRAL 26 et SPIRAL 36\u00a0sont des machines con\u00e7ues pour le\u00a0fa\u00e7onnage de n' importe quelle armature\u00a0de fer \u00e0 b\u00e9ton en spirales ou arcs. &nbsp;\",\"breadcrumb\":{\"@id\":\"https:\/\/www.simasa.com\/fr\/producto\/spiral-26-230-400v-60hz-t\/#breadcrumb\"},\"inLanguage\":\"fr-FR\",\"potentialAction\":[{\"@type\":\"ReadAction\",\"target\":[\"https:\/\/www.simasa.com\/fr\/producto\/spiral-26-230-400v-60hz-t\/\"]}]},{\"@type\":\"ImageObject\",\"inLanguage\":\"fr-FR\",\"@id\":\"https:\/\/www.simasa.com\/fr\/producto\/spiral-26-230-400v-60hz-t\/#primaryimage\",\"url\":\"https:\/\/www.simasa.com\/wp-content\/uploads\/2016\/05\/spiral26.jpg\",\"contentUrl\":\"https:\/\/www.simasa.com\/wp-content\/uploads\/2016\/05\/spiral26.jpg\",\"width\":800,\"height\":800},{\"@type\":\"BreadcrumbList\",\"@id\":\"https:\/\/www.simasa.com\/fr\/producto\/spiral-26-230-400v-60hz-t\/#breadcrumb\",\"itemListElement\":[{\"@type\":\"ListItem\",\"position\":1,\"name\":\"Inicio\",\"item\":\"https:\/\/www.simasa.com\/fr\/\"},{\"@type\":\"ListItem\",\"position\":2,\"name\":\"Catalogue\",\"item\":\"https:\/\/www.simasa.com\/cat-sima\/\"},{\"@type\":\"ListItem\",\"position\":3,\"name\":\"SPIRAL &#8211; 26\"}]},{\"@type\":\"WebSite\",\"@id\":\"https:\/\/www.simasa.com\/fr\/#website\",\"url\":\"https:\/\/www.simasa.com\/fr\/\",\"name\":\"Sima\",\"description\":\"Fabricantes de maquinaria para la construcci\u00f3n\",\"publisher\":{\"@id\":\"https:\/\/www.simasa.com\/fr\/#organization\"},\"potentialAction\":[{\"@type\":\"SearchAction\",\"target\":{\"@type\":\"EntryPoint\",\"urlTemplate\":\"https:\/\/www.simasa.com\/fr\/?s={search_term_string}\"},\"query-input\":{\"@type\":\"PropertyValueSpecification\",\"valueRequired\":true,\"valueName\":\"search_term_string\"}}],\"inLanguage\":\"fr-FR\"},{\"@type\":\"Organization\",\"@id\":\"https:\/\/www.simasa.com\/fr\/#organization\",\"name\":\"Sima\",\"url\":\"https:\/\/www.simasa.com\/fr\/\",\"logo\":{\"@type\":\"ImageObject\",\"inLanguage\":\"fr-FR\",\"@id\":\"https:\/\/www.simasa.com\/fr\/#\/schema\/logo\/image\/\",\"url\":\"https:\/\/www.simasa.com\/wp-content\/uploads\/2016\/03\/logo-1.jpg\",\"contentUrl\":\"https:\/\/www.simasa.com\/wp-content\/uploads\/2016\/03\/logo-1.jpg\",\"width\":121,\"height\":54,\"caption\":\"Sima\"},\"image\":{\"@id\":\"https:\/\/www.simasa.com\/fr\/#\/schema\/logo\/image\/\"}}]}<\/script>\n<!-- \/ Yoast SEO plugin. -->","yoast_head_json":{"title":"- SPIRAL - 26 | Sima","description":"SPIRAL - 26. Les mod\u00e8les SPIRAL 26 et SPIRAL 36\u00a0sont des machines con\u00e7ues pour le\u00a0fa\u00e7onnage de n' importe quelle armature\u00a0de fer \u00e0 b\u00e9ton en spirales ou arcs.  &nbsp;","robots":{"index":"noindex","follow":"follow"},"og_locale":"fr_FR","og_type":"article","og_title":"- SPIRAL - 26 | Sima","og_description":"SPIRAL - 26. Les mod\u00e8les SPIRAL 26 et SPIRAL 36\u00a0sont des machines con\u00e7ues pour le\u00a0fa\u00e7onnage de n' importe quelle armature\u00a0de fer \u00e0 b\u00e9ton en spirales ou arcs.  &nbsp;","og_url":"https:\/\/www.simasa.com\/fr\/producto\/spiral-26-230-400v-60hz-t\/","og_site_name":"Sima","article_modified_time":"2017-12-28T18:54:36+00:00","og_image":[{"width":800,"height":800,"url":"https:\/\/www.simasa.com\/wp-content\/uploads\/2016\/05\/spiral26.jpg","type":"image\/jpeg"}],"twitter_card":"summary_large_image","twitter_misc":{"Dur\u00e9e de lecture estim\u00e9e":"1 minute"},"schema":{"@context":"https:\/\/schema.org","@graph":[{"@type":"WebPage","@id":"https:\/\/www.simasa.com\/fr\/producto\/spiral-26-230-400v-60hz-t\/","url":"https:\/\/www.simasa.com\/fr\/producto\/spiral-26-230-400v-60hz-t\/","name":"- SPIRAL - 26 | Sima","isPartOf":{"@id":"https:\/\/www.simasa.com\/fr\/#website"},"primaryImageOfPage":{"@id":"https:\/\/www.simasa.com\/fr\/producto\/spiral-26-230-400v-60hz-t\/#primaryimage"},"image":{"@id":"https:\/\/www.simasa.com\/fr\/producto\/spiral-26-230-400v-60hz-t\/#primaryimage"},"thumbnailUrl":"https:\/\/www.simasa.com\/wp-content\/uploads\/2016\/05\/spiral26.jpg","datePublished":"2016-05-03T09:07:50+00:00","dateModified":"2017-12-28T18:54:36+00:00","description":"SPIRAL - 26. Les mod\u00e8les SPIRAL 26 et SPIRAL 36\u00a0sont des machines con\u00e7ues pour le\u00a0fa\u00e7onnage de n' importe quelle armature\u00a0de fer \u00e0 b\u00e9ton en spirales ou arcs. &nbsp;","breadcrumb":{"@id":"https:\/\/www.simasa.com\/fr\/producto\/spiral-26-230-400v-60hz-t\/#breadcrumb"},"inLanguage":"fr-FR","potentialAction":[{"@type":"ReadAction","target":["https:\/\/www.simasa.com\/fr\/producto\/spiral-26-230-400v-60hz-t\/"]}]},{"@type":"ImageObject","inLanguage":"fr-FR","@id":"https:\/\/www.simasa.com\/fr\/producto\/spiral-26-230-400v-60hz-t\/#primaryimage","url":"https:\/\/www.simasa.com\/wp-content\/uploads\/2016\/05\/spiral26.jpg","contentUrl":"https:\/\/www.simasa.com\/wp-content\/uploads\/2016\/05\/spiral26.jpg","width":800,"height":800},{"@type":"BreadcrumbList","@id":"https:\/\/www.simasa.com\/fr\/producto\/spiral-26-230-400v-60hz-t\/#breadcrumb","itemListElement":[{"@type":"ListItem","position":1,"name":"Inicio","item":"https:\/\/www.simasa.com\/fr\/"},{"@type":"ListItem","position":2,"name":"Catalogue","item":"https:\/\/www.simasa.com\/cat-sima\/"},{"@type":"ListItem","position":3,"name":"SPIRAL &#8211; 26"}]},{"@type":"WebSite","@id":"https:\/\/www.simasa.com\/fr\/#website","url":"https:\/\/www.simasa.com\/fr\/","name":"Sima","description":"Fabricantes de maquinaria para la construcci\u00f3n","publisher":{"@id":"https:\/\/www.simasa.com\/fr\/#organization"},"potentialAction":[{"@type":"SearchAction","target":{"@type":"EntryPoint","urlTemplate":"https:\/\/www.simasa.com\/fr\/?s={search_term_string}"},"query-input":{"@type":"PropertyValueSpecification","valueRequired":true,"valueName":"search_term_string"}}],"inLanguage":"fr-FR"},{"@type":"Organization","@id":"https:\/\/www.simasa.com\/fr\/#organization","name":"Sima","url":"https:\/\/www.simasa.com\/fr\/","logo":{"@type":"ImageObject","inLanguage":"fr-FR","@id":"https:\/\/www.simasa.com\/fr\/#\/schema\/logo\/image\/","url":"https:\/\/www.simasa.com\/wp-content\/uploads\/2016\/03\/logo-1.jpg","contentUrl":"https:\/\/www.simasa.com\/wp-content\/uploads\/2016\/03\/logo-1.jpg","width":121,"height":54,"caption":"Sima"},"image":{"@id":"https:\/\/www.simasa.com\/fr\/#\/schema\/logo\/image\/"}}]}},"_links":{"self":[{"href":"https:\/\/www.simasa.com\/fr\/wp-json\/wp\/v2\/product\/2423","targetHints":{"allow":["GET"]}}],"collection":[{"href":"https:\/\/www.simasa.com\/fr\/wp-json\/wp\/v2\/product"}],"about":[{"href":"https:\/\/www.simasa.com\/fr\/wp-json\/wp\/v2\/types\/product"}],"replies":[{"embeddable":true,"href":"https:\/\/www.simasa.com\/fr\/wp-json\/wp\/v2\/comments?post=2423"}],"wp:featuredmedia":[{"embeddable":true,"href":"https:\/\/www.simasa.com\/fr\/wp-json\/wp\/v2\/media\/5270"}],"wp:attachment":[{"href":"https:\/\/www.simasa.com\/fr\/wp-json\/wp\/v2\/media?parent=2423"}],"wp:term":[{"taxonomy":"product_brand","embeddable":true,"href":"https:\/\/www.simasa.com\/fr\/wp-json\/wp\/v2\/product_brand?post=2423"},{"taxonomy":"product_cat","embeddable":true,"href":"https:\/\/www.simasa.com\/fr\/wp-json\/wp\/v2\/product_cat?post=2423"},{"taxonomy":"product_tag","embeddable":true,"href":"https:\/\/www.simasa.com\/fr\/wp-json\/wp\/v2\/product_tag?post=2423"}],"curies":[{"name":"wp","href":"https:\/\/api.w.org\/{rel}","templated":true}]}}