{"id":12954,"date":"2026-05-13T11:51:20","date_gmt":"2026-05-13T09:51:20","guid":{"rendered":"https:\/\/www.simasa.com\/?post_type=product&#038;p=12954"},"modified":"2026-05-13T12:23:12","modified_gmt":"2026-05-13T10:23:12","slug":"vc-3600","status":"publish","type":"product","link":"https:\/\/www.simasa.com\/fr\/producto\/vc-3600\/","title":{"rendered":"VC 3600"},"content":{"rendered":"<h3 data-path-to-node=\"0\"><strong>Aspirateur Industriel SIMA VC3600 : Puissance et Nettoyage HEPA Haute Performance<\/strong><\/h3>\n<p>Faites passer le nettoyage de votre environnement de travail au niveau sup\u00e9rieur avec le <strong>SIMA VC3600<\/strong>. Cet aspirateur industriel a \u00e9t\u00e9 d\u00e9velopp\u00e9 avec les technologies les plus avanc\u00e9es afin d\u2019offrir une solution robuste, efficace et saine contre les poussi\u00e8res et les d\u00e9chets les plus exigeants.<\/p>\n<p>Con\u00e7u pour les professionnels qui ne peuvent pas se permettre des arr\u00eats inutiles, le VC3600 combine une puissance d\u2019aspiration exceptionnelle avec un syst\u00e8me de filtration haut de gamme garantissant un air plus propre et un environnement de travail plus s\u00fbr.<\/p>\n<h3 data-start=\"2553\" data-end=\"2607\"><strong>Pourquoi choisir le VC3600 pour votre entreprise ?<\/strong><\/h3>\n<ul>\n<li><strong data-start=\"2609\" data-end=\"2645\">Puissance Modulaire Adaptative :<\/strong><br data-start=\"2645\" data-end=\"2648\" \/>\u00c9quip\u00e9 de 3 moteurs ind\u00e9pendants pouvant \u00eatre activ\u00e9s selon l\u2019intensit\u00e9 d\u2019aspiration n\u00e9cessaire, optimisant ainsi la consommation \u00e9nerg\u00e9tique et la puissance de travail.<\/li>\n<li><strong data-start=\"2819\" data-end=\"2857\">Filtration de Qualit\u00e9 Sup\u00e9rieure :<\/strong><br data-start=\"2857\" data-end=\"2860\" \/>Comprend des filtres HEPA avec rev\u00eatement PTFE \u00ab TORAY \u00bb, capables de retenir 99,7 % des particules jusqu\u2019\u00e0 0,3 \u00b5m. Id\u00e9al pour prot\u00e9ger la sant\u00e9 respiratoire dans les environnements \u00e0 poussi\u00e8res fines.<\/li>\n<li><strong data-start=\"3063\" data-end=\"3099\">Productivit\u00e9 Sans Interruption :<\/strong><br data-start=\"3099\" data-end=\"3102\" \/>Gr\u00e2ce \u00e0 son syst\u00e8me de nettoyage de filtre par impulsion Jet-Pulse, le filtre peut \u00eatre nettoy\u00e9 rapidement sans d\u00e9monter la machine, garantissant des performances maximales \u00e0 tout moment.<\/li>\n<li data-start=\"3291\" data-end=\"3511\"><strong data-start=\"3291\" data-end=\"3336\">Contr\u00f4le des Performances en Temps R\u00e9el :<\/strong><br data-start=\"3336\" data-end=\"3339\" \/>Le manom\u00e8tre d\u2019aspiration int\u00e9gr\u00e9 indique pr\u00e9cis\u00e9ment quand le filtre doit \u00eatre nettoy\u00e9, \u00e9vitant ainsi les surcharges moteur et prolongeant la dur\u00e9e de vie de l\u2019\u00e9quipement.<\/li>\n<li data-start=\"3513\" data-end=\"3648\"><strong data-start=\"3513\" data-end=\"3535\">Grande Autonomie :<\/strong><br data-start=\"3535\" data-end=\"3538\" \/>Son r\u00e9servoir de d\u00e9chets de 60 litres permet de travailler pendant de longues sessions sans vidages fr\u00e9quents.<\/li>\n<li data-start=\"3650\" data-end=\"3862\"><strong data-start=\"3650\" data-end=\"3693\">Construction Industrielle Ergonomique :<\/strong><br data-start=\"3693\" data-end=\"3696\" \/>Ch\u00e2ssis robuste avec roues de s\u00e9curit\u00e9 (freins inclus) et compartiment int\u00e9gr\u00e9 pour accessoires, facilitant le transport et l\u2019organisation sur chantier ou en atelier.<\/li>\n<li data-path-to-node=\"5,5,1\"><b data-path-to-node=\"8,0\" data-index-in-node=\"0\"><span class=\"citation-13\">Especificaciones T\u00e9cnicas Clave<\/span><\/b><\/li>\n<\/ul>\n<table data-path-to-node=\"9\">\n<thead>\n<tr>\n<td><strong>Caract\u00e9ristique<\/strong><\/td>\n<td><strong>D\u00e9tail<\/strong><\/td>\n<\/tr>\n<\/thead>\n<tbody>\n<tr>\n<td><strong>Puissance<\/strong><\/td>\n<td><span data-path-to-node=\"9,1,1,0\">3,6 kW<\/span><\/td>\n<\/tr>\n<tr>\n<td><strong>D\u00e9bit d\u2019air<\/strong><\/td>\n<td><span data-path-to-node=\"9,2,1,0\">30.000 <span class=\"math-inline\" data-math=\"cm^2\" data-index-in-node=\"7\">m3\/seg.<\/span><\/span><\/td>\n<\/tr>\n<tr>\n<td><strong>Protection<\/strong><\/td>\n<td><span data-path-to-node=\"9,3,1,0\">IP54<\/span><\/td>\n<\/tr>\n<tr>\n<td><span data-path-to-node=\"9,4,0,0\"><b data-path-to-node=\"9,4,0,0\" data-index-in-node=\"0\">Dimensions<\/b><\/span><\/td>\n<td><span data-path-to-node=\"9,4,1,0\"><span class=\"math-inline\" data-math=\"610 \\times 670 \\times 1325\" data-index-in-node=\"0\">610 \\ 670 \\1325<\/span>\u00a0mm<\/span><\/td>\n<\/tr>\n<tr>\n<td><span data-path-to-node=\"9,5,0,0\"><b data-path-to-node=\"9,5,0,0\" data-index-in-node=\"0\">Poids<\/b><\/span><\/td>\n<td><span data-path-to-node=\"9,5,1,0\">55 kg<\/span><\/td>\n<\/tr>\n<\/tbody>\n<\/table>\n<p>&nbsp;<\/p>\n","protected":false},"excerpt":{"rendered":"<p><strong>Aspirateur SIMA VC3600<\/strong> : Puissance industrielle de 3,6 kW avec filtration HEPA haute efficacit\u00e9. La solution ultime pour les environnements \u00e0 poussi\u00e8res fines n\u00e9cessitant une aspiration maximale, une capacit\u00e9 de 60 L et une maintenance rapide sans interruption.<\/p>\n<div class=\"source-inline-chip-container ng-star-inserted\"><\/div>\n<p>&nbsp;<\/p>\n<p>&nbsp;<\/p>\n","protected":false},"featured_media":12958,"comment_status":"open","ping_status":"closed","template":"","meta":{"_acf_changed":false},"product_brand":[],"product_cat":[1812],"product_tag":[3972],"class_list":{"0":"post-12954","1":"product","2":"type-product","3":"status-publish","4":"has-post-thumbnail","6":"product_cat-aspirateur-a-poussiere-et-liquide","7":"product_tag-aspirador-de-polvo-y-liquidos","8":"pa_power-electriques","10":"first","11":"instock","12":"shipping-taxable","13":"product-type-simple"},"acf":[],"yoast_head":"<!-- This site is optimized with the Yoast SEO plugin v27.4 - https:\/\/yoast.com\/product\/yoast-seo-wordpress\/ -->\n<title>Aspirador de Polvo y L\u00edquidos - VC 3600 | Sima<\/title>\n<meta name=\"description\" content=\"VC 3600. Aspirateur SIMA VC3600 : Puissance industrielle de 3,6 kW avec filtration HEPA haute efficacit\u00e9. La solution ultime pour les environnements \u00e0 poussi\u00e8res fines n\u00e9cessitant une aspiration maximale, une capacit\u00e9 de 60 L et une maintenance rapide sans interruption.  &nbsp;  &nbsp;\" \/>\n<meta name=\"robots\" content=\"noindex, follow\" \/>\n<meta property=\"og:locale\" content=\"fr_FR\" \/>\n<meta property=\"og:type\" content=\"article\" \/>\n<meta property=\"og:title\" content=\"Aspirador de Polvo y L\u00edquidos - VC 3600 | Sima\" \/>\n<meta property=\"og:description\" content=\"VC 3600. Aspirateur SIMA VC3600 : Puissance industrielle de 3,6 kW avec filtration HEPA haute efficacit\u00e9. La solution ultime pour les environnements \u00e0 poussi\u00e8res fines n\u00e9cessitant une aspiration maximale, une capacit\u00e9 de 60 L et une maintenance rapide sans interruption.  &nbsp;  &nbsp;\" \/>\n<meta property=\"og:url\" content=\"https:\/\/www.simasa.com\/fr\/producto\/vc-3600\/\" \/>\n<meta property=\"og:site_name\" content=\"Sima\" \/>\n<meta property=\"article:modified_time\" content=\"2026-05-13T10:23:12+00:00\" \/>\n<meta property=\"og:image\" content=\"https:\/\/www.simasa.com\/wp-content\/uploads\/2026\/05\/EC84C8A5E4263CF18660000C299F5657-scaled.jpg\" \/>\n\t<meta property=\"og:image:width\" content=\"2560\" \/>\n\t<meta property=\"og:image:height\" content=\"2560\" \/>\n\t<meta property=\"og:image:type\" content=\"image\/jpeg\" \/>\n<meta name=\"twitter:card\" content=\"summary_large_image\" \/>\n<meta name=\"twitter:label1\" content=\"Dur\u00e9e de lecture estim\u00e9e\" \/>\n\t<meta name=\"twitter:data1\" content=\"2 minutes\" \/>\n<script type=\"application\/ld+json\" class=\"yoast-schema-graph\">{\"@context\":\"https:\\\/\\\/schema.org\",\"@graph\":[{\"@type\":\"WebPage\",\"@id\":\"https:\\\/\\\/www.simasa.com\\\/fr\\\/producto\\\/vc-3600\\\/\",\"url\":\"https:\\\/\\\/www.simasa.com\\\/fr\\\/producto\\\/vc-3600\\\/\",\"name\":\"Aspirador de Polvo y L\u00edquidos - VC 3600 | Sima\",\"isPartOf\":{\"@id\":\"https:\\\/\\\/www.simasa.com\\\/fr\\\/#website\"},\"primaryImageOfPage\":{\"@id\":\"https:\\\/\\\/www.simasa.com\\\/fr\\\/producto\\\/vc-3600\\\/#primaryimage\"},\"image\":{\"@id\":\"https:\\\/\\\/www.simasa.com\\\/fr\\\/producto\\\/vc-3600\\\/#primaryimage\"},\"thumbnailUrl\":\"https:\\\/\\\/www.simasa.com\\\/wp-content\\\/uploads\\\/2026\\\/05\\\/EC84C8A5E4263CF18660000C299F5657-scaled.jpg\",\"datePublished\":\"2026-05-13T09:51:20+00:00\",\"dateModified\":\"2026-05-13T10:23:12+00:00\",\"description\":\"VC 3600. Aspirateur SIMA VC3600 : Puissance industrielle de 3,6 kW avec filtration HEPA haute efficacit\u00e9. La solution ultime pour les environnements \u00e0 poussi\u00e8res fines n\u00e9cessitant une aspiration maximale, une capacit\u00e9 de 60 L et une maintenance rapide sans interruption. &nbsp; &nbsp;\",\"breadcrumb\":{\"@id\":\"https:\\\/\\\/www.simasa.com\\\/fr\\\/producto\\\/vc-3600\\\/#breadcrumb\"},\"inLanguage\":\"fr-FR\",\"potentialAction\":[{\"@type\":\"ReadAction\",\"target\":[\"https:\\\/\\\/www.simasa.com\\\/fr\\\/producto\\\/vc-3600\\\/\"]}]},{\"@type\":\"ImageObject\",\"inLanguage\":\"fr-FR\",\"@id\":\"https:\\\/\\\/www.simasa.com\\\/fr\\\/producto\\\/vc-3600\\\/#primaryimage\",\"url\":\"https:\\\/\\\/www.simasa.com\\\/wp-content\\\/uploads\\\/2026\\\/05\\\/EC84C8A5E4263CF18660000C299F5657-scaled.jpg\",\"contentUrl\":\"https:\\\/\\\/www.simasa.com\\\/wp-content\\\/uploads\\\/2026\\\/05\\\/EC84C8A5E4263CF18660000C299F5657-scaled.jpg\",\"width\":2560,\"height\":2560,\"caption\":\"Aspirador de Polvo y L\u00edquido. VC 3600\"},{\"@type\":\"BreadcrumbList\",\"@id\":\"https:\\\/\\\/www.simasa.com\\\/fr\\\/producto\\\/vc-3600\\\/#breadcrumb\",\"itemListElement\":[{\"@type\":\"ListItem\",\"position\":1,\"name\":\"Inicio\",\"item\":\"https:\\\/\\\/www.simasa.com\\\/fr\\\/\"},{\"@type\":\"ListItem\",\"position\":2,\"name\":\"Catalogue\",\"item\":\"https:\\\/\\\/www.simasa.com\\\/cat-sima\\\/\"},{\"@type\":\"ListItem\",\"position\":3,\"name\":\"VC 3600\"}]},{\"@type\":\"WebSite\",\"@id\":\"https:\\\/\\\/www.simasa.com\\\/fr\\\/#website\",\"url\":\"https:\\\/\\\/www.simasa.com\\\/fr\\\/\",\"name\":\"Sima\",\"description\":\"Fabricantes de maquinaria para la construcci\u00f3n\",\"publisher\":{\"@id\":\"https:\\\/\\\/www.simasa.com\\\/fr\\\/#organization\"},\"potentialAction\":[{\"@type\":\"SearchAction\",\"target\":{\"@type\":\"EntryPoint\",\"urlTemplate\":\"https:\\\/\\\/www.simasa.com\\\/fr\\\/?s={search_term_string}\"},\"query-input\":{\"@type\":\"PropertyValueSpecification\",\"valueRequired\":true,\"valueName\":\"search_term_string\"}}],\"inLanguage\":\"fr-FR\"},{\"@type\":\"Organization\",\"@id\":\"https:\\\/\\\/www.simasa.com\\\/fr\\\/#organization\",\"name\":\"Sima\",\"url\":\"https:\\\/\\\/www.simasa.com\\\/fr\\\/\",\"logo\":{\"@type\":\"ImageObject\",\"inLanguage\":\"fr-FR\",\"@id\":\"https:\\\/\\\/www.simasa.com\\\/fr\\\/#\\\/schema\\\/logo\\\/image\\\/\",\"url\":\"https:\\\/\\\/www.simasa.com\\\/wp-content\\\/uploads\\\/2016\\\/03\\\/logo-1.jpg\",\"contentUrl\":\"https:\\\/\\\/www.simasa.com\\\/wp-content\\\/uploads\\\/2016\\\/03\\\/logo-1.jpg\",\"width\":121,\"height\":54,\"caption\":\"Sima\"},\"image\":{\"@id\":\"https:\\\/\\\/www.simasa.com\\\/fr\\\/#\\\/schema\\\/logo\\\/image\\\/\"}}]}<\/script>\n<!-- \/ Yoast SEO plugin. -->","yoast_head_json":{"title":"Aspirador de Polvo y L\u00edquidos - VC 3600 | Sima","description":"VC 3600. Aspirateur SIMA VC3600 : Puissance industrielle de 3,6 kW avec filtration HEPA haute efficacit\u00e9. La solution ultime pour les environnements \u00e0 poussi\u00e8res fines n\u00e9cessitant une aspiration maximale, une capacit\u00e9 de 60 L et une maintenance rapide sans interruption.  &nbsp;  &nbsp;","robots":{"index":"noindex","follow":"follow"},"og_locale":"fr_FR","og_type":"article","og_title":"Aspirador de Polvo y L\u00edquidos - VC 3600 | Sima","og_description":"VC 3600. Aspirateur SIMA VC3600 : Puissance industrielle de 3,6 kW avec filtration HEPA haute efficacit\u00e9. La solution ultime pour les environnements \u00e0 poussi\u00e8res fines n\u00e9cessitant une aspiration maximale, une capacit\u00e9 de 60 L et une maintenance rapide sans interruption.  &nbsp;  &nbsp;","og_url":"https:\/\/www.simasa.com\/fr\/producto\/vc-3600\/","og_site_name":"Sima","article_modified_time":"2026-05-13T10:23:12+00:00","og_image":[{"width":2560,"height":2560,"url":"https:\/\/www.simasa.com\/wp-content\/uploads\/2026\/05\/EC84C8A5E4263CF18660000C299F5657-scaled.jpg","type":"image\/jpeg"}],"twitter_card":"summary_large_image","twitter_misc":{"Dur\u00e9e de lecture estim\u00e9e":"2 minutes"},"schema":{"@context":"https:\/\/schema.org","@graph":[{"@type":"WebPage","@id":"https:\/\/www.simasa.com\/fr\/producto\/vc-3600\/","url":"https:\/\/www.simasa.com\/fr\/producto\/vc-3600\/","name":"Aspirador de Polvo y L\u00edquidos - VC 3600 | Sima","isPartOf":{"@id":"https:\/\/www.simasa.com\/fr\/#website"},"primaryImageOfPage":{"@id":"https:\/\/www.simasa.com\/fr\/producto\/vc-3600\/#primaryimage"},"image":{"@id":"https:\/\/www.simasa.com\/fr\/producto\/vc-3600\/#primaryimage"},"thumbnailUrl":"https:\/\/www.simasa.com\/wp-content\/uploads\/2026\/05\/EC84C8A5E4263CF18660000C299F5657-scaled.jpg","datePublished":"2026-05-13T09:51:20+00:00","dateModified":"2026-05-13T10:23:12+00:00","description":"VC 3600. Aspirateur SIMA VC3600 : Puissance industrielle de 3,6 kW avec filtration HEPA haute efficacit\u00e9. La solution ultime pour les environnements \u00e0 poussi\u00e8res fines n\u00e9cessitant une aspiration maximale, une capacit\u00e9 de 60 L et une maintenance rapide sans interruption. &nbsp; &nbsp;","breadcrumb":{"@id":"https:\/\/www.simasa.com\/fr\/producto\/vc-3600\/#breadcrumb"},"inLanguage":"fr-FR","potentialAction":[{"@type":"ReadAction","target":["https:\/\/www.simasa.com\/fr\/producto\/vc-3600\/"]}]},{"@type":"ImageObject","inLanguage":"fr-FR","@id":"https:\/\/www.simasa.com\/fr\/producto\/vc-3600\/#primaryimage","url":"https:\/\/www.simasa.com\/wp-content\/uploads\/2026\/05\/EC84C8A5E4263CF18660000C299F5657-scaled.jpg","contentUrl":"https:\/\/www.simasa.com\/wp-content\/uploads\/2026\/05\/EC84C8A5E4263CF18660000C299F5657-scaled.jpg","width":2560,"height":2560,"caption":"Aspirador de Polvo y L\u00edquido. VC 3600"},{"@type":"BreadcrumbList","@id":"https:\/\/www.simasa.com\/fr\/producto\/vc-3600\/#breadcrumb","itemListElement":[{"@type":"ListItem","position":1,"name":"Inicio","item":"https:\/\/www.simasa.com\/fr\/"},{"@type":"ListItem","position":2,"name":"Catalogue","item":"https:\/\/www.simasa.com\/cat-sima\/"},{"@type":"ListItem","position":3,"name":"VC 3600"}]},{"@type":"WebSite","@id":"https:\/\/www.simasa.com\/fr\/#website","url":"https:\/\/www.simasa.com\/fr\/","name":"Sima","description":"Fabricantes de maquinaria para la construcci\u00f3n","publisher":{"@id":"https:\/\/www.simasa.com\/fr\/#organization"},"potentialAction":[{"@type":"SearchAction","target":{"@type":"EntryPoint","urlTemplate":"https:\/\/www.simasa.com\/fr\/?s={search_term_string}"},"query-input":{"@type":"PropertyValueSpecification","valueRequired":true,"valueName":"search_term_string"}}],"inLanguage":"fr-FR"},{"@type":"Organization","@id":"https:\/\/www.simasa.com\/fr\/#organization","name":"Sima","url":"https:\/\/www.simasa.com\/fr\/","logo":{"@type":"ImageObject","inLanguage":"fr-FR","@id":"https:\/\/www.simasa.com\/fr\/#\/schema\/logo\/image\/","url":"https:\/\/www.simasa.com\/wp-content\/uploads\/2016\/03\/logo-1.jpg","contentUrl":"https:\/\/www.simasa.com\/wp-content\/uploads\/2016\/03\/logo-1.jpg","width":121,"height":54,"caption":"Sima"},"image":{"@id":"https:\/\/www.simasa.com\/fr\/#\/schema\/logo\/image\/"}}]}},"_links":{"self":[{"href":"https:\/\/www.simasa.com\/fr\/wp-json\/wp\/v2\/product\/12954","targetHints":{"allow":["GET"]}}],"collection":[{"href":"https:\/\/www.simasa.com\/fr\/wp-json\/wp\/v2\/product"}],"about":[{"href":"https:\/\/www.simasa.com\/fr\/wp-json\/wp\/v2\/types\/product"}],"replies":[{"embeddable":true,"href":"https:\/\/www.simasa.com\/fr\/wp-json\/wp\/v2\/comments?post=12954"}],"wp:featuredmedia":[{"embeddable":true,"href":"https:\/\/www.simasa.com\/fr\/wp-json\/wp\/v2\/media\/12958"}],"wp:attachment":[{"href":"https:\/\/www.simasa.com\/fr\/wp-json\/wp\/v2\/media?parent=12954"}],"wp:term":[{"taxonomy":"product_brand","embeddable":true,"href":"https:\/\/www.simasa.com\/fr\/wp-json\/wp\/v2\/product_brand?post=12954"},{"taxonomy":"product_cat","embeddable":true,"href":"https:\/\/www.simasa.com\/fr\/wp-json\/wp\/v2\/product_cat?post=12954"},{"taxonomy":"product_tag","embeddable":true,"href":"https:\/\/www.simasa.com\/fr\/wp-json\/wp\/v2\/product_tag?post=12954"}],"curies":[{"name":"wp","href":"https:\/\/api.w.org\/{rel}","templated":true}]}}