{"id":12797,"date":"2026-03-18T14:25:45","date_gmt":"2026-03-18T13:25:45","guid":{"rendered":"https:\/\/www.simasa.com\/?post_type=product&#038;p=12797"},"modified":"2026-03-18T16:46:04","modified_gmt":"2026-03-18T15:46:04","slug":"dakar-plus-450","status":"publish","type":"product","link":"https:\/\/www.simasa.com\/fr\/producto\/dakar-plus-450\/","title":{"rendered":"DAKAR PLUS 450"},"content":{"rendered":"<p>&nbsp;<\/p>\n<p data-path-to-node=\"7\">La <b data-path-to-node=\"7\" data-index-in-node=\"3\">SIMA Dakar Plus 450<\/b> est une scie \u00e0 mat\u00e9riaux professionnelle con\u00e7ue pour les mat\u00e9riaux de haute duret\u00e9 tels que le b\u00e9ton, le marbre et le granit. Elle dispose d&rsquo;un ch\u00e2ssis tubulaire robuste, d&rsquo;un moteur monophas\u00e9 et d&rsquo;une t\u00eate r\u00e9glable avec syst\u00e8me \u00e0 ressort. Compatible avec des disques jusqu&rsquo;\u00e0 <b data-path-to-node=\"7\" data-index-in-node=\"299\">\u00d8450 mm<\/b>, elle permet une hauteur de coupe maximale de <b data-path-to-node=\"7\" data-index-in-node=\"353\">148 mm<\/b> et facilite le transport gr\u00e2ce \u00e0 ses pieds amovibles.<\/p>\n<ul data-path-to-node=\"8\">\n<li>\n<p data-path-to-node=\"8,0,0\"><b data-path-to-node=\"8,0,0\" data-index-in-node=\"0\">Mat\u00e9riaux :<\/b> B\u00e9ton, brique thermique (termoarcilla), marbre et granit.<\/p>\n<\/li>\n<li>\n<p data-path-to-node=\"8,1,0\"><b data-path-to-node=\"8,1,0\" data-index-in-node=\"0\">Capacit\u00e9 :<\/b> Hauteur de coupe jusqu&rsquo;\u00e0 <b data-path-to-node=\"8,1,0\" data-index-in-node=\"36\">148 mm<\/b> (disques de \u00d8350 \u00e0 \u00d8450).<\/p>\n<\/li>\n<li>\n<p data-path-to-node=\"8,2,0\"><b data-path-to-node=\"8,2,0\" data-index-in-node=\"0\">Design :<\/b> Ch\u00e2ssis tubulaire l\u00e9ger avec pieds amovibles pour un transport facile.<\/p>\n<\/li>\n<li>\n<p data-path-to-node=\"8,3,0\"><b data-path-to-node=\"8,3,0\" data-index-in-node=\"0\">Connexion :<\/b> Moteur monophas\u00e9 compatible avec le r\u00e9seau \u00e9lectrique conventionnel.<\/p>\n<\/li>\n<li>\n<p data-path-to-node=\"8,4,0\"><b data-path-to-node=\"8,4,0\" data-index-in-node=\"0\">Coupe :<\/b> Syst\u00e8me \u00e0 ressort pour une descente contr\u00f4l\u00e9e et blocage de la hauteur.<\/p>\n<\/li>\n<\/ul>\n<p>&nbsp;<\/p>\n<p><img loading=\"lazy\" decoding=\"async\" class=\"alignnone wp-image-12791\" src=\"https:\/\/www.simasa.com\/wp-content\/uploads\/2026\/03\/Dakar-Plus-350-FR.png\" alt=\"\" width=\"946\" height=\"1276\" srcset=\"https:\/\/www.simasa.com\/wp-content\/uploads\/2026\/03\/Dakar-Plus-350-FR.png 832w, https:\/\/www.simasa.com\/wp-content\/uploads\/2026\/03\/Dakar-Plus-350-FR-222x300.png 222w, https:\/\/www.simasa.com\/wp-content\/uploads\/2026\/03\/Dakar-Plus-350-FR-759x1024.png 759w, https:\/\/www.simasa.com\/wp-content\/uploads\/2026\/03\/Dakar-Plus-350-FR-768x1036.png 768w, https:\/\/www.simasa.com\/wp-content\/uploads\/2026\/03\/Dakar-Plus-350-FR-416x561.png 416w\" sizes=\"auto, (max-width: 946px) 100vw, 946px\" \/><\/p>\n<p><iframe loading=\"lazy\" src=\"https:\/\/www.youtube.com\/embed\/GCKkcDD0qd4\" width=\"945\" height=\"540\" frameborder=\"0\" allowfullscreen=\"allowfullscreen\"><span data-mce-type=\"bookmark\" style=\"display: inline-block; width: 0px; overflow: hidden; line-height: 0;\" class=\"mce_SELRES_start\">\ufeff<\/span><\/iframe><\/p>\n","protected":false},"excerpt":{"rendered":"<p><b data-path-to-node=\"5\" data-index-in-node=\"0\">SIMA Dakar Plus 450 :<\/b> Cette scie \u00e0 blocs et pierre naturelle est une solution l\u00e9g\u00e8re, r\u00e9sistante et facile \u00e0 stocker, garantissant une descente contr\u00f4l\u00e9e et des coupes allant jusqu&rsquo;\u00e0 <b data-path-to-node=\"5\" data-index-in-node=\"183\">148 mm<\/b>.<\/p>\n<p>&nbsp;<\/p>\n","protected":false},"featured_media":12810,"comment_status":"open","ping_status":"closed","template":"","meta":{"_acf_changed":false},"product_brand":[],"product_cat":[1791],"product_tag":[2791],"class_list":{"0":"post-12797","1":"product","2":"type-product","3":"status-publish","4":"has-post-thumbnail","6":"product_cat-scies-a-materiaux-b","7":"product_tag-cortadora-de-materiales-fr","8":"pa_45-cutting-non-45-cutting-fr","9":"pa_max-blade-diameter-mm-3955","10":"pa_max-cutting-depth-mm-3956","11":"pa_max-cutting-length-mm-3957","13":"first","14":"instock","15":"shipping-taxable","16":"product-type-simple"},"acf":[],"yoast_head":"<!-- This site is optimized with the Yoast SEO plugin v27.2 - https:\/\/yoast.com\/product\/yoast-seo-wordpress\/ -->\n<title>Cortadora de Materiales - DAKAR PLUS 450 | Sima<\/title>\n<meta name=\"description\" content=\"DAKAR PLUS 450. SIMA Dakar Plus 450 : Cette scie \u00e0 blocs et pierre naturelle est une solution l\u00e9g\u00e8re, r\u00e9sistante et facile \u00e0 stocker, garantissant une descente contr\u00f4l\u00e9e et des coupes allant jusqu&#039;\u00e0 148 mm.  &nbsp;\" \/>\n<meta name=\"robots\" content=\"noindex, follow\" \/>\n<meta property=\"og:locale\" content=\"fr_FR\" \/>\n<meta property=\"og:type\" content=\"article\" \/>\n<meta property=\"og:title\" content=\"Cortadora de Materiales - DAKAR PLUS 450 | Sima\" \/>\n<meta property=\"og:description\" content=\"DAKAR PLUS 450. SIMA Dakar Plus 450 : Cette scie \u00e0 blocs et pierre naturelle est une solution l\u00e9g\u00e8re, r\u00e9sistante et facile \u00e0 stocker, garantissant une descente contr\u00f4l\u00e9e et des coupes allant jusqu&#039;\u00e0 148 mm.  &nbsp;\" \/>\n<meta property=\"og:url\" content=\"https:\/\/www.simasa.com\/fr\/producto\/dakar-plus-450\/\" \/>\n<meta property=\"og:site_name\" content=\"Sima\" \/>\n<meta property=\"article:modified_time\" content=\"2026-03-18T15:46:04+00:00\" \/>\n<meta property=\"og:image\" content=\"https:\/\/www.simasa.com\/wp-content\/uploads\/2026\/03\/DAKAR-PLUS-450-CAL-2-scaled.jpg\" \/>\n\t<meta property=\"og:image:width\" content=\"2560\" \/>\n\t<meta property=\"og:image:height\" content=\"2560\" \/>\n\t<meta property=\"og:image:type\" content=\"image\/jpeg\" \/>\n<meta name=\"twitter:card\" content=\"summary_large_image\" \/>\n<meta name=\"twitter:label1\" content=\"Dur\u00e9e de lecture estim\u00e9e\" \/>\n\t<meta name=\"twitter:data1\" content=\"1 minute\" \/>\n<script type=\"application\/ld+json\" class=\"yoast-schema-graph\">{\"@context\":\"https:\/\/schema.org\",\"@graph\":[{\"@type\":\"WebPage\",\"@id\":\"https:\/\/www.simasa.com\/fr\/producto\/dakar-plus-450\/\",\"url\":\"https:\/\/www.simasa.com\/fr\/producto\/dakar-plus-450\/\",\"name\":\"Cortadora de Materiales - DAKAR PLUS 450 | Sima\",\"isPartOf\":{\"@id\":\"https:\/\/www.simasa.com\/fr\/#website\"},\"primaryImageOfPage\":{\"@id\":\"https:\/\/www.simasa.com\/fr\/producto\/dakar-plus-450\/#primaryimage\"},\"image\":{\"@id\":\"https:\/\/www.simasa.com\/fr\/producto\/dakar-plus-450\/#primaryimage\"},\"thumbnailUrl\":\"https:\/\/www.simasa.com\/wp-content\/uploads\/2026\/03\/DAKAR-PLUS-450-CAL-2-scaled.jpg\",\"datePublished\":\"2026-03-18T13:25:45+00:00\",\"dateModified\":\"2026-03-18T15:46:04+00:00\",\"description\":\"DAKAR PLUS 450. SIMA Dakar Plus 450 : Cette scie \u00e0 blocs et pierre naturelle est une solution l\u00e9g\u00e8re, r\u00e9sistante et facile \u00e0 stocker, garantissant une descente contr\u00f4l\u00e9e et des coupes allant jusqu'\u00e0 148 mm. &nbsp;\",\"breadcrumb\":{\"@id\":\"https:\/\/www.simasa.com\/fr\/producto\/dakar-plus-450\/#breadcrumb\"},\"inLanguage\":\"fr-FR\",\"potentialAction\":[{\"@type\":\"ReadAction\",\"target\":[\"https:\/\/www.simasa.com\/fr\/producto\/dakar-plus-450\/\"]}]},{\"@type\":\"ImageObject\",\"inLanguage\":\"fr-FR\",\"@id\":\"https:\/\/www.simasa.com\/fr\/producto\/dakar-plus-450\/#primaryimage\",\"url\":\"https:\/\/www.simasa.com\/wp-content\/uploads\/2026\/03\/DAKAR-PLUS-450-CAL-2-scaled.jpg\",\"contentUrl\":\"https:\/\/www.simasa.com\/wp-content\/uploads\/2026\/03\/DAKAR-PLUS-450-CAL-2-scaled.jpg\",\"width\":2560,\"height\":2560},{\"@type\":\"BreadcrumbList\",\"@id\":\"https:\/\/www.simasa.com\/fr\/producto\/dakar-plus-450\/#breadcrumb\",\"itemListElement\":[{\"@type\":\"ListItem\",\"position\":1,\"name\":\"Inicio\",\"item\":\"https:\/\/www.simasa.com\/fr\/\"},{\"@type\":\"ListItem\",\"position\":2,\"name\":\"Catalogue\",\"item\":\"https:\/\/www.simasa.com\/cat-sima\/\"},{\"@type\":\"ListItem\",\"position\":3,\"name\":\"DAKAR PLUS 450\"}]},{\"@type\":\"WebSite\",\"@id\":\"https:\/\/www.simasa.com\/fr\/#website\",\"url\":\"https:\/\/www.simasa.com\/fr\/\",\"name\":\"Sima\",\"description\":\"Fabricantes de maquinaria para la construcci\u00f3n\",\"publisher\":{\"@id\":\"https:\/\/www.simasa.com\/fr\/#organization\"},\"potentialAction\":[{\"@type\":\"SearchAction\",\"target\":{\"@type\":\"EntryPoint\",\"urlTemplate\":\"https:\/\/www.simasa.com\/fr\/?s={search_term_string}\"},\"query-input\":{\"@type\":\"PropertyValueSpecification\",\"valueRequired\":true,\"valueName\":\"search_term_string\"}}],\"inLanguage\":\"fr-FR\"},{\"@type\":\"Organization\",\"@id\":\"https:\/\/www.simasa.com\/fr\/#organization\",\"name\":\"Sima\",\"url\":\"https:\/\/www.simasa.com\/fr\/\",\"logo\":{\"@type\":\"ImageObject\",\"inLanguage\":\"fr-FR\",\"@id\":\"https:\/\/www.simasa.com\/fr\/#\/schema\/logo\/image\/\",\"url\":\"https:\/\/www.simasa.com\/wp-content\/uploads\/2016\/03\/logo-1.jpg\",\"contentUrl\":\"https:\/\/www.simasa.com\/wp-content\/uploads\/2016\/03\/logo-1.jpg\",\"width\":121,\"height\":54,\"caption\":\"Sima\"},\"image\":{\"@id\":\"https:\/\/www.simasa.com\/fr\/#\/schema\/logo\/image\/\"}}]}<\/script>\n<!-- \/ Yoast SEO plugin. -->","yoast_head_json":{"title":"Cortadora de Materiales - DAKAR PLUS 450 | Sima","description":"DAKAR PLUS 450. SIMA Dakar Plus 450 : Cette scie \u00e0 blocs et pierre naturelle est une solution l\u00e9g\u00e8re, r\u00e9sistante et facile \u00e0 stocker, garantissant une descente contr\u00f4l\u00e9e et des coupes allant jusqu'\u00e0 148 mm.  &nbsp;","robots":{"index":"noindex","follow":"follow"},"og_locale":"fr_FR","og_type":"article","og_title":"Cortadora de Materiales - DAKAR PLUS 450 | Sima","og_description":"DAKAR PLUS 450. SIMA Dakar Plus 450 : Cette scie \u00e0 blocs et pierre naturelle est une solution l\u00e9g\u00e8re, r\u00e9sistante et facile \u00e0 stocker, garantissant une descente contr\u00f4l\u00e9e et des coupes allant jusqu'\u00e0 148 mm.  &nbsp;","og_url":"https:\/\/www.simasa.com\/fr\/producto\/dakar-plus-450\/","og_site_name":"Sima","article_modified_time":"2026-03-18T15:46:04+00:00","og_image":[{"width":2560,"height":2560,"url":"https:\/\/www.simasa.com\/wp-content\/uploads\/2026\/03\/DAKAR-PLUS-450-CAL-2-scaled.jpg","type":"image\/jpeg"}],"twitter_card":"summary_large_image","twitter_misc":{"Dur\u00e9e de lecture estim\u00e9e":"1 minute"},"schema":{"@context":"https:\/\/schema.org","@graph":[{"@type":"WebPage","@id":"https:\/\/www.simasa.com\/fr\/producto\/dakar-plus-450\/","url":"https:\/\/www.simasa.com\/fr\/producto\/dakar-plus-450\/","name":"Cortadora de Materiales - DAKAR PLUS 450 | Sima","isPartOf":{"@id":"https:\/\/www.simasa.com\/fr\/#website"},"primaryImageOfPage":{"@id":"https:\/\/www.simasa.com\/fr\/producto\/dakar-plus-450\/#primaryimage"},"image":{"@id":"https:\/\/www.simasa.com\/fr\/producto\/dakar-plus-450\/#primaryimage"},"thumbnailUrl":"https:\/\/www.simasa.com\/wp-content\/uploads\/2026\/03\/DAKAR-PLUS-450-CAL-2-scaled.jpg","datePublished":"2026-03-18T13:25:45+00:00","dateModified":"2026-03-18T15:46:04+00:00","description":"DAKAR PLUS 450. SIMA Dakar Plus 450 : Cette scie \u00e0 blocs et pierre naturelle est une solution l\u00e9g\u00e8re, r\u00e9sistante et facile \u00e0 stocker, garantissant une descente contr\u00f4l\u00e9e et des coupes allant jusqu'\u00e0 148 mm. &nbsp;","breadcrumb":{"@id":"https:\/\/www.simasa.com\/fr\/producto\/dakar-plus-450\/#breadcrumb"},"inLanguage":"fr-FR","potentialAction":[{"@type":"ReadAction","target":["https:\/\/www.simasa.com\/fr\/producto\/dakar-plus-450\/"]}]},{"@type":"ImageObject","inLanguage":"fr-FR","@id":"https:\/\/www.simasa.com\/fr\/producto\/dakar-plus-450\/#primaryimage","url":"https:\/\/www.simasa.com\/wp-content\/uploads\/2026\/03\/DAKAR-PLUS-450-CAL-2-scaled.jpg","contentUrl":"https:\/\/www.simasa.com\/wp-content\/uploads\/2026\/03\/DAKAR-PLUS-450-CAL-2-scaled.jpg","width":2560,"height":2560},{"@type":"BreadcrumbList","@id":"https:\/\/www.simasa.com\/fr\/producto\/dakar-plus-450\/#breadcrumb","itemListElement":[{"@type":"ListItem","position":1,"name":"Inicio","item":"https:\/\/www.simasa.com\/fr\/"},{"@type":"ListItem","position":2,"name":"Catalogue","item":"https:\/\/www.simasa.com\/cat-sima\/"},{"@type":"ListItem","position":3,"name":"DAKAR PLUS 450"}]},{"@type":"WebSite","@id":"https:\/\/www.simasa.com\/fr\/#website","url":"https:\/\/www.simasa.com\/fr\/","name":"Sima","description":"Fabricantes de maquinaria para la construcci\u00f3n","publisher":{"@id":"https:\/\/www.simasa.com\/fr\/#organization"},"potentialAction":[{"@type":"SearchAction","target":{"@type":"EntryPoint","urlTemplate":"https:\/\/www.simasa.com\/fr\/?s={search_term_string}"},"query-input":{"@type":"PropertyValueSpecification","valueRequired":true,"valueName":"search_term_string"}}],"inLanguage":"fr-FR"},{"@type":"Organization","@id":"https:\/\/www.simasa.com\/fr\/#organization","name":"Sima","url":"https:\/\/www.simasa.com\/fr\/","logo":{"@type":"ImageObject","inLanguage":"fr-FR","@id":"https:\/\/www.simasa.com\/fr\/#\/schema\/logo\/image\/","url":"https:\/\/www.simasa.com\/wp-content\/uploads\/2016\/03\/logo-1.jpg","contentUrl":"https:\/\/www.simasa.com\/wp-content\/uploads\/2016\/03\/logo-1.jpg","width":121,"height":54,"caption":"Sima"},"image":{"@id":"https:\/\/www.simasa.com\/fr\/#\/schema\/logo\/image\/"}}]}},"_links":{"self":[{"href":"https:\/\/www.simasa.com\/fr\/wp-json\/wp\/v2\/product\/12797","targetHints":{"allow":["GET"]}}],"collection":[{"href":"https:\/\/www.simasa.com\/fr\/wp-json\/wp\/v2\/product"}],"about":[{"href":"https:\/\/www.simasa.com\/fr\/wp-json\/wp\/v2\/types\/product"}],"replies":[{"embeddable":true,"href":"https:\/\/www.simasa.com\/fr\/wp-json\/wp\/v2\/comments?post=12797"}],"wp:featuredmedia":[{"embeddable":true,"href":"https:\/\/www.simasa.com\/fr\/wp-json\/wp\/v2\/media\/12810"}],"wp:attachment":[{"href":"https:\/\/www.simasa.com\/fr\/wp-json\/wp\/v2\/media?parent=12797"}],"wp:term":[{"taxonomy":"product_brand","embeddable":true,"href":"https:\/\/www.simasa.com\/fr\/wp-json\/wp\/v2\/product_brand?post=12797"},{"taxonomy":"product_cat","embeddable":true,"href":"https:\/\/www.simasa.com\/fr\/wp-json\/wp\/v2\/product_cat?post=12797"},{"taxonomy":"product_tag","embeddable":true,"href":"https:\/\/www.simasa.com\/fr\/wp-json\/wp\/v2\/product_tag?post=12797"}],"curies":[{"name":"wp","href":"https:\/\/api.w.org\/{rel}","templated":true}]}}