{"id":12769,"date":"2026-03-17T17:20:46","date_gmt":"2026-03-17T16:20:46","guid":{"rendered":"https:\/\/www.simasa.com\/?post_type=product&#038;p=12769"},"modified":"2026-03-18T17:46:44","modified_gmt":"2026-03-18T16:46:44","slug":"dakar-mk45-copia","status":"publish","type":"product","link":"https:\/\/www.simasa.com\/fr\/producto\/dakar-mk45-copia\/","title":{"rendered":"DAKAR PLUS 350"},"content":{"rendered":"<p>&nbsp;<\/p>\n<p data-path-to-node=\"7\">La <b data-path-to-node=\"7\" data-index-in-node=\"3\">SIMA Dakar Plus 350<\/b> est une scie \u00e0 mat\u00e9riaux professionnelle de conception classique pour la brique, le terrazzo, le marbre et le granit. Elle combine un <b data-path-to-node=\"7\" data-index-in-node=\"157\">ch\u00e2ssis en t\u00f4le et tube soud\u00e9<\/b> pour offrir l\u00e9g\u00e8ret\u00e9 et r\u00e9sistance, avec un moteur monophas\u00e9 facile \u00e0 brancher. Sa <b data-path-to-node=\"7\" data-index-in-node=\"270\">t\u00eate de coupe avec blocage de hauteur<\/b> permet de r\u00e9aliser des coupes en fen\u00eatre dans les carreaux, tandis que son syst\u00e8me \u00e0 ressort garantit une descente contr\u00f4l\u00e9e et un retour rapide.<\/p>\n<ul data-path-to-node=\"8\">\n<li>\n<p data-path-to-node=\"8,0,0\"><b data-path-to-node=\"8,0,0\" data-index-in-node=\"0\">Mat\u00e9riaux :<\/b> Brique, terrazzo, marbre, granit et plus.<\/p>\n<\/li>\n<li>\n<p data-path-to-node=\"8,1,0\"><b data-path-to-node=\"8,1,0\" data-index-in-node=\"0\">Design :<\/b> Ch\u00e2ssis l\u00e9ger et robuste avec pieds amovibles pour un transport facile.<\/p>\n<\/li>\n<li>\n<p data-path-to-node=\"8,2,0\"><b data-path-to-node=\"8,2,0\" data-index-in-node=\"0\">Polyvalence :<\/b> T\u00eate avec blocage de hauteur pour coupes en fen\u00eatre sur carrelage.<\/p>\n<\/li>\n<li>\n<p data-path-to-node=\"8,3,0\"><b data-path-to-node=\"8,3,0\" data-index-in-node=\"0\">Ergonomie :<\/b> Syst\u00e8me \u00e0 ressort pour une descente contr\u00f4l\u00e9e et un retour rapide.<\/p>\n<\/li>\n<li>\n<p data-path-to-node=\"8,4,0\"><b data-path-to-node=\"8,4,0\" data-index-in-node=\"0\">Connexion :<\/b> Moteur monophas\u00e9 compatible avec le r\u00e9seau \u00e9lectrique standard.<\/p>\n<\/li>\n<\/ul>\n<p>&nbsp;<\/p>\n<p><img loading=\"lazy\" decoding=\"async\" class=\"alignnone wp-image-12791\" src=\"https:\/\/www.simasa.com\/wp-content\/uploads\/2026\/03\/Dakar-Plus-350-FR.png\" alt=\"\" width=\"946\" height=\"1276\" srcset=\"https:\/\/www.simasa.com\/wp-content\/uploads\/2026\/03\/Dakar-Plus-350-FR.png 832w, https:\/\/www.simasa.com\/wp-content\/uploads\/2026\/03\/Dakar-Plus-350-FR-222x300.png 222w, https:\/\/www.simasa.com\/wp-content\/uploads\/2026\/03\/Dakar-Plus-350-FR-759x1024.png 759w, https:\/\/www.simasa.com\/wp-content\/uploads\/2026\/03\/Dakar-Plus-350-FR-768x1036.png 768w, https:\/\/www.simasa.com\/wp-content\/uploads\/2026\/03\/Dakar-Plus-350-FR-416x561.png 416w\" sizes=\"auto, (max-width: 946px) 100vw, 946px\" \/><\/p>\n<p><iframe loading=\"lazy\" src=\"https:\/\/www.youtube.com\/embed\/GCKkcDD0qd4\" width=\"945\" height=\"540\" frameborder=\"0\" allowfullscreen=\"allowfullscreen\"><span data-mce-type=\"bookmark\" style=\"display: inline-block; width: 0px; overflow: hidden; line-height: 0;\" class=\"mce_SELRES_start\">\ufeff<\/span><\/iframe><\/p>\n","protected":false},"excerpt":{"rendered":"<p>Scie professionnelle <b data-path-to-node=\"16\" data-index-in-node=\"21\">SIMA Dakar Plus 350<\/b> pour blocs, b\u00e9ton et granit. Offre une hauteur de coupe allant jusqu&rsquo;\u00e0 148 mm, un moteur monophas\u00e9 et un design compact avec pieds amovibles pour un transport simplifi\u00e9.<\/p>\n<p>&nbsp;<\/p>\n","protected":false},"featured_media":12776,"comment_status":"open","ping_status":"closed","template":"","meta":{"_acf_changed":false},"product_brand":[],"product_cat":[1791],"product_tag":[2791],"class_list":{"0":"post-12769","1":"product","2":"type-product","3":"status-publish","4":"has-post-thumbnail","6":"product_cat-scies-a-materiaux-b","7":"product_tag-cortadora-de-materiales-fr","8":"pa_45-cutting-oui-45-cutting-fr","9":"pa_max-blade-diameter-mm-3745","10":"pa_max-cutting-depth-mm-3881","11":"pa_max-cutting-length-mm-3963","13":"first","14":"instock","15":"shipping-taxable","16":"product-type-simple"},"acf":[],"yoast_head":"<!-- This site is optimized with the Yoast SEO plugin v27.2 - https:\/\/yoast.com\/product\/yoast-seo-wordpress\/ -->\n<title>Cortadora de Materiales - DAKAR PLUS 350 | Sima<\/title>\n<meta name=\"description\" content=\"DAKAR PLUS 350. Scie professionnelle SIMA Dakar Plus 350 pour blocs, b\u00e9ton et granit. Offre une hauteur de coupe allant jusqu&#039;\u00e0 148 mm, un moteur monophas\u00e9 et un design compact avec pieds amovibles pour un transport simplifi\u00e9.  &nbsp;\" \/>\n<meta name=\"robots\" content=\"noindex, follow\" \/>\n<meta property=\"og:locale\" content=\"fr_FR\" \/>\n<meta property=\"og:type\" content=\"article\" \/>\n<meta property=\"og:title\" content=\"Cortadora de Materiales - DAKAR PLUS 350 | Sima\" \/>\n<meta property=\"og:description\" content=\"DAKAR PLUS 350. Scie professionnelle SIMA Dakar Plus 350 pour blocs, b\u00e9ton et granit. Offre une hauteur de coupe allant jusqu&#039;\u00e0 148 mm, un moteur monophas\u00e9 et un design compact avec pieds amovibles pour un transport simplifi\u00e9.  &nbsp;\" \/>\n<meta property=\"og:url\" content=\"https:\/\/www.simasa.com\/fr\/producto\/dakar-mk45-copia\/\" \/>\n<meta property=\"og:site_name\" content=\"Sima\" \/>\n<meta property=\"article:modified_time\" content=\"2026-03-18T16:46:44+00:00\" \/>\n<meta property=\"og:image\" content=\"https:\/\/www.simasa.com\/wp-content\/uploads\/2026\/03\/DAKAR-PLUS_1-CAL-1024x1024.png\" \/>\n\t<meta property=\"og:image:width\" content=\"1024\" \/>\n\t<meta property=\"og:image:height\" content=\"1024\" \/>\n\t<meta property=\"og:image:type\" content=\"image\/png\" \/>\n<meta name=\"twitter:card\" content=\"summary_large_image\" \/>\n<meta name=\"twitter:label1\" content=\"Dur\u00e9e de lecture estim\u00e9e\" \/>\n\t<meta name=\"twitter:data1\" content=\"1 minute\" \/>\n<script type=\"application\/ld+json\" class=\"yoast-schema-graph\">{\"@context\":\"https:\/\/schema.org\",\"@graph\":[{\"@type\":\"WebPage\",\"@id\":\"https:\/\/www.simasa.com\/fr\/producto\/dakar-mk45-copia\/\",\"url\":\"https:\/\/www.simasa.com\/fr\/producto\/dakar-mk45-copia\/\",\"name\":\"Cortadora de Materiales - DAKAR PLUS 350 | Sima\",\"isPartOf\":{\"@id\":\"https:\/\/www.simasa.com\/fr\/#website\"},\"primaryImageOfPage\":{\"@id\":\"https:\/\/www.simasa.com\/fr\/producto\/dakar-mk45-copia\/#primaryimage\"},\"image\":{\"@id\":\"https:\/\/www.simasa.com\/fr\/producto\/dakar-mk45-copia\/#primaryimage\"},\"thumbnailUrl\":\"https:\/\/www.simasa.com\/wp-content\/uploads\/2026\/03\/DAKAR-PLUS_1-CAL.png\",\"datePublished\":\"2026-03-17T16:20:46+00:00\",\"dateModified\":\"2026-03-18T16:46:44+00:00\",\"description\":\"DAKAR PLUS 350. Scie professionnelle SIMA Dakar Plus 350 pour blocs, b\u00e9ton et granit. Offre une hauteur de coupe allant jusqu'\u00e0 148 mm, un moteur monophas\u00e9 et un design compact avec pieds amovibles pour un transport simplifi\u00e9. &nbsp;\",\"breadcrumb\":{\"@id\":\"https:\/\/www.simasa.com\/fr\/producto\/dakar-mk45-copia\/#breadcrumb\"},\"inLanguage\":\"fr-FR\",\"potentialAction\":[{\"@type\":\"ReadAction\",\"target\":[\"https:\/\/www.simasa.com\/fr\/producto\/dakar-mk45-copia\/\"]}]},{\"@type\":\"ImageObject\",\"inLanguage\":\"fr-FR\",\"@id\":\"https:\/\/www.simasa.com\/fr\/producto\/dakar-mk45-copia\/#primaryimage\",\"url\":\"https:\/\/www.simasa.com\/wp-content\/uploads\/2026\/03\/DAKAR-PLUS_1-CAL.png\",\"contentUrl\":\"https:\/\/www.simasa.com\/wp-content\/uploads\/2026\/03\/DAKAR-PLUS_1-CAL.png\",\"width\":1460,\"height\":1460},{\"@type\":\"BreadcrumbList\",\"@id\":\"https:\/\/www.simasa.com\/fr\/producto\/dakar-mk45-copia\/#breadcrumb\",\"itemListElement\":[{\"@type\":\"ListItem\",\"position\":1,\"name\":\"Inicio\",\"item\":\"https:\/\/www.simasa.com\/fr\/\"},{\"@type\":\"ListItem\",\"position\":2,\"name\":\"Catalogue\",\"item\":\"https:\/\/www.simasa.com\/cat-sima\/\"},{\"@type\":\"ListItem\",\"position\":3,\"name\":\"DAKAR PLUS 350\"}]},{\"@type\":\"WebSite\",\"@id\":\"https:\/\/www.simasa.com\/fr\/#website\",\"url\":\"https:\/\/www.simasa.com\/fr\/\",\"name\":\"Sima\",\"description\":\"Fabricantes de maquinaria para la construcci\u00f3n\",\"publisher\":{\"@id\":\"https:\/\/www.simasa.com\/fr\/#organization\"},\"potentialAction\":[{\"@type\":\"SearchAction\",\"target\":{\"@type\":\"EntryPoint\",\"urlTemplate\":\"https:\/\/www.simasa.com\/fr\/?s={search_term_string}\"},\"query-input\":{\"@type\":\"PropertyValueSpecification\",\"valueRequired\":true,\"valueName\":\"search_term_string\"}}],\"inLanguage\":\"fr-FR\"},{\"@type\":\"Organization\",\"@id\":\"https:\/\/www.simasa.com\/fr\/#organization\",\"name\":\"Sima\",\"url\":\"https:\/\/www.simasa.com\/fr\/\",\"logo\":{\"@type\":\"ImageObject\",\"inLanguage\":\"fr-FR\",\"@id\":\"https:\/\/www.simasa.com\/fr\/#\/schema\/logo\/image\/\",\"url\":\"https:\/\/www.simasa.com\/wp-content\/uploads\/2016\/03\/logo-1.jpg\",\"contentUrl\":\"https:\/\/www.simasa.com\/wp-content\/uploads\/2016\/03\/logo-1.jpg\",\"width\":121,\"height\":54,\"caption\":\"Sima\"},\"image\":{\"@id\":\"https:\/\/www.simasa.com\/fr\/#\/schema\/logo\/image\/\"}}]}<\/script>\n<!-- \/ Yoast SEO plugin. -->","yoast_head_json":{"title":"Cortadora de Materiales - DAKAR PLUS 350 | Sima","description":"DAKAR PLUS 350. Scie professionnelle SIMA Dakar Plus 350 pour blocs, b\u00e9ton et granit. Offre une hauteur de coupe allant jusqu'\u00e0 148 mm, un moteur monophas\u00e9 et un design compact avec pieds amovibles pour un transport simplifi\u00e9.  &nbsp;","robots":{"index":"noindex","follow":"follow"},"og_locale":"fr_FR","og_type":"article","og_title":"Cortadora de Materiales - DAKAR PLUS 350 | Sima","og_description":"DAKAR PLUS 350. Scie professionnelle SIMA Dakar Plus 350 pour blocs, b\u00e9ton et granit. Offre une hauteur de coupe allant jusqu'\u00e0 148 mm, un moteur monophas\u00e9 et un design compact avec pieds amovibles pour un transport simplifi\u00e9.  &nbsp;","og_url":"https:\/\/www.simasa.com\/fr\/producto\/dakar-mk45-copia\/","og_site_name":"Sima","article_modified_time":"2026-03-18T16:46:44+00:00","og_image":[{"width":1024,"height":1024,"url":"https:\/\/www.simasa.com\/wp-content\/uploads\/2026\/03\/DAKAR-PLUS_1-CAL-1024x1024.png","type":"image\/png"}],"twitter_card":"summary_large_image","twitter_misc":{"Dur\u00e9e de lecture estim\u00e9e":"1 minute"},"schema":{"@context":"https:\/\/schema.org","@graph":[{"@type":"WebPage","@id":"https:\/\/www.simasa.com\/fr\/producto\/dakar-mk45-copia\/","url":"https:\/\/www.simasa.com\/fr\/producto\/dakar-mk45-copia\/","name":"Cortadora de Materiales - DAKAR PLUS 350 | Sima","isPartOf":{"@id":"https:\/\/www.simasa.com\/fr\/#website"},"primaryImageOfPage":{"@id":"https:\/\/www.simasa.com\/fr\/producto\/dakar-mk45-copia\/#primaryimage"},"image":{"@id":"https:\/\/www.simasa.com\/fr\/producto\/dakar-mk45-copia\/#primaryimage"},"thumbnailUrl":"https:\/\/www.simasa.com\/wp-content\/uploads\/2026\/03\/DAKAR-PLUS_1-CAL.png","datePublished":"2026-03-17T16:20:46+00:00","dateModified":"2026-03-18T16:46:44+00:00","description":"DAKAR PLUS 350. Scie professionnelle SIMA Dakar Plus 350 pour blocs, b\u00e9ton et granit. Offre une hauteur de coupe allant jusqu'\u00e0 148 mm, un moteur monophas\u00e9 et un design compact avec pieds amovibles pour un transport simplifi\u00e9. &nbsp;","breadcrumb":{"@id":"https:\/\/www.simasa.com\/fr\/producto\/dakar-mk45-copia\/#breadcrumb"},"inLanguage":"fr-FR","potentialAction":[{"@type":"ReadAction","target":["https:\/\/www.simasa.com\/fr\/producto\/dakar-mk45-copia\/"]}]},{"@type":"ImageObject","inLanguage":"fr-FR","@id":"https:\/\/www.simasa.com\/fr\/producto\/dakar-mk45-copia\/#primaryimage","url":"https:\/\/www.simasa.com\/wp-content\/uploads\/2026\/03\/DAKAR-PLUS_1-CAL.png","contentUrl":"https:\/\/www.simasa.com\/wp-content\/uploads\/2026\/03\/DAKAR-PLUS_1-CAL.png","width":1460,"height":1460},{"@type":"BreadcrumbList","@id":"https:\/\/www.simasa.com\/fr\/producto\/dakar-mk45-copia\/#breadcrumb","itemListElement":[{"@type":"ListItem","position":1,"name":"Inicio","item":"https:\/\/www.simasa.com\/fr\/"},{"@type":"ListItem","position":2,"name":"Catalogue","item":"https:\/\/www.simasa.com\/cat-sima\/"},{"@type":"ListItem","position":3,"name":"DAKAR PLUS 350"}]},{"@type":"WebSite","@id":"https:\/\/www.simasa.com\/fr\/#website","url":"https:\/\/www.simasa.com\/fr\/","name":"Sima","description":"Fabricantes de maquinaria para la construcci\u00f3n","publisher":{"@id":"https:\/\/www.simasa.com\/fr\/#organization"},"potentialAction":[{"@type":"SearchAction","target":{"@type":"EntryPoint","urlTemplate":"https:\/\/www.simasa.com\/fr\/?s={search_term_string}"},"query-input":{"@type":"PropertyValueSpecification","valueRequired":true,"valueName":"search_term_string"}}],"inLanguage":"fr-FR"},{"@type":"Organization","@id":"https:\/\/www.simasa.com\/fr\/#organization","name":"Sima","url":"https:\/\/www.simasa.com\/fr\/","logo":{"@type":"ImageObject","inLanguage":"fr-FR","@id":"https:\/\/www.simasa.com\/fr\/#\/schema\/logo\/image\/","url":"https:\/\/www.simasa.com\/wp-content\/uploads\/2016\/03\/logo-1.jpg","contentUrl":"https:\/\/www.simasa.com\/wp-content\/uploads\/2016\/03\/logo-1.jpg","width":121,"height":54,"caption":"Sima"},"image":{"@id":"https:\/\/www.simasa.com\/fr\/#\/schema\/logo\/image\/"}}]}},"_links":{"self":[{"href":"https:\/\/www.simasa.com\/fr\/wp-json\/wp\/v2\/product\/12769","targetHints":{"allow":["GET"]}}],"collection":[{"href":"https:\/\/www.simasa.com\/fr\/wp-json\/wp\/v2\/product"}],"about":[{"href":"https:\/\/www.simasa.com\/fr\/wp-json\/wp\/v2\/types\/product"}],"replies":[{"embeddable":true,"href":"https:\/\/www.simasa.com\/fr\/wp-json\/wp\/v2\/comments?post=12769"}],"wp:featuredmedia":[{"embeddable":true,"href":"https:\/\/www.simasa.com\/fr\/wp-json\/wp\/v2\/media\/12776"}],"wp:attachment":[{"href":"https:\/\/www.simasa.com\/fr\/wp-json\/wp\/v2\/media?parent=12769"}],"wp:term":[{"taxonomy":"product_brand","embeddable":true,"href":"https:\/\/www.simasa.com\/fr\/wp-json\/wp\/v2\/product_brand?post=12769"},{"taxonomy":"product_cat","embeddable":true,"href":"https:\/\/www.simasa.com\/fr\/wp-json\/wp\/v2\/product_cat?post=12769"},{"taxonomy":"product_tag","embeddable":true,"href":"https:\/\/www.simasa.com\/fr\/wp-json\/wp\/v2\/product_tag?post=12769"}],"curies":[{"name":"wp","href":"https:\/\/api.w.org\/{rel}","templated":true}]}}