{"id":12723,"date":"2026-02-16T15:24:29","date_gmt":"2026-02-16T14:24:29","guid":{"rendered":"https:\/\/www.simasa.com\/?post_type=product&#038;p=12723"},"modified":"2026-02-16T17:26:25","modified_gmt":"2026-02-16T16:26:25","slug":"halcon-65-eb","status":"publish","type":"product","link":"https:\/\/www.simasa.com\/fr\/producto\/halcon-65-eb\/","title":{"rendered":"HALCON 65 EB"},"content":{"rendered":"<p>El <strong>HALC\u00d3N 65<\/strong> <strong>EB<\/strong> es una fratasadora el\u00e9ctrica con bater\u00eda 58,4 V y 40 A . Id\u00f3nea para espacios sin ventilaci\u00f3n que evita la intoxicaci\u00f3n por humos.<\/p>\n<ul>\n<li>Trabaja con m\u00e1s seguridad<\/li>\n<li>Elimina el coste en sistemas de ventilacion forzada<\/li>\n<li>Reduccion nivel de ruido<\/li>\n<li>Libertad sin cables el\u00e9ctricos<\/li>\n<li>Manillar Plegable y Telesc\u00f3pico<\/li>\n<li>Duraci\u00f3n bater\u00eda 2h y 20 min<\/li>\n<\/ul>\n<p>&nbsp;<\/p>\n<p><img loading=\"lazy\" decoding=\"async\" class=\"alignnone size-full wp-image-12725\" src=\"https:\/\/www.simasa.com\/wp-content\/uploads\/2026\/02\/Halcon-65-EB-2.jpg\" alt=\"\" width=\"865\" height=\"1232\" srcset=\"https:\/\/www.simasa.com\/wp-content\/uploads\/2026\/02\/Halcon-65-EB-2.jpg 865w, https:\/\/www.simasa.com\/wp-content\/uploads\/2026\/02\/Halcon-65-EB-2-211x300.jpg 211w, https:\/\/www.simasa.com\/wp-content\/uploads\/2026\/02\/Halcon-65-EB-2-719x1024.jpg 719w, https:\/\/www.simasa.com\/wp-content\/uploads\/2026\/02\/Halcon-65-EB-2-768x1094.jpg 768w, https:\/\/www.simasa.com\/wp-content\/uploads\/2026\/02\/Halcon-65-EB-2-416x592.jpg 416w\" sizes=\"auto, (max-width: 865px) 100vw, 865px\" \/><\/p>\n<p><a href=\"https:\/\/www.simasa.com\/wp-content\/uploads\/2026\/02\/Halcon-65-EB-1-1.jpg\"><img loading=\"lazy\" decoding=\"async\" class=\"alignnone size-full wp-image-12726\" src=\"https:\/\/www.simasa.com\/wp-content\/uploads\/2026\/02\/Halcon-65-EB-1-1.jpg\" alt=\"\" width=\"862\" height=\"633\" srcset=\"https:\/\/www.simasa.com\/wp-content\/uploads\/2026\/02\/Halcon-65-EB-1-1.jpg 862w, https:\/\/www.simasa.com\/wp-content\/uploads\/2026\/02\/Halcon-65-EB-1-1-300x220.jpg 300w, https:\/\/www.simasa.com\/wp-content\/uploads\/2026\/02\/Halcon-65-EB-1-1-768x564.jpg 768w, https:\/\/www.simasa.com\/wp-content\/uploads\/2026\/02\/Halcon-65-EB-1-1-416x305.jpg 416w\" sizes=\"auto, (max-width: 862px) 100vw, 862px\" \/><\/a><\/p>\n<p><iframe loading=\"lazy\" src=\"https:\/\/www.youtube.com\/embed\/vYpnhEad0r8\" width=\"945\" height=\"540\" frameborder=\"0\" allowfullscreen=\"allowfullscreen\"><span data-mce-type=\"bookmark\" style=\"display: inline-block; width: 0px; overflow: hidden; line-height: 0;\" class=\"mce_SELRES_start\">\ufeff<\/span><\/iframe><\/p>\n","protected":false},"excerpt":{"rendered":"<p>El <strong>HALC\u00d3N 65<\/strong> <strong>EB<\/strong> es una fratasadora el\u00e9ctrica con bater\u00eda 58,4 V y 40 A . Id\u00f3nea para espacios sin ventilaci\u00f3n que evita la intoxicaci\u00f3n por humos.<\/p>\n<p>&nbsp;<\/p>\n","protected":false},"featured_media":12733,"comment_status":"open","ping_status":"closed","template":"","meta":{"_acf_changed":false},"product_brand":[],"product_cat":[1814],"product_tag":[3733],"class_list":{"0":"post-12723","1":"product","2":"type-product","3":"status-publish","4":"has-post-thumbnail","6":"product_cat-talocheuses","7":"product_tag-fratasadoras","8":"pa_power-electriques","10":"first","11":"instock","12":"shipping-taxable","13":"product-type-simple"},"acf":[],"yoast_head":"<!-- This site is optimized with the Yoast SEO plugin v27.2 - https:\/\/yoast.com\/product\/yoast-seo-wordpress\/ -->\n<title>Fratasadoras - HALCON 65 EB | Sima<\/title>\n<meta name=\"description\" content=\"HALCON 65 EB. El HALC\u00d3N 65 EB es una fratasadora el\u00e9ctrica con bater\u00eda 58,4 V y 40 A . Id\u00f3nea para espacios sin ventilaci\u00f3n que evita la intoxicaci\u00f3n por humos.  &nbsp;\" \/>\n<meta name=\"robots\" content=\"noindex, follow\" \/>\n<meta property=\"og:locale\" content=\"fr_FR\" \/>\n<meta property=\"og:type\" content=\"article\" \/>\n<meta property=\"og:title\" content=\"Fratasadoras - HALCON 65 EB | Sima\" \/>\n<meta property=\"og:description\" content=\"HALCON 65 EB. El HALC\u00d3N 65 EB es una fratasadora el\u00e9ctrica con bater\u00eda 58,4 V y 40 A . Id\u00f3nea para espacios sin ventilaci\u00f3n que evita la intoxicaci\u00f3n por humos.  &nbsp;\" \/>\n<meta property=\"og:url\" content=\"https:\/\/www.simasa.com\/fr\/producto\/halcon-65-eb\/\" \/>\n<meta property=\"og:site_name\" content=\"Sima\" \/>\n<meta property=\"article:modified_time\" content=\"2026-02-16T16:26:25+00:00\" \/>\n<meta property=\"og:image\" content=\"https:\/\/www.simasa.com\/wp-content\/uploads\/2026\/02\/15300500-HALCON-65-EB-3KW-40A-CON-BATERIA-MANILLAR-EXTENDIDO-scaled.jpg\" \/>\n\t<meta property=\"og:image:width\" content=\"2560\" \/>\n\t<meta property=\"og:image:height\" content=\"2560\" \/>\n\t<meta property=\"og:image:type\" content=\"image\/jpeg\" \/>\n<meta name=\"twitter:card\" content=\"summary_large_image\" \/>\n<meta name=\"twitter:label1\" content=\"Dur\u00e9e de lecture estim\u00e9e\" \/>\n\t<meta name=\"twitter:data1\" content=\"1 minute\" \/>\n<script type=\"application\/ld+json\" class=\"yoast-schema-graph\">{\"@context\":\"https:\/\/schema.org\",\"@graph\":[{\"@type\":\"WebPage\",\"@id\":\"https:\/\/www.simasa.com\/fr\/producto\/halcon-65-eb\/\",\"url\":\"https:\/\/www.simasa.com\/fr\/producto\/halcon-65-eb\/\",\"name\":\"Fratasadoras - HALCON 65 EB | Sima\",\"isPartOf\":{\"@id\":\"https:\/\/www.simasa.com\/fr\/#website\"},\"primaryImageOfPage\":{\"@id\":\"https:\/\/www.simasa.com\/fr\/producto\/halcon-65-eb\/#primaryimage\"},\"image\":{\"@id\":\"https:\/\/www.simasa.com\/fr\/producto\/halcon-65-eb\/#primaryimage\"},\"thumbnailUrl\":\"https:\/\/www.simasa.com\/wp-content\/uploads\/2026\/02\/15300500-HALCON-65-EB-3KW-40A-CON-BATERIA-MANILLAR-EXTENDIDO-scaled.jpg\",\"datePublished\":\"2026-02-16T14:24:29+00:00\",\"dateModified\":\"2026-02-16T16:26:25+00:00\",\"description\":\"HALCON 65 EB. El HALC\u00d3N 65 EB es una fratasadora el\u00e9ctrica con bater\u00eda 58,4 V y 40 A . Id\u00f3nea para espacios sin ventilaci\u00f3n que evita la intoxicaci\u00f3n por humos. &nbsp;\",\"breadcrumb\":{\"@id\":\"https:\/\/www.simasa.com\/fr\/producto\/halcon-65-eb\/#breadcrumb\"},\"inLanguage\":\"fr-FR\",\"potentialAction\":[{\"@type\":\"ReadAction\",\"target\":[\"https:\/\/www.simasa.com\/fr\/producto\/halcon-65-eb\/\"]}]},{\"@type\":\"ImageObject\",\"inLanguage\":\"fr-FR\",\"@id\":\"https:\/\/www.simasa.com\/fr\/producto\/halcon-65-eb\/#primaryimage\",\"url\":\"https:\/\/www.simasa.com\/wp-content\/uploads\/2026\/02\/15300500-HALCON-65-EB-3KW-40A-CON-BATERIA-MANILLAR-EXTENDIDO-scaled.jpg\",\"contentUrl\":\"https:\/\/www.simasa.com\/wp-content\/uploads\/2026\/02\/15300500-HALCON-65-EB-3KW-40A-CON-BATERIA-MANILLAR-EXTENDIDO-scaled.jpg\",\"width\":2560,\"height\":2560},{\"@type\":\"BreadcrumbList\",\"@id\":\"https:\/\/www.simasa.com\/fr\/producto\/halcon-65-eb\/#breadcrumb\",\"itemListElement\":[{\"@type\":\"ListItem\",\"position\":1,\"name\":\"Inicio\",\"item\":\"https:\/\/www.simasa.com\/fr\/\"},{\"@type\":\"ListItem\",\"position\":2,\"name\":\"Catalogue\",\"item\":\"https:\/\/www.simasa.com\/cat-sima\/\"},{\"@type\":\"ListItem\",\"position\":3,\"name\":\"HALCON 65 EB\"}]},{\"@type\":\"WebSite\",\"@id\":\"https:\/\/www.simasa.com\/fr\/#website\",\"url\":\"https:\/\/www.simasa.com\/fr\/\",\"name\":\"Sima\",\"description\":\"Fabricantes de maquinaria para la construcci\u00f3n\",\"publisher\":{\"@id\":\"https:\/\/www.simasa.com\/fr\/#organization\"},\"potentialAction\":[{\"@type\":\"SearchAction\",\"target\":{\"@type\":\"EntryPoint\",\"urlTemplate\":\"https:\/\/www.simasa.com\/fr\/?s={search_term_string}\"},\"query-input\":{\"@type\":\"PropertyValueSpecification\",\"valueRequired\":true,\"valueName\":\"search_term_string\"}}],\"inLanguage\":\"fr-FR\"},{\"@type\":\"Organization\",\"@id\":\"https:\/\/www.simasa.com\/fr\/#organization\",\"name\":\"Sima\",\"url\":\"https:\/\/www.simasa.com\/fr\/\",\"logo\":{\"@type\":\"ImageObject\",\"inLanguage\":\"fr-FR\",\"@id\":\"https:\/\/www.simasa.com\/fr\/#\/schema\/logo\/image\/\",\"url\":\"https:\/\/www.simasa.com\/wp-content\/uploads\/2016\/03\/logo-1.jpg\",\"contentUrl\":\"https:\/\/www.simasa.com\/wp-content\/uploads\/2016\/03\/logo-1.jpg\",\"width\":121,\"height\":54,\"caption\":\"Sima\"},\"image\":{\"@id\":\"https:\/\/www.simasa.com\/fr\/#\/schema\/logo\/image\/\"}}]}<\/script>\n<!-- \/ Yoast SEO plugin. -->","yoast_head_json":{"title":"Fratasadoras - HALCON 65 EB | Sima","description":"HALCON 65 EB. El HALC\u00d3N 65 EB es una fratasadora el\u00e9ctrica con bater\u00eda 58,4 V y 40 A . Id\u00f3nea para espacios sin ventilaci\u00f3n que evita la intoxicaci\u00f3n por humos.  &nbsp;","robots":{"index":"noindex","follow":"follow"},"og_locale":"fr_FR","og_type":"article","og_title":"Fratasadoras - HALCON 65 EB | Sima","og_description":"HALCON 65 EB. El HALC\u00d3N 65 EB es una fratasadora el\u00e9ctrica con bater\u00eda 58,4 V y 40 A . Id\u00f3nea para espacios sin ventilaci\u00f3n que evita la intoxicaci\u00f3n por humos.  &nbsp;","og_url":"https:\/\/www.simasa.com\/fr\/producto\/halcon-65-eb\/","og_site_name":"Sima","article_modified_time":"2026-02-16T16:26:25+00:00","og_image":[{"width":2560,"height":2560,"url":"https:\/\/www.simasa.com\/wp-content\/uploads\/2026\/02\/15300500-HALCON-65-EB-3KW-40A-CON-BATERIA-MANILLAR-EXTENDIDO-scaled.jpg","type":"image\/jpeg"}],"twitter_card":"summary_large_image","twitter_misc":{"Dur\u00e9e de lecture estim\u00e9e":"1 minute"},"schema":{"@context":"https:\/\/schema.org","@graph":[{"@type":"WebPage","@id":"https:\/\/www.simasa.com\/fr\/producto\/halcon-65-eb\/","url":"https:\/\/www.simasa.com\/fr\/producto\/halcon-65-eb\/","name":"Fratasadoras - HALCON 65 EB | Sima","isPartOf":{"@id":"https:\/\/www.simasa.com\/fr\/#website"},"primaryImageOfPage":{"@id":"https:\/\/www.simasa.com\/fr\/producto\/halcon-65-eb\/#primaryimage"},"image":{"@id":"https:\/\/www.simasa.com\/fr\/producto\/halcon-65-eb\/#primaryimage"},"thumbnailUrl":"https:\/\/www.simasa.com\/wp-content\/uploads\/2026\/02\/15300500-HALCON-65-EB-3KW-40A-CON-BATERIA-MANILLAR-EXTENDIDO-scaled.jpg","datePublished":"2026-02-16T14:24:29+00:00","dateModified":"2026-02-16T16:26:25+00:00","description":"HALCON 65 EB. El HALC\u00d3N 65 EB es una fratasadora el\u00e9ctrica con bater\u00eda 58,4 V y 40 A . Id\u00f3nea para espacios sin ventilaci\u00f3n que evita la intoxicaci\u00f3n por humos. &nbsp;","breadcrumb":{"@id":"https:\/\/www.simasa.com\/fr\/producto\/halcon-65-eb\/#breadcrumb"},"inLanguage":"fr-FR","potentialAction":[{"@type":"ReadAction","target":["https:\/\/www.simasa.com\/fr\/producto\/halcon-65-eb\/"]}]},{"@type":"ImageObject","inLanguage":"fr-FR","@id":"https:\/\/www.simasa.com\/fr\/producto\/halcon-65-eb\/#primaryimage","url":"https:\/\/www.simasa.com\/wp-content\/uploads\/2026\/02\/15300500-HALCON-65-EB-3KW-40A-CON-BATERIA-MANILLAR-EXTENDIDO-scaled.jpg","contentUrl":"https:\/\/www.simasa.com\/wp-content\/uploads\/2026\/02\/15300500-HALCON-65-EB-3KW-40A-CON-BATERIA-MANILLAR-EXTENDIDO-scaled.jpg","width":2560,"height":2560},{"@type":"BreadcrumbList","@id":"https:\/\/www.simasa.com\/fr\/producto\/halcon-65-eb\/#breadcrumb","itemListElement":[{"@type":"ListItem","position":1,"name":"Inicio","item":"https:\/\/www.simasa.com\/fr\/"},{"@type":"ListItem","position":2,"name":"Catalogue","item":"https:\/\/www.simasa.com\/cat-sima\/"},{"@type":"ListItem","position":3,"name":"HALCON 65 EB"}]},{"@type":"WebSite","@id":"https:\/\/www.simasa.com\/fr\/#website","url":"https:\/\/www.simasa.com\/fr\/","name":"Sima","description":"Fabricantes de maquinaria para la construcci\u00f3n","publisher":{"@id":"https:\/\/www.simasa.com\/fr\/#organization"},"potentialAction":[{"@type":"SearchAction","target":{"@type":"EntryPoint","urlTemplate":"https:\/\/www.simasa.com\/fr\/?s={search_term_string}"},"query-input":{"@type":"PropertyValueSpecification","valueRequired":true,"valueName":"search_term_string"}}],"inLanguage":"fr-FR"},{"@type":"Organization","@id":"https:\/\/www.simasa.com\/fr\/#organization","name":"Sima","url":"https:\/\/www.simasa.com\/fr\/","logo":{"@type":"ImageObject","inLanguage":"fr-FR","@id":"https:\/\/www.simasa.com\/fr\/#\/schema\/logo\/image\/","url":"https:\/\/www.simasa.com\/wp-content\/uploads\/2016\/03\/logo-1.jpg","contentUrl":"https:\/\/www.simasa.com\/wp-content\/uploads\/2016\/03\/logo-1.jpg","width":121,"height":54,"caption":"Sima"},"image":{"@id":"https:\/\/www.simasa.com\/fr\/#\/schema\/logo\/image\/"}}]}},"_links":{"self":[{"href":"https:\/\/www.simasa.com\/fr\/wp-json\/wp\/v2\/product\/12723","targetHints":{"allow":["GET"]}}],"collection":[{"href":"https:\/\/www.simasa.com\/fr\/wp-json\/wp\/v2\/product"}],"about":[{"href":"https:\/\/www.simasa.com\/fr\/wp-json\/wp\/v2\/types\/product"}],"replies":[{"embeddable":true,"href":"https:\/\/www.simasa.com\/fr\/wp-json\/wp\/v2\/comments?post=12723"}],"wp:featuredmedia":[{"embeddable":true,"href":"https:\/\/www.simasa.com\/fr\/wp-json\/wp\/v2\/media\/12733"}],"wp:attachment":[{"href":"https:\/\/www.simasa.com\/fr\/wp-json\/wp\/v2\/media?parent=12723"}],"wp:term":[{"taxonomy":"product_brand","embeddable":true,"href":"https:\/\/www.simasa.com\/fr\/wp-json\/wp\/v2\/product_brand?post=12723"},{"taxonomy":"product_cat","embeddable":true,"href":"https:\/\/www.simasa.com\/fr\/wp-json\/wp\/v2\/product_cat?post=12723"},{"taxonomy":"product_tag","embeddable":true,"href":"https:\/\/www.simasa.com\/fr\/wp-json\/wp\/v2\/product_tag?post=12723"}],"curies":[{"name":"wp","href":"https:\/\/api.w.org\/{rel}","templated":true}]}}