{"id":12633,"date":"2026-01-09T15:45:02","date_gmt":"2026-01-09T14:45:02","guid":{"rendered":"https:\/\/www.simasa.com\/?post_type=product&#038;p=12633"},"modified":"2026-01-29T09:39:44","modified_gmt":"2026-01-29T08:39:44","slug":"star-12","status":"publish","type":"product","link":"https:\/\/www.simasa.com\/fr\/producto\/star-12\/","title":{"rendered":"STAR &#8211; 12"},"content":{"rendered":"<h1 data-start=\"110\" data-end=\"387\"><strong data-start=\"110\" data-end=\"126\">Cintreuse a Etriers STAR &#8211; 12<\/strong><\/h1>\n<p>&nbsp;<\/p>\n<p><strong>STAR-12 LITE<\/strong> est une cintreuse d\u2019\u00e9triers portable con\u00e7ue pour maximiser la productivit\u00e9, la pr\u00e9cision et la s\u00e9curit\u00e9 en atelier ou sur chantier. Son design compact et sa technologie de contr\u00f4le avanc\u00e9e permettent de fabriquer des \u00e9triers jusqu\u2019\u00e0 \u00d812 mm avec un rendement \u00e9lev\u00e9 et un effort minimal pour l\u2019op\u00e9rateur.<\/p>\n<p><strong>Points cl\u00e9s innovants :<\/strong><\/p>\n<ul>\n<li><strong>Moteur triphas\u00e9 IE3<\/strong> \u00e0 haut rendement avec variateur : plus de robustesse, protection \u00e9lectrique et long\u00e9vit\u00e9 accrue.<\/li>\n<li><strong>S\u00e9lecteur d\u2019angles de pr\u00e9cision \u00e0 double p\u00e9dale<\/strong> : changements rapides sans l\u00e2cher les \u00e9triers, id\u00e9al pour les \u00e9triers antisismiques.<\/li>\n<li><strong>Motor\u00e9ducteur \u00e0 vis sans fin<\/strong> : fonctionnement silencieux, fluide et autobloquant pour une pr\u00e9cision maximale.<\/li>\n<li><strong>Capteurs inductifs sans contact<\/strong> : sans usure, r\u00e9sistants \u00e0 la salet\u00e9, aux vibrations et \u00e0 l\u2019humidit\u00e9.<\/li>\n<li><strong>Haute productivit\u00e9<\/strong> : jusqu\u2019\u00e0 400\u2013500 \u00e9triers\/heure.<\/li>\n<li><strong>Conception orient\u00e9e vers la maintenance facile et la s\u00e9curit\u00e9 de l\u2019op\u00e9rateur.<\/strong><\/li>\n<\/ul>\n<p><img loading=\"lazy\" decoding=\"async\" class=\"alignnone size-full wp-image-12638\" src=\"https:\/\/www.simasa.com\/wp-content\/uploads\/2026\/01\/STAR-12-Foto-1-FR.jpg\" alt=\"\" width=\"858\" height=\"1106\" srcset=\"https:\/\/www.simasa.com\/wp-content\/uploads\/2026\/01\/STAR-12-Foto-1-FR.jpg 858w, https:\/\/www.simasa.com\/wp-content\/uploads\/2026\/01\/STAR-12-Foto-1-FR-233x300.jpg 233w, https:\/\/www.simasa.com\/wp-content\/uploads\/2026\/01\/STAR-12-Foto-1-FR-794x1024.jpg 794w, https:\/\/www.simasa.com\/wp-content\/uploads\/2026\/01\/STAR-12-Foto-1-FR-768x990.jpg 768w, https:\/\/www.simasa.com\/wp-content\/uploads\/2026\/01\/STAR-12-Foto-1-FR-416x536.jpg 416w\" sizes=\"auto, (max-width: 858px) 100vw, 858px\" \/><\/p>\n<p><img loading=\"lazy\" decoding=\"async\" class=\"alignnone size-full wp-image-12639\" src=\"https:\/\/www.simasa.com\/wp-content\/uploads\/2026\/01\/STAR-12-Foto-2-FRA.jpg\" alt=\"\" width=\"852\" height=\"1222\" srcset=\"https:\/\/www.simasa.com\/wp-content\/uploads\/2026\/01\/STAR-12-Foto-2-FRA.jpg 852w, https:\/\/www.simasa.com\/wp-content\/uploads\/2026\/01\/STAR-12-Foto-2-FRA-209x300.jpg 209w, https:\/\/www.simasa.com\/wp-content\/uploads\/2026\/01\/STAR-12-Foto-2-FRA-714x1024.jpg 714w, https:\/\/www.simasa.com\/wp-content\/uploads\/2026\/01\/STAR-12-Foto-2-FRA-768x1102.jpg 768w, https:\/\/www.simasa.com\/wp-content\/uploads\/2026\/01\/STAR-12-Foto-2-FRA-416x597.jpg 416w\" sizes=\"auto, (max-width: 852px) 100vw, 852px\" \/><\/p>\n<p><iframe loading=\"lazy\" src=\"https:\/\/www.youtube.com\/embed\/JudF7DXyjSE\" width=\"945\" height=\"540\" frameborder=\"0\" allowfullscreen=\"allowfullscreen\"><span data-mce-type=\"bookmark\" style=\"display: inline-block; width: 0px; overflow: hidden; line-height: 0;\" class=\"mce_SELRES_start\">\ufeff<\/span><\/iframe><\/p>\n","protected":false},"excerpt":{"rendered":"<p>La <b data-path-to-node=\"1,0\" data-index-in-node=\"5\">SIMA STAR 12 LITE<\/b> est lacintreuse a etriers la plus compacte et performante de sa cat\u00e9gorie. <strong>Avec un poids de seulement 70 kg<\/strong> et une capacit\u00e9 de coudage de barres jusqu&rsquo;\u00e0 <strong>12 mm,<\/strong> elle tient dans le coffre d&rsquo;une voiture. \u00c9quip\u00e9e d&rsquo;un moteur de 2 CV et de la technologie <strong>Direct Drive (transmission directe sans courroie)<\/strong>, elle offre une puissance maximale <strong>sans aucun entretien<\/strong>. La solution portable id\u00e9ale pour le fa\u00e7onnage d&rsquo;\u00e9triers sur chantier.<\/p>\n","protected":false},"featured_media":12609,"comment_status":"open","ping_status":"closed","template":"","meta":{"_acf_changed":false},"product_brand":[],"product_cat":[1807],"product_tag":[3729],"class_list":{"0":"post-12633","1":"product","2":"type-product","3":"status-publish","4":"has-post-thumbnail","6":"product_cat-cintreuses-a-etriers","7":"product_tag-dobladora-de-espirales","8":"pa_power-electriques","10":"first","11":"instock","12":"shipping-taxable","13":"product-type-simple"},"acf":[],"yoast_head":"<!-- This site is optimized with the Yoast SEO plugin v27.2 - https:\/\/yoast.com\/product\/yoast-seo-wordpress\/ -->\n<title>Dobladora de Espirales - STAR - 12 | Sima<\/title>\n<meta name=\"description\" content=\"STAR - 12. La SIMA STAR 12 LITE est lacintreuse a etriers la plus compacte et performante de sa cat\u00e9gorie. Avec un poids de seulement 70 kg et une capacit\u00e9 de coudage de barres jusqu&#039;\u00e0 12 mm, elle tient dans le coffre d&#039;une voiture. \u00c9quip\u00e9e d&#039;un moteur de 2 CV et de la technologie Direct Drive (transmission directe sans courroie), elle offre une puissance maximale sans aucun entretien. La solution portable id\u00e9ale pour le fa\u00e7onnage d&#039;\u00e9triers sur chantier.\" \/>\n<meta name=\"robots\" content=\"noindex, follow\" \/>\n<meta property=\"og:locale\" content=\"fr_FR\" \/>\n<meta property=\"og:type\" content=\"article\" \/>\n<meta property=\"og:title\" content=\"Dobladora de Espirales - STAR - 12 | Sima\" \/>\n<meta property=\"og:description\" content=\"STAR - 12. La SIMA STAR 12 LITE est lacintreuse a etriers la plus compacte et performante de sa cat\u00e9gorie. Avec un poids de seulement 70 kg et une capacit\u00e9 de coudage de barres jusqu&#039;\u00e0 12 mm, elle tient dans le coffre d&#039;une voiture. \u00c9quip\u00e9e d&#039;un moteur de 2 CV et de la technologie Direct Drive (transmission directe sans courroie), elle offre une puissance maximale sans aucun entretien. La solution portable id\u00e9ale pour le fa\u00e7onnage d&#039;\u00e9triers sur chantier.\" \/>\n<meta property=\"og:url\" content=\"https:\/\/www.simasa.com\/fr\/producto\/star-12\/\" \/>\n<meta property=\"og:site_name\" content=\"Sima\" \/>\n<meta property=\"article:modified_time\" content=\"2026-01-29T08:39:44+00:00\" \/>\n<meta property=\"og:image\" content=\"https:\/\/www.simasa.com\/wp-content\/uploads\/2026\/01\/Imagen-de-Calidad-STAR-12.jpg\" \/>\n\t<meta property=\"og:image:width\" content=\"2396\" \/>\n\t<meta property=\"og:image:height\" content=\"2396\" \/>\n\t<meta property=\"og:image:type\" content=\"image\/jpeg\" \/>\n<meta name=\"twitter:card\" content=\"summary_large_image\" \/>\n<meta name=\"twitter:label1\" content=\"Dur\u00e9e de lecture estim\u00e9e\" \/>\n\t<meta name=\"twitter:data1\" content=\"2 minutes\" \/>\n<script type=\"application\/ld+json\" class=\"yoast-schema-graph\">{\"@context\":\"https:\/\/schema.org\",\"@graph\":[{\"@type\":\"WebPage\",\"@id\":\"https:\/\/www.simasa.com\/fr\/producto\/star-12\/\",\"url\":\"https:\/\/www.simasa.com\/fr\/producto\/star-12\/\",\"name\":\"Dobladora de Espirales - STAR - 12 | Sima\",\"isPartOf\":{\"@id\":\"https:\/\/www.simasa.com\/fr\/#website\"},\"primaryImageOfPage\":{\"@id\":\"https:\/\/www.simasa.com\/fr\/producto\/star-12\/#primaryimage\"},\"image\":{\"@id\":\"https:\/\/www.simasa.com\/fr\/producto\/star-12\/#primaryimage\"},\"thumbnailUrl\":\"https:\/\/www.simasa.com\/wp-content\/uploads\/2026\/01\/Imagen-de-Calidad-STAR-12.jpg\",\"datePublished\":\"2026-01-09T14:45:02+00:00\",\"dateModified\":\"2026-01-29T08:39:44+00:00\",\"description\":\"STAR - 12. La SIMA STAR 12 LITE est lacintreuse a etriers la plus compacte et performante de sa cat\u00e9gorie. Avec un poids de seulement 70 kg et une capacit\u00e9 de coudage de barres jusqu'\u00e0 12 mm, elle tient dans le coffre d'une voiture. \u00c9quip\u00e9e d'un moteur de 2 CV et de la technologie Direct Drive (transmission directe sans courroie), elle offre une puissance maximale sans aucun entretien. La solution portable id\u00e9ale pour le fa\u00e7onnage d'\u00e9triers sur chantier.\",\"breadcrumb\":{\"@id\":\"https:\/\/www.simasa.com\/fr\/producto\/star-12\/#breadcrumb\"},\"inLanguage\":\"fr-FR\",\"potentialAction\":[{\"@type\":\"ReadAction\",\"target\":[\"https:\/\/www.simasa.com\/fr\/producto\/star-12\/\"]}]},{\"@type\":\"ImageObject\",\"inLanguage\":\"fr-FR\",\"@id\":\"https:\/\/www.simasa.com\/fr\/producto\/star-12\/#primaryimage\",\"url\":\"https:\/\/www.simasa.com\/wp-content\/uploads\/2026\/01\/Imagen-de-Calidad-STAR-12.jpg\",\"contentUrl\":\"https:\/\/www.simasa.com\/wp-content\/uploads\/2026\/01\/Imagen-de-Calidad-STAR-12.jpg\",\"width\":2396,\"height\":2396},{\"@type\":\"BreadcrumbList\",\"@id\":\"https:\/\/www.simasa.com\/fr\/producto\/star-12\/#breadcrumb\",\"itemListElement\":[{\"@type\":\"ListItem\",\"position\":1,\"name\":\"Inicio\",\"item\":\"https:\/\/www.simasa.com\/fr\/\"},{\"@type\":\"ListItem\",\"position\":2,\"name\":\"Catalogue\",\"item\":\"https:\/\/www.simasa.com\/cat-sima\/\"},{\"@type\":\"ListItem\",\"position\":3,\"name\":\"STAR &#8211; 12\"}]},{\"@type\":\"WebSite\",\"@id\":\"https:\/\/www.simasa.com\/fr\/#website\",\"url\":\"https:\/\/www.simasa.com\/fr\/\",\"name\":\"Sima\",\"description\":\"Fabricantes de maquinaria para la construcci\u00f3n\",\"publisher\":{\"@id\":\"https:\/\/www.simasa.com\/fr\/#organization\"},\"potentialAction\":[{\"@type\":\"SearchAction\",\"target\":{\"@type\":\"EntryPoint\",\"urlTemplate\":\"https:\/\/www.simasa.com\/fr\/?s={search_term_string}\"},\"query-input\":{\"@type\":\"PropertyValueSpecification\",\"valueRequired\":true,\"valueName\":\"search_term_string\"}}],\"inLanguage\":\"fr-FR\"},{\"@type\":\"Organization\",\"@id\":\"https:\/\/www.simasa.com\/fr\/#organization\",\"name\":\"Sima\",\"url\":\"https:\/\/www.simasa.com\/fr\/\",\"logo\":{\"@type\":\"ImageObject\",\"inLanguage\":\"fr-FR\",\"@id\":\"https:\/\/www.simasa.com\/fr\/#\/schema\/logo\/image\/\",\"url\":\"https:\/\/www.simasa.com\/wp-content\/uploads\/2016\/03\/logo-1.jpg\",\"contentUrl\":\"https:\/\/www.simasa.com\/wp-content\/uploads\/2016\/03\/logo-1.jpg\",\"width\":121,\"height\":54,\"caption\":\"Sima\"},\"image\":{\"@id\":\"https:\/\/www.simasa.com\/fr\/#\/schema\/logo\/image\/\"}}]}<\/script>\n<!-- \/ Yoast SEO plugin. -->","yoast_head_json":{"title":"Dobladora de Espirales - STAR - 12 | Sima","description":"STAR - 12. La SIMA STAR 12 LITE est lacintreuse a etriers la plus compacte et performante de sa cat\u00e9gorie. Avec un poids de seulement 70 kg et une capacit\u00e9 de coudage de barres jusqu'\u00e0 12 mm, elle tient dans le coffre d'une voiture. \u00c9quip\u00e9e d'un moteur de 2 CV et de la technologie Direct Drive (transmission directe sans courroie), elle offre une puissance maximale sans aucun entretien. La solution portable id\u00e9ale pour le fa\u00e7onnage d'\u00e9triers sur chantier.","robots":{"index":"noindex","follow":"follow"},"og_locale":"fr_FR","og_type":"article","og_title":"Dobladora de Espirales - STAR - 12 | Sima","og_description":"STAR - 12. La SIMA STAR 12 LITE est lacintreuse a etriers la plus compacte et performante de sa cat\u00e9gorie. Avec un poids de seulement 70 kg et une capacit\u00e9 de coudage de barres jusqu'\u00e0 12 mm, elle tient dans le coffre d'une voiture. \u00c9quip\u00e9e d'un moteur de 2 CV et de la technologie Direct Drive (transmission directe sans courroie), elle offre une puissance maximale sans aucun entretien. La solution portable id\u00e9ale pour le fa\u00e7onnage d'\u00e9triers sur chantier.","og_url":"https:\/\/www.simasa.com\/fr\/producto\/star-12\/","og_site_name":"Sima","article_modified_time":"2026-01-29T08:39:44+00:00","og_image":[{"width":2396,"height":2396,"url":"https:\/\/www.simasa.com\/wp-content\/uploads\/2026\/01\/Imagen-de-Calidad-STAR-12.jpg","type":"image\/jpeg"}],"twitter_card":"summary_large_image","twitter_misc":{"Dur\u00e9e de lecture estim\u00e9e":"2 minutes"},"schema":{"@context":"https:\/\/schema.org","@graph":[{"@type":"WebPage","@id":"https:\/\/www.simasa.com\/fr\/producto\/star-12\/","url":"https:\/\/www.simasa.com\/fr\/producto\/star-12\/","name":"Dobladora de Espirales - STAR - 12 | Sima","isPartOf":{"@id":"https:\/\/www.simasa.com\/fr\/#website"},"primaryImageOfPage":{"@id":"https:\/\/www.simasa.com\/fr\/producto\/star-12\/#primaryimage"},"image":{"@id":"https:\/\/www.simasa.com\/fr\/producto\/star-12\/#primaryimage"},"thumbnailUrl":"https:\/\/www.simasa.com\/wp-content\/uploads\/2026\/01\/Imagen-de-Calidad-STAR-12.jpg","datePublished":"2026-01-09T14:45:02+00:00","dateModified":"2026-01-29T08:39:44+00:00","description":"STAR - 12. La SIMA STAR 12 LITE est lacintreuse a etriers la plus compacte et performante de sa cat\u00e9gorie. Avec un poids de seulement 70 kg et une capacit\u00e9 de coudage de barres jusqu'\u00e0 12 mm, elle tient dans le coffre d'une voiture. \u00c9quip\u00e9e d'un moteur de 2 CV et de la technologie Direct Drive (transmission directe sans courroie), elle offre une puissance maximale sans aucun entretien. La solution portable id\u00e9ale pour le fa\u00e7onnage d'\u00e9triers sur chantier.","breadcrumb":{"@id":"https:\/\/www.simasa.com\/fr\/producto\/star-12\/#breadcrumb"},"inLanguage":"fr-FR","potentialAction":[{"@type":"ReadAction","target":["https:\/\/www.simasa.com\/fr\/producto\/star-12\/"]}]},{"@type":"ImageObject","inLanguage":"fr-FR","@id":"https:\/\/www.simasa.com\/fr\/producto\/star-12\/#primaryimage","url":"https:\/\/www.simasa.com\/wp-content\/uploads\/2026\/01\/Imagen-de-Calidad-STAR-12.jpg","contentUrl":"https:\/\/www.simasa.com\/wp-content\/uploads\/2026\/01\/Imagen-de-Calidad-STAR-12.jpg","width":2396,"height":2396},{"@type":"BreadcrumbList","@id":"https:\/\/www.simasa.com\/fr\/producto\/star-12\/#breadcrumb","itemListElement":[{"@type":"ListItem","position":1,"name":"Inicio","item":"https:\/\/www.simasa.com\/fr\/"},{"@type":"ListItem","position":2,"name":"Catalogue","item":"https:\/\/www.simasa.com\/cat-sima\/"},{"@type":"ListItem","position":3,"name":"STAR &#8211; 12"}]},{"@type":"WebSite","@id":"https:\/\/www.simasa.com\/fr\/#website","url":"https:\/\/www.simasa.com\/fr\/","name":"Sima","description":"Fabricantes de maquinaria para la construcci\u00f3n","publisher":{"@id":"https:\/\/www.simasa.com\/fr\/#organization"},"potentialAction":[{"@type":"SearchAction","target":{"@type":"EntryPoint","urlTemplate":"https:\/\/www.simasa.com\/fr\/?s={search_term_string}"},"query-input":{"@type":"PropertyValueSpecification","valueRequired":true,"valueName":"search_term_string"}}],"inLanguage":"fr-FR"},{"@type":"Organization","@id":"https:\/\/www.simasa.com\/fr\/#organization","name":"Sima","url":"https:\/\/www.simasa.com\/fr\/","logo":{"@type":"ImageObject","inLanguage":"fr-FR","@id":"https:\/\/www.simasa.com\/fr\/#\/schema\/logo\/image\/","url":"https:\/\/www.simasa.com\/wp-content\/uploads\/2016\/03\/logo-1.jpg","contentUrl":"https:\/\/www.simasa.com\/wp-content\/uploads\/2016\/03\/logo-1.jpg","width":121,"height":54,"caption":"Sima"},"image":{"@id":"https:\/\/www.simasa.com\/fr\/#\/schema\/logo\/image\/"}}]}},"_links":{"self":[{"href":"https:\/\/www.simasa.com\/fr\/wp-json\/wp\/v2\/product\/12633","targetHints":{"allow":["GET"]}}],"collection":[{"href":"https:\/\/www.simasa.com\/fr\/wp-json\/wp\/v2\/product"}],"about":[{"href":"https:\/\/www.simasa.com\/fr\/wp-json\/wp\/v2\/types\/product"}],"replies":[{"embeddable":true,"href":"https:\/\/www.simasa.com\/fr\/wp-json\/wp\/v2\/comments?post=12633"}],"wp:featuredmedia":[{"embeddable":true,"href":"https:\/\/www.simasa.com\/fr\/wp-json\/wp\/v2\/media\/12609"}],"wp:attachment":[{"href":"https:\/\/www.simasa.com\/fr\/wp-json\/wp\/v2\/media?parent=12633"}],"wp:term":[{"taxonomy":"product_brand","embeddable":true,"href":"https:\/\/www.simasa.com\/fr\/wp-json\/wp\/v2\/product_brand?post=12633"},{"taxonomy":"product_cat","embeddable":true,"href":"https:\/\/www.simasa.com\/fr\/wp-json\/wp\/v2\/product_cat?post=12633"},{"taxonomy":"product_tag","embeddable":true,"href":"https:\/\/www.simasa.com\/fr\/wp-json\/wp\/v2\/product_tag?post=12633"}],"curies":[{"name":"wp","href":"https:\/\/api.w.org\/{rel}","templated":true}]}}