{"id":12386,"date":"2025-10-21T08:50:11","date_gmt":"2025-10-21T06:50:11","guid":{"rendered":"https:\/\/www.simasa.com\/?post_type=product&#038;p=12386"},"modified":"2025-10-30T17:19:12","modified_gmt":"2025-10-30T16:19:12","slug":"polycat","status":"publish","type":"product","link":"https:\/\/www.simasa.com\/fr\/producto\/polycat\/","title":{"rendered":"POLYCAT"},"content":{"rendered":"<h1><strong>POLICAT &#8211; Rainureuse de Sol<\/strong><\/h1>\n<p>Pr\u00e9conis\u00e9e pour cr\u00e9er des <strong>surfaces antid\u00e9rapantes<\/strong>, pour \u00e9vacuer les d\u00e9bris et liquides et pour un rainurage esth\u00e9tique. Utilis\u00e9e dans les b\u00e2timents agricoles et sur les trottoirs.<\/p>\n<p><img loading=\"lazy\" decoding=\"async\" class=\"alignnone size-full wp-image-12440\" src=\"https:\/\/www.simasa.com\/wp-content\/uploads\/2025\/10\/PolyCat-Caract.-FR.jpg\" alt=\"\" width=\"945\" height=\"540\" \/><\/p>\n<p><iframe loading=\"lazy\" src=\"https:\/\/www.youtube.com\/embed\/T87b-uzi-oY\" width=\"945\" height=\"540\" frameborder=\"0\" allowfullscreen=\"allowfullscreen\"><span data-mce-type=\"bookmark\" style=\"display: inline-block; width: 0px; overflow: hidden; line-height: 0;\" class=\"mce_SELRES_start\">\ufeff<\/span><span data-mce-type=\"bookmark\" style=\"display: inline-block; width: 0px; overflow: hidden; line-height: 0;\" class=\"mce_SELRES_start\">\ufeff<\/span><\/iframe><\/p>\n","protected":false},"excerpt":{"rendered":"<p>Rainureuse POLYCAT professionnelle, l\u00e9g\u00e8re et facile \u00e0 manipuler (recommand\u00e9e pour la location).<\/p>\n","protected":false},"featured_media":12389,"comment_status":"open","ping_status":"closed","template":"","meta":{"_acf_changed":false},"product_brand":[],"product_cat":[1815],"product_tag":[],"class_list":{"0":"post-12386","1":"product","2":"type-product","3":"status-publish","4":"has-post-thumbnail","6":"product_cat-rabot_beton","8":"first","9":"instock","10":"shipping-taxable","11":"product-type-simple"},"acf":[],"yoast_head":"<!-- This site is optimized with the Yoast SEO plugin v27.2 - https:\/\/yoast.com\/product\/yoast-seo-wordpress\/ -->\n<title>- POLYCAT | Sima<\/title>\n<meta name=\"description\" content=\"POLYCAT. Rainureuse POLYCAT professionnelle, l\u00e9g\u00e8re et facile \u00e0 manipuler (recommand\u00e9e pour la location).\" \/>\n<meta name=\"robots\" content=\"noindex, follow\" \/>\n<meta property=\"og:locale\" content=\"fr_FR\" \/>\n<meta property=\"og:type\" content=\"article\" \/>\n<meta property=\"og:title\" content=\"- POLYCAT | Sima\" \/>\n<meta property=\"og:description\" content=\"POLYCAT. Rainureuse POLYCAT professionnelle, l\u00e9g\u00e8re et facile \u00e0 manipuler (recommand\u00e9e pour la location).\" \/>\n<meta property=\"og:url\" content=\"https:\/\/www.simasa.com\/fr\/producto\/polycat\/\" \/>\n<meta property=\"og:site_name\" content=\"Sima\" \/>\n<meta property=\"article:modified_time\" content=\"2025-10-30T16:19:12+00:00\" \/>\n<meta property=\"og:image\" content=\"https:\/\/www.simasa.com\/wp-content\/uploads\/2025\/10\/PolyCat-Calidad.jpg\" \/>\n\t<meta property=\"og:image:width\" content=\"2489\" \/>\n\t<meta property=\"og:image:height\" content=\"2489\" \/>\n\t<meta property=\"og:image:type\" content=\"image\/jpeg\" \/>\n<meta name=\"twitter:card\" content=\"summary_large_image\" \/>\n<meta name=\"twitter:label1\" content=\"Dur\u00e9e de lecture estim\u00e9e\" \/>\n\t<meta name=\"twitter:data1\" content=\"1 minute\" \/>\n<script type=\"application\/ld+json\" class=\"yoast-schema-graph\">{\"@context\":\"https:\/\/schema.org\",\"@graph\":[{\"@type\":\"WebPage\",\"@id\":\"https:\/\/www.simasa.com\/fr\/producto\/polycat\/\",\"url\":\"https:\/\/www.simasa.com\/fr\/producto\/polycat\/\",\"name\":\"- POLYCAT | Sima\",\"isPartOf\":{\"@id\":\"https:\/\/www.simasa.com\/fr\/#website\"},\"primaryImageOfPage\":{\"@id\":\"https:\/\/www.simasa.com\/fr\/producto\/polycat\/#primaryimage\"},\"image\":{\"@id\":\"https:\/\/www.simasa.com\/fr\/producto\/polycat\/#primaryimage\"},\"thumbnailUrl\":\"https:\/\/www.simasa.com\/wp-content\/uploads\/2025\/10\/PolyCat-Calidad.jpg\",\"datePublished\":\"2025-10-21T06:50:11+00:00\",\"dateModified\":\"2025-10-30T16:19:12+00:00\",\"description\":\"POLYCAT. Rainureuse POLYCAT professionnelle, l\u00e9g\u00e8re et facile \u00e0 manipuler (recommand\u00e9e pour la location).\",\"breadcrumb\":{\"@id\":\"https:\/\/www.simasa.com\/fr\/producto\/polycat\/#breadcrumb\"},\"inLanguage\":\"fr-FR\",\"potentialAction\":[{\"@type\":\"ReadAction\",\"target\":[\"https:\/\/www.simasa.com\/fr\/producto\/polycat\/\"]}]},{\"@type\":\"ImageObject\",\"inLanguage\":\"fr-FR\",\"@id\":\"https:\/\/www.simasa.com\/fr\/producto\/polycat\/#primaryimage\",\"url\":\"https:\/\/www.simasa.com\/wp-content\/uploads\/2025\/10\/PolyCat-Calidad.jpg\",\"contentUrl\":\"https:\/\/www.simasa.com\/wp-content\/uploads\/2025\/10\/PolyCat-Calidad.jpg\",\"width\":2489,\"height\":2489},{\"@type\":\"BreadcrumbList\",\"@id\":\"https:\/\/www.simasa.com\/fr\/producto\/polycat\/#breadcrumb\",\"itemListElement\":[{\"@type\":\"ListItem\",\"position\":1,\"name\":\"Inicio\",\"item\":\"https:\/\/www.simasa.com\/fr\/\"},{\"@type\":\"ListItem\",\"position\":2,\"name\":\"Catalogue\",\"item\":\"https:\/\/www.simasa.com\/cat-sima\/\"},{\"@type\":\"ListItem\",\"position\":3,\"name\":\"POLYCAT\"}]},{\"@type\":\"WebSite\",\"@id\":\"https:\/\/www.simasa.com\/fr\/#website\",\"url\":\"https:\/\/www.simasa.com\/fr\/\",\"name\":\"Sima\",\"description\":\"Fabricantes de maquinaria para la construcci\u00f3n\",\"publisher\":{\"@id\":\"https:\/\/www.simasa.com\/fr\/#organization\"},\"potentialAction\":[{\"@type\":\"SearchAction\",\"target\":{\"@type\":\"EntryPoint\",\"urlTemplate\":\"https:\/\/www.simasa.com\/fr\/?s={search_term_string}\"},\"query-input\":{\"@type\":\"PropertyValueSpecification\",\"valueRequired\":true,\"valueName\":\"search_term_string\"}}],\"inLanguage\":\"fr-FR\"},{\"@type\":\"Organization\",\"@id\":\"https:\/\/www.simasa.com\/fr\/#organization\",\"name\":\"Sima\",\"url\":\"https:\/\/www.simasa.com\/fr\/\",\"logo\":{\"@type\":\"ImageObject\",\"inLanguage\":\"fr-FR\",\"@id\":\"https:\/\/www.simasa.com\/fr\/#\/schema\/logo\/image\/\",\"url\":\"https:\/\/www.simasa.com\/wp-content\/uploads\/2016\/03\/logo-1.jpg\",\"contentUrl\":\"https:\/\/www.simasa.com\/wp-content\/uploads\/2016\/03\/logo-1.jpg\",\"width\":121,\"height\":54,\"caption\":\"Sima\"},\"image\":{\"@id\":\"https:\/\/www.simasa.com\/fr\/#\/schema\/logo\/image\/\"}}]}<\/script>\n<!-- \/ Yoast SEO plugin. -->","yoast_head_json":{"title":"- POLYCAT | Sima","description":"POLYCAT. Rainureuse POLYCAT professionnelle, l\u00e9g\u00e8re et facile \u00e0 manipuler (recommand\u00e9e pour la location).","robots":{"index":"noindex","follow":"follow"},"og_locale":"fr_FR","og_type":"article","og_title":"- POLYCAT | Sima","og_description":"POLYCAT. Rainureuse POLYCAT professionnelle, l\u00e9g\u00e8re et facile \u00e0 manipuler (recommand\u00e9e pour la location).","og_url":"https:\/\/www.simasa.com\/fr\/producto\/polycat\/","og_site_name":"Sima","article_modified_time":"2025-10-30T16:19:12+00:00","og_image":[{"width":2489,"height":2489,"url":"https:\/\/www.simasa.com\/wp-content\/uploads\/2025\/10\/PolyCat-Calidad.jpg","type":"image\/jpeg"}],"twitter_card":"summary_large_image","twitter_misc":{"Dur\u00e9e de lecture estim\u00e9e":"1 minute"},"schema":{"@context":"https:\/\/schema.org","@graph":[{"@type":"WebPage","@id":"https:\/\/www.simasa.com\/fr\/producto\/polycat\/","url":"https:\/\/www.simasa.com\/fr\/producto\/polycat\/","name":"- POLYCAT | Sima","isPartOf":{"@id":"https:\/\/www.simasa.com\/fr\/#website"},"primaryImageOfPage":{"@id":"https:\/\/www.simasa.com\/fr\/producto\/polycat\/#primaryimage"},"image":{"@id":"https:\/\/www.simasa.com\/fr\/producto\/polycat\/#primaryimage"},"thumbnailUrl":"https:\/\/www.simasa.com\/wp-content\/uploads\/2025\/10\/PolyCat-Calidad.jpg","datePublished":"2025-10-21T06:50:11+00:00","dateModified":"2025-10-30T16:19:12+00:00","description":"POLYCAT. Rainureuse POLYCAT professionnelle, l\u00e9g\u00e8re et facile \u00e0 manipuler (recommand\u00e9e pour la location).","breadcrumb":{"@id":"https:\/\/www.simasa.com\/fr\/producto\/polycat\/#breadcrumb"},"inLanguage":"fr-FR","potentialAction":[{"@type":"ReadAction","target":["https:\/\/www.simasa.com\/fr\/producto\/polycat\/"]}]},{"@type":"ImageObject","inLanguage":"fr-FR","@id":"https:\/\/www.simasa.com\/fr\/producto\/polycat\/#primaryimage","url":"https:\/\/www.simasa.com\/wp-content\/uploads\/2025\/10\/PolyCat-Calidad.jpg","contentUrl":"https:\/\/www.simasa.com\/wp-content\/uploads\/2025\/10\/PolyCat-Calidad.jpg","width":2489,"height":2489},{"@type":"BreadcrumbList","@id":"https:\/\/www.simasa.com\/fr\/producto\/polycat\/#breadcrumb","itemListElement":[{"@type":"ListItem","position":1,"name":"Inicio","item":"https:\/\/www.simasa.com\/fr\/"},{"@type":"ListItem","position":2,"name":"Catalogue","item":"https:\/\/www.simasa.com\/cat-sima\/"},{"@type":"ListItem","position":3,"name":"POLYCAT"}]},{"@type":"WebSite","@id":"https:\/\/www.simasa.com\/fr\/#website","url":"https:\/\/www.simasa.com\/fr\/","name":"Sima","description":"Fabricantes de maquinaria para la construcci\u00f3n","publisher":{"@id":"https:\/\/www.simasa.com\/fr\/#organization"},"potentialAction":[{"@type":"SearchAction","target":{"@type":"EntryPoint","urlTemplate":"https:\/\/www.simasa.com\/fr\/?s={search_term_string}"},"query-input":{"@type":"PropertyValueSpecification","valueRequired":true,"valueName":"search_term_string"}}],"inLanguage":"fr-FR"},{"@type":"Organization","@id":"https:\/\/www.simasa.com\/fr\/#organization","name":"Sima","url":"https:\/\/www.simasa.com\/fr\/","logo":{"@type":"ImageObject","inLanguage":"fr-FR","@id":"https:\/\/www.simasa.com\/fr\/#\/schema\/logo\/image\/","url":"https:\/\/www.simasa.com\/wp-content\/uploads\/2016\/03\/logo-1.jpg","contentUrl":"https:\/\/www.simasa.com\/wp-content\/uploads\/2016\/03\/logo-1.jpg","width":121,"height":54,"caption":"Sima"},"image":{"@id":"https:\/\/www.simasa.com\/fr\/#\/schema\/logo\/image\/"}}]}},"_links":{"self":[{"href":"https:\/\/www.simasa.com\/fr\/wp-json\/wp\/v2\/product\/12386","targetHints":{"allow":["GET"]}}],"collection":[{"href":"https:\/\/www.simasa.com\/fr\/wp-json\/wp\/v2\/product"}],"about":[{"href":"https:\/\/www.simasa.com\/fr\/wp-json\/wp\/v2\/types\/product"}],"replies":[{"embeddable":true,"href":"https:\/\/www.simasa.com\/fr\/wp-json\/wp\/v2\/comments?post=12386"}],"wp:featuredmedia":[{"embeddable":true,"href":"https:\/\/www.simasa.com\/fr\/wp-json\/wp\/v2\/media\/12389"}],"wp:attachment":[{"href":"https:\/\/www.simasa.com\/fr\/wp-json\/wp\/v2\/media?parent=12386"}],"wp:term":[{"taxonomy":"product_brand","embeddable":true,"href":"https:\/\/www.simasa.com\/fr\/wp-json\/wp\/v2\/product_brand?post=12386"},{"taxonomy":"product_cat","embeddable":true,"href":"https:\/\/www.simasa.com\/fr\/wp-json\/wp\/v2\/product_cat?post=12386"},{"taxonomy":"product_tag","embeddable":true,"href":"https:\/\/www.simasa.com\/fr\/wp-json\/wp\/v2\/product_tag?post=12386"}],"curies":[{"name":"wp","href":"https:\/\/api.w.org\/{rel}","templated":true}]}}