{"id":12317,"date":"2025-04-10T18:46:35","date_gmt":"2025-04-10T16:46:35","guid":{"rendered":"https:\/\/www.simasa.com\/?post_type=product&#038;p=12317"},"modified":"2025-04-11T15:23:01","modified_gmt":"2025-04-11T13:23:01","slug":"eurotron-handsafe-350-2025","status":"publish","type":"product","link":"https:\/\/www.simasa.com\/fr\/producto\/eurotron-handsafe-350-2025\/","title":{"rendered":"Eurotron HandSafe 350"},"content":{"rendered":"<h1 data-start=\"222\" data-end=\"267\"><strong data-start=\"222\" data-end=\"267\">La s\u00e9curit\u00e9 intelligente \u00e0 port\u00e9e de main<\/strong><\/h1>\n<p>&nbsp;<\/p>\n<h3 class=\"\" data-start=\"274\" data-end=\"310\">&#x1f916; Une technologie qui prot\u00e8ge<\/h3>\n<p class=\"\" data-start=\"311\" data-end=\"464\">Le syst\u00e8me HANDSAFE associe l\u2019intelligence humaine \u00e0 l\u2019intelligence artificielle pour garantir une s\u00e9curit\u00e9 avanc\u00e9e dans les environnements industriels :<\/p>\n<ul data-start=\"466\" data-end=\"726\">\n<li class=\"\" data-start=\"466\" data-end=\"535\">\n<p class=\"\" data-start=\"468\" data-end=\"535\"><strong data-start=\"471\" data-end=\"494\">Cam\u00e9ra intelligente<\/strong> avec d\u00e9tection des mains en temps r\u00e9el<\/p>\n<\/li>\n<li class=\"\" data-start=\"536\" data-end=\"619\">\n<p class=\"\" data-start=\"538\" data-end=\"619\"><strong data-start=\"541\" data-end=\"573\">Ordinateur avec IA entra\u00een\u00e9e<\/strong> pour reconna\u00eetre les risques instantan\u00e9ment<\/p>\n<\/li>\n<li class=\"\" data-start=\"620\" data-end=\"667\">\n<p class=\"\" data-start=\"622\" data-end=\"667\"><strong data-start=\"625\" data-end=\"645\">Zone de s\u00e9curit\u00e9<\/strong> avec arr\u00eat imm\u00e9diat<\/p>\n<\/li>\n<li class=\"\" data-start=\"668\" data-end=\"726\">\n<p class=\"\" data-start=\"670\" data-end=\"726\">\u00a0Int\u00e9gration compl\u00e8te avec la gamme <strong data-start=\"708\" data-end=\"726\">Eurotron Smart<\/strong><\/p>\n<\/li>\n<\/ul>\n<p class=\"\" data-start=\"728\" data-end=\"843\">Id\u00e9al pour les environnements o\u00f9 <strong data-start=\"761\" data-end=\"791\">la s\u00e9curit\u00e9 de l\u2019op\u00e9rateur<\/strong> est une priorit\u00e9 sans compromettre la productivit\u00e9.<\/p>\n<p><img loading=\"lazy\" decoding=\"async\" class=\"alignnone size-full wp-image-12298\" src=\"https:\/\/www.simasa.com\/wp-content\/uploads\/2025\/04\/HandSafe-1.jpg\" alt=\"\" width=\"863\" height=\"1223\" srcset=\"https:\/\/www.simasa.com\/wp-content\/uploads\/2025\/04\/HandSafe-1.jpg 863w, https:\/\/www.simasa.com\/wp-content\/uploads\/2025\/04\/HandSafe-1-212x300.jpg 212w, https:\/\/www.simasa.com\/wp-content\/uploads\/2025\/04\/HandSafe-1-723x1024.jpg 723w, https:\/\/www.simasa.com\/wp-content\/uploads\/2025\/04\/HandSafe-1-768x1088.jpg 768w, https:\/\/www.simasa.com\/wp-content\/uploads\/2025\/04\/HandSafe-1-416x590.jpg 416w\" sizes=\"auto, (max-width: 863px) 100vw, 863px\" \/><\/p>\n<p><img loading=\"lazy\" decoding=\"async\" class=\"alignnone size-full wp-image-12302\" src=\"https:\/\/www.simasa.com\/wp-content\/uploads\/2025\/04\/HandSafe-2.jpg\" alt=\"\" width=\"857\" height=\"522\" srcset=\"https:\/\/www.simasa.com\/wp-content\/uploads\/2025\/04\/HandSafe-2.jpg 857w, https:\/\/www.simasa.com\/wp-content\/uploads\/2025\/04\/HandSafe-2-300x183.jpg 300w, https:\/\/www.simasa.com\/wp-content\/uploads\/2025\/04\/HandSafe-2-768x468.jpg 768w, https:\/\/www.simasa.com\/wp-content\/uploads\/2025\/04\/HandSafe-2-416x253.jpg 416w\" sizes=\"auto, (max-width: 857px) 100vw, 857px\" \/><\/p>\n<p>&nbsp;<\/p>\n<p><iframe loading=\"lazy\" src=\"https:\/\/www.youtube.com\/embed\/7_yTyDNEdkc\" width=\"945\" height=\"540\" frameborder=\"0\" allowfullscreen=\"allowfullscreen\"><\/iframe><\/p>\n<p>&nbsp;<\/p>\n","protected":false},"excerpt":{"rendered":"<p><strong>EUROTRON 350 HANDSAFE\u00a0 <\/strong>La scie \u00e0 bois avec s\u00e9curit\u00e9 intelligente \u00e0 port\u00e9e de main<\/p>\n<p>&nbsp;<\/p>\n","protected":false},"featured_media":12288,"comment_status":"open","ping_status":"closed","template":"","meta":{"_acf_changed":false},"product_brand":[],"product_cat":[1795],"product_tag":[3723,3724],"class_list":{"0":"post-12317","1":"product","2":"type-product","3":"status-publish","4":"has-post-thumbnail","6":"product_cat-scie-circulaire-a-bois","7":"product_tag-cortadoras-materiales-construccion-fr","8":"product_tag-tronzadoras-de-madera-fr","9":"pa_45-cutting-non-45-cutting-fr","10":"pa_blade-included-no-fr","11":"pa_max-blade-diameter-mm-3745","12":"pa_max-cutting-depth-mm-3881","14":"first","15":"instock","16":"shipping-taxable","17":"product-type-simple"},"acf":[],"yoast_head":"<!-- This site is optimized with the Yoast SEO plugin v27.2 - https:\/\/yoast.com\/product\/yoast-seo-wordpress\/ -->\n<title>Cortadoras Materiales Construcci\u00f3n, Tronzadoras de Madera - Eurotron HandSafe 350 | Sima<\/title>\n<meta name=\"description\" content=\"Eurotron HandSafe 350. EUROTRON 350 HANDSAFE\u00a0 La scie \u00e0 bois avec s\u00e9curit\u00e9 intelligente \u00e0 port\u00e9e de main  &nbsp;\" \/>\n<meta name=\"robots\" content=\"noindex, follow\" \/>\n<meta property=\"og:locale\" content=\"fr_FR\" \/>\n<meta property=\"og:type\" content=\"article\" \/>\n<meta property=\"og:title\" content=\"Cortadoras Materiales Construcci\u00f3n, Tronzadoras de Madera - Eurotron HandSafe 350 | Sima\" \/>\n<meta property=\"og:description\" content=\"Eurotron HandSafe 350. EUROTRON 350 HANDSAFE\u00a0 La scie \u00e0 bois avec s\u00e9curit\u00e9 intelligente \u00e0 port\u00e9e de main  &nbsp;\" \/>\n<meta property=\"og:url\" content=\"https:\/\/www.simasa.com\/fr\/producto\/eurotron-handsafe-350-2025\/\" \/>\n<meta property=\"og:site_name\" content=\"Sima\" \/>\n<meta property=\"article:modified_time\" content=\"2025-04-11T13:23:01+00:00\" \/>\n<meta property=\"og:image\" content=\"https:\/\/www.simasa.com\/wp-content\/uploads\/2025\/04\/HAND-SAFE-350-CAL-1024x1024.png\" \/>\n\t<meta property=\"og:image:width\" content=\"1024\" \/>\n\t<meta property=\"og:image:height\" content=\"1024\" \/>\n\t<meta property=\"og:image:type\" content=\"image\/png\" \/>\n<meta name=\"twitter:card\" content=\"summary_large_image\" \/>\n<meta name=\"twitter:label1\" content=\"Dur\u00e9e de lecture estim\u00e9e\" \/>\n\t<meta name=\"twitter:data1\" content=\"1 minute\" \/>\n<script type=\"application\/ld+json\" class=\"yoast-schema-graph\">{\"@context\":\"https:\/\/schema.org\",\"@graph\":[{\"@type\":\"WebPage\",\"@id\":\"https:\/\/www.simasa.com\/fr\/producto\/eurotron-handsafe-350-2025\/\",\"url\":\"https:\/\/www.simasa.com\/fr\/producto\/eurotron-handsafe-350-2025\/\",\"name\":\"Cortadoras Materiales Construcci\u00f3n, Tronzadoras de Madera - Eurotron HandSafe 350 | Sima\",\"isPartOf\":{\"@id\":\"https:\/\/www.simasa.com\/fr\/#website\"},\"primaryImageOfPage\":{\"@id\":\"https:\/\/www.simasa.com\/fr\/producto\/eurotron-handsafe-350-2025\/#primaryimage\"},\"image\":{\"@id\":\"https:\/\/www.simasa.com\/fr\/producto\/eurotron-handsafe-350-2025\/#primaryimage\"},\"thumbnailUrl\":\"https:\/\/www.simasa.com\/wp-content\/uploads\/2025\/04\/HAND-SAFE-350-CAL.png\",\"datePublished\":\"2025-04-10T16:46:35+00:00\",\"dateModified\":\"2025-04-11T13:23:01+00:00\",\"description\":\"Eurotron HandSafe 350. EUROTRON 350 HANDSAFE\u00a0 La scie \u00e0 bois avec s\u00e9curit\u00e9 intelligente \u00e0 port\u00e9e de main &nbsp;\",\"breadcrumb\":{\"@id\":\"https:\/\/www.simasa.com\/fr\/producto\/eurotron-handsafe-350-2025\/#breadcrumb\"},\"inLanguage\":\"fr-FR\",\"potentialAction\":[{\"@type\":\"ReadAction\",\"target\":[\"https:\/\/www.simasa.com\/fr\/producto\/eurotron-handsafe-350-2025\/\"]}]},{\"@type\":\"ImageObject\",\"inLanguage\":\"fr-FR\",\"@id\":\"https:\/\/www.simasa.com\/fr\/producto\/eurotron-handsafe-350-2025\/#primaryimage\",\"url\":\"https:\/\/www.simasa.com\/wp-content\/uploads\/2025\/04\/HAND-SAFE-350-CAL.png\",\"contentUrl\":\"https:\/\/www.simasa.com\/wp-content\/uploads\/2025\/04\/HAND-SAFE-350-CAL.png\",\"width\":1710,\"height\":1710},{\"@type\":\"BreadcrumbList\",\"@id\":\"https:\/\/www.simasa.com\/fr\/producto\/eurotron-handsafe-350-2025\/#breadcrumb\",\"itemListElement\":[{\"@type\":\"ListItem\",\"position\":1,\"name\":\"Inicio\",\"item\":\"https:\/\/www.simasa.com\/fr\/\"},{\"@type\":\"ListItem\",\"position\":2,\"name\":\"Catalogue\",\"item\":\"https:\/\/www.simasa.com\/cat-sima\/\"},{\"@type\":\"ListItem\",\"position\":3,\"name\":\"Eurotron HandSafe 350\"}]},{\"@type\":\"WebSite\",\"@id\":\"https:\/\/www.simasa.com\/fr\/#website\",\"url\":\"https:\/\/www.simasa.com\/fr\/\",\"name\":\"Sima\",\"description\":\"Fabricantes de maquinaria para la construcci\u00f3n\",\"publisher\":{\"@id\":\"https:\/\/www.simasa.com\/fr\/#organization\"},\"potentialAction\":[{\"@type\":\"SearchAction\",\"target\":{\"@type\":\"EntryPoint\",\"urlTemplate\":\"https:\/\/www.simasa.com\/fr\/?s={search_term_string}\"},\"query-input\":{\"@type\":\"PropertyValueSpecification\",\"valueRequired\":true,\"valueName\":\"search_term_string\"}}],\"inLanguage\":\"fr-FR\"},{\"@type\":\"Organization\",\"@id\":\"https:\/\/www.simasa.com\/fr\/#organization\",\"name\":\"Sima\",\"url\":\"https:\/\/www.simasa.com\/fr\/\",\"logo\":{\"@type\":\"ImageObject\",\"inLanguage\":\"fr-FR\",\"@id\":\"https:\/\/www.simasa.com\/fr\/#\/schema\/logo\/image\/\",\"url\":\"https:\/\/www.simasa.com\/wp-content\/uploads\/2016\/03\/logo-1.jpg\",\"contentUrl\":\"https:\/\/www.simasa.com\/wp-content\/uploads\/2016\/03\/logo-1.jpg\",\"width\":121,\"height\":54,\"caption\":\"Sima\"},\"image\":{\"@id\":\"https:\/\/www.simasa.com\/fr\/#\/schema\/logo\/image\/\"}}]}<\/script>\n<!-- \/ Yoast SEO plugin. -->","yoast_head_json":{"title":"Cortadoras Materiales Construcci\u00f3n, Tronzadoras de Madera - Eurotron HandSafe 350 | Sima","description":"Eurotron HandSafe 350. EUROTRON 350 HANDSAFE\u00a0 La scie \u00e0 bois avec s\u00e9curit\u00e9 intelligente \u00e0 port\u00e9e de main  &nbsp;","robots":{"index":"noindex","follow":"follow"},"og_locale":"fr_FR","og_type":"article","og_title":"Cortadoras Materiales Construcci\u00f3n, Tronzadoras de Madera - Eurotron HandSafe 350 | Sima","og_description":"Eurotron HandSafe 350. EUROTRON 350 HANDSAFE\u00a0 La scie \u00e0 bois avec s\u00e9curit\u00e9 intelligente \u00e0 port\u00e9e de main  &nbsp;","og_url":"https:\/\/www.simasa.com\/fr\/producto\/eurotron-handsafe-350-2025\/","og_site_name":"Sima","article_modified_time":"2025-04-11T13:23:01+00:00","og_image":[{"width":1024,"height":1024,"url":"https:\/\/www.simasa.com\/wp-content\/uploads\/2025\/04\/HAND-SAFE-350-CAL-1024x1024.png","type":"image\/png"}],"twitter_card":"summary_large_image","twitter_misc":{"Dur\u00e9e de lecture estim\u00e9e":"1 minute"},"schema":{"@context":"https:\/\/schema.org","@graph":[{"@type":"WebPage","@id":"https:\/\/www.simasa.com\/fr\/producto\/eurotron-handsafe-350-2025\/","url":"https:\/\/www.simasa.com\/fr\/producto\/eurotron-handsafe-350-2025\/","name":"Cortadoras Materiales Construcci\u00f3n, Tronzadoras de Madera - Eurotron HandSafe 350 | Sima","isPartOf":{"@id":"https:\/\/www.simasa.com\/fr\/#website"},"primaryImageOfPage":{"@id":"https:\/\/www.simasa.com\/fr\/producto\/eurotron-handsafe-350-2025\/#primaryimage"},"image":{"@id":"https:\/\/www.simasa.com\/fr\/producto\/eurotron-handsafe-350-2025\/#primaryimage"},"thumbnailUrl":"https:\/\/www.simasa.com\/wp-content\/uploads\/2025\/04\/HAND-SAFE-350-CAL.png","datePublished":"2025-04-10T16:46:35+00:00","dateModified":"2025-04-11T13:23:01+00:00","description":"Eurotron HandSafe 350. EUROTRON 350 HANDSAFE\u00a0 La scie \u00e0 bois avec s\u00e9curit\u00e9 intelligente \u00e0 port\u00e9e de main &nbsp;","breadcrumb":{"@id":"https:\/\/www.simasa.com\/fr\/producto\/eurotron-handsafe-350-2025\/#breadcrumb"},"inLanguage":"fr-FR","potentialAction":[{"@type":"ReadAction","target":["https:\/\/www.simasa.com\/fr\/producto\/eurotron-handsafe-350-2025\/"]}]},{"@type":"ImageObject","inLanguage":"fr-FR","@id":"https:\/\/www.simasa.com\/fr\/producto\/eurotron-handsafe-350-2025\/#primaryimage","url":"https:\/\/www.simasa.com\/wp-content\/uploads\/2025\/04\/HAND-SAFE-350-CAL.png","contentUrl":"https:\/\/www.simasa.com\/wp-content\/uploads\/2025\/04\/HAND-SAFE-350-CAL.png","width":1710,"height":1710},{"@type":"BreadcrumbList","@id":"https:\/\/www.simasa.com\/fr\/producto\/eurotron-handsafe-350-2025\/#breadcrumb","itemListElement":[{"@type":"ListItem","position":1,"name":"Inicio","item":"https:\/\/www.simasa.com\/fr\/"},{"@type":"ListItem","position":2,"name":"Catalogue","item":"https:\/\/www.simasa.com\/cat-sima\/"},{"@type":"ListItem","position":3,"name":"Eurotron HandSafe 350"}]},{"@type":"WebSite","@id":"https:\/\/www.simasa.com\/fr\/#website","url":"https:\/\/www.simasa.com\/fr\/","name":"Sima","description":"Fabricantes de maquinaria para la construcci\u00f3n","publisher":{"@id":"https:\/\/www.simasa.com\/fr\/#organization"},"potentialAction":[{"@type":"SearchAction","target":{"@type":"EntryPoint","urlTemplate":"https:\/\/www.simasa.com\/fr\/?s={search_term_string}"},"query-input":{"@type":"PropertyValueSpecification","valueRequired":true,"valueName":"search_term_string"}}],"inLanguage":"fr-FR"},{"@type":"Organization","@id":"https:\/\/www.simasa.com\/fr\/#organization","name":"Sima","url":"https:\/\/www.simasa.com\/fr\/","logo":{"@type":"ImageObject","inLanguage":"fr-FR","@id":"https:\/\/www.simasa.com\/fr\/#\/schema\/logo\/image\/","url":"https:\/\/www.simasa.com\/wp-content\/uploads\/2016\/03\/logo-1.jpg","contentUrl":"https:\/\/www.simasa.com\/wp-content\/uploads\/2016\/03\/logo-1.jpg","width":121,"height":54,"caption":"Sima"},"image":{"@id":"https:\/\/www.simasa.com\/fr\/#\/schema\/logo\/image\/"}}]}},"_links":{"self":[{"href":"https:\/\/www.simasa.com\/fr\/wp-json\/wp\/v2\/product\/12317","targetHints":{"allow":["GET"]}}],"collection":[{"href":"https:\/\/www.simasa.com\/fr\/wp-json\/wp\/v2\/product"}],"about":[{"href":"https:\/\/www.simasa.com\/fr\/wp-json\/wp\/v2\/types\/product"}],"replies":[{"embeddable":true,"href":"https:\/\/www.simasa.com\/fr\/wp-json\/wp\/v2\/comments?post=12317"}],"wp:featuredmedia":[{"embeddable":true,"href":"https:\/\/www.simasa.com\/fr\/wp-json\/wp\/v2\/media\/12288"}],"wp:attachment":[{"href":"https:\/\/www.simasa.com\/fr\/wp-json\/wp\/v2\/media?parent=12317"}],"wp:term":[{"taxonomy":"product_brand","embeddable":true,"href":"https:\/\/www.simasa.com\/fr\/wp-json\/wp\/v2\/product_brand?post=12317"},{"taxonomy":"product_cat","embeddable":true,"href":"https:\/\/www.simasa.com\/fr\/wp-json\/wp\/v2\/product_cat?post=12317"},{"taxonomy":"product_tag","embeddable":true,"href":"https:\/\/www.simasa.com\/fr\/wp-json\/wp\/v2\/product_tag?post=12317"}],"curies":[{"name":"wp","href":"https:\/\/api.w.org\/{rel}","templated":true}]}}