{"id":12185,"date":"2024-10-03T14:20:29","date_gmt":"2024-10-03T12:20:29","guid":{"rendered":"https:\/\/www.simasa.com\/?post_type=product&#038;p=12185"},"modified":"2024-10-30T13:15:47","modified_gmt":"2024-10-30T12:15:47","slug":"eurotron-350-smart-fr","status":"publish","type":"product","link":"https:\/\/www.simasa.com\/fr\/producto\/eurotron-350-smart-fr\/","title":{"rendered":"EUROTRON 350 SMART"},"content":{"rendered":"<h3>Pourquoi l&rsquo;<strong>Eurotron 350 Smart<\/strong> est la machine qu&rsquo;il vous faut ?<\/h3>\n<p>&nbsp;<\/p>\n<ul>\n<li><strong>Elle est conforme \u00e0 la nouvelle norme ISO 19085<\/strong>:10 2018 pour les scies \u00e0 lame de \u00d8350 mm. \u00a0\u00c9vitez les probl\u00e8mes juridiques et gardez l\u00b4esprit tranquille.<\/li>\n<\/ul>\n<ul>\n<li><strong>Syst\u00e8me d&rsquo;extraction de poussi\u00e8res revisit\u00e9 avec deux sorties<\/strong>. Utilis\u00e9e en combinaison avec un aspirateur, il permet d&rsquo;\u00e9liminer une grande partie de la sciure&#8230; et minimiser les risques sur la sant\u00e9 en cas d&rsquo;inhalation. Ce syst\u00e8me est \u00e9galement conforme \u00e0 UNE-EN ISO 19085-10:2020.<\/li>\n<\/ul>\n<ul>\n<li><strong>Interrupteur de d\u00e9marrage pour \u00e9viter les d\u00e9marrages intempestifs<\/strong> : l&rsquo;utilisateur doit effectuer un geste volontaire pour faire d\u00e9marrer la machine : elle ne peut pas \u00eatre mise en route d\u00b4une mani\u00e8re accidentelle.<\/li>\n<\/ul>\n<ul>\n<li><strong>Le cache lame \u00e0 double articulation<\/strong> s&rsquo;adapte \u00e0 la forme de la lame lorsque le bois entre dans la coupe, am\u00e9liorant ainsi la s\u00e9curit\u00e9 de l&rsquo;utilisateur.<\/li>\n<\/ul>\n<ul>\n<li><strong>Pieds renforc\u00e9s avec entretoise m\u00e9tallique<\/strong>, pour une meilleure stabilit\u00e9 m\u00eame pour des travaux plus intenses. Moins de mouvements = plus de s\u00e9curit\u00e9.<\/li>\n<\/ul>\n<ul>\n<li><strong>Tables lat\u00e9rales en option<\/strong>, pour agrandir la surface de travail lorsque des planches plus grandes doivent \u00eatre coup\u00e9es sans d\u00e9passement ni chutes.<\/li>\n<\/ul>\n<ul>\n<li><strong>Lame carbure professionnelle \u00d8350 mm Z28<\/strong>, id\u00e9ale pour des coupes pr\u00e9cises dans le bois et les mat\u00e9riaux d\u00e9riv\u00e9s du bois.<\/li>\n<\/ul>\n<p>&nbsp;<\/p>\n<p><img loading=\"lazy\" decoding=\"async\" class=\"size-full wp-image-12258 aligncenter\" src=\"https:\/\/www.simasa.com\/wp-content\/uploads\/2024\/10\/PAG1-FOLDER-FRA.jpg\" alt=\"\" width=\"862\" height=\"1227\" srcset=\"https:\/\/www.simasa.com\/wp-content\/uploads\/2024\/10\/PAG1-FOLDER-FRA.jpg 862w, https:\/\/www.simasa.com\/wp-content\/uploads\/2024\/10\/PAG1-FOLDER-FRA-211x300.jpg 211w, https:\/\/www.simasa.com\/wp-content\/uploads\/2024\/10\/PAG1-FOLDER-FRA-719x1024.jpg 719w, https:\/\/www.simasa.com\/wp-content\/uploads\/2024\/10\/PAG1-FOLDER-FRA-768x1093.jpg 768w, https:\/\/www.simasa.com\/wp-content\/uploads\/2024\/10\/PAG1-FOLDER-FRA-416x592.jpg 416w\" sizes=\"auto, (max-width: 862px) 100vw, 862px\" \/><\/p>\n<p><img loading=\"lazy\" decoding=\"async\" class=\"size-full wp-image-12262 aligncenter\" src=\"https:\/\/www.simasa.com\/wp-content\/uploads\/2024\/10\/PAG2-FOLDER-FRA.jpg\" alt=\"\" width=\"710\" height=\"458\" srcset=\"https:\/\/www.simasa.com\/wp-content\/uploads\/2024\/10\/PAG2-FOLDER-FRA.jpg 710w, https:\/\/www.simasa.com\/wp-content\/uploads\/2024\/10\/PAG2-FOLDER-FRA-300x194.jpg 300w, https:\/\/www.simasa.com\/wp-content\/uploads\/2024\/10\/PAG2-FOLDER-FRA-416x268.jpg 416w\" sizes=\"auto, (max-width: 710px) 100vw, 710px\" \/><\/p>\n<p>&nbsp;<\/p>\n<p><iframe loading=\"lazy\" src=\"https:\/\/www.youtube.com\/embed\/EJgWH9flWYA\" width=\"945\" height=\"540\" frameborder=\"0\" allowfullscreen=\"allowfullscreen\"><span data-mce-type=\"bookmark\" style=\"display: inline-block; width: 0px; overflow: hidden; line-height: 0;\" class=\"mce_SELRES_start\">\ufeff<\/span><\/iframe><\/p>\n","protected":false},"excerpt":{"rendered":"<p>Nouvelle scie \u00e0 bois <strong>SIMA EUROTRON SMART \u00d8350 mm<\/strong> : S\u00e9curit\u00e9, pr\u00e9cision et conformit\u00e9 r\u00e9glementaire<\/p>\n<p>&nbsp;<\/p>\n","protected":false},"featured_media":12188,"comment_status":"open","ping_status":"closed","template":"","meta":{"_acf_changed":false},"product_brand":[],"product_cat":[1795],"product_tag":[3723,3724],"class_list":{"0":"post-12185","1":"product","2":"type-product","3":"status-publish","4":"has-post-thumbnail","6":"product_cat-scie-circulaire-a-bois","7":"product_tag-cortadoras-materiales-construccion-fr","8":"product_tag-tronzadoras-de-madera-fr","9":"pa_45-cutting-non-45-cutting-fr","10":"pa_blade-included-no-fr","11":"pa_max-blade-diameter-mm-3745","12":"pa_max-cutting-depth-mm-3881","14":"first","15":"instock","16":"shipping-taxable","17":"product-type-simple"},"acf":[],"yoast_head":"<!-- This site is optimized with the Yoast SEO plugin v27.2 - https:\/\/yoast.com\/product\/yoast-seo-wordpress\/ -->\n<title>Cortadoras Materiales Construcci\u00f3n, Tronzadoras de Madera - EUROTRON 350 SMART | Sima<\/title>\n<meta name=\"description\" content=\"EUROTRON 350 SMART. Nouvelle scie \u00e0 bois SIMA EUROTRON SMART \u00d8350 mm : S\u00e9curit\u00e9, pr\u00e9cision et conformit\u00e9 r\u00e9glementaire  &nbsp;\" \/>\n<meta name=\"robots\" content=\"noindex, follow\" \/>\n<meta property=\"og:locale\" content=\"fr_FR\" \/>\n<meta property=\"og:type\" content=\"article\" \/>\n<meta property=\"og:title\" content=\"Cortadoras Materiales Construcci\u00f3n, Tronzadoras de Madera - EUROTRON 350 SMART | Sima\" \/>\n<meta property=\"og:description\" content=\"EUROTRON 350 SMART. Nouvelle scie \u00e0 bois SIMA EUROTRON SMART \u00d8350 mm : S\u00e9curit\u00e9, pr\u00e9cision et conformit\u00e9 r\u00e9glementaire  &nbsp;\" \/>\n<meta property=\"og:url\" content=\"https:\/\/www.simasa.com\/fr\/producto\/eurotron-350-smart-fr\/\" \/>\n<meta property=\"og:site_name\" content=\"Sima\" \/>\n<meta property=\"article:modified_time\" content=\"2024-10-30T12:15:47+00:00\" \/>\n<meta property=\"og:image\" content=\"https:\/\/www.simasa.com\/wp-content\/uploads\/2024\/10\/Eurotron-Smart-scaled.jpg\" \/>\n\t<meta property=\"og:image:width\" content=\"2560\" \/>\n\t<meta property=\"og:image:height\" content=\"2560\" \/>\n\t<meta property=\"og:image:type\" content=\"image\/jpeg\" \/>\n<meta name=\"twitter:card\" content=\"summary_large_image\" \/>\n<meta name=\"twitter:label1\" content=\"Dur\u00e9e de lecture estim\u00e9e\" \/>\n\t<meta name=\"twitter:data1\" content=\"2 minutes\" \/>\n<script type=\"application\/ld+json\" class=\"yoast-schema-graph\">{\"@context\":\"https:\/\/schema.org\",\"@graph\":[{\"@type\":\"WebPage\",\"@id\":\"https:\/\/www.simasa.com\/fr\/producto\/eurotron-350-smart-fr\/\",\"url\":\"https:\/\/www.simasa.com\/fr\/producto\/eurotron-350-smart-fr\/\",\"name\":\"Cortadoras Materiales Construcci\u00f3n, Tronzadoras de Madera - EUROTRON 350 SMART | Sima\",\"isPartOf\":{\"@id\":\"https:\/\/www.simasa.com\/fr\/#website\"},\"primaryImageOfPage\":{\"@id\":\"https:\/\/www.simasa.com\/fr\/producto\/eurotron-350-smart-fr\/#primaryimage\"},\"image\":{\"@id\":\"https:\/\/www.simasa.com\/fr\/producto\/eurotron-350-smart-fr\/#primaryimage\"},\"thumbnailUrl\":\"https:\/\/www.simasa.com\/wp-content\/uploads\/2024\/10\/Eurotron-Smart-scaled.jpg\",\"datePublished\":\"2024-10-03T12:20:29+00:00\",\"dateModified\":\"2024-10-30T12:15:47+00:00\",\"description\":\"EUROTRON 350 SMART. Nouvelle scie \u00e0 bois SIMA EUROTRON SMART \u00d8350 mm : S\u00e9curit\u00e9, pr\u00e9cision et conformit\u00e9 r\u00e9glementaire &nbsp;\",\"breadcrumb\":{\"@id\":\"https:\/\/www.simasa.com\/fr\/producto\/eurotron-350-smart-fr\/#breadcrumb\"},\"inLanguage\":\"fr-FR\",\"potentialAction\":[{\"@type\":\"ReadAction\",\"target\":[\"https:\/\/www.simasa.com\/fr\/producto\/eurotron-350-smart-fr\/\"]}]},{\"@type\":\"ImageObject\",\"inLanguage\":\"fr-FR\",\"@id\":\"https:\/\/www.simasa.com\/fr\/producto\/eurotron-350-smart-fr\/#primaryimage\",\"url\":\"https:\/\/www.simasa.com\/wp-content\/uploads\/2024\/10\/Eurotron-Smart-scaled.jpg\",\"contentUrl\":\"https:\/\/www.simasa.com\/wp-content\/uploads\/2024\/10\/Eurotron-Smart-scaled.jpg\",\"width\":2560,\"height\":2560},{\"@type\":\"BreadcrumbList\",\"@id\":\"https:\/\/www.simasa.com\/fr\/producto\/eurotron-350-smart-fr\/#breadcrumb\",\"itemListElement\":[{\"@type\":\"ListItem\",\"position\":1,\"name\":\"Inicio\",\"item\":\"https:\/\/www.simasa.com\/fr\/\"},{\"@type\":\"ListItem\",\"position\":2,\"name\":\"Catalogue\",\"item\":\"https:\/\/www.simasa.com\/cat-sima\/\"},{\"@type\":\"ListItem\",\"position\":3,\"name\":\"EUROTRON 350 SMART\"}]},{\"@type\":\"WebSite\",\"@id\":\"https:\/\/www.simasa.com\/fr\/#website\",\"url\":\"https:\/\/www.simasa.com\/fr\/\",\"name\":\"Sima\",\"description\":\"Fabricantes de maquinaria para la construcci\u00f3n\",\"publisher\":{\"@id\":\"https:\/\/www.simasa.com\/fr\/#organization\"},\"potentialAction\":[{\"@type\":\"SearchAction\",\"target\":{\"@type\":\"EntryPoint\",\"urlTemplate\":\"https:\/\/www.simasa.com\/fr\/?s={search_term_string}\"},\"query-input\":{\"@type\":\"PropertyValueSpecification\",\"valueRequired\":true,\"valueName\":\"search_term_string\"}}],\"inLanguage\":\"fr-FR\"},{\"@type\":\"Organization\",\"@id\":\"https:\/\/www.simasa.com\/fr\/#organization\",\"name\":\"Sima\",\"url\":\"https:\/\/www.simasa.com\/fr\/\",\"logo\":{\"@type\":\"ImageObject\",\"inLanguage\":\"fr-FR\",\"@id\":\"https:\/\/www.simasa.com\/fr\/#\/schema\/logo\/image\/\",\"url\":\"https:\/\/www.simasa.com\/wp-content\/uploads\/2016\/03\/logo-1.jpg\",\"contentUrl\":\"https:\/\/www.simasa.com\/wp-content\/uploads\/2016\/03\/logo-1.jpg\",\"width\":121,\"height\":54,\"caption\":\"Sima\"},\"image\":{\"@id\":\"https:\/\/www.simasa.com\/fr\/#\/schema\/logo\/image\/\"}}]}<\/script>\n<!-- \/ Yoast SEO plugin. -->","yoast_head_json":{"title":"Cortadoras Materiales Construcci\u00f3n, Tronzadoras de Madera - EUROTRON 350 SMART | Sima","description":"EUROTRON 350 SMART. Nouvelle scie \u00e0 bois SIMA EUROTRON SMART \u00d8350 mm : S\u00e9curit\u00e9, pr\u00e9cision et conformit\u00e9 r\u00e9glementaire  &nbsp;","robots":{"index":"noindex","follow":"follow"},"og_locale":"fr_FR","og_type":"article","og_title":"Cortadoras Materiales Construcci\u00f3n, Tronzadoras de Madera - EUROTRON 350 SMART | Sima","og_description":"EUROTRON 350 SMART. Nouvelle scie \u00e0 bois SIMA EUROTRON SMART \u00d8350 mm : S\u00e9curit\u00e9, pr\u00e9cision et conformit\u00e9 r\u00e9glementaire  &nbsp;","og_url":"https:\/\/www.simasa.com\/fr\/producto\/eurotron-350-smart-fr\/","og_site_name":"Sima","article_modified_time":"2024-10-30T12:15:47+00:00","og_image":[{"width":2560,"height":2560,"url":"https:\/\/www.simasa.com\/wp-content\/uploads\/2024\/10\/Eurotron-Smart-scaled.jpg","type":"image\/jpeg"}],"twitter_card":"summary_large_image","twitter_misc":{"Dur\u00e9e de lecture estim\u00e9e":"2 minutes"},"schema":{"@context":"https:\/\/schema.org","@graph":[{"@type":"WebPage","@id":"https:\/\/www.simasa.com\/fr\/producto\/eurotron-350-smart-fr\/","url":"https:\/\/www.simasa.com\/fr\/producto\/eurotron-350-smart-fr\/","name":"Cortadoras Materiales Construcci\u00f3n, Tronzadoras de Madera - EUROTRON 350 SMART | Sima","isPartOf":{"@id":"https:\/\/www.simasa.com\/fr\/#website"},"primaryImageOfPage":{"@id":"https:\/\/www.simasa.com\/fr\/producto\/eurotron-350-smart-fr\/#primaryimage"},"image":{"@id":"https:\/\/www.simasa.com\/fr\/producto\/eurotron-350-smart-fr\/#primaryimage"},"thumbnailUrl":"https:\/\/www.simasa.com\/wp-content\/uploads\/2024\/10\/Eurotron-Smart-scaled.jpg","datePublished":"2024-10-03T12:20:29+00:00","dateModified":"2024-10-30T12:15:47+00:00","description":"EUROTRON 350 SMART. Nouvelle scie \u00e0 bois SIMA EUROTRON SMART \u00d8350 mm : S\u00e9curit\u00e9, pr\u00e9cision et conformit\u00e9 r\u00e9glementaire &nbsp;","breadcrumb":{"@id":"https:\/\/www.simasa.com\/fr\/producto\/eurotron-350-smart-fr\/#breadcrumb"},"inLanguage":"fr-FR","potentialAction":[{"@type":"ReadAction","target":["https:\/\/www.simasa.com\/fr\/producto\/eurotron-350-smart-fr\/"]}]},{"@type":"ImageObject","inLanguage":"fr-FR","@id":"https:\/\/www.simasa.com\/fr\/producto\/eurotron-350-smart-fr\/#primaryimage","url":"https:\/\/www.simasa.com\/wp-content\/uploads\/2024\/10\/Eurotron-Smart-scaled.jpg","contentUrl":"https:\/\/www.simasa.com\/wp-content\/uploads\/2024\/10\/Eurotron-Smart-scaled.jpg","width":2560,"height":2560},{"@type":"BreadcrumbList","@id":"https:\/\/www.simasa.com\/fr\/producto\/eurotron-350-smart-fr\/#breadcrumb","itemListElement":[{"@type":"ListItem","position":1,"name":"Inicio","item":"https:\/\/www.simasa.com\/fr\/"},{"@type":"ListItem","position":2,"name":"Catalogue","item":"https:\/\/www.simasa.com\/cat-sima\/"},{"@type":"ListItem","position":3,"name":"EUROTRON 350 SMART"}]},{"@type":"WebSite","@id":"https:\/\/www.simasa.com\/fr\/#website","url":"https:\/\/www.simasa.com\/fr\/","name":"Sima","description":"Fabricantes de maquinaria para la construcci\u00f3n","publisher":{"@id":"https:\/\/www.simasa.com\/fr\/#organization"},"potentialAction":[{"@type":"SearchAction","target":{"@type":"EntryPoint","urlTemplate":"https:\/\/www.simasa.com\/fr\/?s={search_term_string}"},"query-input":{"@type":"PropertyValueSpecification","valueRequired":true,"valueName":"search_term_string"}}],"inLanguage":"fr-FR"},{"@type":"Organization","@id":"https:\/\/www.simasa.com\/fr\/#organization","name":"Sima","url":"https:\/\/www.simasa.com\/fr\/","logo":{"@type":"ImageObject","inLanguage":"fr-FR","@id":"https:\/\/www.simasa.com\/fr\/#\/schema\/logo\/image\/","url":"https:\/\/www.simasa.com\/wp-content\/uploads\/2016\/03\/logo-1.jpg","contentUrl":"https:\/\/www.simasa.com\/wp-content\/uploads\/2016\/03\/logo-1.jpg","width":121,"height":54,"caption":"Sima"},"image":{"@id":"https:\/\/www.simasa.com\/fr\/#\/schema\/logo\/image\/"}}]}},"_links":{"self":[{"href":"https:\/\/www.simasa.com\/fr\/wp-json\/wp\/v2\/product\/12185","targetHints":{"allow":["GET"]}}],"collection":[{"href":"https:\/\/www.simasa.com\/fr\/wp-json\/wp\/v2\/product"}],"about":[{"href":"https:\/\/www.simasa.com\/fr\/wp-json\/wp\/v2\/types\/product"}],"replies":[{"embeddable":true,"href":"https:\/\/www.simasa.com\/fr\/wp-json\/wp\/v2\/comments?post=12185"}],"wp:featuredmedia":[{"embeddable":true,"href":"https:\/\/www.simasa.com\/fr\/wp-json\/wp\/v2\/media\/12188"}],"wp:attachment":[{"href":"https:\/\/www.simasa.com\/fr\/wp-json\/wp\/v2\/media?parent=12185"}],"wp:term":[{"taxonomy":"product_brand","embeddable":true,"href":"https:\/\/www.simasa.com\/fr\/wp-json\/wp\/v2\/product_brand?post=12185"},{"taxonomy":"product_cat","embeddable":true,"href":"https:\/\/www.simasa.com\/fr\/wp-json\/wp\/v2\/product_cat?post=12185"},{"taxonomy":"product_tag","embeddable":true,"href":"https:\/\/www.simasa.com\/fr\/wp-json\/wp\/v2\/product_tag?post=12185"}],"curies":[{"name":"wp","href":"https:\/\/api.w.org\/{rel}","templated":true}]}}