{"id":12035,"date":"2024-07-03T14:16:01","date_gmt":"2024-07-03T12:16:01","guid":{"rendered":"https:\/\/www.simasa.com\/?post_type=product&#038;p=12035"},"modified":"2024-07-19T11:50:06","modified_gmt":"2024-07-19T09:50:06","slug":"del-25","status":"publish","type":"product","link":"https:\/\/www.simasa.com\/fr\/producto\/del-25\/","title":{"rendered":"DEL 25"},"content":{"rendered":"<p>&nbsp;<\/p>\n<h3><strong>La Nouvelle DEL 25\u00a0<\/strong><\/h3>\n<ul>\n<li>Semi-portable: 90 kgs seulement.<\/li>\n<li>Silencieuse, entra\u00een\u00e9e par un inverter \u00e0 haut rendement.<\/li>\n<li>Solide et r\u00e9sistante contre la ferronnerie et l&rsquo;humidit\u00e9.<\/li>\n<li>Moteur type \u00ab\u00a0cage d&rsquo;\u00e9cureuil\u00a0\u00bb : solidit\u00e9 et durabilit\u00e9.<\/li>\n<li>Pas d\u00b4entretien (pas de ressorts, pas de cha\u00eenes, pas de charbons, pas d&#8217;embrayage). Nettoyage avec de l&rsquo;air comprim\u00e9.<\/li>\n<li>R\u00e9gulation du mouvement par capteur inductif.<\/li>\n<li>P\u00e9dale de s\u00e9curit\u00e9, avec bouclier de protection contre tout actionnement accidentel<\/li>\n<li>C\u00e2blage renforc\u00e9 avec maille m\u00e9tallique.<\/li>\n<li>Bo\u00eetes de vitesses lubrifi\u00e9es en permanence (avec de l&rsquo;huile, pas de graisse).<\/li>\n<li>Angles de pliage jusqu&rsquo;\u00e0 225\u00ba<\/li>\n<li>Ensemble de goupilles et de mandrins int\u00e9gr\u00e9s dans un bo\u00eetier sp\u00e9cifique sur la machine f.<\/li>\n<li>Anneau de protection, minimisant le frottement de la barre d&rsquo;armature avec la table.<\/li>\n<li>Et, en option, pieds et roulettes<\/li>\n<\/ul>\n<p>&nbsp;<\/p>\n<p><iframe loading=\"lazy\" src=\"https:\/\/www.youtube.com\/embed\/brjZlPuO3Jw\" width=\"945\" height=\"540\" frameborder=\"0\" allowfullscreen=\"allowfullscreen\"><span data-mce-type=\"bookmark\" style=\"display: inline-block; width: 0px; overflow: hidden; line-height: 0;\" class=\"mce_SELRES_start\">\ufeff<\/span><\/iframe><\/p>\n<p>&nbsp;<\/p>\n<p><img loading=\"lazy\" decoding=\"async\" class=\"size-full wp-image-12098 aligncenter\" src=\"https:\/\/www.simasa.com\/wp-content\/uploads\/2024\/07\/DEL-25-FRA-1.jpg\" alt=\"\" width=\"861\" height=\"1218\" \/><br \/>\n<img loading=\"lazy\" decoding=\"async\" class=\"size-full wp-image-12102 aligncenter\" src=\"https:\/\/www.simasa.com\/wp-content\/uploads\/2024\/07\/DEL-25-FRA-2.jpg\" alt=\"\" width=\"857\" height=\"1215\" \/><\/p>\n","protected":false},"excerpt":{"rendered":"<p>Une cintreuse <strong>robuste<\/strong> et <strong>l\u00e9g\u00e8re<\/strong> pour le fa\u00e7onnage du fer \u00e1 b\u00e9ton jusqu&rsquo;\u00e0 25 mm de \u00d8<\/p>\n","protected":false},"featured_media":12038,"comment_status":"open","ping_status":"closed","template":"","meta":{"_acf_changed":false},"product_brand":[],"product_cat":[1806,1808],"product_tag":[3714],"class_list":{"0":"post-12035","1":"product","2":"type-product","3":"status-publish","4":"has-post-thumbnail","6":"product_cat-cintreuses-automatiques","7":"product_cat-cintreuses-et-cisailles","8":"product_tag-dobladoras-de-ferralla-fr","9":"pa_max-bending-3841","10":"pa_power-electriques","12":"first","13":"instock","14":"shipping-taxable","15":"product-type-simple"},"acf":[],"yoast_head":"<!-- This site is optimized with the Yoast SEO plugin v27.4 - https:\/\/yoast.com\/product\/yoast-seo-wordpress\/ -->\n<title>Dobladoras de Ferralla - DEL 25 | Sima<\/title>\n<meta name=\"description\" content=\"DEL 25. Une cintreuse robuste et l\u00e9g\u00e8re pour le fa\u00e7onnage du fer \u00e1 b\u00e9ton jusqu&#039;\u00e0 25 mm de \u00d8\" \/>\n<meta name=\"robots\" content=\"noindex, follow\" \/>\n<meta property=\"og:locale\" content=\"fr_FR\" \/>\n<meta property=\"og:type\" content=\"article\" \/>\n<meta property=\"og:title\" content=\"Dobladoras de Ferralla - DEL 25 | Sima\" \/>\n<meta property=\"og:description\" content=\"DEL 25. Une cintreuse robuste et l\u00e9g\u00e8re pour le fa\u00e7onnage du fer \u00e1 b\u00e9ton jusqu&#039;\u00e0 25 mm de \u00d8\" \/>\n<meta property=\"og:url\" content=\"https:\/\/www.simasa.com\/fr\/producto\/del-25\/\" \/>\n<meta property=\"og:site_name\" content=\"Sima\" \/>\n<meta property=\"article:modified_time\" content=\"2024-07-19T09:50:06+00:00\" \/>\n<meta property=\"og:image\" content=\"https:\/\/www.simasa.com\/wp-content\/uploads\/2024\/07\/20251004-Frontal-copia-scaled.jpg\" \/>\n\t<meta property=\"og:image:width\" content=\"2560\" \/>\n\t<meta property=\"og:image:height\" content=\"2184\" \/>\n\t<meta property=\"og:image:type\" content=\"image\/jpeg\" \/>\n<meta name=\"twitter:card\" content=\"summary_large_image\" \/>\n<meta name=\"twitter:label1\" content=\"Dur\u00e9e de lecture estim\u00e9e\" \/>\n\t<meta name=\"twitter:data1\" content=\"2 minutes\" \/>\n<script type=\"application\/ld+json\" class=\"yoast-schema-graph\">{\"@context\":\"https:\\\/\\\/schema.org\",\"@graph\":[{\"@type\":\"WebPage\",\"@id\":\"https:\\\/\\\/www.simasa.com\\\/fr\\\/producto\\\/del-25\\\/\",\"url\":\"https:\\\/\\\/www.simasa.com\\\/fr\\\/producto\\\/del-25\\\/\",\"name\":\"Dobladoras de Ferralla - DEL 25 | Sima\",\"isPartOf\":{\"@id\":\"https:\\\/\\\/www.simasa.com\\\/fr\\\/#website\"},\"primaryImageOfPage\":{\"@id\":\"https:\\\/\\\/www.simasa.com\\\/fr\\\/producto\\\/del-25\\\/#primaryimage\"},\"image\":{\"@id\":\"https:\\\/\\\/www.simasa.com\\\/fr\\\/producto\\\/del-25\\\/#primaryimage\"},\"thumbnailUrl\":\"https:\\\/\\\/www.simasa.com\\\/wp-content\\\/uploads\\\/2024\\\/07\\\/20251004-Frontal-copia-scaled.jpg\",\"datePublished\":\"2024-07-03T12:16:01+00:00\",\"dateModified\":\"2024-07-19T09:50:06+00:00\",\"description\":\"DEL 25. Une cintreuse robuste et l\u00e9g\u00e8re pour le fa\u00e7onnage du fer \u00e1 b\u00e9ton jusqu'\u00e0 25 mm de \u00d8\",\"breadcrumb\":{\"@id\":\"https:\\\/\\\/www.simasa.com\\\/fr\\\/producto\\\/del-25\\\/#breadcrumb\"},\"inLanguage\":\"fr-FR\",\"potentialAction\":[{\"@type\":\"ReadAction\",\"target\":[\"https:\\\/\\\/www.simasa.com\\\/fr\\\/producto\\\/del-25\\\/\"]}]},{\"@type\":\"ImageObject\",\"inLanguage\":\"fr-FR\",\"@id\":\"https:\\\/\\\/www.simasa.com\\\/fr\\\/producto\\\/del-25\\\/#primaryimage\",\"url\":\"https:\\\/\\\/www.simasa.com\\\/wp-content\\\/uploads\\\/2024\\\/07\\\/20251004-Frontal-copia-scaled.jpg\",\"contentUrl\":\"https:\\\/\\\/www.simasa.com\\\/wp-content\\\/uploads\\\/2024\\\/07\\\/20251004-Frontal-copia-scaled.jpg\",\"width\":2560,\"height\":2184},{\"@type\":\"BreadcrumbList\",\"@id\":\"https:\\\/\\\/www.simasa.com\\\/fr\\\/producto\\\/del-25\\\/#breadcrumb\",\"itemListElement\":[{\"@type\":\"ListItem\",\"position\":1,\"name\":\"Inicio\",\"item\":\"https:\\\/\\\/www.simasa.com\\\/fr\\\/\"},{\"@type\":\"ListItem\",\"position\":2,\"name\":\"Catalogue\",\"item\":\"https:\\\/\\\/www.simasa.com\\\/cat-sima\\\/\"},{\"@type\":\"ListItem\",\"position\":3,\"name\":\"DEL 25\"}]},{\"@type\":\"WebSite\",\"@id\":\"https:\\\/\\\/www.simasa.com\\\/fr\\\/#website\",\"url\":\"https:\\\/\\\/www.simasa.com\\\/fr\\\/\",\"name\":\"Sima\",\"description\":\"Fabricantes de maquinaria para la construcci\u00f3n\",\"publisher\":{\"@id\":\"https:\\\/\\\/www.simasa.com\\\/fr\\\/#organization\"},\"potentialAction\":[{\"@type\":\"SearchAction\",\"target\":{\"@type\":\"EntryPoint\",\"urlTemplate\":\"https:\\\/\\\/www.simasa.com\\\/fr\\\/?s={search_term_string}\"},\"query-input\":{\"@type\":\"PropertyValueSpecification\",\"valueRequired\":true,\"valueName\":\"search_term_string\"}}],\"inLanguage\":\"fr-FR\"},{\"@type\":\"Organization\",\"@id\":\"https:\\\/\\\/www.simasa.com\\\/fr\\\/#organization\",\"name\":\"Sima\",\"url\":\"https:\\\/\\\/www.simasa.com\\\/fr\\\/\",\"logo\":{\"@type\":\"ImageObject\",\"inLanguage\":\"fr-FR\",\"@id\":\"https:\\\/\\\/www.simasa.com\\\/fr\\\/#\\\/schema\\\/logo\\\/image\\\/\",\"url\":\"https:\\\/\\\/www.simasa.com\\\/wp-content\\\/uploads\\\/2016\\\/03\\\/logo-1.jpg\",\"contentUrl\":\"https:\\\/\\\/www.simasa.com\\\/wp-content\\\/uploads\\\/2016\\\/03\\\/logo-1.jpg\",\"width\":121,\"height\":54,\"caption\":\"Sima\"},\"image\":{\"@id\":\"https:\\\/\\\/www.simasa.com\\\/fr\\\/#\\\/schema\\\/logo\\\/image\\\/\"}}]}<\/script>\n<!-- \/ Yoast SEO plugin. -->","yoast_head_json":{"title":"Dobladoras de Ferralla - DEL 25 | Sima","description":"DEL 25. Une cintreuse robuste et l\u00e9g\u00e8re pour le fa\u00e7onnage du fer \u00e1 b\u00e9ton jusqu'\u00e0 25 mm de \u00d8","robots":{"index":"noindex","follow":"follow"},"og_locale":"fr_FR","og_type":"article","og_title":"Dobladoras de Ferralla - DEL 25 | Sima","og_description":"DEL 25. Une cintreuse robuste et l\u00e9g\u00e8re pour le fa\u00e7onnage du fer \u00e1 b\u00e9ton jusqu'\u00e0 25 mm de \u00d8","og_url":"https:\/\/www.simasa.com\/fr\/producto\/del-25\/","og_site_name":"Sima","article_modified_time":"2024-07-19T09:50:06+00:00","og_image":[{"width":2560,"height":2184,"url":"https:\/\/www.simasa.com\/wp-content\/uploads\/2024\/07\/20251004-Frontal-copia-scaled.jpg","type":"image\/jpeg"}],"twitter_card":"summary_large_image","twitter_misc":{"Dur\u00e9e de lecture estim\u00e9e":"2 minutes"},"schema":{"@context":"https:\/\/schema.org","@graph":[{"@type":"WebPage","@id":"https:\/\/www.simasa.com\/fr\/producto\/del-25\/","url":"https:\/\/www.simasa.com\/fr\/producto\/del-25\/","name":"Dobladoras de Ferralla - DEL 25 | Sima","isPartOf":{"@id":"https:\/\/www.simasa.com\/fr\/#website"},"primaryImageOfPage":{"@id":"https:\/\/www.simasa.com\/fr\/producto\/del-25\/#primaryimage"},"image":{"@id":"https:\/\/www.simasa.com\/fr\/producto\/del-25\/#primaryimage"},"thumbnailUrl":"https:\/\/www.simasa.com\/wp-content\/uploads\/2024\/07\/20251004-Frontal-copia-scaled.jpg","datePublished":"2024-07-03T12:16:01+00:00","dateModified":"2024-07-19T09:50:06+00:00","description":"DEL 25. Une cintreuse robuste et l\u00e9g\u00e8re pour le fa\u00e7onnage du fer \u00e1 b\u00e9ton jusqu'\u00e0 25 mm de \u00d8","breadcrumb":{"@id":"https:\/\/www.simasa.com\/fr\/producto\/del-25\/#breadcrumb"},"inLanguage":"fr-FR","potentialAction":[{"@type":"ReadAction","target":["https:\/\/www.simasa.com\/fr\/producto\/del-25\/"]}]},{"@type":"ImageObject","inLanguage":"fr-FR","@id":"https:\/\/www.simasa.com\/fr\/producto\/del-25\/#primaryimage","url":"https:\/\/www.simasa.com\/wp-content\/uploads\/2024\/07\/20251004-Frontal-copia-scaled.jpg","contentUrl":"https:\/\/www.simasa.com\/wp-content\/uploads\/2024\/07\/20251004-Frontal-copia-scaled.jpg","width":2560,"height":2184},{"@type":"BreadcrumbList","@id":"https:\/\/www.simasa.com\/fr\/producto\/del-25\/#breadcrumb","itemListElement":[{"@type":"ListItem","position":1,"name":"Inicio","item":"https:\/\/www.simasa.com\/fr\/"},{"@type":"ListItem","position":2,"name":"Catalogue","item":"https:\/\/www.simasa.com\/cat-sima\/"},{"@type":"ListItem","position":3,"name":"DEL 25"}]},{"@type":"WebSite","@id":"https:\/\/www.simasa.com\/fr\/#website","url":"https:\/\/www.simasa.com\/fr\/","name":"Sima","description":"Fabricantes de maquinaria para la construcci\u00f3n","publisher":{"@id":"https:\/\/www.simasa.com\/fr\/#organization"},"potentialAction":[{"@type":"SearchAction","target":{"@type":"EntryPoint","urlTemplate":"https:\/\/www.simasa.com\/fr\/?s={search_term_string}"},"query-input":{"@type":"PropertyValueSpecification","valueRequired":true,"valueName":"search_term_string"}}],"inLanguage":"fr-FR"},{"@type":"Organization","@id":"https:\/\/www.simasa.com\/fr\/#organization","name":"Sima","url":"https:\/\/www.simasa.com\/fr\/","logo":{"@type":"ImageObject","inLanguage":"fr-FR","@id":"https:\/\/www.simasa.com\/fr\/#\/schema\/logo\/image\/","url":"https:\/\/www.simasa.com\/wp-content\/uploads\/2016\/03\/logo-1.jpg","contentUrl":"https:\/\/www.simasa.com\/wp-content\/uploads\/2016\/03\/logo-1.jpg","width":121,"height":54,"caption":"Sima"},"image":{"@id":"https:\/\/www.simasa.com\/fr\/#\/schema\/logo\/image\/"}}]}},"_links":{"self":[{"href":"https:\/\/www.simasa.com\/fr\/wp-json\/wp\/v2\/product\/12035","targetHints":{"allow":["GET"]}}],"collection":[{"href":"https:\/\/www.simasa.com\/fr\/wp-json\/wp\/v2\/product"}],"about":[{"href":"https:\/\/www.simasa.com\/fr\/wp-json\/wp\/v2\/types\/product"}],"replies":[{"embeddable":true,"href":"https:\/\/www.simasa.com\/fr\/wp-json\/wp\/v2\/comments?post=12035"}],"wp:featuredmedia":[{"embeddable":true,"href":"https:\/\/www.simasa.com\/fr\/wp-json\/wp\/v2\/media\/12038"}],"wp:attachment":[{"href":"https:\/\/www.simasa.com\/fr\/wp-json\/wp\/v2\/media?parent=12035"}],"wp:term":[{"taxonomy":"product_brand","embeddable":true,"href":"https:\/\/www.simasa.com\/fr\/wp-json\/wp\/v2\/product_brand?post=12035"},{"taxonomy":"product_cat","embeddable":true,"href":"https:\/\/www.simasa.com\/fr\/wp-json\/wp\/v2\/product_cat?post=12035"},{"taxonomy":"product_tag","embeddable":true,"href":"https:\/\/www.simasa.com\/fr\/wp-json\/wp\/v2\/product_tag?post=12035"}],"curies":[{"name":"wp","href":"https:\/\/api.w.org\/{rel}","templated":true}]}}