{"id":11020,"date":"2023-03-15T15:53:38","date_gmt":"2023-03-15T14:53:38","guid":{"rendered":"https:\/\/www.simasa.com\/?post_type=product&#038;p=11020"},"modified":"2024-04-12T11:32:05","modified_gmt":"2024-04-12T09:32:05","slug":"cobra-45-vario","status":"publish","type":"product","link":"https:\/\/www.simasa.com\/fr\/producto\/cobra-45-vario\/","title":{"rendered":"COBRA 45 VARIO"},"content":{"rendered":"<p>La d\u00e9coupeuse de chauss\u00e9e SIMA <strong>Cobra 45 VARIO<\/strong> ajoute \u00e0 la gamme Cobra 45 une extension des possibilit\u00e9s de d\u00e9coupe de chauss\u00e9e (asphalte, b\u00e9ton, ciment, etc&#8230;).<\/p>\n<p><strong>Elle r\u00e9alise des coupes parall\u00e8les de 5 cm et 10 cm en un seul passage<\/strong> !!! augmentez votre productivit\u00e9 et votre rentabilit\u00e9 par heure de travail.<\/p>\n<p>Gagnez du temps et de l&rsquo;\u00e9nergie avec la d\u00e9broussailleuse SIMA Cobra 45 VARIO.<\/p>\n<h2 style=\"text-align: center;\">Gagnez du temps et de l&rsquo;\u00e9nergie avec la d\u00e9broussailleuse SIMA <strong>Cobra 45 VARIO<\/strong><\/h2>\n<p><img loading=\"lazy\" decoding=\"async\" class=\"size-full wp-image-11973 aligncenter\" src=\"https:\/\/www.simasa.com\/wp-content\/uploads\/2024\/04\/FLYER-Cobra-45-VARIO-ENG-1-.jpg\" alt=\"\" width=\"740\" height=\"1052\" srcset=\"https:\/\/www.simasa.com\/wp-content\/uploads\/2024\/04\/FLYER-Cobra-45-VARIO-ENG-1-.jpg 740w, https:\/\/www.simasa.com\/wp-content\/uploads\/2024\/04\/FLYER-Cobra-45-VARIO-ENG-1--211x300.jpg 211w, https:\/\/www.simasa.com\/wp-content\/uploads\/2024\/04\/FLYER-Cobra-45-VARIO-ENG-1--720x1024.jpg 720w, https:\/\/www.simasa.com\/wp-content\/uploads\/2024\/04\/FLYER-Cobra-45-VARIO-ENG-1--416x591.jpg 416w\" sizes=\"auto, (max-width: 740px) 100vw, 740px\" \/><\/p>\n<h2 style=\"text-align: center;\">SIMA <strong>Cobra 45 VARIO<\/strong> : puissance et pr\u00e9cision<\/h2>\n<p><img loading=\"lazy\" decoding=\"async\" class=\"size-full wp-image-11966 aligncenter\" src=\"https:\/\/www.simasa.com\/wp-content\/uploads\/2024\/04\/FLYER-Cobra-45-VARIO-ENG-2-.jpg\" alt=\"\" width=\"871\" height=\"1227\" \/><\/p>\n<p><iframe loading=\"lazy\" title=\"YouTube video player\" src=\"https:\/\/www.youtube.com\/embed\/uvQpcd-pHc0\" width=\"960\" height=\"615\" frameborder=\"0\" allowfullscreen=\"allowfullscreen\"><span data-mce-type=\"bookmark\" style=\"display: inline-block; width: 0px; overflow: hidden; line-height: 0;\" class=\"mce_SELRES_start\">\ufeff<\/span><\/iframe><\/p>\n","protected":false},"excerpt":{"rendered":"<p><strong>Elle r\u00e9alise des coupes parall\u00e8les de 5 cm et 10 cm en un seul passage<\/strong> !!! augmentez votre productivit\u00e9 et votre rentabilit\u00e9 par heure de travail.<\/p>\n","protected":false},"featured_media":11035,"comment_status":"open","ping_status":"closed","template":"","meta":{"_acf_changed":false},"product_brand":[],"product_cat":[1813,1811],"product_tag":[3706],"class_list":{"0":"post-11020","1":"product","2":"type-product","3":"status-publish","4":"has-post-thumbnail","6":"product_cat-scies-a-sol","7":"product_cat-traitement-des-sols","8":"product_tag-cortadoras-de-pavimento-fr","9":"pa_max-blade-diameter-mm-3751","10":"pa_max-cutting-depth-mm-3916","11":"pa_power-essence","13":"first","14":"instock","15":"shipping-taxable","16":"product-type-simple"},"acf":[],"yoast_head":"<!-- This site is optimized with the Yoast SEO plugin v27.2 - https:\/\/yoast.com\/product\/yoast-seo-wordpress\/ -->\n<title>Cortadoras de Pavimento - COBRA 45 VARIO | Sima<\/title>\n<meta name=\"description\" content=\"COBRA 45 VARIO. Elle r\u00e9alise des coupes parall\u00e8les de 5 cm et 10 cm en un seul passage !!! augmentez votre productivit\u00e9 et votre rentabilit\u00e9 par heure de travail.\" \/>\n<meta name=\"robots\" content=\"noindex, follow\" \/>\n<meta property=\"og:locale\" content=\"fr_FR\" \/>\n<meta property=\"og:type\" content=\"article\" \/>\n<meta property=\"og:title\" content=\"Cortadoras de Pavimento - COBRA 45 VARIO | Sima\" \/>\n<meta property=\"og:description\" content=\"COBRA 45 VARIO. Elle r\u00e9alise des coupes parall\u00e8les de 5 cm et 10 cm en un seul passage !!! augmentez votre productivit\u00e9 et votre rentabilit\u00e9 par heure de travail.\" \/>\n<meta property=\"og:url\" content=\"https:\/\/www.simasa.com\/fr\/producto\/cobra-45-vario\/\" \/>\n<meta property=\"og:site_name\" content=\"Sima\" \/>\n<meta property=\"article:modified_time\" content=\"2024-04-12T09:32:05+00:00\" \/>\n<meta property=\"og:image\" content=\"https:\/\/www.simasa.com\/wp-content\/uploads\/2023\/03\/Cobra-45-PRO-VARIO.jpg\" \/>\n\t<meta property=\"og:image:width\" content=\"2246\" \/>\n\t<meta property=\"og:image:height\" content=\"2246\" \/>\n\t<meta property=\"og:image:type\" content=\"image\/jpeg\" \/>\n<meta name=\"twitter:card\" content=\"summary_large_image\" \/>\n<meta name=\"twitter:label1\" content=\"Dur\u00e9e de lecture estim\u00e9e\" \/>\n\t<meta name=\"twitter:data1\" content=\"1 minute\" \/>\n<script type=\"application\/ld+json\" class=\"yoast-schema-graph\">{\"@context\":\"https:\/\/schema.org\",\"@graph\":[{\"@type\":\"WebPage\",\"@id\":\"https:\/\/www.simasa.com\/fr\/producto\/cobra-45-vario\/\",\"url\":\"https:\/\/www.simasa.com\/fr\/producto\/cobra-45-vario\/\",\"name\":\"Cortadoras de Pavimento - COBRA 45 VARIO | Sima\",\"isPartOf\":{\"@id\":\"https:\/\/www.simasa.com\/fr\/#website\"},\"primaryImageOfPage\":{\"@id\":\"https:\/\/www.simasa.com\/fr\/producto\/cobra-45-vario\/#primaryimage\"},\"image\":{\"@id\":\"https:\/\/www.simasa.com\/fr\/producto\/cobra-45-vario\/#primaryimage\"},\"thumbnailUrl\":\"https:\/\/www.simasa.com\/wp-content\/uploads\/2023\/03\/Cobra-45-PRO-VARIO.jpg\",\"datePublished\":\"2023-03-15T14:53:38+00:00\",\"dateModified\":\"2024-04-12T09:32:05+00:00\",\"description\":\"COBRA 45 VARIO. Elle r\u00e9alise des coupes parall\u00e8les de 5 cm et 10 cm en un seul passage !!! augmentez votre productivit\u00e9 et votre rentabilit\u00e9 par heure de travail.\",\"breadcrumb\":{\"@id\":\"https:\/\/www.simasa.com\/fr\/producto\/cobra-45-vario\/#breadcrumb\"},\"inLanguage\":\"fr-FR\",\"potentialAction\":[{\"@type\":\"ReadAction\",\"target\":[\"https:\/\/www.simasa.com\/fr\/producto\/cobra-45-vario\/\"]}]},{\"@type\":\"ImageObject\",\"inLanguage\":\"fr-FR\",\"@id\":\"https:\/\/www.simasa.com\/fr\/producto\/cobra-45-vario\/#primaryimage\",\"url\":\"https:\/\/www.simasa.com\/wp-content\/uploads\/2023\/03\/Cobra-45-PRO-VARIO.jpg\",\"contentUrl\":\"https:\/\/www.simasa.com\/wp-content\/uploads\/2023\/03\/Cobra-45-PRO-VARIO.jpg\",\"width\":2246,\"height\":2246},{\"@type\":\"BreadcrumbList\",\"@id\":\"https:\/\/www.simasa.com\/fr\/producto\/cobra-45-vario\/#breadcrumb\",\"itemListElement\":[{\"@type\":\"ListItem\",\"position\":1,\"name\":\"Inicio\",\"item\":\"https:\/\/www.simasa.com\/fr\/\"},{\"@type\":\"ListItem\",\"position\":2,\"name\":\"Catalogue\",\"item\":\"https:\/\/www.simasa.com\/cat-sima\/\"},{\"@type\":\"ListItem\",\"position\":3,\"name\":\"COBRA 45 VARIO\"}]},{\"@type\":\"WebSite\",\"@id\":\"https:\/\/www.simasa.com\/fr\/#website\",\"url\":\"https:\/\/www.simasa.com\/fr\/\",\"name\":\"Sima\",\"description\":\"Fabricantes de maquinaria para la construcci\u00f3n\",\"publisher\":{\"@id\":\"https:\/\/www.simasa.com\/fr\/#organization\"},\"potentialAction\":[{\"@type\":\"SearchAction\",\"target\":{\"@type\":\"EntryPoint\",\"urlTemplate\":\"https:\/\/www.simasa.com\/fr\/?s={search_term_string}\"},\"query-input\":{\"@type\":\"PropertyValueSpecification\",\"valueRequired\":true,\"valueName\":\"search_term_string\"}}],\"inLanguage\":\"fr-FR\"},{\"@type\":\"Organization\",\"@id\":\"https:\/\/www.simasa.com\/fr\/#organization\",\"name\":\"Sima\",\"url\":\"https:\/\/www.simasa.com\/fr\/\",\"logo\":{\"@type\":\"ImageObject\",\"inLanguage\":\"fr-FR\",\"@id\":\"https:\/\/www.simasa.com\/fr\/#\/schema\/logo\/image\/\",\"url\":\"https:\/\/www.simasa.com\/wp-content\/uploads\/2016\/03\/logo-1.jpg\",\"contentUrl\":\"https:\/\/www.simasa.com\/wp-content\/uploads\/2016\/03\/logo-1.jpg\",\"width\":121,\"height\":54,\"caption\":\"Sima\"},\"image\":{\"@id\":\"https:\/\/www.simasa.com\/fr\/#\/schema\/logo\/image\/\"}}]}<\/script>\n<!-- \/ Yoast SEO plugin. -->","yoast_head_json":{"title":"Cortadoras de Pavimento - COBRA 45 VARIO | Sima","description":"COBRA 45 VARIO. Elle r\u00e9alise des coupes parall\u00e8les de 5 cm et 10 cm en un seul passage !!! augmentez votre productivit\u00e9 et votre rentabilit\u00e9 par heure de travail.","robots":{"index":"noindex","follow":"follow"},"og_locale":"fr_FR","og_type":"article","og_title":"Cortadoras de Pavimento - COBRA 45 VARIO | Sima","og_description":"COBRA 45 VARIO. Elle r\u00e9alise des coupes parall\u00e8les de 5 cm et 10 cm en un seul passage !!! augmentez votre productivit\u00e9 et votre rentabilit\u00e9 par heure de travail.","og_url":"https:\/\/www.simasa.com\/fr\/producto\/cobra-45-vario\/","og_site_name":"Sima","article_modified_time":"2024-04-12T09:32:05+00:00","og_image":[{"width":2246,"height":2246,"url":"https:\/\/www.simasa.com\/wp-content\/uploads\/2023\/03\/Cobra-45-PRO-VARIO.jpg","type":"image\/jpeg"}],"twitter_card":"summary_large_image","twitter_misc":{"Dur\u00e9e de lecture estim\u00e9e":"1 minute"},"schema":{"@context":"https:\/\/schema.org","@graph":[{"@type":"WebPage","@id":"https:\/\/www.simasa.com\/fr\/producto\/cobra-45-vario\/","url":"https:\/\/www.simasa.com\/fr\/producto\/cobra-45-vario\/","name":"Cortadoras de Pavimento - COBRA 45 VARIO | Sima","isPartOf":{"@id":"https:\/\/www.simasa.com\/fr\/#website"},"primaryImageOfPage":{"@id":"https:\/\/www.simasa.com\/fr\/producto\/cobra-45-vario\/#primaryimage"},"image":{"@id":"https:\/\/www.simasa.com\/fr\/producto\/cobra-45-vario\/#primaryimage"},"thumbnailUrl":"https:\/\/www.simasa.com\/wp-content\/uploads\/2023\/03\/Cobra-45-PRO-VARIO.jpg","datePublished":"2023-03-15T14:53:38+00:00","dateModified":"2024-04-12T09:32:05+00:00","description":"COBRA 45 VARIO. Elle r\u00e9alise des coupes parall\u00e8les de 5 cm et 10 cm en un seul passage !!! augmentez votre productivit\u00e9 et votre rentabilit\u00e9 par heure de travail.","breadcrumb":{"@id":"https:\/\/www.simasa.com\/fr\/producto\/cobra-45-vario\/#breadcrumb"},"inLanguage":"fr-FR","potentialAction":[{"@type":"ReadAction","target":["https:\/\/www.simasa.com\/fr\/producto\/cobra-45-vario\/"]}]},{"@type":"ImageObject","inLanguage":"fr-FR","@id":"https:\/\/www.simasa.com\/fr\/producto\/cobra-45-vario\/#primaryimage","url":"https:\/\/www.simasa.com\/wp-content\/uploads\/2023\/03\/Cobra-45-PRO-VARIO.jpg","contentUrl":"https:\/\/www.simasa.com\/wp-content\/uploads\/2023\/03\/Cobra-45-PRO-VARIO.jpg","width":2246,"height":2246},{"@type":"BreadcrumbList","@id":"https:\/\/www.simasa.com\/fr\/producto\/cobra-45-vario\/#breadcrumb","itemListElement":[{"@type":"ListItem","position":1,"name":"Inicio","item":"https:\/\/www.simasa.com\/fr\/"},{"@type":"ListItem","position":2,"name":"Catalogue","item":"https:\/\/www.simasa.com\/cat-sima\/"},{"@type":"ListItem","position":3,"name":"COBRA 45 VARIO"}]},{"@type":"WebSite","@id":"https:\/\/www.simasa.com\/fr\/#website","url":"https:\/\/www.simasa.com\/fr\/","name":"Sima","description":"Fabricantes de maquinaria para la construcci\u00f3n","publisher":{"@id":"https:\/\/www.simasa.com\/fr\/#organization"},"potentialAction":[{"@type":"SearchAction","target":{"@type":"EntryPoint","urlTemplate":"https:\/\/www.simasa.com\/fr\/?s={search_term_string}"},"query-input":{"@type":"PropertyValueSpecification","valueRequired":true,"valueName":"search_term_string"}}],"inLanguage":"fr-FR"},{"@type":"Organization","@id":"https:\/\/www.simasa.com\/fr\/#organization","name":"Sima","url":"https:\/\/www.simasa.com\/fr\/","logo":{"@type":"ImageObject","inLanguage":"fr-FR","@id":"https:\/\/www.simasa.com\/fr\/#\/schema\/logo\/image\/","url":"https:\/\/www.simasa.com\/wp-content\/uploads\/2016\/03\/logo-1.jpg","contentUrl":"https:\/\/www.simasa.com\/wp-content\/uploads\/2016\/03\/logo-1.jpg","width":121,"height":54,"caption":"Sima"},"image":{"@id":"https:\/\/www.simasa.com\/fr\/#\/schema\/logo\/image\/"}}]}},"_links":{"self":[{"href":"https:\/\/www.simasa.com\/fr\/wp-json\/wp\/v2\/product\/11020","targetHints":{"allow":["GET"]}}],"collection":[{"href":"https:\/\/www.simasa.com\/fr\/wp-json\/wp\/v2\/product"}],"about":[{"href":"https:\/\/www.simasa.com\/fr\/wp-json\/wp\/v2\/types\/product"}],"replies":[{"embeddable":true,"href":"https:\/\/www.simasa.com\/fr\/wp-json\/wp\/v2\/comments?post=11020"}],"wp:featuredmedia":[{"embeddable":true,"href":"https:\/\/www.simasa.com\/fr\/wp-json\/wp\/v2\/media\/11035"}],"wp:attachment":[{"href":"https:\/\/www.simasa.com\/fr\/wp-json\/wp\/v2\/media?parent=11020"}],"wp:term":[{"taxonomy":"product_brand","embeddable":true,"href":"https:\/\/www.simasa.com\/fr\/wp-json\/wp\/v2\/product_brand?post=11020"},{"taxonomy":"product_cat","embeddable":true,"href":"https:\/\/www.simasa.com\/fr\/wp-json\/wp\/v2\/product_cat?post=11020"},{"taxonomy":"product_tag","embeddable":true,"href":"https:\/\/www.simasa.com\/fr\/wp-json\/wp\/v2\/product_tag?post=11020"}],"curies":[{"name":"wp","href":"https:\/\/api.w.org\/{rel}","templated":true}]}}