{"id":10966,"date":"2023-03-10T14:44:51","date_gmt":"2023-03-10T13:44:51","guid":{"rendered":"https:\/\/www.simasa.com\/?post_type=product&#038;p=10966"},"modified":"2024-04-12T10:54:58","modified_gmt":"2024-04-12T08:54:58","slug":"cobra-45-pro","status":"publish","type":"product","link":"https:\/\/www.simasa.com\/fr\/producto\/cobra-45-pro\/","title":{"rendered":"COBRA 45 PRO"},"content":{"rendered":"<p>La d\u00e9broussailleuse de chauss\u00e9e SIMA <strong>Cobra 45 PRO<\/strong> permet une <strong>coupe de chauss\u00e9e efficace et de haute pr\u00e9cision<\/strong>. Avec son moteur essence Honda GX390 CYC de 13 ch pour des lames diamant\u00e9es jusqu&rsquo;\u00e0 500 mm de diam\u00e8tre, vous pouvez couper n&rsquo;importe quel type de chauss\u00e9e, qu&rsquo;il s&rsquo;agisse d&rsquo;asphalte ou de b\u00e9ton, avec facilit\u00e9 et rapidit\u00e9.<\/p>\n<p>La SIMA <strong>Cobra 45 PRO<\/strong> est con\u00e7ue pour une <strong>durabilit\u00e9<\/strong> et <strong>des performances maximales<\/strong> gr\u00e2ce \u00e0 sa construction robuste et ses mat\u00e9riaux de haute qualit\u00e9. Son syst\u00e8me de refroidissement par eau assure une utilisation continue et prolong\u00e9e sans surchauffe. De plus, son guidon r\u00e9glable vous permet de travailler confortablement dans diff\u00e9rentes positions.<\/p>\n<p>Avec la d\u00e9broussailleuse SIMA <strong>Cobra 45 PRO<\/strong>, vous pouvez r\u00e9aliser des coupes pr\u00e9cises et uniformes sur n&rsquo;importe quel chantier, que ce soit pour la cr\u00e9ation de joints de dilatation, l&rsquo;installation de tuyaux et de c\u00e2bles, ou toute autre application n\u00e9cessitant une coupe nette et efficace.<br \/>\n&nbsp;<\/p>\n<p><img loading=\"lazy\" decoding=\"async\" class=\"size-full wp-image-11936 aligncenter\" src=\"https:\/\/www.simasa.com\/wp-content\/uploads\/2024\/04\/FLYER-Cobra-45-PRO-ENG-1-1-2.jpg\" alt=\"\" width=\"746\" height=\"1042\" srcset=\"https:\/\/www.simasa.com\/wp-content\/uploads\/2024\/04\/FLYER-Cobra-45-PRO-ENG-1-1-2.jpg 746w, https:\/\/www.simasa.com\/wp-content\/uploads\/2024\/04\/FLYER-Cobra-45-PRO-ENG-1-1-2-215x300.jpg 215w, https:\/\/www.simasa.com\/wp-content\/uploads\/2024\/04\/FLYER-Cobra-45-PRO-ENG-1-1-2-733x1024.jpg 733w, https:\/\/www.simasa.com\/wp-content\/uploads\/2024\/04\/FLYER-Cobra-45-PRO-ENG-1-1-2-416x581.jpg 416w\" sizes=\"auto, (max-width: 746px) 100vw, 746px\" \/><br \/>\n<img loading=\"lazy\" decoding=\"async\" class=\"size-full wp-image-11940 aligncenter\" src=\"https:\/\/www.simasa.com\/wp-content\/uploads\/2024\/04\/FLYER-Cobra-45-PRO-ENG-2-1-2.jpg\" alt=\"\" width=\"742\" height=\"1051\" srcset=\"https:\/\/www.simasa.com\/wp-content\/uploads\/2024\/04\/FLYER-Cobra-45-PRO-ENG-2-1-2.jpg 742w, https:\/\/www.simasa.com\/wp-content\/uploads\/2024\/04\/FLYER-Cobra-45-PRO-ENG-2-1-2-212x300.jpg 212w, https:\/\/www.simasa.com\/wp-content\/uploads\/2024\/04\/FLYER-Cobra-45-PRO-ENG-2-1-2-723x1024.jpg 723w, https:\/\/www.simasa.com\/wp-content\/uploads\/2024\/04\/FLYER-Cobra-45-PRO-ENG-2-1-2-416x589.jpg 416w\" sizes=\"auto, (max-width: 742px) 100vw, 742px\" \/><\/p>\n<p>&nbsp;<\/p>\n<p><iframe loading=\"lazy\" title=\"YouTube video player\" src=\"https:\/\/www.youtube.com\/embed\/uvQpcd-pHc0\" width=\"960\" height=\"615\" frameborder=\"0\" allowfullscreen=\"allowfullscreen\"><span data-mce-type=\"bookmark\" style=\"display: inline-block; width: 0px; overflow: hidden; line-height: 0;\" class=\"mce_SELRES_start\">\ufeff<\/span><\/iframe><\/p>\n","protected":false},"excerpt":{"rendered":"<p>La d\u00e9broussailleuse de chauss\u00e9e SIMA <strong>Cobra 45 PRO<\/strong> permet une <strong>coupe de chauss\u00e9e efficace et de haute pr\u00e9cision<\/strong>.<\/p>\n","protected":false},"featured_media":11877,"comment_status":"open","ping_status":"closed","template":"","meta":{"_acf_changed":false},"product_brand":[],"product_cat":[1813,1811],"product_tag":[3706],"class_list":{"0":"post-10966","1":"product","2":"type-product","3":"status-publish","4":"has-post-thumbnail","6":"product_cat-scies-a-sol","7":"product_cat-traitement-des-sols","8":"product_tag-cortadoras-de-pavimento-fr","9":"pa_max-blade-diameter-mm-3751","10":"pa_max-cutting-depth-mm-3916","11":"pa_power-essence","13":"first","14":"instock","15":"shipping-taxable","16":"product-type-simple"},"acf":[],"yoast_head":"<!-- This site is optimized with the Yoast SEO plugin v27.2 - https:\/\/yoast.com\/product\/yoast-seo-wordpress\/ -->\n<title>Cortadoras de Pavimento - COBRA 45 PRO | Sima<\/title>\n<meta name=\"description\" content=\"COBRA 45 PRO. La d\u00e9broussailleuse de chauss\u00e9e SIMA Cobra 45 PRO permet une coupe de chauss\u00e9e efficace et de haute pr\u00e9cision.\" \/>\n<meta name=\"robots\" content=\"noindex, follow\" \/>\n<meta property=\"og:locale\" content=\"fr_FR\" \/>\n<meta property=\"og:type\" content=\"article\" \/>\n<meta property=\"og:title\" content=\"Cortadoras de Pavimento - COBRA 45 PRO | Sima\" \/>\n<meta property=\"og:description\" content=\"COBRA 45 PRO. La d\u00e9broussailleuse de chauss\u00e9e SIMA Cobra 45 PRO permet une coupe de chauss\u00e9e efficace et de haute pr\u00e9cision.\" \/>\n<meta property=\"og:url\" content=\"https:\/\/www.simasa.com\/fr\/producto\/cobra-45-pro\/\" \/>\n<meta property=\"og:site_name\" content=\"Sima\" \/>\n<meta property=\"article:modified_time\" content=\"2024-04-12T08:54:58+00:00\" \/>\n<meta property=\"og:image\" content=\"https:\/\/www.simasa.com\/wp-content\/uploads\/2024\/04\/Cobra-45-pro-proteccion-chapa-01.jpg\" \/>\n\t<meta property=\"og:image:width\" content=\"2544\" \/>\n\t<meta property=\"og:image:height\" content=\"2544\" \/>\n\t<meta property=\"og:image:type\" content=\"image\/jpeg\" \/>\n<meta name=\"twitter:card\" content=\"summary_large_image\" \/>\n<meta name=\"twitter:label1\" content=\"Dur\u00e9e de lecture estim\u00e9e\" \/>\n\t<meta name=\"twitter:data1\" content=\"2 minutes\" \/>\n<script type=\"application\/ld+json\" class=\"yoast-schema-graph\">{\"@context\":\"https:\/\/schema.org\",\"@graph\":[{\"@type\":\"WebPage\",\"@id\":\"https:\/\/www.simasa.com\/fr\/producto\/cobra-45-pro\/\",\"url\":\"https:\/\/www.simasa.com\/fr\/producto\/cobra-45-pro\/\",\"name\":\"Cortadoras de Pavimento - COBRA 45 PRO | Sima\",\"isPartOf\":{\"@id\":\"https:\/\/www.simasa.com\/fr\/#website\"},\"primaryImageOfPage\":{\"@id\":\"https:\/\/www.simasa.com\/fr\/producto\/cobra-45-pro\/#primaryimage\"},\"image\":{\"@id\":\"https:\/\/www.simasa.com\/fr\/producto\/cobra-45-pro\/#primaryimage\"},\"thumbnailUrl\":\"https:\/\/www.simasa.com\/wp-content\/uploads\/2024\/04\/Cobra-45-pro-proteccion-chapa-01.jpg\",\"datePublished\":\"2023-03-10T13:44:51+00:00\",\"dateModified\":\"2024-04-12T08:54:58+00:00\",\"description\":\"COBRA 45 PRO. La d\u00e9broussailleuse de chauss\u00e9e SIMA Cobra 45 PRO permet une coupe de chauss\u00e9e efficace et de haute pr\u00e9cision.\",\"breadcrumb\":{\"@id\":\"https:\/\/www.simasa.com\/fr\/producto\/cobra-45-pro\/#breadcrumb\"},\"inLanguage\":\"fr-FR\",\"potentialAction\":[{\"@type\":\"ReadAction\",\"target\":[\"https:\/\/www.simasa.com\/fr\/producto\/cobra-45-pro\/\"]}]},{\"@type\":\"ImageObject\",\"inLanguage\":\"fr-FR\",\"@id\":\"https:\/\/www.simasa.com\/fr\/producto\/cobra-45-pro\/#primaryimage\",\"url\":\"https:\/\/www.simasa.com\/wp-content\/uploads\/2024\/04\/Cobra-45-pro-proteccion-chapa-01.jpg\",\"contentUrl\":\"https:\/\/www.simasa.com\/wp-content\/uploads\/2024\/04\/Cobra-45-pro-proteccion-chapa-01.jpg\",\"width\":2544,\"height\":2544},{\"@type\":\"BreadcrumbList\",\"@id\":\"https:\/\/www.simasa.com\/fr\/producto\/cobra-45-pro\/#breadcrumb\",\"itemListElement\":[{\"@type\":\"ListItem\",\"position\":1,\"name\":\"Inicio\",\"item\":\"https:\/\/www.simasa.com\/fr\/\"},{\"@type\":\"ListItem\",\"position\":2,\"name\":\"Catalogue\",\"item\":\"https:\/\/www.simasa.com\/cat-sima\/\"},{\"@type\":\"ListItem\",\"position\":3,\"name\":\"COBRA 45 PRO\"}]},{\"@type\":\"WebSite\",\"@id\":\"https:\/\/www.simasa.com\/fr\/#website\",\"url\":\"https:\/\/www.simasa.com\/fr\/\",\"name\":\"Sima\",\"description\":\"Fabricantes de maquinaria para la construcci\u00f3n\",\"publisher\":{\"@id\":\"https:\/\/www.simasa.com\/fr\/#organization\"},\"potentialAction\":[{\"@type\":\"SearchAction\",\"target\":{\"@type\":\"EntryPoint\",\"urlTemplate\":\"https:\/\/www.simasa.com\/fr\/?s={search_term_string}\"},\"query-input\":{\"@type\":\"PropertyValueSpecification\",\"valueRequired\":true,\"valueName\":\"search_term_string\"}}],\"inLanguage\":\"fr-FR\"},{\"@type\":\"Organization\",\"@id\":\"https:\/\/www.simasa.com\/fr\/#organization\",\"name\":\"Sima\",\"url\":\"https:\/\/www.simasa.com\/fr\/\",\"logo\":{\"@type\":\"ImageObject\",\"inLanguage\":\"fr-FR\",\"@id\":\"https:\/\/www.simasa.com\/fr\/#\/schema\/logo\/image\/\",\"url\":\"https:\/\/www.simasa.com\/wp-content\/uploads\/2016\/03\/logo-1.jpg\",\"contentUrl\":\"https:\/\/www.simasa.com\/wp-content\/uploads\/2016\/03\/logo-1.jpg\",\"width\":121,\"height\":54,\"caption\":\"Sima\"},\"image\":{\"@id\":\"https:\/\/www.simasa.com\/fr\/#\/schema\/logo\/image\/\"}}]}<\/script>\n<!-- \/ Yoast SEO plugin. -->","yoast_head_json":{"title":"Cortadoras de Pavimento - COBRA 45 PRO | Sima","description":"COBRA 45 PRO. La d\u00e9broussailleuse de chauss\u00e9e SIMA Cobra 45 PRO permet une coupe de chauss\u00e9e efficace et de haute pr\u00e9cision.","robots":{"index":"noindex","follow":"follow"},"og_locale":"fr_FR","og_type":"article","og_title":"Cortadoras de Pavimento - COBRA 45 PRO | Sima","og_description":"COBRA 45 PRO. La d\u00e9broussailleuse de chauss\u00e9e SIMA Cobra 45 PRO permet une coupe de chauss\u00e9e efficace et de haute pr\u00e9cision.","og_url":"https:\/\/www.simasa.com\/fr\/producto\/cobra-45-pro\/","og_site_name":"Sima","article_modified_time":"2024-04-12T08:54:58+00:00","og_image":[{"width":2544,"height":2544,"url":"https:\/\/www.simasa.com\/wp-content\/uploads\/2024\/04\/Cobra-45-pro-proteccion-chapa-01.jpg","type":"image\/jpeg"}],"twitter_card":"summary_large_image","twitter_misc":{"Dur\u00e9e de lecture estim\u00e9e":"2 minutes"},"schema":{"@context":"https:\/\/schema.org","@graph":[{"@type":"WebPage","@id":"https:\/\/www.simasa.com\/fr\/producto\/cobra-45-pro\/","url":"https:\/\/www.simasa.com\/fr\/producto\/cobra-45-pro\/","name":"Cortadoras de Pavimento - COBRA 45 PRO | Sima","isPartOf":{"@id":"https:\/\/www.simasa.com\/fr\/#website"},"primaryImageOfPage":{"@id":"https:\/\/www.simasa.com\/fr\/producto\/cobra-45-pro\/#primaryimage"},"image":{"@id":"https:\/\/www.simasa.com\/fr\/producto\/cobra-45-pro\/#primaryimage"},"thumbnailUrl":"https:\/\/www.simasa.com\/wp-content\/uploads\/2024\/04\/Cobra-45-pro-proteccion-chapa-01.jpg","datePublished":"2023-03-10T13:44:51+00:00","dateModified":"2024-04-12T08:54:58+00:00","description":"COBRA 45 PRO. La d\u00e9broussailleuse de chauss\u00e9e SIMA Cobra 45 PRO permet une coupe de chauss\u00e9e efficace et de haute pr\u00e9cision.","breadcrumb":{"@id":"https:\/\/www.simasa.com\/fr\/producto\/cobra-45-pro\/#breadcrumb"},"inLanguage":"fr-FR","potentialAction":[{"@type":"ReadAction","target":["https:\/\/www.simasa.com\/fr\/producto\/cobra-45-pro\/"]}]},{"@type":"ImageObject","inLanguage":"fr-FR","@id":"https:\/\/www.simasa.com\/fr\/producto\/cobra-45-pro\/#primaryimage","url":"https:\/\/www.simasa.com\/wp-content\/uploads\/2024\/04\/Cobra-45-pro-proteccion-chapa-01.jpg","contentUrl":"https:\/\/www.simasa.com\/wp-content\/uploads\/2024\/04\/Cobra-45-pro-proteccion-chapa-01.jpg","width":2544,"height":2544},{"@type":"BreadcrumbList","@id":"https:\/\/www.simasa.com\/fr\/producto\/cobra-45-pro\/#breadcrumb","itemListElement":[{"@type":"ListItem","position":1,"name":"Inicio","item":"https:\/\/www.simasa.com\/fr\/"},{"@type":"ListItem","position":2,"name":"Catalogue","item":"https:\/\/www.simasa.com\/cat-sima\/"},{"@type":"ListItem","position":3,"name":"COBRA 45 PRO"}]},{"@type":"WebSite","@id":"https:\/\/www.simasa.com\/fr\/#website","url":"https:\/\/www.simasa.com\/fr\/","name":"Sima","description":"Fabricantes de maquinaria para la construcci\u00f3n","publisher":{"@id":"https:\/\/www.simasa.com\/fr\/#organization"},"potentialAction":[{"@type":"SearchAction","target":{"@type":"EntryPoint","urlTemplate":"https:\/\/www.simasa.com\/fr\/?s={search_term_string}"},"query-input":{"@type":"PropertyValueSpecification","valueRequired":true,"valueName":"search_term_string"}}],"inLanguage":"fr-FR"},{"@type":"Organization","@id":"https:\/\/www.simasa.com\/fr\/#organization","name":"Sima","url":"https:\/\/www.simasa.com\/fr\/","logo":{"@type":"ImageObject","inLanguage":"fr-FR","@id":"https:\/\/www.simasa.com\/fr\/#\/schema\/logo\/image\/","url":"https:\/\/www.simasa.com\/wp-content\/uploads\/2016\/03\/logo-1.jpg","contentUrl":"https:\/\/www.simasa.com\/wp-content\/uploads\/2016\/03\/logo-1.jpg","width":121,"height":54,"caption":"Sima"},"image":{"@id":"https:\/\/www.simasa.com\/fr\/#\/schema\/logo\/image\/"}}]}},"_links":{"self":[{"href":"https:\/\/www.simasa.com\/fr\/wp-json\/wp\/v2\/product\/10966","targetHints":{"allow":["GET"]}}],"collection":[{"href":"https:\/\/www.simasa.com\/fr\/wp-json\/wp\/v2\/product"}],"about":[{"href":"https:\/\/www.simasa.com\/fr\/wp-json\/wp\/v2\/types\/product"}],"replies":[{"embeddable":true,"href":"https:\/\/www.simasa.com\/fr\/wp-json\/wp\/v2\/comments?post=10966"}],"wp:featuredmedia":[{"embeddable":true,"href":"https:\/\/www.simasa.com\/fr\/wp-json\/wp\/v2\/media\/11877"}],"wp:attachment":[{"href":"https:\/\/www.simasa.com\/fr\/wp-json\/wp\/v2\/media?parent=10966"}],"wp:term":[{"taxonomy":"product_brand","embeddable":true,"href":"https:\/\/www.simasa.com\/fr\/wp-json\/wp\/v2\/product_brand?post=10966"},{"taxonomy":"product_cat","embeddable":true,"href":"https:\/\/www.simasa.com\/fr\/wp-json\/wp\/v2\/product_cat?post=10966"},{"taxonomy":"product_tag","embeddable":true,"href":"https:\/\/www.simasa.com\/fr\/wp-json\/wp\/v2\/product_tag?post=10966"}],"curies":[{"name":"wp","href":"https:\/\/api.w.org\/{rel}","templated":true}]}}