{"id":10634,"date":"2018-10-11T08:38:37","date_gmt":"2018-10-11T08:38:37","guid":{"rendered":"https:\/\/www.simasa.com\/producto\/elite\/"},"modified":"2021-09-14T17:01:08","modified_gmt":"2021-09-14T15:01:08","slug":"elite","status":"publish","type":"product","link":"https:\/\/www.simasa.com\/fr\/producto\/elite\/","title":{"rendered":"ELITE"},"content":{"rendered":"<h3><strong>COUPER DE LA CERAMIQUE SANS POUSSIERE SI C\u00b4EST POSSIBLE<\/strong><\/h3>\n<p>LA SOLUTION IDEALE POUR POUVOIR COUPER EN INTERIEUR<\/p>\n<hr \/>\n<ul>\n<li>Convient a tout aspirateur domestique avec filtre \u00e0 eau<\/li>\n<li>Aspirateur non-inclus<\/li>\n<\/ul>\n<p>&nbsp;<\/p>\n<p><strong>Syst\u00e8me anti-poussi\u00e8re<\/strong><\/p>\n<ul>\n<li>Elimination de la poussi\u00e8re durant la coupe \u00e0 95%.<\/li>\n<li>Permet de couper en int\u00e9rieur sans trop salir et en gagnant du temps.<\/li>\n<li>Se distingue pour sa rapidit\u00e9e et propret\u00e9e<\/li>\n<\/ul>\n<p>&nbsp;<\/p>\n<p><strong>Coupe \u00e0 45\u00b0, fen\u00eatres et rainures<\/strong><\/p>\n<p>La machine la plus polyvalente du march\u00e9<\/p>\n<p>La descente de la t\u00eate de coupe combin\u00e9e au guidage lin\u00e9aire de celle-ci permet de r\u00e9aliser des trous, des fen\u00eatres et des rainures avec une finition d\u00b4une grande qualit\u00e9e, sans utiliser d\u00b4autres outils<\/p>\n<p><strong>Bras d\u00b4appui antirenversement<\/strong><\/p>\n<ul>\n<li>Bras pliables et extensibles pour les pi\u00e8ces de grande longueur<\/li>\n<li>Peut \u00eatre utilis\u00e9 quand la machine est au sol ou sur les chevalets<\/li>\n<li>Coulissant autoblocant antirenversement<\/li>\n<\/ul>\n<p><a href=\"https:\/\/www.simasa.com\/wp-content\/uploads\/2018\/10\/Elite-FR-3.jpg\"><img loading=\"lazy\" decoding=\"async\" class=\"alignnone size-full wp-image-10644\" src=\"https:\/\/www.simasa.com\/wp-content\/uploads\/2018\/10\/Elite-FR-3.jpg\" alt=\"\" width=\"845\" height=\"650\" srcset=\"https:\/\/www.simasa.com\/wp-content\/uploads\/2018\/10\/Elite-FR-3.jpg 845w, https:\/\/www.simasa.com\/wp-content\/uploads\/2018\/10\/Elite-FR-3-300x231.jpg 300w, https:\/\/www.simasa.com\/wp-content\/uploads\/2018\/10\/Elite-FR-3-768x591.jpg 768w, https:\/\/www.simasa.com\/wp-content\/uploads\/2018\/10\/Elite-FR-3-416x320.jpg 416w\" sizes=\"auto, (max-width: 845px) 100vw, 845px\" \/><\/a><a href=\"https:\/\/www.simasa.com\/wp-content\/uploads\/2018\/10\/Elite-FR-1-1.jpg\"><img loading=\"lazy\" decoding=\"async\" class=\"alignnone size-full wp-image-10652\" src=\"https:\/\/www.simasa.com\/wp-content\/uploads\/2018\/10\/Elite-FR-1-1.jpg\" alt=\"\" width=\"853\" height=\"551\" srcset=\"https:\/\/www.simasa.com\/wp-content\/uploads\/2018\/10\/Elite-FR-1-1.jpg 853w, https:\/\/www.simasa.com\/wp-content\/uploads\/2018\/10\/Elite-FR-1-1-300x194.jpg 300w, https:\/\/www.simasa.com\/wp-content\/uploads\/2018\/10\/Elite-FR-1-1-768x496.jpg 768w, https:\/\/www.simasa.com\/wp-content\/uploads\/2018\/10\/Elite-FR-1-1-416x269.jpg 416w\" sizes=\"auto, (max-width: 853px) 100vw, 853px\" \/><\/a><\/p>\n<p>&nbsp;<\/p>\n<p>&nbsp;<\/p>\n<p><iframe loading=\"lazy\" src=\"https:\/\/www.youtube.com\/embed\/Mj9xt3FHPIo\" width=\"945\" height=\"540\" frameborder=\"0\" allowfullscreen=\"allowfullscreen\"><\/iframe><\/p>\n<p>&nbsp;<\/p>\n","protected":false},"excerpt":{"rendered":"<p>SIMA <strong>ELITE<\/strong> la Solution Ideale Pour Pouvoir Couper en Interieur<\/p>\n","protected":false},"featured_media":10636,"comment_status":"open","ping_status":"closed","template":"","meta":{"_acf_changed":false},"product_brand":[],"product_cat":[1792],"product_tag":[],"class_list":{"0":"post-10634","1":"product","2":"type-product","3":"status-publish","4":"has-post-thumbnail","6":"product_cat-scies-de-carrelage-portables","7":"pa_45-cutting-oui-45-cutting-fr","8":"pa_max-blade-diameter-mm-3771","9":"pa_max-cutting-depth-mm-3870","10":"pa_max-cutting-length-mm-3943","12":"first","13":"instock","14":"shipping-taxable","15":"product-type-simple"},"acf":[],"yoast_head":"<!-- This site is optimized with the Yoast SEO plugin v27.4 - https:\/\/yoast.com\/product\/yoast-seo-wordpress\/ -->\n<title>- ELITE | Sima<\/title>\n<meta name=\"description\" content=\"ELITE. SIMA ELITE la Solution Ideale Pour Pouvoir Couper en Interieur\" \/>\n<meta name=\"robots\" content=\"noindex, follow\" \/>\n<meta property=\"og:locale\" content=\"fr_FR\" \/>\n<meta property=\"og:type\" content=\"article\" \/>\n<meta property=\"og:title\" content=\"- ELITE | Sima\" \/>\n<meta property=\"og:description\" content=\"ELITE. SIMA ELITE la Solution Ideale Pour Pouvoir Couper en Interieur\" \/>\n<meta property=\"og:url\" content=\"https:\/\/www.simasa.com\/fr\/producto\/elite\/\" \/>\n<meta property=\"og:site_name\" content=\"Sima\" \/>\n<meta property=\"article:modified_time\" content=\"2021-09-14T15:01:08+00:00\" \/>\n<meta property=\"og:image\" content=\"https:\/\/www.simasa.com\/wp-content\/uploads\/2018\/10\/E867F3CCF2A4E1F1A1A400155D019702.jpg\" \/>\n\t<meta property=\"og:image:width\" content=\"2500\" \/>\n\t<meta property=\"og:image:height\" content=\"2500\" \/>\n\t<meta property=\"og:image:type\" content=\"image\/jpeg\" \/>\n<meta name=\"twitter:card\" content=\"summary_large_image\" \/>\n<meta name=\"twitter:label1\" content=\"Dur\u00e9e de lecture estim\u00e9e\" \/>\n\t<meta name=\"twitter:data1\" content=\"1 minute\" \/>\n<script type=\"application\/ld+json\" class=\"yoast-schema-graph\">{\"@context\":\"https:\\\/\\\/schema.org\",\"@graph\":[{\"@type\":\"WebPage\",\"@id\":\"https:\\\/\\\/www.simasa.com\\\/fr\\\/producto\\\/elite\\\/\",\"url\":\"https:\\\/\\\/www.simasa.com\\\/fr\\\/producto\\\/elite\\\/\",\"name\":\"- ELITE | Sima\",\"isPartOf\":{\"@id\":\"https:\\\/\\\/www.simasa.com\\\/fr\\\/#website\"},\"primaryImageOfPage\":{\"@id\":\"https:\\\/\\\/www.simasa.com\\\/fr\\\/producto\\\/elite\\\/#primaryimage\"},\"image\":{\"@id\":\"https:\\\/\\\/www.simasa.com\\\/fr\\\/producto\\\/elite\\\/#primaryimage\"},\"thumbnailUrl\":\"https:\\\/\\\/www.simasa.com\\\/wp-content\\\/uploads\\\/2018\\\/10\\\/E867F3CCF2A4E1F1A1A400155D019702.jpg\",\"datePublished\":\"2018-10-11T08:38:37+00:00\",\"dateModified\":\"2021-09-14T15:01:08+00:00\",\"description\":\"ELITE. SIMA ELITE la Solution Ideale Pour Pouvoir Couper en Interieur\",\"breadcrumb\":{\"@id\":\"https:\\\/\\\/www.simasa.com\\\/fr\\\/producto\\\/elite\\\/#breadcrumb\"},\"inLanguage\":\"fr-FR\",\"potentialAction\":[{\"@type\":\"ReadAction\",\"target\":[\"https:\\\/\\\/www.simasa.com\\\/fr\\\/producto\\\/elite\\\/\"]}]},{\"@type\":\"ImageObject\",\"inLanguage\":\"fr-FR\",\"@id\":\"https:\\\/\\\/www.simasa.com\\\/fr\\\/producto\\\/elite\\\/#primaryimage\",\"url\":\"https:\\\/\\\/www.simasa.com\\\/wp-content\\\/uploads\\\/2018\\\/10\\\/E867F3CCF2A4E1F1A1A400155D019702.jpg\",\"contentUrl\":\"https:\\\/\\\/www.simasa.com\\\/wp-content\\\/uploads\\\/2018\\\/10\\\/E867F3CCF2A4E1F1A1A400155D019702.jpg\",\"width\":2500,\"height\":2500},{\"@type\":\"BreadcrumbList\",\"@id\":\"https:\\\/\\\/www.simasa.com\\\/fr\\\/producto\\\/elite\\\/#breadcrumb\",\"itemListElement\":[{\"@type\":\"ListItem\",\"position\":1,\"name\":\"Inicio\",\"item\":\"https:\\\/\\\/www.simasa.com\\\/fr\\\/\"},{\"@type\":\"ListItem\",\"position\":2,\"name\":\"Catalogue\",\"item\":\"https:\\\/\\\/www.simasa.com\\\/cat-sima\\\/\"},{\"@type\":\"ListItem\",\"position\":3,\"name\":\"ELITE\"}]},{\"@type\":\"WebSite\",\"@id\":\"https:\\\/\\\/www.simasa.com\\\/fr\\\/#website\",\"url\":\"https:\\\/\\\/www.simasa.com\\\/fr\\\/\",\"name\":\"Sima\",\"description\":\"Fabricantes de maquinaria para la construcci\u00f3n\",\"publisher\":{\"@id\":\"https:\\\/\\\/www.simasa.com\\\/fr\\\/#organization\"},\"potentialAction\":[{\"@type\":\"SearchAction\",\"target\":{\"@type\":\"EntryPoint\",\"urlTemplate\":\"https:\\\/\\\/www.simasa.com\\\/fr\\\/?s={search_term_string}\"},\"query-input\":{\"@type\":\"PropertyValueSpecification\",\"valueRequired\":true,\"valueName\":\"search_term_string\"}}],\"inLanguage\":\"fr-FR\"},{\"@type\":\"Organization\",\"@id\":\"https:\\\/\\\/www.simasa.com\\\/fr\\\/#organization\",\"name\":\"Sima\",\"url\":\"https:\\\/\\\/www.simasa.com\\\/fr\\\/\",\"logo\":{\"@type\":\"ImageObject\",\"inLanguage\":\"fr-FR\",\"@id\":\"https:\\\/\\\/www.simasa.com\\\/fr\\\/#\\\/schema\\\/logo\\\/image\\\/\",\"url\":\"https:\\\/\\\/www.simasa.com\\\/wp-content\\\/uploads\\\/2016\\\/03\\\/logo-1.jpg\",\"contentUrl\":\"https:\\\/\\\/www.simasa.com\\\/wp-content\\\/uploads\\\/2016\\\/03\\\/logo-1.jpg\",\"width\":121,\"height\":54,\"caption\":\"Sima\"},\"image\":{\"@id\":\"https:\\\/\\\/www.simasa.com\\\/fr\\\/#\\\/schema\\\/logo\\\/image\\\/\"}}]}<\/script>\n<!-- \/ Yoast SEO plugin. -->","yoast_head_json":{"title":"- ELITE | Sima","description":"ELITE. SIMA ELITE la Solution Ideale Pour Pouvoir Couper en Interieur","robots":{"index":"noindex","follow":"follow"},"og_locale":"fr_FR","og_type":"article","og_title":"- ELITE | Sima","og_description":"ELITE. SIMA ELITE la Solution Ideale Pour Pouvoir Couper en Interieur","og_url":"https:\/\/www.simasa.com\/fr\/producto\/elite\/","og_site_name":"Sima","article_modified_time":"2021-09-14T15:01:08+00:00","og_image":[{"width":2500,"height":2500,"url":"https:\/\/www.simasa.com\/wp-content\/uploads\/2018\/10\/E867F3CCF2A4E1F1A1A400155D019702.jpg","type":"image\/jpeg"}],"twitter_card":"summary_large_image","twitter_misc":{"Dur\u00e9e de lecture estim\u00e9e":"1 minute"},"schema":{"@context":"https:\/\/schema.org","@graph":[{"@type":"WebPage","@id":"https:\/\/www.simasa.com\/fr\/producto\/elite\/","url":"https:\/\/www.simasa.com\/fr\/producto\/elite\/","name":"- ELITE | Sima","isPartOf":{"@id":"https:\/\/www.simasa.com\/fr\/#website"},"primaryImageOfPage":{"@id":"https:\/\/www.simasa.com\/fr\/producto\/elite\/#primaryimage"},"image":{"@id":"https:\/\/www.simasa.com\/fr\/producto\/elite\/#primaryimage"},"thumbnailUrl":"https:\/\/www.simasa.com\/wp-content\/uploads\/2018\/10\/E867F3CCF2A4E1F1A1A400155D019702.jpg","datePublished":"2018-10-11T08:38:37+00:00","dateModified":"2021-09-14T15:01:08+00:00","description":"ELITE. SIMA ELITE la Solution Ideale Pour Pouvoir Couper en Interieur","breadcrumb":{"@id":"https:\/\/www.simasa.com\/fr\/producto\/elite\/#breadcrumb"},"inLanguage":"fr-FR","potentialAction":[{"@type":"ReadAction","target":["https:\/\/www.simasa.com\/fr\/producto\/elite\/"]}]},{"@type":"ImageObject","inLanguage":"fr-FR","@id":"https:\/\/www.simasa.com\/fr\/producto\/elite\/#primaryimage","url":"https:\/\/www.simasa.com\/wp-content\/uploads\/2018\/10\/E867F3CCF2A4E1F1A1A400155D019702.jpg","contentUrl":"https:\/\/www.simasa.com\/wp-content\/uploads\/2018\/10\/E867F3CCF2A4E1F1A1A400155D019702.jpg","width":2500,"height":2500},{"@type":"BreadcrumbList","@id":"https:\/\/www.simasa.com\/fr\/producto\/elite\/#breadcrumb","itemListElement":[{"@type":"ListItem","position":1,"name":"Inicio","item":"https:\/\/www.simasa.com\/fr\/"},{"@type":"ListItem","position":2,"name":"Catalogue","item":"https:\/\/www.simasa.com\/cat-sima\/"},{"@type":"ListItem","position":3,"name":"ELITE"}]},{"@type":"WebSite","@id":"https:\/\/www.simasa.com\/fr\/#website","url":"https:\/\/www.simasa.com\/fr\/","name":"Sima","description":"Fabricantes de maquinaria para la construcci\u00f3n","publisher":{"@id":"https:\/\/www.simasa.com\/fr\/#organization"},"potentialAction":[{"@type":"SearchAction","target":{"@type":"EntryPoint","urlTemplate":"https:\/\/www.simasa.com\/fr\/?s={search_term_string}"},"query-input":{"@type":"PropertyValueSpecification","valueRequired":true,"valueName":"search_term_string"}}],"inLanguage":"fr-FR"},{"@type":"Organization","@id":"https:\/\/www.simasa.com\/fr\/#organization","name":"Sima","url":"https:\/\/www.simasa.com\/fr\/","logo":{"@type":"ImageObject","inLanguage":"fr-FR","@id":"https:\/\/www.simasa.com\/fr\/#\/schema\/logo\/image\/","url":"https:\/\/www.simasa.com\/wp-content\/uploads\/2016\/03\/logo-1.jpg","contentUrl":"https:\/\/www.simasa.com\/wp-content\/uploads\/2016\/03\/logo-1.jpg","width":121,"height":54,"caption":"Sima"},"image":{"@id":"https:\/\/www.simasa.com\/fr\/#\/schema\/logo\/image\/"}}]}},"_links":{"self":[{"href":"https:\/\/www.simasa.com\/fr\/wp-json\/wp\/v2\/product\/10634","targetHints":{"allow":["GET"]}}],"collection":[{"href":"https:\/\/www.simasa.com\/fr\/wp-json\/wp\/v2\/product"}],"about":[{"href":"https:\/\/www.simasa.com\/fr\/wp-json\/wp\/v2\/types\/product"}],"replies":[{"embeddable":true,"href":"https:\/\/www.simasa.com\/fr\/wp-json\/wp\/v2\/comments?post=10634"}],"wp:featuredmedia":[{"embeddable":true,"href":"https:\/\/www.simasa.com\/fr\/wp-json\/wp\/v2\/media\/10636"}],"wp:attachment":[{"href":"https:\/\/www.simasa.com\/fr\/wp-json\/wp\/v2\/media?parent=10634"}],"wp:term":[{"taxonomy":"product_brand","embeddable":true,"href":"https:\/\/www.simasa.com\/fr\/wp-json\/wp\/v2\/product_brand?post=10634"},{"taxonomy":"product_cat","embeddable":true,"href":"https:\/\/www.simasa.com\/fr\/wp-json\/wp\/v2\/product_cat?post=10634"},{"taxonomy":"product_tag","embeddable":true,"href":"https:\/\/www.simasa.com\/fr\/wp-json\/wp\/v2\/product_tag?post=10634"}],"curies":[{"name":"wp","href":"https:\/\/api.w.org\/{rel}","templated":true}]}}