{"id":10595,"date":"2021-07-02T14:58:59","date_gmt":"2021-07-02T12:58:59","guid":{"rendered":"https:\/\/www.simasa.com\/?post_type=product&#038;p=10595"},"modified":"2026-03-19T14:07:22","modified_gmt":"2026-03-19T13:07:22","slug":"del-tronic","status":"publish","type":"product","link":"https:\/\/www.simasa.com\/fr\/producto\/del-tronic\/","title":{"rendered":"DEL TRONIC"},"content":{"rendered":"<p>&nbsp;<\/p>\n<h3><strong>Qu&rsquo;est-ce que Tronic?\u00a0<\/strong><\/h3>\n<ul>\n<li>Une connection sans fil \u00e0 un smartphone, une tablette, un ordinateur ou un \u00e9cran industriel (par WIFI).<\/li>\n<li>Une programmation des angles de cintrage en m\u00e9moire pour un total de 10 programmes et de 10\u00a0 angles de cintrage diff\u00e9rents chacun.<\/li>\n<li>Minuterie de verrouillage par date et temps d\u00b4utilisation.<\/li>\n<li>Compteur de fers \u00e0 b\u00e9ton cintr\u00e9s, temps d\u00b4allumage et temps de travail (total et partiel).<\/li>\n<li>Possibilit\u00e9 de travail en mode TRONIC ou en mode manuel traditionnel.<\/li>\n<li>Acc\u00e9s s\u00e9curis\u00e9 pour les utilisateurs avec mot de passe pour des fonctions priv\u00e9es.<\/li>\n<li>Mode test activ\u00e9 pour\u00a0 v\u00e9rification de la p\u00e9dale, bouton d\u2019arr\u00eat d\u2019urgence et de retour, fins de course (porte, table et machoire pour les Combis)\u00a0 et capteurs inductifs (3)<\/li>\n<\/ul>\n<p><iframe loading=\"lazy\" src=\"https:\/\/www.youtube.com\/embed\/gIQyyDCSz3I\" width=\"945\" height=\"540\" frameborder=\"0\" allowfullscreen=\"allowfullscreen\"><\/iframe><\/p>\n<p><a href=\"https:\/\/www.simasa.com\/wp-content\/uploads\/2021\/07\/Tronic-1-FR.jpg\"><img loading=\"lazy\" decoding=\"async\" class=\"size-full wp-image-10608 aligncenter\" src=\"https:\/\/www.simasa.com\/wp-content\/uploads\/2021\/07\/Tronic-1-FR.jpg\" alt=\"\" width=\"574\" height=\"531\" srcset=\"https:\/\/www.simasa.com\/wp-content\/uploads\/2021\/07\/Tronic-1-FR.jpg 574w, https:\/\/www.simasa.com\/wp-content\/uploads\/2021\/07\/Tronic-1-FR-300x278.jpg 300w, https:\/\/www.simasa.com\/wp-content\/uploads\/2021\/07\/Tronic-1-FR-416x385.jpg 416w\" sizes=\"auto, (max-width: 574px) 100vw, 574px\" \/><\/a> <a href=\"https:\/\/www.simasa.com\/wp-content\/uploads\/2021\/07\/Tronic-2-FR.jpg\"><img loading=\"lazy\" decoding=\"async\" class=\"size-full wp-image-10612 aligncenter\" src=\"https:\/\/www.simasa.com\/wp-content\/uploads\/2021\/07\/Tronic-2-FR.jpg\" alt=\"\" width=\"612\" height=\"848\" srcset=\"https:\/\/www.simasa.com\/wp-content\/uploads\/2021\/07\/Tronic-2-FR.jpg 612w, https:\/\/www.simasa.com\/wp-content\/uploads\/2021\/07\/Tronic-2-FR-217x300.jpg 217w, https:\/\/www.simasa.com\/wp-content\/uploads\/2021\/07\/Tronic-2-FR-416x576.jpg 416w\" sizes=\"auto, (max-width: 612px) 100vw, 612px\" \/><\/a><img loading=\"lazy\" decoding=\"async\" class=\"size-full wp-image-10562 aligncenter\" src=\"https:\/\/www.simasa.com\/wp-content\/uploads\/2021\/07\/Tronic-3-ES.jpg\" alt=\"\" width=\"751\" height=\"408\" srcset=\"https:\/\/www.simasa.com\/wp-content\/uploads\/2021\/07\/Tronic-3-ES.jpg 751w, https:\/\/www.simasa.com\/wp-content\/uploads\/2021\/07\/Tronic-3-ES-300x163.jpg 300w, https:\/\/www.simasa.com\/wp-content\/uploads\/2021\/07\/Tronic-3-ES-416x226.jpg 416w\" sizes=\"auto, (max-width: 751px) 100vw, 751px\" \/><\/p>\n","protected":false},"excerpt":{"rendered":"<p><strong>DEL Tronic<\/strong> une gamme de machines dot\u00e9es de la derni\u00e8re technologie d&rsquo;interconnexion sans fil (IoT) et de logiciels pour rendre le travail de cintrage des barres d&rsquo;armature plus <strong>facile<\/strong> et plus <strong>efficace<\/strong>.<\/p>\n","protected":false},"featured_media":10560,"comment_status":"open","ping_status":"closed","template":"","meta":{"_acf_changed":false},"product_brand":[],"product_cat":[1806,1808],"product_tag":[],"class_list":{"0":"post-10595","1":"product","2":"type-product","3":"status-publish","4":"has-post-thumbnail","6":"product_cat-cintreuses-automatiques","7":"product_cat-cintreuses-et-cisailles","8":"pa_max-bending-3815","9":"pa_max-bending-3819","10":"pa_max-bending-3822","11":"pa_max-bending-3837","12":"pa_max-bending-3825","13":"pa_max-bending-3828","14":"pa_max-bending-3831","15":"pa_max-bending-3834","16":"pa_power-electriques","18":"first","19":"instock","20":"shipping-taxable","21":"product-type-simple"},"acf":[],"yoast_head":"<!-- This site is optimized with the Yoast SEO plugin v27.4 - https:\/\/yoast.com\/product\/yoast-seo-wordpress\/ -->\n<title>- DEL TRONIC | Sima<\/title>\n<meta name=\"description\" content=\"DEL TRONIC. DEL Tronic une gamme de machines dot\u00e9es de la derni\u00e8re technologie d&#039;interconnexion sans fil (IoT) et de logiciels pour rendre le travail de cintrage des barres d&#039;armature plus facile et plus efficace.\" \/>\n<meta name=\"robots\" content=\"noindex, follow\" \/>\n<meta property=\"og:locale\" content=\"fr_FR\" \/>\n<meta property=\"og:type\" content=\"article\" \/>\n<meta property=\"og:title\" content=\"- DEL TRONIC | Sima\" \/>\n<meta property=\"og:description\" content=\"DEL TRONIC. DEL Tronic une gamme de machines dot\u00e9es de la derni\u00e8re technologie d&#039;interconnexion sans fil (IoT) et de logiciels pour rendre le travail de cintrage des barres d&#039;armature plus facile et plus efficace.\" \/>\n<meta property=\"og:url\" content=\"https:\/\/www.simasa.com\/fr\/producto\/del-tronic\/\" \/>\n<meta property=\"og:site_name\" content=\"Sima\" \/>\n<meta property=\"article:modified_time\" content=\"2026-03-19T13:07:22+00:00\" \/>\n<meta property=\"og:image\" content=\"https:\/\/www.simasa.com\/wp-content\/uploads\/2021\/07\/Tronic-0.jpg\" \/>\n\t<meta property=\"og:image:width\" content=\"594\" \/>\n\t<meta property=\"og:image:height\" content=\"738\" \/>\n\t<meta property=\"og:image:type\" content=\"image\/jpeg\" \/>\n<meta name=\"twitter:card\" content=\"summary_large_image\" \/>\n<meta name=\"twitter:label1\" content=\"Dur\u00e9e de lecture estim\u00e9e\" \/>\n\t<meta name=\"twitter:data1\" content=\"2 minutes\" \/>\n<script type=\"application\/ld+json\" class=\"yoast-schema-graph\">{\"@context\":\"https:\\\/\\\/schema.org\",\"@graph\":[{\"@type\":\"WebPage\",\"@id\":\"https:\\\/\\\/www.simasa.com\\\/fr\\\/producto\\\/del-tronic\\\/\",\"url\":\"https:\\\/\\\/www.simasa.com\\\/fr\\\/producto\\\/del-tronic\\\/\",\"name\":\"- DEL TRONIC | Sima\",\"isPartOf\":{\"@id\":\"https:\\\/\\\/www.simasa.com\\\/fr\\\/#website\"},\"primaryImageOfPage\":{\"@id\":\"https:\\\/\\\/www.simasa.com\\\/fr\\\/producto\\\/del-tronic\\\/#primaryimage\"},\"image\":{\"@id\":\"https:\\\/\\\/www.simasa.com\\\/fr\\\/producto\\\/del-tronic\\\/#primaryimage\"},\"thumbnailUrl\":\"https:\\\/\\\/www.simasa.com\\\/wp-content\\\/uploads\\\/2021\\\/07\\\/Tronic-0.jpg\",\"datePublished\":\"2021-07-02T12:58:59+00:00\",\"dateModified\":\"2026-03-19T13:07:22+00:00\",\"description\":\"DEL TRONIC. DEL Tronic une gamme de machines dot\u00e9es de la derni\u00e8re technologie d'interconnexion sans fil (IoT) et de logiciels pour rendre le travail de cintrage des barres d'armature plus facile et plus efficace.\",\"breadcrumb\":{\"@id\":\"https:\\\/\\\/www.simasa.com\\\/fr\\\/producto\\\/del-tronic\\\/#breadcrumb\"},\"inLanguage\":\"fr-FR\",\"potentialAction\":[{\"@type\":\"ReadAction\",\"target\":[\"https:\\\/\\\/www.simasa.com\\\/fr\\\/producto\\\/del-tronic\\\/\"]}]},{\"@type\":\"ImageObject\",\"inLanguage\":\"fr-FR\",\"@id\":\"https:\\\/\\\/www.simasa.com\\\/fr\\\/producto\\\/del-tronic\\\/#primaryimage\",\"url\":\"https:\\\/\\\/www.simasa.com\\\/wp-content\\\/uploads\\\/2021\\\/07\\\/Tronic-0.jpg\",\"contentUrl\":\"https:\\\/\\\/www.simasa.com\\\/wp-content\\\/uploads\\\/2021\\\/07\\\/Tronic-0.jpg\",\"width\":594,\"height\":738},{\"@type\":\"BreadcrumbList\",\"@id\":\"https:\\\/\\\/www.simasa.com\\\/fr\\\/producto\\\/del-tronic\\\/#breadcrumb\",\"itemListElement\":[{\"@type\":\"ListItem\",\"position\":1,\"name\":\"Inicio\",\"item\":\"https:\\\/\\\/www.simasa.com\\\/fr\\\/\"},{\"@type\":\"ListItem\",\"position\":2,\"name\":\"Catalogue\",\"item\":\"https:\\\/\\\/www.simasa.com\\\/cat-sima\\\/\"},{\"@type\":\"ListItem\",\"position\":3,\"name\":\"DEL TRONIC\"}]},{\"@type\":\"WebSite\",\"@id\":\"https:\\\/\\\/www.simasa.com\\\/fr\\\/#website\",\"url\":\"https:\\\/\\\/www.simasa.com\\\/fr\\\/\",\"name\":\"Sima\",\"description\":\"Fabricantes de maquinaria para la construcci\u00f3n\",\"publisher\":{\"@id\":\"https:\\\/\\\/www.simasa.com\\\/fr\\\/#organization\"},\"potentialAction\":[{\"@type\":\"SearchAction\",\"target\":{\"@type\":\"EntryPoint\",\"urlTemplate\":\"https:\\\/\\\/www.simasa.com\\\/fr\\\/?s={search_term_string}\"},\"query-input\":{\"@type\":\"PropertyValueSpecification\",\"valueRequired\":true,\"valueName\":\"search_term_string\"}}],\"inLanguage\":\"fr-FR\"},{\"@type\":\"Organization\",\"@id\":\"https:\\\/\\\/www.simasa.com\\\/fr\\\/#organization\",\"name\":\"Sima\",\"url\":\"https:\\\/\\\/www.simasa.com\\\/fr\\\/\",\"logo\":{\"@type\":\"ImageObject\",\"inLanguage\":\"fr-FR\",\"@id\":\"https:\\\/\\\/www.simasa.com\\\/fr\\\/#\\\/schema\\\/logo\\\/image\\\/\",\"url\":\"https:\\\/\\\/www.simasa.com\\\/wp-content\\\/uploads\\\/2016\\\/03\\\/logo-1.jpg\",\"contentUrl\":\"https:\\\/\\\/www.simasa.com\\\/wp-content\\\/uploads\\\/2016\\\/03\\\/logo-1.jpg\",\"width\":121,\"height\":54,\"caption\":\"Sima\"},\"image\":{\"@id\":\"https:\\\/\\\/www.simasa.com\\\/fr\\\/#\\\/schema\\\/logo\\\/image\\\/\"}}]}<\/script>\n<!-- \/ Yoast SEO plugin. -->","yoast_head_json":{"title":"- DEL TRONIC | Sima","description":"DEL TRONIC. DEL Tronic une gamme de machines dot\u00e9es de la derni\u00e8re technologie d'interconnexion sans fil (IoT) et de logiciels pour rendre le travail de cintrage des barres d'armature plus facile et plus efficace.","robots":{"index":"noindex","follow":"follow"},"og_locale":"fr_FR","og_type":"article","og_title":"- DEL TRONIC | Sima","og_description":"DEL TRONIC. DEL Tronic une gamme de machines dot\u00e9es de la derni\u00e8re technologie d'interconnexion sans fil (IoT) et de logiciels pour rendre le travail de cintrage des barres d'armature plus facile et plus efficace.","og_url":"https:\/\/www.simasa.com\/fr\/producto\/del-tronic\/","og_site_name":"Sima","article_modified_time":"2026-03-19T13:07:22+00:00","og_image":[{"width":594,"height":738,"url":"https:\/\/www.simasa.com\/wp-content\/uploads\/2021\/07\/Tronic-0.jpg","type":"image\/jpeg"}],"twitter_card":"summary_large_image","twitter_misc":{"Dur\u00e9e de lecture estim\u00e9e":"2 minutes"},"schema":{"@context":"https:\/\/schema.org","@graph":[{"@type":"WebPage","@id":"https:\/\/www.simasa.com\/fr\/producto\/del-tronic\/","url":"https:\/\/www.simasa.com\/fr\/producto\/del-tronic\/","name":"- DEL TRONIC | Sima","isPartOf":{"@id":"https:\/\/www.simasa.com\/fr\/#website"},"primaryImageOfPage":{"@id":"https:\/\/www.simasa.com\/fr\/producto\/del-tronic\/#primaryimage"},"image":{"@id":"https:\/\/www.simasa.com\/fr\/producto\/del-tronic\/#primaryimage"},"thumbnailUrl":"https:\/\/www.simasa.com\/wp-content\/uploads\/2021\/07\/Tronic-0.jpg","datePublished":"2021-07-02T12:58:59+00:00","dateModified":"2026-03-19T13:07:22+00:00","description":"DEL TRONIC. DEL Tronic une gamme de machines dot\u00e9es de la derni\u00e8re technologie d'interconnexion sans fil (IoT) et de logiciels pour rendre le travail de cintrage des barres d'armature plus facile et plus efficace.","breadcrumb":{"@id":"https:\/\/www.simasa.com\/fr\/producto\/del-tronic\/#breadcrumb"},"inLanguage":"fr-FR","potentialAction":[{"@type":"ReadAction","target":["https:\/\/www.simasa.com\/fr\/producto\/del-tronic\/"]}]},{"@type":"ImageObject","inLanguage":"fr-FR","@id":"https:\/\/www.simasa.com\/fr\/producto\/del-tronic\/#primaryimage","url":"https:\/\/www.simasa.com\/wp-content\/uploads\/2021\/07\/Tronic-0.jpg","contentUrl":"https:\/\/www.simasa.com\/wp-content\/uploads\/2021\/07\/Tronic-0.jpg","width":594,"height":738},{"@type":"BreadcrumbList","@id":"https:\/\/www.simasa.com\/fr\/producto\/del-tronic\/#breadcrumb","itemListElement":[{"@type":"ListItem","position":1,"name":"Inicio","item":"https:\/\/www.simasa.com\/fr\/"},{"@type":"ListItem","position":2,"name":"Catalogue","item":"https:\/\/www.simasa.com\/cat-sima\/"},{"@type":"ListItem","position":3,"name":"DEL TRONIC"}]},{"@type":"WebSite","@id":"https:\/\/www.simasa.com\/fr\/#website","url":"https:\/\/www.simasa.com\/fr\/","name":"Sima","description":"Fabricantes de maquinaria para la construcci\u00f3n","publisher":{"@id":"https:\/\/www.simasa.com\/fr\/#organization"},"potentialAction":[{"@type":"SearchAction","target":{"@type":"EntryPoint","urlTemplate":"https:\/\/www.simasa.com\/fr\/?s={search_term_string}"},"query-input":{"@type":"PropertyValueSpecification","valueRequired":true,"valueName":"search_term_string"}}],"inLanguage":"fr-FR"},{"@type":"Organization","@id":"https:\/\/www.simasa.com\/fr\/#organization","name":"Sima","url":"https:\/\/www.simasa.com\/fr\/","logo":{"@type":"ImageObject","inLanguage":"fr-FR","@id":"https:\/\/www.simasa.com\/fr\/#\/schema\/logo\/image\/","url":"https:\/\/www.simasa.com\/wp-content\/uploads\/2016\/03\/logo-1.jpg","contentUrl":"https:\/\/www.simasa.com\/wp-content\/uploads\/2016\/03\/logo-1.jpg","width":121,"height":54,"caption":"Sima"},"image":{"@id":"https:\/\/www.simasa.com\/fr\/#\/schema\/logo\/image\/"}}]}},"_links":{"self":[{"href":"https:\/\/www.simasa.com\/fr\/wp-json\/wp\/v2\/product\/10595","targetHints":{"allow":["GET"]}}],"collection":[{"href":"https:\/\/www.simasa.com\/fr\/wp-json\/wp\/v2\/product"}],"about":[{"href":"https:\/\/www.simasa.com\/fr\/wp-json\/wp\/v2\/types\/product"}],"replies":[{"embeddable":true,"href":"https:\/\/www.simasa.com\/fr\/wp-json\/wp\/v2\/comments?post=10595"}],"wp:featuredmedia":[{"embeddable":true,"href":"https:\/\/www.simasa.com\/fr\/wp-json\/wp\/v2\/media\/10560"}],"wp:attachment":[{"href":"https:\/\/www.simasa.com\/fr\/wp-json\/wp\/v2\/media?parent=10595"}],"wp:term":[{"taxonomy":"product_brand","embeddable":true,"href":"https:\/\/www.simasa.com\/fr\/wp-json\/wp\/v2\/product_brand?post=10595"},{"taxonomy":"product_cat","embeddable":true,"href":"https:\/\/www.simasa.com\/fr\/wp-json\/wp\/v2\/product_cat?post=10595"},{"taxonomy":"product_tag","embeddable":true,"href":"https:\/\/www.simasa.com\/fr\/wp-json\/wp\/v2\/product_tag?post=10595"}],"curies":[{"name":"wp","href":"https:\/\/api.w.org\/{rel}","templated":true}]}}