{"id":10158,"date":"2019-07-19T12:35:03","date_gmt":"2019-07-19T12:35:03","guid":{"rendered":"https:\/\/www.simasa.com\/cat-sima\/sincategorizar\/triton\/"},"modified":"2019-10-04T14:37:22","modified_gmt":"2019-10-04T14:37:22","slug":"triton","status":"publish","type":"product","link":"https:\/\/www.simasa.com\/fr\/producto\/triton\/","title":{"rendered":"TRIT\u00d3N"},"content":{"rendered":"<h2><\/h2>\n<h2>TRIT\u00d3N, Concasseuse de Recyclage de D\u00e9combres<\/h2>\n<ul>\n<li>La Triton concasse les d\u00e9combres qui se forment sur les chantiers r\u00e9duisant d\u00b4un tiers leur volume original.<\/li>\n<li>Empilement et retrait ais\u00e9s.<\/li>\n<li>Le sable obtenu ( \u00e0 partir des d\u00e9combres sans pl\u00e2tre, ni bois, ni m\u00e9tal) pourra \u00eatre utilis\u00e9 pour faire du mortier.<\/li>\n<\/ul>\n<h3>Deplacement<\/h3>\n<ul>\n<li>Mont\u00e9e sur des roues increvables. Entre dans un ascenseur et par la porte de tout type de logement.<\/li>\n<\/ul>\n<h3>Polyvalence<\/h3>\n<ul>\n<li>Deux tamis de s\u00e9rie pour obtenir la granulom\u00e9trie souhait\u00e9e du sable.<\/li>\n<li>Versions triphas\u00e9e et monophas\u00e9e ( avec syst\u00e8me inverter) compatibles avec le r\u00e9seau \u00e9lectrique.<\/li>\n<\/ul>\n<h3><strong>Des economies multipliees par 2 <\/strong><\/h3>\n<ul>\n<li>Dans l\u00b4espace: le sable occupe seulementune tierce partie du volume des d\u00e9combres.<\/li>\n<li>En personnel: moins de personnel employ\u00e9 pour le retrait des d\u00e9combres.<\/li>\n<li>En recyclage: le sable obtenu apr\u00e8s le concassage contribue \u00e0 r\u00e9duire la quantit\u00e9 de sable \u00e0 utiliser pour le mortier.<\/li>\n<\/ul>\n<p>&nbsp;<\/p>\n<p style=\"text-align: center;\">\u00a0<img loading=\"lazy\" decoding=\"async\" class=\"alignnone size-full wp-image-10174\" src=\"https:\/\/www.simasa.com\/wp-content\/uploads\/2019\/07\/Triton_1_FRA.jpg\" alt=\"\" width=\"782\" height=\"850\" srcset=\"https:\/\/www.simasa.com\/wp-content\/uploads\/2019\/07\/Triton_1_FRA.jpg 782w, https:\/\/www.simasa.com\/wp-content\/uploads\/2019\/07\/Triton_1_FRA-416x452.jpg 416w\" sizes=\"auto, (max-width: 782px) 100vw, 782px\" \/><\/p>\n<p>&nbsp;<\/p>\n<p><img loading=\"lazy\" decoding=\"async\" class=\"size-full wp-image-10170 alignnone\" src=\"https:\/\/www.simasa.com\/wp-content\/uploads\/2019\/07\/Triton_2_FRA.jpg\" alt=\"\" width=\"1065\" height=\"348\" srcset=\"https:\/\/www.simasa.com\/wp-content\/uploads\/2019\/07\/Triton_2_FRA.jpg 1065w, https:\/\/www.simasa.com\/wp-content\/uploads\/2019\/07\/Triton_2_FRA-416x136.jpg 416w\" sizes=\"auto, (max-width: 1065px) 100vw, 1065px\" \/><\/p>\n<p>&nbsp;<\/p>\n<p>&nbsp;<\/p>\n<p><iframe loading=\"lazy\" title=\"SIMA Trit\u00f3n une concasseuse de d\u00e9combres\" width=\"980\" height=\"551\" src=\"https:\/\/www.youtube.com\/embed\/OI5Kl-TfoWo?feature=oembed\" frameborder=\"0\" allow=\"accelerometer; autoplay; encrypted-media; gyroscope; picture-in-picture\" allowfullscreen><\/iframe><\/p>\n","protected":false},"excerpt":{"rendered":"<p><strong>TRIT\u00d3N<\/strong>, Concasseuse de <strong>Recyclage<\/strong> de D\u00e9combres<\/p>\n","protected":false},"featured_media":10121,"comment_status":"open","ping_status":"closed","template":"","meta":{"_acf_changed":false},"product_brand":[],"product_cat":[3684],"product_tag":[],"class_list":{"0":"post-10158","1":"product","2":"type-product","3":"status-publish","4":"has-post-thumbnail","6":"product_cat-concasseur","7":"pa_power-electriques","9":"first","10":"instock","11":"shipping-taxable","12":"product-type-simple"},"acf":[],"yoast_head":"<!-- This site is optimized with the Yoast SEO plugin v27.4 - https:\/\/yoast.com\/product\/yoast-seo-wordpress\/ -->\n<title>- TRIT\u00d3N | Sima<\/title>\n<meta name=\"description\" content=\"TRIT\u00d3N. TRIT\u00d3N, Concasseuse de Recyclage de D\u00e9combres\" \/>\n<meta name=\"robots\" content=\"noindex, follow\" \/>\n<meta property=\"og:locale\" content=\"fr_FR\" \/>\n<meta property=\"og:type\" content=\"article\" \/>\n<meta property=\"og:title\" content=\"- TRIT\u00d3N | Sima\" \/>\n<meta property=\"og:description\" content=\"TRIT\u00d3N. TRIT\u00d3N, Concasseuse de Recyclage de D\u00e9combres\" \/>\n<meta property=\"og:url\" content=\"https:\/\/www.simasa.com\/fr\/producto\/triton\/\" \/>\n<meta property=\"og:site_name\" content=\"Sima\" \/>\n<meta property=\"article:modified_time\" content=\"2019-10-04T14:37:22+00:00\" \/>\n<meta property=\"og:image\" content=\"https:\/\/www.simasa.com\/wp-content\/uploads\/2019\/07\/Foto-Calidad-Trit\u00f3n-scaled.jpg\" \/>\n\t<meta property=\"og:image:width\" content=\"2560\" \/>\n\t<meta property=\"og:image:height\" content=\"2560\" \/>\n\t<meta property=\"og:image:type\" content=\"image\/jpeg\" \/>\n<meta name=\"twitter:card\" content=\"summary_large_image\" \/>\n<meta name=\"twitter:label1\" content=\"Dur\u00e9e de lecture estim\u00e9e\" \/>\n\t<meta name=\"twitter:data1\" content=\"1 minute\" \/>\n<script type=\"application\/ld+json\" class=\"yoast-schema-graph\">{\"@context\":\"https:\\\/\\\/schema.org\",\"@graph\":[{\"@type\":\"WebPage\",\"@id\":\"https:\\\/\\\/www.simasa.com\\\/fr\\\/producto\\\/triton\\\/\",\"url\":\"https:\\\/\\\/www.simasa.com\\\/fr\\\/producto\\\/triton\\\/\",\"name\":\"- TRIT\u00d3N | Sima\",\"isPartOf\":{\"@id\":\"https:\\\/\\\/www.simasa.com\\\/fr\\\/#website\"},\"primaryImageOfPage\":{\"@id\":\"https:\\\/\\\/www.simasa.com\\\/fr\\\/producto\\\/triton\\\/#primaryimage\"},\"image\":{\"@id\":\"https:\\\/\\\/www.simasa.com\\\/fr\\\/producto\\\/triton\\\/#primaryimage\"},\"thumbnailUrl\":\"https:\\\/\\\/www.simasa.com\\\/wp-content\\\/uploads\\\/2019\\\/07\\\/Foto-Calidad-Trit\u00f3n-scaled.jpg\",\"datePublished\":\"2019-07-19T12:35:03+00:00\",\"dateModified\":\"2019-10-04T14:37:22+00:00\",\"description\":\"TRIT\u00d3N. TRIT\u00d3N, Concasseuse de Recyclage de D\u00e9combres\",\"breadcrumb\":{\"@id\":\"https:\\\/\\\/www.simasa.com\\\/fr\\\/producto\\\/triton\\\/#breadcrumb\"},\"inLanguage\":\"fr-FR\",\"potentialAction\":[{\"@type\":\"ReadAction\",\"target\":[\"https:\\\/\\\/www.simasa.com\\\/fr\\\/producto\\\/triton\\\/\"]}]},{\"@type\":\"ImageObject\",\"inLanguage\":\"fr-FR\",\"@id\":\"https:\\\/\\\/www.simasa.com\\\/fr\\\/producto\\\/triton\\\/#primaryimage\",\"url\":\"https:\\\/\\\/www.simasa.com\\\/wp-content\\\/uploads\\\/2019\\\/07\\\/Foto-Calidad-Trit\u00f3n-scaled.jpg\",\"contentUrl\":\"https:\\\/\\\/www.simasa.com\\\/wp-content\\\/uploads\\\/2019\\\/07\\\/Foto-Calidad-Trit\u00f3n-scaled.jpg\",\"width\":2560,\"height\":2560},{\"@type\":\"BreadcrumbList\",\"@id\":\"https:\\\/\\\/www.simasa.com\\\/fr\\\/producto\\\/triton\\\/#breadcrumb\",\"itemListElement\":[{\"@type\":\"ListItem\",\"position\":1,\"name\":\"Inicio\",\"item\":\"https:\\\/\\\/www.simasa.com\\\/fr\\\/\"},{\"@type\":\"ListItem\",\"position\":2,\"name\":\"Catalogue\",\"item\":\"https:\\\/\\\/www.simasa.com\\\/cat-sima\\\/\"},{\"@type\":\"ListItem\",\"position\":3,\"name\":\"TRIT\u00d3N\"}]},{\"@type\":\"WebSite\",\"@id\":\"https:\\\/\\\/www.simasa.com\\\/fr\\\/#website\",\"url\":\"https:\\\/\\\/www.simasa.com\\\/fr\\\/\",\"name\":\"Sima\",\"description\":\"Fabricantes de maquinaria para la construcci\u00f3n\",\"publisher\":{\"@id\":\"https:\\\/\\\/www.simasa.com\\\/fr\\\/#organization\"},\"potentialAction\":[{\"@type\":\"SearchAction\",\"target\":{\"@type\":\"EntryPoint\",\"urlTemplate\":\"https:\\\/\\\/www.simasa.com\\\/fr\\\/?s={search_term_string}\"},\"query-input\":{\"@type\":\"PropertyValueSpecification\",\"valueRequired\":true,\"valueName\":\"search_term_string\"}}],\"inLanguage\":\"fr-FR\"},{\"@type\":\"Organization\",\"@id\":\"https:\\\/\\\/www.simasa.com\\\/fr\\\/#organization\",\"name\":\"Sima\",\"url\":\"https:\\\/\\\/www.simasa.com\\\/fr\\\/\",\"logo\":{\"@type\":\"ImageObject\",\"inLanguage\":\"fr-FR\",\"@id\":\"https:\\\/\\\/www.simasa.com\\\/fr\\\/#\\\/schema\\\/logo\\\/image\\\/\",\"url\":\"https:\\\/\\\/www.simasa.com\\\/wp-content\\\/uploads\\\/2016\\\/03\\\/logo-1.jpg\",\"contentUrl\":\"https:\\\/\\\/www.simasa.com\\\/wp-content\\\/uploads\\\/2016\\\/03\\\/logo-1.jpg\",\"width\":121,\"height\":54,\"caption\":\"Sima\"},\"image\":{\"@id\":\"https:\\\/\\\/www.simasa.com\\\/fr\\\/#\\\/schema\\\/logo\\\/image\\\/\"}}]}<\/script>\n<!-- \/ Yoast SEO plugin. -->","yoast_head_json":{"title":"- TRIT\u00d3N | Sima","description":"TRIT\u00d3N. TRIT\u00d3N, Concasseuse de Recyclage de D\u00e9combres","robots":{"index":"noindex","follow":"follow"},"og_locale":"fr_FR","og_type":"article","og_title":"- TRIT\u00d3N | Sima","og_description":"TRIT\u00d3N. TRIT\u00d3N, Concasseuse de Recyclage de D\u00e9combres","og_url":"https:\/\/www.simasa.com\/fr\/producto\/triton\/","og_site_name":"Sima","article_modified_time":"2019-10-04T14:37:22+00:00","og_image":[{"width":2560,"height":2560,"url":"https:\/\/www.simasa.com\/wp-content\/uploads\/2019\/07\/Foto-Calidad-Trit\u00f3n-scaled.jpg","type":"image\/jpeg"}],"twitter_card":"summary_large_image","twitter_misc":{"Dur\u00e9e de lecture estim\u00e9e":"1 minute"},"schema":{"@context":"https:\/\/schema.org","@graph":[{"@type":"WebPage","@id":"https:\/\/www.simasa.com\/fr\/producto\/triton\/","url":"https:\/\/www.simasa.com\/fr\/producto\/triton\/","name":"- TRIT\u00d3N | Sima","isPartOf":{"@id":"https:\/\/www.simasa.com\/fr\/#website"},"primaryImageOfPage":{"@id":"https:\/\/www.simasa.com\/fr\/producto\/triton\/#primaryimage"},"image":{"@id":"https:\/\/www.simasa.com\/fr\/producto\/triton\/#primaryimage"},"thumbnailUrl":"https:\/\/www.simasa.com\/wp-content\/uploads\/2019\/07\/Foto-Calidad-Trit\u00f3n-scaled.jpg","datePublished":"2019-07-19T12:35:03+00:00","dateModified":"2019-10-04T14:37:22+00:00","description":"TRIT\u00d3N. TRIT\u00d3N, Concasseuse de Recyclage de D\u00e9combres","breadcrumb":{"@id":"https:\/\/www.simasa.com\/fr\/producto\/triton\/#breadcrumb"},"inLanguage":"fr-FR","potentialAction":[{"@type":"ReadAction","target":["https:\/\/www.simasa.com\/fr\/producto\/triton\/"]}]},{"@type":"ImageObject","inLanguage":"fr-FR","@id":"https:\/\/www.simasa.com\/fr\/producto\/triton\/#primaryimage","url":"https:\/\/www.simasa.com\/wp-content\/uploads\/2019\/07\/Foto-Calidad-Trit\u00f3n-scaled.jpg","contentUrl":"https:\/\/www.simasa.com\/wp-content\/uploads\/2019\/07\/Foto-Calidad-Trit\u00f3n-scaled.jpg","width":2560,"height":2560},{"@type":"BreadcrumbList","@id":"https:\/\/www.simasa.com\/fr\/producto\/triton\/#breadcrumb","itemListElement":[{"@type":"ListItem","position":1,"name":"Inicio","item":"https:\/\/www.simasa.com\/fr\/"},{"@type":"ListItem","position":2,"name":"Catalogue","item":"https:\/\/www.simasa.com\/cat-sima\/"},{"@type":"ListItem","position":3,"name":"TRIT\u00d3N"}]},{"@type":"WebSite","@id":"https:\/\/www.simasa.com\/fr\/#website","url":"https:\/\/www.simasa.com\/fr\/","name":"Sima","description":"Fabricantes de maquinaria para la construcci\u00f3n","publisher":{"@id":"https:\/\/www.simasa.com\/fr\/#organization"},"potentialAction":[{"@type":"SearchAction","target":{"@type":"EntryPoint","urlTemplate":"https:\/\/www.simasa.com\/fr\/?s={search_term_string}"},"query-input":{"@type":"PropertyValueSpecification","valueRequired":true,"valueName":"search_term_string"}}],"inLanguage":"fr-FR"},{"@type":"Organization","@id":"https:\/\/www.simasa.com\/fr\/#organization","name":"Sima","url":"https:\/\/www.simasa.com\/fr\/","logo":{"@type":"ImageObject","inLanguage":"fr-FR","@id":"https:\/\/www.simasa.com\/fr\/#\/schema\/logo\/image\/","url":"https:\/\/www.simasa.com\/wp-content\/uploads\/2016\/03\/logo-1.jpg","contentUrl":"https:\/\/www.simasa.com\/wp-content\/uploads\/2016\/03\/logo-1.jpg","width":121,"height":54,"caption":"Sima"},"image":{"@id":"https:\/\/www.simasa.com\/fr\/#\/schema\/logo\/image\/"}}]}},"_links":{"self":[{"href":"https:\/\/www.simasa.com\/fr\/wp-json\/wp\/v2\/product\/10158","targetHints":{"allow":["GET"]}}],"collection":[{"href":"https:\/\/www.simasa.com\/fr\/wp-json\/wp\/v2\/product"}],"about":[{"href":"https:\/\/www.simasa.com\/fr\/wp-json\/wp\/v2\/types\/product"}],"replies":[{"embeddable":true,"href":"https:\/\/www.simasa.com\/fr\/wp-json\/wp\/v2\/comments?post=10158"}],"wp:featuredmedia":[{"embeddable":true,"href":"https:\/\/www.simasa.com\/fr\/wp-json\/wp\/v2\/media\/10121"}],"wp:attachment":[{"href":"https:\/\/www.simasa.com\/fr\/wp-json\/wp\/v2\/media?parent=10158"}],"wp:term":[{"taxonomy":"product_brand","embeddable":true,"href":"https:\/\/www.simasa.com\/fr\/wp-json\/wp\/v2\/product_brand?post=10158"},{"taxonomy":"product_cat","embeddable":true,"href":"https:\/\/www.simasa.com\/fr\/wp-json\/wp\/v2\/product_cat?post=10158"},{"taxonomy":"product_tag","embeddable":true,"href":"https:\/\/www.simasa.com\/fr\/wp-json\/wp\/v2\/product_tag?post=10158"}],"curies":[{"name":"wp","href":"https:\/\/api.w.org\/{rel}","templated":true}]}}