{"id":927,"date":"2016-03-16T15:38:54","date_gmt":"2016-03-16T15:38:54","guid":{"rendered":"https:\/\/www.simasa.com\/fr\/calidad\/"},"modified":"2018-01-17T17:01:52","modified_gmt":"2018-01-17T17:01:52","slug":"calidad","status":"publish","type":"page","link":"https:\/\/www.simasa.com\/fr\/calidad\/","title":{"rendered":"Qualit\u00e9"},"content":{"rendered":"<h2>Contr\u00f4le\u00a0de qualit\u00e9<\/h2>\n<p>Si la qualit\u00e9 est primordiale dans le secteur industriel, notre\u00a0philosophie chez SIMA va au-del\u00e0: on recherche la meilleure\u00a0qualit\u00e9.\u00a0<img loading=\"lazy\" decoding=\"async\" class=\" wp-image-1023 alignright\" src=\"https:\/\/www.simasa.com\/wp-content\/uploads\/2016\/03\/robermetro-200x300.jpg\" alt=\"robermetro\" width=\"569\" height=\"854\" srcset=\"https:\/\/www.simasa.com\/wp-content\/uploads\/2016\/03\/robermetro-200x300.jpg 200w, https:\/\/www.simasa.com\/wp-content\/uploads\/2016\/03\/robermetro-416x624.jpg 416w, https:\/\/www.simasa.com\/wp-content\/uploads\/2016\/03\/robermetro-768x1152.jpg 768w, https:\/\/www.simasa.com\/wp-content\/uploads\/2016\/03\/robermetro-683x1024.jpg 683w, https:\/\/www.simasa.com\/wp-content\/uploads\/2016\/03\/robermetro.jpg 800w\" sizes=\"auto, (max-width: 569px) 100vw, 569px\" \/><\/p>\n<p>Pour garantir la qualit\u00e9 de ses machines, SIMA a mis en oeuvre\u00a0un protocole d&rsquo; inspection adapt\u00e9 \u00e0 chaque mod\u00e8le et ses\u00a0composants. Ces \u00e9l\u00e9ments re\u00e7oivent un contr\u00f4le de mesurage\u00a0tout en ayant d\u00e9fini au pr\u00e9alable les param\u00e8tres \u00e0 contr\u00f4ler.\u00a0Chaque lot re\u00e7u ou produit de fa\u00e7on interne est v\u00e9rifi\u00e9 par\u00a0rapport aux param\u00e8tres \u00e9tablis.<\/p>\n<p>Finalement lorsque la machine est en phase de montage, un\u00a0autre contr\u00f4le de qualit\u00e9 est effectu\u00e9, en v\u00e9rifiant le montage et\u00a0le calibrage de chaque machine pour assurer un fonctionnement<br \/>\nparfait.<\/p>\n<p>En plus des proc\u00e9d\u00e9s d\u00e9crits, SIMA a recours au test d\u00e9cisif: le\u00a0test du client.Pour cela le produit est test\u00e9 sur chantier ou autre\u00a0site de construction. L&rsquo; utilisateur final utilise le prototype de<br \/>\nmachine et d\u00e9tecte les avantages ou possibles am\u00e9liorations \u00e0\u00a0apporter \u00e0 la machine.<\/p>\n<p>En fonction \u00e0 cela, la machine est modifi\u00e9e ou simplement\u00a0conforme pour sa mise en production.<\/p>\n<p>Finalement il est dans l&rsquo;esprit de SIMA que la qualit\u00e9 est un\u00a0principe dans toute l&rsquo;organisation: depuis le service R &amp; D\u00a0en passant par la production jusqu&rsquo; au reste des services de\u00a0l&rsquo;entreprise: achats, ventes, finances, etc.<\/p>\n<p><img loading=\"lazy\" decoding=\"async\" class=\"size-medium wp-image-1026 alignleft\" src=\"https:\/\/www.simasa.com\/wp-content\/uploads\/2016\/03\/eugenio-metro-300x200.jpg\" alt=\"eugenio metro\" width=\"300\" height=\"200\" srcset=\"https:\/\/www.simasa.com\/wp-content\/uploads\/2016\/03\/eugenio-metro-300x200.jpg 300w, https:\/\/www.simasa.com\/wp-content\/uploads\/2016\/03\/eugenio-metro-416x277.jpg 416w, https:\/\/www.simasa.com\/wp-content\/uploads\/2016\/03\/eugenio-metro-768x512.jpg 768w, https:\/\/www.simasa.com\/wp-content\/uploads\/2016\/03\/eugenio-metro.jpg 800w\" sizes=\"auto, (max-width: 300px) 100vw, 300px\" \/><\/p>\n<p>&nbsp;<\/p>\n<p>&nbsp;<\/p>\n<p>&nbsp;<\/p>\n<p>&nbsp;<\/p>\n<p>&nbsp;<\/p>\n<p>&nbsp;<\/p>\n<p><img loading=\"lazy\" decoding=\"async\" class=\"size-medium wp-image-1027 alignleft\" src=\"https:\/\/www.simasa.com\/wp-content\/uploads\/2016\/03\/METROLOGIA-300x200.jpg\" alt=\"METROLOGIA\" width=\"300\" height=\"200\" srcset=\"https:\/\/www.simasa.com\/wp-content\/uploads\/2016\/03\/METROLOGIA-300x200.jpg 300w, https:\/\/www.simasa.com\/wp-content\/uploads\/2016\/03\/METROLOGIA-416x277.jpg 416w, https:\/\/www.simasa.com\/wp-content\/uploads\/2016\/03\/METROLOGIA-768x512.jpg 768w, https:\/\/www.simasa.com\/wp-content\/uploads\/2016\/03\/METROLOGIA.jpg 800w\" sizes=\"auto, (max-width: 300px) 100vw, 300px\" \/><\/p>\n<p>&nbsp;<\/p>\n","protected":false},"excerpt":{"rendered":"<p>Contr\u00f4le\u00a0de qualit\u00e9 Si la qualit\u00e9 est primordiale dans le secteur industriel, notre\u00a0philosophie chez SIMA va au-del\u00e0: on recherche la meilleure\u00a0qualit\u00e9.\u00a0 Pour garantir la qualit\u00e9 de ses machines, SIMA a mis en oeuvre\u00a0un protocole d&rsquo; inspection adapt\u00e9 \u00e0 chaque mod\u00e8le et ses\u00a0composants. Ces \u00e9l\u00e9ments re\u00e7oivent un contr\u00f4le de mesurage\u00a0tout en ayant d\u00e9fini au pr\u00e9alable les param\u00e8tres [&hellip;]<\/p>\n","protected":false},"author":1,"featured_media":5766,"parent":0,"menu_order":0,"comment_status":"closed","ping_status":"closed","template":"template-tipo.php","meta":{"_acf_changed":false,"footnotes":""},"class_list":["post-927","page","type-page","status-publish","has-post-thumbnail","hentry"],"acf":[],"yoast_head":"<!-- This site is optimized with the Yoast SEO plugin v27.4 - https:\/\/yoast.com\/product\/yoast-seo-wordpress\/ -->\n<title>Qualit\u00e9 | Sima<\/title>\n<meta name=\"robots\" content=\"index, follow, max-snippet:-1, max-image-preview:large, max-video-preview:-1\" \/>\n<link rel=\"canonical\" href=\"https:\/\/www.simasa.com\/fr\/calidad\/\" \/>\n<meta property=\"og:locale\" content=\"fr_FR\" \/>\n<meta property=\"og:type\" content=\"article\" \/>\n<meta property=\"og:title\" content=\"Qualit\u00e9 | Sima\" \/>\n<meta property=\"og:description\" content=\"Contr\u00f4le\u00a0de qualit\u00e9 Si la qualit\u00e9 est primordiale dans le secteur industriel, notre\u00a0philosophie chez SIMA va au-del\u00e0: on recherche la meilleure\u00a0qualit\u00e9.\u00a0 Pour garantir la qualit\u00e9 de ses machines, SIMA a mis en oeuvre\u00a0un protocole d&rsquo; inspection adapt\u00e9 \u00e0 chaque mod\u00e8le et ses\u00a0composants. Ces \u00e9l\u00e9ments re\u00e7oivent un contr\u00f4le de mesurage\u00a0tout en ayant d\u00e9fini au pr\u00e9alable les param\u00e8tres [&hellip;]\" \/>\n<meta property=\"og:url\" content=\"https:\/\/www.simasa.com\/fr\/calidad\/\" \/>\n<meta property=\"og:site_name\" content=\"Sima\" \/>\n<meta property=\"article:modified_time\" content=\"2018-01-17T17:01:52+00:00\" \/>\n<meta property=\"og:image\" content=\"https:\/\/www.simasa.com\/wp-content\/uploads\/2017\/05\/Polypanel-ojo-pez-03-scaled.jpg\" \/>\n\t<meta property=\"og:image:width\" content=\"2560\" \/>\n\t<meta property=\"og:image:height\" content=\"1707\" \/>\n\t<meta property=\"og:image:type\" content=\"image\/jpeg\" \/>\n<meta name=\"twitter:card\" content=\"summary_large_image\" \/>\n<meta name=\"twitter:label1\" content=\"Dur\u00e9e de lecture estim\u00e9e\" \/>\n\t<meta name=\"twitter:data1\" content=\"1 minute\" \/>\n<script type=\"application\/ld+json\" class=\"yoast-schema-graph\">{\"@context\":\"https:\\\/\\\/schema.org\",\"@graph\":[{\"@type\":\"WebPage\",\"@id\":\"https:\\\/\\\/www.simasa.com\\\/fr\\\/calidad\\\/\",\"url\":\"https:\\\/\\\/www.simasa.com\\\/fr\\\/calidad\\\/\",\"name\":\"Qualit\u00e9 | Sima\",\"isPartOf\":{\"@id\":\"https:\\\/\\\/www.simasa.com\\\/fr\\\/#website\"},\"primaryImageOfPage\":{\"@id\":\"https:\\\/\\\/www.simasa.com\\\/fr\\\/calidad\\\/#primaryimage\"},\"image\":{\"@id\":\"https:\\\/\\\/www.simasa.com\\\/fr\\\/calidad\\\/#primaryimage\"},\"thumbnailUrl\":\"https:\\\/\\\/www.simasa.com\\\/wp-content\\\/uploads\\\/2017\\\/05\\\/Polypanel-ojo-pez-03-scaled.jpg\",\"datePublished\":\"2016-03-16T15:38:54+00:00\",\"dateModified\":\"2018-01-17T17:01:52+00:00\",\"breadcrumb\":{\"@id\":\"https:\\\/\\\/www.simasa.com\\\/fr\\\/calidad\\\/#breadcrumb\"},\"inLanguage\":\"fr-FR\",\"potentialAction\":[{\"@type\":\"ReadAction\",\"target\":[\"https:\\\/\\\/www.simasa.com\\\/fr\\\/calidad\\\/\"]}]},{\"@type\":\"ImageObject\",\"inLanguage\":\"fr-FR\",\"@id\":\"https:\\\/\\\/www.simasa.com\\\/fr\\\/calidad\\\/#primaryimage\",\"url\":\"https:\\\/\\\/www.simasa.com\\\/wp-content\\\/uploads\\\/2017\\\/05\\\/Polypanel-ojo-pez-03-scaled.jpg\",\"contentUrl\":\"https:\\\/\\\/www.simasa.com\\\/wp-content\\\/uploads\\\/2017\\\/05\\\/Polypanel-ojo-pez-03-scaled.jpg\",\"width\":2560,\"height\":1707},{\"@type\":\"BreadcrumbList\",\"@id\":\"https:\\\/\\\/www.simasa.com\\\/fr\\\/calidad\\\/#breadcrumb\",\"itemListElement\":[{\"@type\":\"ListItem\",\"position\":1,\"name\":\"Inicio\",\"item\":\"https:\\\/\\\/www.simasa.com\\\/fr\\\/\"},{\"@type\":\"ListItem\",\"position\":2,\"name\":\"Qualit\u00e9\"}]},{\"@type\":\"WebSite\",\"@id\":\"https:\\\/\\\/www.simasa.com\\\/fr\\\/#website\",\"url\":\"https:\\\/\\\/www.simasa.com\\\/fr\\\/\",\"name\":\"Sima\",\"description\":\"Fabricantes de maquinaria para la construcci\u00f3n\",\"publisher\":{\"@id\":\"https:\\\/\\\/www.simasa.com\\\/fr\\\/#organization\"},\"potentialAction\":[{\"@type\":\"SearchAction\",\"target\":{\"@type\":\"EntryPoint\",\"urlTemplate\":\"https:\\\/\\\/www.simasa.com\\\/fr\\\/?s={search_term_string}\"},\"query-input\":{\"@type\":\"PropertyValueSpecification\",\"valueRequired\":true,\"valueName\":\"search_term_string\"}}],\"inLanguage\":\"fr-FR\"},{\"@type\":\"Organization\",\"@id\":\"https:\\\/\\\/www.simasa.com\\\/fr\\\/#organization\",\"name\":\"Sima\",\"url\":\"https:\\\/\\\/www.simasa.com\\\/fr\\\/\",\"logo\":{\"@type\":\"ImageObject\",\"inLanguage\":\"fr-FR\",\"@id\":\"https:\\\/\\\/www.simasa.com\\\/fr\\\/#\\\/schema\\\/logo\\\/image\\\/\",\"url\":\"https:\\\/\\\/www.simasa.com\\\/wp-content\\\/uploads\\\/2016\\\/03\\\/logo-1.jpg\",\"contentUrl\":\"https:\\\/\\\/www.simasa.com\\\/wp-content\\\/uploads\\\/2016\\\/03\\\/logo-1.jpg\",\"width\":121,\"height\":54,\"caption\":\"Sima\"},\"image\":{\"@id\":\"https:\\\/\\\/www.simasa.com\\\/fr\\\/#\\\/schema\\\/logo\\\/image\\\/\"}}]}<\/script>\n<!-- \/ Yoast SEO plugin. -->","yoast_head_json":{"title":"Qualit\u00e9 | Sima","robots":{"index":"index","follow":"follow","max-snippet":"max-snippet:-1","max-image-preview":"max-image-preview:large","max-video-preview":"max-video-preview:-1"},"canonical":"https:\/\/www.simasa.com\/fr\/calidad\/","og_locale":"fr_FR","og_type":"article","og_title":"Qualit\u00e9 | Sima","og_description":"Contr\u00f4le\u00a0de qualit\u00e9 Si la qualit\u00e9 est primordiale dans le secteur industriel, notre\u00a0philosophie chez SIMA va au-del\u00e0: on recherche la meilleure\u00a0qualit\u00e9.\u00a0 Pour garantir la qualit\u00e9 de ses machines, SIMA a mis en oeuvre\u00a0un protocole d&rsquo; inspection adapt\u00e9 \u00e0 chaque mod\u00e8le et ses\u00a0composants. Ces \u00e9l\u00e9ments re\u00e7oivent un contr\u00f4le de mesurage\u00a0tout en ayant d\u00e9fini au pr\u00e9alable les param\u00e8tres [&hellip;]","og_url":"https:\/\/www.simasa.com\/fr\/calidad\/","og_site_name":"Sima","article_modified_time":"2018-01-17T17:01:52+00:00","og_image":[{"width":2560,"height":1707,"url":"https:\/\/www.simasa.com\/wp-content\/uploads\/2017\/05\/Polypanel-ojo-pez-03-scaled.jpg","type":"image\/jpeg"}],"twitter_card":"summary_large_image","twitter_misc":{"Dur\u00e9e de lecture estim\u00e9e":"1 minute"},"schema":{"@context":"https:\/\/schema.org","@graph":[{"@type":"WebPage","@id":"https:\/\/www.simasa.com\/fr\/calidad\/","url":"https:\/\/www.simasa.com\/fr\/calidad\/","name":"Qualit\u00e9 | Sima","isPartOf":{"@id":"https:\/\/www.simasa.com\/fr\/#website"},"primaryImageOfPage":{"@id":"https:\/\/www.simasa.com\/fr\/calidad\/#primaryimage"},"image":{"@id":"https:\/\/www.simasa.com\/fr\/calidad\/#primaryimage"},"thumbnailUrl":"https:\/\/www.simasa.com\/wp-content\/uploads\/2017\/05\/Polypanel-ojo-pez-03-scaled.jpg","datePublished":"2016-03-16T15:38:54+00:00","dateModified":"2018-01-17T17:01:52+00:00","breadcrumb":{"@id":"https:\/\/www.simasa.com\/fr\/calidad\/#breadcrumb"},"inLanguage":"fr-FR","potentialAction":[{"@type":"ReadAction","target":["https:\/\/www.simasa.com\/fr\/calidad\/"]}]},{"@type":"ImageObject","inLanguage":"fr-FR","@id":"https:\/\/www.simasa.com\/fr\/calidad\/#primaryimage","url":"https:\/\/www.simasa.com\/wp-content\/uploads\/2017\/05\/Polypanel-ojo-pez-03-scaled.jpg","contentUrl":"https:\/\/www.simasa.com\/wp-content\/uploads\/2017\/05\/Polypanel-ojo-pez-03-scaled.jpg","width":2560,"height":1707},{"@type":"BreadcrumbList","@id":"https:\/\/www.simasa.com\/fr\/calidad\/#breadcrumb","itemListElement":[{"@type":"ListItem","position":1,"name":"Inicio","item":"https:\/\/www.simasa.com\/fr\/"},{"@type":"ListItem","position":2,"name":"Qualit\u00e9"}]},{"@type":"WebSite","@id":"https:\/\/www.simasa.com\/fr\/#website","url":"https:\/\/www.simasa.com\/fr\/","name":"Sima","description":"Fabricantes de maquinaria para la construcci\u00f3n","publisher":{"@id":"https:\/\/www.simasa.com\/fr\/#organization"},"potentialAction":[{"@type":"SearchAction","target":{"@type":"EntryPoint","urlTemplate":"https:\/\/www.simasa.com\/fr\/?s={search_term_string}"},"query-input":{"@type":"PropertyValueSpecification","valueRequired":true,"valueName":"search_term_string"}}],"inLanguage":"fr-FR"},{"@type":"Organization","@id":"https:\/\/www.simasa.com\/fr\/#organization","name":"Sima","url":"https:\/\/www.simasa.com\/fr\/","logo":{"@type":"ImageObject","inLanguage":"fr-FR","@id":"https:\/\/www.simasa.com\/fr\/#\/schema\/logo\/image\/","url":"https:\/\/www.simasa.com\/wp-content\/uploads\/2016\/03\/logo-1.jpg","contentUrl":"https:\/\/www.simasa.com\/wp-content\/uploads\/2016\/03\/logo-1.jpg","width":121,"height":54,"caption":"Sima"},"image":{"@id":"https:\/\/www.simasa.com\/fr\/#\/schema\/logo\/image\/"}}]}},"_links":{"self":[{"href":"https:\/\/www.simasa.com\/fr\/wp-json\/wp\/v2\/pages\/927","targetHints":{"allow":["GET"]}}],"collection":[{"href":"https:\/\/www.simasa.com\/fr\/wp-json\/wp\/v2\/pages"}],"about":[{"href":"https:\/\/www.simasa.com\/fr\/wp-json\/wp\/v2\/types\/page"}],"author":[{"embeddable":true,"href":"https:\/\/www.simasa.com\/fr\/wp-json\/wp\/v2\/users\/1"}],"replies":[{"embeddable":true,"href":"https:\/\/www.simasa.com\/fr\/wp-json\/wp\/v2\/comments?post=927"}],"version-history":[{"count":6,"href":"https:\/\/www.simasa.com\/fr\/wp-json\/wp\/v2\/pages\/927\/revisions"}],"predecessor-version":[{"id":1105,"href":"https:\/\/www.simasa.com\/fr\/wp-json\/wp\/v2\/pages\/927\/revisions\/1105"}],"wp:featuredmedia":[{"embeddable":true,"href":"https:\/\/www.simasa.com\/fr\/wp-json\/wp\/v2\/media\/5766"}],"wp:attachment":[{"href":"https:\/\/www.simasa.com\/fr\/wp-json\/wp\/v2\/media?parent=927"}],"curies":[{"name":"wp","href":"https:\/\/api.w.org\/{rel}","templated":true}]}}