{"id":4707,"date":"2016-03-23T15:46:39","date_gmt":"2016-03-23T15:46:39","guid":{"rendered":"https:\/\/www.simasa.com\/fr\/politica-de-privacidad\/"},"modified":"2019-06-07T11:42:43","modified_gmt":"2019-06-07T11:42:43","slug":"politica-de-privacidad","status":"publish","type":"page","link":"https:\/\/www.simasa.com\/fr\/politica-de-privacidad\/","title":{"rendered":"Politique de confidentialit\u00e9 et cookies"},"content":{"rendered":"<h3>Politique de confidentialit\u00e9 et cookies<\/h3>\n<div class=\"page\" title=\"Page 15\">\n<div class=\"section\">\n<div class=\"layoutArea\">\n<div class=\"column\">\n<p><span id=\"result_box\" lang=\"fr\" xml:lang=\"fr\">Nous vous remercions de votre int\u00e9r\u00eat sur notre site Web. Pour nous, il est extr\u00eamement important de prot\u00e9ger votre vie priv\u00e9e. En cons\u00e9quence, nous avons d\u00e9velopp\u00e9 cette Politique relative \u00e0 la vie priv\u00e9e afin de vous informer de la mani\u00e8re dont SIMA traite les informations personnelles que vous lui communiquez. <\/span><\/p>\n<h3>1.- Responsable\u00a0 de traitement de donn\u00e9es \u00e0 caract\u00e8re personnel<\/h3>\n<p><strong>Sociedad Industrial de Maquinaria Andaluza, S.A.<\/strong> (ci-apr\u00e8s d\u00e9nomin\u00e9, SIMA), avec num\u00e9ro de TVA intracommunautaire: ESA18024919 domicili\u00e9e \u00e0 [Pol\u00edgono Industrial Juncaril, Calle Albu\u00f1ol, Parcela 250, 18220 Albolote, Granada,Espagne. inscrite au registre du commerce et des soci\u00e9t\u00e9s de Granada, Tomo 493, Folio 13 Hoja GR3696 Inscripci\u00f3n S\u00e9ptima.<\/p>\n<p>Vous pouvez nous contacter par t\u00e9l\u00e9phone au\u00a0 +34 958 490 410 \u00a0ou par courrier \u00e9lectronique sur info@simasa.fr<\/p>\n<h3>2.- \u00a0Stockage des donn\u00e9es dans les fichiers \u00ab\u00a0Journal\u00a0\u00bb du serveur<\/h3>\n<p><span lang=\"fr\" xml:lang=\"fr\">Vous pouvez visiter notre site Web sans d\u00e9voiler votre identit\u00e9. Votre navigateur est configur\u00e9 pour transmettre uniquement \u00e0 notre serveur Web les donn\u00e9es suivantes (\u00ab\u00a0donn\u00e9es de journal\u00a0\u00bb) que nous capturons ensuite dans des fichiers journaux telles que le nom du fichier demand\u00e9, la date et l&rsquo;heure d&rsquo;acc\u00e8s, le volume de donn\u00e9es transmises et\u00a0 le type et version du navigateur. Ces donn\u00e9es seront utilis\u00e9es uniquement pour assurer un bon fonctionnement de notre site web et sa technologie sous-jacente. Cette information ne nous permet pas de nous renseigner sur vous.<br \/>\n<\/span><\/p>\n<h3>3.- <span lang=\"fr\" xml:lang=\"fr\">Collecte et utilisation des donn\u00e9es pour l&rsquo;ex\u00e9cution du contrat et <\/span>en cas d\u2019ouverture d\u2019un compte client<\/h3>\n<p>Nous collectons des donn\u00e9es \u00e0 caract\u00e8re personnel si vous nous les communiquez de plein gr\u00e9 dans le cadre de votre commande, en cas de prise de contact avec nous (par ex. via le formulaire de contact ou par courriel) ou lors de l\u2019ouverture d\u2019un compte client. Les donn\u00e9es collect\u00e9es sont mises en \u00e9vidence sur les formulaires de saisie. Nous utilisons les donn\u00e9es que vous nous avez communiqu\u00e9es pour ex\u00e9cuter le contrat et traiter vos demandes. Une fois que le contrat est ex\u00e9cut\u00e9 dans son int\u00e9gralit\u00e9 ou que votre compte client est supprim\u00e9, vos donn\u00e9es sont bloqu\u00e9es pour toute utilisation ult\u00e9rieure et \u00e9limin\u00e9es apr\u00e8s expiration des d\u00e9lais de conservation pr\u00e9vus par le droit fiscal et commercial, \u00e0 moins que vous n\u2019ayez express\u00e9ment donn\u00e9 votre accord sur l\u2019utilisation de vos donn\u00e9es ou si nous nous r\u00e9servons le droit d\u2019utiliser les donn\u00e9es dans le cadre d\u00e9fini par la loi et dont nous vous informons ci-dessous. Vous pouvez en tout temps supprimer votre compte client, soit en envoyant un message au contact mentionn\u00e9 ci-dessous ou en utilisant la fonction pr\u00e9vue \u00e0 cet effet dans le compte client.<\/p>\n<h3>\u00a04.- Transmission des donn\u00e9es aux fins d\u2019ex\u00e9cution du contrat<\/h3>\n<div class=\"page\" title=\"Page 16\">\n<div class=\"section\">\n<div class=\"layoutArea\">\n<div class=\"column\">\n<p>Aux fins d\u2019ex\u00e9cution du contrat, nous transmettons vos donn\u00e9es au transporteur charg\u00e9 de la livraison, pour autant que ceci soit n\u00e9cessaire pour la livraison des marchandises command\u00e9es. En fonction du prestataire de paiement que vous choisissez lors du processus de commande, nous transmettons les donn\u00e9es de paiement collect\u00e9es \u00a0pour le d\u00e9roulement des op\u00e9rations de paiement \u00e0 l\u2019\u00e9tablissement financier charg\u00e9 du paiement et \u00e9ventuellement au prestataire de paiement que nous avons mandat\u00e9 ou encore au service de paiement choisi.Il arrive que les prestataires de paiement choisis collectent eux-m\u00eames ces donn\u00e9es si vous ouvrez un compte chez eux.<\/p>\n<p>Dans ce cas, vous devez vous connecter \u00e0 votre prestataire de paiement en utilisant vos donn\u00e9es d\u2019acc\u00e8s durant le processus de commande. On appliquera en ce sens la d\u00e9claration de confidentialit\u00e9 du prestataire de paiement respectif.<\/p>\n<h3>5.- Utilisation des donn\u00e9es lors de l\u00b4inscription \u00e0 notre bulletin d\u00b4information par e-mail<\/h3>\n<p>Lorsque vous vous inscrivez \u00e0 notre bulletin d\u00b4information, nous utilisons les donn\u00e9es requises pour ce faire ou que vous nous avez communiqu\u00e9es s\u00e9par\u00e9ment pour vous envoyer r\u00e9guli\u00e8rement notre bulletin d\u2019information par courriel conform\u00e9ment \u00e0 votre accord. Vous pouvez \u00e0 tout moment annuler votre abonnement en envoyant un message au contact mentionn\u00e9 ci-dessous ou en utilisant le lien pr\u00e9vu \u00e0 cet effet dans le bulletin d\u2019information.<\/p>\n<h3>6.- Droit d\u2019acc\u00e8s , de correction, de suppression et de blocage des donn\u00e9es<\/h3>\n<p>Nous vous envoyons de la prospection commerciale par courriel sur le fondement juridique de votre consentement expr\u00e8s recueilli lors que vous vous inscrivez \u00e0 la newsletter ou lorsque que vous cocher la case \u00ab recevoir la newsletter \u00bb sur la page r\u00e9capitulative d\u2019achat. Si vous ne souhaitez plus recevoir de prospection commerciale par courrier \u00e9lectronique, vous pouvez \u00e0 tout moment nous le faire savoir par l\u2019un des moyens suivants : Mentionnez ici les m\u00e9thodes que vous proposez effectivement, par exemple :<\/p>\n<p>\u2022 cliquer sur le lien de d\u00e9sabonnement dans chaque courriel<br \/>\n\u2022 envoyer un mail vers le formulaire contact.<br \/>\n\u2022 dans \u00ab Mon compte \u00bb ou dans l\u2019espace client, aller dans la rubrique Newsletter et d\u00e9cocher la case correspondante<\/p>\n<p>Apr\u00e8s votre d\u00e9sabonnement, nous supprimons votre adresse e-mail, sauf si vous avez express\u00e9ment consenti \u00e0 une utilisation ult\u00e9rieure de vos donn\u00e9es ou si nous nous r\u00e9servons le droit d\u2019une utilisation plus large des donn\u00e9es, autoris\u00e9e par la loi, et dont nous vous informons dans cette d\u00e9claration.<\/p>\n<h3>7.- Politique d\u00b4utilisation des cookies<\/h3>\n<p><span lang=\"fr\" xml:lang=\"fr\">Pour rendre la visite de notre site plus attrayante et vous permettre d&rsquo;utiliser certaines fonctions sur diff\u00e9rentes pages, nous utilisons les d\u00e9nomin\u00e9s \u00abcookies\u00bb. Ce sont des petits fichiers de\u00a0 texte qui sont stock\u00e9s dans le r\u00e9pertoire du navigateur de votre ordinateur. Ils ont une dur\u00e9e de vie tr\u00e8s courte et pour la majorit\u00e9 le temps de la session, En revanche, d&rsquo;autres cookies restent sur votre terminal et nous permettent d\u00b4identifer votre navigateur lors de votre prochaine visite (on les appelle cookies persistants). Vous pouvez configurer votre navigateur pour savoir quand les cookies seront install\u00e9s sur votre ordinateur, vous permettant de d\u00e9cider au cas par cas si vous voulez les accepter ou les exclure, dans certains cas ou en g\u00e9n\u00e9ral. Le fait de refuser les cookies peut limiter la fonctionnalit\u00e9 de notre site internet <a href=\"https:\/\/www.simasa.fr\">www.simasa.com<\/a>.<br \/>\n<\/span><\/p>\n<h3>8.- Utilisation de Google Analytics pour analyse du trafic web<\/h3>\n<p>Ce site utilise Google Analytics, un service d\u00b4analyse de site internet fourni par Google, Inc.\u00a0(\u201cGoogle\u201d).Google Analytics utilise des cookies qui sont des fichiers de texte plac\u00e9s sur votre ordinateur pour aider le site internet \u00e0 analyser l\u00b4utilisation du site par ses utilisateurs. Les donn\u00e9es g\u00e9n\u00e9r\u00e9es par les cookies concernant votre utilisation du site (y compris votre adresse IP) seront transmises et stock\u00e9es par Google sur des serveurs situ\u00e9s aux Etats-Unis. Google ne recup\u00e9rera pas votre adresse IP avec toute autre donn\u00e9e d\u00e9tenue par Google. Vous pouvez d\u00e9sactiver l&rsquo;utilisation de cookies en s\u00e9lectionnant les param\u00e8tres appropri\u00e9s de votre navigateur. Cependant, une telle d\u00e9sactivation pourrait emp\u00eacher l&rsquo;utilisation de certaines fonctionnalit\u00e9s de ce site. Pour plus de renseignements sur Google Analytics cliquez ici:<\/p>\n<p><a href=\"https:\/\/developers.google.com\/analytics\/devgui%20des\/collection\/analyticsjs\/cookie-usage\" target=\"_blank\" rel=\"noopener noreferrer\">https:\/\/developers.google.com\/analytics\/devgui\u00a0des\/collection\/analyticsjs\/cookie-usage<\/a><\/p>\n<p><span lang=\"fr\" xml:lang=\"fr\">Vous pouvez en outre emp\u00eacher l\u2019enregistrement des donn\u00e9es g\u00e9n\u00e9r\u00e9es par les cookies en lien avec l\u2019utilisation du site Web (y compris votre adresse IP), \u00e9vitant ainsi que Google ne traite ces donn\u00e9es, en t\u00e9l\u00e9chargeant puis installant le plugin de navigateur suivant, disponible sur ce lien<\/span><\/p>\n<p><a href=\"https:\/\/tools.google.com\/dlpage\/gaoptout?hl=es\" target=\"_blank\" rel=\"noopener noreferrer\">https:\/\/tools.google.com\/dlpage\/gaoptout?hl=es<\/a><\/p>\n<p>&nbsp;<\/p>\n<\/div>\n<\/div>\n<\/div>\n<\/div>\n","protected":false},"excerpt":{"rendered":"<p>Politique de confidentialit\u00e9 et cookies Nous vous remercions de votre int\u00e9r\u00eat sur notre site Web. Pour nous, il est extr\u00eamement important de prot\u00e9ger votre vie priv\u00e9e. En cons\u00e9quence, nous avons d\u00e9velopp\u00e9 cette Politique relative \u00e0 la vie priv\u00e9e afin de vous informer de la mani\u00e8re dont SIMA traite les informations personnelles que vous lui communiquez. [&hellip;]<\/p>\n","protected":false},"author":1,"featured_media":9387,"parent":0,"menu_order":0,"comment_status":"closed","ping_status":"closed","template":"template-tipo.php","meta":{"_acf_changed":false,"footnotes":""},"class_list":["post-4707","page","type-page","status-publish","has-post-thumbnail","hentry"],"acf":[],"yoast_head":"<!-- This site is optimized with the Yoast SEO plugin v27.4 - https:\/\/yoast.com\/product\/yoast-seo-wordpress\/ -->\n<title>Politique de confidentialit\u00e9 et cookies | Sima<\/title>\n<meta name=\"robots\" content=\"noindex, follow\" \/>\n<meta property=\"og:locale\" content=\"fr_FR\" \/>\n<meta property=\"og:type\" content=\"article\" \/>\n<meta property=\"og:title\" content=\"Politique de confidentialit\u00e9 et cookies | Sima\" \/>\n<meta property=\"og:description\" content=\"Politique de confidentialit\u00e9 et cookies Nous vous remercions de votre int\u00e9r\u00eat sur notre site Web. Pour nous, il est extr\u00eamement important de prot\u00e9ger votre vie priv\u00e9e. En cons\u00e9quence, nous avons d\u00e9velopp\u00e9 cette Politique relative \u00e0 la vie priv\u00e9e afin de vous informer de la mani\u00e8re dont SIMA traite les informations personnelles que vous lui communiquez. [&hellip;]\" \/>\n<meta property=\"og:url\" content=\"https:\/\/www.simasa.com\/fr\/politica-de-privacidad\/\" \/>\n<meta property=\"og:site_name\" content=\"Sima\" \/>\n<meta property=\"article:modified_time\" content=\"2019-06-07T11:42:43+00:00\" \/>\n<meta property=\"og:image\" content=\"https:\/\/www.simasa.com\/wp-content\/uploads\/2017\/12\/Fachada_1800-1-e1514479529393.jpg\" \/>\n\t<meta property=\"og:image:width\" content=\"1800\" \/>\n\t<meta property=\"og:image:height\" content=\"391\" \/>\n\t<meta property=\"og:image:type\" content=\"image\/jpeg\" \/>\n<meta name=\"twitter:card\" content=\"summary_large_image\" \/>\n<meta name=\"twitter:label1\" content=\"Dur\u00e9e de lecture estim\u00e9e\" \/>\n\t<meta name=\"twitter:data1\" content=\"6 minutes\" \/>\n<script type=\"application\/ld+json\" class=\"yoast-schema-graph\">{\"@context\":\"https:\\\/\\\/schema.org\",\"@graph\":[{\"@type\":\"WebPage\",\"@id\":\"https:\\\/\\\/www.simasa.com\\\/fr\\\/politica-de-privacidad\\\/\",\"url\":\"https:\\\/\\\/www.simasa.com\\\/fr\\\/politica-de-privacidad\\\/\",\"name\":\"Politique de confidentialit\u00e9 et cookies | Sima\",\"isPartOf\":{\"@id\":\"https:\\\/\\\/www.simasa.com\\\/fr\\\/#website\"},\"primaryImageOfPage\":{\"@id\":\"https:\\\/\\\/www.simasa.com\\\/fr\\\/politica-de-privacidad\\\/#primaryimage\"},\"image\":{\"@id\":\"https:\\\/\\\/www.simasa.com\\\/fr\\\/politica-de-privacidad\\\/#primaryimage\"},\"thumbnailUrl\":\"https:\\\/\\\/www.simasa.com\\\/wp-content\\\/uploads\\\/2017\\\/12\\\/Fachada_1800-1-e1514479529393.jpg\",\"datePublished\":\"2016-03-23T15:46:39+00:00\",\"dateModified\":\"2019-06-07T11:42:43+00:00\",\"breadcrumb\":{\"@id\":\"https:\\\/\\\/www.simasa.com\\\/fr\\\/politica-de-privacidad\\\/#breadcrumb\"},\"inLanguage\":\"fr-FR\",\"potentialAction\":[{\"@type\":\"ReadAction\",\"target\":[\"https:\\\/\\\/www.simasa.com\\\/fr\\\/politica-de-privacidad\\\/\"]}]},{\"@type\":\"ImageObject\",\"inLanguage\":\"fr-FR\",\"@id\":\"https:\\\/\\\/www.simasa.com\\\/fr\\\/politica-de-privacidad\\\/#primaryimage\",\"url\":\"https:\\\/\\\/www.simasa.com\\\/wp-content\\\/uploads\\\/2017\\\/12\\\/Fachada_1800-1-e1514479529393.jpg\",\"contentUrl\":\"https:\\\/\\\/www.simasa.com\\\/wp-content\\\/uploads\\\/2017\\\/12\\\/Fachada_1800-1-e1514479529393.jpg\",\"width\":1800,\"height\":391},{\"@type\":\"BreadcrumbList\",\"@id\":\"https:\\\/\\\/www.simasa.com\\\/fr\\\/politica-de-privacidad\\\/#breadcrumb\",\"itemListElement\":[{\"@type\":\"ListItem\",\"position\":1,\"name\":\"Inicio\",\"item\":\"https:\\\/\\\/www.simasa.com\\\/fr\\\/\"},{\"@type\":\"ListItem\",\"position\":2,\"name\":\"Politique de confidentialit\u00e9 et cookies\"}]},{\"@type\":\"WebSite\",\"@id\":\"https:\\\/\\\/www.simasa.com\\\/fr\\\/#website\",\"url\":\"https:\\\/\\\/www.simasa.com\\\/fr\\\/\",\"name\":\"Sima\",\"description\":\"Fabricantes de maquinaria para la construcci\u00f3n\",\"publisher\":{\"@id\":\"https:\\\/\\\/www.simasa.com\\\/fr\\\/#organization\"},\"potentialAction\":[{\"@type\":\"SearchAction\",\"target\":{\"@type\":\"EntryPoint\",\"urlTemplate\":\"https:\\\/\\\/www.simasa.com\\\/fr\\\/?s={search_term_string}\"},\"query-input\":{\"@type\":\"PropertyValueSpecification\",\"valueRequired\":true,\"valueName\":\"search_term_string\"}}],\"inLanguage\":\"fr-FR\"},{\"@type\":\"Organization\",\"@id\":\"https:\\\/\\\/www.simasa.com\\\/fr\\\/#organization\",\"name\":\"Sima\",\"url\":\"https:\\\/\\\/www.simasa.com\\\/fr\\\/\",\"logo\":{\"@type\":\"ImageObject\",\"inLanguage\":\"fr-FR\",\"@id\":\"https:\\\/\\\/www.simasa.com\\\/fr\\\/#\\\/schema\\\/logo\\\/image\\\/\",\"url\":\"https:\\\/\\\/www.simasa.com\\\/wp-content\\\/uploads\\\/2016\\\/03\\\/logo-1.jpg\",\"contentUrl\":\"https:\\\/\\\/www.simasa.com\\\/wp-content\\\/uploads\\\/2016\\\/03\\\/logo-1.jpg\",\"width\":121,\"height\":54,\"caption\":\"Sima\"},\"image\":{\"@id\":\"https:\\\/\\\/www.simasa.com\\\/fr\\\/#\\\/schema\\\/logo\\\/image\\\/\"}}]}<\/script>\n<!-- \/ Yoast SEO plugin. -->","yoast_head_json":{"title":"Politique de confidentialit\u00e9 et cookies | Sima","robots":{"index":"noindex","follow":"follow"},"og_locale":"fr_FR","og_type":"article","og_title":"Politique de confidentialit\u00e9 et cookies | Sima","og_description":"Politique de confidentialit\u00e9 et cookies Nous vous remercions de votre int\u00e9r\u00eat sur notre site Web. Pour nous, il est extr\u00eamement important de prot\u00e9ger votre vie priv\u00e9e. En cons\u00e9quence, nous avons d\u00e9velopp\u00e9 cette Politique relative \u00e0 la vie priv\u00e9e afin de vous informer de la mani\u00e8re dont SIMA traite les informations personnelles que vous lui communiquez. [&hellip;]","og_url":"https:\/\/www.simasa.com\/fr\/politica-de-privacidad\/","og_site_name":"Sima","article_modified_time":"2019-06-07T11:42:43+00:00","og_image":[{"width":1800,"height":391,"url":"https:\/\/www.simasa.com\/wp-content\/uploads\/2017\/12\/Fachada_1800-1-e1514479529393.jpg","type":"image\/jpeg"}],"twitter_card":"summary_large_image","twitter_misc":{"Dur\u00e9e de lecture estim\u00e9e":"6 minutes"},"schema":{"@context":"https:\/\/schema.org","@graph":[{"@type":"WebPage","@id":"https:\/\/www.simasa.com\/fr\/politica-de-privacidad\/","url":"https:\/\/www.simasa.com\/fr\/politica-de-privacidad\/","name":"Politique de confidentialit\u00e9 et cookies | Sima","isPartOf":{"@id":"https:\/\/www.simasa.com\/fr\/#website"},"primaryImageOfPage":{"@id":"https:\/\/www.simasa.com\/fr\/politica-de-privacidad\/#primaryimage"},"image":{"@id":"https:\/\/www.simasa.com\/fr\/politica-de-privacidad\/#primaryimage"},"thumbnailUrl":"https:\/\/www.simasa.com\/wp-content\/uploads\/2017\/12\/Fachada_1800-1-e1514479529393.jpg","datePublished":"2016-03-23T15:46:39+00:00","dateModified":"2019-06-07T11:42:43+00:00","breadcrumb":{"@id":"https:\/\/www.simasa.com\/fr\/politica-de-privacidad\/#breadcrumb"},"inLanguage":"fr-FR","potentialAction":[{"@type":"ReadAction","target":["https:\/\/www.simasa.com\/fr\/politica-de-privacidad\/"]}]},{"@type":"ImageObject","inLanguage":"fr-FR","@id":"https:\/\/www.simasa.com\/fr\/politica-de-privacidad\/#primaryimage","url":"https:\/\/www.simasa.com\/wp-content\/uploads\/2017\/12\/Fachada_1800-1-e1514479529393.jpg","contentUrl":"https:\/\/www.simasa.com\/wp-content\/uploads\/2017\/12\/Fachada_1800-1-e1514479529393.jpg","width":1800,"height":391},{"@type":"BreadcrumbList","@id":"https:\/\/www.simasa.com\/fr\/politica-de-privacidad\/#breadcrumb","itemListElement":[{"@type":"ListItem","position":1,"name":"Inicio","item":"https:\/\/www.simasa.com\/fr\/"},{"@type":"ListItem","position":2,"name":"Politique de confidentialit\u00e9 et cookies"}]},{"@type":"WebSite","@id":"https:\/\/www.simasa.com\/fr\/#website","url":"https:\/\/www.simasa.com\/fr\/","name":"Sima","description":"Fabricantes de maquinaria para la construcci\u00f3n","publisher":{"@id":"https:\/\/www.simasa.com\/fr\/#organization"},"potentialAction":[{"@type":"SearchAction","target":{"@type":"EntryPoint","urlTemplate":"https:\/\/www.simasa.com\/fr\/?s={search_term_string}"},"query-input":{"@type":"PropertyValueSpecification","valueRequired":true,"valueName":"search_term_string"}}],"inLanguage":"fr-FR"},{"@type":"Organization","@id":"https:\/\/www.simasa.com\/fr\/#organization","name":"Sima","url":"https:\/\/www.simasa.com\/fr\/","logo":{"@type":"ImageObject","inLanguage":"fr-FR","@id":"https:\/\/www.simasa.com\/fr\/#\/schema\/logo\/image\/","url":"https:\/\/www.simasa.com\/wp-content\/uploads\/2016\/03\/logo-1.jpg","contentUrl":"https:\/\/www.simasa.com\/wp-content\/uploads\/2016\/03\/logo-1.jpg","width":121,"height":54,"caption":"Sima"},"image":{"@id":"https:\/\/www.simasa.com\/fr\/#\/schema\/logo\/image\/"}}]}},"_links":{"self":[{"href":"https:\/\/www.simasa.com\/fr\/wp-json\/wp\/v2\/pages\/4707","targetHints":{"allow":["GET"]}}],"collection":[{"href":"https:\/\/www.simasa.com\/fr\/wp-json\/wp\/v2\/pages"}],"about":[{"href":"https:\/\/www.simasa.com\/fr\/wp-json\/wp\/v2\/types\/page"}],"author":[{"embeddable":true,"href":"https:\/\/www.simasa.com\/fr\/wp-json\/wp\/v2\/users\/1"}],"replies":[{"embeddable":true,"href":"https:\/\/www.simasa.com\/fr\/wp-json\/wp\/v2\/comments?post=4707"}],"version-history":[{"count":7,"href":"https:\/\/www.simasa.com\/fr\/wp-json\/wp\/v2\/pages\/4707\/revisions"}],"predecessor-version":[{"id":10017,"href":"https:\/\/www.simasa.com\/fr\/wp-json\/wp\/v2\/pages\/4707\/revisions\/10017"}],"wp:featuredmedia":[{"embeddable":true,"href":"https:\/\/www.simasa.com\/fr\/wp-json\/wp\/v2\/media\/9387"}],"wp:attachment":[{"href":"https:\/\/www.simasa.com\/fr\/wp-json\/wp\/v2\/media?parent=4707"}],"curies":[{"name":"wp","href":"https:\/\/api.w.org\/{rel}","templated":true}]}}