{"id":1233,"date":"2016-03-16T15:40:22","date_gmt":"2016-03-16T15:40:22","guid":{"rendered":"https:\/\/www.simasa.com\/fr\/ubicacion\/"},"modified":"2018-01-17T17:34:56","modified_gmt":"2018-01-17T17:34:56","slug":"ou-sommes-nous","status":"publish","type":"page","link":"https:\/\/www.simasa.com\/fr\/ou-sommes-nous\/","title":{"rendered":"O\u00fa sommes nous"},"content":{"rendered":"<h3>Notre usine et si\u00e8ge social:<\/h3>\n<p>C\/ Albu\u00f1ol, Parc.250, Pol\u00edgono Juncaril<br \/>\n18220 <strong>Albolote &#8211; GRANADA. (ESPA\u00d1A)<\/strong><\/p>\n<p>&nbsp;<\/p>\n<h3>\u00bfComme arriver a notre instalations?<\/h3>\n<p>Prendre la rout E902\/A44 qui relie Granada avec Jaen et prendre les sorties 118 ou 119 qui aboutissent sur la zone industrielle JUNCARIL (Albolote &#8211; Granada &#8211; SPAIN) o\u00fa se trouve SIMA.<\/p>\n","protected":false},"excerpt":{"rendered":"<p>Notre usine et si\u00e8ge social: C\/ Albu\u00f1ol, Parc.250, Pol\u00edgono Juncaril 18220 Albolote &#8211; GRANADA. (ESPA\u00d1A) &nbsp; \u00bfComme arriver a notre instalations? Prendre la rout E902\/A44 qui relie Granada avec Jaen et prendre les sorties 118 ou 119 qui aboutissent sur la zone industrielle JUNCARIL (Albolote &#8211; Granada &#8211; SPAIN) o\u00fa se trouve SIMA.<\/p>\n","protected":false},"author":1,"featured_media":5258,"parent":0,"menu_order":0,"comment_status":"closed","ping_status":"closed","template":"template-ubicacion.php","meta":{"_acf_changed":false,"footnotes":""},"class_list":["post-1233","page","type-page","status-publish","has-post-thumbnail","hentry"],"acf":[],"yoast_head":"<!-- This site is optimized with the Yoast SEO plugin v27.4 - https:\/\/yoast.com\/product\/yoast-seo-wordpress\/ -->\n<title>O\u00fa sommes nous | Sima<\/title>\n<meta name=\"robots\" content=\"index, follow, max-snippet:-1, max-image-preview:large, max-video-preview:-1\" \/>\n<link rel=\"canonical\" href=\"https:\/\/www.simasa.com\/fr\/ou-sommes-nous\/\" \/>\n<meta property=\"og:locale\" content=\"fr_FR\" \/>\n<meta property=\"og:type\" content=\"article\" \/>\n<meta property=\"og:title\" content=\"O\u00fa sommes nous | Sima\" \/>\n<meta property=\"og:description\" content=\"Notre usine et si\u00e8ge social: C\/ Albu\u00f1ol, Parc.250, Pol\u00edgono Juncaril 18220 Albolote &#8211; GRANADA. (ESPA\u00d1A) &nbsp; \u00bfComme arriver a notre instalations? Prendre la rout E902\/A44 qui relie Granada avec Jaen et prendre les sorties 118 ou 119 qui aboutissent sur la zone industrielle JUNCARIL (Albolote &#8211; Granada &#8211; SPAIN) o\u00fa se trouve SIMA.\" \/>\n<meta property=\"og:url\" content=\"https:\/\/www.simasa.com\/fr\/ou-sommes-nous\/\" \/>\n<meta property=\"og:site_name\" content=\"Sima\" \/>\n<meta property=\"article:modified_time\" content=\"2018-01-17T17:34:56+00:00\" \/>\n<meta property=\"og:image\" content=\"https:\/\/www.simasa.com\/wp-content\/uploads\/2016\/03\/Fachada-SIMA.jpg\" \/>\n\t<meta property=\"og:image:width\" content=\"636\" \/>\n\t<meta property=\"og:image:height\" content=\"230\" \/>\n\t<meta property=\"og:image:type\" content=\"image\/jpeg\" \/>\n<meta name=\"twitter:card\" content=\"summary_large_image\" \/>\n<script type=\"application\/ld+json\" class=\"yoast-schema-graph\">{\"@context\":\"https:\\\/\\\/schema.org\",\"@graph\":[{\"@type\":\"WebPage\",\"@id\":\"https:\\\/\\\/www.simasa.com\\\/fr\\\/ou-sommes-nous\\\/\",\"url\":\"https:\\\/\\\/www.simasa.com\\\/fr\\\/ou-sommes-nous\\\/\",\"name\":\"O\u00fa sommes nous | Sima\",\"isPartOf\":{\"@id\":\"https:\\\/\\\/www.simasa.com\\\/fr\\\/#website\"},\"primaryImageOfPage\":{\"@id\":\"https:\\\/\\\/www.simasa.com\\\/fr\\\/ou-sommes-nous\\\/#primaryimage\"},\"image\":{\"@id\":\"https:\\\/\\\/www.simasa.com\\\/fr\\\/ou-sommes-nous\\\/#primaryimage\"},\"thumbnailUrl\":\"https:\\\/\\\/www.simasa.com\\\/wp-content\\\/uploads\\\/2016\\\/03\\\/Fachada-SIMA.jpg\",\"datePublished\":\"2016-03-16T15:40:22+00:00\",\"dateModified\":\"2018-01-17T17:34:56+00:00\",\"breadcrumb\":{\"@id\":\"https:\\\/\\\/www.simasa.com\\\/fr\\\/ou-sommes-nous\\\/#breadcrumb\"},\"inLanguage\":\"fr-FR\",\"potentialAction\":[{\"@type\":\"ReadAction\",\"target\":[\"https:\\\/\\\/www.simasa.com\\\/fr\\\/ou-sommes-nous\\\/\"]}]},{\"@type\":\"ImageObject\",\"inLanguage\":\"fr-FR\",\"@id\":\"https:\\\/\\\/www.simasa.com\\\/fr\\\/ou-sommes-nous\\\/#primaryimage\",\"url\":\"https:\\\/\\\/www.simasa.com\\\/wp-content\\\/uploads\\\/2016\\\/03\\\/Fachada-SIMA.jpg\",\"contentUrl\":\"https:\\\/\\\/www.simasa.com\\\/wp-content\\\/uploads\\\/2016\\\/03\\\/Fachada-SIMA.jpg\",\"width\":636,\"height\":230},{\"@type\":\"BreadcrumbList\",\"@id\":\"https:\\\/\\\/www.simasa.com\\\/fr\\\/ou-sommes-nous\\\/#breadcrumb\",\"itemListElement\":[{\"@type\":\"ListItem\",\"position\":1,\"name\":\"Inicio\",\"item\":\"https:\\\/\\\/www.simasa.com\\\/fr\\\/\"},{\"@type\":\"ListItem\",\"position\":2,\"name\":\"O\u00fa sommes nous\"}]},{\"@type\":\"WebSite\",\"@id\":\"https:\\\/\\\/www.simasa.com\\\/fr\\\/#website\",\"url\":\"https:\\\/\\\/www.simasa.com\\\/fr\\\/\",\"name\":\"Sima\",\"description\":\"Fabricantes de maquinaria para la construcci\u00f3n\",\"publisher\":{\"@id\":\"https:\\\/\\\/www.simasa.com\\\/fr\\\/#organization\"},\"potentialAction\":[{\"@type\":\"SearchAction\",\"target\":{\"@type\":\"EntryPoint\",\"urlTemplate\":\"https:\\\/\\\/www.simasa.com\\\/fr\\\/?s={search_term_string}\"},\"query-input\":{\"@type\":\"PropertyValueSpecification\",\"valueRequired\":true,\"valueName\":\"search_term_string\"}}],\"inLanguage\":\"fr-FR\"},{\"@type\":\"Organization\",\"@id\":\"https:\\\/\\\/www.simasa.com\\\/fr\\\/#organization\",\"name\":\"Sima\",\"url\":\"https:\\\/\\\/www.simasa.com\\\/fr\\\/\",\"logo\":{\"@type\":\"ImageObject\",\"inLanguage\":\"fr-FR\",\"@id\":\"https:\\\/\\\/www.simasa.com\\\/fr\\\/#\\\/schema\\\/logo\\\/image\\\/\",\"url\":\"https:\\\/\\\/www.simasa.com\\\/wp-content\\\/uploads\\\/2016\\\/03\\\/logo-1.jpg\",\"contentUrl\":\"https:\\\/\\\/www.simasa.com\\\/wp-content\\\/uploads\\\/2016\\\/03\\\/logo-1.jpg\",\"width\":121,\"height\":54,\"caption\":\"Sima\"},\"image\":{\"@id\":\"https:\\\/\\\/www.simasa.com\\\/fr\\\/#\\\/schema\\\/logo\\\/image\\\/\"}}]}<\/script>\n<!-- \/ Yoast SEO plugin. -->","yoast_head_json":{"title":"O\u00fa sommes nous | Sima","robots":{"index":"index","follow":"follow","max-snippet":"max-snippet:-1","max-image-preview":"max-image-preview:large","max-video-preview":"max-video-preview:-1"},"canonical":"https:\/\/www.simasa.com\/fr\/ou-sommes-nous\/","og_locale":"fr_FR","og_type":"article","og_title":"O\u00fa sommes nous | Sima","og_description":"Notre usine et si\u00e8ge social: C\/ Albu\u00f1ol, Parc.250, Pol\u00edgono Juncaril 18220 Albolote &#8211; GRANADA. (ESPA\u00d1A) &nbsp; \u00bfComme arriver a notre instalations? Prendre la rout E902\/A44 qui relie Granada avec Jaen et prendre les sorties 118 ou 119 qui aboutissent sur la zone industrielle JUNCARIL (Albolote &#8211; Granada &#8211; SPAIN) o\u00fa se trouve SIMA.","og_url":"https:\/\/www.simasa.com\/fr\/ou-sommes-nous\/","og_site_name":"Sima","article_modified_time":"2018-01-17T17:34:56+00:00","og_image":[{"width":636,"height":230,"url":"https:\/\/www.simasa.com\/wp-content\/uploads\/2016\/03\/Fachada-SIMA.jpg","type":"image\/jpeg"}],"twitter_card":"summary_large_image","schema":{"@context":"https:\/\/schema.org","@graph":[{"@type":"WebPage","@id":"https:\/\/www.simasa.com\/fr\/ou-sommes-nous\/","url":"https:\/\/www.simasa.com\/fr\/ou-sommes-nous\/","name":"O\u00fa sommes nous | Sima","isPartOf":{"@id":"https:\/\/www.simasa.com\/fr\/#website"},"primaryImageOfPage":{"@id":"https:\/\/www.simasa.com\/fr\/ou-sommes-nous\/#primaryimage"},"image":{"@id":"https:\/\/www.simasa.com\/fr\/ou-sommes-nous\/#primaryimage"},"thumbnailUrl":"https:\/\/www.simasa.com\/wp-content\/uploads\/2016\/03\/Fachada-SIMA.jpg","datePublished":"2016-03-16T15:40:22+00:00","dateModified":"2018-01-17T17:34:56+00:00","breadcrumb":{"@id":"https:\/\/www.simasa.com\/fr\/ou-sommes-nous\/#breadcrumb"},"inLanguage":"fr-FR","potentialAction":[{"@type":"ReadAction","target":["https:\/\/www.simasa.com\/fr\/ou-sommes-nous\/"]}]},{"@type":"ImageObject","inLanguage":"fr-FR","@id":"https:\/\/www.simasa.com\/fr\/ou-sommes-nous\/#primaryimage","url":"https:\/\/www.simasa.com\/wp-content\/uploads\/2016\/03\/Fachada-SIMA.jpg","contentUrl":"https:\/\/www.simasa.com\/wp-content\/uploads\/2016\/03\/Fachada-SIMA.jpg","width":636,"height":230},{"@type":"BreadcrumbList","@id":"https:\/\/www.simasa.com\/fr\/ou-sommes-nous\/#breadcrumb","itemListElement":[{"@type":"ListItem","position":1,"name":"Inicio","item":"https:\/\/www.simasa.com\/fr\/"},{"@type":"ListItem","position":2,"name":"O\u00fa sommes nous"}]},{"@type":"WebSite","@id":"https:\/\/www.simasa.com\/fr\/#website","url":"https:\/\/www.simasa.com\/fr\/","name":"Sima","description":"Fabricantes de maquinaria para la construcci\u00f3n","publisher":{"@id":"https:\/\/www.simasa.com\/fr\/#organization"},"potentialAction":[{"@type":"SearchAction","target":{"@type":"EntryPoint","urlTemplate":"https:\/\/www.simasa.com\/fr\/?s={search_term_string}"},"query-input":{"@type":"PropertyValueSpecification","valueRequired":true,"valueName":"search_term_string"}}],"inLanguage":"fr-FR"},{"@type":"Organization","@id":"https:\/\/www.simasa.com\/fr\/#organization","name":"Sima","url":"https:\/\/www.simasa.com\/fr\/","logo":{"@type":"ImageObject","inLanguage":"fr-FR","@id":"https:\/\/www.simasa.com\/fr\/#\/schema\/logo\/image\/","url":"https:\/\/www.simasa.com\/wp-content\/uploads\/2016\/03\/logo-1.jpg","contentUrl":"https:\/\/www.simasa.com\/wp-content\/uploads\/2016\/03\/logo-1.jpg","width":121,"height":54,"caption":"Sima"},"image":{"@id":"https:\/\/www.simasa.com\/fr\/#\/schema\/logo\/image\/"}}]}},"_links":{"self":[{"href":"https:\/\/www.simasa.com\/fr\/wp-json\/wp\/v2\/pages\/1233","targetHints":{"allow":["GET"]}}],"collection":[{"href":"https:\/\/www.simasa.com\/fr\/wp-json\/wp\/v2\/pages"}],"about":[{"href":"https:\/\/www.simasa.com\/fr\/wp-json\/wp\/v2\/types\/page"}],"author":[{"embeddable":true,"href":"https:\/\/www.simasa.com\/fr\/wp-json\/wp\/v2\/users\/1"}],"replies":[{"embeddable":true,"href":"https:\/\/www.simasa.com\/fr\/wp-json\/wp\/v2\/comments?post=1233"}],"version-history":[{"count":2,"href":"https:\/\/www.simasa.com\/fr\/wp-json\/wp\/v2\/pages\/1233\/revisions"}],"predecessor-version":[{"id":1235,"href":"https:\/\/www.simasa.com\/fr\/wp-json\/wp\/v2\/pages\/1233\/revisions\/1235"}],"wp:featuredmedia":[{"embeddable":true,"href":"https:\/\/www.simasa.com\/fr\/wp-json\/wp\/v2\/media\/5258"}],"wp:attachment":[{"href":"https:\/\/www.simasa.com\/fr\/wp-json\/wp\/v2\/media?parent=1233"}],"curies":[{"name":"wp","href":"https:\/\/api.w.org\/{rel}","templated":true}]}}