{"id":1178,"date":"2016-03-16T15:37:29","date_gmt":"2016-03-16T15:37:29","guid":{"rendered":"https:\/\/www.simasa.com\/fr\/empresa\/"},"modified":"2017-12-28T16:45:49","modified_gmt":"2017-12-28T16:45:49","slug":"empresa","status":"publish","type":"page","link":"https:\/\/www.simasa.com\/fr\/empresa\/","title":{"rendered":"Sur SIMA"},"content":{"rendered":"<h1>Fabricant de machines pour le B\u00e2timent<\/h1>\n<p>&nbsp;<\/p>\n<p>SIMA , \u00ab Sociedad Industrial de Maquinaria Andaluza \u00bb,S.A. d\u00e9bute son activit\u00e9 en 1970. La gestion d\u00b4entreprise est sa vocation principale. D\u00e8s lors SIMA a pour objectif de fabriquer des machines fiables, innovatrices et rentables afin de contribuer \u00e0 am\u00e9liorer le travail des utilisateurs.<\/p>\n<p>Actuellement SIMA dispose d&rsquo; un espace productif de 27.000\u00a0m2. Dans cet espace, se d\u00e9roulent les diff\u00e9rentes \u00e9tapes du\u00a0processus de production: d\u00e9coupe laser avec assemblage\u00a0robotis\u00e9, peinture et traitement des surfaces, installations\u00a0\u00e9lectriques&#8230; jusqu&rsquo; au montage et emballage des produits\u00a0termin\u00e9s.<\/p>\n<p>Nous fabriquons une gamme compl\u00e8te de machines:<\/p>\n<ul>\n<li class=\"firstItem\">Scies \u00e0 mat\u00e9riaux.<\/li>\n<li>Elaboration de fer \u00e0 b\u00e9ton.<\/li>\n<li>Traitement de surfaces.<\/li>\n<li class=\"lastItem\">Disques diamants, couronnes et disques abrasifs.<\/li>\n<\/ul>\n<p>Nous sommes une soci\u00e9t\u00e9 leader sur le march\u00e9 espagnol de machines dans le domaine du B\u00e2timent et une des principales en\u00a0Europe.<\/p>\n<p>En 2016, SIMA est pr\u00e9sente dans 77 pays.\u00a0Elle poursuit sa croissance internationale\u00a0en consolidant sa position sur les march\u00e9s\u00a0actuels et en prospectant pour ouvrir de\u00a0nouveaux march\u00e9s.<\/p>\n<p>SIMA a d\u00e9montr\u00e9 sa vocation internationale en se projetant sur\u00a0les 5 continents. Elle est pr\u00e9sente dans 62 pays dans le monde\u00a0entier et en gestation dans 15 pays.\u00a0Notre \u00e9quipe commerciale est compos\u00e9e de professionnels\u00a0avec une formation technique consid\u00e9rable, devenant alors des\u00a0conseillers client\u00e8le sur deux fronts: la partie technique et la\u00a0partie commerciale.\u00a0Il est important pour nous d&rsquo; \u00eatre pr\u00e9sents sur les salons les plus\u00a0importants du secteur: BAUMA, BIG5, SMOPYC, INTERMAT, WOC\u00a0et autres. Selon le pays, SIMA est en co-participation avec son\u00a0distributeur.<\/p>\n<p>En ligne g\u00e9n\u00e9rale SIMA travaille avec des distributeurs\u00a0(importateurs en gros). Cependant il existe de nombreuses\u00a0exceptions.\u00a0Tout pays est unique. Tout pays a ses particularit\u00e9s locales\u00a0commerciales et culturelles, auxquelles nous devons nous\u00a0adapter pour assurer notre succ\u00e9s. En fonction du pays,\u00a0nous avons \u00e9tablis des r\u00e9seaux d&rsquo;agents libres au service des\u00a0distributeurs et sous-distributeurs ou, dans d&rsquo;autres cas, avec\u00a0des loueurs comme les clients directs.\u00a0Notre flexibilit\u00e9 nous permet d&rsquo;avoir de nombreux clients O.E.M.,\u00a0pour lesquels nous produisons leur propre marque en base \u00e0\u00a0leurs sp\u00e9cifications et besoins.<\/p>\n<p>Dans la lign\u00e9e du progr\u00e9s technologique, notre site Web et\u00a0notre pr\u00e9sence sur les r\u00e9seaux sociaux sont une source de d&rsquo;\u00a0information et de communication entre SIMA et les clients ou les\u00a0utilisateurs finaux, ainsi qu&rsquo;un point de contact pour ceux qui ont\u00a0besoin de service ou d&rsquo; informations techniques sur nos produits.<\/p>\n<p>&nbsp;<\/p>\n","protected":false},"excerpt":{"rendered":"<p>Fabricant de machines pour le B\u00e2timent &nbsp; SIMA , \u00ab Sociedad Industrial de Maquinaria Andaluza \u00bb,S.A. d\u00e9bute son activit\u00e9 en 1970. La gestion d\u00b4entreprise est sa vocation principale. D\u00e8s lors SIMA a pour objectif de fabriquer des machines fiables, innovatrices et rentables afin de contribuer \u00e0 am\u00e9liorer le travail des utilisateurs. Actuellement SIMA dispose d&rsquo; [&hellip;]<\/p>\n","protected":false},"author":1,"featured_media":9387,"parent":0,"menu_order":0,"comment_status":"closed","ping_status":"closed","template":"template-tipo.php","meta":{"_acf_changed":false,"footnotes":""},"class_list":["post-1178","page","type-page","status-publish","has-post-thumbnail","hentry"],"acf":[],"yoast_head":"<!-- This site is optimized with the Yoast SEO plugin v27.2 - https:\/\/yoast.com\/product\/yoast-seo-wordpress\/ -->\n<title>Sur SIMA | Sima<\/title>\n<meta name=\"robots\" content=\"index, follow, max-snippet:-1, max-image-preview:large, max-video-preview:-1\" \/>\n<link rel=\"canonical\" href=\"https:\/\/www.simasa.com\/fr\/empresa\/\" \/>\n<meta property=\"og:locale\" content=\"fr_FR\" \/>\n<meta property=\"og:type\" content=\"article\" \/>\n<meta property=\"og:title\" content=\"Sur SIMA | Sima\" \/>\n<meta property=\"og:description\" content=\"Fabricant de machines pour le B\u00e2timent &nbsp; SIMA , \u00ab Sociedad Industrial de Maquinaria Andaluza \u00bb,S.A. d\u00e9bute son activit\u00e9 en 1970. La gestion d\u00b4entreprise est sa vocation principale. D\u00e8s lors SIMA a pour objectif de fabriquer des machines fiables, innovatrices et rentables afin de contribuer \u00e0 am\u00e9liorer le travail des utilisateurs. Actuellement SIMA dispose d&rsquo; [&hellip;]\" \/>\n<meta property=\"og:url\" content=\"https:\/\/www.simasa.com\/fr\/empresa\/\" \/>\n<meta property=\"og:site_name\" content=\"Sima\" \/>\n<meta property=\"article:modified_time\" content=\"2017-12-28T16:45:49+00:00\" \/>\n<meta property=\"og:image\" content=\"https:\/\/www.simasa.com\/wp-content\/uploads\/2017\/12\/Fachada_1800-1-e1514479529393.jpg\" \/>\n\t<meta property=\"og:image:width\" content=\"1800\" \/>\n\t<meta property=\"og:image:height\" content=\"391\" \/>\n\t<meta property=\"og:image:type\" content=\"image\/jpeg\" \/>\n<meta name=\"twitter:card\" content=\"summary_large_image\" \/>\n<meta name=\"twitter:label1\" content=\"Dur\u00e9e de lecture estim\u00e9e\" \/>\n\t<meta name=\"twitter:data1\" content=\"2 minutes\" \/>\n<script type=\"application\/ld+json\" class=\"yoast-schema-graph\">{\"@context\":\"https:\/\/schema.org\",\"@graph\":[{\"@type\":\"WebPage\",\"@id\":\"https:\/\/www.simasa.com\/fr\/empresa\/\",\"url\":\"https:\/\/www.simasa.com\/fr\/empresa\/\",\"name\":\"Sur SIMA | Sima\",\"isPartOf\":{\"@id\":\"https:\/\/www.simasa.com\/fr\/#website\"},\"primaryImageOfPage\":{\"@id\":\"https:\/\/www.simasa.com\/fr\/empresa\/#primaryimage\"},\"image\":{\"@id\":\"https:\/\/www.simasa.com\/fr\/empresa\/#primaryimage\"},\"thumbnailUrl\":\"https:\/\/www.simasa.com\/wp-content\/uploads\/2017\/12\/Fachada_1800-1-e1514479529393.jpg\",\"datePublished\":\"2016-03-16T15:37:29+00:00\",\"dateModified\":\"2017-12-28T16:45:49+00:00\",\"breadcrumb\":{\"@id\":\"https:\/\/www.simasa.com\/fr\/empresa\/#breadcrumb\"},\"inLanguage\":\"fr-FR\",\"potentialAction\":[{\"@type\":\"ReadAction\",\"target\":[\"https:\/\/www.simasa.com\/fr\/empresa\/\"]}]},{\"@type\":\"ImageObject\",\"inLanguage\":\"fr-FR\",\"@id\":\"https:\/\/www.simasa.com\/fr\/empresa\/#primaryimage\",\"url\":\"https:\/\/www.simasa.com\/wp-content\/uploads\/2017\/12\/Fachada_1800-1-e1514479529393.jpg\",\"contentUrl\":\"https:\/\/www.simasa.com\/wp-content\/uploads\/2017\/12\/Fachada_1800-1-e1514479529393.jpg\",\"width\":1800,\"height\":391},{\"@type\":\"BreadcrumbList\",\"@id\":\"https:\/\/www.simasa.com\/fr\/empresa\/#breadcrumb\",\"itemListElement\":[{\"@type\":\"ListItem\",\"position\":1,\"name\":\"Inicio\",\"item\":\"https:\/\/www.simasa.com\/fr\/\"},{\"@type\":\"ListItem\",\"position\":2,\"name\":\"Sur SIMA\"}]},{\"@type\":\"WebSite\",\"@id\":\"https:\/\/www.simasa.com\/fr\/#website\",\"url\":\"https:\/\/www.simasa.com\/fr\/\",\"name\":\"Sima\",\"description\":\"Fabricantes de maquinaria para la construcci\u00f3n\",\"publisher\":{\"@id\":\"https:\/\/www.simasa.com\/fr\/#organization\"},\"potentialAction\":[{\"@type\":\"SearchAction\",\"target\":{\"@type\":\"EntryPoint\",\"urlTemplate\":\"https:\/\/www.simasa.com\/fr\/?s={search_term_string}\"},\"query-input\":{\"@type\":\"PropertyValueSpecification\",\"valueRequired\":true,\"valueName\":\"search_term_string\"}}],\"inLanguage\":\"fr-FR\"},{\"@type\":\"Organization\",\"@id\":\"https:\/\/www.simasa.com\/fr\/#organization\",\"name\":\"Sima\",\"url\":\"https:\/\/www.simasa.com\/fr\/\",\"logo\":{\"@type\":\"ImageObject\",\"inLanguage\":\"fr-FR\",\"@id\":\"https:\/\/www.simasa.com\/fr\/#\/schema\/logo\/image\/\",\"url\":\"https:\/\/www.simasa.com\/wp-content\/uploads\/2016\/03\/logo-1.jpg\",\"contentUrl\":\"https:\/\/www.simasa.com\/wp-content\/uploads\/2016\/03\/logo-1.jpg\",\"width\":121,\"height\":54,\"caption\":\"Sima\"},\"image\":{\"@id\":\"https:\/\/www.simasa.com\/fr\/#\/schema\/logo\/image\/\"}}]}<\/script>\n<!-- \/ Yoast SEO plugin. -->","yoast_head_json":{"title":"Sur SIMA | Sima","robots":{"index":"index","follow":"follow","max-snippet":"max-snippet:-1","max-image-preview":"max-image-preview:large","max-video-preview":"max-video-preview:-1"},"canonical":"https:\/\/www.simasa.com\/fr\/empresa\/","og_locale":"fr_FR","og_type":"article","og_title":"Sur SIMA | Sima","og_description":"Fabricant de machines pour le B\u00e2timent &nbsp; SIMA , \u00ab Sociedad Industrial de Maquinaria Andaluza \u00bb,S.A. d\u00e9bute son activit\u00e9 en 1970. La gestion d\u00b4entreprise est sa vocation principale. D\u00e8s lors SIMA a pour objectif de fabriquer des machines fiables, innovatrices et rentables afin de contribuer \u00e0 am\u00e9liorer le travail des utilisateurs. Actuellement SIMA dispose d&rsquo; [&hellip;]","og_url":"https:\/\/www.simasa.com\/fr\/empresa\/","og_site_name":"Sima","article_modified_time":"2017-12-28T16:45:49+00:00","og_image":[{"width":1800,"height":391,"url":"https:\/\/www.simasa.com\/wp-content\/uploads\/2017\/12\/Fachada_1800-1-e1514479529393.jpg","type":"image\/jpeg"}],"twitter_card":"summary_large_image","twitter_misc":{"Dur\u00e9e de lecture estim\u00e9e":"2 minutes"},"schema":{"@context":"https:\/\/schema.org","@graph":[{"@type":"WebPage","@id":"https:\/\/www.simasa.com\/fr\/empresa\/","url":"https:\/\/www.simasa.com\/fr\/empresa\/","name":"Sur SIMA | Sima","isPartOf":{"@id":"https:\/\/www.simasa.com\/fr\/#website"},"primaryImageOfPage":{"@id":"https:\/\/www.simasa.com\/fr\/empresa\/#primaryimage"},"image":{"@id":"https:\/\/www.simasa.com\/fr\/empresa\/#primaryimage"},"thumbnailUrl":"https:\/\/www.simasa.com\/wp-content\/uploads\/2017\/12\/Fachada_1800-1-e1514479529393.jpg","datePublished":"2016-03-16T15:37:29+00:00","dateModified":"2017-12-28T16:45:49+00:00","breadcrumb":{"@id":"https:\/\/www.simasa.com\/fr\/empresa\/#breadcrumb"},"inLanguage":"fr-FR","potentialAction":[{"@type":"ReadAction","target":["https:\/\/www.simasa.com\/fr\/empresa\/"]}]},{"@type":"ImageObject","inLanguage":"fr-FR","@id":"https:\/\/www.simasa.com\/fr\/empresa\/#primaryimage","url":"https:\/\/www.simasa.com\/wp-content\/uploads\/2017\/12\/Fachada_1800-1-e1514479529393.jpg","contentUrl":"https:\/\/www.simasa.com\/wp-content\/uploads\/2017\/12\/Fachada_1800-1-e1514479529393.jpg","width":1800,"height":391},{"@type":"BreadcrumbList","@id":"https:\/\/www.simasa.com\/fr\/empresa\/#breadcrumb","itemListElement":[{"@type":"ListItem","position":1,"name":"Inicio","item":"https:\/\/www.simasa.com\/fr\/"},{"@type":"ListItem","position":2,"name":"Sur SIMA"}]},{"@type":"WebSite","@id":"https:\/\/www.simasa.com\/fr\/#website","url":"https:\/\/www.simasa.com\/fr\/","name":"Sima","description":"Fabricantes de maquinaria para la construcci\u00f3n","publisher":{"@id":"https:\/\/www.simasa.com\/fr\/#organization"},"potentialAction":[{"@type":"SearchAction","target":{"@type":"EntryPoint","urlTemplate":"https:\/\/www.simasa.com\/fr\/?s={search_term_string}"},"query-input":{"@type":"PropertyValueSpecification","valueRequired":true,"valueName":"search_term_string"}}],"inLanguage":"fr-FR"},{"@type":"Organization","@id":"https:\/\/www.simasa.com\/fr\/#organization","name":"Sima","url":"https:\/\/www.simasa.com\/fr\/","logo":{"@type":"ImageObject","inLanguage":"fr-FR","@id":"https:\/\/www.simasa.com\/fr\/#\/schema\/logo\/image\/","url":"https:\/\/www.simasa.com\/wp-content\/uploads\/2016\/03\/logo-1.jpg","contentUrl":"https:\/\/www.simasa.com\/wp-content\/uploads\/2016\/03\/logo-1.jpg","width":121,"height":54,"caption":"Sima"},"image":{"@id":"https:\/\/www.simasa.com\/fr\/#\/schema\/logo\/image\/"}}]}},"_links":{"self":[{"href":"https:\/\/www.simasa.com\/fr\/wp-json\/wp\/v2\/pages\/1178","targetHints":{"allow":["GET"]}}],"collection":[{"href":"https:\/\/www.simasa.com\/fr\/wp-json\/wp\/v2\/pages"}],"about":[{"href":"https:\/\/www.simasa.com\/fr\/wp-json\/wp\/v2\/types\/page"}],"author":[{"embeddable":true,"href":"https:\/\/www.simasa.com\/fr\/wp-json\/wp\/v2\/users\/1"}],"replies":[{"embeddable":true,"href":"https:\/\/www.simasa.com\/fr\/wp-json\/wp\/v2\/comments?post=1178"}],"version-history":[{"count":5,"href":"https:\/\/www.simasa.com\/fr\/wp-json\/wp\/v2\/pages\/1178\/revisions"}],"predecessor-version":[{"id":9445,"href":"https:\/\/www.simasa.com\/fr\/wp-json\/wp\/v2\/pages\/1178\/revisions\/9445"}],"wp:featuredmedia":[{"embeddable":true,"href":"https:\/\/www.simasa.com\/fr\/wp-json\/wp\/v2\/media\/9387"}],"wp:attachment":[{"href":"https:\/\/www.simasa.com\/fr\/wp-json\/wp\/v2\/media?parent=1178"}],"curies":[{"name":"wp","href":"https:\/\/api.w.org\/{rel}","templated":true}]}}