{"id":1128,"date":"2016-03-16T15:39:24","date_gmt":"2016-03-16T15:39:24","guid":{"rendered":"https:\/\/www.simasa.com\/fr\/post-venta\/"},"modified":"2018-01-17T17:17:12","modified_gmt":"2018-01-17T17:17:12","slug":"post-venta","status":"publish","type":"page","link":"https:\/\/www.simasa.com\/fr\/post-venta\/","title":{"rendered":"SERVI-SIMA"},"content":{"rendered":"<h2><\/h2>\n<h2>\u00a0Le SAV<img loading=\"lazy\" decoding=\"async\" class=\" wp-image-1006 alignright\" src=\"https:\/\/www.simasa.com\/wp-content\/uploads\/2016\/03\/servisima-vertical-200x300.jpg\" alt=\"servisima vertical\" width=\"534\" height=\"802\" srcset=\"https:\/\/www.simasa.com\/wp-content\/uploads\/2016\/03\/servisima-vertical-200x300.jpg 200w, https:\/\/www.simasa.com\/wp-content\/uploads\/2016\/03\/servisima-vertical-416x624.jpg 416w, https:\/\/www.simasa.com\/wp-content\/uploads\/2016\/03\/servisima-vertical-768x1152.jpg 768w, https:\/\/www.simasa.com\/wp-content\/uploads\/2016\/03\/servisima-vertical-683x1024.jpg 683w, https:\/\/www.simasa.com\/wp-content\/uploads\/2016\/03\/servisima-vertical.jpg 800w\" sizes=\"auto, (max-width: 534px) 100vw, 534px\" \/><\/h2>\n<p>En 2006 SERVISIMA est cr\u00e9e. SERVISIMA s&rsquo; occupe de r\u00e9soudre\u00a0les probl\u00e8mes caus\u00e9s par les pannes, hors et sous garantie. De\u00a0plus, SERVISIMA s\u00e9lectionne, d\u00e9signe, forme, coordonne et\u00a0maintient les points de service externes homologu\u00e9s.\u00a0SERVISIMA dispose d&rsquo; une grande vari\u00e9t\u00e9 de mat\u00e9riel graphique\u00a0pour les diff\u00e9rents mod\u00e8les de machines: vid\u00e9os, vues\u00a0\u00e9clat\u00e9es&#8230; qui contribuent \u00e0 faciliter le travail de diagnostic et\u00a0de d\u00e9pannage.<\/p>\n<p><img loading=\"lazy\" decoding=\"async\" class=\"alignnone size-medium wp-image-1012\" src=\"https:\/\/www.simasa.com\/wp-content\/uploads\/2016\/03\/servisima-columna2-300x198.png\" alt=\"servisima columna2\" width=\"300\" height=\"198\" srcset=\"https:\/\/www.simasa.com\/wp-content\/uploads\/2016\/03\/servisima-columna2-300x198.png 300w, https:\/\/www.simasa.com\/wp-content\/uploads\/2016\/03\/servisima-columna2-416x275.png 416w, https:\/\/www.simasa.com\/wp-content\/uploads\/2016\/03\/servisima-columna2.png 724w\" sizes=\"auto, (max-width: 300px) 100vw, 300px\" \/><\/p>\n<p>Tous les points de service SERVISIMA ont \u00e9t\u00e9 enti\u00e8rement\u00a0form\u00e9s, homologu\u00e9s par le personnel technique de SIMA. De\u00a0plus, le personnel qualif\u00ed\u00e9 SIMA offre des cours p\u00e9riodiques de\u00a0recyclage pour la mise \u00e0 jour de nouveaux produits lanc\u00e9s sur\u00a0le march\u00e9 par SIMA.<\/p>\n<p>Les r\u00e9parations effectu\u00e9es par les points d&rsquo;assistance technique\u00a0de SERVISIMA ont une garantie de trois mois pour les pi\u00e8ces et\u00a0la main &#8211; d&rsquo;oeuvre.<\/p>\n<p><img loading=\"lazy\" decoding=\"async\" class=\"alignnone size-medium wp-image-1004\" src=\"https:\/\/www.simasa.com\/wp-content\/uploads\/2016\/03\/servisima-maquinas-300x200.jpg\" alt=\"servisima maquinas\" width=\"300\" height=\"200\" srcset=\"https:\/\/www.simasa.com\/wp-content\/uploads\/2016\/03\/servisima-maquinas-300x200.jpg 300w, https:\/\/www.simasa.com\/wp-content\/uploads\/2016\/03\/servisima-maquinas-416x277.jpg 416w, https:\/\/www.simasa.com\/wp-content\/uploads\/2016\/03\/servisima-maquinas-768x512.jpg 768w, https:\/\/www.simasa.com\/wp-content\/uploads\/2016\/03\/servisima-maquinas.jpg 800w\" sizes=\"auto, (max-width: 300px) 100vw, 300px\" \/><\/p>\n<p>En outre, nos points de vente SERVISIMA ont un stock\u00a0permanent de pi\u00e8ces les plus courantes, ce qui nous permet d&rsquo;offrir un service rapide \u00e0 la demande de nos clients. Toutes les\u00a0pi\u00e8ces de rechange qui ne sont pas disponibles au magasin de\u00a0nos points de vente externes SERVISIMA seront envoy\u00e9s par\u00a0messagerie urgente sous 24\/48 heures.\u00a0Le suivi et la tra\u00e7abilit\u00e9 assurent le bon fonctionnement du\u00a0syst\u00e8me et la pleine satisfaction de nos clients. Cela est g\u00e9r\u00e9\u00a0par une \u00e9quipe de six professionnels \u00e0 votre service.<\/p>\n<p><img loading=\"lazy\" decoding=\"async\" class=\"alignnone size-medium wp-image-1005\" src=\"https:\/\/www.simasa.com\/wp-content\/uploads\/2016\/03\/servisima-ata-300x200.jpg\" alt=\"servisima ata\" width=\"300\" height=\"200\" srcset=\"https:\/\/www.simasa.com\/wp-content\/uploads\/2016\/03\/servisima-ata-300x200.jpg 300w, https:\/\/www.simasa.com\/wp-content\/uploads\/2016\/03\/servisima-ata-416x277.jpg 416w, https:\/\/www.simasa.com\/wp-content\/uploads\/2016\/03\/servisima-ata-768x512.jpg 768w, https:\/\/www.simasa.com\/wp-content\/uploads\/2016\/03\/servisima-ata.jpg 800w\" sizes=\"auto, (max-width: 300px) 100vw, 300px\" \/><\/p>\n<p>Notre S.A.T. SERVISIMA est conforme aux normes de qualit\u00e9\u00a0\u00e9tablies par SIMA, non seulement sur tous les produits et pi\u00e8ces\u00a0de rechange, mais aussi dans le service offert \u00e0 la client\u00e8le.\u00a0Par cons\u00e9quent, SERVISIMA s&rsquo; engage \u00e0 r\u00e9parer toute machine\u00a0sous garantie dans un d\u00e9lai maximum de quatre jours et, pour\u00a0les machines hors garantie, de sept jours d\u00e8s r\u00e9ception de\u00a0celles-ci.<\/p>\n","protected":false},"excerpt":{"rendered":"<p>\u00a0Le SAV En 2006 SERVISIMA est cr\u00e9e. SERVISIMA s&rsquo; occupe de r\u00e9soudre\u00a0les probl\u00e8mes caus\u00e9s par les pannes, hors et sous garantie. De\u00a0plus, SERVISIMA s\u00e9lectionne, d\u00e9signe, forme, coordonne et\u00a0maintient les points de service externes homologu\u00e9s.\u00a0SERVISIMA dispose d&rsquo; une grande vari\u00e9t\u00e9 de mat\u00e9riel graphique\u00a0pour les diff\u00e9rents mod\u00e8les de machines: vid\u00e9os, vues\u00a0\u00e9clat\u00e9es&#8230; qui contribuent \u00e0 faciliter le travail [&hellip;]<\/p>\n","protected":false},"author":1,"featured_media":6477,"parent":0,"menu_order":0,"comment_status":"closed","ping_status":"closed","template":"template-tipo.php","meta":{"_acf_changed":false,"footnotes":""},"class_list":["post-1128","page","type-page","status-publish","has-post-thumbnail","hentry"],"acf":[],"yoast_head":"<!-- This site is optimized with the Yoast SEO plugin v27.4 - https:\/\/yoast.com\/product\/yoast-seo-wordpress\/ -->\n<title>SERVI-SIMA | Sima<\/title>\n<meta name=\"robots\" content=\"index, follow, max-snippet:-1, max-image-preview:large, max-video-preview:-1\" \/>\n<link rel=\"canonical\" href=\"https:\/\/www.simasa.com\/fr\/post-venta\/\" \/>\n<meta property=\"og:locale\" content=\"fr_FR\" \/>\n<meta property=\"og:type\" content=\"article\" \/>\n<meta property=\"og:title\" content=\"SERVI-SIMA | Sima\" \/>\n<meta property=\"og:description\" content=\"\u00a0Le SAV En 2006 SERVISIMA est cr\u00e9e. SERVISIMA s&rsquo; occupe de r\u00e9soudre\u00a0les probl\u00e8mes caus\u00e9s par les pannes, hors et sous garantie. De\u00a0plus, SERVISIMA s\u00e9lectionne, d\u00e9signe, forme, coordonne et\u00a0maintient les points de service externes homologu\u00e9s.\u00a0SERVISIMA dispose d&rsquo; une grande vari\u00e9t\u00e9 de mat\u00e9riel graphique\u00a0pour les diff\u00e9rents mod\u00e8les de machines: vid\u00e9os, vues\u00a0\u00e9clat\u00e9es&#8230; qui contribuent \u00e0 faciliter le travail [&hellip;]\" \/>\n<meta property=\"og:url\" content=\"https:\/\/www.simasa.com\/fr\/post-venta\/\" \/>\n<meta property=\"og:site_name\" content=\"Sima\" \/>\n<meta property=\"article:modified_time\" content=\"2018-01-17T17:17:12+00:00\" \/>\n<meta property=\"og:image\" content=\"https:\/\/www.simasa.com\/wp-content\/uploads\/2016\/03\/PostVenta_1-2.jpg\" \/>\n\t<meta property=\"og:image:width\" content=\"1800\" \/>\n\t<meta property=\"og:image:height\" content=\"771\" \/>\n\t<meta property=\"og:image:type\" content=\"image\/jpeg\" \/>\n<meta name=\"twitter:card\" content=\"summary_large_image\" \/>\n<meta name=\"twitter:label1\" content=\"Dur\u00e9e de lecture estim\u00e9e\" \/>\n\t<meta name=\"twitter:data1\" content=\"2 minutes\" \/>\n<script type=\"application\/ld+json\" class=\"yoast-schema-graph\">{\"@context\":\"https:\\\/\\\/schema.org\",\"@graph\":[{\"@type\":\"WebPage\",\"@id\":\"https:\\\/\\\/www.simasa.com\\\/fr\\\/post-venta\\\/\",\"url\":\"https:\\\/\\\/www.simasa.com\\\/fr\\\/post-venta\\\/\",\"name\":\"SERVI-SIMA | Sima\",\"isPartOf\":{\"@id\":\"https:\\\/\\\/www.simasa.com\\\/fr\\\/#website\"},\"primaryImageOfPage\":{\"@id\":\"https:\\\/\\\/www.simasa.com\\\/fr\\\/post-venta\\\/#primaryimage\"},\"image\":{\"@id\":\"https:\\\/\\\/www.simasa.com\\\/fr\\\/post-venta\\\/#primaryimage\"},\"thumbnailUrl\":\"https:\\\/\\\/www.simasa.com\\\/wp-content\\\/uploads\\\/2016\\\/03\\\/PostVenta_1-2.jpg\",\"datePublished\":\"2016-03-16T15:39:24+00:00\",\"dateModified\":\"2018-01-17T17:17:12+00:00\",\"breadcrumb\":{\"@id\":\"https:\\\/\\\/www.simasa.com\\\/fr\\\/post-venta\\\/#breadcrumb\"},\"inLanguage\":\"fr-FR\",\"potentialAction\":[{\"@type\":\"ReadAction\",\"target\":[\"https:\\\/\\\/www.simasa.com\\\/fr\\\/post-venta\\\/\"]}]},{\"@type\":\"ImageObject\",\"inLanguage\":\"fr-FR\",\"@id\":\"https:\\\/\\\/www.simasa.com\\\/fr\\\/post-venta\\\/#primaryimage\",\"url\":\"https:\\\/\\\/www.simasa.com\\\/wp-content\\\/uploads\\\/2016\\\/03\\\/PostVenta_1-2.jpg\",\"contentUrl\":\"https:\\\/\\\/www.simasa.com\\\/wp-content\\\/uploads\\\/2016\\\/03\\\/PostVenta_1-2.jpg\",\"width\":1800,\"height\":771},{\"@type\":\"BreadcrumbList\",\"@id\":\"https:\\\/\\\/www.simasa.com\\\/fr\\\/post-venta\\\/#breadcrumb\",\"itemListElement\":[{\"@type\":\"ListItem\",\"position\":1,\"name\":\"Inicio\",\"item\":\"https:\\\/\\\/www.simasa.com\\\/fr\\\/\"},{\"@type\":\"ListItem\",\"position\":2,\"name\":\"SERVI-SIMA\"}]},{\"@type\":\"WebSite\",\"@id\":\"https:\\\/\\\/www.simasa.com\\\/fr\\\/#website\",\"url\":\"https:\\\/\\\/www.simasa.com\\\/fr\\\/\",\"name\":\"Sima\",\"description\":\"Fabricantes de maquinaria para la construcci\u00f3n\",\"publisher\":{\"@id\":\"https:\\\/\\\/www.simasa.com\\\/fr\\\/#organization\"},\"potentialAction\":[{\"@type\":\"SearchAction\",\"target\":{\"@type\":\"EntryPoint\",\"urlTemplate\":\"https:\\\/\\\/www.simasa.com\\\/fr\\\/?s={search_term_string}\"},\"query-input\":{\"@type\":\"PropertyValueSpecification\",\"valueRequired\":true,\"valueName\":\"search_term_string\"}}],\"inLanguage\":\"fr-FR\"},{\"@type\":\"Organization\",\"@id\":\"https:\\\/\\\/www.simasa.com\\\/fr\\\/#organization\",\"name\":\"Sima\",\"url\":\"https:\\\/\\\/www.simasa.com\\\/fr\\\/\",\"logo\":{\"@type\":\"ImageObject\",\"inLanguage\":\"fr-FR\",\"@id\":\"https:\\\/\\\/www.simasa.com\\\/fr\\\/#\\\/schema\\\/logo\\\/image\\\/\",\"url\":\"https:\\\/\\\/www.simasa.com\\\/wp-content\\\/uploads\\\/2016\\\/03\\\/logo-1.jpg\",\"contentUrl\":\"https:\\\/\\\/www.simasa.com\\\/wp-content\\\/uploads\\\/2016\\\/03\\\/logo-1.jpg\",\"width\":121,\"height\":54,\"caption\":\"Sima\"},\"image\":{\"@id\":\"https:\\\/\\\/www.simasa.com\\\/fr\\\/#\\\/schema\\\/logo\\\/image\\\/\"}}]}<\/script>\n<!-- \/ Yoast SEO plugin. -->","yoast_head_json":{"title":"SERVI-SIMA | Sima","robots":{"index":"index","follow":"follow","max-snippet":"max-snippet:-1","max-image-preview":"max-image-preview:large","max-video-preview":"max-video-preview:-1"},"canonical":"https:\/\/www.simasa.com\/fr\/post-venta\/","og_locale":"fr_FR","og_type":"article","og_title":"SERVI-SIMA | Sima","og_description":"\u00a0Le SAV En 2006 SERVISIMA est cr\u00e9e. SERVISIMA s&rsquo; occupe de r\u00e9soudre\u00a0les probl\u00e8mes caus\u00e9s par les pannes, hors et sous garantie. De\u00a0plus, SERVISIMA s\u00e9lectionne, d\u00e9signe, forme, coordonne et\u00a0maintient les points de service externes homologu\u00e9s.\u00a0SERVISIMA dispose d&rsquo; une grande vari\u00e9t\u00e9 de mat\u00e9riel graphique\u00a0pour les diff\u00e9rents mod\u00e8les de machines: vid\u00e9os, vues\u00a0\u00e9clat\u00e9es&#8230; qui contribuent \u00e0 faciliter le travail [&hellip;]","og_url":"https:\/\/www.simasa.com\/fr\/post-venta\/","og_site_name":"Sima","article_modified_time":"2018-01-17T17:17:12+00:00","og_image":[{"width":1800,"height":771,"url":"https:\/\/www.simasa.com\/wp-content\/uploads\/2016\/03\/PostVenta_1-2.jpg","type":"image\/jpeg"}],"twitter_card":"summary_large_image","twitter_misc":{"Dur\u00e9e de lecture estim\u00e9e":"2 minutes"},"schema":{"@context":"https:\/\/schema.org","@graph":[{"@type":"WebPage","@id":"https:\/\/www.simasa.com\/fr\/post-venta\/","url":"https:\/\/www.simasa.com\/fr\/post-venta\/","name":"SERVI-SIMA | Sima","isPartOf":{"@id":"https:\/\/www.simasa.com\/fr\/#website"},"primaryImageOfPage":{"@id":"https:\/\/www.simasa.com\/fr\/post-venta\/#primaryimage"},"image":{"@id":"https:\/\/www.simasa.com\/fr\/post-venta\/#primaryimage"},"thumbnailUrl":"https:\/\/www.simasa.com\/wp-content\/uploads\/2016\/03\/PostVenta_1-2.jpg","datePublished":"2016-03-16T15:39:24+00:00","dateModified":"2018-01-17T17:17:12+00:00","breadcrumb":{"@id":"https:\/\/www.simasa.com\/fr\/post-venta\/#breadcrumb"},"inLanguage":"fr-FR","potentialAction":[{"@type":"ReadAction","target":["https:\/\/www.simasa.com\/fr\/post-venta\/"]}]},{"@type":"ImageObject","inLanguage":"fr-FR","@id":"https:\/\/www.simasa.com\/fr\/post-venta\/#primaryimage","url":"https:\/\/www.simasa.com\/wp-content\/uploads\/2016\/03\/PostVenta_1-2.jpg","contentUrl":"https:\/\/www.simasa.com\/wp-content\/uploads\/2016\/03\/PostVenta_1-2.jpg","width":1800,"height":771},{"@type":"BreadcrumbList","@id":"https:\/\/www.simasa.com\/fr\/post-venta\/#breadcrumb","itemListElement":[{"@type":"ListItem","position":1,"name":"Inicio","item":"https:\/\/www.simasa.com\/fr\/"},{"@type":"ListItem","position":2,"name":"SERVI-SIMA"}]},{"@type":"WebSite","@id":"https:\/\/www.simasa.com\/fr\/#website","url":"https:\/\/www.simasa.com\/fr\/","name":"Sima","description":"Fabricantes de maquinaria para la construcci\u00f3n","publisher":{"@id":"https:\/\/www.simasa.com\/fr\/#organization"},"potentialAction":[{"@type":"SearchAction","target":{"@type":"EntryPoint","urlTemplate":"https:\/\/www.simasa.com\/fr\/?s={search_term_string}"},"query-input":{"@type":"PropertyValueSpecification","valueRequired":true,"valueName":"search_term_string"}}],"inLanguage":"fr-FR"},{"@type":"Organization","@id":"https:\/\/www.simasa.com\/fr\/#organization","name":"Sima","url":"https:\/\/www.simasa.com\/fr\/","logo":{"@type":"ImageObject","inLanguage":"fr-FR","@id":"https:\/\/www.simasa.com\/fr\/#\/schema\/logo\/image\/","url":"https:\/\/www.simasa.com\/wp-content\/uploads\/2016\/03\/logo-1.jpg","contentUrl":"https:\/\/www.simasa.com\/wp-content\/uploads\/2016\/03\/logo-1.jpg","width":121,"height":54,"caption":"Sima"},"image":{"@id":"https:\/\/www.simasa.com\/fr\/#\/schema\/logo\/image\/"}}]}},"_links":{"self":[{"href":"https:\/\/www.simasa.com\/fr\/wp-json\/wp\/v2\/pages\/1128","targetHints":{"allow":["GET"]}}],"collection":[{"href":"https:\/\/www.simasa.com\/fr\/wp-json\/wp\/v2\/pages"}],"about":[{"href":"https:\/\/www.simasa.com\/fr\/wp-json\/wp\/v2\/types\/page"}],"author":[{"embeddable":true,"href":"https:\/\/www.simasa.com\/fr\/wp-json\/wp\/v2\/users\/1"}],"replies":[{"embeddable":true,"href":"https:\/\/www.simasa.com\/fr\/wp-json\/wp\/v2\/comments?post=1128"}],"version-history":[{"count":4,"href":"https:\/\/www.simasa.com\/fr\/wp-json\/wp\/v2\/pages\/1128\/revisions"}],"predecessor-version":[{"id":9507,"href":"https:\/\/www.simasa.com\/fr\/wp-json\/wp\/v2\/pages\/1128\/revisions\/9507"}],"wp:featuredmedia":[{"embeddable":true,"href":"https:\/\/www.simasa.com\/fr\/wp-json\/wp\/v2\/media\/6477"}],"wp:attachment":[{"href":"https:\/\/www.simasa.com\/fr\/wp-json\/wp\/v2\/media?parent=1128"}],"curies":[{"name":"wp","href":"https:\/\/api.w.org\/{rel}","templated":true}]}}