{"id":8191,"date":"2017-11-16T17:56:45","date_gmt":"2017-12-23T18:31:34","guid":{"rendered":"https:\/\/www.simasa.com\/?post_type=product&#038;p=8191"},"modified":"2017-12-25T20:11:56","modified_gmt":"2017-12-25T20:11:56","slug":"cobra-50-mekano","status":"publish","type":"product","link":"https:\/\/www.simasa.com\/en\/producto\/cobra-50-mekano\/","title":{"rendered":"COBRA 50 MEKANO"},"content":{"rendered":"<p>The pioneering MEKANO concept from <strong>SIMA<\/strong> implies that the machines designed under the MEKANO concept have many parts in common, its components being compatible with all models.<\/p>\n<p>The <strong>COBRA Mekano<\/strong> is a fast and all-round pavement cutting machine, <strong>lightweight and easy to handle<\/strong>, which can operate with blades from \u00d8350 mm (14&#8243;) up to \u00d8500 mm (20&#8243;) size. Its innovative design allows a relevant reduction of both, the number of maintenance services and the time spent of each maintenance, which is 80% below as compared to any other conventional cutter. This obviously means a <strong>considerable reduction in maintenance costs<\/strong>.<\/p>\n<p>For this reason, it is a very convenient machine for rentals. As in <strong>COBRA 30 \/ 35 PRO<\/strong>, the height adjustment is performed with a pneumatic gas shock absorber operated from a trigger in the handlebar.<\/p>\n<p>Likewise, the transmission is efficiently performed by a Poly-V belt. This belt has a better grip and resistance and does not need to operate as tight as a conventional A or B type V-belt.<\/p>\n<p>&nbsp;<\/p>\n<p><strong>Lightweight and Nimble:<\/strong><\/p>\n<ul>\n<li>Both the 40 and 50 models are designed to use bigger diamond blades.<\/li>\n<li>The COBRA 40 Mekano can operate with \u00d8350 mm (14&#8243;) and \u00d8400 mm (16&#8243;) blades, reaching up to 132 mm ( 5.2&#8243;) cutting depth. The COBRA Mekano 50 can operate with \u00d8450 mm (18&#8243;) and \u00d8500 mm (20&#8243;) blades, which reach a maximum cutting depth of up to 182 mm (7.1&#8243;).<\/li>\n<li>Strong and long lasting, with an improved motor performance and a smoother running.<\/li>\n<li>A variety of motors are available for both models, up to 14 Hp and with the possibility of a cyclone air filter motor.<\/li>\n<\/ul>\n<p><img loading=\"lazy\" decoding=\"async\" class=\"alignnone wp-image-8206 size-full\" src=\"https:\/\/www.simasa.com\/wp-content\/uploads\/2017\/12\/features-cobra.jpg\" alt=\"\" width=\"1119\" height=\"496\" srcset=\"https:\/\/www.simasa.com\/wp-content\/uploads\/2017\/12\/features-cobra.jpg 1119w, https:\/\/www.simasa.com\/wp-content\/uploads\/2017\/12\/features-cobra-416x184.jpg 416w\" sizes=\"auto, (max-width: 1119px) 100vw, 1119px\" \/><\/p>\n<p>&nbsp;<\/p>\n<p><img loading=\"lazy\" decoding=\"async\" class=\"alignnone wp-image-8202 size-full\" src=\"https:\/\/www.simasa.com\/wp-content\/uploads\/2017\/12\/cutting-depth-cobra.jpg\" alt=\"\" width=\"1124\" height=\"210\" srcset=\"https:\/\/www.simasa.com\/wp-content\/uploads\/2017\/12\/cutting-depth-cobra.jpg 1124w, https:\/\/www.simasa.com\/wp-content\/uploads\/2017\/12\/cutting-depth-cobra-416x78.jpg 416w\" sizes=\"auto, (max-width: 1124px) 100vw, 1124px\" \/><\/p>\n<p>&nbsp;<\/p>\n<p><img loading=\"lazy\" decoding=\"async\" class=\"alignnone wp-image-8239 size-full\" src=\"https:\/\/www.simasa.com\/wp-content\/uploads\/2017\/12\/tabla-cobra-50.jpg\" alt=\"\" width=\"1125\" height=\"310\" srcset=\"https:\/\/www.simasa.com\/wp-content\/uploads\/2017\/12\/tabla-cobra-50.jpg 1125w, https:\/\/www.simasa.com\/wp-content\/uploads\/2017\/12\/tabla-cobra-50-416x115.jpg 416w\" sizes=\"auto, (max-width: 1125px) 100vw, 1125px\" \/><\/p>\n<p>&nbsp;<\/p>\n<p><iframe loading=\"lazy\" src=\"https:\/\/www.youtube.com\/embed\/eUlPoj-2foA\" width=\"945\" height=\"540\" frameborder=\"0\" allowfullscreen=\"allowfullscreen\" data-mce-fragment=\"1\"><\/iframe><\/p>\n","protected":false},"excerpt":{"rendered":"<p>The <strong>COBRA Mekano 50<\/strong> can operate with \u00d8450 mm (18&#8243;) and \u00d8500 mm (20&#8243;) blades, which reach a maximum cutting depth of up to 182 mm (7.1&#8243;).<\/p>\n","protected":false},"featured_media":6363,"comment_status":"open","ping_status":"closed","template":"","meta":{"_acf_changed":false},"product_brand":[],"product_cat":[1840],"product_tag":[],"class_list":{"0":"post-8191","1":"product","2":"type-product","3":"status-publish","4":"has-post-thumbnail","6":"product_cat-floor-saws","7":"pa_max-blade-diameter-mm-3752","8":"pa_max-cutting-depth-mm-3901","9":"pa_power-gasoline","11":"first","12":"instock","13":"shipping-taxable","14":"product-type-simple"},"acf":[],"yoast_head":"<!-- This site is optimized with the Yoast SEO plugin v27.2 - https:\/\/yoast.com\/product\/yoast-seo-wordpress\/ -->\n<title>- COBRA 50 MEKANO | Sima<\/title>\n<meta name=\"description\" content=\"COBRA 50 MEKANO. The COBRA Mekano 50 can operate with \u00d8450 mm (18&quot;) and \u00d8500 mm (20&quot;) blades, which reach a maximum cutting depth of up to 182 mm (7.1&quot;).\" \/>\n<meta name=\"robots\" content=\"noindex, follow\" \/>\n<meta property=\"og:locale\" content=\"en_US\" \/>\n<meta property=\"og:type\" content=\"article\" \/>\n<meta property=\"og:title\" content=\"- COBRA 50 MEKANO | Sima\" \/>\n<meta property=\"og:description\" content=\"COBRA 50 MEKANO. The COBRA Mekano 50 can operate with \u00d8450 mm (18&quot;) and \u00d8500 mm (20&quot;) blades, which reach a maximum cutting depth of up to 182 mm (7.1&quot;).\" \/>\n<meta property=\"og:url\" content=\"https:\/\/www.simasa.com\/en\/producto\/cobra-50-mekano\/\" \/>\n<meta property=\"og:site_name\" content=\"Sima\" \/>\n<meta property=\"article:modified_time\" content=\"2017-12-25T20:11:56+00:00\" \/>\n<meta property=\"og:image\" content=\"https:\/\/www.simasa.com\/wp-content\/uploads\/2016\/04\/SIMA-Cobra-40-Mekano-1.jpg\" \/>\n\t<meta property=\"og:image:width\" content=\"1211\" \/>\n\t<meta property=\"og:image:height\" content=\"1211\" \/>\n\t<meta property=\"og:image:type\" content=\"image\/jpeg\" \/>\n<meta name=\"twitter:card\" content=\"summary_large_image\" \/>\n<meta name=\"twitter:label1\" content=\"Est. reading time\" \/>\n\t<meta name=\"twitter:data1\" content=\"1 minute\" \/>\n<script type=\"application\/ld+json\" class=\"yoast-schema-graph\">{\"@context\":\"https:\/\/schema.org\",\"@graph\":[{\"@type\":\"WebPage\",\"@id\":\"https:\/\/www.simasa.com\/en\/producto\/cobra-50-mekano\/\",\"url\":\"https:\/\/www.simasa.com\/en\/producto\/cobra-50-mekano\/\",\"name\":\"- COBRA 50 MEKANO | Sima\",\"isPartOf\":{\"@id\":\"https:\/\/www.simasa.com\/en\/#website\"},\"primaryImageOfPage\":{\"@id\":\"https:\/\/www.simasa.com\/en\/producto\/cobra-50-mekano\/#primaryimage\"},\"image\":{\"@id\":\"https:\/\/www.simasa.com\/en\/producto\/cobra-50-mekano\/#primaryimage\"},\"thumbnailUrl\":\"https:\/\/www.simasa.com\/wp-content\/uploads\/2016\/04\/SIMA-Cobra-40-Mekano-1.jpg\",\"datePublished\":\"2017-12-23T18:31:34+00:00\",\"dateModified\":\"2017-12-25T20:11:56+00:00\",\"description\":\"COBRA 50 MEKANO. The COBRA Mekano 50 can operate with \u00d8450 mm (18\\\") and \u00d8500 mm (20\\\") blades, which reach a maximum cutting depth of up to 182 mm (7.1\\\").\",\"breadcrumb\":{\"@id\":\"https:\/\/www.simasa.com\/en\/producto\/cobra-50-mekano\/#breadcrumb\"},\"inLanguage\":\"en-US\",\"potentialAction\":[{\"@type\":\"ReadAction\",\"target\":[\"https:\/\/www.simasa.com\/en\/producto\/cobra-50-mekano\/\"]}]},{\"@type\":\"ImageObject\",\"inLanguage\":\"en-US\",\"@id\":\"https:\/\/www.simasa.com\/en\/producto\/cobra-50-mekano\/#primaryimage\",\"url\":\"https:\/\/www.simasa.com\/wp-content\/uploads\/2016\/04\/SIMA-Cobra-40-Mekano-1.jpg\",\"contentUrl\":\"https:\/\/www.simasa.com\/wp-content\/uploads\/2016\/04\/SIMA-Cobra-40-Mekano-1.jpg\",\"width\":1211,\"height\":1211},{\"@type\":\"BreadcrumbList\",\"@id\":\"https:\/\/www.simasa.com\/en\/producto\/cobra-50-mekano\/#breadcrumb\",\"itemListElement\":[{\"@type\":\"ListItem\",\"position\":1,\"name\":\"Inicio\",\"item\":\"https:\/\/www.simasa.com\/en\/\"},{\"@type\":\"ListItem\",\"position\":2,\"name\":\"Catalogue\",\"item\":\"https:\/\/www.simasa.com\/en\/catalog-sima\/\"},{\"@type\":\"ListItem\",\"position\":3,\"name\":\"COBRA 50 MEKANO\"}]},{\"@type\":\"WebSite\",\"@id\":\"https:\/\/www.simasa.com\/en\/#website\",\"url\":\"https:\/\/www.simasa.com\/en\/\",\"name\":\"Sima\",\"description\":\"Fabricantes de maquinaria para la construcci\u00f3n\",\"publisher\":{\"@id\":\"https:\/\/www.simasa.com\/en\/#organization\"},\"potentialAction\":[{\"@type\":\"SearchAction\",\"target\":{\"@type\":\"EntryPoint\",\"urlTemplate\":\"https:\/\/www.simasa.com\/en\/?s={search_term_string}\"},\"query-input\":{\"@type\":\"PropertyValueSpecification\",\"valueRequired\":true,\"valueName\":\"search_term_string\"}}],\"inLanguage\":\"en-US\"},{\"@type\":\"Organization\",\"@id\":\"https:\/\/www.simasa.com\/en\/#organization\",\"name\":\"Sima\",\"url\":\"https:\/\/www.simasa.com\/en\/\",\"logo\":{\"@type\":\"ImageObject\",\"inLanguage\":\"en-US\",\"@id\":\"https:\/\/www.simasa.com\/en\/#\/schema\/logo\/image\/\",\"url\":\"https:\/\/www.simasa.com\/wp-content\/uploads\/2016\/03\/logo-1.jpg\",\"contentUrl\":\"https:\/\/www.simasa.com\/wp-content\/uploads\/2016\/03\/logo-1.jpg\",\"width\":121,\"height\":54,\"caption\":\"Sima\"},\"image\":{\"@id\":\"https:\/\/www.simasa.com\/en\/#\/schema\/logo\/image\/\"}}]}<\/script>\n<!-- \/ Yoast SEO plugin. -->","yoast_head_json":{"title":"- COBRA 50 MEKANO | Sima","description":"COBRA 50 MEKANO. The COBRA Mekano 50 can operate with \u00d8450 mm (18\") and \u00d8500 mm (20\") blades, which reach a maximum cutting depth of up to 182 mm (7.1\").","robots":{"index":"noindex","follow":"follow"},"og_locale":"en_US","og_type":"article","og_title":"- COBRA 50 MEKANO | Sima","og_description":"COBRA 50 MEKANO. The COBRA Mekano 50 can operate with \u00d8450 mm (18\") and \u00d8500 mm (20\") blades, which reach a maximum cutting depth of up to 182 mm (7.1\").","og_url":"https:\/\/www.simasa.com\/en\/producto\/cobra-50-mekano\/","og_site_name":"Sima","article_modified_time":"2017-12-25T20:11:56+00:00","og_image":[{"width":1211,"height":1211,"url":"https:\/\/www.simasa.com\/wp-content\/uploads\/2016\/04\/SIMA-Cobra-40-Mekano-1.jpg","type":"image\/jpeg"}],"twitter_card":"summary_large_image","twitter_misc":{"Est. reading time":"1 minute"},"schema":{"@context":"https:\/\/schema.org","@graph":[{"@type":"WebPage","@id":"https:\/\/www.simasa.com\/en\/producto\/cobra-50-mekano\/","url":"https:\/\/www.simasa.com\/en\/producto\/cobra-50-mekano\/","name":"- COBRA 50 MEKANO | Sima","isPartOf":{"@id":"https:\/\/www.simasa.com\/en\/#website"},"primaryImageOfPage":{"@id":"https:\/\/www.simasa.com\/en\/producto\/cobra-50-mekano\/#primaryimage"},"image":{"@id":"https:\/\/www.simasa.com\/en\/producto\/cobra-50-mekano\/#primaryimage"},"thumbnailUrl":"https:\/\/www.simasa.com\/wp-content\/uploads\/2016\/04\/SIMA-Cobra-40-Mekano-1.jpg","datePublished":"2017-12-23T18:31:34+00:00","dateModified":"2017-12-25T20:11:56+00:00","description":"COBRA 50 MEKANO. The COBRA Mekano 50 can operate with \u00d8450 mm (18\") and \u00d8500 mm (20\") blades, which reach a maximum cutting depth of up to 182 mm (7.1\").","breadcrumb":{"@id":"https:\/\/www.simasa.com\/en\/producto\/cobra-50-mekano\/#breadcrumb"},"inLanguage":"en-US","potentialAction":[{"@type":"ReadAction","target":["https:\/\/www.simasa.com\/en\/producto\/cobra-50-mekano\/"]}]},{"@type":"ImageObject","inLanguage":"en-US","@id":"https:\/\/www.simasa.com\/en\/producto\/cobra-50-mekano\/#primaryimage","url":"https:\/\/www.simasa.com\/wp-content\/uploads\/2016\/04\/SIMA-Cobra-40-Mekano-1.jpg","contentUrl":"https:\/\/www.simasa.com\/wp-content\/uploads\/2016\/04\/SIMA-Cobra-40-Mekano-1.jpg","width":1211,"height":1211},{"@type":"BreadcrumbList","@id":"https:\/\/www.simasa.com\/en\/producto\/cobra-50-mekano\/#breadcrumb","itemListElement":[{"@type":"ListItem","position":1,"name":"Inicio","item":"https:\/\/www.simasa.com\/en\/"},{"@type":"ListItem","position":2,"name":"Catalogue","item":"https:\/\/www.simasa.com\/en\/catalog-sima\/"},{"@type":"ListItem","position":3,"name":"COBRA 50 MEKANO"}]},{"@type":"WebSite","@id":"https:\/\/www.simasa.com\/en\/#website","url":"https:\/\/www.simasa.com\/en\/","name":"Sima","description":"Fabricantes de maquinaria para la construcci\u00f3n","publisher":{"@id":"https:\/\/www.simasa.com\/en\/#organization"},"potentialAction":[{"@type":"SearchAction","target":{"@type":"EntryPoint","urlTemplate":"https:\/\/www.simasa.com\/en\/?s={search_term_string}"},"query-input":{"@type":"PropertyValueSpecification","valueRequired":true,"valueName":"search_term_string"}}],"inLanguage":"en-US"},{"@type":"Organization","@id":"https:\/\/www.simasa.com\/en\/#organization","name":"Sima","url":"https:\/\/www.simasa.com\/en\/","logo":{"@type":"ImageObject","inLanguage":"en-US","@id":"https:\/\/www.simasa.com\/en\/#\/schema\/logo\/image\/","url":"https:\/\/www.simasa.com\/wp-content\/uploads\/2016\/03\/logo-1.jpg","contentUrl":"https:\/\/www.simasa.com\/wp-content\/uploads\/2016\/03\/logo-1.jpg","width":121,"height":54,"caption":"Sima"},"image":{"@id":"https:\/\/www.simasa.com\/en\/#\/schema\/logo\/image\/"}}]}},"_links":{"self":[{"href":"https:\/\/www.simasa.com\/en\/wp-json\/wp\/v2\/product\/8191","targetHints":{"allow":["GET"]}}],"collection":[{"href":"https:\/\/www.simasa.com\/en\/wp-json\/wp\/v2\/product"}],"about":[{"href":"https:\/\/www.simasa.com\/en\/wp-json\/wp\/v2\/types\/product"}],"replies":[{"embeddable":true,"href":"https:\/\/www.simasa.com\/en\/wp-json\/wp\/v2\/comments?post=8191"}],"wp:featuredmedia":[{"embeddable":true,"href":"https:\/\/www.simasa.com\/en\/wp-json\/wp\/v2\/media\/6363"}],"wp:attachment":[{"href":"https:\/\/www.simasa.com\/en\/wp-json\/wp\/v2\/media?parent=8191"}],"wp:term":[{"taxonomy":"product_brand","embeddable":true,"href":"https:\/\/www.simasa.com\/en\/wp-json\/wp\/v2\/product_brand?post=8191"},{"taxonomy":"product_cat","embeddable":true,"href":"https:\/\/www.simasa.com\/en\/wp-json\/wp\/v2\/product_cat?post=8191"},{"taxonomy":"product_tag","embeddable":true,"href":"https:\/\/www.simasa.com\/en\/wp-json\/wp\/v2\/product_tag?post=8191"}],"curies":[{"name":"wp","href":"https:\/\/api.w.org\/{rel}","templated":true}]}}